{"id":1111,"date":"2015-01-16T18:36:19","date_gmt":"2015-01-16T16:36:19","guid":{"rendered":"https:\/\/blogit.gradia.fi\/sahkonet\/?page_id=1111"},"modified":"2015-01-16T19:23:40","modified_gmt":"2015-01-16T17:23:40","slug":"seot10-erilaiset-valonlahteet","status":"publish","type":"page","link":"https:\/\/blogit.gradia.fi\/sahkonet\/sahko-ja-energiatekniikka\/oppimistehtavat\/sahkoasennustekniikka-ja-laiteasennukset\/seot10-erilaiset-valonlahteet\/","title":{"rendered":"SEOT10, Erilaiset valonl\u00e4hteet"},"content":{"rendered":"","protected":false},"excerpt":{"rendered":"","protected":false},"author":153,"featured_media":0,"parent":193,"menu_order":4,"comment_status":"closed","ping_status":"closed","template":"","meta":{"_uag_custom_page_level_css":"","footnotes":""},"class_list":["post-1111","page","type-page","status-publish","hentry"],"yoast_head":"<!-- This site is optimized with the Yoast SEO plugin v27.4 - https:\/\/yoast.com\/product\/yoast-seo-wordpress\/ -->\n<title>SEOT10, Erilaiset valonl\u00e4hteet - S\u00e4hk\u00f6Net<\/title>\n<meta name=\"robots\" content=\"index, follow, max-snippet:-1, max-image-preview:large, max-video-preview:-1\" \/>\n<link rel=\"canonical\" href=\"https:\/\/blogit.gradia.fi\/sahkonet\/sahko-ja-energiatekniikka\/oppimistehtavat\/sahkoasennustekniikka-ja-laiteasennukset\/seot10-erilaiset-valonlahteet\/\" \/>\n<meta property=\"og:locale\" content=\"fi_FI\" \/>\n<meta property=\"og:type\" content=\"article\" \/>\n<meta property=\"og:title\" content=\"SEOT10, Erilaiset valonl\u00e4hteet - S\u00e4hk\u00f6Net\" \/>\n<meta property=\"og:url\" content=\"https:\/\/blogit.gradia.fi\/sahkonet\/sahko-ja-energiatekniikka\/oppimistehtavat\/sahkoasennustekniikka-ja-laiteasennukset\/seot10-erilaiset-valonlahteet\/\" \/>\n<meta property=\"og:site_name\" content=\"S\u00e4hk\u00f6Net\" \/>\n<meta property=\"article:modified_time\" content=\"2015-01-16T17:23:40+00:00\" \/>\n<meta name=\"twitter:card\" content=\"summary_large_image\" \/>\n<script type=\"application\/ld+json\" class=\"yoast-schema-graph\">{\"@context\":\"https:\\\/\\\/schema.org\",\"@graph\":[{\"@type\":\"WebPage\",\"@id\":\"https:\\\/\\\/blogit.gradia.fi\\\/sahkonet\\\/sahko-ja-energiatekniikka\\\/oppimistehtavat\\\/sahkoasennustekniikka-ja-laiteasennukset\\\/seot10-erilaiset-valonlahteet\\\/\",\"url\":\"https:\\\/\\\/blogit.gradia.fi\\\/sahkonet\\\/sahko-ja-energiatekniikka\\\/oppimistehtavat\\\/sahkoasennustekniikka-ja-laiteasennukset\\\/seot10-erilaiset-valonlahteet\\\/\",\"name\":\"SEOT10, Erilaiset valonl\u00e4hteet - S\u00e4hk\u00f6Net\",\"isPartOf\":{\"@id\":\"https:\\\/\\\/blogit.gradia.fi\\\/sahkonet\\\/#website\"},\"datePublished\":\"2015-01-16T16:36:19+00:00\",\"dateModified\":\"2015-01-16T17:23:40+00:00\",\"breadcrumb\":{\"@id\":\"https:\\\/\\\/blogit.gradia.fi\\\/sahkonet\\\/sahko-ja-energiatekniikka\\\/oppimistehtavat\\\/sahkoasennustekniikka-ja-laiteasennukset\\\/seot10-erilaiset-valonlahteet\\\/#breadcrumb\"},\"inLanguage\":\"fi\",\"potentialAction\":[{\"@type\":\"ReadAction\",\"target\":[\"https:\\\/\\\/blogit.gradia.fi\\\/sahkonet\\\/sahko-ja-energiatekniikka\\\/oppimistehtavat\\\/sahkoasennustekniikka-ja-laiteasennukset\\\/seot10-erilaiset-valonlahteet\\\/\"]}]},{\"@type\":\"BreadcrumbList\",\"@id\":\"https:\\\/\\\/blogit.gradia.fi\\\/sahkonet\\\/sahko-ja-energiatekniikka\\\/oppimistehtavat\\\/sahkoasennustekniikka-ja-laiteasennukset\\\/seot10-erilaiset-valonlahteet\\\/#breadcrumb\",\"itemListElement\":[{\"@type\":\"ListItem\",\"position\":1,\"name\":\"S\u00e4hk\u00f6- ja energiatekniikka (20ov)\",\"item\":\"https:\\\/\\\/blogit.gradia.fi\\\/sahkonet\\\/sahko-ja-energiatekniikka\\\/\"},{\"@type\":\"ListItem\",\"position\":2,\"name\":\"Oppimisteht\u00e4v\u00e4t\",\"item\":\"https:\\\/\\\/blogit.gradia.fi\\\/sahkonet\\\/sahko-ja-energiatekniikka\\\/oppimistehtavat\\\/\"},{\"@type\":\"ListItem\",\"position\":3,\"name\":\"S\u00e4hk\u00f6asennustekniikka ja -laiteasennukset\",\"item\":\"https:\\\/\\\/blogit.gradia.fi\\\/sahkonet\\\/sahko-ja-energiatekniikka\\\/oppimistehtavat\\\/sahkoasennustekniikka-ja-laiteasennukset\\\/\"},{\"@type\":\"ListItem\",\"position\":4,\"name\":\"SEOT10, Erilaiset valonl\u00e4hteet\"}]},{\"@type\":\"WebSite\",\"@id\":\"https:\\\/\\\/blogit.gradia.fi\\\/sahkonet\\\/#website\",\"url\":\"https:\\\/\\\/blogit.gradia.fi\\\/sahkonet\\\/\",\"name\":\"S\u00e4hk\u00f6Net\",\"description\":\"S\u00e4hk\u00f6- ja automaatiotekniikan perustutkinto\",\"potentialAction\":[{\"@type\":\"SearchAction\",\"target\":{\"@type\":\"EntryPoint\",\"urlTemplate\":\"https:\\\/\\\/blogit.gradia.fi\\\/sahkonet\\\/?s={search_term_string}\"},\"query-input\":{\"@type\":\"PropertyValueSpecification\",\"valueRequired\":true,\"valueName\":\"search_term_string\"}}],\"inLanguage\":\"fi\"}]}<\/script>\n<!-- \/ Yoast SEO plugin. -->","yoast_head_json":{"title":"SEOT10, Erilaiset valonl\u00e4hteet - S\u00e4hk\u00f6Net","robots":{"index":"index","follow":"follow","max-snippet":"max-snippet:-1","max-image-preview":"max-image-preview:large","max-video-preview":"max-video-preview:-1"},"canonical":"https:\/\/blogit.gradia.fi\/sahkonet\/sahko-ja-energiatekniikka\/oppimistehtavat\/sahkoasennustekniikka-ja-laiteasennukset\/seot10-erilaiset-valonlahteet\/","og_locale":"fi_FI","og_type":"article","og_title":"SEOT10, Erilaiset valonl\u00e4hteet - S\u00e4hk\u00f6Net","og_url":"https:\/\/blogit.gradia.fi\/sahkonet\/sahko-ja-energiatekniikka\/oppimistehtavat\/sahkoasennustekniikka-ja-laiteasennukset\/seot10-erilaiset-valonlahteet\/","og_site_name":"S\u00e4hk\u00f6Net","article_modified_time":"2015-01-16T17:23:40+00:00","twitter_card":"summary_large_image","schema":{"@context":"https:\/\/schema.org","@graph":[{"@type":"WebPage","@id":"https:\/\/blogit.gradia.fi\/sahkonet\/sahko-ja-energiatekniikka\/oppimistehtavat\/sahkoasennustekniikka-ja-laiteasennukset\/seot10-erilaiset-valonlahteet\/","url":"https:\/\/blogit.gradia.fi\/sahkonet\/sahko-ja-energiatekniikka\/oppimistehtavat\/sahkoasennustekniikka-ja-laiteasennukset\/seot10-erilaiset-valonlahteet\/","name":"SEOT10, Erilaiset valonl\u00e4hteet - S\u00e4hk\u00f6Net","isPartOf":{"@id":"https:\/\/blogit.gradia.fi\/sahkonet\/#website"},"datePublished":"2015-01-16T16:36:19+00:00","dateModified":"2015-01-16T17:23:40+00:00","breadcrumb":{"@id":"https:\/\/blogit.gradia.fi\/sahkonet\/sahko-ja-energiatekniikka\/oppimistehtavat\/sahkoasennustekniikka-ja-laiteasennukset\/seot10-erilaiset-valonlahteet\/#breadcrumb"},"inLanguage":"fi","potentialAction":[{"@type":"ReadAction","target":["https:\/\/blogit.gradia.fi\/sahkonet\/sahko-ja-energiatekniikka\/oppimistehtavat\/sahkoasennustekniikka-ja-laiteasennukset\/seot10-erilaiset-valonlahteet\/"]}]},{"@type":"BreadcrumbList","@id":"https:\/\/blogit.gradia.fi\/sahkonet\/sahko-ja-energiatekniikka\/oppimistehtavat\/sahkoasennustekniikka-ja-laiteasennukset\/seot10-erilaiset-valonlahteet\/#breadcrumb","itemListElement":[{"@type":"ListItem","position":1,"name":"S\u00e4hk\u00f6- ja energiatekniikka (20ov)","item":"https:\/\/blogit.gradia.fi\/sahkonet\/sahko-ja-energiatekniikka\/"},{"@type":"ListItem","position":2,"name":"Oppimisteht\u00e4v\u00e4t","item":"https:\/\/blogit.gradia.fi\/sahkonet\/sahko-ja-energiatekniikka\/oppimistehtavat\/"},{"@type":"ListItem","position":3,"name":"S\u00e4hk\u00f6asennustekniikka ja -laiteasennukset","item":"https:\/\/blogit.gradia.fi\/sahkonet\/sahko-ja-energiatekniikka\/oppimistehtavat\/sahkoasennustekniikka-ja-laiteasennukset\/"},{"@type":"ListItem","position":4,"name":"SEOT10, Erilaiset valonl\u00e4hteet"}]},{"@type":"WebSite","@id":"https:\/\/blogit.gradia.fi\/sahkonet\/#website","url":"https:\/\/blogit.gradia.fi\/sahkonet\/","name":"S\u00e4hk\u00f6Net","description":"S\u00e4hk\u00f6- ja automaatiotekniikan perustutkinto","potentialAction":[{"@type":"SearchAction","target":{"@type":"EntryPoint","urlTemplate":"https:\/\/blogit.gradia.fi\/sahkonet\/?s={search_term_string}"},"query-input":{"@type":"PropertyValueSpecification","valueRequired":true,"valueName":"search_term_string"}}],"inLanguage":"fi"}]}},"uagb_featured_image_src":{"full":false,"thumbnail":false,"medium":false,"medium_large":false,"large":false,"1536x1536":false,"2048x2048":false,"post-thumbnail":false,"twentyfourteen-full-width":false},"uagb_author_info":{"display_name":"Minna Puoliv\u00e4li","author_link":"https:\/\/blogit.gradia.fi\/sahkonet\/author\/puolimin\/"},"uagb_comment_info":0,"uagb_excerpt":null,"_links":{"self":[{"href":"https:\/\/blogit.gradia.fi\/sahkonet\/wp-json\/wp\/v2\/pages\/1111","targetHints":{"allow":["GET"]}}],"collection":[{"href":"https:\/\/blogit.gradia.fi\/sahkonet\/wp-json\/wp\/v2\/pages"}],"about":[{"href":"https:\/\/blogit.gradia.fi\/sahkonet\/wp-json\/wp\/v2\/types\/page"}],"author":[{"embeddable":true,"href":"https:\/\/blogit.gradia.fi\/sahkonet\/wp-json\/wp\/v2\/users\/153"}],"replies":[{"embeddable":true,"href":"https:\/\/blogit.gradia.fi\/sahkonet\/wp-json\/wp\/v2\/comments?post=1111"}],"version-history":[{"count":0,"href":"https:\/\/blogit.gradia.fi\/sahkonet\/wp-json\/wp\/v2\/pages\/1111\/revisions"}],"up":[{"embeddable":true,"href":"https:\/\/blogit.gradia.fi\/sahkonet\/wp-json\/wp\/v2\/pages\/193"}],"wp:attachment":[{"href":"https:\/\/blogit.gradia.fi\/sahkonet\/wp-json\/wp\/v2\/media?parent=1111"}],"curies":[{"name":"wp","href":"https:\/\/api.w.org\/{rel}","templated":true}]}}