{"id":1081,"date":"2015-01-09T13:33:57","date_gmt":"2015-01-09T11:33:57","guid":{"rendered":"https:\/\/blogit.gradia.fi\/sahkonet\/?page_id=1081"},"modified":"2017-05-02T12:00:55","modified_gmt":"2017-05-02T09:00:55","slug":"antennijarjestelman-asennus","status":"publish","type":"page","link":"https:\/\/blogit.gradia.fi\/sahkonet\/kiinteistoautomaatio\/perusteet\/lammityksen-ohjaus\/antennijarjestelman-asennus\/","title":{"rendered":"Antennij\u00e4rjestelm\u00e4n asennus"},"content":{"rendered":"<p><em><strong>Ohje<\/strong><\/em><\/p>\n<p><a href=\"https:\/\/www.youtube.com\/watch?v=rJw8-kXg4Eo\" target=\"_blank\">F-liittimen asennus (Youtube)<\/a><\/p>\n<h1>TEORIATEHT\u00c4V\u00c4T<\/h1>\n<p>1) Mit\u00e4 ovat radioaallot?<\/p>\n<p>2) M\u00e4\u00e4rittele seuraavat termit ja k\u00e4sitteet<\/p>\n<p style=\"padding-left: 30px\">a. ULA<br \/>\nb. VHF<br \/>\nc. UHF<br \/>\nd. FM<br \/>\ne. LTE suodin<br \/>\nf. DC<br \/>\ng. RF<br \/>\nh. VDC<br \/>\ni. VAC<br \/>\nj. MHz<br \/>\nk. DVB-T<br \/>\nl. DVB-C<br \/>\nm. dB<br \/>\nn. dBV<\/p>\n<p>3) Mastovahvistin MA 080L<\/p>\n<p style=\"padding-left: 30px\">a. K\u00e4ytt\u00f6j\u00e4nnite?<br \/>\nb. Maksimivirta?<br \/>\nc. Kaapelityyppi ja ominaisuudet?<br \/>\nd. Taajuusalue?<br \/>\ne. Liittimet<br \/>\ni. FM<br \/>\nii. III<br \/>\niii. UHF<br \/>\niv. RF out<br \/>\nf. Liitintyypit?<br \/>\ng. L\u00e4ht\u00f6taso?<br \/>\nh. Vahvistus ULA\/FM, VHF,UHF<\/p>\n<p>4) Pientalovahvistin HS 018L<\/p>\n<p style=\"padding-left: 30px\">a. Taajuusalue?<br \/>\nb. Maksimivahvistus?<br \/>\nc. Maksimi l\u00e4ht\u00f6taso?<br \/>\nd. S\u00e4\u00e4d\u00f6t: UHF, VHF, ULA\/FM<br \/>\ne. Mittapiste? Vaimennus\/vahvistus?<br \/>\nf. Liitintyyppi?<\/p>\n<p>5) Miten erotat eri alueiden antennit toisistaan?<\/p>\n<p>6) Millaista antennikaapelia tulee k\u00e4ytt\u00e4\u00e4?<\/p>\n<p>7) Millaisia liittimi\u00e4 tulee k\u00e4ytt\u00e4\u00e4?<\/p>\n<p>8) Miten ja miss\u00e4 voit hy\u00f6dynt\u00e4\u00e4 yleismittaria asennuksissa?<\/p>\n<p>9) Mit\u00e4 sinun tulee huomioida antennin valinnassa?<\/p>\n<p>10) Mit\u00e4 eroa on jaottimella ja haaroittimella?<\/p>\n<p>11) Milloin ja miksi k\u00e4yt\u00e4t p\u00e4\u00e4tevastusta?<\/p>\n<p>12) \u201dSuunnittele\u201d ja piirr\u00e4 antenneilla toteutettu vastaanottoj\u00e4rjestelm\u00e4 omakotitaloon.<\/p>\n<p style=\"padding-left: 30px\">a. J\u00e4rjestelm\u00e4 on eritt\u00e4in huonoon vastaanottoymp\u00e4rist\u00f6\u00f6n (kaukana l\u00e4hetinmastosta)<br \/>\nb. J\u00e4rjestelm\u00e4 on hyv\u00e4\u00e4n vastaanottoymp\u00e4rist\u00f6\u00f6n (l\u00e4hetinmasto \u201dn\u00e4kyy\u201d)<\/p>\n<h1>ASENNUSTEHT\u00c4V\u00c4<\/h1>\n<p>13) Toteuta 12 a) tai B rakentamalla suunnittelemasi j\u00e4rjestelm\u00e4 vastaanottopisteelle eli harjoitussein\u00e4lle.<\/p>\n<p>14) Suoritettuasi asennuksen suorita mittaukset<\/p>\n<p style=\"padding-left: 30px\">a. Paljonko ovat tasot antennirasioilla?<br \/>\nb. Paljonko pit\u00e4isi olla?<br \/>\nc. Miten sovitat tasot oikeaksi?<\/p>\n<h1>J\u00c4\u00c4HDYTTELYTEHT\u00c4VI\u00c4<\/h1>\n<p>15) Milloin ja miten suoritat antennij\u00e4rjestelm\u00e4n maadoituksen? Miksi teet sen?<\/p>\n<p>16) Miten ja miksi uudet 4G-taajuudet (800MHZ) saattavat h\u00e4irit\u00e4 antenni-tv:n signaalia? Miten h\u00e4iri\u00f6n ilmetess\u00e4 tulee menetell\u00e4?<\/p>\n<p>17) Kuvitteellisessa tilanteessa DVB-C verkkoon kytketyss\u00e4 televisiossa kuva p\u00e4tkii, &#8221;j\u00e4\u00e4tyy&#8221; ja katkoo. Miten selvit\u00e4t mist\u00e4 vika johtuu? Mitk\u00e4 ovat vianhaun vaiheet ja mist\u00e4 ep\u00e4ilet ensimm\u00e4isen\u00e4 vian johtuvan?<\/p>\n<p>18) Mit\u00e4 tarkoittaa signaalitaso ja bittivirheet DBV-T verkkoon kytketyss\u00e4 televisiossa?<\/p>\n<p><a href=\"https:\/\/www.youtube.com\/watch?v=rJw8-kXg4Eo\" target=\"_blank\">F-liittimen asennus (Youtube)<\/a><\/p>\n<p><strong>LIITETIEDOSTOT<\/strong><\/p>\n<p><a href=\"https:\/\/blogit.gradia.fi\/sahkonet\/wp-content\/uploads\/sites\/80\/2015\/01\/Pientalon-antenniopas-2010.pdf\">Pientalon antenniopas 2010<\/a><br \/>\n<a href=\"https:\/\/blogit.gradia.fi\/sahkonet\/wp-content\/uploads\/sites\/80\/2015\/01\/digita-pientalon_antennopas.pdf\">Digita-pientalon_antennopas<\/a><br \/>\n<a href=\"https:\/\/www.viestintavirasto.fi\/tvradio\/jakelujavastaanotto\/antenni-tv\/pientaloille.html\" target=\"_blank\">Antennitelevisio pientalossa<\/a><\/p>\n<p><a href=\"http:\/\/www.promax.es\/ing\/products\/tv-cable-and-satellite-field-strength-meters\/HDRangerp\/tv-and-satellite-analyser\">Mittarin k\u00e4ytt\u00f6ohje: http:\/\/www.promax.es\/ing\/products\/tv-cable-and-satellite-field-strength-meters\/HDRangerp\/tv-and-satellite-analyser<\/a><\/p>\n","protected":false},"excerpt":{"rendered":"<p>Ohje F-liittimen asennus (Youtube) TEORIATEHT\u00c4V\u00c4T 1) Mit\u00e4 ovat radioaallot? 2) M\u00e4\u00e4rittele seuraavat termit ja k\u00e4sitteet a. ULA b. VHF c. UHF d. FM e. LTE suodin f. DC g. RF h. VDC i. VAC j. MHz k. DVB-T l. DVB-C m. dB n. dBV 3) Mastovahvistin MA 080L a. K\u00e4ytt\u00f6j\u00e4nnite? b. Maksimivirta? c. Kaapelityyppi ja &hellip; <a href=\"https:\/\/blogit.gradia.fi\/sahkonet\/kiinteistoautomaatio\/perusteet\/lammityksen-ohjaus\/antennijarjestelman-asennus\/\" class=\"more-link\">Jatka lukemista <span class=\"screen-reader-text\">Antennij\u00e4rjestelm\u00e4n asennus<\/span> <span class=\"meta-nav\">&rarr;<\/span><\/a><\/p>\n","protected":false},"author":179,"featured_media":0,"parent":80,"menu_order":12,"comment_status":"closed","ping_status":"closed","template":"","meta":{"_uag_custom_page_level_css":"","footnotes":""},"class_list":["post-1081","page","type-page","status-publish","hentry"],"yoast_head":"<!-- This site is optimized with the Yoast SEO plugin v27.4 - https:\/\/yoast.com\/product\/yoast-seo-wordpress\/ -->\n<title>Antennij\u00e4rjestelm\u00e4n asennus - S\u00e4hk\u00f6Net<\/title>\n<meta name=\"robots\" content=\"index, follow, max-snippet:-1, max-image-preview:large, max-video-preview:-1\" \/>\n<link rel=\"canonical\" href=\"https:\/\/blogit.gradia.fi\/sahkonet\/kiinteistoautomaatio\/perusteet\/lammityksen-ohjaus\/antennijarjestelman-asennus\/\" \/>\n<meta property=\"og:locale\" content=\"fi_FI\" \/>\n<meta property=\"og:type\" content=\"article\" \/>\n<meta property=\"og:title\" content=\"Antennij\u00e4rjestelm\u00e4n asennus - S\u00e4hk\u00f6Net\" \/>\n<meta property=\"og:description\" content=\"Ohje F-liittimen asennus (Youtube) TEORIATEHT\u00c4V\u00c4T 1) Mit\u00e4 ovat radioaallot? 2) M\u00e4\u00e4rittele seuraavat termit ja k\u00e4sitteet a. ULA b. VHF c. UHF d. FM e. LTE suodin f. DC g. RF h. VDC i. VAC j. MHz k. DVB-T l. DVB-C m. dB n. dBV 3) Mastovahvistin MA 080L a. K\u00e4ytt\u00f6j\u00e4nnite? b. Maksimivirta? c. Kaapelityyppi ja &hellip; Jatka lukemista Antennij\u00e4rjestelm\u00e4n asennus &rarr;\" \/>\n<meta property=\"og:url\" content=\"https:\/\/blogit.gradia.fi\/sahkonet\/kiinteistoautomaatio\/perusteet\/lammityksen-ohjaus\/antennijarjestelman-asennus\/\" \/>\n<meta property=\"og:site_name\" content=\"S\u00e4hk\u00f6Net\" \/>\n<meta property=\"article:modified_time\" content=\"2017-05-02T09:00:55+00:00\" \/>\n<meta name=\"twitter:card\" content=\"summary_large_image\" \/>\n<meta name=\"twitter:label1\" content=\"Arvioitu lukuaika\" \/>\n\t<meta name=\"twitter:data1\" content=\"2 minuuttia\" \/>\n<script type=\"application\/ld+json\" class=\"yoast-schema-graph\">{\"@context\":\"https:\\\/\\\/schema.org\",\"@graph\":[{\"@type\":\"WebPage\",\"@id\":\"https:\\\/\\\/blogit.gradia.fi\\\/sahkonet\\\/kiinteistoautomaatio\\\/perusteet\\\/lammityksen-ohjaus\\\/antennijarjestelman-asennus\\\/\",\"url\":\"https:\\\/\\\/blogit.gradia.fi\\\/sahkonet\\\/kiinteistoautomaatio\\\/perusteet\\\/lammityksen-ohjaus\\\/antennijarjestelman-asennus\\\/\",\"name\":\"Antennij\u00e4rjestelm\u00e4n asennus - S\u00e4hk\u00f6Net\",\"isPartOf\":{\"@id\":\"https:\\\/\\\/blogit.gradia.fi\\\/sahkonet\\\/#website\"},\"datePublished\":\"2015-01-09T11:33:57+00:00\",\"dateModified\":\"2017-05-02T09:00:55+00:00\",\"breadcrumb\":{\"@id\":\"https:\\\/\\\/blogit.gradia.fi\\\/sahkonet\\\/kiinteistoautomaatio\\\/perusteet\\\/lammityksen-ohjaus\\\/antennijarjestelman-asennus\\\/#breadcrumb\"},\"inLanguage\":\"fi\",\"potentialAction\":[{\"@type\":\"ReadAction\",\"target\":[\"https:\\\/\\\/blogit.gradia.fi\\\/sahkonet\\\/kiinteistoautomaatio\\\/perusteet\\\/lammityksen-ohjaus\\\/antennijarjestelman-asennus\\\/\"]}]},{\"@type\":\"BreadcrumbList\",\"@id\":\"https:\\\/\\\/blogit.gradia.fi\\\/sahkonet\\\/kiinteistoautomaatio\\\/perusteet\\\/lammityksen-ohjaus\\\/antennijarjestelman-asennus\\\/#breadcrumb\",\"itemListElement\":[{\"@type\":\"ListItem\",\"position\":1,\"name\":\"Kiinteist\u00f6jen automaatio- ja tietoj\u00e4rjestelm\u00e4t (30 osp)\",\"item\":\"https:\\\/\\\/blogit.gradia.fi\\\/sahkonet\\\/kiinteistoautomaatio\\\/\"},{\"@type\":\"ListItem\",\"position\":2,\"name\":\"Perusteet\",\"item\":\"https:\\\/\\\/blogit.gradia.fi\\\/sahkonet\\\/kiinteistoautomaatio\\\/perusteet\\\/\"},{\"@type\":\"ListItem\",\"position\":3,\"name\":\"Oppimisteht\u00e4v\u00e4t\",\"item\":\"https:\\\/\\\/blogit.gradia.fi\\\/sahkonet\\\/kiinteistoautomaatio\\\/perusteet\\\/lammityksen-ohjaus\\\/\"},{\"@type\":\"ListItem\",\"position\":4,\"name\":\"Antennij\u00e4rjestelm\u00e4n asennus\"}]},{\"@type\":\"WebSite\",\"@id\":\"https:\\\/\\\/blogit.gradia.fi\\\/sahkonet\\\/#website\",\"url\":\"https:\\\/\\\/blogit.gradia.fi\\\/sahkonet\\\/\",\"name\":\"S\u00e4hk\u00f6Net\",\"description\":\"S\u00e4hk\u00f6- ja automaatiotekniikan perustutkinto\",\"potentialAction\":[{\"@type\":\"SearchAction\",\"target\":{\"@type\":\"EntryPoint\",\"urlTemplate\":\"https:\\\/\\\/blogit.gradia.fi\\\/sahkonet\\\/?s={search_term_string}\"},\"query-input\":{\"@type\":\"PropertyValueSpecification\",\"valueRequired\":true,\"valueName\":\"search_term_string\"}}],\"inLanguage\":\"fi\"}]}<\/script>\n<!-- \/ Yoast SEO plugin. -->","yoast_head_json":{"title":"Antennij\u00e4rjestelm\u00e4n asennus - S\u00e4hk\u00f6Net","robots":{"index":"index","follow":"follow","max-snippet":"max-snippet:-1","max-image-preview":"max-image-preview:large","max-video-preview":"max-video-preview:-1"},"canonical":"https:\/\/blogit.gradia.fi\/sahkonet\/kiinteistoautomaatio\/perusteet\/lammityksen-ohjaus\/antennijarjestelman-asennus\/","og_locale":"fi_FI","og_type":"article","og_title":"Antennij\u00e4rjestelm\u00e4n asennus - S\u00e4hk\u00f6Net","og_description":"Ohje F-liittimen asennus (Youtube) TEORIATEHT\u00c4V\u00c4T 1) Mit\u00e4 ovat radioaallot? 2) M\u00e4\u00e4rittele seuraavat termit ja k\u00e4sitteet a. ULA b. VHF c. UHF d. FM e. LTE suodin f. DC g. RF h. VDC i. VAC j. MHz k. DVB-T l. DVB-C m. dB n. dBV 3) Mastovahvistin MA 080L a. K\u00e4ytt\u00f6j\u00e4nnite? b. Maksimivirta? c. Kaapelityyppi ja &hellip; Jatka lukemista Antennij\u00e4rjestelm\u00e4n asennus &rarr;","og_url":"https:\/\/blogit.gradia.fi\/sahkonet\/kiinteistoautomaatio\/perusteet\/lammityksen-ohjaus\/antennijarjestelman-asennus\/","og_site_name":"S\u00e4hk\u00f6Net","article_modified_time":"2017-05-02T09:00:55+00:00","twitter_card":"summary_large_image","twitter_misc":{"Arvioitu lukuaika":"2 minuuttia"},"schema":{"@context":"https:\/\/schema.org","@graph":[{"@type":"WebPage","@id":"https:\/\/blogit.gradia.fi\/sahkonet\/kiinteistoautomaatio\/perusteet\/lammityksen-ohjaus\/antennijarjestelman-asennus\/","url":"https:\/\/blogit.gradia.fi\/sahkonet\/kiinteistoautomaatio\/perusteet\/lammityksen-ohjaus\/antennijarjestelman-asennus\/","name":"Antennij\u00e4rjestelm\u00e4n asennus - S\u00e4hk\u00f6Net","isPartOf":{"@id":"https:\/\/blogit.gradia.fi\/sahkonet\/#website"},"datePublished":"2015-01-09T11:33:57+00:00","dateModified":"2017-05-02T09:00:55+00:00","breadcrumb":{"@id":"https:\/\/blogit.gradia.fi\/sahkonet\/kiinteistoautomaatio\/perusteet\/lammityksen-ohjaus\/antennijarjestelman-asennus\/#breadcrumb"},"inLanguage":"fi","potentialAction":[{"@type":"ReadAction","target":["https:\/\/blogit.gradia.fi\/sahkonet\/kiinteistoautomaatio\/perusteet\/lammityksen-ohjaus\/antennijarjestelman-asennus\/"]}]},{"@type":"BreadcrumbList","@id":"https:\/\/blogit.gradia.fi\/sahkonet\/kiinteistoautomaatio\/perusteet\/lammityksen-ohjaus\/antennijarjestelman-asennus\/#breadcrumb","itemListElement":[{"@type":"ListItem","position":1,"name":"Kiinteist\u00f6jen automaatio- ja tietoj\u00e4rjestelm\u00e4t (30 osp)","item":"https:\/\/blogit.gradia.fi\/sahkonet\/kiinteistoautomaatio\/"},{"@type":"ListItem","position":2,"name":"Perusteet","item":"https:\/\/blogit.gradia.fi\/sahkonet\/kiinteistoautomaatio\/perusteet\/"},{"@type":"ListItem","position":3,"name":"Oppimisteht\u00e4v\u00e4t","item":"https:\/\/blogit.gradia.fi\/sahkonet\/kiinteistoautomaatio\/perusteet\/lammityksen-ohjaus\/"},{"@type":"ListItem","position":4,"name":"Antennij\u00e4rjestelm\u00e4n asennus"}]},{"@type":"WebSite","@id":"https:\/\/blogit.gradia.fi\/sahkonet\/#website","url":"https:\/\/blogit.gradia.fi\/sahkonet\/","name":"S\u00e4hk\u00f6Net","description":"S\u00e4hk\u00f6- ja automaatiotekniikan perustutkinto","potentialAction":[{"@type":"SearchAction","target":{"@type":"EntryPoint","urlTemplate":"https:\/\/blogit.gradia.fi\/sahkonet\/?s={search_term_string}"},"query-input":{"@type":"PropertyValueSpecification","valueRequired":true,"valueName":"search_term_string"}}],"inLanguage":"fi"}]}},"uagb_featured_image_src":{"full":false,"thumbnail":false,"medium":false,"medium_large":false,"large":false,"1536x1536":false,"2048x2048":false,"post-thumbnail":false,"twentyfourteen-full-width":false},"uagb_author_info":{"display_name":"Pia Tolonen","author_link":"https:\/\/blogit.gradia.fi\/sahkonet\/author\/halmepia\/"},"uagb_comment_info":0,"uagb_excerpt":"Ohje F-liittimen asennus (Youtube) TEORIATEHT\u00c4V\u00c4T 1) Mit\u00e4 ovat radioaallot? 2) M\u00e4\u00e4rittele seuraavat termit ja k\u00e4sitteet a. ULA b. VHF c. UHF d. FM e. LTE suodin f. DC g. RF h. VDC i. VAC j. MHz k. DVB-T l. DVB-C m. dB n. dBV 3) Mastovahvistin MA 080L a. K\u00e4ytt\u00f6j\u00e4nnite? b. Maksimivirta? c. Kaapelityyppi ja&hellip;","_links":{"self":[{"href":"https:\/\/blogit.gradia.fi\/sahkonet\/wp-json\/wp\/v2\/pages\/1081","targetHints":{"allow":["GET"]}}],"collection":[{"href":"https:\/\/blogit.gradia.fi\/sahkonet\/wp-json\/wp\/v2\/pages"}],"about":[{"href":"https:\/\/blogit.gradia.fi\/sahkonet\/wp-json\/wp\/v2\/types\/page"}],"author":[{"embeddable":true,"href":"https:\/\/blogit.gradia.fi\/sahkonet\/wp-json\/wp\/v2\/users\/179"}],"replies":[{"embeddable":true,"href":"https:\/\/blogit.gradia.fi\/sahkonet\/wp-json\/wp\/v2\/comments?post=1081"}],"version-history":[{"count":0,"href":"https:\/\/blogit.gradia.fi\/sahkonet\/wp-json\/wp\/v2\/pages\/1081\/revisions"}],"up":[{"embeddable":true,"href":"https:\/\/blogit.gradia.fi\/sahkonet\/wp-json\/wp\/v2\/pages\/80"}],"wp:attachment":[{"href":"https:\/\/blogit.gradia.fi\/sahkonet\/wp-json\/wp\/v2\/media?parent=1081"}],"curies":[{"name":"wp","href":"https:\/\/api.w.org\/{rel}","templated":true}]}}