{"id":1069,"date":"2015-01-09T08:15:21","date_gmt":"2015-01-09T06:15:21","guid":{"rendered":"https:\/\/blogit.gradia.fi\/sahkonet\/?page_id=1069"},"modified":"2017-05-18T11:37:56","modified_gmt":"2017-05-18T08:37:56","slug":"rikosilmoitusjarjestelma","status":"publish","type":"page","link":"https:\/\/blogit.gradia.fi\/sahkonet\/kiinteistoautomaatio\/perusteet\/lammityksen-ohjaus\/rikosilmoitusjarjestelma\/","title":{"rendered":"Rikosilmoitusj\u00e4rjestelm\u00e4"},"content":{"rendered":"<h1>Versa 5<\/h1>\n<ul>\n<li>K\u00e4ytt\u00f6ohje&gt;&gt; <a href=\"http:\/\/tuotteet.finalert.fi\/documents\/manuals\/FinAlert\/Versa%20Kayttoohje%20FI.pdf\" target=\"_blank\">Versa K\u00e4ytt\u00f6ohje FI.pdf<\/a><\/li>\n<li>Asennusohje &gt;&gt; <a href=\"http:\/\/tuotteet.finalert.fi\/documents\/manuals\/FinAlert\/Versa%20Asennusohje%20FI.pdf\" target=\"_blank\">Versa Asennusohje FI.pdf<\/a><\/li>\n<li>Ohjelmointiohje &gt;&gt; <a href=\"http:\/\/tuotteet.finalert.fi\/documents\/manuals\/FinAlert\/Versa%20Ohjelmointiohje%20FI.pdf\" target=\"_blank\">Versa Ohjelmointiohje FI.pdf<\/a><\/li>\n<li>Ohjelmisto &gt;&gt; <a href=\"http:\/\/www.satel.pl\/en\/product\/343\/DLOADX,INTEGRA-and-VERSA-Alarm-system-installer-program\" target=\"_blank\">DLOADX ohjelmointi ohjelmisto<\/a><\/li>\n<li>Ohjelmisto &gt;&gt; <a href=\"http:\/\/www.satel.pl\/en\/product\/347\/FLASHX,Control-Panel-Firmware-Updating-Program\" target=\"_blank\">FLASHX ohjelmaversion p\u00e4ivitys ohjelmisto<\/a><\/li>\n<li>Ohjelmaversio &gt;&gt; <a href=\"http:\/\/www.satel.pl\/en\/product\/422\/\" target=\"_blank\">VERSA ohjelmaversioiden lataus<\/a><\/li>\n<\/ul>\n<h1>Versa Plus<\/h1>\n<ul>\n<li>Lataa ohje &gt;&gt; <a href=\"http:\/\/www.kamicsecurity.fi\/userData\/finalert\/VERSA-Plus-Kayttoohje-FIN.pdf\" target=\"_blank\">VERSA Plus k\u00e4ytt\u00f6ohje<\/a><\/li>\n<li>Lataa &gt;&gt; <a href=\"http:\/\/www.kamicsecurity.fi\/userData\/finalert\/VERSA-Plus-Pikakayttoohje-FIN.pdf\" target=\"_blank\">VERSA Plus pikak\u00e4ytt\u00f6ohje<\/a><\/li>\n<li>Lataa ohje &gt;&gt; <a href=\"http:\/\/www.kamicsecurity.fi\/userData\/finalert\/VERSA-Plus-Asennusohje-FIN.pdf\" target=\"_blank\">VERSA Plus asennusohje<\/a><\/li>\n<li>Lataa ohjelmointiohje &gt;&gt; <a href=\"http:\/\/www.kamicsecurity.fi\/userData\/finalert\/VERSA-Plus-Ohjelmointiohje-FIN.pdf\" target=\"_blank\">VERSA Plus ohjelmointiohje<\/a><\/li>\n<li>Lataa konfigurointiohjelmisto &gt;&gt;\u00a0<a href=\"http:\/\/www.satel.pl\/en\/product\/343\/\" target=\"_blank\">DLOADX ohjelmisto<\/a><\/li>\n<\/ul>\n<h1>DSC Neo Turvapaketti<\/h1>\n<ul>\n<li><a href=\"https:\/\/blogit.gradia.fi\/sahkonet\/wp-content\/uploads\/sites\/80\/2015\/01\/DSC-NEO-Turvapaketin-pikaohje.pdf\" target=\"_blank\">DSC NEO Turvapaketin pikaohje<\/a><\/li>\n<li><a href=\"https:\/\/blogit.gradia.fi\/sahkonet\/wp-content\/uploads\/sites\/80\/2015\/01\/DSC-TurvapakettiN-esite.pdf\">DSC Turvapaketti esite<\/a><\/li>\n<li><a href=\"https:\/\/blogit.gradia.fi\/sahkonet\/wp-content\/uploads\/sites\/80\/2015\/01\/DSC_asennusohje.pdf\" target=\"_blank\">DSC_asennusohje<\/a><\/li>\n<\/ul>\n<h1>\u00a0<strong>Ohjeet asennusteht\u00e4v\u00e4\u00e4n<\/strong><\/h1>\n<ul>\n<li>Tutkintoteht\u00e4v\u00e4ss\u00e4 asennetaan akkuvarmennettu monivalvontakeskus, jossa on k\u00e4ytt\u00f6laite, h\u00e4lytyssireeni ja viisi silmukkaa.<\/li>\n<li>Silmukat 1 \u2013 3 ovat murtoilmaisusilmukoita:<\/li>\n<\/ul>\n<ul>\n<li>silmukka 1: passiivinen infrapuna-liikeilmaisin tuloviiveell\u00e4<\/li>\n<li>silmukka 2: passiivinen infrapuna-liikeilmaisin<\/li>\n<li>silmukka 3: kuunteleva lasinrikkoilmaisin.<\/li>\n<li>silmukka 4: optinen savuvaroitin<\/li>\n<li>silmukka 5: h\u00e4k\u00e4ilmaisin<\/li>\n<li>kaapeleiden valinta ja asentaminen<\/li>\n<li>kytkent\u00e4ty\u00f6t<\/li>\n<li>laitteiston testaus ja tarvittavat k\u00e4ytt\u00f6\u00f6nottomittaukset<\/li>\n<li>mittausp\u00f6yt\u00e4kirjojen t\u00e4ytt\u00e4minen<\/li>\n<li>k\u00e4yt\u00f6nopastuksen antaminen asiakkaalle (arvioijalle).<\/li>\n<li>liite 1: tasopiirustus murtoilmaisu- ja palovaroitinj\u00e4rjestelm\u00e4st\u00e4<\/li>\n<li>liite 2: kaaviokuva murtoilmaisu- ja palovaroitinj\u00e4rjestelm\u00e4st\u00e4<\/li>\n<li>liite 3: murtoilmaisu- ja palovaroitinsilmukoiden kytkent\u00e4esimerkit.<\/li>\n<\/ul>\n<ol>\n<ul>\n<li>Silmukat 4 \u2013 5 ovat palovaroitinsilmukoita (24h):<\/li>\n<\/ul>\n<\/ol>\n<ol>\n<ul>\n<li>Tutkintoteht\u00e4v\u00e4ss\u00e4 kaapeloidaan ja kytket\u00e4\u00e4n murtoilmaisu- ja palovaroitinj\u00e4rjestelm\u00e4 toimintakuntoon ja koestetaan sen toiminta. J\u00e4rjestelm\u00e4lle tehd\u00e4\u00e4n k\u00e4ytt\u00f6\u00f6notto, johon kuuluu k\u00e4ytt\u00f6testit ja tarvittavat mittaukset noudattaen pienj\u00e4nnites\u00e4hk\u00f6asennuksia koskevaa standardia sek\u00e4 laitevalmistajan ohjeita. Ty\u00f6n valmistuttua keskukseen ladataan tietokoneella tehty konfigurointi (arvioijan ohjauksessa).<\/li>\n<li>Arvioinnin kohteena on mm:<\/li>\n<\/ul>\n<\/ol>\n<ol>\n<ul>\n<li>Tutkintosuoritukseen varattu kokonaisaika on kuusi (6) tuntia.<\/li>\n<li>Tutkintoteht\u00e4v\u00e4 tehd\u00e4\u00e4n alla mainittujen liitteiden ja ty\u00f6kohteesta l\u00f6ytyvien laitevalmistajien manuaalien ja ohjeiden mukaisesti:<\/li>\n<\/ul>\n<\/ol>\n<h1>\u00a0<strong>Suoritus<\/strong><\/h1>\n<p><strong>Teht\u00e4v\u00e4 1, asennusty\u00f6t:<\/strong><\/p>\n<ul>\n<li>Kaapeloi laitteet kaavion mukaisesti.<\/li>\n<li>Kytke asentamasi kaapelit laitteisiin laitevalmistajien manuaaleiden ja ohjeiden mukaan.<\/li>\n<li>Kytke keskus laitevalmistajan ohjeiden mukaan.<\/li>\n<li>Suorita tarpeelliset k\u00e4ytt\u00f6\u00f6nottomittaukset sek\u00e4 silmukoiden mittaukset ja t\u00e4yt\u00e4 k\u00e4ytt\u00f6\u00f6nottop\u00f6yt\u00e4kirja<\/li>\n<li>Kytke ensin s\u00e4hk\u00f6t p\u00e4\u00e4lle keskukseen.<\/li>\n<li>Kytke monivalvontakeskuksen akku.<\/li>\n<li>Asennusty\u00f6t tulee suorittaa hyv\u00e4n asennustavan mukaisesti noudattaen voimassa olevia m\u00e4\u00e4r\u00e4yksi\u00e4 ja ohjeita.<\/li>\n<li>J\u00e4rjest\u00e4j\u00e4 antaa tarvittavat koodit. K\u00e4ytt\u00e4j\u00e4koodilla kytket\u00e4\u00e4n j\u00e4rjestelm\u00e4 p\u00e4\u00e4lle\/pois, asentajakoodilla muutetaan asetuksia.<\/li>\n<li>Silmukka 1 on tuloviivesilmukka, aika on 10s.<\/li>\n<li>Poistumisviive on murtosilmukoissa 10s.<\/li>\n<li>Yleish\u00e4lytys- ja murtoh\u00e4lytysajat ovat 10s.<\/li>\n<li>Koesta murtoilmaisu- ja palovaroitinlaitteiston toiminta.<\/li>\n<li>T\u00e4yt\u00e4 mittaustulokset mittausp\u00f6yt\u00e4kirjaan.<\/li>\n<li>Anna laitteiston k\u00e4yt\u00f6nopastus asiakkaalle (arvioijalle).<\/li>\n<\/ul>\n<p><strong>Teht\u00e4v\u00e4 2, k\u00e4ytt\u00f6\u00f6nottoty\u00f6t:<\/strong><\/p>\n<ul>\n<li>J\u00e4rjest\u00e4j\u00e4 antaa tarvittavat koodit. K\u00e4ytt\u00e4j\u00e4koodilla kytket\u00e4\u00e4n j\u00e4rjestelm\u00e4 p\u00e4\u00e4lle\/pois, asentajakoodilla muutetaan asetuksia.<\/li>\n<li>Silmukka 1 on tuloviivesilmukka, aika on 10s.<\/li>\n<li>Poistumisviive on murtosilmukoissa 10s.<\/li>\n<li>Yleish\u00e4lytys- ja murtoh\u00e4lytysajat ovat 10s.<\/li>\n<li>Koesta murtoilmaisu- ja palovaroitinlaitteiston toiminta.<\/li>\n<li>T\u00e4yt\u00e4 mittaustulokset mittausp\u00f6yt\u00e4kirjaan.<\/li>\n<li>Anna laitteiston k\u00e4yt\u00f6nopastus asiakkaalle (arvioijalle).<\/li>\n<\/ul>\n<p><strong>LIITETIEDOSTOT<\/strong><\/p>\n<ul>\n<li><a href=\"https:\/\/blogit.gradia.fi\/sahkonet\/wp-content\/uploads\/sites\/80\/2015\/01\/ETR-Kayttoohje.pdf\">ETR-Kayttoohje<\/a><\/li>\n<li><a href=\"https:\/\/blogit.gradia.fi\/sahkonet\/wp-content\/uploads\/sites\/80\/2015\/01\/ETR-Kayttoohje-lyhennetyt-koodit.pdf\">ETR-Kayttoohje-lyhennetyt koodit<\/a><\/li>\n<li><a href=\"https:\/\/blogit.gradia.fi\/sahkonet\/wp-content\/uploads\/sites\/80\/2015\/01\/ETR-kayttoohje-lyhennetyt-koodit-LYHYT.pdf\">ETR-kayttoohje-lyhennetyt koodit-LYHYT<\/a><\/li>\n<li><a href=\"https:\/\/blogit.gradia.fi\/sahkonet\/wp-content\/uploads\/sites\/80\/2015\/01\/NET5-Kayttoohje.pdf\">NET5-Kayttoohje<\/a> <a href=\"https:\/\/blogit.gradia.fi\/sahkonet\/wp-content\/uploads\/sites\/80\/2015\/01\/TRH-Kayttoohje.pdf\">TRH-Kayttoohje<\/a><\/li>\n<li><a href=\"http:\/\/documentazione-elmo.s3.amazonaws.com\/UK_UM_ET4.pdf?AWSAccessKeyId=AKIAJ6WEHYWEBRERHWIQ&amp;Expires=1420799275&amp;Signature=aS2BUJosbk%2BdbQqhNIWKaz41YMU%3D\" target=\"_blank\">ET4 k\u00e4ytt\u00f6ohje<\/a><\/li>\n<\/ul>\n","protected":false},"excerpt":{"rendered":"<p>Versa 5 K\u00e4ytt\u00f6ohje&gt;&gt; Versa K\u00e4ytt\u00f6ohje FI.pdf Asennusohje &gt;&gt; Versa Asennusohje FI.pdf Ohjelmointiohje &gt;&gt; Versa Ohjelmointiohje FI.pdf Ohjelmisto &gt;&gt; DLOADX ohjelmointi ohjelmisto Ohjelmisto &gt;&gt; FLASHX ohjelmaversion p\u00e4ivitys ohjelmisto Ohjelmaversio &gt;&gt; VERSA ohjelmaversioiden lataus Versa Plus Lataa ohje &gt;&gt; VERSA Plus k\u00e4ytt\u00f6ohje Lataa &gt;&gt; VERSA Plus pikak\u00e4ytt\u00f6ohje Lataa ohje &gt;&gt; VERSA Plus asennusohje Lataa ohjelmointiohje &gt;&gt; VERSA &hellip; <a href=\"https:\/\/blogit.gradia.fi\/sahkonet\/kiinteistoautomaatio\/perusteet\/lammityksen-ohjaus\/rikosilmoitusjarjestelma\/\" class=\"more-link\">Jatka lukemista <span class=\"screen-reader-text\">Rikosilmoitusj\u00e4rjestelm\u00e4<\/span> <span class=\"meta-nav\">&rarr;<\/span><\/a><\/p>\n","protected":false},"author":179,"featured_media":0,"parent":80,"menu_order":9,"comment_status":"closed","ping_status":"closed","template":"","meta":{"_uag_custom_page_level_css":"","footnotes":""},"class_list":["post-1069","page","type-page","status-publish","hentry"],"yoast_head":"<!-- This site is optimized with the Yoast SEO plugin v27.4 - https:\/\/yoast.com\/product\/yoast-seo-wordpress\/ -->\n<title>Rikosilmoitusj\u00e4rjestelm\u00e4 - S\u00e4hk\u00f6Net<\/title>\n<meta name=\"robots\" content=\"index, follow, max-snippet:-1, max-image-preview:large, max-video-preview:-1\" \/>\n<link rel=\"canonical\" href=\"https:\/\/blogit.gradia.fi\/sahkonet\/kiinteistoautomaatio\/perusteet\/lammityksen-ohjaus\/rikosilmoitusjarjestelma\/\" \/>\n<meta property=\"og:locale\" content=\"fi_FI\" \/>\n<meta property=\"og:type\" content=\"article\" \/>\n<meta property=\"og:title\" content=\"Rikosilmoitusj\u00e4rjestelm\u00e4 - S\u00e4hk\u00f6Net\" \/>\n<meta property=\"og:description\" content=\"Versa 5 K\u00e4ytt\u00f6ohje&gt;&gt; Versa K\u00e4ytt\u00f6ohje FI.pdf Asennusohje &gt;&gt; Versa Asennusohje FI.pdf Ohjelmointiohje &gt;&gt; Versa Ohjelmointiohje FI.pdf Ohjelmisto &gt;&gt; DLOADX ohjelmointi ohjelmisto Ohjelmisto &gt;&gt; FLASHX ohjelmaversion p\u00e4ivitys ohjelmisto Ohjelmaversio &gt;&gt; VERSA ohjelmaversioiden lataus Versa Plus Lataa ohje &gt;&gt; VERSA Plus k\u00e4ytt\u00f6ohje Lataa &gt;&gt; VERSA Plus pikak\u00e4ytt\u00f6ohje Lataa ohje &gt;&gt; VERSA Plus asennusohje Lataa ohjelmointiohje &gt;&gt; VERSA &hellip; Jatka lukemista Rikosilmoitusj\u00e4rjestelm\u00e4 &rarr;\" \/>\n<meta property=\"og:url\" content=\"https:\/\/blogit.gradia.fi\/sahkonet\/kiinteistoautomaatio\/perusteet\/lammityksen-ohjaus\/rikosilmoitusjarjestelma\/\" \/>\n<meta property=\"og:site_name\" content=\"S\u00e4hk\u00f6Net\" \/>\n<meta property=\"article:modified_time\" content=\"2017-05-18T08:37:56+00:00\" \/>\n<meta name=\"twitter:card\" content=\"summary_large_image\" \/>\n<meta name=\"twitter:label1\" content=\"Arvioitu lukuaika\" \/>\n\t<meta name=\"twitter:data1\" content=\"2 minuuttia\" \/>\n<script type=\"application\/ld+json\" class=\"yoast-schema-graph\">{\"@context\":\"https:\\\/\\\/schema.org\",\"@graph\":[{\"@type\":\"WebPage\",\"@id\":\"https:\\\/\\\/blogit.gradia.fi\\\/sahkonet\\\/kiinteistoautomaatio\\\/perusteet\\\/lammityksen-ohjaus\\\/rikosilmoitusjarjestelma\\\/\",\"url\":\"https:\\\/\\\/blogit.gradia.fi\\\/sahkonet\\\/kiinteistoautomaatio\\\/perusteet\\\/lammityksen-ohjaus\\\/rikosilmoitusjarjestelma\\\/\",\"name\":\"Rikosilmoitusj\u00e4rjestelm\u00e4 - S\u00e4hk\u00f6Net\",\"isPartOf\":{\"@id\":\"https:\\\/\\\/blogit.gradia.fi\\\/sahkonet\\\/#website\"},\"datePublished\":\"2015-01-09T06:15:21+00:00\",\"dateModified\":\"2017-05-18T08:37:56+00:00\",\"breadcrumb\":{\"@id\":\"https:\\\/\\\/blogit.gradia.fi\\\/sahkonet\\\/kiinteistoautomaatio\\\/perusteet\\\/lammityksen-ohjaus\\\/rikosilmoitusjarjestelma\\\/#breadcrumb\"},\"inLanguage\":\"fi\",\"potentialAction\":[{\"@type\":\"ReadAction\",\"target\":[\"https:\\\/\\\/blogit.gradia.fi\\\/sahkonet\\\/kiinteistoautomaatio\\\/perusteet\\\/lammityksen-ohjaus\\\/rikosilmoitusjarjestelma\\\/\"]}]},{\"@type\":\"BreadcrumbList\",\"@id\":\"https:\\\/\\\/blogit.gradia.fi\\\/sahkonet\\\/kiinteistoautomaatio\\\/perusteet\\\/lammityksen-ohjaus\\\/rikosilmoitusjarjestelma\\\/#breadcrumb\",\"itemListElement\":[{\"@type\":\"ListItem\",\"position\":1,\"name\":\"Kiinteist\u00f6jen automaatio- ja tietoj\u00e4rjestelm\u00e4t (30 osp)\",\"item\":\"https:\\\/\\\/blogit.gradia.fi\\\/sahkonet\\\/kiinteistoautomaatio\\\/\"},{\"@type\":\"ListItem\",\"position\":2,\"name\":\"Perusteet\",\"item\":\"https:\\\/\\\/blogit.gradia.fi\\\/sahkonet\\\/kiinteistoautomaatio\\\/perusteet\\\/\"},{\"@type\":\"ListItem\",\"position\":3,\"name\":\"Oppimisteht\u00e4v\u00e4t\",\"item\":\"https:\\\/\\\/blogit.gradia.fi\\\/sahkonet\\\/kiinteistoautomaatio\\\/perusteet\\\/lammityksen-ohjaus\\\/\"},{\"@type\":\"ListItem\",\"position\":4,\"name\":\"Rikosilmoitusj\u00e4rjestelm\u00e4\"}]},{\"@type\":\"WebSite\",\"@id\":\"https:\\\/\\\/blogit.gradia.fi\\\/sahkonet\\\/#website\",\"url\":\"https:\\\/\\\/blogit.gradia.fi\\\/sahkonet\\\/\",\"name\":\"S\u00e4hk\u00f6Net\",\"description\":\"S\u00e4hk\u00f6- ja automaatiotekniikan perustutkinto\",\"potentialAction\":[{\"@type\":\"SearchAction\",\"target\":{\"@type\":\"EntryPoint\",\"urlTemplate\":\"https:\\\/\\\/blogit.gradia.fi\\\/sahkonet\\\/?s={search_term_string}\"},\"query-input\":{\"@type\":\"PropertyValueSpecification\",\"valueRequired\":true,\"valueName\":\"search_term_string\"}}],\"inLanguage\":\"fi\"}]}<\/script>\n<!-- \/ Yoast SEO plugin. -->","yoast_head_json":{"title":"Rikosilmoitusj\u00e4rjestelm\u00e4 - S\u00e4hk\u00f6Net","robots":{"index":"index","follow":"follow","max-snippet":"max-snippet:-1","max-image-preview":"max-image-preview:large","max-video-preview":"max-video-preview:-1"},"canonical":"https:\/\/blogit.gradia.fi\/sahkonet\/kiinteistoautomaatio\/perusteet\/lammityksen-ohjaus\/rikosilmoitusjarjestelma\/","og_locale":"fi_FI","og_type":"article","og_title":"Rikosilmoitusj\u00e4rjestelm\u00e4 - S\u00e4hk\u00f6Net","og_description":"Versa 5 K\u00e4ytt\u00f6ohje&gt;&gt; Versa K\u00e4ytt\u00f6ohje FI.pdf Asennusohje &gt;&gt; Versa Asennusohje FI.pdf Ohjelmointiohje &gt;&gt; Versa Ohjelmointiohje FI.pdf Ohjelmisto &gt;&gt; DLOADX ohjelmointi ohjelmisto Ohjelmisto &gt;&gt; FLASHX ohjelmaversion p\u00e4ivitys ohjelmisto Ohjelmaversio &gt;&gt; VERSA ohjelmaversioiden lataus Versa Plus Lataa ohje &gt;&gt; VERSA Plus k\u00e4ytt\u00f6ohje Lataa &gt;&gt; VERSA Plus pikak\u00e4ytt\u00f6ohje Lataa ohje &gt;&gt; VERSA Plus asennusohje Lataa ohjelmointiohje &gt;&gt; VERSA &hellip; Jatka lukemista Rikosilmoitusj\u00e4rjestelm\u00e4 &rarr;","og_url":"https:\/\/blogit.gradia.fi\/sahkonet\/kiinteistoautomaatio\/perusteet\/lammityksen-ohjaus\/rikosilmoitusjarjestelma\/","og_site_name":"S\u00e4hk\u00f6Net","article_modified_time":"2017-05-18T08:37:56+00:00","twitter_card":"summary_large_image","twitter_misc":{"Arvioitu lukuaika":"2 minuuttia"},"schema":{"@context":"https:\/\/schema.org","@graph":[{"@type":"WebPage","@id":"https:\/\/blogit.gradia.fi\/sahkonet\/kiinteistoautomaatio\/perusteet\/lammityksen-ohjaus\/rikosilmoitusjarjestelma\/","url":"https:\/\/blogit.gradia.fi\/sahkonet\/kiinteistoautomaatio\/perusteet\/lammityksen-ohjaus\/rikosilmoitusjarjestelma\/","name":"Rikosilmoitusj\u00e4rjestelm\u00e4 - S\u00e4hk\u00f6Net","isPartOf":{"@id":"https:\/\/blogit.gradia.fi\/sahkonet\/#website"},"datePublished":"2015-01-09T06:15:21+00:00","dateModified":"2017-05-18T08:37:56+00:00","breadcrumb":{"@id":"https:\/\/blogit.gradia.fi\/sahkonet\/kiinteistoautomaatio\/perusteet\/lammityksen-ohjaus\/rikosilmoitusjarjestelma\/#breadcrumb"},"inLanguage":"fi","potentialAction":[{"@type":"ReadAction","target":["https:\/\/blogit.gradia.fi\/sahkonet\/kiinteistoautomaatio\/perusteet\/lammityksen-ohjaus\/rikosilmoitusjarjestelma\/"]}]},{"@type":"BreadcrumbList","@id":"https:\/\/blogit.gradia.fi\/sahkonet\/kiinteistoautomaatio\/perusteet\/lammityksen-ohjaus\/rikosilmoitusjarjestelma\/#breadcrumb","itemListElement":[{"@type":"ListItem","position":1,"name":"Kiinteist\u00f6jen automaatio- ja tietoj\u00e4rjestelm\u00e4t (30 osp)","item":"https:\/\/blogit.gradia.fi\/sahkonet\/kiinteistoautomaatio\/"},{"@type":"ListItem","position":2,"name":"Perusteet","item":"https:\/\/blogit.gradia.fi\/sahkonet\/kiinteistoautomaatio\/perusteet\/"},{"@type":"ListItem","position":3,"name":"Oppimisteht\u00e4v\u00e4t","item":"https:\/\/blogit.gradia.fi\/sahkonet\/kiinteistoautomaatio\/perusteet\/lammityksen-ohjaus\/"},{"@type":"ListItem","position":4,"name":"Rikosilmoitusj\u00e4rjestelm\u00e4"}]},{"@type":"WebSite","@id":"https:\/\/blogit.gradia.fi\/sahkonet\/#website","url":"https:\/\/blogit.gradia.fi\/sahkonet\/","name":"S\u00e4hk\u00f6Net","description":"S\u00e4hk\u00f6- ja automaatiotekniikan perustutkinto","potentialAction":[{"@type":"SearchAction","target":{"@type":"EntryPoint","urlTemplate":"https:\/\/blogit.gradia.fi\/sahkonet\/?s={search_term_string}"},"query-input":{"@type":"PropertyValueSpecification","valueRequired":true,"valueName":"search_term_string"}}],"inLanguage":"fi"}]}},"uagb_featured_image_src":{"full":false,"thumbnail":false,"medium":false,"medium_large":false,"large":false,"1536x1536":false,"2048x2048":false,"post-thumbnail":false,"twentyfourteen-full-width":false},"uagb_author_info":{"display_name":"Pia Tolonen","author_link":"https:\/\/blogit.gradia.fi\/sahkonet\/author\/halmepia\/"},"uagb_comment_info":0,"uagb_excerpt":"Versa 5 K\u00e4ytt\u00f6ohje&gt;&gt; Versa K\u00e4ytt\u00f6ohje FI.pdf Asennusohje &gt;&gt; Versa Asennusohje FI.pdf Ohjelmointiohje &gt;&gt; Versa Ohjelmointiohje FI.pdf Ohjelmisto &gt;&gt; DLOADX ohjelmointi ohjelmisto Ohjelmisto &gt;&gt; FLASHX ohjelmaversion p\u00e4ivitys ohjelmisto Ohjelmaversio &gt;&gt; VERSA ohjelmaversioiden lataus Versa Plus Lataa ohje &gt;&gt; VERSA Plus k\u00e4ytt\u00f6ohje Lataa &gt;&gt; VERSA Plus pikak\u00e4ytt\u00f6ohje Lataa ohje &gt;&gt; VERSA Plus asennusohje Lataa ohjelmointiohje &gt;&gt; VERSA&hellip;","_links":{"self":[{"href":"https:\/\/blogit.gradia.fi\/sahkonet\/wp-json\/wp\/v2\/pages\/1069","targetHints":{"allow":["GET"]}}],"collection":[{"href":"https:\/\/blogit.gradia.fi\/sahkonet\/wp-json\/wp\/v2\/pages"}],"about":[{"href":"https:\/\/blogit.gradia.fi\/sahkonet\/wp-json\/wp\/v2\/types\/page"}],"author":[{"embeddable":true,"href":"https:\/\/blogit.gradia.fi\/sahkonet\/wp-json\/wp\/v2\/users\/179"}],"replies":[{"embeddable":true,"href":"https:\/\/blogit.gradia.fi\/sahkonet\/wp-json\/wp\/v2\/comments?post=1069"}],"version-history":[{"count":0,"href":"https:\/\/blogit.gradia.fi\/sahkonet\/wp-json\/wp\/v2\/pages\/1069\/revisions"}],"up":[{"embeddable":true,"href":"https:\/\/blogit.gradia.fi\/sahkonet\/wp-json\/wp\/v2\/pages\/80"}],"wp:attachment":[{"href":"https:\/\/blogit.gradia.fi\/sahkonet\/wp-json\/wp\/v2\/media?parent=1069"}],"curies":[{"name":"wp","href":"https:\/\/api.w.org\/{rel}","templated":true}]}}