{"id":1067,"date":"2015-01-09T08:13:09","date_gmt":"2015-01-09T06:13:09","guid":{"rendered":"https:\/\/blogit.gradia.fi\/sahkonet\/?page_id=1067"},"modified":"2015-01-23T12:10:18","modified_gmt":"2015-01-23T10:10:18","slug":"dali-teoriatehtavat","status":"publish","type":"page","link":"https:\/\/blogit.gradia.fi\/sahkonet\/kiinteistoautomaatio\/perusteet\/lammityksen-ohjaus\/dali-valaistuksen-ohjaus\/dali-teoriatehtavat\/","title":{"rendered":"Dali &#8211; teoriateht\u00e4v\u00e4t"},"content":{"rendered":"<p>DALI-valaistus \u2013 Teoriateht\u00e4v\u00e4t 1<\/p>\n<p>Teht\u00e4v\u00e4 1.<\/p>\n<p>Selvit\u00e4 lyhyesti, mihin digitaalista valaistuksenohjausta tarvitaan. Mieti, korvaavatko digitaaliset ohjaukset kokonaan perinteiset valaisinkytkimet, vai onko perinteisill\u00e4 kytkimill\u00e4 viel\u00e4 paikkansa?<\/p>\n<p>Teht\u00e4v\u00e4 2.<\/p>\n<p>Mill\u00e4 tavoin digitaalisen valaistuksenohjauksen kytkent\u00e4 eroaa perinteisist\u00e4 valaisinkytkimist\u00e4? Mit\u00e4 erilaisia kytkent\u00e4tapoja l\u00f6yd\u00e4t? Voiko ohjaussignaalin kuljettaa verkkovirran mukana?<\/p>\n<p>Teht\u00e4v\u00e4 3.<\/p>\n<p>Etsi tietoa muutamista ohjausv\u00e4ylist\u00e4, ja selvit\u00e4 niiden rakenne sek\u00e4 fyysinen kytkent\u00e4.<\/p>\n<p>Teht\u00e4v\u00e4 4.<\/p>\n<p>Perehdy DALI-v\u00e4yl\u00e4laitteiden tiedonsiirtoon. Mit\u00e4 erityyppisi\u00e4 ohjaustapoja is\u00e4nt\u00e4laite voi k\u00e4ytt\u00e4\u00e4 valaisimien ohjaukseen? Millainen on v\u00e4yl\u00e4n s\u00e4hk\u00f6inen kytkent\u00e4?<\/p>\n<p>Milt\u00e4 n\u00e4ytt\u00e4\u00e4 DALI-datapaketi?<\/p>\n<p>Teht\u00e4v\u00e4 5.<\/p>\n<p>Perehdy DALI-v\u00e4yl\u00e4laitteiden ohjelmointiin. Selvit\u00e4 erityisesti seuraavat termit:<\/p>\n<ul>\n<li>short address<\/li>\n<li>long address<\/li>\n<li>random addressing<\/li>\n<li>physical selection addressing<\/li>\n<\/ul>\n<p>Teht\u00e4v\u00e4 6.<\/p>\n<p>Selvit\u00e4, mit\u00e4 parametreja DALI-valaisimille voi m\u00e4\u00e4ritell\u00e4.<\/p>\n<p>Teht\u00e4v\u00e4 7.<\/p>\n<p>Mihin DALI soveltuu? Miss\u00e4 tilanteessa sen tilalle kannattaisi valita esimerkiksi KNX?<\/p>\n<p>Teht\u00e4v\u00e4 8.<\/p>\n<p>Mill\u00e4 tavoin valaistuksen \u00e4lykk\u00e4\u00e4ll\u00e4 ohjauksella voisi s\u00e4\u00e4st\u00e4\u00e4 energiaa?<\/p>\n<p>DALI-valaistus \u2013 Teoriateht\u00e4v\u00e4t 2<\/p>\n<p>Teht\u00e4v\u00e4 1.<\/p>\n<p>Perehtyminen<\/p>\n<p>Tutustu oppimisymp\u00e4rist\u00f6n laitteistoon ja laadi j\u00e4rjestelm\u00e4kaavio.<\/p>\n<p>Teht\u00e4v\u00e4 2.<\/p>\n<p>Laitteiston k\u00e4ytt\u00f6\u00f6notto ja m\u00e4\u00e4rittely<\/p>\n<p>Suunnittele ja kokoa tarvittava WAGO laitteisto, sek\u00e4 tarvittavat liit\u00e4nn\u00e4t. Valaisimet kytket\u00e4\u00e4n DALI-v\u00e4yl\u00e4\u00e4n, sek\u00e4 painikkeet voit ottaa k\u00e4ytt\u00f6\u00f6n haluamallasi tavalla (kentt\u00e4v\u00e4yl\u00e4laitteen avulla tai suoraan DI-kortteihin).<\/p>\n<p>Teht\u00e4v\u00e4 3.<\/p>\n<p>DALI-laitteiden ohjelmointi<\/p>\n<p>Tarkistettuasi s\u00e4hk\u00f6iset kytkenn\u00e4t, suunnittele valaisimien ohjelmointi ja toteuta se haluamallasi tavalla.<\/p>\n<p>Teht\u00e4v\u00e4 4.<\/p>\n<p>WAGO-ohjelmisto<\/p>\n<p>Suunnittele ja toteuta WAGO:lla ohjelmisto, joka ohjaa valaisimia painikkeiden avulla. K\u00e4yt\u00e4 hyv\u00e4ksesi erityyppisi\u00e4 ohjaustapoja, eik\u00e4 pelk\u00e4st\u00e4\u00e4n suoria ohjausk\u00e4skyj\u00e4.<\/p>\n<p>Teht\u00e4v\u00e4 5.<\/p>\n<p>Automaattiset ohjaukset<\/p>\n<p>Suunnittele ja toteuta ohjelmisto, joka ohjaa valoja liiketunnistimien mukaan. Voit simuloida liiketunnistimia valaisinsermin painonapeilla. Toteuta samaan ohjelmaan my\u00f6s valojen kellok\u00e4ytt\u00f6j\u00e4.<\/p>\n","protected":false},"excerpt":{"rendered":"<p>DALI-valaistus \u2013 Teoriateht\u00e4v\u00e4t 1 Teht\u00e4v\u00e4 1. Selvit\u00e4 lyhyesti, mihin digitaalista valaistuksenohjausta tarvitaan. Mieti, korvaavatko digitaaliset ohjaukset kokonaan perinteiset valaisinkytkimet, vai onko perinteisill\u00e4 kytkimill\u00e4 viel\u00e4 paikkansa? Teht\u00e4v\u00e4 2. Mill\u00e4 tavoin digitaalisen valaistuksenohjauksen kytkent\u00e4 eroaa perinteisist\u00e4 valaisinkytkimist\u00e4? Mit\u00e4 erilaisia kytkent\u00e4tapoja l\u00f6yd\u00e4t? Voiko ohjaussignaalin kuljettaa verkkovirran mukana? Teht\u00e4v\u00e4 3. Etsi tietoa muutamista ohjausv\u00e4ylist\u00e4, ja selvit\u00e4 niiden rakenne sek\u00e4 &hellip; <a href=\"https:\/\/blogit.gradia.fi\/sahkonet\/kiinteistoautomaatio\/perusteet\/lammityksen-ohjaus\/dali-valaistuksen-ohjaus\/dali-teoriatehtavat\/\" class=\"more-link\">Jatka lukemista <span class=\"screen-reader-text\">Dali &#8211; teoriateht\u00e4v\u00e4t<\/span> <span class=\"meta-nav\">&rarr;<\/span><\/a><\/p>\n","protected":false},"author":179,"featured_media":0,"parent":1046,"menu_order":0,"comment_status":"closed","ping_status":"closed","template":"","meta":{"_uag_custom_page_level_css":"","footnotes":""},"class_list":["post-1067","page","type-page","status-publish","hentry"],"yoast_head":"<!-- This site is optimized with the Yoast SEO plugin v27.4 - https:\/\/yoast.com\/product\/yoast-seo-wordpress\/ -->\n<title>Dali - teoriateht\u00e4v\u00e4t - S\u00e4hk\u00f6Net<\/title>\n<meta name=\"robots\" content=\"index, follow, max-snippet:-1, max-image-preview:large, max-video-preview:-1\" \/>\n<link rel=\"canonical\" href=\"https:\/\/blogit.gradia.fi\/sahkonet\/kiinteistoautomaatio\/perusteet\/lammityksen-ohjaus\/dali-valaistuksen-ohjaus\/dali-teoriatehtavat\/\" \/>\n<meta property=\"og:locale\" content=\"fi_FI\" \/>\n<meta property=\"og:type\" content=\"article\" \/>\n<meta property=\"og:title\" content=\"Dali - teoriateht\u00e4v\u00e4t - S\u00e4hk\u00f6Net\" \/>\n<meta property=\"og:description\" content=\"DALI-valaistus \u2013 Teoriateht\u00e4v\u00e4t 1 Teht\u00e4v\u00e4 1. Selvit\u00e4 lyhyesti, mihin digitaalista valaistuksenohjausta tarvitaan. Mieti, korvaavatko digitaaliset ohjaukset kokonaan perinteiset valaisinkytkimet, vai onko perinteisill\u00e4 kytkimill\u00e4 viel\u00e4 paikkansa? Teht\u00e4v\u00e4 2. Mill\u00e4 tavoin digitaalisen valaistuksenohjauksen kytkent\u00e4 eroaa perinteisist\u00e4 valaisinkytkimist\u00e4? Mit\u00e4 erilaisia kytkent\u00e4tapoja l\u00f6yd\u00e4t? Voiko ohjaussignaalin kuljettaa verkkovirran mukana? Teht\u00e4v\u00e4 3. Etsi tietoa muutamista ohjausv\u00e4ylist\u00e4, ja selvit\u00e4 niiden rakenne sek\u00e4 &hellip; Jatka lukemista Dali &#8211; teoriateht\u00e4v\u00e4t &rarr;\" \/>\n<meta property=\"og:url\" content=\"https:\/\/blogit.gradia.fi\/sahkonet\/kiinteistoautomaatio\/perusteet\/lammityksen-ohjaus\/dali-valaistuksen-ohjaus\/dali-teoriatehtavat\/\" \/>\n<meta property=\"og:site_name\" content=\"S\u00e4hk\u00f6Net\" \/>\n<meta property=\"article:modified_time\" content=\"2015-01-23T10:10:18+00:00\" \/>\n<meta name=\"twitter:card\" content=\"summary_large_image\" \/>\n<meta name=\"twitter:label1\" content=\"Arvioitu lukuaika\" \/>\n\t<meta name=\"twitter:data1\" content=\"1 minuutti\" \/>\n<script type=\"application\/ld+json\" class=\"yoast-schema-graph\">{\"@context\":\"https:\\\/\\\/schema.org\",\"@graph\":[{\"@type\":\"WebPage\",\"@id\":\"https:\\\/\\\/blogit.gradia.fi\\\/sahkonet\\\/kiinteistoautomaatio\\\/perusteet\\\/lammityksen-ohjaus\\\/dali-valaistuksen-ohjaus\\\/dali-teoriatehtavat\\\/\",\"url\":\"https:\\\/\\\/blogit.gradia.fi\\\/sahkonet\\\/kiinteistoautomaatio\\\/perusteet\\\/lammityksen-ohjaus\\\/dali-valaistuksen-ohjaus\\\/dali-teoriatehtavat\\\/\",\"name\":\"Dali - teoriateht\u00e4v\u00e4t - S\u00e4hk\u00f6Net\",\"isPartOf\":{\"@id\":\"https:\\\/\\\/blogit.gradia.fi\\\/sahkonet\\\/#website\"},\"datePublished\":\"2015-01-09T06:13:09+00:00\",\"dateModified\":\"2015-01-23T10:10:18+00:00\",\"breadcrumb\":{\"@id\":\"https:\\\/\\\/blogit.gradia.fi\\\/sahkonet\\\/kiinteistoautomaatio\\\/perusteet\\\/lammityksen-ohjaus\\\/dali-valaistuksen-ohjaus\\\/dali-teoriatehtavat\\\/#breadcrumb\"},\"inLanguage\":\"fi\",\"potentialAction\":[{\"@type\":\"ReadAction\",\"target\":[\"https:\\\/\\\/blogit.gradia.fi\\\/sahkonet\\\/kiinteistoautomaatio\\\/perusteet\\\/lammityksen-ohjaus\\\/dali-valaistuksen-ohjaus\\\/dali-teoriatehtavat\\\/\"]}]},{\"@type\":\"BreadcrumbList\",\"@id\":\"https:\\\/\\\/blogit.gradia.fi\\\/sahkonet\\\/kiinteistoautomaatio\\\/perusteet\\\/lammityksen-ohjaus\\\/dali-valaistuksen-ohjaus\\\/dali-teoriatehtavat\\\/#breadcrumb\",\"itemListElement\":[{\"@type\":\"ListItem\",\"position\":1,\"name\":\"Kiinteist\u00f6jen automaatio- ja tietoj\u00e4rjestelm\u00e4t (30 osp)\",\"item\":\"https:\\\/\\\/blogit.gradia.fi\\\/sahkonet\\\/kiinteistoautomaatio\\\/\"},{\"@type\":\"ListItem\",\"position\":2,\"name\":\"Perusteet\",\"item\":\"https:\\\/\\\/blogit.gradia.fi\\\/sahkonet\\\/kiinteistoautomaatio\\\/perusteet\\\/\"},{\"@type\":\"ListItem\",\"position\":3,\"name\":\"Oppimisteht\u00e4v\u00e4t\",\"item\":\"https:\\\/\\\/blogit.gradia.fi\\\/sahkonet\\\/kiinteistoautomaatio\\\/perusteet\\\/lammityksen-ohjaus\\\/\"},{\"@type\":\"ListItem\",\"position\":4,\"name\":\"DALI valaistuksen ohjaus\",\"item\":\"https:\\\/\\\/blogit.gradia.fi\\\/sahkonet\\\/kiinteistoautomaatio\\\/perusteet\\\/lammityksen-ohjaus\\\/dali-valaistuksen-ohjaus\\\/\"},{\"@type\":\"ListItem\",\"position\":5,\"name\":\"Dali &#8211; teoriateht\u00e4v\u00e4t\"}]},{\"@type\":\"WebSite\",\"@id\":\"https:\\\/\\\/blogit.gradia.fi\\\/sahkonet\\\/#website\",\"url\":\"https:\\\/\\\/blogit.gradia.fi\\\/sahkonet\\\/\",\"name\":\"S\u00e4hk\u00f6Net\",\"description\":\"S\u00e4hk\u00f6- ja automaatiotekniikan perustutkinto\",\"potentialAction\":[{\"@type\":\"SearchAction\",\"target\":{\"@type\":\"EntryPoint\",\"urlTemplate\":\"https:\\\/\\\/blogit.gradia.fi\\\/sahkonet\\\/?s={search_term_string}\"},\"query-input\":{\"@type\":\"PropertyValueSpecification\",\"valueRequired\":true,\"valueName\":\"search_term_string\"}}],\"inLanguage\":\"fi\"}]}<\/script>\n<!-- \/ Yoast SEO plugin. -->","yoast_head_json":{"title":"Dali - teoriateht\u00e4v\u00e4t - S\u00e4hk\u00f6Net","robots":{"index":"index","follow":"follow","max-snippet":"max-snippet:-1","max-image-preview":"max-image-preview:large","max-video-preview":"max-video-preview:-1"},"canonical":"https:\/\/blogit.gradia.fi\/sahkonet\/kiinteistoautomaatio\/perusteet\/lammityksen-ohjaus\/dali-valaistuksen-ohjaus\/dali-teoriatehtavat\/","og_locale":"fi_FI","og_type":"article","og_title":"Dali - teoriateht\u00e4v\u00e4t - S\u00e4hk\u00f6Net","og_description":"DALI-valaistus \u2013 Teoriateht\u00e4v\u00e4t 1 Teht\u00e4v\u00e4 1. Selvit\u00e4 lyhyesti, mihin digitaalista valaistuksenohjausta tarvitaan. Mieti, korvaavatko digitaaliset ohjaukset kokonaan perinteiset valaisinkytkimet, vai onko perinteisill\u00e4 kytkimill\u00e4 viel\u00e4 paikkansa? Teht\u00e4v\u00e4 2. Mill\u00e4 tavoin digitaalisen valaistuksenohjauksen kytkent\u00e4 eroaa perinteisist\u00e4 valaisinkytkimist\u00e4? Mit\u00e4 erilaisia kytkent\u00e4tapoja l\u00f6yd\u00e4t? Voiko ohjaussignaalin kuljettaa verkkovirran mukana? Teht\u00e4v\u00e4 3. Etsi tietoa muutamista ohjausv\u00e4ylist\u00e4, ja selvit\u00e4 niiden rakenne sek\u00e4 &hellip; Jatka lukemista Dali &#8211; teoriateht\u00e4v\u00e4t &rarr;","og_url":"https:\/\/blogit.gradia.fi\/sahkonet\/kiinteistoautomaatio\/perusteet\/lammityksen-ohjaus\/dali-valaistuksen-ohjaus\/dali-teoriatehtavat\/","og_site_name":"S\u00e4hk\u00f6Net","article_modified_time":"2015-01-23T10:10:18+00:00","twitter_card":"summary_large_image","twitter_misc":{"Arvioitu lukuaika":"1 minuutti"},"schema":{"@context":"https:\/\/schema.org","@graph":[{"@type":"WebPage","@id":"https:\/\/blogit.gradia.fi\/sahkonet\/kiinteistoautomaatio\/perusteet\/lammityksen-ohjaus\/dali-valaistuksen-ohjaus\/dali-teoriatehtavat\/","url":"https:\/\/blogit.gradia.fi\/sahkonet\/kiinteistoautomaatio\/perusteet\/lammityksen-ohjaus\/dali-valaistuksen-ohjaus\/dali-teoriatehtavat\/","name":"Dali - teoriateht\u00e4v\u00e4t - S\u00e4hk\u00f6Net","isPartOf":{"@id":"https:\/\/blogit.gradia.fi\/sahkonet\/#website"},"datePublished":"2015-01-09T06:13:09+00:00","dateModified":"2015-01-23T10:10:18+00:00","breadcrumb":{"@id":"https:\/\/blogit.gradia.fi\/sahkonet\/kiinteistoautomaatio\/perusteet\/lammityksen-ohjaus\/dali-valaistuksen-ohjaus\/dali-teoriatehtavat\/#breadcrumb"},"inLanguage":"fi","potentialAction":[{"@type":"ReadAction","target":["https:\/\/blogit.gradia.fi\/sahkonet\/kiinteistoautomaatio\/perusteet\/lammityksen-ohjaus\/dali-valaistuksen-ohjaus\/dali-teoriatehtavat\/"]}]},{"@type":"BreadcrumbList","@id":"https:\/\/blogit.gradia.fi\/sahkonet\/kiinteistoautomaatio\/perusteet\/lammityksen-ohjaus\/dali-valaistuksen-ohjaus\/dali-teoriatehtavat\/#breadcrumb","itemListElement":[{"@type":"ListItem","position":1,"name":"Kiinteist\u00f6jen automaatio- ja tietoj\u00e4rjestelm\u00e4t (30 osp)","item":"https:\/\/blogit.gradia.fi\/sahkonet\/kiinteistoautomaatio\/"},{"@type":"ListItem","position":2,"name":"Perusteet","item":"https:\/\/blogit.gradia.fi\/sahkonet\/kiinteistoautomaatio\/perusteet\/"},{"@type":"ListItem","position":3,"name":"Oppimisteht\u00e4v\u00e4t","item":"https:\/\/blogit.gradia.fi\/sahkonet\/kiinteistoautomaatio\/perusteet\/lammityksen-ohjaus\/"},{"@type":"ListItem","position":4,"name":"DALI valaistuksen ohjaus","item":"https:\/\/blogit.gradia.fi\/sahkonet\/kiinteistoautomaatio\/perusteet\/lammityksen-ohjaus\/dali-valaistuksen-ohjaus\/"},{"@type":"ListItem","position":5,"name":"Dali &#8211; teoriateht\u00e4v\u00e4t"}]},{"@type":"WebSite","@id":"https:\/\/blogit.gradia.fi\/sahkonet\/#website","url":"https:\/\/blogit.gradia.fi\/sahkonet\/","name":"S\u00e4hk\u00f6Net","description":"S\u00e4hk\u00f6- ja automaatiotekniikan perustutkinto","potentialAction":[{"@type":"SearchAction","target":{"@type":"EntryPoint","urlTemplate":"https:\/\/blogit.gradia.fi\/sahkonet\/?s={search_term_string}"},"query-input":{"@type":"PropertyValueSpecification","valueRequired":true,"valueName":"search_term_string"}}],"inLanguage":"fi"}]}},"uagb_featured_image_src":{"full":false,"thumbnail":false,"medium":false,"medium_large":false,"large":false,"1536x1536":false,"2048x2048":false,"post-thumbnail":false,"twentyfourteen-full-width":false},"uagb_author_info":{"display_name":"Pia Tolonen","author_link":"https:\/\/blogit.gradia.fi\/sahkonet\/author\/halmepia\/"},"uagb_comment_info":0,"uagb_excerpt":"DALI-valaistus \u2013 Teoriateht\u00e4v\u00e4t 1 Teht\u00e4v\u00e4 1. Selvit\u00e4 lyhyesti, mihin digitaalista valaistuksenohjausta tarvitaan. Mieti, korvaavatko digitaaliset ohjaukset kokonaan perinteiset valaisinkytkimet, vai onko perinteisill\u00e4 kytkimill\u00e4 viel\u00e4 paikkansa? Teht\u00e4v\u00e4 2. Mill\u00e4 tavoin digitaalisen valaistuksenohjauksen kytkent\u00e4 eroaa perinteisist\u00e4 valaisinkytkimist\u00e4? Mit\u00e4 erilaisia kytkent\u00e4tapoja l\u00f6yd\u00e4t? Voiko ohjaussignaalin kuljettaa verkkovirran mukana? Teht\u00e4v\u00e4 3. Etsi tietoa muutamista ohjausv\u00e4ylist\u00e4, ja selvit\u00e4 niiden rakenne sek\u00e4&hellip;","_links":{"self":[{"href":"https:\/\/blogit.gradia.fi\/sahkonet\/wp-json\/wp\/v2\/pages\/1067","targetHints":{"allow":["GET"]}}],"collection":[{"href":"https:\/\/blogit.gradia.fi\/sahkonet\/wp-json\/wp\/v2\/pages"}],"about":[{"href":"https:\/\/blogit.gradia.fi\/sahkonet\/wp-json\/wp\/v2\/types\/page"}],"author":[{"embeddable":true,"href":"https:\/\/blogit.gradia.fi\/sahkonet\/wp-json\/wp\/v2\/users\/179"}],"replies":[{"embeddable":true,"href":"https:\/\/blogit.gradia.fi\/sahkonet\/wp-json\/wp\/v2\/comments?post=1067"}],"version-history":[{"count":0,"href":"https:\/\/blogit.gradia.fi\/sahkonet\/wp-json\/wp\/v2\/pages\/1067\/revisions"}],"up":[{"embeddable":true,"href":"https:\/\/blogit.gradia.fi\/sahkonet\/wp-json\/wp\/v2\/pages\/1046"}],"wp:attachment":[{"href":"https:\/\/blogit.gradia.fi\/sahkonet\/wp-json\/wp\/v2\/media?parent=1067"}],"curies":[{"name":"wp","href":"https:\/\/api.w.org\/{rel}","templated":true}]}}