{"id":1063,"date":"2015-01-09T08:11:10","date_gmt":"2015-01-09T06:11:10","guid":{"rendered":"https:\/\/blogit.gradia.fi\/sahkonet\/?page_id=1063"},"modified":"2015-01-28T11:48:21","modified_gmt":"2015-01-28T09:48:21","slug":"rikosilmoitusjarjestelma-teoriatehtavat","status":"publish","type":"page","link":"https:\/\/blogit.gradia.fi\/sahkonet\/kiinteistoautomaatio\/perusteet\/lammityksen-ohjaus\/rikosilmoitusjarjestelma\/rikosilmoitusjarjestelma-teoriatehtavat\/","title":{"rendered":"Rikosilmoitusj\u00e4rjestelm\u00e4 &#8211; teoriateht\u00e4v\u00e4t"},"content":{"rendered":"<p>1)\u00a0\u00a0 \u00a0Mik\u00e4 on rikosilmoitinj\u00e4rjestelm\u00e4n tarkoitus?<\/p>\n<p>2)\u00a0\u00a0 \u00a0Millaisissa tiloissa k\u00e4ytet\u00e4\u00e4n seuraavia valvontatapoja? Miten kyseisiss\u00e4 tiloissa valvonta toteutetaan?<br \/>\na)\u00a0\u00a0 \u00a0Keh\u00e4valvonta<br \/>\nb)\u00a0\u00a0 \u00a0Kuorivalvonta<br \/>\nc)\u00a0\u00a0 \u00a0Tilavalvonta<br \/>\nd)\u00a0\u00a0 \u00a0Kohdevalvonta<br \/>\ne)\u00a0\u00a0 \u00a0Ry\u00f6st\u00f6ilmaisu<\/p>\n<p>3)\u00a0\u00a0 \u00a0Piirr\u00e4 rikosilmoitinj\u00e4rjestelm\u00e4n yleinen rakenne (lohkokaavio).<\/p>\n<p>4)\u00a0\u00a0 \u00a0Mik\u00e4 on paikallish\u00e4lytys?<\/p>\n<p>5)\u00a0\u00a0 \u00a0Mik\u00e4 on h\u00e4lytyksen siirto?<\/p>\n<p>6)\u00a0\u00a0 \u00a0Luettele kolme (3) toiminnaltaan erilaista rikosilmoitinkeskustyyppi\u00e4.<\/p>\n<p>7)\u00a0\u00a0 \u00a0Mik\u00e4 on seuraavien laitteiden merkitys? Mihin niit\u00e4 k\u00e4ytet\u00e4\u00e4n?<br \/>\na)\u00a0\u00a0 \u00a0K\u00e4ytt\u00f6laite<br \/>\nb)\u00a0\u00a0 \u00a0Avainohisulkija<br \/>\nc)\u00a0\u00a0 \u00a0Koodiohisulkija<br \/>\nd)\u00a0\u00a0 \u00a0Koodiavainlukija<br \/>\ne)\u00a0\u00a0 \u00a0Langaton kauko-ohjain<\/p>\n<p>8)\u00a0\u00a0 \u00a0Selit\u00e4 (piirr\u00e4\/kuvaile) lyhyesti seuraavat kaapelointitavat:<br \/>\na)\u00a0\u00a0 \u00a0Suora kaapelointi<br \/>\nb)\u00a0\u00a0 \u00a0T\u00e4hti kaapelointi<\/p>\n<p>9)\u00a0\u00a0 \u00a0Mit\u00e4 ovat seuraavat ilmaisimen kytkent\u00e4tavat (mit\u00e4 silmukoita ne ovat)?<br \/>\n<a href=\"https:\/\/blogit.gradia.fi\/sahkonet\/wp-content\/uploads\/sites\/80\/2015\/01\/silmukat.png\"><img loading=\"lazy\" decoding=\"async\" class=\"alignnone size-medium wp-image-1064\" src=\"https:\/\/blogit.gradia.fi\/sahkonet\/wp-content\/uploads\/sites\/80\/2015\/01\/silmukat-300x98.png\" alt=\"silmukat\" width=\"300\" height=\"98\" srcset=\"https:\/\/blogit.gradia.fi\/sahkonet\/wp-content\/uploads\/sites\/80\/2015\/01\/silmukat-300x98.png 300w, https:\/\/blogit.gradia.fi\/sahkonet\/wp-content\/uploads\/sites\/80\/2015\/01\/silmukat.png 892w\" sizes=\"auto, (max-width: 300px) 100vw, 300px\" \/><\/a><\/p>\n<p>10)\u00a0\u00a0 \u00a0Mit\u00e4 tarkoittavat seuraavat k\u00e4sitteet?<br \/>\na)\u00a0\u00a0 \u00a0Silmukka<br \/>\nb)\u00a0\u00a0 \u00a0V\u00e4yl\u00e4<\/p>\n<p>11)\u00a0\u00a0 \u00a0Millaisia ovat langattomat j\u00e4rjestelm\u00e4t, milloin niit\u00e4 voidaan k\u00e4ytt\u00e4\u00e4?<\/p>\n<p>12)\u00a0\u00a0 \u00a0Luettele rikosilmoitinj\u00e4rjestelm\u00e4\u00e4n liitett\u00e4vi\u00e4 ilmaisimia.<\/p>\n<p>13)\u00a0\u00a0 \u00a0Kuvaile seuraavien suojaustapojen tarkoitus ja toiminta?<br \/>\na)\u00a0\u00a0 \u00a0Kuorisuojaus<br \/>\nb)\u00a0\u00a0 \u00a0Tilavalvonta<\/p>\n<p>14)\u00a0\u00a0 \u00a0Millainen on ns. monivalvontakeskus?<\/p>\n<p>15)\u00a0\u00a0 \u00a0Millaisia kaapeleita rikosilmoitinj\u00e4rjestelm\u00e4n kaapeloinneissa k\u00e4ytet\u00e4\u00e4n?<\/p>\n<p>16)\u00a0\u00a0 \u00a0Mit\u00e4 on huomioitava rikosilmoitinj\u00e4rjestelm\u00e4n hankinnassa?<\/p>\n<p><strong>LIITETIEDOSTOT:<\/strong><\/p>\n<p><a href=\"https:\/\/blogit.gradia.fi\/sahkonet\/wp-content\/uploads\/sites\/80\/2015\/01\/Rikosilmoitinj\u00e4rjestelm\u00e4t-esitysversio_rev3.pdf\">Rikosilmoitinj\u00e4rjestelm\u00e4t esitysversio_rev3<\/a><\/p>\n","protected":false},"excerpt":{"rendered":"<p>1)\u00a0\u00a0 \u00a0Mik\u00e4 on rikosilmoitinj\u00e4rjestelm\u00e4n tarkoitus? 2)\u00a0\u00a0 \u00a0Millaisissa tiloissa k\u00e4ytet\u00e4\u00e4n seuraavia valvontatapoja? Miten kyseisiss\u00e4 tiloissa valvonta toteutetaan? a)\u00a0\u00a0 \u00a0Keh\u00e4valvonta b)\u00a0\u00a0 \u00a0Kuorivalvonta c)\u00a0\u00a0 \u00a0Tilavalvonta d)\u00a0\u00a0 \u00a0Kohdevalvonta e)\u00a0\u00a0 \u00a0Ry\u00f6st\u00f6ilmaisu 3)\u00a0\u00a0 \u00a0Piirr\u00e4 rikosilmoitinj\u00e4rjestelm\u00e4n yleinen rakenne (lohkokaavio). 4)\u00a0\u00a0 \u00a0Mik\u00e4 on paikallish\u00e4lytys? 5)\u00a0\u00a0 \u00a0Mik\u00e4 on h\u00e4lytyksen siirto? 6)\u00a0\u00a0 \u00a0Luettele kolme (3) toiminnaltaan erilaista rikosilmoitinkeskustyyppi\u00e4. 7)\u00a0\u00a0 \u00a0Mik\u00e4 on seuraavien laitteiden merkitys? Mihin &hellip; <a href=\"https:\/\/blogit.gradia.fi\/sahkonet\/kiinteistoautomaatio\/perusteet\/lammityksen-ohjaus\/rikosilmoitusjarjestelma\/rikosilmoitusjarjestelma-teoriatehtavat\/\" class=\"more-link\">Jatka lukemista <span class=\"screen-reader-text\">Rikosilmoitusj\u00e4rjestelm\u00e4 &#8211; teoriateht\u00e4v\u00e4t<\/span> <span class=\"meta-nav\">&rarr;<\/span><\/a><\/p>\n","protected":false},"author":179,"featured_media":0,"parent":1069,"menu_order":12,"comment_status":"closed","ping_status":"closed","template":"","meta":{"_uag_custom_page_level_css":"","footnotes":""},"class_list":["post-1063","page","type-page","status-publish","hentry"],"yoast_head":"<!-- This site is optimized with the Yoast SEO plugin v27.4 - https:\/\/yoast.com\/product\/yoast-seo-wordpress\/ -->\n<title>Rikosilmoitusj\u00e4rjestelm\u00e4 - teoriateht\u00e4v\u00e4t - S\u00e4hk\u00f6Net<\/title>\n<meta name=\"robots\" content=\"index, follow, max-snippet:-1, max-image-preview:large, max-video-preview:-1\" \/>\n<link rel=\"canonical\" href=\"https:\/\/blogit.gradia.fi\/sahkonet\/kiinteistoautomaatio\/perusteet\/lammityksen-ohjaus\/rikosilmoitusjarjestelma\/rikosilmoitusjarjestelma-teoriatehtavat\/\" \/>\n<meta property=\"og:locale\" content=\"fi_FI\" \/>\n<meta property=\"og:type\" content=\"article\" \/>\n<meta property=\"og:title\" content=\"Rikosilmoitusj\u00e4rjestelm\u00e4 - teoriateht\u00e4v\u00e4t - S\u00e4hk\u00f6Net\" \/>\n<meta property=\"og:description\" content=\"1)\u00a0\u00a0 \u00a0Mik\u00e4 on rikosilmoitinj\u00e4rjestelm\u00e4n tarkoitus? 2)\u00a0\u00a0 \u00a0Millaisissa tiloissa k\u00e4ytet\u00e4\u00e4n seuraavia valvontatapoja? Miten kyseisiss\u00e4 tiloissa valvonta toteutetaan? a)\u00a0\u00a0 \u00a0Keh\u00e4valvonta b)\u00a0\u00a0 \u00a0Kuorivalvonta c)\u00a0\u00a0 \u00a0Tilavalvonta d)\u00a0\u00a0 \u00a0Kohdevalvonta e)\u00a0\u00a0 \u00a0Ry\u00f6st\u00f6ilmaisu 3)\u00a0\u00a0 \u00a0Piirr\u00e4 rikosilmoitinj\u00e4rjestelm\u00e4n yleinen rakenne (lohkokaavio). 4)\u00a0\u00a0 \u00a0Mik\u00e4 on paikallish\u00e4lytys? 5)\u00a0\u00a0 \u00a0Mik\u00e4 on h\u00e4lytyksen siirto? 6)\u00a0\u00a0 \u00a0Luettele kolme (3) toiminnaltaan erilaista rikosilmoitinkeskustyyppi\u00e4. 7)\u00a0\u00a0 \u00a0Mik\u00e4 on seuraavien laitteiden merkitys? Mihin &hellip; Jatka lukemista Rikosilmoitusj\u00e4rjestelm\u00e4 &#8211; teoriateht\u00e4v\u00e4t &rarr;\" \/>\n<meta property=\"og:url\" content=\"https:\/\/blogit.gradia.fi\/sahkonet\/kiinteistoautomaatio\/perusteet\/lammityksen-ohjaus\/rikosilmoitusjarjestelma\/rikosilmoitusjarjestelma-teoriatehtavat\/\" \/>\n<meta property=\"og:site_name\" content=\"S\u00e4hk\u00f6Net\" \/>\n<meta property=\"article:modified_time\" content=\"2015-01-28T09:48:21+00:00\" \/>\n<meta property=\"og:image\" content=\"https:\/\/blogit.gradia.fi\/sahkonet\/wp-content\/uploads\/sites\/80\/2015\/01\/silmukat-300x98.png\" \/>\n<meta name=\"twitter:card\" content=\"summary_large_image\" \/>\n<meta name=\"twitter:label1\" content=\"Arvioitu lukuaika\" \/>\n\t<meta name=\"twitter:data1\" content=\"1 minuutti\" \/>\n<script type=\"application\/ld+json\" class=\"yoast-schema-graph\">{\"@context\":\"https:\\\/\\\/schema.org\",\"@graph\":[{\"@type\":\"WebPage\",\"@id\":\"https:\\\/\\\/blogit.gradia.fi\\\/sahkonet\\\/kiinteistoautomaatio\\\/perusteet\\\/lammityksen-ohjaus\\\/rikosilmoitusjarjestelma\\\/rikosilmoitusjarjestelma-teoriatehtavat\\\/\",\"url\":\"https:\\\/\\\/blogit.gradia.fi\\\/sahkonet\\\/kiinteistoautomaatio\\\/perusteet\\\/lammityksen-ohjaus\\\/rikosilmoitusjarjestelma\\\/rikosilmoitusjarjestelma-teoriatehtavat\\\/\",\"name\":\"Rikosilmoitusj\u00e4rjestelm\u00e4 - teoriateht\u00e4v\u00e4t - S\u00e4hk\u00f6Net\",\"isPartOf\":{\"@id\":\"https:\\\/\\\/blogit.gradia.fi\\\/sahkonet\\\/#website\"},\"primaryImageOfPage\":{\"@id\":\"https:\\\/\\\/blogit.gradia.fi\\\/sahkonet\\\/kiinteistoautomaatio\\\/perusteet\\\/lammityksen-ohjaus\\\/rikosilmoitusjarjestelma\\\/rikosilmoitusjarjestelma-teoriatehtavat\\\/#primaryimage\"},\"image\":{\"@id\":\"https:\\\/\\\/blogit.gradia.fi\\\/sahkonet\\\/kiinteistoautomaatio\\\/perusteet\\\/lammityksen-ohjaus\\\/rikosilmoitusjarjestelma\\\/rikosilmoitusjarjestelma-teoriatehtavat\\\/#primaryimage\"},\"thumbnailUrl\":\"https:\\\/\\\/blogit.gradia.fi\\\/sahkonet\\\/wp-content\\\/uploads\\\/sites\\\/80\\\/2015\\\/01\\\/silmukat-300x98.png\",\"datePublished\":\"2015-01-09T06:11:10+00:00\",\"dateModified\":\"2015-01-28T09:48:21+00:00\",\"breadcrumb\":{\"@id\":\"https:\\\/\\\/blogit.gradia.fi\\\/sahkonet\\\/kiinteistoautomaatio\\\/perusteet\\\/lammityksen-ohjaus\\\/rikosilmoitusjarjestelma\\\/rikosilmoitusjarjestelma-teoriatehtavat\\\/#breadcrumb\"},\"inLanguage\":\"fi\",\"potentialAction\":[{\"@type\":\"ReadAction\",\"target\":[\"https:\\\/\\\/blogit.gradia.fi\\\/sahkonet\\\/kiinteistoautomaatio\\\/perusteet\\\/lammityksen-ohjaus\\\/rikosilmoitusjarjestelma\\\/rikosilmoitusjarjestelma-teoriatehtavat\\\/\"]}]},{\"@type\":\"ImageObject\",\"inLanguage\":\"fi\",\"@id\":\"https:\\\/\\\/blogit.gradia.fi\\\/sahkonet\\\/kiinteistoautomaatio\\\/perusteet\\\/lammityksen-ohjaus\\\/rikosilmoitusjarjestelma\\\/rikosilmoitusjarjestelma-teoriatehtavat\\\/#primaryimage\",\"url\":\"https:\\\/\\\/blogit.gradia.fi\\\/sahkonet\\\/wp-content\\\/uploads\\\/sites\\\/80\\\/2015\\\/01\\\/silmukat.png\",\"contentUrl\":\"https:\\\/\\\/blogit.gradia.fi\\\/sahkonet\\\/wp-content\\\/uploads\\\/sites\\\/80\\\/2015\\\/01\\\/silmukat.png\",\"width\":892,\"height\":292},{\"@type\":\"BreadcrumbList\",\"@id\":\"https:\\\/\\\/blogit.gradia.fi\\\/sahkonet\\\/kiinteistoautomaatio\\\/perusteet\\\/lammityksen-ohjaus\\\/rikosilmoitusjarjestelma\\\/rikosilmoitusjarjestelma-teoriatehtavat\\\/#breadcrumb\",\"itemListElement\":[{\"@type\":\"ListItem\",\"position\":1,\"name\":\"Kiinteist\u00f6jen automaatio- ja tietoj\u00e4rjestelm\u00e4t (30 osp)\",\"item\":\"https:\\\/\\\/blogit.gradia.fi\\\/sahkonet\\\/kiinteistoautomaatio\\\/\"},{\"@type\":\"ListItem\",\"position\":2,\"name\":\"Perusteet\",\"item\":\"https:\\\/\\\/blogit.gradia.fi\\\/sahkonet\\\/kiinteistoautomaatio\\\/perusteet\\\/\"},{\"@type\":\"ListItem\",\"position\":3,\"name\":\"Oppimisteht\u00e4v\u00e4t\",\"item\":\"https:\\\/\\\/blogit.gradia.fi\\\/sahkonet\\\/kiinteistoautomaatio\\\/perusteet\\\/lammityksen-ohjaus\\\/\"},{\"@type\":\"ListItem\",\"position\":4,\"name\":\"Rikosilmoitusj\u00e4rjestelm\u00e4\",\"item\":\"https:\\\/\\\/blogit.gradia.fi\\\/sahkonet\\\/kiinteistoautomaatio\\\/perusteet\\\/lammityksen-ohjaus\\\/rikosilmoitusjarjestelma\\\/\"},{\"@type\":\"ListItem\",\"position\":5,\"name\":\"Rikosilmoitusj\u00e4rjestelm\u00e4 &#8211; teoriateht\u00e4v\u00e4t\"}]},{\"@type\":\"WebSite\",\"@id\":\"https:\\\/\\\/blogit.gradia.fi\\\/sahkonet\\\/#website\",\"url\":\"https:\\\/\\\/blogit.gradia.fi\\\/sahkonet\\\/\",\"name\":\"S\u00e4hk\u00f6Net\",\"description\":\"S\u00e4hk\u00f6- ja automaatiotekniikan perustutkinto\",\"potentialAction\":[{\"@type\":\"SearchAction\",\"target\":{\"@type\":\"EntryPoint\",\"urlTemplate\":\"https:\\\/\\\/blogit.gradia.fi\\\/sahkonet\\\/?s={search_term_string}\"},\"query-input\":{\"@type\":\"PropertyValueSpecification\",\"valueRequired\":true,\"valueName\":\"search_term_string\"}}],\"inLanguage\":\"fi\"}]}<\/script>\n<!-- \/ Yoast SEO plugin. -->","yoast_head_json":{"title":"Rikosilmoitusj\u00e4rjestelm\u00e4 - teoriateht\u00e4v\u00e4t - S\u00e4hk\u00f6Net","robots":{"index":"index","follow":"follow","max-snippet":"max-snippet:-1","max-image-preview":"max-image-preview:large","max-video-preview":"max-video-preview:-1"},"canonical":"https:\/\/blogit.gradia.fi\/sahkonet\/kiinteistoautomaatio\/perusteet\/lammityksen-ohjaus\/rikosilmoitusjarjestelma\/rikosilmoitusjarjestelma-teoriatehtavat\/","og_locale":"fi_FI","og_type":"article","og_title":"Rikosilmoitusj\u00e4rjestelm\u00e4 - teoriateht\u00e4v\u00e4t - S\u00e4hk\u00f6Net","og_description":"1)\u00a0\u00a0 \u00a0Mik\u00e4 on rikosilmoitinj\u00e4rjestelm\u00e4n tarkoitus? 2)\u00a0\u00a0 \u00a0Millaisissa tiloissa k\u00e4ytet\u00e4\u00e4n seuraavia valvontatapoja? Miten kyseisiss\u00e4 tiloissa valvonta toteutetaan? a)\u00a0\u00a0 \u00a0Keh\u00e4valvonta b)\u00a0\u00a0 \u00a0Kuorivalvonta c)\u00a0\u00a0 \u00a0Tilavalvonta d)\u00a0\u00a0 \u00a0Kohdevalvonta e)\u00a0\u00a0 \u00a0Ry\u00f6st\u00f6ilmaisu 3)\u00a0\u00a0 \u00a0Piirr\u00e4 rikosilmoitinj\u00e4rjestelm\u00e4n yleinen rakenne (lohkokaavio). 4)\u00a0\u00a0 \u00a0Mik\u00e4 on paikallish\u00e4lytys? 5)\u00a0\u00a0 \u00a0Mik\u00e4 on h\u00e4lytyksen siirto? 6)\u00a0\u00a0 \u00a0Luettele kolme (3) toiminnaltaan erilaista rikosilmoitinkeskustyyppi\u00e4. 7)\u00a0\u00a0 \u00a0Mik\u00e4 on seuraavien laitteiden merkitys? Mihin &hellip; Jatka lukemista Rikosilmoitusj\u00e4rjestelm\u00e4 &#8211; teoriateht\u00e4v\u00e4t &rarr;","og_url":"https:\/\/blogit.gradia.fi\/sahkonet\/kiinteistoautomaatio\/perusteet\/lammityksen-ohjaus\/rikosilmoitusjarjestelma\/rikosilmoitusjarjestelma-teoriatehtavat\/","og_site_name":"S\u00e4hk\u00f6Net","article_modified_time":"2015-01-28T09:48:21+00:00","og_image":[{"url":"https:\/\/blogit.gradia.fi\/sahkonet\/wp-content\/uploads\/sites\/80\/2015\/01\/silmukat-300x98.png","type":"","width":"","height":""}],"twitter_card":"summary_large_image","twitter_misc":{"Arvioitu lukuaika":"1 minuutti"},"schema":{"@context":"https:\/\/schema.org","@graph":[{"@type":"WebPage","@id":"https:\/\/blogit.gradia.fi\/sahkonet\/kiinteistoautomaatio\/perusteet\/lammityksen-ohjaus\/rikosilmoitusjarjestelma\/rikosilmoitusjarjestelma-teoriatehtavat\/","url":"https:\/\/blogit.gradia.fi\/sahkonet\/kiinteistoautomaatio\/perusteet\/lammityksen-ohjaus\/rikosilmoitusjarjestelma\/rikosilmoitusjarjestelma-teoriatehtavat\/","name":"Rikosilmoitusj\u00e4rjestelm\u00e4 - teoriateht\u00e4v\u00e4t - S\u00e4hk\u00f6Net","isPartOf":{"@id":"https:\/\/blogit.gradia.fi\/sahkonet\/#website"},"primaryImageOfPage":{"@id":"https:\/\/blogit.gradia.fi\/sahkonet\/kiinteistoautomaatio\/perusteet\/lammityksen-ohjaus\/rikosilmoitusjarjestelma\/rikosilmoitusjarjestelma-teoriatehtavat\/#primaryimage"},"image":{"@id":"https:\/\/blogit.gradia.fi\/sahkonet\/kiinteistoautomaatio\/perusteet\/lammityksen-ohjaus\/rikosilmoitusjarjestelma\/rikosilmoitusjarjestelma-teoriatehtavat\/#primaryimage"},"thumbnailUrl":"https:\/\/blogit.gradia.fi\/sahkonet\/wp-content\/uploads\/sites\/80\/2015\/01\/silmukat-300x98.png","datePublished":"2015-01-09T06:11:10+00:00","dateModified":"2015-01-28T09:48:21+00:00","breadcrumb":{"@id":"https:\/\/blogit.gradia.fi\/sahkonet\/kiinteistoautomaatio\/perusteet\/lammityksen-ohjaus\/rikosilmoitusjarjestelma\/rikosilmoitusjarjestelma-teoriatehtavat\/#breadcrumb"},"inLanguage":"fi","potentialAction":[{"@type":"ReadAction","target":["https:\/\/blogit.gradia.fi\/sahkonet\/kiinteistoautomaatio\/perusteet\/lammityksen-ohjaus\/rikosilmoitusjarjestelma\/rikosilmoitusjarjestelma-teoriatehtavat\/"]}]},{"@type":"ImageObject","inLanguage":"fi","@id":"https:\/\/blogit.gradia.fi\/sahkonet\/kiinteistoautomaatio\/perusteet\/lammityksen-ohjaus\/rikosilmoitusjarjestelma\/rikosilmoitusjarjestelma-teoriatehtavat\/#primaryimage","url":"https:\/\/blogit.gradia.fi\/sahkonet\/wp-content\/uploads\/sites\/80\/2015\/01\/silmukat.png","contentUrl":"https:\/\/blogit.gradia.fi\/sahkonet\/wp-content\/uploads\/sites\/80\/2015\/01\/silmukat.png","width":892,"height":292},{"@type":"BreadcrumbList","@id":"https:\/\/blogit.gradia.fi\/sahkonet\/kiinteistoautomaatio\/perusteet\/lammityksen-ohjaus\/rikosilmoitusjarjestelma\/rikosilmoitusjarjestelma-teoriatehtavat\/#breadcrumb","itemListElement":[{"@type":"ListItem","position":1,"name":"Kiinteist\u00f6jen automaatio- ja tietoj\u00e4rjestelm\u00e4t (30 osp)","item":"https:\/\/blogit.gradia.fi\/sahkonet\/kiinteistoautomaatio\/"},{"@type":"ListItem","position":2,"name":"Perusteet","item":"https:\/\/blogit.gradia.fi\/sahkonet\/kiinteistoautomaatio\/perusteet\/"},{"@type":"ListItem","position":3,"name":"Oppimisteht\u00e4v\u00e4t","item":"https:\/\/blogit.gradia.fi\/sahkonet\/kiinteistoautomaatio\/perusteet\/lammityksen-ohjaus\/"},{"@type":"ListItem","position":4,"name":"Rikosilmoitusj\u00e4rjestelm\u00e4","item":"https:\/\/blogit.gradia.fi\/sahkonet\/kiinteistoautomaatio\/perusteet\/lammityksen-ohjaus\/rikosilmoitusjarjestelma\/"},{"@type":"ListItem","position":5,"name":"Rikosilmoitusj\u00e4rjestelm\u00e4 &#8211; teoriateht\u00e4v\u00e4t"}]},{"@type":"WebSite","@id":"https:\/\/blogit.gradia.fi\/sahkonet\/#website","url":"https:\/\/blogit.gradia.fi\/sahkonet\/","name":"S\u00e4hk\u00f6Net","description":"S\u00e4hk\u00f6- ja automaatiotekniikan perustutkinto","potentialAction":[{"@type":"SearchAction","target":{"@type":"EntryPoint","urlTemplate":"https:\/\/blogit.gradia.fi\/sahkonet\/?s={search_term_string}"},"query-input":{"@type":"PropertyValueSpecification","valueRequired":true,"valueName":"search_term_string"}}],"inLanguage":"fi"}]}},"uagb_featured_image_src":{"full":false,"thumbnail":false,"medium":false,"medium_large":false,"large":false,"1536x1536":false,"2048x2048":false,"post-thumbnail":false,"twentyfourteen-full-width":false},"uagb_author_info":{"display_name":"Pia Tolonen","author_link":"https:\/\/blogit.gradia.fi\/sahkonet\/author\/halmepia\/"},"uagb_comment_info":0,"uagb_excerpt":"1)\u00a0\u00a0 \u00a0Mik\u00e4 on rikosilmoitinj\u00e4rjestelm\u00e4n tarkoitus? 2)\u00a0\u00a0 \u00a0Millaisissa tiloissa k\u00e4ytet\u00e4\u00e4n seuraavia valvontatapoja? Miten kyseisiss\u00e4 tiloissa valvonta toteutetaan? a)\u00a0\u00a0 \u00a0Keh\u00e4valvonta b)\u00a0\u00a0 \u00a0Kuorivalvonta c)\u00a0\u00a0 \u00a0Tilavalvonta d)\u00a0\u00a0 \u00a0Kohdevalvonta e)\u00a0\u00a0 \u00a0Ry\u00f6st\u00f6ilmaisu 3)\u00a0\u00a0 \u00a0Piirr\u00e4 rikosilmoitinj\u00e4rjestelm\u00e4n yleinen rakenne (lohkokaavio). 4)\u00a0\u00a0 \u00a0Mik\u00e4 on paikallish\u00e4lytys? 5)\u00a0\u00a0 \u00a0Mik\u00e4 on h\u00e4lytyksen siirto? 6)\u00a0\u00a0 \u00a0Luettele kolme (3) toiminnaltaan erilaista rikosilmoitinkeskustyyppi\u00e4. 7)\u00a0\u00a0 \u00a0Mik\u00e4 on seuraavien laitteiden merkitys? Mihin&hellip;","_links":{"self":[{"href":"https:\/\/blogit.gradia.fi\/sahkonet\/wp-json\/wp\/v2\/pages\/1063","targetHints":{"allow":["GET"]}}],"collection":[{"href":"https:\/\/blogit.gradia.fi\/sahkonet\/wp-json\/wp\/v2\/pages"}],"about":[{"href":"https:\/\/blogit.gradia.fi\/sahkonet\/wp-json\/wp\/v2\/types\/page"}],"author":[{"embeddable":true,"href":"https:\/\/blogit.gradia.fi\/sahkonet\/wp-json\/wp\/v2\/users\/179"}],"replies":[{"embeddable":true,"href":"https:\/\/blogit.gradia.fi\/sahkonet\/wp-json\/wp\/v2\/comments?post=1063"}],"version-history":[{"count":0,"href":"https:\/\/blogit.gradia.fi\/sahkonet\/wp-json\/wp\/v2\/pages\/1063\/revisions"}],"up":[{"embeddable":true,"href":"https:\/\/blogit.gradia.fi\/sahkonet\/wp-json\/wp\/v2\/pages\/1069"}],"wp:attachment":[{"href":"https:\/\/blogit.gradia.fi\/sahkonet\/wp-json\/wp\/v2\/media?parent=1063"}],"curies":[{"name":"wp","href":"https:\/\/api.w.org\/{rel}","templated":true}]}}