{"id":1035,"date":"2015-01-08T09:49:58","date_gmt":"2015-01-08T07:49:58","guid":{"rendered":"https:\/\/blogit.gradia.fi\/sahkonet\/?page_id=1035"},"modified":"2015-01-08T09:57:19","modified_gmt":"2015-01-08T07:57:19","slug":"ouman-plus-valvonta","status":"publish","type":"page","link":"https:\/\/blogit.gradia.fi\/sahkonet\/kiinteistoautomaatio\/perusteet\/lammityksen-ohjaus\/ouman-plus-valvonta\/","title":{"rendered":"OUMAN PLUS valvonta"},"content":{"rendered":"<p><strong>Valmistelut<br \/>\n<\/strong><\/p>\n<ol>\n<li>Tee lista kaapeleista ja komponenteista, joita asennuksessa k\u00e4yt\u00e4t<\/li>\n<li>Merkitse harjoitusymp\u00e4rist\u00f6n kuvaan kentt\u00e4laitteiden yms. asennettavien komponenttien korkeudet ja et\u00e4isyydet kiinteist\u00e4 rakenteista<\/li>\n<li>N\u00c4YT\u00c4 TEKEM\u00c4SI TY\u00d6T OPETTAJALLE!<\/li>\n<\/ol>\n<p><strong>\u00a0Kaapelointi<\/strong><\/p>\n<ol>\n<li>Suorita kaapeliasennukset:\n<ol>\n<li>J\u00e4t\u00e4 kaapeleihin riitt\u00e4v\u00e4sti pituutta<\/li>\n<li>Merkitse kaapeleiden molemmat p\u00e4\u00e4t koje\/kaapelitunnuksella<\/li>\n<li>J\u00e4t\u00e4 kaapeleihin tarvittavat huoltolenkit kentt\u00e4laitteiden p\u00e4\u00e4h\u00e4n (KYSY OPETTAJALTA)<\/li>\n<li>Vie heikkovirtakaapelit kuorimattomana mahdollisimman l\u00e4helle niiden liittimi\u00e4<\/li>\n<li>N\u00c4YT\u00c4 TEKEM\u00c4SI TY\u00d6T OPETTAJALLE!<\/li>\n<\/ol>\n<\/li>\n<\/ol>\n<p><strong>\u00a0Kytkent\u00e4<\/strong><\/p>\n<ol>\n<li>Suorita laiteasennukset kent\u00e4lle ja keskuksiin, laita kaikki tekniset dokumentit talteen kuvakansioon<\/li>\n<li>Merkitse kaikki kentt\u00e4laitteet tarrakirjoittimella (kuvissa olevat laitetunnukset)<\/li>\n<li>Tee tarvittavat sis\u00e4iset johdotukset keskuksiin (KYSY OPETTAJALTA)<\/li>\n<li>Kytke kentt\u00e4laitteet<\/li>\n<li>Suorita tarvittavat mittaukset ja testaukset tarvittaviin heikkovirtakaapeleihin (KYSY OPETTAJALTA)<\/li>\n<li>Kytke keskukset<\/li>\n<li>Merkitse keskuksen komponentit tarrakirjoittimella (kuvissa olevat laitetunnukset)<\/li>\n<li>N\u00c4YT\u00c4 TEKEM\u00c4SI TY\u00d6T OPETTAJALLE!<\/li>\n<\/ol>\n<p><strong>\u00a0Tarkastus<\/strong><\/p>\n<ol>\n<li>Suorita k\u00e4ytt\u00f6\u00f6nottotarkastus opettajan kanssa<\/li>\n<li>T\u00e4yt\u00e4 k\u00e4ytt\u00f6\u00f6nottotarkastusp\u00f6yt\u00e4kirja opettajan kanssa<\/li>\n<li>Suorita k\u00e4ytt\u00f6\u00f6notto yhdess\u00e4 opettajan kanssa<\/li>\n<li>S\u00c4HK\u00d6J\u00c4 EI SAA MENN\u00c4 KYTKEM\u00c4\u00c4N P\u00c4\u00c4LLE ILMAN OPETTAJAN LUPAA!!<\/li>\n<li>T\u00e4ydenn\u00e4 s\u00e4hk\u00f6kuviin mahdolliset puutteet<\/li>\n<li>Esittele j\u00e4rjestelm\u00e4n toimintaa luokan muille oppilaille (asiakkaan k\u00e4ytt\u00f6 koulutus)<\/li>\n<li>Luvan saatuasi pura kentt\u00e4kaapeloinnit pois.<\/li>\n<\/ol>\n<p>&nbsp;<\/p>\n<p>OUMAN PLUS taloautomaatio (oma kotelo)<\/p>\n<ul>\n<ul>\n<li><strong>1 kpl<\/strong><\/li>\n<li>Murto\/palovalvonta\/pistorasiat\/valaistus\n<ul>\n<li>S11 &#8211; Savuilmaisin Ei 181<\/li>\n<li>S10 &#8211; CO2 ilmaisin DCO-530R<\/li>\n<li>Asennusteline paloilmaisimille (2kpl)<\/li>\n<li>S9 &#8211; Teippianturi DL<\/li>\n<li>S8 &#8211; Liikeilmaisin DDM-LC100PI<\/li>\n<li>S7 &#8211; Ovikosketin SM-PM\/FM, DGB<\/li>\n<li>TX1 &#8211; Ulkol\u00e4mp\u00f6tila\/valaistusvoimakkuus TMO-LUX\/NTC-10<\/li>\n<li>S12 &#8211; Koodin\u00e4pp\u00e4imist\u00f6 SPB-STAR100R<\/li>\n<li>H1 &#8211; LED merkkivalo RILED-12<\/li>\n<li>Pinta-asennus kotelo (1kpl)<\/li>\n<li>Relekortti Phoenix UMK-6<\/li>\n<li>TV3 &#8211; 3-pisteventtili Belimo HRYD24-3 p\u00e4\u00e4vesiventtiili<\/li>\n<li>H3, H4 &#8211; AVR6 valaisin (2kpl)<\/li>\n<li>PR1 &#8211; Pinta sukopr IP44 ulos 1kpl<\/li>\n<\/ul>\n<\/li>\n<\/ul>\n<\/ul>\n<p><strong>LIITETIEDOSTOT<\/strong><\/p>\n<p><a href=\"https:\/\/blogit.gradia.fi\/sahkonet\/wp-content\/uploads\/sites\/80\/2015\/01\/100R_IP100R_Quick_Installation_Guide_English_20120321.pdf\">100R_IP100R_Quick_Installation_Guide_English_20120321<br \/>\n<\/a> <a href=\"https:\/\/blogit.gradia.fi\/sahkonet\/wp-content\/uploads\/sites\/80\/2015\/01\/Harjoitusymp\u00e4rist\u00f6_Plus-valvonta_1.pdf\">Harjoitusymp\u00e4rist\u00f6_Plus-valvonta_1<\/a><br \/>\n<a href=\"https:\/\/blogit.gradia.fi\/sahkonet\/wp-content\/uploads\/sites\/80\/2015\/01\/Harjoitusymp\u00e4rist\u00f6_Plus-valvonta_2.pdf\">Harjoitusymp\u00e4rist\u00f6_Plus-valvonta_2<\/a><br \/>\n<a href=\"https:\/\/blogit.gradia.fi\/sahkonet\/wp-content\/uploads\/sites\/80\/2015\/01\/IP-100REnglish-Manual.pdf\">IP-100R(English-Manual)<br \/>\n<\/a> <a href=\"https:\/\/blogit.gradia.fi\/sahkonet\/wp-content\/uploads\/sites\/80\/2015\/01\/IP-100REnglish-Manual2.pdf\">IP-100R(English-Manual)2<\/a><br \/>\n<a href=\"https:\/\/blogit.gradia.fi\/sahkonet\/wp-content\/uploads\/sites\/80\/2015\/01\/PLUS_valvonta_Kytkent\u00e4kuva.pdf\">PLUS_valvonta_Kytkent\u00e4kuva<\/a><br \/>\n<a href=\"https:\/\/blogit.gradia.fi\/sahkonet\/wp-content\/uploads\/sites\/80\/2015\/01\/RK_Ohjausvirtakaavio_Plus-valvonta_1.pdf\">RK_Ohjausvirtakaavio_Plus-valvonta_1<\/a><br \/>\n<a href=\"https:\/\/blogit.gradia.fi\/sahkonet\/wp-content\/uploads\/sites\/80\/2015\/01\/RK_Ohjausvirtakaavio_Plus-valvonta_2.pdf\">RK_Ohjausvirtakaavio_Plus-valvonta_2<\/a><br \/>\n<a href=\"https:\/\/blogit.gradia.fi\/sahkonet\/wp-content\/uploads\/sites\/80\/2015\/01\/RK_P\u00e4\u00e4kaavio_Plus-valvonta.pdf\">RK_P\u00e4\u00e4kaavio_Plus-valvonta<\/a><\/p>\n","protected":false},"excerpt":{"rendered":"<p>Valmistelut Tee lista kaapeleista ja komponenteista, joita asennuksessa k\u00e4yt\u00e4t Merkitse harjoitusymp\u00e4rist\u00f6n kuvaan kentt\u00e4laitteiden yms. asennettavien komponenttien korkeudet ja et\u00e4isyydet kiinteist\u00e4 rakenteista N\u00c4YT\u00c4 TEKEM\u00c4SI TY\u00d6T OPETTAJALLE! \u00a0Kaapelointi Suorita kaapeliasennukset: J\u00e4t\u00e4 kaapeleihin riitt\u00e4v\u00e4sti pituutta Merkitse kaapeleiden molemmat p\u00e4\u00e4t koje\/kaapelitunnuksella J\u00e4t\u00e4 kaapeleihin tarvittavat huoltolenkit kentt\u00e4laitteiden p\u00e4\u00e4h\u00e4n (KYSY OPETTAJALTA) Vie heikkovirtakaapelit kuorimattomana mahdollisimman l\u00e4helle niiden liittimi\u00e4 N\u00c4YT\u00c4 TEKEM\u00c4SI TY\u00d6T &hellip; <a href=\"https:\/\/blogit.gradia.fi\/sahkonet\/kiinteistoautomaatio\/perusteet\/lammityksen-ohjaus\/ouman-plus-valvonta\/\" class=\"more-link\">Jatka lukemista <span class=\"screen-reader-text\">OUMAN PLUS valvonta<\/span> <span class=\"meta-nav\">&rarr;<\/span><\/a><\/p>\n","protected":false},"author":179,"featured_media":0,"parent":80,"menu_order":4,"comment_status":"closed","ping_status":"closed","template":"","meta":{"_uag_custom_page_level_css":"","footnotes":""},"class_list":["post-1035","page","type-page","status-publish","hentry"],"yoast_head":"<!-- This site is optimized with the Yoast SEO plugin v27.4 - https:\/\/yoast.com\/product\/yoast-seo-wordpress\/ -->\n<title>OUMAN PLUS valvonta - S\u00e4hk\u00f6Net<\/title>\n<meta name=\"robots\" content=\"index, follow, max-snippet:-1, max-image-preview:large, max-video-preview:-1\" \/>\n<link rel=\"canonical\" href=\"https:\/\/blogit.gradia.fi\/sahkonet\/kiinteistoautomaatio\/perusteet\/lammityksen-ohjaus\/ouman-plus-valvonta\/\" \/>\n<meta property=\"og:locale\" content=\"fi_FI\" \/>\n<meta property=\"og:type\" content=\"article\" \/>\n<meta property=\"og:title\" content=\"OUMAN PLUS valvonta - S\u00e4hk\u00f6Net\" \/>\n<meta property=\"og:description\" content=\"Valmistelut Tee lista kaapeleista ja komponenteista, joita asennuksessa k\u00e4yt\u00e4t Merkitse harjoitusymp\u00e4rist\u00f6n kuvaan kentt\u00e4laitteiden yms. asennettavien komponenttien korkeudet ja et\u00e4isyydet kiinteist\u00e4 rakenteista N\u00c4YT\u00c4 TEKEM\u00c4SI TY\u00d6T OPETTAJALLE! \u00a0Kaapelointi Suorita kaapeliasennukset: J\u00e4t\u00e4 kaapeleihin riitt\u00e4v\u00e4sti pituutta Merkitse kaapeleiden molemmat p\u00e4\u00e4t koje\/kaapelitunnuksella J\u00e4t\u00e4 kaapeleihin tarvittavat huoltolenkit kentt\u00e4laitteiden p\u00e4\u00e4h\u00e4n (KYSY OPETTAJALTA) Vie heikkovirtakaapelit kuorimattomana mahdollisimman l\u00e4helle niiden liittimi\u00e4 N\u00c4YT\u00c4 TEKEM\u00c4SI TY\u00d6T &hellip; Jatka lukemista OUMAN PLUS valvonta &rarr;\" \/>\n<meta property=\"og:url\" content=\"https:\/\/blogit.gradia.fi\/sahkonet\/kiinteistoautomaatio\/perusteet\/lammityksen-ohjaus\/ouman-plus-valvonta\/\" \/>\n<meta property=\"og:site_name\" content=\"S\u00e4hk\u00f6Net\" \/>\n<meta property=\"article:modified_time\" content=\"2015-01-08T07:57:19+00:00\" \/>\n<meta name=\"twitter:card\" content=\"summary_large_image\" \/>\n<meta name=\"twitter:label1\" content=\"Arvioitu lukuaika\" \/>\n\t<meta name=\"twitter:data1\" content=\"2 minuuttia\" \/>\n<script type=\"application\/ld+json\" class=\"yoast-schema-graph\">{\"@context\":\"https:\\\/\\\/schema.org\",\"@graph\":[{\"@type\":\"WebPage\",\"@id\":\"https:\\\/\\\/blogit.gradia.fi\\\/sahkonet\\\/kiinteistoautomaatio\\\/perusteet\\\/lammityksen-ohjaus\\\/ouman-plus-valvonta\\\/\",\"url\":\"https:\\\/\\\/blogit.gradia.fi\\\/sahkonet\\\/kiinteistoautomaatio\\\/perusteet\\\/lammityksen-ohjaus\\\/ouman-plus-valvonta\\\/\",\"name\":\"OUMAN PLUS valvonta - S\u00e4hk\u00f6Net\",\"isPartOf\":{\"@id\":\"https:\\\/\\\/blogit.gradia.fi\\\/sahkonet\\\/#website\"},\"datePublished\":\"2015-01-08T07:49:58+00:00\",\"dateModified\":\"2015-01-08T07:57:19+00:00\",\"breadcrumb\":{\"@id\":\"https:\\\/\\\/blogit.gradia.fi\\\/sahkonet\\\/kiinteistoautomaatio\\\/perusteet\\\/lammityksen-ohjaus\\\/ouman-plus-valvonta\\\/#breadcrumb\"},\"inLanguage\":\"fi\",\"potentialAction\":[{\"@type\":\"ReadAction\",\"target\":[\"https:\\\/\\\/blogit.gradia.fi\\\/sahkonet\\\/kiinteistoautomaatio\\\/perusteet\\\/lammityksen-ohjaus\\\/ouman-plus-valvonta\\\/\"]}]},{\"@type\":\"BreadcrumbList\",\"@id\":\"https:\\\/\\\/blogit.gradia.fi\\\/sahkonet\\\/kiinteistoautomaatio\\\/perusteet\\\/lammityksen-ohjaus\\\/ouman-plus-valvonta\\\/#breadcrumb\",\"itemListElement\":[{\"@type\":\"ListItem\",\"position\":1,\"name\":\"Kiinteist\u00f6jen automaatio- ja tietoj\u00e4rjestelm\u00e4t (30 osp)\",\"item\":\"https:\\\/\\\/blogit.gradia.fi\\\/sahkonet\\\/kiinteistoautomaatio\\\/\"},{\"@type\":\"ListItem\",\"position\":2,\"name\":\"Perusteet\",\"item\":\"https:\\\/\\\/blogit.gradia.fi\\\/sahkonet\\\/kiinteistoautomaatio\\\/perusteet\\\/\"},{\"@type\":\"ListItem\",\"position\":3,\"name\":\"Oppimisteht\u00e4v\u00e4t\",\"item\":\"https:\\\/\\\/blogit.gradia.fi\\\/sahkonet\\\/kiinteistoautomaatio\\\/perusteet\\\/lammityksen-ohjaus\\\/\"},{\"@type\":\"ListItem\",\"position\":4,\"name\":\"OUMAN PLUS valvonta\"}]},{\"@type\":\"WebSite\",\"@id\":\"https:\\\/\\\/blogit.gradia.fi\\\/sahkonet\\\/#website\",\"url\":\"https:\\\/\\\/blogit.gradia.fi\\\/sahkonet\\\/\",\"name\":\"S\u00e4hk\u00f6Net\",\"description\":\"S\u00e4hk\u00f6- ja automaatiotekniikan perustutkinto\",\"potentialAction\":[{\"@type\":\"SearchAction\",\"target\":{\"@type\":\"EntryPoint\",\"urlTemplate\":\"https:\\\/\\\/blogit.gradia.fi\\\/sahkonet\\\/?s={search_term_string}\"},\"query-input\":{\"@type\":\"PropertyValueSpecification\",\"valueRequired\":true,\"valueName\":\"search_term_string\"}}],\"inLanguage\":\"fi\"}]}<\/script>\n<!-- \/ Yoast SEO plugin. -->","yoast_head_json":{"title":"OUMAN PLUS valvonta - S\u00e4hk\u00f6Net","robots":{"index":"index","follow":"follow","max-snippet":"max-snippet:-1","max-image-preview":"max-image-preview:large","max-video-preview":"max-video-preview:-1"},"canonical":"https:\/\/blogit.gradia.fi\/sahkonet\/kiinteistoautomaatio\/perusteet\/lammityksen-ohjaus\/ouman-plus-valvonta\/","og_locale":"fi_FI","og_type":"article","og_title":"OUMAN PLUS valvonta - S\u00e4hk\u00f6Net","og_description":"Valmistelut Tee lista kaapeleista ja komponenteista, joita asennuksessa k\u00e4yt\u00e4t Merkitse harjoitusymp\u00e4rist\u00f6n kuvaan kentt\u00e4laitteiden yms. asennettavien komponenttien korkeudet ja et\u00e4isyydet kiinteist\u00e4 rakenteista N\u00c4YT\u00c4 TEKEM\u00c4SI TY\u00d6T OPETTAJALLE! \u00a0Kaapelointi Suorita kaapeliasennukset: J\u00e4t\u00e4 kaapeleihin riitt\u00e4v\u00e4sti pituutta Merkitse kaapeleiden molemmat p\u00e4\u00e4t koje\/kaapelitunnuksella J\u00e4t\u00e4 kaapeleihin tarvittavat huoltolenkit kentt\u00e4laitteiden p\u00e4\u00e4h\u00e4n (KYSY OPETTAJALTA) Vie heikkovirtakaapelit kuorimattomana mahdollisimman l\u00e4helle niiden liittimi\u00e4 N\u00c4YT\u00c4 TEKEM\u00c4SI TY\u00d6T &hellip; Jatka lukemista OUMAN PLUS valvonta &rarr;","og_url":"https:\/\/blogit.gradia.fi\/sahkonet\/kiinteistoautomaatio\/perusteet\/lammityksen-ohjaus\/ouman-plus-valvonta\/","og_site_name":"S\u00e4hk\u00f6Net","article_modified_time":"2015-01-08T07:57:19+00:00","twitter_card":"summary_large_image","twitter_misc":{"Arvioitu lukuaika":"2 minuuttia"},"schema":{"@context":"https:\/\/schema.org","@graph":[{"@type":"WebPage","@id":"https:\/\/blogit.gradia.fi\/sahkonet\/kiinteistoautomaatio\/perusteet\/lammityksen-ohjaus\/ouman-plus-valvonta\/","url":"https:\/\/blogit.gradia.fi\/sahkonet\/kiinteistoautomaatio\/perusteet\/lammityksen-ohjaus\/ouman-plus-valvonta\/","name":"OUMAN PLUS valvonta - S\u00e4hk\u00f6Net","isPartOf":{"@id":"https:\/\/blogit.gradia.fi\/sahkonet\/#website"},"datePublished":"2015-01-08T07:49:58+00:00","dateModified":"2015-01-08T07:57:19+00:00","breadcrumb":{"@id":"https:\/\/blogit.gradia.fi\/sahkonet\/kiinteistoautomaatio\/perusteet\/lammityksen-ohjaus\/ouman-plus-valvonta\/#breadcrumb"},"inLanguage":"fi","potentialAction":[{"@type":"ReadAction","target":["https:\/\/blogit.gradia.fi\/sahkonet\/kiinteistoautomaatio\/perusteet\/lammityksen-ohjaus\/ouman-plus-valvonta\/"]}]},{"@type":"BreadcrumbList","@id":"https:\/\/blogit.gradia.fi\/sahkonet\/kiinteistoautomaatio\/perusteet\/lammityksen-ohjaus\/ouman-plus-valvonta\/#breadcrumb","itemListElement":[{"@type":"ListItem","position":1,"name":"Kiinteist\u00f6jen automaatio- ja tietoj\u00e4rjestelm\u00e4t (30 osp)","item":"https:\/\/blogit.gradia.fi\/sahkonet\/kiinteistoautomaatio\/"},{"@type":"ListItem","position":2,"name":"Perusteet","item":"https:\/\/blogit.gradia.fi\/sahkonet\/kiinteistoautomaatio\/perusteet\/"},{"@type":"ListItem","position":3,"name":"Oppimisteht\u00e4v\u00e4t","item":"https:\/\/blogit.gradia.fi\/sahkonet\/kiinteistoautomaatio\/perusteet\/lammityksen-ohjaus\/"},{"@type":"ListItem","position":4,"name":"OUMAN PLUS valvonta"}]},{"@type":"WebSite","@id":"https:\/\/blogit.gradia.fi\/sahkonet\/#website","url":"https:\/\/blogit.gradia.fi\/sahkonet\/","name":"S\u00e4hk\u00f6Net","description":"S\u00e4hk\u00f6- ja automaatiotekniikan perustutkinto","potentialAction":[{"@type":"SearchAction","target":{"@type":"EntryPoint","urlTemplate":"https:\/\/blogit.gradia.fi\/sahkonet\/?s={search_term_string}"},"query-input":{"@type":"PropertyValueSpecification","valueRequired":true,"valueName":"search_term_string"}}],"inLanguage":"fi"}]}},"uagb_featured_image_src":{"full":false,"thumbnail":false,"medium":false,"medium_large":false,"large":false,"1536x1536":false,"2048x2048":false,"post-thumbnail":false,"twentyfourteen-full-width":false},"uagb_author_info":{"display_name":"Pia Tolonen","author_link":"https:\/\/blogit.gradia.fi\/sahkonet\/author\/halmepia\/"},"uagb_comment_info":0,"uagb_excerpt":"Valmistelut Tee lista kaapeleista ja komponenteista, joita asennuksessa k\u00e4yt\u00e4t Merkitse harjoitusymp\u00e4rist\u00f6n kuvaan kentt\u00e4laitteiden yms. asennettavien komponenttien korkeudet ja et\u00e4isyydet kiinteist\u00e4 rakenteista N\u00c4YT\u00c4 TEKEM\u00c4SI TY\u00d6T OPETTAJALLE! \u00a0Kaapelointi Suorita kaapeliasennukset: J\u00e4t\u00e4 kaapeleihin riitt\u00e4v\u00e4sti pituutta Merkitse kaapeleiden molemmat p\u00e4\u00e4t koje\/kaapelitunnuksella J\u00e4t\u00e4 kaapeleihin tarvittavat huoltolenkit kentt\u00e4laitteiden p\u00e4\u00e4h\u00e4n (KYSY OPETTAJALTA) Vie heikkovirtakaapelit kuorimattomana mahdollisimman l\u00e4helle niiden liittimi\u00e4 N\u00c4YT\u00c4 TEKEM\u00c4SI TY\u00d6T&hellip;","_links":{"self":[{"href":"https:\/\/blogit.gradia.fi\/sahkonet\/wp-json\/wp\/v2\/pages\/1035","targetHints":{"allow":["GET"]}}],"collection":[{"href":"https:\/\/blogit.gradia.fi\/sahkonet\/wp-json\/wp\/v2\/pages"}],"about":[{"href":"https:\/\/blogit.gradia.fi\/sahkonet\/wp-json\/wp\/v2\/types\/page"}],"author":[{"embeddable":true,"href":"https:\/\/blogit.gradia.fi\/sahkonet\/wp-json\/wp\/v2\/users\/179"}],"replies":[{"embeddable":true,"href":"https:\/\/blogit.gradia.fi\/sahkonet\/wp-json\/wp\/v2\/comments?post=1035"}],"version-history":[{"count":0,"href":"https:\/\/blogit.gradia.fi\/sahkonet\/wp-json\/wp\/v2\/pages\/1035\/revisions"}],"up":[{"embeddable":true,"href":"https:\/\/blogit.gradia.fi\/sahkonet\/wp-json\/wp\/v2\/pages\/80"}],"wp:attachment":[{"href":"https:\/\/blogit.gradia.fi\/sahkonet\/wp-json\/wp\/v2\/media?parent=1035"}],"curies":[{"name":"wp","href":"https:\/\/api.w.org\/{rel}","templated":true}]}}