{"id":1027,"date":"2015-01-08T09:45:56","date_gmt":"2015-01-08T07:45:56","guid":{"rendered":"https:\/\/blogit.gradia.fi\/sahkonet\/?page_id=1027"},"modified":"2015-01-08T09:56:18","modified_gmt":"2015-01-08T07:56:18","slug":"esmi-fxm-netf1-paloilmoitinjarjestelma","status":"publish","type":"page","link":"https:\/\/blogit.gradia.fi\/sahkonet\/kiinteistoautomaatio\/perusteet\/lammityksen-ohjaus\/esmi-fxm-netf1-paloilmoitinjarjestelma\/","title":{"rendered":"ESMI FXM NET\/F1 paloilmoitinj\u00e4rjestelm\u00e4"},"content":{"rendered":"<p><strong>\u00a0Valmistelut<\/strong><\/p>\n<ol>\n<li>Tee lista kaapeleista ja komponenteista, joita asennuksessa k\u00e4yt\u00e4t<\/li>\n<li>Merkitse harjoitusymp\u00e4rist\u00f6n kuvaan kentt\u00e4laitteiden yms. asennettavien komponenttien korkeudet ja et\u00e4isyydet kiinteist\u00e4 rakenteista<\/li>\n<li>N\u00c4YT\u00c4 TEKEM\u00c4SI TY\u00d6T OPETTAJALLE!<\/li>\n<\/ol>\n<p><strong>\u00a0Kaapelointi<\/strong><\/p>\n<ol>\n<li>Suorita kaapeliasennukset:\n<ol>\n<li>J\u00e4t\u00e4 kaapeleihin riitt\u00e4v\u00e4sti pituutta<\/li>\n<li>Merkitse kaapeleiden molemmat p\u00e4\u00e4t koje\/kaapelitunnuksella<\/li>\n<li>J\u00e4t\u00e4 kaapeleihin tarvittavat huoltolenkit kentt\u00e4laitteiden p\u00e4\u00e4h\u00e4n (KYSY OPETTAJALTA)<\/li>\n<li>Vie heikkovirtakaapelit kuorimattomana mahdollisimman l\u00e4helle niiden liittimi\u00e4<\/li>\n<li>N\u00c4YT\u00c4 TEKEM\u00c4SI TY\u00d6T OPETTAJALLE!<\/li>\n<\/ol>\n<\/li>\n<\/ol>\n<p><strong>\u00a0Kytkent\u00e4<\/strong><\/p>\n<ol>\n<li>Suorita laiteasennukset kent\u00e4lle ja keskuksiin, laita kaikki tekniset dokumentit talteen kuvakansioon<\/li>\n<li>Merkitse kaikki kentt\u00e4laitteet tarrakirjoittimella (kuvissa olevat laitetunnukset)<\/li>\n<li>Tee tarvittavat sis\u00e4iset johdotukset keskuksiin (KYSY OPETTAJALTA)<\/li>\n<li>Kytke kentt\u00e4laitteet<\/li>\n<li>Suorita tarvittavat mittaukset ja testaukset tarvittaviin heikkovirtakaapeleihin (KYSY OPETTAJALTA)<\/li>\n<li>Kytke keskukset<\/li>\n<li>Merkitse keskuksen komponentit tarrakirjoittimella (kuvissa olevat laitetunnukset)<\/li>\n<li>N\u00c4YT\u00c4 TEKEM\u00c4SI TY\u00d6T OPETTAJALLE!<\/li>\n<\/ol>\n<p><strong>\u00a0Tarkastus<\/strong><\/p>\n<ol>\n<li>Suorita k\u00e4ytt\u00f6\u00f6nottotarkastus opettajan kanssa<\/li>\n<li>T\u00e4yt\u00e4 k\u00e4ytt\u00f6\u00f6nottotarkastusp\u00f6yt\u00e4kirja opettajan kanssa<\/li>\n<li>Suorita k\u00e4ytt\u00f6\u00f6notto yhdess\u00e4 opettajan kanssa<\/li>\n<li>S\u00c4HK\u00d6J\u00c4 EI SAA MENN\u00c4 KYTKEM\u00c4\u00c4N P\u00c4\u00c4LLE ILMAN OPETTAJAN LUPAA!!<\/li>\n<li>T\u00e4ydenn\u00e4 s\u00e4hk\u00f6kuviin mahdolliset puutteet<\/li>\n<li>Esittele j\u00e4rjestelm\u00e4n toimintaa luokan muille oppilaille (asiakkaan k\u00e4ytt\u00f6 koulutus)<\/li>\n<li>Luvan saatuasi pura kentt\u00e4kaapeloinnit pois.<\/li>\n<\/ol>\n<p><strong>\u00a0<\/strong><strong>FXM NET F1 paloilmoitinj\u00e4rjestelm\u00e4<\/strong><\/p>\n<ol>\n<ul>\n<li><strong>1 kpl<\/strong><\/li>\n<li>Paloilmoitin\n<ul>\n<li>1.001 \u2013 palopainike<\/li>\n<li>1.002 \u2013 optinen savuilmaisin<\/li>\n<li>1.003 \u2013 l\u00e4mp\u00f6ilmaisin<\/li>\n<li>2.001 \u2013 yhdistelm\u00e4ilmaisin (foto+l\u00e4mp\u00f6)<\/li>\n<li>2.002 \u2013 differentiaali l\u00e4mp\u00f6ilmaisin<\/li>\n<li>Sein\u00e4asennusteline paloilmaisimille (5kpl)<\/li>\n<li>PLK \u2013 palosireeni<\/li>\n<li>HV &#8211; h\u00e4lytysvalo<\/li>\n<\/ul>\n<\/li>\n<\/ul>\n<\/ol>\n<p><strong>\u00a0<\/strong><\/p>\n<p><strong>LIITETIEDOSTOT<\/strong><\/p>\n<p><a href=\"https:\/\/blogit.gradia.fi\/sahkonet\/wp-content\/uploads\/sites\/80\/2015\/01\/Harjoitusymp\u00e4rist\u00f6_Paloilmoitin_1.pdf\">Harjoitusymp\u00e4rist\u00f6_Paloilmoitin_1<br \/>\n<\/a><a href=\"https:\/\/blogit.gradia.fi\/sahkonet\/wp-content\/uploads\/sites\/80\/2015\/01\/Harjoitusymp\u00e4rist\u00f6_Paloilmoitin_2.pdf\">Harjoitusymp\u00e4rist\u00f6_Paloilmoitin_2<br \/>\n<\/a> <a href=\"https:\/\/blogit.gradia.fi\/sahkonet\/wp-content\/uploads\/sites\/80\/2015\/01\/RK_Ohjausvirtakaavio_Paloilmoitin.pdf\">RK_Ohjausvirtakaavio_Paloilmoitin<\/a><br \/>\n<a href=\"https:\/\/blogit.gradia.fi\/sahkonet\/wp-content\/uploads\/sites\/80\/2015\/01\/RK_P\u00e4\u00e4kaavio_Palloilmoitin.pdf\">RK_P\u00e4\u00e4kaavio_Palloilmoitin<\/a><\/p>\n<p><a href=\"https:\/\/blogit.gradia.fi\/sahkonet\/wp-content\/uploads\/sites\/80\/2015\/01\/O1771FI0_FX_20NET_20Asennus-_20ja_20kayttoonotto1.pdf\">O1771FI0_FX_20NET_20Asennus-_20ja_20kayttoonotto[1]<\/a><\/p>\n","protected":false},"excerpt":{"rendered":"<p>\u00a0Valmistelut Tee lista kaapeleista ja komponenteista, joita asennuksessa k\u00e4yt\u00e4t Merkitse harjoitusymp\u00e4rist\u00f6n kuvaan kentt\u00e4laitteiden yms. asennettavien komponenttien korkeudet ja et\u00e4isyydet kiinteist\u00e4 rakenteista N\u00c4YT\u00c4 TEKEM\u00c4SI TY\u00d6T OPETTAJALLE! \u00a0Kaapelointi Suorita kaapeliasennukset: J\u00e4t\u00e4 kaapeleihin riitt\u00e4v\u00e4sti pituutta Merkitse kaapeleiden molemmat p\u00e4\u00e4t koje\/kaapelitunnuksella J\u00e4t\u00e4 kaapeleihin tarvittavat huoltolenkit kentt\u00e4laitteiden p\u00e4\u00e4h\u00e4n (KYSY OPETTAJALTA) Vie heikkovirtakaapelit kuorimattomana mahdollisimman l\u00e4helle niiden liittimi\u00e4 N\u00c4YT\u00c4 TEKEM\u00c4SI TY\u00d6T &hellip; <a href=\"https:\/\/blogit.gradia.fi\/sahkonet\/kiinteistoautomaatio\/perusteet\/lammityksen-ohjaus\/esmi-fxm-netf1-paloilmoitinjarjestelma\/\" class=\"more-link\">Jatka lukemista <span class=\"screen-reader-text\">ESMI FXM NET\/F1 paloilmoitinj\u00e4rjestelm\u00e4<\/span> <span class=\"meta-nav\">&rarr;<\/span><\/a><\/p>\n","protected":false},"author":179,"featured_media":0,"parent":80,"menu_order":7,"comment_status":"closed","ping_status":"closed","template":"","meta":{"_uag_custom_page_level_css":"","footnotes":""},"class_list":["post-1027","page","type-page","status-publish","hentry"],"yoast_head":"<!-- This site is optimized with the Yoast SEO plugin v27.4 - https:\/\/yoast.com\/product\/yoast-seo-wordpress\/ -->\n<title>ESMI FXM NET\/F1 paloilmoitinj\u00e4rjestelm\u00e4 - S\u00e4hk\u00f6Net<\/title>\n<meta name=\"robots\" content=\"index, follow, max-snippet:-1, max-image-preview:large, max-video-preview:-1\" \/>\n<link rel=\"canonical\" href=\"https:\/\/blogit.gradia.fi\/sahkonet\/kiinteistoautomaatio\/perusteet\/lammityksen-ohjaus\/esmi-fxm-netf1-paloilmoitinjarjestelma\/\" \/>\n<meta property=\"og:locale\" content=\"fi_FI\" \/>\n<meta property=\"og:type\" content=\"article\" \/>\n<meta property=\"og:title\" content=\"ESMI FXM NET\/F1 paloilmoitinj\u00e4rjestelm\u00e4 - S\u00e4hk\u00f6Net\" \/>\n<meta property=\"og:description\" content=\"\u00a0Valmistelut Tee lista kaapeleista ja komponenteista, joita asennuksessa k\u00e4yt\u00e4t Merkitse harjoitusymp\u00e4rist\u00f6n kuvaan kentt\u00e4laitteiden yms. asennettavien komponenttien korkeudet ja et\u00e4isyydet kiinteist\u00e4 rakenteista N\u00c4YT\u00c4 TEKEM\u00c4SI TY\u00d6T OPETTAJALLE! \u00a0Kaapelointi Suorita kaapeliasennukset: J\u00e4t\u00e4 kaapeleihin riitt\u00e4v\u00e4sti pituutta Merkitse kaapeleiden molemmat p\u00e4\u00e4t koje\/kaapelitunnuksella J\u00e4t\u00e4 kaapeleihin tarvittavat huoltolenkit kentt\u00e4laitteiden p\u00e4\u00e4h\u00e4n (KYSY OPETTAJALTA) Vie heikkovirtakaapelit kuorimattomana mahdollisimman l\u00e4helle niiden liittimi\u00e4 N\u00c4YT\u00c4 TEKEM\u00c4SI TY\u00d6T &hellip; Jatka lukemista ESMI FXM NET\/F1 paloilmoitinj\u00e4rjestelm\u00e4 &rarr;\" \/>\n<meta property=\"og:url\" content=\"https:\/\/blogit.gradia.fi\/sahkonet\/kiinteistoautomaatio\/perusteet\/lammityksen-ohjaus\/esmi-fxm-netf1-paloilmoitinjarjestelma\/\" \/>\n<meta property=\"og:site_name\" content=\"S\u00e4hk\u00f6Net\" \/>\n<meta property=\"article:modified_time\" content=\"2015-01-08T07:56:18+00:00\" \/>\n<meta name=\"twitter:card\" content=\"summary_large_image\" \/>\n<meta name=\"twitter:label1\" content=\"Arvioitu lukuaika\" \/>\n\t<meta name=\"twitter:data1\" content=\"1 minuutti\" \/>\n<script type=\"application\/ld+json\" class=\"yoast-schema-graph\">{\"@context\":\"https:\\\/\\\/schema.org\",\"@graph\":[{\"@type\":\"WebPage\",\"@id\":\"https:\\\/\\\/blogit.gradia.fi\\\/sahkonet\\\/kiinteistoautomaatio\\\/perusteet\\\/lammityksen-ohjaus\\\/esmi-fxm-netf1-paloilmoitinjarjestelma\\\/\",\"url\":\"https:\\\/\\\/blogit.gradia.fi\\\/sahkonet\\\/kiinteistoautomaatio\\\/perusteet\\\/lammityksen-ohjaus\\\/esmi-fxm-netf1-paloilmoitinjarjestelma\\\/\",\"name\":\"ESMI FXM NET\\\/F1 paloilmoitinj\u00e4rjestelm\u00e4 - S\u00e4hk\u00f6Net\",\"isPartOf\":{\"@id\":\"https:\\\/\\\/blogit.gradia.fi\\\/sahkonet\\\/#website\"},\"datePublished\":\"2015-01-08T07:45:56+00:00\",\"dateModified\":\"2015-01-08T07:56:18+00:00\",\"breadcrumb\":{\"@id\":\"https:\\\/\\\/blogit.gradia.fi\\\/sahkonet\\\/kiinteistoautomaatio\\\/perusteet\\\/lammityksen-ohjaus\\\/esmi-fxm-netf1-paloilmoitinjarjestelma\\\/#breadcrumb\"},\"inLanguage\":\"fi\",\"potentialAction\":[{\"@type\":\"ReadAction\",\"target\":[\"https:\\\/\\\/blogit.gradia.fi\\\/sahkonet\\\/kiinteistoautomaatio\\\/perusteet\\\/lammityksen-ohjaus\\\/esmi-fxm-netf1-paloilmoitinjarjestelma\\\/\"]}]},{\"@type\":\"BreadcrumbList\",\"@id\":\"https:\\\/\\\/blogit.gradia.fi\\\/sahkonet\\\/kiinteistoautomaatio\\\/perusteet\\\/lammityksen-ohjaus\\\/esmi-fxm-netf1-paloilmoitinjarjestelma\\\/#breadcrumb\",\"itemListElement\":[{\"@type\":\"ListItem\",\"position\":1,\"name\":\"Kiinteist\u00f6jen automaatio- ja tietoj\u00e4rjestelm\u00e4t (30 osp)\",\"item\":\"https:\\\/\\\/blogit.gradia.fi\\\/sahkonet\\\/kiinteistoautomaatio\\\/\"},{\"@type\":\"ListItem\",\"position\":2,\"name\":\"Perusteet\",\"item\":\"https:\\\/\\\/blogit.gradia.fi\\\/sahkonet\\\/kiinteistoautomaatio\\\/perusteet\\\/\"},{\"@type\":\"ListItem\",\"position\":3,\"name\":\"Oppimisteht\u00e4v\u00e4t\",\"item\":\"https:\\\/\\\/blogit.gradia.fi\\\/sahkonet\\\/kiinteistoautomaatio\\\/perusteet\\\/lammityksen-ohjaus\\\/\"},{\"@type\":\"ListItem\",\"position\":4,\"name\":\"ESMI FXM NET\\\/F1 paloilmoitinj\u00e4rjestelm\u00e4\"}]},{\"@type\":\"WebSite\",\"@id\":\"https:\\\/\\\/blogit.gradia.fi\\\/sahkonet\\\/#website\",\"url\":\"https:\\\/\\\/blogit.gradia.fi\\\/sahkonet\\\/\",\"name\":\"S\u00e4hk\u00f6Net\",\"description\":\"S\u00e4hk\u00f6- ja automaatiotekniikan perustutkinto\",\"potentialAction\":[{\"@type\":\"SearchAction\",\"target\":{\"@type\":\"EntryPoint\",\"urlTemplate\":\"https:\\\/\\\/blogit.gradia.fi\\\/sahkonet\\\/?s={search_term_string}\"},\"query-input\":{\"@type\":\"PropertyValueSpecification\",\"valueRequired\":true,\"valueName\":\"search_term_string\"}}],\"inLanguage\":\"fi\"}]}<\/script>\n<!-- \/ Yoast SEO plugin. -->","yoast_head_json":{"title":"ESMI FXM NET\/F1 paloilmoitinj\u00e4rjestelm\u00e4 - S\u00e4hk\u00f6Net","robots":{"index":"index","follow":"follow","max-snippet":"max-snippet:-1","max-image-preview":"max-image-preview:large","max-video-preview":"max-video-preview:-1"},"canonical":"https:\/\/blogit.gradia.fi\/sahkonet\/kiinteistoautomaatio\/perusteet\/lammityksen-ohjaus\/esmi-fxm-netf1-paloilmoitinjarjestelma\/","og_locale":"fi_FI","og_type":"article","og_title":"ESMI FXM NET\/F1 paloilmoitinj\u00e4rjestelm\u00e4 - S\u00e4hk\u00f6Net","og_description":"\u00a0Valmistelut Tee lista kaapeleista ja komponenteista, joita asennuksessa k\u00e4yt\u00e4t Merkitse harjoitusymp\u00e4rist\u00f6n kuvaan kentt\u00e4laitteiden yms. asennettavien komponenttien korkeudet ja et\u00e4isyydet kiinteist\u00e4 rakenteista N\u00c4YT\u00c4 TEKEM\u00c4SI TY\u00d6T OPETTAJALLE! \u00a0Kaapelointi Suorita kaapeliasennukset: J\u00e4t\u00e4 kaapeleihin riitt\u00e4v\u00e4sti pituutta Merkitse kaapeleiden molemmat p\u00e4\u00e4t koje\/kaapelitunnuksella J\u00e4t\u00e4 kaapeleihin tarvittavat huoltolenkit kentt\u00e4laitteiden p\u00e4\u00e4h\u00e4n (KYSY OPETTAJALTA) Vie heikkovirtakaapelit kuorimattomana mahdollisimman l\u00e4helle niiden liittimi\u00e4 N\u00c4YT\u00c4 TEKEM\u00c4SI TY\u00d6T &hellip; Jatka lukemista ESMI FXM NET\/F1 paloilmoitinj\u00e4rjestelm\u00e4 &rarr;","og_url":"https:\/\/blogit.gradia.fi\/sahkonet\/kiinteistoautomaatio\/perusteet\/lammityksen-ohjaus\/esmi-fxm-netf1-paloilmoitinjarjestelma\/","og_site_name":"S\u00e4hk\u00f6Net","article_modified_time":"2015-01-08T07:56:18+00:00","twitter_card":"summary_large_image","twitter_misc":{"Arvioitu lukuaika":"1 minuutti"},"schema":{"@context":"https:\/\/schema.org","@graph":[{"@type":"WebPage","@id":"https:\/\/blogit.gradia.fi\/sahkonet\/kiinteistoautomaatio\/perusteet\/lammityksen-ohjaus\/esmi-fxm-netf1-paloilmoitinjarjestelma\/","url":"https:\/\/blogit.gradia.fi\/sahkonet\/kiinteistoautomaatio\/perusteet\/lammityksen-ohjaus\/esmi-fxm-netf1-paloilmoitinjarjestelma\/","name":"ESMI FXM NET\/F1 paloilmoitinj\u00e4rjestelm\u00e4 - S\u00e4hk\u00f6Net","isPartOf":{"@id":"https:\/\/blogit.gradia.fi\/sahkonet\/#website"},"datePublished":"2015-01-08T07:45:56+00:00","dateModified":"2015-01-08T07:56:18+00:00","breadcrumb":{"@id":"https:\/\/blogit.gradia.fi\/sahkonet\/kiinteistoautomaatio\/perusteet\/lammityksen-ohjaus\/esmi-fxm-netf1-paloilmoitinjarjestelma\/#breadcrumb"},"inLanguage":"fi","potentialAction":[{"@type":"ReadAction","target":["https:\/\/blogit.gradia.fi\/sahkonet\/kiinteistoautomaatio\/perusteet\/lammityksen-ohjaus\/esmi-fxm-netf1-paloilmoitinjarjestelma\/"]}]},{"@type":"BreadcrumbList","@id":"https:\/\/blogit.gradia.fi\/sahkonet\/kiinteistoautomaatio\/perusteet\/lammityksen-ohjaus\/esmi-fxm-netf1-paloilmoitinjarjestelma\/#breadcrumb","itemListElement":[{"@type":"ListItem","position":1,"name":"Kiinteist\u00f6jen automaatio- ja tietoj\u00e4rjestelm\u00e4t (30 osp)","item":"https:\/\/blogit.gradia.fi\/sahkonet\/kiinteistoautomaatio\/"},{"@type":"ListItem","position":2,"name":"Perusteet","item":"https:\/\/blogit.gradia.fi\/sahkonet\/kiinteistoautomaatio\/perusteet\/"},{"@type":"ListItem","position":3,"name":"Oppimisteht\u00e4v\u00e4t","item":"https:\/\/blogit.gradia.fi\/sahkonet\/kiinteistoautomaatio\/perusteet\/lammityksen-ohjaus\/"},{"@type":"ListItem","position":4,"name":"ESMI FXM NET\/F1 paloilmoitinj\u00e4rjestelm\u00e4"}]},{"@type":"WebSite","@id":"https:\/\/blogit.gradia.fi\/sahkonet\/#website","url":"https:\/\/blogit.gradia.fi\/sahkonet\/","name":"S\u00e4hk\u00f6Net","description":"S\u00e4hk\u00f6- ja automaatiotekniikan perustutkinto","potentialAction":[{"@type":"SearchAction","target":{"@type":"EntryPoint","urlTemplate":"https:\/\/blogit.gradia.fi\/sahkonet\/?s={search_term_string}"},"query-input":{"@type":"PropertyValueSpecification","valueRequired":true,"valueName":"search_term_string"}}],"inLanguage":"fi"}]}},"uagb_featured_image_src":{"full":false,"thumbnail":false,"medium":false,"medium_large":false,"large":false,"1536x1536":false,"2048x2048":false,"post-thumbnail":false,"twentyfourteen-full-width":false},"uagb_author_info":{"display_name":"Pia Tolonen","author_link":"https:\/\/blogit.gradia.fi\/sahkonet\/author\/halmepia\/"},"uagb_comment_info":0,"uagb_excerpt":"\u00a0Valmistelut Tee lista kaapeleista ja komponenteista, joita asennuksessa k\u00e4yt\u00e4t Merkitse harjoitusymp\u00e4rist\u00f6n kuvaan kentt\u00e4laitteiden yms. asennettavien komponenttien korkeudet ja et\u00e4isyydet kiinteist\u00e4 rakenteista N\u00c4YT\u00c4 TEKEM\u00c4SI TY\u00d6T OPETTAJALLE! \u00a0Kaapelointi Suorita kaapeliasennukset: J\u00e4t\u00e4 kaapeleihin riitt\u00e4v\u00e4sti pituutta Merkitse kaapeleiden molemmat p\u00e4\u00e4t koje\/kaapelitunnuksella J\u00e4t\u00e4 kaapeleihin tarvittavat huoltolenkit kentt\u00e4laitteiden p\u00e4\u00e4h\u00e4n (KYSY OPETTAJALTA) Vie heikkovirtakaapelit kuorimattomana mahdollisimman l\u00e4helle niiden liittimi\u00e4 N\u00c4YT\u00c4 TEKEM\u00c4SI TY\u00d6T&hellip;","_links":{"self":[{"href":"https:\/\/blogit.gradia.fi\/sahkonet\/wp-json\/wp\/v2\/pages\/1027","targetHints":{"allow":["GET"]}}],"collection":[{"href":"https:\/\/blogit.gradia.fi\/sahkonet\/wp-json\/wp\/v2\/pages"}],"about":[{"href":"https:\/\/blogit.gradia.fi\/sahkonet\/wp-json\/wp\/v2\/types\/page"}],"author":[{"embeddable":true,"href":"https:\/\/blogit.gradia.fi\/sahkonet\/wp-json\/wp\/v2\/users\/179"}],"replies":[{"embeddable":true,"href":"https:\/\/blogit.gradia.fi\/sahkonet\/wp-json\/wp\/v2\/comments?post=1027"}],"version-history":[{"count":0,"href":"https:\/\/blogit.gradia.fi\/sahkonet\/wp-json\/wp\/v2\/pages\/1027\/revisions"}],"up":[{"embeddable":true,"href":"https:\/\/blogit.gradia.fi\/sahkonet\/wp-json\/wp\/v2\/pages\/80"}],"wp:attachment":[{"href":"https:\/\/blogit.gradia.fi\/sahkonet\/wp-json\/wp\/v2\/media?parent=1027"}],"curies":[{"name":"wp","href":"https:\/\/api.w.org\/{rel}","templated":true}]}}