{"id":10,"date":"2014-04-17T09:26:15","date_gmt":"2014-04-17T06:26:15","guid":{"rendered":"https:\/\/blogit.gradia.fi\/sahkonet\/?page_id=10"},"modified":"2014-10-25T18:21:00","modified_gmt":"2014-10-25T15:21:00","slug":"sahko-ja-energiatekniikka","status":"publish","type":"page","link":"https:\/\/blogit.gradia.fi\/sahkonet\/sahko-ja-energiatekniikka\/","title":{"rendered":"S\u00e4hk\u00f6- ja energiatekniikka (20ov)"},"content":{"rendered":"<h3>Yleist\u00e4:<\/h3>\n<p>S\u00e4hk\u00f6- ja energiatekniikan tutkinnon osa on ns. pakollinen tutkinnon osa s\u00e4hk\u00f6asentajille. Automaatioasentajat voivat valita ko. tutkinnon osan ammatillisena valinnaisena tutkinnon osana.<\/p>\n<p>Tutkinnon osa sis\u00e4lt\u00e4\u00e4 seuraavat kurssit:<\/p>\n<ul>\n<li>S\u00e4hk\u00f6asennustekniikka ja -laiteasennukset<\/li>\n<li>S\u00e4hk\u00f6ntuotanto ja jakeluj\u00e4rjestelm\u00e4t sek\u00e4 pienj\u00e4nniteverkostot (&lt;1kV)<\/li>\n<\/ul>\n<h5>S\u00e4hk\u00f6asennustekniikka ja -laiteasennukset<\/h5>\n<p>Kurssi sis\u00e4lt\u00e4\u00e4 syvent\u00e4vi\u00e4 opintoja huoneisto tason s\u00e4hk\u00f6asennuksista sek\u00e4 laajemmista kokonaisuuksista kuten esim. paritalot, rivitalot, toimistot jne.. Kursilla k\u00e4yd\u00e4\u00e4n l\u00e4pi seuraavia osa-alueita:<\/p>\n<ul>\n<li>S\u00e4hk\u00f6l\u00e4mp\u00f6kojeiden ja l\u00e4mm\u00f6ns\u00e4\u00e4timien asennukset\n<ul>\n<li>Lattial\u00e4mmityksen asennus<\/li>\n<li>S\u00e4hk\u00f6patterin asennus<\/li>\n<li>S\u00e4teilyl\u00e4mmittimen asennus<\/li>\n<li>Sulanpitokaapelin asennus<\/li>\n<\/ul>\n<\/li>\n<li>Valaisimet, valonl\u00e4hteet sek\u00e4 valaistuksen s\u00e4\u00e4t\u00f6j\u00e4rjestelm\u00e4t\n<ul>\n<li>Erilaiset valonl\u00e4hteet<\/li>\n<li>Keitti\u00f6n valaistus<\/li>\n<li>Muut tilat (kiinte\u00e4t valaisimet)<\/li>\n<\/ul>\n<\/li>\n<li>Uusiutuvat energial\u00e4hteet\n<ul>\n<li>Erilaiset energial\u00e4hteet (tuuli, aurinko jne.)<\/li>\n<li>S\u00e4\u00e4din ja invertterit<\/li>\n<li>Verkonvaihtokytkimet<\/li>\n<li>Pienoisj\u00e4nnite asennukset ja &#8211; kojeet<\/li>\n<\/ul>\n<\/li>\n<li>Asentaminen erilaisiin rakenteisiin\n<ul>\n<li>Uppoasennus putkella<\/li>\n<li>Uppoasennus putkettomasti<\/li>\n<li>Metallirankasein\u00e4t\n<ul>\n<li>ENSTONET-j\u00e4rjestelm\u00e4<\/li>\n<\/ul>\n<\/li>\n<li>Hirsirakenteet<\/li>\n<\/ul>\n<\/li>\n<li>Saunan ja pesuhuoneen\u00a0 s\u00e4hk\u00f6istys<\/li>\n<li>Omakotitalon s\u00e4hk\u00f6istys<\/li>\n<\/ul>\n<p>Osuuden n\u00e4ytt\u00f6 tehd\u00e4\u00e4n ty\u00f6ss\u00e4oppimisjakson yhteydess\u00e4.<\/p>\n<h5>S\u00e4hk\u00f6ntuotanto ja -jakeluj\u00e4rjestelm\u00e4t sek\u00e4 pienj\u00e4nniteverkostot (&lt;1kV)<\/h5>\n<p>Kurssi sis\u00e4lt\u00e4\u00e4 perusteet s\u00e4hk\u00f6n tuotannosta, -jakeluj\u00e4rjestelmist\u00e4 sek\u00e4 pienj\u00e4nniteverkostojen rakentamisesta. Kursilla k\u00e4yd\u00e4\u00e4n l\u00e4pi seuraavia osa-alueita:<\/p>\n<ul>\n<li>S\u00e4hk\u00f6n tuotanto Suomessa\n<ul>\n<li>S\u00e4hk\u00f6markkinat<\/li>\n<li>Voimalaitokset<\/li>\n<li>Jakeluj\u00e4rjestelm\u00e4<\/li>\n<li>Energian mittaus<\/li>\n<\/ul>\n<\/li>\n<li>Maakaapeliverkosto asennukset\n<ul>\n<li>Kaapeleiden mitoitus, valinta ja asentaminen<\/li>\n<li>Jakokeskus asennukset<\/li>\n<li>Maadoituselektrodit<\/li>\n<li>Kaapelin p\u00e4\u00e4tteet ja jatkot<\/li>\n<\/ul>\n<\/li>\n<li>Ilmajohtoverkosto asennukset\n<ul>\n<li>Kaapeleiden mitoitus, valinta ja asentaminen<\/li>\n<li>AMKA-linjan tarvikkeet<\/li>\n<li>Pylv\u00e4sty\u00f6skentely<\/li>\n<li>Pienj\u00e4nniteliittym\u00e4<\/li>\n<\/ul>\n<\/li>\n<li>Rivitalon pienj\u00e4nnitteinen jakeluverkko\n<ul>\n<li>Energian mittaus (suora ja ep\u00e4suora)<\/li>\n<li>S\u00e4hk\u00f6l\u00e4mmityksen ohjaus<\/li>\n<li>Yhteisten tilojen ja alueiden s\u00e4hk\u00f6asennukset (valaistus ja autol\u00e4mmitys)<\/li>\n<\/ul>\n<\/li>\n<li>Vianetsint\u00e4<\/li>\n<\/ul>\n<p>Osuuden n\u00e4ytt\u00f6 tehd\u00e4\u00e4n p\u00e4\u00e4osin oppilaitoksessa.<\/p>\n","protected":false},"excerpt":{"rendered":"<p>Yleist\u00e4: S\u00e4hk\u00f6- ja energiatekniikan tutkinnon osa on ns. pakollinen tutkinnon osa s\u00e4hk\u00f6asentajille. Automaatioasentajat voivat valita ko. tutkinnon osan ammatillisena valinnaisena tutkinnon osana. Tutkinnon osa sis\u00e4lt\u00e4\u00e4 seuraavat kurssit: S\u00e4hk\u00f6asennustekniikka ja -laiteasennukset S\u00e4hk\u00f6ntuotanto ja jakeluj\u00e4rjestelm\u00e4t sek\u00e4 pienj\u00e4nniteverkostot (&lt;1kV) S\u00e4hk\u00f6asennustekniikka ja -laiteasennukset Kurssi sis\u00e4lt\u00e4\u00e4 syvent\u00e4vi\u00e4 opintoja huoneisto tason s\u00e4hk\u00f6asennuksista sek\u00e4 laajemmista kokonaisuuksista kuten esim. paritalot, rivitalot, toimistot jne.. &hellip; <a href=\"https:\/\/blogit.gradia.fi\/sahkonet\/sahko-ja-energiatekniikka\/\" class=\"more-link\">Jatka lukemista <span class=\"screen-reader-text\">S\u00e4hk\u00f6- ja energiatekniikka (20ov)<\/span> <span class=\"meta-nav\">&rarr;<\/span><\/a><\/p>\n","protected":false},"author":153,"featured_media":0,"parent":0,"menu_order":2,"comment_status":"closed","ping_status":"closed","template":"","meta":{"_uag_custom_page_level_css":"","footnotes":""},"class_list":["post-10","page","type-page","status-publish","hentry"],"yoast_head":"<!-- This site is optimized with the Yoast SEO plugin v27.4 - https:\/\/yoast.com\/product\/yoast-seo-wordpress\/ -->\n<title>S\u00e4hk\u00f6- ja energiatekniikka (20ov) - S\u00e4hk\u00f6Net<\/title>\n<meta name=\"robots\" content=\"index, follow, max-snippet:-1, max-image-preview:large, max-video-preview:-1\" \/>\n<link rel=\"canonical\" href=\"https:\/\/blogit.gradia.fi\/sahkonet\/sahko-ja-energiatekniikka\/\" \/>\n<meta property=\"og:locale\" content=\"fi_FI\" \/>\n<meta property=\"og:type\" content=\"article\" \/>\n<meta property=\"og:title\" content=\"S\u00e4hk\u00f6- ja energiatekniikka (20ov) - S\u00e4hk\u00f6Net\" \/>\n<meta property=\"og:description\" content=\"Yleist\u00e4: S\u00e4hk\u00f6- ja energiatekniikan tutkinnon osa on ns. pakollinen tutkinnon osa s\u00e4hk\u00f6asentajille. Automaatioasentajat voivat valita ko. tutkinnon osan ammatillisena valinnaisena tutkinnon osana. Tutkinnon osa sis\u00e4lt\u00e4\u00e4 seuraavat kurssit: S\u00e4hk\u00f6asennustekniikka ja -laiteasennukset S\u00e4hk\u00f6ntuotanto ja jakeluj\u00e4rjestelm\u00e4t sek\u00e4 pienj\u00e4nniteverkostot (&lt;1kV) S\u00e4hk\u00f6asennustekniikka ja -laiteasennukset Kurssi sis\u00e4lt\u00e4\u00e4 syvent\u00e4vi\u00e4 opintoja huoneisto tason s\u00e4hk\u00f6asennuksista sek\u00e4 laajemmista kokonaisuuksista kuten esim. paritalot, rivitalot, toimistot jne.. &hellip; Jatka lukemista S\u00e4hk\u00f6- ja energiatekniikka (20ov) &rarr;\" \/>\n<meta property=\"og:url\" content=\"https:\/\/blogit.gradia.fi\/sahkonet\/sahko-ja-energiatekniikka\/\" \/>\n<meta property=\"og:site_name\" content=\"S\u00e4hk\u00f6Net\" \/>\n<meta property=\"article:modified_time\" content=\"2014-10-25T15:21:00+00:00\" \/>\n<meta name=\"twitter:card\" content=\"summary_large_image\" \/>\n<meta name=\"twitter:label1\" content=\"Arvioitu lukuaika\" \/>\n\t<meta name=\"twitter:data1\" content=\"1 minuutti\" \/>\n<script type=\"application\/ld+json\" class=\"yoast-schema-graph\">{\"@context\":\"https:\\\/\\\/schema.org\",\"@graph\":[{\"@type\":\"WebPage\",\"@id\":\"https:\\\/\\\/blogit.gradia.fi\\\/sahkonet\\\/sahko-ja-energiatekniikka\\\/\",\"url\":\"https:\\\/\\\/blogit.gradia.fi\\\/sahkonet\\\/sahko-ja-energiatekniikka\\\/\",\"name\":\"S\u00e4hk\u00f6- ja energiatekniikka (20ov) - S\u00e4hk\u00f6Net\",\"isPartOf\":{\"@id\":\"https:\\\/\\\/blogit.gradia.fi\\\/sahkonet\\\/#website\"},\"datePublished\":\"2014-04-17T06:26:15+00:00\",\"dateModified\":\"2014-10-25T15:21:00+00:00\",\"inLanguage\":\"fi\",\"potentialAction\":[{\"@type\":\"ReadAction\",\"target\":[\"https:\\\/\\\/blogit.gradia.fi\\\/sahkonet\\\/sahko-ja-energiatekniikka\\\/\"]}]},{\"@type\":\"WebSite\",\"@id\":\"https:\\\/\\\/blogit.gradia.fi\\\/sahkonet\\\/#website\",\"url\":\"https:\\\/\\\/blogit.gradia.fi\\\/sahkonet\\\/\",\"name\":\"S\u00e4hk\u00f6Net\",\"description\":\"S\u00e4hk\u00f6- ja automaatiotekniikan perustutkinto\",\"potentialAction\":[{\"@type\":\"SearchAction\",\"target\":{\"@type\":\"EntryPoint\",\"urlTemplate\":\"https:\\\/\\\/blogit.gradia.fi\\\/sahkonet\\\/?s={search_term_string}\"},\"query-input\":{\"@type\":\"PropertyValueSpecification\",\"valueRequired\":true,\"valueName\":\"search_term_string\"}}],\"inLanguage\":\"fi\"}]}<\/script>\n<!-- \/ Yoast SEO plugin. -->","yoast_head_json":{"title":"S\u00e4hk\u00f6- ja energiatekniikka (20ov) - S\u00e4hk\u00f6Net","robots":{"index":"index","follow":"follow","max-snippet":"max-snippet:-1","max-image-preview":"max-image-preview:large","max-video-preview":"max-video-preview:-1"},"canonical":"https:\/\/blogit.gradia.fi\/sahkonet\/sahko-ja-energiatekniikka\/","og_locale":"fi_FI","og_type":"article","og_title":"S\u00e4hk\u00f6- ja energiatekniikka (20ov) - S\u00e4hk\u00f6Net","og_description":"Yleist\u00e4: S\u00e4hk\u00f6- ja energiatekniikan tutkinnon osa on ns. pakollinen tutkinnon osa s\u00e4hk\u00f6asentajille. Automaatioasentajat voivat valita ko. tutkinnon osan ammatillisena valinnaisena tutkinnon osana. Tutkinnon osa sis\u00e4lt\u00e4\u00e4 seuraavat kurssit: S\u00e4hk\u00f6asennustekniikka ja -laiteasennukset S\u00e4hk\u00f6ntuotanto ja jakeluj\u00e4rjestelm\u00e4t sek\u00e4 pienj\u00e4nniteverkostot (&lt;1kV) S\u00e4hk\u00f6asennustekniikka ja -laiteasennukset Kurssi sis\u00e4lt\u00e4\u00e4 syvent\u00e4vi\u00e4 opintoja huoneisto tason s\u00e4hk\u00f6asennuksista sek\u00e4 laajemmista kokonaisuuksista kuten esim. paritalot, rivitalot, toimistot jne.. &hellip; Jatka lukemista S\u00e4hk\u00f6- ja energiatekniikka (20ov) &rarr;","og_url":"https:\/\/blogit.gradia.fi\/sahkonet\/sahko-ja-energiatekniikka\/","og_site_name":"S\u00e4hk\u00f6Net","article_modified_time":"2014-10-25T15:21:00+00:00","twitter_card":"summary_large_image","twitter_misc":{"Arvioitu lukuaika":"1 minuutti"},"schema":{"@context":"https:\/\/schema.org","@graph":[{"@type":"WebPage","@id":"https:\/\/blogit.gradia.fi\/sahkonet\/sahko-ja-energiatekniikka\/","url":"https:\/\/blogit.gradia.fi\/sahkonet\/sahko-ja-energiatekniikka\/","name":"S\u00e4hk\u00f6- ja energiatekniikka (20ov) - S\u00e4hk\u00f6Net","isPartOf":{"@id":"https:\/\/blogit.gradia.fi\/sahkonet\/#website"},"datePublished":"2014-04-17T06:26:15+00:00","dateModified":"2014-10-25T15:21:00+00:00","inLanguage":"fi","potentialAction":[{"@type":"ReadAction","target":["https:\/\/blogit.gradia.fi\/sahkonet\/sahko-ja-energiatekniikka\/"]}]},{"@type":"WebSite","@id":"https:\/\/blogit.gradia.fi\/sahkonet\/#website","url":"https:\/\/blogit.gradia.fi\/sahkonet\/","name":"S\u00e4hk\u00f6Net","description":"S\u00e4hk\u00f6- ja automaatiotekniikan perustutkinto","potentialAction":[{"@type":"SearchAction","target":{"@type":"EntryPoint","urlTemplate":"https:\/\/blogit.gradia.fi\/sahkonet\/?s={search_term_string}"},"query-input":{"@type":"PropertyValueSpecification","valueRequired":true,"valueName":"search_term_string"}}],"inLanguage":"fi"}]}},"uagb_featured_image_src":{"full":false,"thumbnail":false,"medium":false,"medium_large":false,"large":false,"1536x1536":false,"2048x2048":false,"post-thumbnail":false,"twentyfourteen-full-width":false},"uagb_author_info":{"display_name":"Minna Puoliv\u00e4li","author_link":"https:\/\/blogit.gradia.fi\/sahkonet\/author\/puolimin\/"},"uagb_comment_info":0,"uagb_excerpt":"Yleist\u00e4: S\u00e4hk\u00f6- ja energiatekniikan tutkinnon osa on ns. pakollinen tutkinnon osa s\u00e4hk\u00f6asentajille. Automaatioasentajat voivat valita ko. tutkinnon osan ammatillisena valinnaisena tutkinnon osana. Tutkinnon osa sis\u00e4lt\u00e4\u00e4 seuraavat kurssit: S\u00e4hk\u00f6asennustekniikka ja -laiteasennukset S\u00e4hk\u00f6ntuotanto ja jakeluj\u00e4rjestelm\u00e4t sek\u00e4 pienj\u00e4nniteverkostot (&lt;1kV) S\u00e4hk\u00f6asennustekniikka ja -laiteasennukset Kurssi sis\u00e4lt\u00e4\u00e4 syvent\u00e4vi\u00e4 opintoja huoneisto tason s\u00e4hk\u00f6asennuksista sek\u00e4 laajemmista kokonaisuuksista kuten esim. paritalot, rivitalot, toimistot jne..&hellip;","_links":{"self":[{"href":"https:\/\/blogit.gradia.fi\/sahkonet\/wp-json\/wp\/v2\/pages\/10","targetHints":{"allow":["GET"]}}],"collection":[{"href":"https:\/\/blogit.gradia.fi\/sahkonet\/wp-json\/wp\/v2\/pages"}],"about":[{"href":"https:\/\/blogit.gradia.fi\/sahkonet\/wp-json\/wp\/v2\/types\/page"}],"author":[{"embeddable":true,"href":"https:\/\/blogit.gradia.fi\/sahkonet\/wp-json\/wp\/v2\/users\/153"}],"replies":[{"embeddable":true,"href":"https:\/\/blogit.gradia.fi\/sahkonet\/wp-json\/wp\/v2\/comments?post=10"}],"version-history":[{"count":0,"href":"https:\/\/blogit.gradia.fi\/sahkonet\/wp-json\/wp\/v2\/pages\/10\/revisions"}],"wp:attachment":[{"href":"https:\/\/blogit.gradia.fi\/sahkonet\/wp-json\/wp\/v2\/media?parent=10"}],"curies":[{"name":"wp","href":"https:\/\/api.w.org\/{rel}","templated":true}]}}