{"id":98,"date":"2016-08-24T13:45:58","date_gmt":"2016-08-24T10:45:58","guid":{"rendered":"https:\/\/blogit.gradia.fi\/psykaa\/?page_id=98"},"modified":"2016-09-18T16:30:12","modified_gmt":"2016-09-18T13:30:12","slug":"sosiaalinen-vaikutus","status":"publish","type":"page","link":"https:\/\/blogit.gradia.fi\/psykaa\/sosiaalinen-vaikutus\/","title":{"rendered":"Sosiaalinen vaikutus"},"content":{"rendered":"<p>.<\/p>\n<p>Sosiaalisella vaikuttamisella tarkoitetaan kaikkea sit\u00e4 toimintaa, jossa ihmisten v\u00e4linen viestint\u00e4 muuttaa tai s\u00e4\u00e4telee kohdehenkil\u00f6n k\u00e4ytt\u00e4ytymist\u00e4, asenteita, mielipiteit\u00e4 tai uskomuksia. Ihmisell\u00e4 on luontainen halu vaikuttaa muihin sek\u00e4 v\u00e4ltt\u00e4\u00e4 muiden ihmisen liiallista vaikutusta itseens\u00e4<\/p>\n<p><span style=\"text-decoration: underline\">Konformismi<\/span> tarkoittaa ryhm\u00e4n yhdenmukaisuutta, vaikka yhdenmukaisuuteen ei olisikaan suoranaisesti pakotettu. Liikaa sooloilua ja ryhm\u00e4st\u00e4 erottumista ei kuitenkaan pidet\u00e4 hyv\u00e4n\u00e4. (&gt;&lt; itsen\u00e4isyys ja antikonformistisuus)<\/p>\n<p>Mukautuminen ryhm\u00e4paineeseen vaihtelee suuresti eri kulttuureissa (kollektivistinen &gt;&lt; individualistinen).My\u00f6ntyvyys on taipumista toisten pyynt\u00f6ihin tai vaatimuksiin. Jotkut ihmiset ovat selke\u00e4sti my\u00f6ntyv\u00e4mpi\u00e4 kuin toiset ( &gt;&lt; j\u00e4m\u00e4kkyys). T\u00e4m\u00e4 vaihtelee paljon tilannekohtaisesti.<\/p>\n<p>Tottelevaisuus voi olla j\u00e4rkev\u00e4\u00e4 ja asiallista yhteisten normien ja s\u00e4\u00e4nt\u00f6jen noudattamista. \u00c4\u00e4rip\u00e4iss\u00e4\u00e4n tottelevaisuus voi olla my\u00f6s tuhoisaa ja vaarallista. (Stanley Milgramin tottelevaisuuskoe 1960-luvulla.)<\/p>\n<p><strong>Muita ryhm\u00e4ilmi\u00f6it\u00e4<\/strong><\/p>\n<p><span style=\"text-decoration: underline\">Syntipukki<\/span>-ilmi\u00f6ss\u00e4 esim. ty\u00f6yhteis\u00f6st\u00e4 joku otetaan silm\u00e4tikuksi, josta syytet\u00e4\u00e4n kaikista ep\u00e4onnistumisista.<\/p>\n<p><span style=\"text-decoration: underline\">Katsojavaikutus<\/span> tarkoittaa ilmi\u00f6t\u00e4, jossa yksil\u00f6n toimintaan vaikuttaa se, onko tilanteella muita silminn\u00e4kij\u00f6it\u00e4. Esim. Autetaanko vai ollaanko auttamatta h\u00e4d\u00e4ss\u00e4 olevaa.<\/p>\n<p><span style=\"text-decoration: underline\">Joukkoharha<\/span> on ryhm\u00e4n j\u00e4senten yhteinen harhakuvitelma todellisuudesta, esim. siit\u00e4, miten kaikki muut ajattelevat tai toimivat. Esim. &#8221;Keisarin uudet vaatteet&#8221;<\/p>\n<p><span style=\"text-decoration: underline\">Lauma- tai ryhm\u00e4ajattelu<\/span> tarkoittaa mukautumista kritiikitt\u00f6m\u00e4sti ryhm\u00e4n ajatteluun ilman ett\u00e4 p\u00e4\u00e4t\u00f6st\u00e4 pohditaan itse.<\/p>\n<p><span style=\"text-decoration: underline\">Vapaamatkustaminen<\/span> on ryhm\u00e4n siivell\u00e4 el\u00e4mist\u00e4, eli vapaamatkustaja ei tee oikeastaan mit\u00e4\u00e4n itse, mutta nauttii hy\u00f6dyist\u00e4.<\/p>\n<p style=\"padding-left: 30px\"><strong>Pohdittavaa:<\/strong><br \/>\nTunnistatko laumailmi\u00f6it\u00e4 itsess\u00e4si tai yst\u00e4v\u00e4piiriss\u00e4si?<br \/>\nOletko koskaan joutunut joukkohysterian valtaan eli toiminut itsellesi ep\u00e4tyypillisesti joukon mukana?<br \/>\nHuomaatko joskus olevasi liian my\u00f6ntyv\u00e4inen tai lepsu? Millaisissa tilanteissa erityisesti?<br \/>\nMiten toimitte, jos huomaatte jonkun lentelev\u00e4n vapaamatkustajana?<br \/>\nMitk\u00e4 seikat vaikuttavat siihen, autetaanko vierasta ihmist\u00e4 esim. kadulla?<br \/>\nMiten ymp\u00e4rist\u00f6 vaikuttaa k\u00e4ytt\u00e4ytymiseen esim. roskaamiseen?<\/p>\n<p>&nbsp;<\/p>\n","protected":false},"excerpt":{"rendered":"<p>. Sosiaalisella vaikuttamisella tarkoitetaan kaikkea sit\u00e4 toimintaa, jossa ihmisten v\u00e4linen viestint\u00e4 muuttaa tai s\u00e4\u00e4telee kohdehenkil\u00f6n k\u00e4ytt\u00e4ytymist\u00e4, asenteita, mielipiteit\u00e4 tai uskomuksia. Ihmisell\u00e4 on luontainen halu vaikuttaa muihin sek\u00e4 v\u00e4ltt\u00e4\u00e4 muiden ihmisen liiallista vaikutusta itseens\u00e4 Konformismi tarkoittaa ryhm\u00e4n yhdenmukaisuutta, vaikka yhdenmukaisuuteen ei olisikaan suoranaisesti pakotettu. Liikaa sooloilua ja ryhm\u00e4st\u00e4 erottumista ei kuitenkaan pidet\u00e4 hyv\u00e4n\u00e4. (&gt;&lt; itsen\u00e4isyys ja &hellip; <a href=\"https:\/\/blogit.gradia.fi\/psykaa\/sosiaalinen-vaikutus\/\" class=\"more-link\">Jatka lukemista <span class=\"screen-reader-text\">Sosiaalinen vaikutus<\/span> <span class=\"meta-nav\">&rarr;<\/span><\/a><\/p>\n","protected":false},"author":601,"featured_media":0,"parent":0,"menu_order":0,"comment_status":"closed","ping_status":"closed","template":"","meta":{"_uag_custom_page_level_css":"","footnotes":""},"class_list":["post-98","page","type-page","status-publish","hentry"],"yoast_head":"<!-- This site is optimized with the Yoast SEO plugin v27.2 - https:\/\/yoast.com\/product\/yoast-seo-wordpress\/ -->\n<title>Sosiaalinen vaikutus - Psykaa<\/title>\n<meta name=\"robots\" content=\"index, follow, max-snippet:-1, max-image-preview:large, max-video-preview:-1\" \/>\n<link rel=\"canonical\" href=\"https:\/\/blogit.gradia.fi\/psykaa\/sosiaalinen-vaikutus\/\" \/>\n<meta property=\"og:locale\" content=\"fi_FI\" \/>\n<meta property=\"og:type\" content=\"article\" \/>\n<meta property=\"og:title\" content=\"Sosiaalinen vaikutus - Psykaa\" \/>\n<meta property=\"og:description\" content=\". Sosiaalisella vaikuttamisella tarkoitetaan kaikkea sit\u00e4 toimintaa, jossa ihmisten v\u00e4linen viestint\u00e4 muuttaa tai s\u00e4\u00e4telee kohdehenkil\u00f6n k\u00e4ytt\u00e4ytymist\u00e4, asenteita, mielipiteit\u00e4 tai uskomuksia. Ihmisell\u00e4 on luontainen halu vaikuttaa muihin sek\u00e4 v\u00e4ltt\u00e4\u00e4 muiden ihmisen liiallista vaikutusta itseens\u00e4 Konformismi tarkoittaa ryhm\u00e4n yhdenmukaisuutta, vaikka yhdenmukaisuuteen ei olisikaan suoranaisesti pakotettu. Liikaa sooloilua ja ryhm\u00e4st\u00e4 erottumista ei kuitenkaan pidet\u00e4 hyv\u00e4n\u00e4. (&gt;&lt; itsen\u00e4isyys ja &hellip; Jatka lukemista Sosiaalinen vaikutus &rarr;\" \/>\n<meta property=\"og:url\" content=\"https:\/\/blogit.gradia.fi\/psykaa\/sosiaalinen-vaikutus\/\" \/>\n<meta property=\"og:site_name\" content=\"Psykaa\" \/>\n<meta property=\"article:modified_time\" content=\"2016-09-18T13:30:12+00:00\" \/>\n<meta name=\"twitter:card\" content=\"summary_large_image\" \/>\n<meta name=\"twitter:label1\" content=\"Arvioitu lukuaika\" \/>\n\t<meta name=\"twitter:data1\" content=\"2 minuuttia\" \/>\n<script type=\"application\/ld+json\" class=\"yoast-schema-graph\">{\"@context\":\"https:\/\/schema.org\",\"@graph\":[{\"@type\":\"WebPage\",\"@id\":\"https:\/\/blogit.gradia.fi\/psykaa\/sosiaalinen-vaikutus\/\",\"url\":\"https:\/\/blogit.gradia.fi\/psykaa\/sosiaalinen-vaikutus\/\",\"name\":\"Sosiaalinen vaikutus - Psykaa\",\"isPartOf\":{\"@id\":\"https:\/\/blogit.gradia.fi\/psykaa\/#website\"},\"datePublished\":\"2016-08-24T10:45:58+00:00\",\"dateModified\":\"2016-09-18T13:30:12+00:00\",\"inLanguage\":\"fi\",\"potentialAction\":[{\"@type\":\"ReadAction\",\"target\":[\"https:\/\/blogit.gradia.fi\/psykaa\/sosiaalinen-vaikutus\/\"]}]},{\"@type\":\"WebSite\",\"@id\":\"https:\/\/blogit.gradia.fi\/psykaa\/#website\",\"url\":\"https:\/\/blogit.gradia.fi\/psykaa\/\",\"name\":\"Psykaa\",\"description\":\"Uusi ao-blogit -sivusto\",\"potentialAction\":[{\"@type\":\"SearchAction\",\"target\":{\"@type\":\"EntryPoint\",\"urlTemplate\":\"https:\/\/blogit.gradia.fi\/psykaa\/?s={search_term_string}\"},\"query-input\":{\"@type\":\"PropertyValueSpecification\",\"valueRequired\":true,\"valueName\":\"search_term_string\"}}],\"inLanguage\":\"fi\"}]}<\/script>\n<!-- \/ Yoast SEO plugin. -->","yoast_head_json":{"title":"Sosiaalinen vaikutus - Psykaa","robots":{"index":"index","follow":"follow","max-snippet":"max-snippet:-1","max-image-preview":"max-image-preview:large","max-video-preview":"max-video-preview:-1"},"canonical":"https:\/\/blogit.gradia.fi\/psykaa\/sosiaalinen-vaikutus\/","og_locale":"fi_FI","og_type":"article","og_title":"Sosiaalinen vaikutus - Psykaa","og_description":". Sosiaalisella vaikuttamisella tarkoitetaan kaikkea sit\u00e4 toimintaa, jossa ihmisten v\u00e4linen viestint\u00e4 muuttaa tai s\u00e4\u00e4telee kohdehenkil\u00f6n k\u00e4ytt\u00e4ytymist\u00e4, asenteita, mielipiteit\u00e4 tai uskomuksia. Ihmisell\u00e4 on luontainen halu vaikuttaa muihin sek\u00e4 v\u00e4ltt\u00e4\u00e4 muiden ihmisen liiallista vaikutusta itseens\u00e4 Konformismi tarkoittaa ryhm\u00e4n yhdenmukaisuutta, vaikka yhdenmukaisuuteen ei olisikaan suoranaisesti pakotettu. Liikaa sooloilua ja ryhm\u00e4st\u00e4 erottumista ei kuitenkaan pidet\u00e4 hyv\u00e4n\u00e4. (&gt;&lt; itsen\u00e4isyys ja &hellip; Jatka lukemista Sosiaalinen vaikutus &rarr;","og_url":"https:\/\/blogit.gradia.fi\/psykaa\/sosiaalinen-vaikutus\/","og_site_name":"Psykaa","article_modified_time":"2016-09-18T13:30:12+00:00","twitter_card":"summary_large_image","twitter_misc":{"Arvioitu lukuaika":"2 minuuttia"},"schema":{"@context":"https:\/\/schema.org","@graph":[{"@type":"WebPage","@id":"https:\/\/blogit.gradia.fi\/psykaa\/sosiaalinen-vaikutus\/","url":"https:\/\/blogit.gradia.fi\/psykaa\/sosiaalinen-vaikutus\/","name":"Sosiaalinen vaikutus - Psykaa","isPartOf":{"@id":"https:\/\/blogit.gradia.fi\/psykaa\/#website"},"datePublished":"2016-08-24T10:45:58+00:00","dateModified":"2016-09-18T13:30:12+00:00","inLanguage":"fi","potentialAction":[{"@type":"ReadAction","target":["https:\/\/blogit.gradia.fi\/psykaa\/sosiaalinen-vaikutus\/"]}]},{"@type":"WebSite","@id":"https:\/\/blogit.gradia.fi\/psykaa\/#website","url":"https:\/\/blogit.gradia.fi\/psykaa\/","name":"Psykaa","description":"Uusi ao-blogit -sivusto","potentialAction":[{"@type":"SearchAction","target":{"@type":"EntryPoint","urlTemplate":"https:\/\/blogit.gradia.fi\/psykaa\/?s={search_term_string}"},"query-input":{"@type":"PropertyValueSpecification","valueRequired":true,"valueName":"search_term_string"}}],"inLanguage":"fi"}]}},"uagb_featured_image_src":{"full":false,"thumbnail":false,"medium":false,"medium_large":false,"large":false,"1536x1536":false,"2048x2048":false,"post-thumbnail":false},"uagb_author_info":{"display_name":"Laura Teri\u00f6","author_link":"https:\/\/blogit.gradia.fi\/psykaa\/author\/lauralaa\/"},"uagb_comment_info":0,"uagb_excerpt":". Sosiaalisella vaikuttamisella tarkoitetaan kaikkea sit\u00e4 toimintaa, jossa ihmisten v\u00e4linen viestint\u00e4 muuttaa tai s\u00e4\u00e4telee kohdehenkil\u00f6n k\u00e4ytt\u00e4ytymist\u00e4, asenteita, mielipiteit\u00e4 tai uskomuksia. Ihmisell\u00e4 on luontainen halu vaikuttaa muihin sek\u00e4 v\u00e4ltt\u00e4\u00e4 muiden ihmisen liiallista vaikutusta itseens\u00e4 Konformismi tarkoittaa ryhm\u00e4n yhdenmukaisuutta, vaikka yhdenmukaisuuteen ei olisikaan suoranaisesti pakotettu. Liikaa sooloilua ja ryhm\u00e4st\u00e4 erottumista ei kuitenkaan pidet\u00e4 hyv\u00e4n\u00e4. (&gt;&lt; itsen\u00e4isyys ja&hellip;","_links":{"self":[{"href":"https:\/\/blogit.gradia.fi\/psykaa\/wp-json\/wp\/v2\/pages\/98","targetHints":{"allow":["GET"]}}],"collection":[{"href":"https:\/\/blogit.gradia.fi\/psykaa\/wp-json\/wp\/v2\/pages"}],"about":[{"href":"https:\/\/blogit.gradia.fi\/psykaa\/wp-json\/wp\/v2\/types\/page"}],"author":[{"embeddable":true,"href":"https:\/\/blogit.gradia.fi\/psykaa\/wp-json\/wp\/v2\/users\/601"}],"replies":[{"embeddable":true,"href":"https:\/\/blogit.gradia.fi\/psykaa\/wp-json\/wp\/v2\/comments?post=98"}],"version-history":[{"count":0,"href":"https:\/\/blogit.gradia.fi\/psykaa\/wp-json\/wp\/v2\/pages\/98\/revisions"}],"wp:attachment":[{"href":"https:\/\/blogit.gradia.fi\/psykaa\/wp-json\/wp\/v2\/media?parent=98"}],"curies":[{"name":"wp","href":"https:\/\/api.w.org\/{rel}","templated":true}]}}