{"id":93,"date":"2016-08-24T13:42:34","date_gmt":"2016-08-24T10:42:34","guid":{"rendered":"https:\/\/blogit.gradia.fi\/psykaa\/?page_id=93"},"modified":"2016-09-18T16:28:27","modified_gmt":"2016-09-18T13:28:27","slug":"ryhma-toimii","status":"publish","type":"page","link":"https:\/\/blogit.gradia.fi\/psykaa\/ryhma-toimii\/","title":{"rendered":"Ryhm\u00e4 toimii"},"content":{"rendered":"<p>Ryhm\u00e4 koostuu aina yksil\u00f6ist\u00e4, joista kukin tuo siihen oman panoksensa, puhutaan kokonaisenergiasta eli <span style=\"text-decoration: underline\">synergiasta<\/span>. Ryhm\u00e4ss\u00e4 kaikkien toiminta vaikuttaa kaikkiin.<\/p>\n<p><span style=\"text-decoration: underline\">Ryhm\u00e4dynamiikka<\/span> tarkoittaa sit\u00e4, ettei ryhm\u00e4n toimintaa voi tarkoin ennustaa yksil\u00f6iden perustellaan, kokonaisuus on enemm\u00e4n kuin osiensa summa.<\/p>\n<p>Ryhm\u00e4ss\u00e4 voi ajautua my\u00f6s tekoihin, joita ei itse yksil\u00f6n\u00e4 tekisi. Oma min\u00e4 ja itsehillint\u00e4 unohtuu ja menee massa mukana. &#8221;Joukossa tyhmyys tiivistyy&#8221; ei ole mik\u00e4\u00e4n turha sanonta!<\/p>\n<p><span style=\"text-decoration: underline\">Itsereflektio<\/span> on oman toiminnan tietoista tarkastelua. Esim. Ryhm\u00e4ss\u00e4 toimiessa on hyv\u00e4 tilaisuus tarkkailla itse\u00e4\u00e4n. Voi mietti\u00e4, miksi toimii juuri tietyll\u00e4 tavalla ja miksi eri ihmisten kanssa k\u00e4ytt\u00e4ytyy eri lailla. Mist\u00e4 muutos omassa k\u00e4yt\u00f6ksess\u00e4 johtuu?<\/p>\n<p>Muista, ett\u00e4 esim. kiusaaminen on ennen kaikkea ryhm\u00e4n toimintaan. Kukaan ei kiusaa yksin, jos ei saa toiminnalleen jonkinlaista tukea. Miten kouluissa voisi toimia kiusaamista vastaan?<\/p>\n<p><strong>Aggressiivisuus\u00a0<\/strong><\/p>\n<p>Aggressiivisuus on tarkoituksellinen, tahallinen pyrkimys vahingoittaa toista ihmist\u00e4. Aggressiivisuus voi olla fyysist\u00e4 tai verbaalista; suoraa tai ep\u00e4suoraa. Esim. juorujen levittely on ep\u00e4suoraa aggressiivisuutta.<\/p>\n<p>Yht\u00e4 selke\u00e4\u00e4 syyt\u00e4 aggressiiviselle k\u00e4ytt\u00e4ytymiselle ei ole l\u00f6ydetty, selitysmalleja on useita:<br \/>\n* Etologinen malli: aggressio on ulkoisen tekij\u00e4n aiheuttamaa energian purkautumista (h\u00f6yrykattilamalli).<br \/>\n* K\u00e4ytt\u00e4ytymisgeneettinen malli: aggressiivisuus johtuu perim\u00e4st\u00e4, my\u00f6s hormonitoiminta vaikuttaa.<br \/>\n* Freud: Turhautuminen aiheuttaa aggressiota.<br \/>\n* Oppimisteoria: aggressio on mallista opittua toimintaa.<br \/>\n* Sosiokognitiivinen malli: jos ihminen tulkitsee tilanteen uhkaavaksi, h\u00e4n k\u00e4ytt\u00e4ytyy aggressiivisesti.<br \/>\n* Uudemmat selitystavat yhdistelev\u00e4t edell\u00e4 mainittuja.<\/p>\n<p><span style=\"text-decoration: underline\">Lucifer-vaikutuksella<\/span> (Zimbardo <a href=\"https:\/\/www.youtube.com\/watch?v=-IVHoeUGiVg\" target=\"_blank\">&#8221;The Lucifer Effect&#8221;) <\/a>tarkoitetaan sit\u00e4, ett\u00e4 pahuuden selitys l\u00f6ytyy usein tilanteesta, ei niink\u00e4\u00e4n ihmisen persoonallisuudesta. Kaikissa ihmisiss\u00e4 on tietyiss\u00e4 tilanteissa ainekset aggressiivisuuteen ja pahuuteen, sanoi Zimbardo. Oletko samaa mielt\u00e4?<\/p>\n<p>Deindividuaatio on n\u00e4hty ainakin osaselityksen\u00e4 joukkojen aggressiiviseen k\u00e4ytt\u00e4ytymiseen. Termill\u00e4 tarkoitetaan yksil\u00f6llisyyden tunteen menett\u00e4mist\u00e4, jolloin ep\u00e4sosiaalisen k\u00e4ytt\u00e4ytymisen todenn\u00e4k\u00f6isyys kasvaa, esim. Ku Klux Klan.<\/p>\n<p>Mediav\u00e4kivalta lis\u00e4\u00e4 aggressiivista k\u00e4yt\u00f6st\u00e4! Toisilla alttius siihen on suurempi kuin toisilla. Persoonallisuudeltaan aggressiiviset henkil\u00f6t my\u00f6s kuluttavat enemm\u00e4n v\u00e4kivaltaviihdett\u00e4, jolloin kyseess\u00e4 on itse\u00e4\u00e4n vahvistava keh\u00e4.<\/p>\n<p>Eritt\u00e4in aggressiivisilla ihmisill\u00e4 on usein todettu ajatusv\u00e4\u00e4ristym\u00e4: He eiv\u00e4t ajattele, ett\u00e4 joku tekee jotain vahingossa, he tulkitsevat, ett\u00e4 heit\u00e4 loukataan tai vahingoitetaan tahallisesti; toisen ihmisen k\u00e4ytt\u00e4ytymist\u00e4 tulkitaan negatiivisesti.<\/p>\n","protected":false},"excerpt":{"rendered":"<p>Ryhm\u00e4 koostuu aina yksil\u00f6ist\u00e4, joista kukin tuo siihen oman panoksensa, puhutaan kokonaisenergiasta eli synergiasta. Ryhm\u00e4ss\u00e4 kaikkien toiminta vaikuttaa kaikkiin. Ryhm\u00e4dynamiikka tarkoittaa sit\u00e4, ettei ryhm\u00e4n toimintaa voi tarkoin ennustaa yksil\u00f6iden perustellaan, kokonaisuus on enemm\u00e4n kuin osiensa summa. Ryhm\u00e4ss\u00e4 voi ajautua my\u00f6s tekoihin, joita ei itse yksil\u00f6n\u00e4 tekisi. Oma min\u00e4 ja itsehillint\u00e4 unohtuu ja menee massa mukana. &hellip; <a href=\"https:\/\/blogit.gradia.fi\/psykaa\/ryhma-toimii\/\" class=\"more-link\">Jatka lukemista <span class=\"screen-reader-text\">Ryhm\u00e4 toimii<\/span> <span class=\"meta-nav\">&rarr;<\/span><\/a><\/p>\n","protected":false},"author":601,"featured_media":0,"parent":0,"menu_order":0,"comment_status":"closed","ping_status":"closed","template":"","meta":{"_uag_custom_page_level_css":"","footnotes":""},"class_list":["post-93","page","type-page","status-publish","hentry"],"yoast_head":"<!-- This site is optimized with the Yoast SEO plugin v27.2 - https:\/\/yoast.com\/product\/yoast-seo-wordpress\/ -->\n<title>Ryhm\u00e4 toimii - Psykaa<\/title>\n<meta name=\"robots\" content=\"index, follow, max-snippet:-1, max-image-preview:large, max-video-preview:-1\" \/>\n<link rel=\"canonical\" href=\"https:\/\/blogit.gradia.fi\/psykaa\/ryhma-toimii\/\" \/>\n<meta property=\"og:locale\" content=\"fi_FI\" \/>\n<meta property=\"og:type\" content=\"article\" \/>\n<meta property=\"og:title\" content=\"Ryhm\u00e4 toimii - Psykaa\" \/>\n<meta property=\"og:description\" content=\"Ryhm\u00e4 koostuu aina yksil\u00f6ist\u00e4, joista kukin tuo siihen oman panoksensa, puhutaan kokonaisenergiasta eli synergiasta. Ryhm\u00e4ss\u00e4 kaikkien toiminta vaikuttaa kaikkiin. Ryhm\u00e4dynamiikka tarkoittaa sit\u00e4, ettei ryhm\u00e4n toimintaa voi tarkoin ennustaa yksil\u00f6iden perustellaan, kokonaisuus on enemm\u00e4n kuin osiensa summa. Ryhm\u00e4ss\u00e4 voi ajautua my\u00f6s tekoihin, joita ei itse yksil\u00f6n\u00e4 tekisi. Oma min\u00e4 ja itsehillint\u00e4 unohtuu ja menee massa mukana. &hellip; Jatka lukemista Ryhm\u00e4 toimii &rarr;\" \/>\n<meta property=\"og:url\" content=\"https:\/\/blogit.gradia.fi\/psykaa\/ryhma-toimii\/\" \/>\n<meta property=\"og:site_name\" content=\"Psykaa\" \/>\n<meta property=\"article:modified_time\" content=\"2016-09-18T13:28:27+00:00\" \/>\n<meta name=\"twitter:card\" content=\"summary_large_image\" \/>\n<meta name=\"twitter:label1\" content=\"Arvioitu lukuaika\" \/>\n\t<meta name=\"twitter:data1\" content=\"2 minuuttia\" \/>\n<script type=\"application\/ld+json\" class=\"yoast-schema-graph\">{\"@context\":\"https:\/\/schema.org\",\"@graph\":[{\"@type\":\"WebPage\",\"@id\":\"https:\/\/blogit.gradia.fi\/psykaa\/ryhma-toimii\/\",\"url\":\"https:\/\/blogit.gradia.fi\/psykaa\/ryhma-toimii\/\",\"name\":\"Ryhm\u00e4 toimii - Psykaa\",\"isPartOf\":{\"@id\":\"https:\/\/blogit.gradia.fi\/psykaa\/#website\"},\"datePublished\":\"2016-08-24T10:42:34+00:00\",\"dateModified\":\"2016-09-18T13:28:27+00:00\",\"inLanguage\":\"fi\",\"potentialAction\":[{\"@type\":\"ReadAction\",\"target\":[\"https:\/\/blogit.gradia.fi\/psykaa\/ryhma-toimii\/\"]}]},{\"@type\":\"WebSite\",\"@id\":\"https:\/\/blogit.gradia.fi\/psykaa\/#website\",\"url\":\"https:\/\/blogit.gradia.fi\/psykaa\/\",\"name\":\"Psykaa\",\"description\":\"Uusi ao-blogit -sivusto\",\"potentialAction\":[{\"@type\":\"SearchAction\",\"target\":{\"@type\":\"EntryPoint\",\"urlTemplate\":\"https:\/\/blogit.gradia.fi\/psykaa\/?s={search_term_string}\"},\"query-input\":{\"@type\":\"PropertyValueSpecification\",\"valueRequired\":true,\"valueName\":\"search_term_string\"}}],\"inLanguage\":\"fi\"}]}<\/script>\n<!-- \/ Yoast SEO plugin. -->","yoast_head_json":{"title":"Ryhm\u00e4 toimii - Psykaa","robots":{"index":"index","follow":"follow","max-snippet":"max-snippet:-1","max-image-preview":"max-image-preview:large","max-video-preview":"max-video-preview:-1"},"canonical":"https:\/\/blogit.gradia.fi\/psykaa\/ryhma-toimii\/","og_locale":"fi_FI","og_type":"article","og_title":"Ryhm\u00e4 toimii - Psykaa","og_description":"Ryhm\u00e4 koostuu aina yksil\u00f6ist\u00e4, joista kukin tuo siihen oman panoksensa, puhutaan kokonaisenergiasta eli synergiasta. Ryhm\u00e4ss\u00e4 kaikkien toiminta vaikuttaa kaikkiin. Ryhm\u00e4dynamiikka tarkoittaa sit\u00e4, ettei ryhm\u00e4n toimintaa voi tarkoin ennustaa yksil\u00f6iden perustellaan, kokonaisuus on enemm\u00e4n kuin osiensa summa. Ryhm\u00e4ss\u00e4 voi ajautua my\u00f6s tekoihin, joita ei itse yksil\u00f6n\u00e4 tekisi. Oma min\u00e4 ja itsehillint\u00e4 unohtuu ja menee massa mukana. &hellip; Jatka lukemista Ryhm\u00e4 toimii &rarr;","og_url":"https:\/\/blogit.gradia.fi\/psykaa\/ryhma-toimii\/","og_site_name":"Psykaa","article_modified_time":"2016-09-18T13:28:27+00:00","twitter_card":"summary_large_image","twitter_misc":{"Arvioitu lukuaika":"2 minuuttia"},"schema":{"@context":"https:\/\/schema.org","@graph":[{"@type":"WebPage","@id":"https:\/\/blogit.gradia.fi\/psykaa\/ryhma-toimii\/","url":"https:\/\/blogit.gradia.fi\/psykaa\/ryhma-toimii\/","name":"Ryhm\u00e4 toimii - Psykaa","isPartOf":{"@id":"https:\/\/blogit.gradia.fi\/psykaa\/#website"},"datePublished":"2016-08-24T10:42:34+00:00","dateModified":"2016-09-18T13:28:27+00:00","inLanguage":"fi","potentialAction":[{"@type":"ReadAction","target":["https:\/\/blogit.gradia.fi\/psykaa\/ryhma-toimii\/"]}]},{"@type":"WebSite","@id":"https:\/\/blogit.gradia.fi\/psykaa\/#website","url":"https:\/\/blogit.gradia.fi\/psykaa\/","name":"Psykaa","description":"Uusi ao-blogit -sivusto","potentialAction":[{"@type":"SearchAction","target":{"@type":"EntryPoint","urlTemplate":"https:\/\/blogit.gradia.fi\/psykaa\/?s={search_term_string}"},"query-input":{"@type":"PropertyValueSpecification","valueRequired":true,"valueName":"search_term_string"}}],"inLanguage":"fi"}]}},"uagb_featured_image_src":{"full":false,"thumbnail":false,"medium":false,"medium_large":false,"large":false,"1536x1536":false,"2048x2048":false,"post-thumbnail":false},"uagb_author_info":{"display_name":"Laura Teri\u00f6","author_link":"https:\/\/blogit.gradia.fi\/psykaa\/author\/lauralaa\/"},"uagb_comment_info":0,"uagb_excerpt":"Ryhm\u00e4 koostuu aina yksil\u00f6ist\u00e4, joista kukin tuo siihen oman panoksensa, puhutaan kokonaisenergiasta eli synergiasta. Ryhm\u00e4ss\u00e4 kaikkien toiminta vaikuttaa kaikkiin. Ryhm\u00e4dynamiikka tarkoittaa sit\u00e4, ettei ryhm\u00e4n toimintaa voi tarkoin ennustaa yksil\u00f6iden perustellaan, kokonaisuus on enemm\u00e4n kuin osiensa summa. Ryhm\u00e4ss\u00e4 voi ajautua my\u00f6s tekoihin, joita ei itse yksil\u00f6n\u00e4 tekisi. Oma min\u00e4 ja itsehillint\u00e4 unohtuu ja menee massa mukana.&hellip;","_links":{"self":[{"href":"https:\/\/blogit.gradia.fi\/psykaa\/wp-json\/wp\/v2\/pages\/93","targetHints":{"allow":["GET"]}}],"collection":[{"href":"https:\/\/blogit.gradia.fi\/psykaa\/wp-json\/wp\/v2\/pages"}],"about":[{"href":"https:\/\/blogit.gradia.fi\/psykaa\/wp-json\/wp\/v2\/types\/page"}],"author":[{"embeddable":true,"href":"https:\/\/blogit.gradia.fi\/psykaa\/wp-json\/wp\/v2\/users\/601"}],"replies":[{"embeddable":true,"href":"https:\/\/blogit.gradia.fi\/psykaa\/wp-json\/wp\/v2\/comments?post=93"}],"version-history":[{"count":0,"href":"https:\/\/blogit.gradia.fi\/psykaa\/wp-json\/wp\/v2\/pages\/93\/revisions"}],"wp:attachment":[{"href":"https:\/\/blogit.gradia.fi\/psykaa\/wp-json\/wp\/v2\/media?parent=93"}],"curies":[{"name":"wp","href":"https:\/\/api.w.org\/{rel}","templated":true}]}}