{"id":59,"date":"2016-05-11T15:15:11","date_gmt":"2016-05-11T12:15:11","guid":{"rendered":"https:\/\/blogit.gradia.fi\/psykaa\/?page_id=59"},"modified":"2016-09-19T14:48:14","modified_gmt":"2016-09-19T11:48:14","slug":"mielenterveyden-ongelmat","status":"publish","type":"page","link":"https:\/\/blogit.gradia.fi\/psykaa\/mielenterveyden-ongelmat\/","title":{"rendered":"Mielenterveyden ongelmat"},"content":{"rendered":"<p><strong>Mielenterveyden ongelmat <\/strong><\/p>\n<p><span style=\"text-decoration: underline\">El\u00e4m\u00e4nhallinta<\/span> on tunne siit\u00e4, ett\u00e4 pystyy vaikuttamaan omaan el\u00e4m\u00e4\u00e4ns\u00e4 ja siin\u00e4 tapahtuviin asioihin.<\/p>\n<p>Jokaisen el\u00e4m\u00e4ss\u00e4 on pettymyksi\u00e4, vastoink\u00e4ymisi\u00e4 ja tilanteita, jotka tuntuvat vaikeilta, ylitsep\u00e4\u00e4sem\u00e4tt\u00f6milt\u00e4 ja ahdistavilta. Hyv\u00e4 mielenterveys auttaa selviytym\u00e4\u00e4n useimmista arkiel\u00e4m\u00e4n ongelmista.<\/p>\n<p>Ihmisell\u00e4 on <span style=\"text-decoration: underline\">mielenterveysongelma<\/span>&#8211; tai h\u00e4iri\u00f6, jos h\u00e4nen toimintansa on hyv\u00e4ksyttyjen rajojen ulkopuolella tai sille ei l\u00f6ydy j\u00e4rkev\u00e4\u00e4 selityst\u00e4. H\u00e4n yleens\u00e4 aiheuttaa huolta l\u00e4hipiiriss\u00e4 ja h\u00e4nen toimintakykyns\u00e4 on madaltunut eli h\u00e4n aiheuttaa ongelmia my\u00f6s itselleen. Vakavia mielenterveydenh\u00e4iri\u00f6it\u00e4 kutsutaan mielisairaudeksi.<\/p>\n<p>Mielenterveysongelmien m\u00e4\u00e4ritteleminen ja huomaaminenkin voi olla joskus vaikeaa.\u00a0Ihminen ei v\u00e4ltt\u00e4m\u00e4tt\u00e4 huomaa\u00a0omia ongelmiaan, ja ne voivat pysy\u00e4 pitk\u00e4\u00e4n salassa l\u00e4hipiirilt\u00e4kin,\u00a0esim. jos henkil\u00f6n kanssa ei ole koko ajan.\u00a0Mielenterveysongelmat eiv\u00e4t my\u00f6sk\u00e4\u00e4n ole joko tai, niin ett\u00e4 voisit saada leiman\u00a0&#8221;terve&#8221; tai &#8221;sairas&#8221;, on olemassa pitk\u00e4 jana, jolle me kaikki asetutaan, toiset\u00a0l\u00e4helle \u00e4\u00e4rip\u00e4it\u00e4 toiset keskemm\u00e4lle.<\/p>\n<p>Yleisimpi\u00e4 mielenterveydenh\u00e4iri\u00f6it\u00e4 ovat ahdistuneisuush\u00e4iri\u00f6t (neuroosit), mielialah\u00e4iri\u00f6t, persoonallisuush\u00e4iri\u00f6t ja psykoosit (mielisairaudet). Vakavuudeltaan neuroosit ovat lievempi\u00e4 ja psykoosit vakavimpia.<\/p>\n<p style=\"padding-left: 30px\"><strong>Pohdittavaa:<br \/>\n<\/strong> Millainen on mielelt\u00e4\u00e4n terve ihminen? Millaisia adjektiiveja k\u00e4ytt\u00e4isitte kuvailuun?<br \/>\nMiksi on niin helppo sanoa, ett\u00e4 jalka on poikki, mutta ei, ett\u00e4 minulla on mielenterveysongelmia?<br \/>\nOvatko mielenterveydenh\u00e4iri\u00f6t ja kaikenlainen erikoinen k\u00e4yt\u00f6s nyt muotia? Mit\u00e4 TV-sarjoja tai elokuvia tied\u00e4t, jossa p\u00e4\u00e4henkil\u00f6 on jollakin tapaa erikoinen?<\/p>\n<p>&nbsp;<\/p>\n<p>&nbsp;<\/p>\n<p>&nbsp;<\/p>\n<p>&nbsp;<\/p>\n<p>&nbsp;<\/p>\n","protected":false},"excerpt":{"rendered":"<p>Mielenterveyden ongelmat El\u00e4m\u00e4nhallinta on tunne siit\u00e4, ett\u00e4 pystyy vaikuttamaan omaan el\u00e4m\u00e4\u00e4ns\u00e4 ja siin\u00e4 tapahtuviin asioihin. Jokaisen el\u00e4m\u00e4ss\u00e4 on pettymyksi\u00e4, vastoink\u00e4ymisi\u00e4 ja tilanteita, jotka tuntuvat vaikeilta, ylitsep\u00e4\u00e4sem\u00e4tt\u00f6milt\u00e4 ja ahdistavilta. Hyv\u00e4 mielenterveys auttaa selviytym\u00e4\u00e4n useimmista arkiel\u00e4m\u00e4n ongelmista. Ihmisell\u00e4 on mielenterveysongelma&#8211; tai h\u00e4iri\u00f6, jos h\u00e4nen toimintansa on hyv\u00e4ksyttyjen rajojen ulkopuolella tai sille ei l\u00f6ydy j\u00e4rkev\u00e4\u00e4 selityst\u00e4. H\u00e4n yleens\u00e4 &hellip; <a href=\"https:\/\/blogit.gradia.fi\/psykaa\/mielenterveyden-ongelmat\/\" class=\"more-link\">Jatka lukemista <span class=\"screen-reader-text\">Mielenterveyden ongelmat<\/span> <span class=\"meta-nav\">&rarr;<\/span><\/a><\/p>\n","protected":false},"author":601,"featured_media":0,"parent":0,"menu_order":0,"comment_status":"closed","ping_status":"closed","template":"","meta":{"_uag_custom_page_level_css":"","footnotes":""},"class_list":["post-59","page","type-page","status-publish","hentry"],"yoast_head":"<!-- This site is optimized with the Yoast SEO plugin v27.2 - https:\/\/yoast.com\/product\/yoast-seo-wordpress\/ -->\n<title>Mielenterveyden ongelmat - Psykaa<\/title>\n<meta name=\"robots\" content=\"index, follow, max-snippet:-1, max-image-preview:large, max-video-preview:-1\" \/>\n<link rel=\"canonical\" href=\"https:\/\/blogit.gradia.fi\/psykaa\/mielenterveyden-ongelmat\/\" \/>\n<meta property=\"og:locale\" content=\"fi_FI\" \/>\n<meta property=\"og:type\" content=\"article\" \/>\n<meta property=\"og:title\" content=\"Mielenterveyden ongelmat - Psykaa\" \/>\n<meta property=\"og:description\" content=\"Mielenterveyden ongelmat El\u00e4m\u00e4nhallinta on tunne siit\u00e4, ett\u00e4 pystyy vaikuttamaan omaan el\u00e4m\u00e4\u00e4ns\u00e4 ja siin\u00e4 tapahtuviin asioihin. Jokaisen el\u00e4m\u00e4ss\u00e4 on pettymyksi\u00e4, vastoink\u00e4ymisi\u00e4 ja tilanteita, jotka tuntuvat vaikeilta, ylitsep\u00e4\u00e4sem\u00e4tt\u00f6milt\u00e4 ja ahdistavilta. Hyv\u00e4 mielenterveys auttaa selviytym\u00e4\u00e4n useimmista arkiel\u00e4m\u00e4n ongelmista. Ihmisell\u00e4 on mielenterveysongelma&#8211; tai h\u00e4iri\u00f6, jos h\u00e4nen toimintansa on hyv\u00e4ksyttyjen rajojen ulkopuolella tai sille ei l\u00f6ydy j\u00e4rkev\u00e4\u00e4 selityst\u00e4. H\u00e4n yleens\u00e4 &hellip; Jatka lukemista Mielenterveyden ongelmat &rarr;\" \/>\n<meta property=\"og:url\" content=\"https:\/\/blogit.gradia.fi\/psykaa\/mielenterveyden-ongelmat\/\" \/>\n<meta property=\"og:site_name\" content=\"Psykaa\" \/>\n<meta property=\"article:modified_time\" content=\"2016-09-19T11:48:14+00:00\" \/>\n<meta name=\"twitter:card\" content=\"summary_large_image\" \/>\n<meta name=\"twitter:label1\" content=\"Arvioitu lukuaika\" \/>\n\t<meta name=\"twitter:data1\" content=\"1 minuutti\" \/>\n<script type=\"application\/ld+json\" class=\"yoast-schema-graph\">{\"@context\":\"https:\/\/schema.org\",\"@graph\":[{\"@type\":\"WebPage\",\"@id\":\"https:\/\/blogit.gradia.fi\/psykaa\/mielenterveyden-ongelmat\/\",\"url\":\"https:\/\/blogit.gradia.fi\/psykaa\/mielenterveyden-ongelmat\/\",\"name\":\"Mielenterveyden ongelmat - Psykaa\",\"isPartOf\":{\"@id\":\"https:\/\/blogit.gradia.fi\/psykaa\/#website\"},\"datePublished\":\"2016-05-11T12:15:11+00:00\",\"dateModified\":\"2016-09-19T11:48:14+00:00\",\"inLanguage\":\"fi\",\"potentialAction\":[{\"@type\":\"ReadAction\",\"target\":[\"https:\/\/blogit.gradia.fi\/psykaa\/mielenterveyden-ongelmat\/\"]}]},{\"@type\":\"WebSite\",\"@id\":\"https:\/\/blogit.gradia.fi\/psykaa\/#website\",\"url\":\"https:\/\/blogit.gradia.fi\/psykaa\/\",\"name\":\"Psykaa\",\"description\":\"Uusi ao-blogit -sivusto\",\"potentialAction\":[{\"@type\":\"SearchAction\",\"target\":{\"@type\":\"EntryPoint\",\"urlTemplate\":\"https:\/\/blogit.gradia.fi\/psykaa\/?s={search_term_string}\"},\"query-input\":{\"@type\":\"PropertyValueSpecification\",\"valueRequired\":true,\"valueName\":\"search_term_string\"}}],\"inLanguage\":\"fi\"}]}<\/script>\n<!-- \/ Yoast SEO plugin. -->","yoast_head_json":{"title":"Mielenterveyden ongelmat - Psykaa","robots":{"index":"index","follow":"follow","max-snippet":"max-snippet:-1","max-image-preview":"max-image-preview:large","max-video-preview":"max-video-preview:-1"},"canonical":"https:\/\/blogit.gradia.fi\/psykaa\/mielenterveyden-ongelmat\/","og_locale":"fi_FI","og_type":"article","og_title":"Mielenterveyden ongelmat - Psykaa","og_description":"Mielenterveyden ongelmat El\u00e4m\u00e4nhallinta on tunne siit\u00e4, ett\u00e4 pystyy vaikuttamaan omaan el\u00e4m\u00e4\u00e4ns\u00e4 ja siin\u00e4 tapahtuviin asioihin. Jokaisen el\u00e4m\u00e4ss\u00e4 on pettymyksi\u00e4, vastoink\u00e4ymisi\u00e4 ja tilanteita, jotka tuntuvat vaikeilta, ylitsep\u00e4\u00e4sem\u00e4tt\u00f6milt\u00e4 ja ahdistavilta. Hyv\u00e4 mielenterveys auttaa selviytym\u00e4\u00e4n useimmista arkiel\u00e4m\u00e4n ongelmista. Ihmisell\u00e4 on mielenterveysongelma&#8211; tai h\u00e4iri\u00f6, jos h\u00e4nen toimintansa on hyv\u00e4ksyttyjen rajojen ulkopuolella tai sille ei l\u00f6ydy j\u00e4rkev\u00e4\u00e4 selityst\u00e4. H\u00e4n yleens\u00e4 &hellip; Jatka lukemista Mielenterveyden ongelmat &rarr;","og_url":"https:\/\/blogit.gradia.fi\/psykaa\/mielenterveyden-ongelmat\/","og_site_name":"Psykaa","article_modified_time":"2016-09-19T11:48:14+00:00","twitter_card":"summary_large_image","twitter_misc":{"Arvioitu lukuaika":"1 minuutti"},"schema":{"@context":"https:\/\/schema.org","@graph":[{"@type":"WebPage","@id":"https:\/\/blogit.gradia.fi\/psykaa\/mielenterveyden-ongelmat\/","url":"https:\/\/blogit.gradia.fi\/psykaa\/mielenterveyden-ongelmat\/","name":"Mielenterveyden ongelmat - Psykaa","isPartOf":{"@id":"https:\/\/blogit.gradia.fi\/psykaa\/#website"},"datePublished":"2016-05-11T12:15:11+00:00","dateModified":"2016-09-19T11:48:14+00:00","inLanguage":"fi","potentialAction":[{"@type":"ReadAction","target":["https:\/\/blogit.gradia.fi\/psykaa\/mielenterveyden-ongelmat\/"]}]},{"@type":"WebSite","@id":"https:\/\/blogit.gradia.fi\/psykaa\/#website","url":"https:\/\/blogit.gradia.fi\/psykaa\/","name":"Psykaa","description":"Uusi ao-blogit -sivusto","potentialAction":[{"@type":"SearchAction","target":{"@type":"EntryPoint","urlTemplate":"https:\/\/blogit.gradia.fi\/psykaa\/?s={search_term_string}"},"query-input":{"@type":"PropertyValueSpecification","valueRequired":true,"valueName":"search_term_string"}}],"inLanguage":"fi"}]}},"uagb_featured_image_src":{"full":false,"thumbnail":false,"medium":false,"medium_large":false,"large":false,"1536x1536":false,"2048x2048":false,"post-thumbnail":false},"uagb_author_info":{"display_name":"Laura Teri\u00f6","author_link":"https:\/\/blogit.gradia.fi\/psykaa\/author\/lauralaa\/"},"uagb_comment_info":0,"uagb_excerpt":"Mielenterveyden ongelmat El\u00e4m\u00e4nhallinta on tunne siit\u00e4, ett\u00e4 pystyy vaikuttamaan omaan el\u00e4m\u00e4\u00e4ns\u00e4 ja siin\u00e4 tapahtuviin asioihin. Jokaisen el\u00e4m\u00e4ss\u00e4 on pettymyksi\u00e4, vastoink\u00e4ymisi\u00e4 ja tilanteita, jotka tuntuvat vaikeilta, ylitsep\u00e4\u00e4sem\u00e4tt\u00f6milt\u00e4 ja ahdistavilta. Hyv\u00e4 mielenterveys auttaa selviytym\u00e4\u00e4n useimmista arkiel\u00e4m\u00e4n ongelmista. Ihmisell\u00e4 on mielenterveysongelma&#8211; tai h\u00e4iri\u00f6, jos h\u00e4nen toimintansa on hyv\u00e4ksyttyjen rajojen ulkopuolella tai sille ei l\u00f6ydy j\u00e4rkev\u00e4\u00e4 selityst\u00e4. H\u00e4n yleens\u00e4&hellip;","_links":{"self":[{"href":"https:\/\/blogit.gradia.fi\/psykaa\/wp-json\/wp\/v2\/pages\/59","targetHints":{"allow":["GET"]}}],"collection":[{"href":"https:\/\/blogit.gradia.fi\/psykaa\/wp-json\/wp\/v2\/pages"}],"about":[{"href":"https:\/\/blogit.gradia.fi\/psykaa\/wp-json\/wp\/v2\/types\/page"}],"author":[{"embeddable":true,"href":"https:\/\/blogit.gradia.fi\/psykaa\/wp-json\/wp\/v2\/users\/601"}],"replies":[{"embeddable":true,"href":"https:\/\/blogit.gradia.fi\/psykaa\/wp-json\/wp\/v2\/comments?post=59"}],"version-history":[{"count":0,"href":"https:\/\/blogit.gradia.fi\/psykaa\/wp-json\/wp\/v2\/pages\/59\/revisions"}],"wp:attachment":[{"href":"https:\/\/blogit.gradia.fi\/psykaa\/wp-json\/wp\/v2\/media?parent=59"}],"curies":[{"name":"wp","href":"https:\/\/api.w.org\/{rel}","templated":true}]}}