{"id":51,"date":"2016-05-11T15:09:52","date_gmt":"2016-05-11T12:09:52","guid":{"rendered":"https:\/\/blogit.gradia.fi\/psykaa\/?page_id=51"},"modified":"2016-09-06T15:09:43","modified_gmt":"2016-09-06T12:09:43","slug":"the-big-five","status":"publish","type":"page","link":"https:\/\/blogit.gradia.fi\/psykaa\/the-big-five\/","title":{"rendered":"The Big Five"},"content":{"rendered":"<p>Tunnetuimpia persoonallisuusteorioita on ns. Big Five, jossa\u00a016 persoonallisuuden piirrett\u00e4 on tiivistetty viiteen suureen.\u00a0N\u00e4it\u00e4 ovat\u00a0avoimuus, ulosp\u00e4insuuntautuneisuus, sovinnollisuus, tunnollisuus ja neuroottisuus.<\/p>\n<p><strong>Avoimuus<\/strong> eli suhtautuminen uusiin ja yll\u00e4tt\u00e4viin asioihin; haaveellisuus, taiteellisuus, tunteellisuus, joustavuus, \u00e4lyllinen uteliaisuus, suvaitsevuus<\/p>\n<p><strong><u>Ekstroversio<\/u><\/strong> eli ulosp\u00e4insuuntautuneisuus; l\u00e4mminhenkisyys, seurallisuus, itsevarmuus, aktiivisuus, j\u00e4nnityshakuisuus, iloisuus<\/p>\n<p><b>Miellytt\u00e4vyys tai sovinnollisuus<\/b>\u00a0eli suhtautuminen toisiin ihmisiin; luottamus, mutkattomuus, ep\u00e4itsekkyys, mukautuvuus, vaatimattomuus, herkk\u00e4tunteisuus<\/p>\n<p><b>Tunnollisuus tai vastuuntuntoisuus<\/b> eli j\u00e4rjestelm\u00e4llisyys ja suuntautuminen p\u00e4\u00e4m\u00e4\u00e4riin; kyvykkyys, itsekuri<\/p>\n<p><span style=\"text-decoration: underline\"><b>Neuroottisuus<\/b><\/span> eli tunne-el\u00e4m\u00e4n tasapainoisuus; ahdistuneisuus, vihamielisyys, masentuneisuus, alemmuudentuntoisuus, impulsiivisuus, haavoittuvuus<\/p>\n<p>Testaa itsesi <a href=\"https:\/\/vastaamo.fi\/persoonallisuustesti\/\" target=\"_blank\">persoonallisuustestill\u00e4<\/a>.<\/p>\n<p>&nbsp;<\/p>\n<p><strong>Persoonallisuuden vaikutus parisuhteeseen\u00a0<\/strong><\/p>\n<p>Persoonallisuudella suuri merkitys siihen, pysyv\u00e4tk\u00f6 pariskunnat yhdess\u00e4.<\/p>\n<p>Yleens\u00e4 puolisoksi valikoituu ihminen, joka on samankaltainen ulkoiselta vieh\u00e4tysvoimaltaan, taustaltaan ja asenteiltaan, my\u00f6s persoonallisuudessa on yleens\u00e4 jotain samaa.<\/p>\n<p>Erityisen t\u00e4rkeit\u00e4 yhdess\u00e4 pysymisen kannalta ovat Big Fiven piirteit\u00e4 sovinnollisuus ja avoimuus. Eli vaikka vastakohdat t\u00e4ydent\u00e4v\u00e4t toisiaan, samankaltaisuus pit\u00e4\u00e4 paremmin yhdess\u00e4.<\/p>\n<p>Neuroottiset persoonallisuudenpiirteet ovat usein haitaksi parisuhteelle, kun taas puolisoiden tunne-el\u00e4m\u00e4n tasapainoisuus ennustaa kest\u00e4v\u00e4\u00e4 suhdetta.<\/p>\n<p>&nbsp;<\/p>\n<p>&nbsp;<\/p>\n<p>&nbsp;<\/p>\n<p>&nbsp;<\/p>\n<p>&nbsp;<\/p>\n<p>&nbsp;<\/p>\n","protected":false},"excerpt":{"rendered":"<p>Tunnetuimpia persoonallisuusteorioita on ns. Big Five, jossa\u00a016 persoonallisuuden piirrett\u00e4 on tiivistetty viiteen suureen.\u00a0N\u00e4it\u00e4 ovat\u00a0avoimuus, ulosp\u00e4insuuntautuneisuus, sovinnollisuus, tunnollisuus ja neuroottisuus. Avoimuus eli suhtautuminen uusiin ja yll\u00e4tt\u00e4viin asioihin; haaveellisuus, taiteellisuus, tunteellisuus, joustavuus, \u00e4lyllinen uteliaisuus, suvaitsevuus Ekstroversio eli ulosp\u00e4insuuntautuneisuus; l\u00e4mminhenkisyys, seurallisuus, itsevarmuus, aktiivisuus, j\u00e4nnityshakuisuus, iloisuus Miellytt\u00e4vyys tai sovinnollisuus\u00a0eli suhtautuminen toisiin ihmisiin; luottamus, mutkattomuus, ep\u00e4itsekkyys, mukautuvuus, vaatimattomuus, herkk\u00e4tunteisuus Tunnollisuus &hellip; <a href=\"https:\/\/blogit.gradia.fi\/psykaa\/the-big-five\/\" class=\"more-link\">Jatka lukemista <span class=\"screen-reader-text\">The Big Five<\/span> <span class=\"meta-nav\">&rarr;<\/span><\/a><\/p>\n","protected":false},"author":601,"featured_media":0,"parent":0,"menu_order":0,"comment_status":"closed","ping_status":"closed","template":"","meta":{"_uag_custom_page_level_css":"","footnotes":""},"class_list":["post-51","page","type-page","status-publish","hentry"],"yoast_head":"<!-- This site is optimized with the Yoast SEO plugin v27.2 - https:\/\/yoast.com\/product\/yoast-seo-wordpress\/ -->\n<title>The Big Five - Psykaa<\/title>\n<meta name=\"robots\" content=\"index, follow, max-snippet:-1, max-image-preview:large, max-video-preview:-1\" \/>\n<link rel=\"canonical\" href=\"https:\/\/blogit.gradia.fi\/psykaa\/the-big-five\/\" \/>\n<meta property=\"og:locale\" content=\"fi_FI\" \/>\n<meta property=\"og:type\" content=\"article\" \/>\n<meta property=\"og:title\" content=\"The Big Five - Psykaa\" \/>\n<meta property=\"og:description\" content=\"Tunnetuimpia persoonallisuusteorioita on ns. Big Five, jossa\u00a016 persoonallisuuden piirrett\u00e4 on tiivistetty viiteen suureen.\u00a0N\u00e4it\u00e4 ovat\u00a0avoimuus, ulosp\u00e4insuuntautuneisuus, sovinnollisuus, tunnollisuus ja neuroottisuus. Avoimuus eli suhtautuminen uusiin ja yll\u00e4tt\u00e4viin asioihin; haaveellisuus, taiteellisuus, tunteellisuus, joustavuus, \u00e4lyllinen uteliaisuus, suvaitsevuus Ekstroversio eli ulosp\u00e4insuuntautuneisuus; l\u00e4mminhenkisyys, seurallisuus, itsevarmuus, aktiivisuus, j\u00e4nnityshakuisuus, iloisuus Miellytt\u00e4vyys tai sovinnollisuus\u00a0eli suhtautuminen toisiin ihmisiin; luottamus, mutkattomuus, ep\u00e4itsekkyys, mukautuvuus, vaatimattomuus, herkk\u00e4tunteisuus Tunnollisuus &hellip; Jatka lukemista The Big Five &rarr;\" \/>\n<meta property=\"og:url\" content=\"https:\/\/blogit.gradia.fi\/psykaa\/the-big-five\/\" \/>\n<meta property=\"og:site_name\" content=\"Psykaa\" \/>\n<meta property=\"article:modified_time\" content=\"2016-09-06T12:09:43+00:00\" \/>\n<meta name=\"twitter:card\" content=\"summary_large_image\" \/>\n<meta name=\"twitter:label1\" content=\"Arvioitu lukuaika\" \/>\n\t<meta name=\"twitter:data1\" content=\"1 minuutti\" \/>\n<script type=\"application\/ld+json\" class=\"yoast-schema-graph\">{\"@context\":\"https:\/\/schema.org\",\"@graph\":[{\"@type\":\"WebPage\",\"@id\":\"https:\/\/blogit.gradia.fi\/psykaa\/the-big-five\/\",\"url\":\"https:\/\/blogit.gradia.fi\/psykaa\/the-big-five\/\",\"name\":\"The Big Five - Psykaa\",\"isPartOf\":{\"@id\":\"https:\/\/blogit.gradia.fi\/psykaa\/#website\"},\"datePublished\":\"2016-05-11T12:09:52+00:00\",\"dateModified\":\"2016-09-06T12:09:43+00:00\",\"inLanguage\":\"fi\",\"potentialAction\":[{\"@type\":\"ReadAction\",\"target\":[\"https:\/\/blogit.gradia.fi\/psykaa\/the-big-five\/\"]}]},{\"@type\":\"WebSite\",\"@id\":\"https:\/\/blogit.gradia.fi\/psykaa\/#website\",\"url\":\"https:\/\/blogit.gradia.fi\/psykaa\/\",\"name\":\"Psykaa\",\"description\":\"Uusi ao-blogit -sivusto\",\"potentialAction\":[{\"@type\":\"SearchAction\",\"target\":{\"@type\":\"EntryPoint\",\"urlTemplate\":\"https:\/\/blogit.gradia.fi\/psykaa\/?s={search_term_string}\"},\"query-input\":{\"@type\":\"PropertyValueSpecification\",\"valueRequired\":true,\"valueName\":\"search_term_string\"}}],\"inLanguage\":\"fi\"}]}<\/script>\n<!-- \/ Yoast SEO plugin. -->","yoast_head_json":{"title":"The Big Five - Psykaa","robots":{"index":"index","follow":"follow","max-snippet":"max-snippet:-1","max-image-preview":"max-image-preview:large","max-video-preview":"max-video-preview:-1"},"canonical":"https:\/\/blogit.gradia.fi\/psykaa\/the-big-five\/","og_locale":"fi_FI","og_type":"article","og_title":"The Big Five - Psykaa","og_description":"Tunnetuimpia persoonallisuusteorioita on ns. Big Five, jossa\u00a016 persoonallisuuden piirrett\u00e4 on tiivistetty viiteen suureen.\u00a0N\u00e4it\u00e4 ovat\u00a0avoimuus, ulosp\u00e4insuuntautuneisuus, sovinnollisuus, tunnollisuus ja neuroottisuus. Avoimuus eli suhtautuminen uusiin ja yll\u00e4tt\u00e4viin asioihin; haaveellisuus, taiteellisuus, tunteellisuus, joustavuus, \u00e4lyllinen uteliaisuus, suvaitsevuus Ekstroversio eli ulosp\u00e4insuuntautuneisuus; l\u00e4mminhenkisyys, seurallisuus, itsevarmuus, aktiivisuus, j\u00e4nnityshakuisuus, iloisuus Miellytt\u00e4vyys tai sovinnollisuus\u00a0eli suhtautuminen toisiin ihmisiin; luottamus, mutkattomuus, ep\u00e4itsekkyys, mukautuvuus, vaatimattomuus, herkk\u00e4tunteisuus Tunnollisuus &hellip; Jatka lukemista The Big Five &rarr;","og_url":"https:\/\/blogit.gradia.fi\/psykaa\/the-big-five\/","og_site_name":"Psykaa","article_modified_time":"2016-09-06T12:09:43+00:00","twitter_card":"summary_large_image","twitter_misc":{"Arvioitu lukuaika":"1 minuutti"},"schema":{"@context":"https:\/\/schema.org","@graph":[{"@type":"WebPage","@id":"https:\/\/blogit.gradia.fi\/psykaa\/the-big-five\/","url":"https:\/\/blogit.gradia.fi\/psykaa\/the-big-five\/","name":"The Big Five - Psykaa","isPartOf":{"@id":"https:\/\/blogit.gradia.fi\/psykaa\/#website"},"datePublished":"2016-05-11T12:09:52+00:00","dateModified":"2016-09-06T12:09:43+00:00","inLanguage":"fi","potentialAction":[{"@type":"ReadAction","target":["https:\/\/blogit.gradia.fi\/psykaa\/the-big-five\/"]}]},{"@type":"WebSite","@id":"https:\/\/blogit.gradia.fi\/psykaa\/#website","url":"https:\/\/blogit.gradia.fi\/psykaa\/","name":"Psykaa","description":"Uusi ao-blogit -sivusto","potentialAction":[{"@type":"SearchAction","target":{"@type":"EntryPoint","urlTemplate":"https:\/\/blogit.gradia.fi\/psykaa\/?s={search_term_string}"},"query-input":{"@type":"PropertyValueSpecification","valueRequired":true,"valueName":"search_term_string"}}],"inLanguage":"fi"}]}},"uagb_featured_image_src":{"full":false,"thumbnail":false,"medium":false,"medium_large":false,"large":false,"1536x1536":false,"2048x2048":false,"post-thumbnail":false},"uagb_author_info":{"display_name":"Laura Teri\u00f6","author_link":"https:\/\/blogit.gradia.fi\/psykaa\/author\/lauralaa\/"},"uagb_comment_info":0,"uagb_excerpt":"Tunnetuimpia persoonallisuusteorioita on ns. Big Five, jossa\u00a016 persoonallisuuden piirrett\u00e4 on tiivistetty viiteen suureen.\u00a0N\u00e4it\u00e4 ovat\u00a0avoimuus, ulosp\u00e4insuuntautuneisuus, sovinnollisuus, tunnollisuus ja neuroottisuus. Avoimuus eli suhtautuminen uusiin ja yll\u00e4tt\u00e4viin asioihin; haaveellisuus, taiteellisuus, tunteellisuus, joustavuus, \u00e4lyllinen uteliaisuus, suvaitsevuus Ekstroversio eli ulosp\u00e4insuuntautuneisuus; l\u00e4mminhenkisyys, seurallisuus, itsevarmuus, aktiivisuus, j\u00e4nnityshakuisuus, iloisuus Miellytt\u00e4vyys tai sovinnollisuus\u00a0eli suhtautuminen toisiin ihmisiin; luottamus, mutkattomuus, ep\u00e4itsekkyys, mukautuvuus, vaatimattomuus, herkk\u00e4tunteisuus Tunnollisuus&hellip;","_links":{"self":[{"href":"https:\/\/blogit.gradia.fi\/psykaa\/wp-json\/wp\/v2\/pages\/51","targetHints":{"allow":["GET"]}}],"collection":[{"href":"https:\/\/blogit.gradia.fi\/psykaa\/wp-json\/wp\/v2\/pages"}],"about":[{"href":"https:\/\/blogit.gradia.fi\/psykaa\/wp-json\/wp\/v2\/types\/page"}],"author":[{"embeddable":true,"href":"https:\/\/blogit.gradia.fi\/psykaa\/wp-json\/wp\/v2\/users\/601"}],"replies":[{"embeddable":true,"href":"https:\/\/blogit.gradia.fi\/psykaa\/wp-json\/wp\/v2\/comments?post=51"}],"version-history":[{"count":0,"href":"https:\/\/blogit.gradia.fi\/psykaa\/wp-json\/wp\/v2\/pages\/51\/revisions"}],"wp:attachment":[{"href":"https:\/\/blogit.gradia.fi\/psykaa\/wp-json\/wp\/v2\/media?parent=51"}],"curies":[{"name":"wp","href":"https:\/\/api.w.org\/{rel}","templated":true}]}}