{"id":49,"date":"2016-05-11T15:08:13","date_gmt":"2016-05-11T12:08:13","guid":{"rendered":"https:\/\/blogit.gradia.fi\/psykaa\/?page_id=49"},"modified":"2016-09-04T15:39:41","modified_gmt":"2016-09-04T12:39:41","slug":"miten-persoonallisuutta-tutkitaan","status":"publish","type":"page","link":"https:\/\/blogit.gradia.fi\/psykaa\/miten-persoonallisuutta-tutkitaan\/","title":{"rendered":"Miten persoonallisuutta tutkitaan?"},"content":{"rendered":"<p>Persoonallisuutta tutkitaan esimerkiksi yksil\u00f6iden auttamiseksi, jos suunnitellaan hoitoa tai kuntoutusta.<\/p>\n<p>Ty\u00f6el\u00e4m\u00e4ss\u00e4 persoonallisuuden tutkimusta tarvitaan soveltuvuuden selvitt\u00e4miseksi. Esim. sopiiko jonkun persoonallisuus vaikkapa poliisin ammattiin.<\/p>\n<p>Tutkimuksilla etsit\u00e4\u00e4n lainalaisuuksia ja n\u00e4in pyrit\u00e4\u00e4n ymm\u00e4rt\u00e4m\u00e4\u00e4n paremmin ihmisi\u00e4 ja ihmisryhmi\u00e4. Tietoa sovelletaan monilla aloilla, esim. yhteiskunnan tukitoimet, lains\u00e4\u00e4d\u00e4nt\u00f6 ja markkinointi.<\/p>\n<p>Persoonallisuutta tutkitaan persoonallisuustestein, joita voivat olla kyselylomaketestit, haastattelut, projektiiviset testit, havainnointi-ja tarkkailumenetelm\u00e4t; henkil\u00f6it\u00e4 voidaan laittaa kertomaan kuvasta tai t\u00e4ydent\u00e4m\u00e4\u00e4n lauseita. \u00a0Ihmisest\u00e4 saadaan tietoa my\u00f6s fysiologisin menetelmin, esim. aivokuvaus.<\/p>\n<p>Kuuluisa projektiivinen testi on <a href=\"https:\/\/fi.wikipedia.org\/wiki\/Rorschachin_mustel%C3%A4isk%C3%A4testi\" target=\"_blank\">Rorschachin mustel\u00e4isk\u00e4testi<\/a>. Se on havainnointi testi, jolla koulutettu tutkija voi saada paljon tietoa ihmisen persoonallisuudesta, ajatusmalleista ja tunne-el\u00e4m\u00e4st\u00e4.\u00a0Oikeaa vastausta ei ole.<\/p>\n<p>Mit\u00e4 sin\u00e4 n\u00e4et kuvassa?<\/p>\n<p><img loading=\"lazy\" decoding=\"async\" class=\"alignnone wp-image-119\" src=\"https:\/\/blogit.gradia.fi\/psykaa\/wp-content\/uploads\/sites\/107\/2016\/05\/rorschach-300x186.png\" alt=\"rorschach\" width=\"465\" height=\"289\" srcset=\"https:\/\/blogit.gradia.fi\/psykaa\/wp-content\/uploads\/sites\/107\/2016\/05\/rorschach-300x186.png 300w, https:\/\/blogit.gradia.fi\/psykaa\/wp-content\/uploads\/sites\/107\/2016\/05\/rorschach.png 729w\" sizes=\"auto, (max-width: 465px) 100vw, 465px\" \/><\/p>\n<p>Testej\u00e4 on loputon m\u00e4\u00e4r\u00e4, \u00a0ja esimerkiksi netist\u00e4 l\u00f6ytyy runsaasti sek\u00e4 asiallisia tekstej\u00e4 ett\u00e4 pelk\u00e4st\u00e4\u00e4n viihteellist\u00e4 h\u00f6mpp\u00e4\u00e4. Nettitestit ovat hauskaa ajanvietett\u00e4, kunhan muistat, ett\u00e4 persoonallisuutta ei voi m\u00e4\u00e4ritt\u00e4\u00e4 kenenk\u00e4\u00e4n nimest\u00e4, profiilikuvasta tai syntym\u00e4ajasta.<\/p>\n<p>Diagnoosien tekemiseen tarvitaan aina koulutettu ammattilainen ja objektiiviseksi havaittu testi!<\/p>\n<p>T\u00e4st\u00e4 linkist\u00e4 voit kuitenkin testata\u00a0<a href=\"http:\/\/www.voice.fi\/daami\/terveys-ja-hyvinvointi\/dr-philin-persoonallisuustesti-paljastaa-kuinka-muut-nakevat-sinut-kokeile-2-minuutin-pikatestia-61958\" target=\"_blank\">Dr Phillin tapaan<\/a>, millaisena muut ihmiset sinut n\u00e4kev\u00e4t. \ud83d\ude42<\/p>\n<p>&nbsp;<\/p>\n","protected":false},"excerpt":{"rendered":"<p>Persoonallisuutta tutkitaan esimerkiksi yksil\u00f6iden auttamiseksi, jos suunnitellaan hoitoa tai kuntoutusta. Ty\u00f6el\u00e4m\u00e4ss\u00e4 persoonallisuuden tutkimusta tarvitaan soveltuvuuden selvitt\u00e4miseksi. Esim. sopiiko jonkun persoonallisuus vaikkapa poliisin ammattiin. Tutkimuksilla etsit\u00e4\u00e4n lainalaisuuksia ja n\u00e4in pyrit\u00e4\u00e4n ymm\u00e4rt\u00e4m\u00e4\u00e4n paremmin ihmisi\u00e4 ja ihmisryhmi\u00e4. Tietoa sovelletaan monilla aloilla, esim. yhteiskunnan tukitoimet, lains\u00e4\u00e4d\u00e4nt\u00f6 ja markkinointi. Persoonallisuutta tutkitaan persoonallisuustestein, joita voivat olla kyselylomaketestit, haastattelut, projektiiviset testit, havainnointi-ja &hellip; <a href=\"https:\/\/blogit.gradia.fi\/psykaa\/miten-persoonallisuutta-tutkitaan\/\" class=\"more-link\">Jatka lukemista <span class=\"screen-reader-text\">Miten persoonallisuutta tutkitaan?<\/span> <span class=\"meta-nav\">&rarr;<\/span><\/a><\/p>\n","protected":false},"author":601,"featured_media":0,"parent":0,"menu_order":0,"comment_status":"closed","ping_status":"closed","template":"","meta":{"_uag_custom_page_level_css":"","footnotes":""},"class_list":["post-49","page","type-page","status-publish","hentry"],"yoast_head":"<!-- This site is optimized with the Yoast SEO plugin v27.2 - https:\/\/yoast.com\/product\/yoast-seo-wordpress\/ -->\n<title>Miten persoonallisuutta tutkitaan? - Psykaa<\/title>\n<meta name=\"robots\" content=\"index, follow, max-snippet:-1, max-image-preview:large, max-video-preview:-1\" \/>\n<link rel=\"canonical\" href=\"https:\/\/blogit.gradia.fi\/psykaa\/miten-persoonallisuutta-tutkitaan\/\" \/>\n<meta property=\"og:locale\" content=\"fi_FI\" \/>\n<meta property=\"og:type\" content=\"article\" \/>\n<meta property=\"og:title\" content=\"Miten persoonallisuutta tutkitaan? - Psykaa\" \/>\n<meta property=\"og:description\" content=\"Persoonallisuutta tutkitaan esimerkiksi yksil\u00f6iden auttamiseksi, jos suunnitellaan hoitoa tai kuntoutusta. Ty\u00f6el\u00e4m\u00e4ss\u00e4 persoonallisuuden tutkimusta tarvitaan soveltuvuuden selvitt\u00e4miseksi. Esim. sopiiko jonkun persoonallisuus vaikkapa poliisin ammattiin. Tutkimuksilla etsit\u00e4\u00e4n lainalaisuuksia ja n\u00e4in pyrit\u00e4\u00e4n ymm\u00e4rt\u00e4m\u00e4\u00e4n paremmin ihmisi\u00e4 ja ihmisryhmi\u00e4. Tietoa sovelletaan monilla aloilla, esim. yhteiskunnan tukitoimet, lains\u00e4\u00e4d\u00e4nt\u00f6 ja markkinointi. Persoonallisuutta tutkitaan persoonallisuustestein, joita voivat olla kyselylomaketestit, haastattelut, projektiiviset testit, havainnointi-ja &hellip; Jatka lukemista Miten persoonallisuutta tutkitaan? &rarr;\" \/>\n<meta property=\"og:url\" content=\"https:\/\/blogit.gradia.fi\/psykaa\/miten-persoonallisuutta-tutkitaan\/\" \/>\n<meta property=\"og:site_name\" content=\"Psykaa\" \/>\n<meta property=\"article:modified_time\" content=\"2016-09-04T12:39:41+00:00\" \/>\n<meta property=\"og:image\" content=\"https:\/\/blogit.gradia.fi\/psykaa\/wp-content\/uploads\/sites\/107\/2016\/05\/rorschach-300x186.png\" \/>\n<meta name=\"twitter:card\" content=\"summary_large_image\" \/>\n<meta name=\"twitter:label1\" content=\"Arvioitu lukuaika\" \/>\n\t<meta name=\"twitter:data1\" content=\"1 minuutti\" \/>\n<script type=\"application\/ld+json\" class=\"yoast-schema-graph\">{\"@context\":\"https:\/\/schema.org\",\"@graph\":[{\"@type\":\"WebPage\",\"@id\":\"https:\/\/blogit.gradia.fi\/psykaa\/miten-persoonallisuutta-tutkitaan\/\",\"url\":\"https:\/\/blogit.gradia.fi\/psykaa\/miten-persoonallisuutta-tutkitaan\/\",\"name\":\"Miten persoonallisuutta tutkitaan? - Psykaa\",\"isPartOf\":{\"@id\":\"https:\/\/blogit.gradia.fi\/psykaa\/#website\"},\"primaryImageOfPage\":{\"@id\":\"https:\/\/blogit.gradia.fi\/psykaa\/miten-persoonallisuutta-tutkitaan\/#primaryimage\"},\"image\":{\"@id\":\"https:\/\/blogit.gradia.fi\/psykaa\/miten-persoonallisuutta-tutkitaan\/#primaryimage\"},\"thumbnailUrl\":\"https:\/\/blogit.gradia.fi\/psykaa\/wp-content\/uploads\/sites\/107\/2016\/05\/rorschach-300x186.png\",\"datePublished\":\"2016-05-11T12:08:13+00:00\",\"dateModified\":\"2016-09-04T12:39:41+00:00\",\"inLanguage\":\"fi\",\"potentialAction\":[{\"@type\":\"ReadAction\",\"target\":[\"https:\/\/blogit.gradia.fi\/psykaa\/miten-persoonallisuutta-tutkitaan\/\"]}]},{\"@type\":\"ImageObject\",\"inLanguage\":\"fi\",\"@id\":\"https:\/\/blogit.gradia.fi\/psykaa\/miten-persoonallisuutta-tutkitaan\/#primaryimage\",\"url\":\"https:\/\/blogit.gradia.fi\/psykaa\/wp-content\/uploads\/sites\/107\/2016\/05\/rorschach.png\",\"contentUrl\":\"https:\/\/blogit.gradia.fi\/psykaa\/wp-content\/uploads\/sites\/107\/2016\/05\/rorschach.png\",\"width\":729,\"height\":451},{\"@type\":\"WebSite\",\"@id\":\"https:\/\/blogit.gradia.fi\/psykaa\/#website\",\"url\":\"https:\/\/blogit.gradia.fi\/psykaa\/\",\"name\":\"Psykaa\",\"description\":\"Uusi ao-blogit -sivusto\",\"potentialAction\":[{\"@type\":\"SearchAction\",\"target\":{\"@type\":\"EntryPoint\",\"urlTemplate\":\"https:\/\/blogit.gradia.fi\/psykaa\/?s={search_term_string}\"},\"query-input\":{\"@type\":\"PropertyValueSpecification\",\"valueRequired\":true,\"valueName\":\"search_term_string\"}}],\"inLanguage\":\"fi\"}]}<\/script>\n<!-- \/ Yoast SEO plugin. -->","yoast_head_json":{"title":"Miten persoonallisuutta tutkitaan? - Psykaa","robots":{"index":"index","follow":"follow","max-snippet":"max-snippet:-1","max-image-preview":"max-image-preview:large","max-video-preview":"max-video-preview:-1"},"canonical":"https:\/\/blogit.gradia.fi\/psykaa\/miten-persoonallisuutta-tutkitaan\/","og_locale":"fi_FI","og_type":"article","og_title":"Miten persoonallisuutta tutkitaan? - Psykaa","og_description":"Persoonallisuutta tutkitaan esimerkiksi yksil\u00f6iden auttamiseksi, jos suunnitellaan hoitoa tai kuntoutusta. Ty\u00f6el\u00e4m\u00e4ss\u00e4 persoonallisuuden tutkimusta tarvitaan soveltuvuuden selvitt\u00e4miseksi. Esim. sopiiko jonkun persoonallisuus vaikkapa poliisin ammattiin. Tutkimuksilla etsit\u00e4\u00e4n lainalaisuuksia ja n\u00e4in pyrit\u00e4\u00e4n ymm\u00e4rt\u00e4m\u00e4\u00e4n paremmin ihmisi\u00e4 ja ihmisryhmi\u00e4. Tietoa sovelletaan monilla aloilla, esim. yhteiskunnan tukitoimet, lains\u00e4\u00e4d\u00e4nt\u00f6 ja markkinointi. Persoonallisuutta tutkitaan persoonallisuustestein, joita voivat olla kyselylomaketestit, haastattelut, projektiiviset testit, havainnointi-ja &hellip; Jatka lukemista Miten persoonallisuutta tutkitaan? &rarr;","og_url":"https:\/\/blogit.gradia.fi\/psykaa\/miten-persoonallisuutta-tutkitaan\/","og_site_name":"Psykaa","article_modified_time":"2016-09-04T12:39:41+00:00","og_image":[{"url":"https:\/\/blogit.gradia.fi\/psykaa\/wp-content\/uploads\/sites\/107\/2016\/05\/rorschach-300x186.png","type":"","width":"","height":""}],"twitter_card":"summary_large_image","twitter_misc":{"Arvioitu lukuaika":"1 minuutti"},"schema":{"@context":"https:\/\/schema.org","@graph":[{"@type":"WebPage","@id":"https:\/\/blogit.gradia.fi\/psykaa\/miten-persoonallisuutta-tutkitaan\/","url":"https:\/\/blogit.gradia.fi\/psykaa\/miten-persoonallisuutta-tutkitaan\/","name":"Miten persoonallisuutta tutkitaan? - Psykaa","isPartOf":{"@id":"https:\/\/blogit.gradia.fi\/psykaa\/#website"},"primaryImageOfPage":{"@id":"https:\/\/blogit.gradia.fi\/psykaa\/miten-persoonallisuutta-tutkitaan\/#primaryimage"},"image":{"@id":"https:\/\/blogit.gradia.fi\/psykaa\/miten-persoonallisuutta-tutkitaan\/#primaryimage"},"thumbnailUrl":"https:\/\/blogit.gradia.fi\/psykaa\/wp-content\/uploads\/sites\/107\/2016\/05\/rorschach-300x186.png","datePublished":"2016-05-11T12:08:13+00:00","dateModified":"2016-09-04T12:39:41+00:00","inLanguage":"fi","potentialAction":[{"@type":"ReadAction","target":["https:\/\/blogit.gradia.fi\/psykaa\/miten-persoonallisuutta-tutkitaan\/"]}]},{"@type":"ImageObject","inLanguage":"fi","@id":"https:\/\/blogit.gradia.fi\/psykaa\/miten-persoonallisuutta-tutkitaan\/#primaryimage","url":"https:\/\/blogit.gradia.fi\/psykaa\/wp-content\/uploads\/sites\/107\/2016\/05\/rorschach.png","contentUrl":"https:\/\/blogit.gradia.fi\/psykaa\/wp-content\/uploads\/sites\/107\/2016\/05\/rorschach.png","width":729,"height":451},{"@type":"WebSite","@id":"https:\/\/blogit.gradia.fi\/psykaa\/#website","url":"https:\/\/blogit.gradia.fi\/psykaa\/","name":"Psykaa","description":"Uusi ao-blogit -sivusto","potentialAction":[{"@type":"SearchAction","target":{"@type":"EntryPoint","urlTemplate":"https:\/\/blogit.gradia.fi\/psykaa\/?s={search_term_string}"},"query-input":{"@type":"PropertyValueSpecification","valueRequired":true,"valueName":"search_term_string"}}],"inLanguage":"fi"}]}},"uagb_featured_image_src":{"full":false,"thumbnail":false,"medium":false,"medium_large":false,"large":false,"1536x1536":false,"2048x2048":false,"post-thumbnail":false},"uagb_author_info":{"display_name":"Laura Teri\u00f6","author_link":"https:\/\/blogit.gradia.fi\/psykaa\/author\/lauralaa\/"},"uagb_comment_info":0,"uagb_excerpt":"Persoonallisuutta tutkitaan esimerkiksi yksil\u00f6iden auttamiseksi, jos suunnitellaan hoitoa tai kuntoutusta. Ty\u00f6el\u00e4m\u00e4ss\u00e4 persoonallisuuden tutkimusta tarvitaan soveltuvuuden selvitt\u00e4miseksi. Esim. sopiiko jonkun persoonallisuus vaikkapa poliisin ammattiin. Tutkimuksilla etsit\u00e4\u00e4n lainalaisuuksia ja n\u00e4in pyrit\u00e4\u00e4n ymm\u00e4rt\u00e4m\u00e4\u00e4n paremmin ihmisi\u00e4 ja ihmisryhmi\u00e4. Tietoa sovelletaan monilla aloilla, esim. yhteiskunnan tukitoimet, lains\u00e4\u00e4d\u00e4nt\u00f6 ja markkinointi. Persoonallisuutta tutkitaan persoonallisuustestein, joita voivat olla kyselylomaketestit, haastattelut, projektiiviset testit, havainnointi-ja&hellip;","_links":{"self":[{"href":"https:\/\/blogit.gradia.fi\/psykaa\/wp-json\/wp\/v2\/pages\/49","targetHints":{"allow":["GET"]}}],"collection":[{"href":"https:\/\/blogit.gradia.fi\/psykaa\/wp-json\/wp\/v2\/pages"}],"about":[{"href":"https:\/\/blogit.gradia.fi\/psykaa\/wp-json\/wp\/v2\/types\/page"}],"author":[{"embeddable":true,"href":"https:\/\/blogit.gradia.fi\/psykaa\/wp-json\/wp\/v2\/users\/601"}],"replies":[{"embeddable":true,"href":"https:\/\/blogit.gradia.fi\/psykaa\/wp-json\/wp\/v2\/comments?post=49"}],"version-history":[{"count":0,"href":"https:\/\/blogit.gradia.fi\/psykaa\/wp-json\/wp\/v2\/pages\/49\/revisions"}],"wp:attachment":[{"href":"https:\/\/blogit.gradia.fi\/psykaa\/wp-json\/wp\/v2\/media?parent=49"}],"curies":[{"name":"wp","href":"https:\/\/api.w.org\/{rel}","templated":true}]}}