{"id":368,"date":"2016-09-21T13:04:53","date_gmt":"2016-09-21T10:04:53","guid":{"rendered":"https:\/\/blogit.gradia.fi\/psykaa\/?page_id=368"},"modified":"2016-09-21T13:08:05","modified_gmt":"2016-09-21T10:08:05","slug":"kehityksen-osa-alueet","status":"publish","type":"page","link":"https:\/\/blogit.gradia.fi\/psykaa\/kehityksen-osa-alueet\/","title":{"rendered":"Kehityksen osa-alueet"},"content":{"rendered":"<p>Ihmisen kehityst\u00e4 ja ik\u00e4vaiheita voidaan tutkia painottaen <a href=\"http:\/\/opinnot.internetix.fi\/fi\/materiaalit\/ps\/ps2\/2_kehitykseen_vaikuttavat_tekijat\/02_kehityksen_osa-alueet?C:D=gjsY.eyaM\" target=\"_blank\">eri n\u00e4k\u00f6kulmia<\/a>.<\/p>\n<p>N\u00e4it\u00e4 ovat<\/p>\n<ul>\n<li>fyysis-motorinen kehitys<\/li>\n<li>psykososiaalinen kehitys<\/li>\n<li>kognitiivinen kehitys<\/li>\n<\/ul>\n<p>&nbsp;<\/p>\n<p>Huom! Osa-alueita ei voi kuitenkaan puhtaasti erill\u00e4\u00e4n, kaikki liittyy kaikkeen. Esim. motorisen ja psyykkisen toiminnan yhteys, oman kehonkuvan hahmottaminen, itsetuntemus; murrosi\u00e4ss\u00e4 ongelmia, koska p\u00e4\u00e4 ja keho menev\u00e4t eri tahtia.<\/p>\n<p>&nbsp;<\/p>\n<p><strong>Kognitiiviset prosessit<\/strong><\/p>\n<p><strong>\u00a0<\/strong>Kognitiivisiin prosesseihin kuuluvat jokap\u00e4iv\u00e4iset toiminnot, joita emme juurikaan ajattele vaan ne tapahtuvat automaattisesti. Huomaamme ne vasta, kun ongelmia tulee. N\u00e4it\u00e4 ovat\u2026<\/p>\n<ul>\n<li>havaintotoiminnat (tarkkaavaisuus ja havaitseminen)<\/li>\n<li>muisti- ja oppimistoiminnat<\/li>\n<li>kieli, ajattelu ja \u00e4lykkyys (lahjakkuus, ajattelu ja kieli, luovuus, ongelmaratkaisu, p\u00e4\u00e4t\u00f6ksenteko)<\/li>\n<\/ul>\n<p style=\"padding-left: 30px\"><strong>Pohdittavaa:<br \/>\n<\/strong>Pid\u00e4tk\u00f6 itse\u00e4si tunne- vai j\u00e4rki-ihmisen\u00e4?<br \/>\nMillaisia asioita muistat hyvin? Mit\u00e4 huonosti? Mik\u00e4 on akilleen kantap\u00e4\u00e4si?<br \/>\nMik\u00e4 on lempiv\u00e4risi?<br \/>\nMuistatko luokkakavereidesi nimi\u00e4 ekaluokalta?<br \/>\nMit\u00e4 etua ja haittaa on unohtamisesta?<\/p>\n","protected":false},"excerpt":{"rendered":"<p>Ihmisen kehityst\u00e4 ja ik\u00e4vaiheita voidaan tutkia painottaen eri n\u00e4k\u00f6kulmia. N\u00e4it\u00e4 ovat fyysis-motorinen kehitys psykososiaalinen kehitys kognitiivinen kehitys &nbsp; Huom! Osa-alueita ei voi kuitenkaan puhtaasti erill\u00e4\u00e4n, kaikki liittyy kaikkeen. Esim. motorisen ja psyykkisen toiminnan yhteys, oman kehonkuvan hahmottaminen, itsetuntemus; murrosi\u00e4ss\u00e4 ongelmia, koska p\u00e4\u00e4 ja keho menev\u00e4t eri tahtia. &nbsp; Kognitiiviset prosessit \u00a0Kognitiivisiin prosesseihin kuuluvat jokap\u00e4iv\u00e4iset toiminnot, &hellip; <a href=\"https:\/\/blogit.gradia.fi\/psykaa\/kehityksen-osa-alueet\/\" class=\"more-link\">Jatka lukemista <span class=\"screen-reader-text\">Kehityksen osa-alueet<\/span> <span class=\"meta-nav\">&rarr;<\/span><\/a><\/p>\n","protected":false},"author":601,"featured_media":0,"parent":0,"menu_order":0,"comment_status":"closed","ping_status":"closed","template":"","meta":{"_uag_custom_page_level_css":"","footnotes":""},"class_list":["post-368","page","type-page","status-publish","hentry"],"yoast_head":"<!-- This site is optimized with the Yoast SEO plugin v27.2 - https:\/\/yoast.com\/product\/yoast-seo-wordpress\/ -->\n<title>Kehityksen osa-alueet - Psykaa<\/title>\n<meta name=\"robots\" content=\"index, follow, max-snippet:-1, max-image-preview:large, max-video-preview:-1\" \/>\n<link rel=\"canonical\" href=\"https:\/\/blogit.gradia.fi\/psykaa\/kehityksen-osa-alueet\/\" \/>\n<meta property=\"og:locale\" content=\"fi_FI\" \/>\n<meta property=\"og:type\" content=\"article\" \/>\n<meta property=\"og:title\" content=\"Kehityksen osa-alueet - Psykaa\" \/>\n<meta property=\"og:description\" content=\"Ihmisen kehityst\u00e4 ja ik\u00e4vaiheita voidaan tutkia painottaen eri n\u00e4k\u00f6kulmia. N\u00e4it\u00e4 ovat fyysis-motorinen kehitys psykososiaalinen kehitys kognitiivinen kehitys &nbsp; Huom! Osa-alueita ei voi kuitenkaan puhtaasti erill\u00e4\u00e4n, kaikki liittyy kaikkeen. Esim. motorisen ja psyykkisen toiminnan yhteys, oman kehonkuvan hahmottaminen, itsetuntemus; murrosi\u00e4ss\u00e4 ongelmia, koska p\u00e4\u00e4 ja keho menev\u00e4t eri tahtia. &nbsp; Kognitiiviset prosessit \u00a0Kognitiivisiin prosesseihin kuuluvat jokap\u00e4iv\u00e4iset toiminnot, &hellip; Jatka lukemista Kehityksen osa-alueet &rarr;\" \/>\n<meta property=\"og:url\" content=\"https:\/\/blogit.gradia.fi\/psykaa\/kehityksen-osa-alueet\/\" \/>\n<meta property=\"og:site_name\" content=\"Psykaa\" \/>\n<meta property=\"article:modified_time\" content=\"2016-09-21T10:08:05+00:00\" \/>\n<meta name=\"twitter:card\" content=\"summary_large_image\" \/>\n<meta name=\"twitter:label1\" content=\"Arvioitu lukuaika\" \/>\n\t<meta name=\"twitter:data1\" content=\"1 minuutti\" \/>\n<script type=\"application\/ld+json\" class=\"yoast-schema-graph\">{\"@context\":\"https:\/\/schema.org\",\"@graph\":[{\"@type\":\"WebPage\",\"@id\":\"https:\/\/blogit.gradia.fi\/psykaa\/kehityksen-osa-alueet\/\",\"url\":\"https:\/\/blogit.gradia.fi\/psykaa\/kehityksen-osa-alueet\/\",\"name\":\"Kehityksen osa-alueet - Psykaa\",\"isPartOf\":{\"@id\":\"https:\/\/blogit.gradia.fi\/psykaa\/#website\"},\"datePublished\":\"2016-09-21T10:04:53+00:00\",\"dateModified\":\"2016-09-21T10:08:05+00:00\",\"inLanguage\":\"fi\",\"potentialAction\":[{\"@type\":\"ReadAction\",\"target\":[\"https:\/\/blogit.gradia.fi\/psykaa\/kehityksen-osa-alueet\/\"]}]},{\"@type\":\"WebSite\",\"@id\":\"https:\/\/blogit.gradia.fi\/psykaa\/#website\",\"url\":\"https:\/\/blogit.gradia.fi\/psykaa\/\",\"name\":\"Psykaa\",\"description\":\"Uusi ao-blogit -sivusto\",\"potentialAction\":[{\"@type\":\"SearchAction\",\"target\":{\"@type\":\"EntryPoint\",\"urlTemplate\":\"https:\/\/blogit.gradia.fi\/psykaa\/?s={search_term_string}\"},\"query-input\":{\"@type\":\"PropertyValueSpecification\",\"valueRequired\":true,\"valueName\":\"search_term_string\"}}],\"inLanguage\":\"fi\"}]}<\/script>\n<!-- \/ Yoast SEO plugin. -->","yoast_head_json":{"title":"Kehityksen osa-alueet - Psykaa","robots":{"index":"index","follow":"follow","max-snippet":"max-snippet:-1","max-image-preview":"max-image-preview:large","max-video-preview":"max-video-preview:-1"},"canonical":"https:\/\/blogit.gradia.fi\/psykaa\/kehityksen-osa-alueet\/","og_locale":"fi_FI","og_type":"article","og_title":"Kehityksen osa-alueet - Psykaa","og_description":"Ihmisen kehityst\u00e4 ja ik\u00e4vaiheita voidaan tutkia painottaen eri n\u00e4k\u00f6kulmia. N\u00e4it\u00e4 ovat fyysis-motorinen kehitys psykososiaalinen kehitys kognitiivinen kehitys &nbsp; Huom! Osa-alueita ei voi kuitenkaan puhtaasti erill\u00e4\u00e4n, kaikki liittyy kaikkeen. Esim. motorisen ja psyykkisen toiminnan yhteys, oman kehonkuvan hahmottaminen, itsetuntemus; murrosi\u00e4ss\u00e4 ongelmia, koska p\u00e4\u00e4 ja keho menev\u00e4t eri tahtia. &nbsp; Kognitiiviset prosessit \u00a0Kognitiivisiin prosesseihin kuuluvat jokap\u00e4iv\u00e4iset toiminnot, &hellip; Jatka lukemista Kehityksen osa-alueet &rarr;","og_url":"https:\/\/blogit.gradia.fi\/psykaa\/kehityksen-osa-alueet\/","og_site_name":"Psykaa","article_modified_time":"2016-09-21T10:08:05+00:00","twitter_card":"summary_large_image","twitter_misc":{"Arvioitu lukuaika":"1 minuutti"},"schema":{"@context":"https:\/\/schema.org","@graph":[{"@type":"WebPage","@id":"https:\/\/blogit.gradia.fi\/psykaa\/kehityksen-osa-alueet\/","url":"https:\/\/blogit.gradia.fi\/psykaa\/kehityksen-osa-alueet\/","name":"Kehityksen osa-alueet - Psykaa","isPartOf":{"@id":"https:\/\/blogit.gradia.fi\/psykaa\/#website"},"datePublished":"2016-09-21T10:04:53+00:00","dateModified":"2016-09-21T10:08:05+00:00","inLanguage":"fi","potentialAction":[{"@type":"ReadAction","target":["https:\/\/blogit.gradia.fi\/psykaa\/kehityksen-osa-alueet\/"]}]},{"@type":"WebSite","@id":"https:\/\/blogit.gradia.fi\/psykaa\/#website","url":"https:\/\/blogit.gradia.fi\/psykaa\/","name":"Psykaa","description":"Uusi ao-blogit -sivusto","potentialAction":[{"@type":"SearchAction","target":{"@type":"EntryPoint","urlTemplate":"https:\/\/blogit.gradia.fi\/psykaa\/?s={search_term_string}"},"query-input":{"@type":"PropertyValueSpecification","valueRequired":true,"valueName":"search_term_string"}}],"inLanguage":"fi"}]}},"uagb_featured_image_src":{"full":false,"thumbnail":false,"medium":false,"medium_large":false,"large":false,"1536x1536":false,"2048x2048":false,"post-thumbnail":false},"uagb_author_info":{"display_name":"Laura Teri\u00f6","author_link":"https:\/\/blogit.gradia.fi\/psykaa\/author\/lauralaa\/"},"uagb_comment_info":0,"uagb_excerpt":"Ihmisen kehityst\u00e4 ja ik\u00e4vaiheita voidaan tutkia painottaen eri n\u00e4k\u00f6kulmia. N\u00e4it\u00e4 ovat fyysis-motorinen kehitys psykososiaalinen kehitys kognitiivinen kehitys &nbsp; Huom! Osa-alueita ei voi kuitenkaan puhtaasti erill\u00e4\u00e4n, kaikki liittyy kaikkeen. Esim. motorisen ja psyykkisen toiminnan yhteys, oman kehonkuvan hahmottaminen, itsetuntemus; murrosi\u00e4ss\u00e4 ongelmia, koska p\u00e4\u00e4 ja keho menev\u00e4t eri tahtia. &nbsp; Kognitiiviset prosessit \u00a0Kognitiivisiin prosesseihin kuuluvat jokap\u00e4iv\u00e4iset toiminnot,&hellip;","_links":{"self":[{"href":"https:\/\/blogit.gradia.fi\/psykaa\/wp-json\/wp\/v2\/pages\/368","targetHints":{"allow":["GET"]}}],"collection":[{"href":"https:\/\/blogit.gradia.fi\/psykaa\/wp-json\/wp\/v2\/pages"}],"about":[{"href":"https:\/\/blogit.gradia.fi\/psykaa\/wp-json\/wp\/v2\/types\/page"}],"author":[{"embeddable":true,"href":"https:\/\/blogit.gradia.fi\/psykaa\/wp-json\/wp\/v2\/users\/601"}],"replies":[{"embeddable":true,"href":"https:\/\/blogit.gradia.fi\/psykaa\/wp-json\/wp\/v2\/comments?post=368"}],"version-history":[{"count":0,"href":"https:\/\/blogit.gradia.fi\/psykaa\/wp-json\/wp\/v2\/pages\/368\/revisions"}],"wp:attachment":[{"href":"https:\/\/blogit.gradia.fi\/psykaa\/wp-json\/wp\/v2\/media?parent=368"}],"curies":[{"name":"wp","href":"https:\/\/api.w.org\/{rel}","templated":true}]}}