{"id":23,"date":"2016-05-11T14:32:46","date_gmt":"2016-05-11T11:32:46","guid":{"rendered":"https:\/\/blogit.gradia.fi\/psykaa\/?page_id=23"},"modified":"2016-09-19T15:02:16","modified_gmt":"2016-09-19T12:02:16","slug":"temperamentti","status":"publish","type":"page","link":"https:\/\/blogit.gradia.fi\/psykaa\/persoonallisuus-ja-temperamentti\/temperamentti\/","title":{"rendered":"Temperamentti"},"content":{"rendered":"<p>Temperamentilla tarkoitetaan yksil\u00f6n synnynn\u00e4ist\u00e4 tapaa reagoida sek\u00e4 ymp\u00e4rist\u00f6\u00f6n ett\u00e4 yksil\u00f6n omiin sis\u00e4isiin tilanteisiin, n\u00e4lk\u00e4\u00e4n, kipuun, tunteisiin tai v\u00e4symykseen. Se on kullekin ominainen reaktiotyyli.<\/p>\n<p>Temperamentti on riippumaton \u00e4lykkyydest\u00e4 ja kognitiivisista taidoista, mutta se on hyvin t\u00e4rke\u00e4 yksil\u00f6n kehityksess\u00e4, sill\u00e4 se s\u00e4\u00e4telee vuorovaikutusta ymp\u00e4rist\u00f6n kanssa (-&gt; muovaa persoonallisuutta).<\/p>\n<p>Voidaan sanoa, ett\u00e4 aikuisella ihmisell\u00e4 temperamentti on j\u00e4\u00e4nyt persoonallisuuden alle.<\/p>\n<p style=\"padding-left: 30px\"><strong>Pohdittavaa:<\/strong><br \/>\nMit\u00e4 sinulle on kerrottu lapsuudestasi? Olitko \u201dhelppo\u201d vai \u201dvaikea\u201d vauva? Hitaasti l\u00e4mpenev\u00e4?<br \/>\nMiten opit ajamaan py\u00f6r\u00e4ll\u00e4, luistelemaan tai uimaan? Suutuitko, murjotitko, heittelitk\u00f6 tavaroita, l\u00f6itk\u00f6 kaveria nen\u00e4\u00e4n? Miten toimit nyky\u00e4\u00e4n?<br \/>\nMillaista oli menn\u00e4 ekaluokalle kouluun?<\/p>\n<p>Temperamentti vaikuttaa oppimiseen, stressinsietokykyyn ja tapaan suhtautua uusiin tilanteisiin. Esim. joitakin melu h\u00e4iritsee, toisia ei; joku ei sied\u00e4 yht\u00e4\u00e4n kritiikki\u00e4, toinen vaan kohauttaa olkiaan; esim. ujous on synnynn\u00e4inen ominaisuus.<\/p>\n<p><strong>Huom!<\/strong> Temperamentilla ratkaiseva merkitys koulussa selviytymiseen, eli yht\u00e4 \u00e4lykk\u00e4\u00e4t, taidoiltaan samanlaiset oppilaat menestyv\u00e4t eri tavoin, koska toisen temperamentti sopii paremmin kouluymp\u00e4rist\u00f6\u00f6n (<span style=\"text-decoration: underline\">Goodness of fit<\/span>).<\/p>\n<p>Temperamenttia oppii s\u00e4\u00e4telem\u00e4\u00e4n, kun kognitiiviset ja sosiaaliset taidot lis\u00e4\u00e4ntyv\u00e4t. Tulista luonnetta ei voi k\u00e4ytt\u00e4\u00e4 tekosyyn\u00e4 huonosti k\u00e4ytt\u00e4ytymiselle! Toisaalta ei ole hyv\u00e4ksi persoonan kehitykselle, jos ei koskaan saa olla vapaasti omanlaisensa.<\/p>\n<p>\u201d<span style=\"text-decoration: underline\">Poorness of fit<\/span>\u201d on keskeinen tekij\u00e4n stressin syntymisess\u00e4 ja se tarkoittaa, ett\u00e4 yksil\u00f6n temperamentti ja ymp\u00e4rist\u00f6n vaatimukset ovat ristiriidassa.<\/p>\n<p>Huom! Temperamentti ei koskaan ole sin\u00e4ns\u00e4 hyv\u00e4 tai huono, kyse on siit\u00e4, kuinka se sopii yhteen ymp\u00e4rist\u00f6n odotusten kanssa. Esim. villi tytt\u00f6.<\/p>\n<p><strong>Temperamenttipiirteit\u00e4<\/strong><\/p>\n<ol>\n<li>aktiivisuus (puhti, nopeus ja voima tehd\u00e4 asioita)<\/li>\n<li><span style=\"text-decoration: underline\">sensitiivisyys<\/span> (aistiherkkyys, reagointiherkkyys ulkoisiin ja sis\u00e4isiin \u00e4rsykkeisiin)<\/li>\n<li>h\u00e4iritt\u00e4vyys (keskittymiskyky)<\/li>\n<li>sopeutuvuus (sopeutuminen muutoksiin ja uusiin asioihin)<\/li>\n<li>sinnikkyys (sitkeys ja periksiantamattomuus)<\/li>\n<li>rytmisyys (tarkka sis\u00e4inen kello)<\/li>\n<li>l\u00e4hestyminen ja v\u00e4ltt\u00e4minen (reagoiminen uuteen asiaan)<\/li>\n<li>intensiivisyys (tunteiden imaisun voimakkuus)<\/li>\n<li>mieliala (hyv\u00e4ntuulisuus tai huonotuulisuus)<\/li>\n<\/ol>\n<p>&nbsp;<\/p>\n<p>Kiinnostavia k\u00e4sitteit\u00e4:<\/p>\n<p><span style=\"text-decoration: underline\">Stigma- eli polttomerkki<\/span>: jos henkil\u00f6ss\u00e4 on jokin kielteinen persoonallisuudenpiirre, h\u00e4ness\u00e4 ajatellaan automaattisesti olevan muitakin huonoja puolia.<\/p>\n<p>S\u00e4dekeh\u00e4vaikutus eli <span style=\"text-decoration: underline\">haloefekti<\/span>: kun yksil\u00f6ll\u00e4 on arvostettuja taitoja tai h\u00e4n on korkeassa asemassa, h\u00e4nen ajatellaan olevan taitava kaikessa muussakin.<\/p>\n<p>&nbsp;<\/p>\n<p>&nbsp;<\/p>\n","protected":false},"excerpt":{"rendered":"<p>Temperamentilla tarkoitetaan yksil\u00f6n synnynn\u00e4ist\u00e4 tapaa reagoida sek\u00e4 ymp\u00e4rist\u00f6\u00f6n ett\u00e4 yksil\u00f6n omiin sis\u00e4isiin tilanteisiin, n\u00e4lk\u00e4\u00e4n, kipuun, tunteisiin tai v\u00e4symykseen. Se on kullekin ominainen reaktiotyyli. Temperamentti on riippumaton \u00e4lykkyydest\u00e4 ja kognitiivisista taidoista, mutta se on hyvin t\u00e4rke\u00e4 yksil\u00f6n kehityksess\u00e4, sill\u00e4 se s\u00e4\u00e4telee vuorovaikutusta ymp\u00e4rist\u00f6n kanssa (-&gt; muovaa persoonallisuutta). Voidaan sanoa, ett\u00e4 aikuisella ihmisell\u00e4 temperamentti on j\u00e4\u00e4nyt persoonallisuuden &hellip; <a href=\"https:\/\/blogit.gradia.fi\/psykaa\/persoonallisuus-ja-temperamentti\/temperamentti\/\" class=\"more-link\">Jatka lukemista <span class=\"screen-reader-text\">Temperamentti<\/span> <span class=\"meta-nav\">&rarr;<\/span><\/a><\/p>\n","protected":false},"author":601,"featured_media":0,"parent":17,"menu_order":0,"comment_status":"closed","ping_status":"closed","template":"","meta":{"_uag_custom_page_level_css":"","footnotes":""},"class_list":["post-23","page","type-page","status-publish","hentry"],"yoast_head":"<!-- This site is optimized with the Yoast SEO plugin v27.2 - https:\/\/yoast.com\/product\/yoast-seo-wordpress\/ -->\n<title>Temperamentti - Psykaa<\/title>\n<meta name=\"robots\" content=\"index, follow, max-snippet:-1, max-image-preview:large, max-video-preview:-1\" \/>\n<link rel=\"canonical\" href=\"https:\/\/blogit.gradia.fi\/psykaa\/persoonallisuus-ja-temperamentti\/temperamentti\/\" \/>\n<meta property=\"og:locale\" content=\"fi_FI\" \/>\n<meta property=\"og:type\" content=\"article\" \/>\n<meta property=\"og:title\" content=\"Temperamentti - Psykaa\" \/>\n<meta property=\"og:description\" content=\"Temperamentilla tarkoitetaan yksil\u00f6n synnynn\u00e4ist\u00e4 tapaa reagoida sek\u00e4 ymp\u00e4rist\u00f6\u00f6n ett\u00e4 yksil\u00f6n omiin sis\u00e4isiin tilanteisiin, n\u00e4lk\u00e4\u00e4n, kipuun, tunteisiin tai v\u00e4symykseen. Se on kullekin ominainen reaktiotyyli. Temperamentti on riippumaton \u00e4lykkyydest\u00e4 ja kognitiivisista taidoista, mutta se on hyvin t\u00e4rke\u00e4 yksil\u00f6n kehityksess\u00e4, sill\u00e4 se s\u00e4\u00e4telee vuorovaikutusta ymp\u00e4rist\u00f6n kanssa (-&gt; muovaa persoonallisuutta). Voidaan sanoa, ett\u00e4 aikuisella ihmisell\u00e4 temperamentti on j\u00e4\u00e4nyt persoonallisuuden &hellip; Jatka lukemista Temperamentti &rarr;\" \/>\n<meta property=\"og:url\" content=\"https:\/\/blogit.gradia.fi\/psykaa\/persoonallisuus-ja-temperamentti\/temperamentti\/\" \/>\n<meta property=\"og:site_name\" content=\"Psykaa\" \/>\n<meta property=\"article:modified_time\" content=\"2016-09-19T12:02:16+00:00\" \/>\n<meta name=\"twitter:card\" content=\"summary_large_image\" \/>\n<meta name=\"twitter:label1\" content=\"Arvioitu lukuaika\" \/>\n\t<meta name=\"twitter:data1\" content=\"2 minuuttia\" \/>\n<script type=\"application\/ld+json\" class=\"yoast-schema-graph\">{\"@context\":\"https:\/\/schema.org\",\"@graph\":[{\"@type\":\"WebPage\",\"@id\":\"https:\/\/blogit.gradia.fi\/psykaa\/persoonallisuus-ja-temperamentti\/temperamentti\/\",\"url\":\"https:\/\/blogit.gradia.fi\/psykaa\/persoonallisuus-ja-temperamentti\/temperamentti\/\",\"name\":\"Temperamentti - Psykaa\",\"isPartOf\":{\"@id\":\"https:\/\/blogit.gradia.fi\/psykaa\/#website\"},\"datePublished\":\"2016-05-11T11:32:46+00:00\",\"dateModified\":\"2016-09-19T12:02:16+00:00\",\"breadcrumb\":{\"@id\":\"https:\/\/blogit.gradia.fi\/psykaa\/persoonallisuus-ja-temperamentti\/temperamentti\/#breadcrumb\"},\"inLanguage\":\"fi\",\"potentialAction\":[{\"@type\":\"ReadAction\",\"target\":[\"https:\/\/blogit.gradia.fi\/psykaa\/persoonallisuus-ja-temperamentti\/temperamentti\/\"]}]},{\"@type\":\"BreadcrumbList\",\"@id\":\"https:\/\/blogit.gradia.fi\/psykaa\/persoonallisuus-ja-temperamentti\/temperamentti\/#breadcrumb\",\"itemListElement\":[{\"@type\":\"ListItem\",\"position\":1,\"name\":\"Persoonallisuus ja temperamentti\",\"item\":\"https:\/\/blogit.gradia.fi\/psykaa\/persoonallisuus-ja-temperamentti\/\"},{\"@type\":\"ListItem\",\"position\":2,\"name\":\"Temperamentti\"}]},{\"@type\":\"WebSite\",\"@id\":\"https:\/\/blogit.gradia.fi\/psykaa\/#website\",\"url\":\"https:\/\/blogit.gradia.fi\/psykaa\/\",\"name\":\"Psykaa\",\"description\":\"Uusi ao-blogit -sivusto\",\"potentialAction\":[{\"@type\":\"SearchAction\",\"target\":{\"@type\":\"EntryPoint\",\"urlTemplate\":\"https:\/\/blogit.gradia.fi\/psykaa\/?s={search_term_string}\"},\"query-input\":{\"@type\":\"PropertyValueSpecification\",\"valueRequired\":true,\"valueName\":\"search_term_string\"}}],\"inLanguage\":\"fi\"}]}<\/script>\n<!-- \/ Yoast SEO plugin. -->","yoast_head_json":{"title":"Temperamentti - Psykaa","robots":{"index":"index","follow":"follow","max-snippet":"max-snippet:-1","max-image-preview":"max-image-preview:large","max-video-preview":"max-video-preview:-1"},"canonical":"https:\/\/blogit.gradia.fi\/psykaa\/persoonallisuus-ja-temperamentti\/temperamentti\/","og_locale":"fi_FI","og_type":"article","og_title":"Temperamentti - Psykaa","og_description":"Temperamentilla tarkoitetaan yksil\u00f6n synnynn\u00e4ist\u00e4 tapaa reagoida sek\u00e4 ymp\u00e4rist\u00f6\u00f6n ett\u00e4 yksil\u00f6n omiin sis\u00e4isiin tilanteisiin, n\u00e4lk\u00e4\u00e4n, kipuun, tunteisiin tai v\u00e4symykseen. Se on kullekin ominainen reaktiotyyli. Temperamentti on riippumaton \u00e4lykkyydest\u00e4 ja kognitiivisista taidoista, mutta se on hyvin t\u00e4rke\u00e4 yksil\u00f6n kehityksess\u00e4, sill\u00e4 se s\u00e4\u00e4telee vuorovaikutusta ymp\u00e4rist\u00f6n kanssa (-&gt; muovaa persoonallisuutta). Voidaan sanoa, ett\u00e4 aikuisella ihmisell\u00e4 temperamentti on j\u00e4\u00e4nyt persoonallisuuden &hellip; Jatka lukemista Temperamentti &rarr;","og_url":"https:\/\/blogit.gradia.fi\/psykaa\/persoonallisuus-ja-temperamentti\/temperamentti\/","og_site_name":"Psykaa","article_modified_time":"2016-09-19T12:02:16+00:00","twitter_card":"summary_large_image","twitter_misc":{"Arvioitu lukuaika":"2 minuuttia"},"schema":{"@context":"https:\/\/schema.org","@graph":[{"@type":"WebPage","@id":"https:\/\/blogit.gradia.fi\/psykaa\/persoonallisuus-ja-temperamentti\/temperamentti\/","url":"https:\/\/blogit.gradia.fi\/psykaa\/persoonallisuus-ja-temperamentti\/temperamentti\/","name":"Temperamentti - Psykaa","isPartOf":{"@id":"https:\/\/blogit.gradia.fi\/psykaa\/#website"},"datePublished":"2016-05-11T11:32:46+00:00","dateModified":"2016-09-19T12:02:16+00:00","breadcrumb":{"@id":"https:\/\/blogit.gradia.fi\/psykaa\/persoonallisuus-ja-temperamentti\/temperamentti\/#breadcrumb"},"inLanguage":"fi","potentialAction":[{"@type":"ReadAction","target":["https:\/\/blogit.gradia.fi\/psykaa\/persoonallisuus-ja-temperamentti\/temperamentti\/"]}]},{"@type":"BreadcrumbList","@id":"https:\/\/blogit.gradia.fi\/psykaa\/persoonallisuus-ja-temperamentti\/temperamentti\/#breadcrumb","itemListElement":[{"@type":"ListItem","position":1,"name":"Persoonallisuus ja temperamentti","item":"https:\/\/blogit.gradia.fi\/psykaa\/persoonallisuus-ja-temperamentti\/"},{"@type":"ListItem","position":2,"name":"Temperamentti"}]},{"@type":"WebSite","@id":"https:\/\/blogit.gradia.fi\/psykaa\/#website","url":"https:\/\/blogit.gradia.fi\/psykaa\/","name":"Psykaa","description":"Uusi ao-blogit -sivusto","potentialAction":[{"@type":"SearchAction","target":{"@type":"EntryPoint","urlTemplate":"https:\/\/blogit.gradia.fi\/psykaa\/?s={search_term_string}"},"query-input":{"@type":"PropertyValueSpecification","valueRequired":true,"valueName":"search_term_string"}}],"inLanguage":"fi"}]}},"uagb_featured_image_src":{"full":false,"thumbnail":false,"medium":false,"medium_large":false,"large":false,"1536x1536":false,"2048x2048":false,"post-thumbnail":false},"uagb_author_info":{"display_name":"Laura Teri\u00f6","author_link":"https:\/\/blogit.gradia.fi\/psykaa\/author\/lauralaa\/"},"uagb_comment_info":0,"uagb_excerpt":"Temperamentilla tarkoitetaan yksil\u00f6n synnynn\u00e4ist\u00e4 tapaa reagoida sek\u00e4 ymp\u00e4rist\u00f6\u00f6n ett\u00e4 yksil\u00f6n omiin sis\u00e4isiin tilanteisiin, n\u00e4lk\u00e4\u00e4n, kipuun, tunteisiin tai v\u00e4symykseen. Se on kullekin ominainen reaktiotyyli. Temperamentti on riippumaton \u00e4lykkyydest\u00e4 ja kognitiivisista taidoista, mutta se on hyvin t\u00e4rke\u00e4 yksil\u00f6n kehityksess\u00e4, sill\u00e4 se s\u00e4\u00e4telee vuorovaikutusta ymp\u00e4rist\u00f6n kanssa (-&gt; muovaa persoonallisuutta). Voidaan sanoa, ett\u00e4 aikuisella ihmisell\u00e4 temperamentti on j\u00e4\u00e4nyt persoonallisuuden&hellip;","_links":{"self":[{"href":"https:\/\/blogit.gradia.fi\/psykaa\/wp-json\/wp\/v2\/pages\/23","targetHints":{"allow":["GET"]}}],"collection":[{"href":"https:\/\/blogit.gradia.fi\/psykaa\/wp-json\/wp\/v2\/pages"}],"about":[{"href":"https:\/\/blogit.gradia.fi\/psykaa\/wp-json\/wp\/v2\/types\/page"}],"author":[{"embeddable":true,"href":"https:\/\/blogit.gradia.fi\/psykaa\/wp-json\/wp\/v2\/users\/601"}],"replies":[{"embeddable":true,"href":"https:\/\/blogit.gradia.fi\/psykaa\/wp-json\/wp\/v2\/comments?post=23"}],"version-history":[{"count":0,"href":"https:\/\/blogit.gradia.fi\/psykaa\/wp-json\/wp\/v2\/pages\/23\/revisions"}],"up":[{"embeddable":true,"href":"https:\/\/blogit.gradia.fi\/psykaa\/wp-json\/wp\/v2\/pages\/17"}],"wp:attachment":[{"href":"https:\/\/blogit.gradia.fi\/psykaa\/wp-json\/wp\/v2\/media?parent=23"}],"curies":[{"name":"wp","href":"https:\/\/api.w.org\/{rel}","templated":true}]}}