{"id":21,"date":"2016-05-11T14:29:12","date_gmt":"2016-05-11T11:29:12","guid":{"rendered":"https:\/\/blogit.gradia.fi\/psykaa\/?page_id=21"},"modified":"2016-09-06T14:40:39","modified_gmt":"2016-09-06T11:40:39","slug":"mita-persoonallisuudella-tarkoitetaan","status":"publish","type":"page","link":"https:\/\/blogit.gradia.fi\/psykaa\/persoonallisuus-ja-temperamentti\/mita-persoonallisuudella-tarkoitetaan\/","title":{"rendered":"Mit\u00e4 persoonallisuudella tarkoitetaan?"},"content":{"rendered":"<p><span style=\"text-decoration: underline\">Persoonallisuudella<\/span> tarkoitetaan ajatusten, tunteiden ja k\u00e4ytt\u00e4ytymisen muodostamaa kokonaisuutta, joka on kullekin ihmiselle luonteenomainen.<\/p>\n<p style=\"padding-left: 30px\">\u201dAi uus tyyppi, millaine se on?\u201d<\/p>\n<p>K\u00e4sitteell\u00e4 persoonallisuus viitataan sek\u00e4 ihmisen ulkoiseen toimintaan (toisten n\u00e4kem\u00e4 k\u00e4ytt\u00e4ytyminen) sek\u00e4 sis\u00e4iseen kokemusmaailmaan.<\/p>\n<p style=\"padding-left: 30px\"><strong>Pohdittavaa:<\/strong><br \/>\nMillaisia asioita kuvittelet ulkon\u00e4k\u00f6si kertovan sinusta? Mit\u00e4 haluat sen kertovan? T\u00f6rm\u00e4\u00e4tk\u00f6 usein sinusta tehtyihin v\u00e4\u00e4riin tulkintoihin (ujo, ylpe\u00e4, leuhka)? Mist\u00e4 luulet niiden syntyneen? Onko niist\u00e4 ollut haittaa?<\/p>\n<p>Ihmisen persoonallisuus on kohtuullisen pysyv\u00e4, mutta isot el\u00e4m\u00e4nmuutokset voivat muuttaa sit\u00e4.<\/p>\n<p>K\u00e4sitett\u00e4 k\u00e4ytet\u00e4\u00e4n arkikieless\u00e4 varsin monenlaisissa merkityksess\u00e4. \u201dSe Valma on muutenkin aika persoonallinen tapaus.\u201d<\/p>\n<p><strong>Miten persoonallisuus rakentuu?<\/strong><\/p>\n<p><strong>Biologiset tekij\u00e4t<\/strong> (geeniperim\u00e4, temperamentti, aivojen toiminta ja rakenne; perinn\u00f6lliset sairaudet, elimist\u00f6n toiminta, kemiallisten aineiden vaikutus)<\/p>\n<p><strong>Yksil\u00f6psykologiset tekij\u00e4t<\/strong> (min\u00e4k\u00e4sitys, itsetunto, erilaiset uskomukset ja omat tulkinnat, maailmankuva, arvot ja asenteet, psyykkinen itses\u00e4\u00e4tely<\/p>\n<p><strong>Sosiokulttuuriset tekij\u00e4t<\/strong> (perhe, suku, l\u00e4heiset yst\u00e4v\u00e4t, kiintymyssuhteet, kasvatustyylit; koulu, instituutiot, media, uskonto ja maantieteelliset tekij\u00e4t)<\/p>\n<p style=\"padding-left: 30px\"><strong>Pohdittavaa:<br \/>\n<\/strong>Miss\u00e4 piirteiss\u00e4 muistutat vanhempiasi tai sisaruksiasi, ent\u00e4 muuta sukua?\u00a0Mik\u00e4 sinua erityisesti vieh\u00e4tt\u00e4\u00e4 tai \u00e4rsytt\u00e4\u00e4 sukulaisissasi?<\/p>\n","protected":false},"excerpt":{"rendered":"<p>Persoonallisuudella tarkoitetaan ajatusten, tunteiden ja k\u00e4ytt\u00e4ytymisen muodostamaa kokonaisuutta, joka on kullekin ihmiselle luonteenomainen. \u201dAi uus tyyppi, millaine se on?\u201d K\u00e4sitteell\u00e4 persoonallisuus viitataan sek\u00e4 ihmisen ulkoiseen toimintaan (toisten n\u00e4kem\u00e4 k\u00e4ytt\u00e4ytyminen) sek\u00e4 sis\u00e4iseen kokemusmaailmaan. Pohdittavaa: Millaisia asioita kuvittelet ulkon\u00e4k\u00f6si kertovan sinusta? Mit\u00e4 haluat sen kertovan? T\u00f6rm\u00e4\u00e4tk\u00f6 usein sinusta tehtyihin v\u00e4\u00e4riin tulkintoihin (ujo, ylpe\u00e4, leuhka)? Mist\u00e4 luulet niiden &hellip; <a href=\"https:\/\/blogit.gradia.fi\/psykaa\/persoonallisuus-ja-temperamentti\/mita-persoonallisuudella-tarkoitetaan\/\" class=\"more-link\">Jatka lukemista <span class=\"screen-reader-text\">Mit\u00e4 persoonallisuudella tarkoitetaan?<\/span> <span class=\"meta-nav\">&rarr;<\/span><\/a><\/p>\n","protected":false},"author":601,"featured_media":0,"parent":17,"menu_order":0,"comment_status":"closed","ping_status":"closed","template":"","meta":{"_uag_custom_page_level_css":"","footnotes":""},"class_list":["post-21","page","type-page","status-publish","hentry"],"yoast_head":"<!-- This site is optimized with the Yoast SEO plugin v27.2 - https:\/\/yoast.com\/product\/yoast-seo-wordpress\/ -->\n<title>Mit\u00e4 persoonallisuudella tarkoitetaan? - Psykaa<\/title>\n<meta name=\"robots\" content=\"index, follow, max-snippet:-1, max-image-preview:large, max-video-preview:-1\" \/>\n<link rel=\"canonical\" href=\"https:\/\/blogit.gradia.fi\/psykaa\/persoonallisuus-ja-temperamentti\/mita-persoonallisuudella-tarkoitetaan\/\" \/>\n<meta property=\"og:locale\" content=\"fi_FI\" \/>\n<meta property=\"og:type\" content=\"article\" \/>\n<meta property=\"og:title\" content=\"Mit\u00e4 persoonallisuudella tarkoitetaan? - Psykaa\" \/>\n<meta property=\"og:description\" content=\"Persoonallisuudella tarkoitetaan ajatusten, tunteiden ja k\u00e4ytt\u00e4ytymisen muodostamaa kokonaisuutta, joka on kullekin ihmiselle luonteenomainen. \u201dAi uus tyyppi, millaine se on?\u201d K\u00e4sitteell\u00e4 persoonallisuus viitataan sek\u00e4 ihmisen ulkoiseen toimintaan (toisten n\u00e4kem\u00e4 k\u00e4ytt\u00e4ytyminen) sek\u00e4 sis\u00e4iseen kokemusmaailmaan. Pohdittavaa: Millaisia asioita kuvittelet ulkon\u00e4k\u00f6si kertovan sinusta? Mit\u00e4 haluat sen kertovan? T\u00f6rm\u00e4\u00e4tk\u00f6 usein sinusta tehtyihin v\u00e4\u00e4riin tulkintoihin (ujo, ylpe\u00e4, leuhka)? Mist\u00e4 luulet niiden &hellip; Jatka lukemista Mit\u00e4 persoonallisuudella tarkoitetaan? &rarr;\" \/>\n<meta property=\"og:url\" content=\"https:\/\/blogit.gradia.fi\/psykaa\/persoonallisuus-ja-temperamentti\/mita-persoonallisuudella-tarkoitetaan\/\" \/>\n<meta property=\"og:site_name\" content=\"Psykaa\" \/>\n<meta property=\"article:modified_time\" content=\"2016-09-06T11:40:39+00:00\" \/>\n<meta name=\"twitter:card\" content=\"summary_large_image\" \/>\n<meta name=\"twitter:label1\" content=\"Arvioitu lukuaika\" \/>\n\t<meta name=\"twitter:data1\" content=\"1 minuutti\" \/>\n<script type=\"application\/ld+json\" class=\"yoast-schema-graph\">{\"@context\":\"https:\/\/schema.org\",\"@graph\":[{\"@type\":\"WebPage\",\"@id\":\"https:\/\/blogit.gradia.fi\/psykaa\/persoonallisuus-ja-temperamentti\/mita-persoonallisuudella-tarkoitetaan\/\",\"url\":\"https:\/\/blogit.gradia.fi\/psykaa\/persoonallisuus-ja-temperamentti\/mita-persoonallisuudella-tarkoitetaan\/\",\"name\":\"Mit\u00e4 persoonallisuudella tarkoitetaan? - Psykaa\",\"isPartOf\":{\"@id\":\"https:\/\/blogit.gradia.fi\/psykaa\/#website\"},\"datePublished\":\"2016-05-11T11:29:12+00:00\",\"dateModified\":\"2016-09-06T11:40:39+00:00\",\"breadcrumb\":{\"@id\":\"https:\/\/blogit.gradia.fi\/psykaa\/persoonallisuus-ja-temperamentti\/mita-persoonallisuudella-tarkoitetaan\/#breadcrumb\"},\"inLanguage\":\"fi\",\"potentialAction\":[{\"@type\":\"ReadAction\",\"target\":[\"https:\/\/blogit.gradia.fi\/psykaa\/persoonallisuus-ja-temperamentti\/mita-persoonallisuudella-tarkoitetaan\/\"]}]},{\"@type\":\"BreadcrumbList\",\"@id\":\"https:\/\/blogit.gradia.fi\/psykaa\/persoonallisuus-ja-temperamentti\/mita-persoonallisuudella-tarkoitetaan\/#breadcrumb\",\"itemListElement\":[{\"@type\":\"ListItem\",\"position\":1,\"name\":\"Persoonallisuus ja temperamentti\",\"item\":\"https:\/\/blogit.gradia.fi\/psykaa\/persoonallisuus-ja-temperamentti\/\"},{\"@type\":\"ListItem\",\"position\":2,\"name\":\"Mit\u00e4 persoonallisuudella tarkoitetaan?\"}]},{\"@type\":\"WebSite\",\"@id\":\"https:\/\/blogit.gradia.fi\/psykaa\/#website\",\"url\":\"https:\/\/blogit.gradia.fi\/psykaa\/\",\"name\":\"Psykaa\",\"description\":\"Uusi ao-blogit -sivusto\",\"potentialAction\":[{\"@type\":\"SearchAction\",\"target\":{\"@type\":\"EntryPoint\",\"urlTemplate\":\"https:\/\/blogit.gradia.fi\/psykaa\/?s={search_term_string}\"},\"query-input\":{\"@type\":\"PropertyValueSpecification\",\"valueRequired\":true,\"valueName\":\"search_term_string\"}}],\"inLanguage\":\"fi\"}]}<\/script>\n<!-- \/ Yoast SEO plugin. -->","yoast_head_json":{"title":"Mit\u00e4 persoonallisuudella tarkoitetaan? - Psykaa","robots":{"index":"index","follow":"follow","max-snippet":"max-snippet:-1","max-image-preview":"max-image-preview:large","max-video-preview":"max-video-preview:-1"},"canonical":"https:\/\/blogit.gradia.fi\/psykaa\/persoonallisuus-ja-temperamentti\/mita-persoonallisuudella-tarkoitetaan\/","og_locale":"fi_FI","og_type":"article","og_title":"Mit\u00e4 persoonallisuudella tarkoitetaan? - Psykaa","og_description":"Persoonallisuudella tarkoitetaan ajatusten, tunteiden ja k\u00e4ytt\u00e4ytymisen muodostamaa kokonaisuutta, joka on kullekin ihmiselle luonteenomainen. \u201dAi uus tyyppi, millaine se on?\u201d K\u00e4sitteell\u00e4 persoonallisuus viitataan sek\u00e4 ihmisen ulkoiseen toimintaan (toisten n\u00e4kem\u00e4 k\u00e4ytt\u00e4ytyminen) sek\u00e4 sis\u00e4iseen kokemusmaailmaan. Pohdittavaa: Millaisia asioita kuvittelet ulkon\u00e4k\u00f6si kertovan sinusta? Mit\u00e4 haluat sen kertovan? T\u00f6rm\u00e4\u00e4tk\u00f6 usein sinusta tehtyihin v\u00e4\u00e4riin tulkintoihin (ujo, ylpe\u00e4, leuhka)? Mist\u00e4 luulet niiden &hellip; Jatka lukemista Mit\u00e4 persoonallisuudella tarkoitetaan? &rarr;","og_url":"https:\/\/blogit.gradia.fi\/psykaa\/persoonallisuus-ja-temperamentti\/mita-persoonallisuudella-tarkoitetaan\/","og_site_name":"Psykaa","article_modified_time":"2016-09-06T11:40:39+00:00","twitter_card":"summary_large_image","twitter_misc":{"Arvioitu lukuaika":"1 minuutti"},"schema":{"@context":"https:\/\/schema.org","@graph":[{"@type":"WebPage","@id":"https:\/\/blogit.gradia.fi\/psykaa\/persoonallisuus-ja-temperamentti\/mita-persoonallisuudella-tarkoitetaan\/","url":"https:\/\/blogit.gradia.fi\/psykaa\/persoonallisuus-ja-temperamentti\/mita-persoonallisuudella-tarkoitetaan\/","name":"Mit\u00e4 persoonallisuudella tarkoitetaan? - Psykaa","isPartOf":{"@id":"https:\/\/blogit.gradia.fi\/psykaa\/#website"},"datePublished":"2016-05-11T11:29:12+00:00","dateModified":"2016-09-06T11:40:39+00:00","breadcrumb":{"@id":"https:\/\/blogit.gradia.fi\/psykaa\/persoonallisuus-ja-temperamentti\/mita-persoonallisuudella-tarkoitetaan\/#breadcrumb"},"inLanguage":"fi","potentialAction":[{"@type":"ReadAction","target":["https:\/\/blogit.gradia.fi\/psykaa\/persoonallisuus-ja-temperamentti\/mita-persoonallisuudella-tarkoitetaan\/"]}]},{"@type":"BreadcrumbList","@id":"https:\/\/blogit.gradia.fi\/psykaa\/persoonallisuus-ja-temperamentti\/mita-persoonallisuudella-tarkoitetaan\/#breadcrumb","itemListElement":[{"@type":"ListItem","position":1,"name":"Persoonallisuus ja temperamentti","item":"https:\/\/blogit.gradia.fi\/psykaa\/persoonallisuus-ja-temperamentti\/"},{"@type":"ListItem","position":2,"name":"Mit\u00e4 persoonallisuudella tarkoitetaan?"}]},{"@type":"WebSite","@id":"https:\/\/blogit.gradia.fi\/psykaa\/#website","url":"https:\/\/blogit.gradia.fi\/psykaa\/","name":"Psykaa","description":"Uusi ao-blogit -sivusto","potentialAction":[{"@type":"SearchAction","target":{"@type":"EntryPoint","urlTemplate":"https:\/\/blogit.gradia.fi\/psykaa\/?s={search_term_string}"},"query-input":{"@type":"PropertyValueSpecification","valueRequired":true,"valueName":"search_term_string"}}],"inLanguage":"fi"}]}},"uagb_featured_image_src":{"full":false,"thumbnail":false,"medium":false,"medium_large":false,"large":false,"1536x1536":false,"2048x2048":false,"post-thumbnail":false},"uagb_author_info":{"display_name":"Laura Teri\u00f6","author_link":"https:\/\/blogit.gradia.fi\/psykaa\/author\/lauralaa\/"},"uagb_comment_info":0,"uagb_excerpt":"Persoonallisuudella tarkoitetaan ajatusten, tunteiden ja k\u00e4ytt\u00e4ytymisen muodostamaa kokonaisuutta, joka on kullekin ihmiselle luonteenomainen. \u201dAi uus tyyppi, millaine se on?\u201d K\u00e4sitteell\u00e4 persoonallisuus viitataan sek\u00e4 ihmisen ulkoiseen toimintaan (toisten n\u00e4kem\u00e4 k\u00e4ytt\u00e4ytyminen) sek\u00e4 sis\u00e4iseen kokemusmaailmaan. Pohdittavaa: Millaisia asioita kuvittelet ulkon\u00e4k\u00f6si kertovan sinusta? Mit\u00e4 haluat sen kertovan? T\u00f6rm\u00e4\u00e4tk\u00f6 usein sinusta tehtyihin v\u00e4\u00e4riin tulkintoihin (ujo, ylpe\u00e4, leuhka)? Mist\u00e4 luulet niiden&hellip;","_links":{"self":[{"href":"https:\/\/blogit.gradia.fi\/psykaa\/wp-json\/wp\/v2\/pages\/21","targetHints":{"allow":["GET"]}}],"collection":[{"href":"https:\/\/blogit.gradia.fi\/psykaa\/wp-json\/wp\/v2\/pages"}],"about":[{"href":"https:\/\/blogit.gradia.fi\/psykaa\/wp-json\/wp\/v2\/types\/page"}],"author":[{"embeddable":true,"href":"https:\/\/blogit.gradia.fi\/psykaa\/wp-json\/wp\/v2\/users\/601"}],"replies":[{"embeddable":true,"href":"https:\/\/blogit.gradia.fi\/psykaa\/wp-json\/wp\/v2\/comments?post=21"}],"version-history":[{"count":0,"href":"https:\/\/blogit.gradia.fi\/psykaa\/wp-json\/wp\/v2\/pages\/21\/revisions"}],"up":[{"embeddable":true,"href":"https:\/\/blogit.gradia.fi\/psykaa\/wp-json\/wp\/v2\/pages\/17"}],"wp:attachment":[{"href":"https:\/\/blogit.gradia.fi\/psykaa\/wp-json\/wp\/v2\/media?parent=21"}],"curies":[{"name":"wp","href":"https:\/\/api.w.org\/{rel}","templated":true}]}}