{"id":198,"date":"2016-09-04T15:15:45","date_gmt":"2016-09-04T12:15:45","guid":{"rendered":"https:\/\/blogit.gradia.fi\/psykaa\/?page_id=198"},"modified":"2018-10-03T13:23:55","modified_gmt":"2018-10-03T10:23:55","slug":"osion-psyyk-tehtavat","status":"publish","type":"page","link":"https:\/\/blogit.gradia.fi\/psykaa\/osion-psyyk-tehtavat\/","title":{"rendered":"Osion (Psyyk.) teht\u00e4v\u00e4t"},"content":{"rendered":"<p>PSYYK. TEHT. 1 &#8211; 3<\/p>\n<p>1.Tee testi osiosta Positiivinen psykologia &#8211; oletko stressaaja vai rauhallinen? Mink\u00e4laisen tuloksen sait, kerro siit\u00e4. Miten tyylisi n\u00e4kyy jokap\u00e4iv\u00e4isess\u00e4 el\u00e4m\u00e4ss\u00e4?<\/p>\n<p>Kerro viel\u00e4, mitk\u00e4 ovat coping-keinosi eli mill\u00e4 tavalla purat stressi\u00e4 tai pahaa tuulta. K\u00e4ytk\u00f6 lenkill\u00e4, tapaatko yst\u00e4vi\u00e4, sy\u00f6tk\u00f6 suklaata. \u00a0Onko jokin toimivampi kuin toiset?<\/p>\n<p>&nbsp;<\/p>\n<p>2. Irti kielteisist\u00e4 ajatuksista<\/p>\n<p>Valitse huono p\u00e4iv\u00e4 ja mieti, mik\u00e4 erityisesti ottaa p\u00e4\u00e4h\u00e4n. Ep\u00e4onnistuitko, tuliko riitaa, syrjittiink\u00f6 sinua, eik\u00f6 mik\u00e4\u00e4n onnistunut.<\/p>\n<p>Kirjoita ensin\u00a0kielteinen ajatus (se, mik\u00e4 harmittaa).Keksi sen j\u00e4lkeen v\u00e4hint\u00e4\u00e4n kolme my\u00f6nteist\u00e4 ajatusta, jotka liittyv\u00e4t kielteiseen ajatukseen jollakin tavalla.<\/p>\n<p>Mieti voisiko my\u00f6nteisi\u00e4 ajatuksia viel\u00e4 lis\u00e4t\u00e4 tai mit\u00e4 niist\u00e4 tulee mieleen, kirjoita.<\/p>\n<p>Valitse my\u00f6nteisist\u00e4 ajatuksista yksi, joka kiehtoo sinua eniten. Muotoile se j\u00e4rkev\u00e4ksi lauseeksi.<\/p>\n<p>&nbsp;<\/p>\n<p>3. T\u00e4ydellinen el\u00e4m\u00e4<\/p>\n<p>A Kirjoita 50 sanaa paikasta, jossa haluaisit olla juuri nyt!<\/p>\n<p>TAI<\/p>\n<p>B Kuvaa, millainen olisi t\u00e4ydellinen p\u00e4iv\u00e4.<\/p>\n<p>&nbsp;<\/p>\n<p>4.\u00a0 &#8221;Haavetaulu&#8221;<\/p>\n<p>Ker\u00e4\u00e4 kollaasi kuvista, joissa on asioita, esineit\u00e4, ihmisi\u00e4, el\u00e4imi\u00e4, paikkoja, v\u00e4rej\u00e4, tunnelmia, tunteita jne., jotka jotenkin kuvaavat ihannetulevaisuuttasi tai -el\u00e4m\u00e4\u00e4si, oli se sitten mahdollinen tai ei.<\/p>\n<p>Etsi netist\u00e4 kuvia ja kokoa ne yhteen. Voit my\u00f6s kirjoittaa ajatuksiasi ja selityksi\u00e4, jos haluat.<\/p>\n<p>&nbsp;<\/p>\n","protected":false},"excerpt":{"rendered":"<p>PSYYK. TEHT. 1 &#8211; 3 1.Tee testi osiosta Positiivinen psykologia &#8211; oletko stressaaja vai rauhallinen? Mink\u00e4laisen tuloksen sait, kerro siit\u00e4. Miten tyylisi n\u00e4kyy jokap\u00e4iv\u00e4isess\u00e4 el\u00e4m\u00e4ss\u00e4? Kerro viel\u00e4, mitk\u00e4 ovat coping-keinosi eli mill\u00e4 tavalla purat stressi\u00e4 tai pahaa tuulta. K\u00e4ytk\u00f6 lenkill\u00e4, tapaatko yst\u00e4vi\u00e4, sy\u00f6tk\u00f6 suklaata. \u00a0Onko jokin toimivampi kuin toiset? &nbsp; 2. Irti kielteisist\u00e4 ajatuksista Valitse &hellip; <a href=\"https:\/\/blogit.gradia.fi\/psykaa\/osion-psyyk-tehtavat\/\" class=\"more-link\">Jatka lukemista <span class=\"screen-reader-text\">Osion (Psyyk.) teht\u00e4v\u00e4t<\/span> <span class=\"meta-nav\">&rarr;<\/span><\/a><\/p>\n","protected":false},"author":601,"featured_media":0,"parent":0,"menu_order":0,"comment_status":"closed","ping_status":"closed","template":"","meta":{"_uag_custom_page_level_css":"","footnotes":""},"class_list":["post-198","page","type-page","status-publish","hentry"],"yoast_head":"<!-- This site is optimized with the Yoast SEO plugin v27.2 - https:\/\/yoast.com\/product\/yoast-seo-wordpress\/ -->\n<title>Osion (Psyyk.) teht\u00e4v\u00e4t - Psykaa<\/title>\n<meta name=\"robots\" content=\"index, follow, max-snippet:-1, max-image-preview:large, max-video-preview:-1\" \/>\n<link rel=\"canonical\" href=\"https:\/\/blogit.gradia.fi\/psykaa\/osion-psyyk-tehtavat\/\" \/>\n<meta property=\"og:locale\" content=\"fi_FI\" \/>\n<meta property=\"og:type\" content=\"article\" \/>\n<meta property=\"og:title\" content=\"Osion (Psyyk.) teht\u00e4v\u00e4t - Psykaa\" \/>\n<meta property=\"og:description\" content=\"PSYYK. TEHT. 1 &#8211; 3 1.Tee testi osiosta Positiivinen psykologia &#8211; oletko stressaaja vai rauhallinen? Mink\u00e4laisen tuloksen sait, kerro siit\u00e4. Miten tyylisi n\u00e4kyy jokap\u00e4iv\u00e4isess\u00e4 el\u00e4m\u00e4ss\u00e4? Kerro viel\u00e4, mitk\u00e4 ovat coping-keinosi eli mill\u00e4 tavalla purat stressi\u00e4 tai pahaa tuulta. K\u00e4ytk\u00f6 lenkill\u00e4, tapaatko yst\u00e4vi\u00e4, sy\u00f6tk\u00f6 suklaata. \u00a0Onko jokin toimivampi kuin toiset? &nbsp; 2. Irti kielteisist\u00e4 ajatuksista Valitse &hellip; Jatka lukemista Osion (Psyyk.) teht\u00e4v\u00e4t &rarr;\" \/>\n<meta property=\"og:url\" content=\"https:\/\/blogit.gradia.fi\/psykaa\/osion-psyyk-tehtavat\/\" \/>\n<meta property=\"og:site_name\" content=\"Psykaa\" \/>\n<meta property=\"article:modified_time\" content=\"2018-10-03T10:23:55+00:00\" \/>\n<meta name=\"twitter:card\" content=\"summary_large_image\" \/>\n<meta name=\"twitter:label1\" content=\"Arvioitu lukuaika\" \/>\n\t<meta name=\"twitter:data1\" content=\"1 minuutti\" \/>\n<script type=\"application\/ld+json\" class=\"yoast-schema-graph\">{\"@context\":\"https:\/\/schema.org\",\"@graph\":[{\"@type\":\"WebPage\",\"@id\":\"https:\/\/blogit.gradia.fi\/psykaa\/osion-psyyk-tehtavat\/\",\"url\":\"https:\/\/blogit.gradia.fi\/psykaa\/osion-psyyk-tehtavat\/\",\"name\":\"Osion (Psyyk.) teht\u00e4v\u00e4t - Psykaa\",\"isPartOf\":{\"@id\":\"https:\/\/blogit.gradia.fi\/psykaa\/#website\"},\"datePublished\":\"2016-09-04T12:15:45+00:00\",\"dateModified\":\"2018-10-03T10:23:55+00:00\",\"inLanguage\":\"fi\",\"potentialAction\":[{\"@type\":\"ReadAction\",\"target\":[\"https:\/\/blogit.gradia.fi\/psykaa\/osion-psyyk-tehtavat\/\"]}]},{\"@type\":\"WebSite\",\"@id\":\"https:\/\/blogit.gradia.fi\/psykaa\/#website\",\"url\":\"https:\/\/blogit.gradia.fi\/psykaa\/\",\"name\":\"Psykaa\",\"description\":\"Uusi ao-blogit -sivusto\",\"potentialAction\":[{\"@type\":\"SearchAction\",\"target\":{\"@type\":\"EntryPoint\",\"urlTemplate\":\"https:\/\/blogit.gradia.fi\/psykaa\/?s={search_term_string}\"},\"query-input\":{\"@type\":\"PropertyValueSpecification\",\"valueRequired\":true,\"valueName\":\"search_term_string\"}}],\"inLanguage\":\"fi\"}]}<\/script>\n<!-- \/ Yoast SEO plugin. -->","yoast_head_json":{"title":"Osion (Psyyk.) teht\u00e4v\u00e4t - Psykaa","robots":{"index":"index","follow":"follow","max-snippet":"max-snippet:-1","max-image-preview":"max-image-preview:large","max-video-preview":"max-video-preview:-1"},"canonical":"https:\/\/blogit.gradia.fi\/psykaa\/osion-psyyk-tehtavat\/","og_locale":"fi_FI","og_type":"article","og_title":"Osion (Psyyk.) teht\u00e4v\u00e4t - Psykaa","og_description":"PSYYK. TEHT. 1 &#8211; 3 1.Tee testi osiosta Positiivinen psykologia &#8211; oletko stressaaja vai rauhallinen? Mink\u00e4laisen tuloksen sait, kerro siit\u00e4. Miten tyylisi n\u00e4kyy jokap\u00e4iv\u00e4isess\u00e4 el\u00e4m\u00e4ss\u00e4? Kerro viel\u00e4, mitk\u00e4 ovat coping-keinosi eli mill\u00e4 tavalla purat stressi\u00e4 tai pahaa tuulta. K\u00e4ytk\u00f6 lenkill\u00e4, tapaatko yst\u00e4vi\u00e4, sy\u00f6tk\u00f6 suklaata. \u00a0Onko jokin toimivampi kuin toiset? &nbsp; 2. Irti kielteisist\u00e4 ajatuksista Valitse &hellip; Jatka lukemista Osion (Psyyk.) teht\u00e4v\u00e4t &rarr;","og_url":"https:\/\/blogit.gradia.fi\/psykaa\/osion-psyyk-tehtavat\/","og_site_name":"Psykaa","article_modified_time":"2018-10-03T10:23:55+00:00","twitter_card":"summary_large_image","twitter_misc":{"Arvioitu lukuaika":"1 minuutti"},"schema":{"@context":"https:\/\/schema.org","@graph":[{"@type":"WebPage","@id":"https:\/\/blogit.gradia.fi\/psykaa\/osion-psyyk-tehtavat\/","url":"https:\/\/blogit.gradia.fi\/psykaa\/osion-psyyk-tehtavat\/","name":"Osion (Psyyk.) teht\u00e4v\u00e4t - Psykaa","isPartOf":{"@id":"https:\/\/blogit.gradia.fi\/psykaa\/#website"},"datePublished":"2016-09-04T12:15:45+00:00","dateModified":"2018-10-03T10:23:55+00:00","inLanguage":"fi","potentialAction":[{"@type":"ReadAction","target":["https:\/\/blogit.gradia.fi\/psykaa\/osion-psyyk-tehtavat\/"]}]},{"@type":"WebSite","@id":"https:\/\/blogit.gradia.fi\/psykaa\/#website","url":"https:\/\/blogit.gradia.fi\/psykaa\/","name":"Psykaa","description":"Uusi ao-blogit -sivusto","potentialAction":[{"@type":"SearchAction","target":{"@type":"EntryPoint","urlTemplate":"https:\/\/blogit.gradia.fi\/psykaa\/?s={search_term_string}"},"query-input":{"@type":"PropertyValueSpecification","valueRequired":true,"valueName":"search_term_string"}}],"inLanguage":"fi"}]}},"uagb_featured_image_src":{"full":false,"thumbnail":false,"medium":false,"medium_large":false,"large":false,"1536x1536":false,"2048x2048":false,"post-thumbnail":false},"uagb_author_info":{"display_name":"Laura Teri\u00f6","author_link":"https:\/\/blogit.gradia.fi\/psykaa\/author\/lauralaa\/"},"uagb_comment_info":0,"uagb_excerpt":"PSYYK. TEHT. 1 &#8211; 3 1.Tee testi osiosta Positiivinen psykologia &#8211; oletko stressaaja vai rauhallinen? Mink\u00e4laisen tuloksen sait, kerro siit\u00e4. Miten tyylisi n\u00e4kyy jokap\u00e4iv\u00e4isess\u00e4 el\u00e4m\u00e4ss\u00e4? Kerro viel\u00e4, mitk\u00e4 ovat coping-keinosi eli mill\u00e4 tavalla purat stressi\u00e4 tai pahaa tuulta. K\u00e4ytk\u00f6 lenkill\u00e4, tapaatko yst\u00e4vi\u00e4, sy\u00f6tk\u00f6 suklaata. \u00a0Onko jokin toimivampi kuin toiset? &nbsp; 2. Irti kielteisist\u00e4 ajatuksista Valitse&hellip;","_links":{"self":[{"href":"https:\/\/blogit.gradia.fi\/psykaa\/wp-json\/wp\/v2\/pages\/198","targetHints":{"allow":["GET"]}}],"collection":[{"href":"https:\/\/blogit.gradia.fi\/psykaa\/wp-json\/wp\/v2\/pages"}],"about":[{"href":"https:\/\/blogit.gradia.fi\/psykaa\/wp-json\/wp\/v2\/types\/page"}],"author":[{"embeddable":true,"href":"https:\/\/blogit.gradia.fi\/psykaa\/wp-json\/wp\/v2\/users\/601"}],"replies":[{"embeddable":true,"href":"https:\/\/blogit.gradia.fi\/psykaa\/wp-json\/wp\/v2\/comments?post=198"}],"version-history":[{"count":0,"href":"https:\/\/blogit.gradia.fi\/psykaa\/wp-json\/wp\/v2\/pages\/198\/revisions"}],"wp:attachment":[{"href":"https:\/\/blogit.gradia.fi\/psykaa\/wp-json\/wp\/v2\/media?parent=198"}],"curies":[{"name":"wp","href":"https:\/\/api.w.org\/{rel}","templated":true}]}}