{"id":193,"date":"2016-09-04T15:13:36","date_gmt":"2016-09-04T12:13:36","guid":{"rendered":"https:\/\/blogit.gradia.fi\/psykaa\/?page_id=193"},"modified":"2016-09-18T16:40:28","modified_gmt":"2016-09-18T13:40:28","slug":"osion-sos-tehtavat","status":"publish","type":"page","link":"https:\/\/blogit.gradia.fi\/psykaa\/osion-sos-tehtavat\/","title":{"rendered":"Osion (Sos.) teht\u00e4v\u00e4t"},"content":{"rendered":"<p>SOS. TEHT. 1 &#8211; 4<\/p>\n<p>1.Millaisia odotuksia sukupuoliroolit asettavat tyt\u00f6ille ja pojille? Eli mit\u00e4 pit\u00e4isi tehd\u00e4 ja milloin? Onko se helpottavaa (jee, valmis malli toimia) vai ahdistavaa? Oletko itse toiminut niiden mukaan?<\/p>\n<p>&nbsp;<\/p>\n<p>2.\u00a0 Miten uusien ryhmien(uusi luokka)\u00a0k\u00e4ynnistymist\u00e4 voisi helpottaa? Mik\u00e4 loisi aidosti ryhm\u00e4henke\u00e4 ja auttaisi tutustumaan? Anna vinkkej\u00e4, mit\u00e4 sin\u00e4 tekisit mielell\u00e4si ensimm\u00e4isin\u00e4 tutustumisp\u00e4ivin\u00e4? Ent\u00e4 mit\u00e4 inhoat, millaisiin juttuihin osallistuminen on kiusallista? Voit kertoa my\u00f6s esimerkkej\u00e4 tilanteista, joissa olet ollut.<\/p>\n<p>&nbsp;<\/p>\n<p>3. Laadi itsellesi poliisiprofiili, mit\u00e4 poliisin profiloijat kirjoittaisivat sinusta. Mitk\u00e4 ovat vahvuutesi, onko sinulla jotakin erityisosaamista? Miten toimit, jos hermostut tai suutut? Oletko helposti ennakoitavissa vai arvaamaton tavoissasi.\u00a0Oletko vaarallinen? \ud83d\ude09<\/p>\n<p>&nbsp;<\/p>\n<p>4. Tee <a href=\"https:\/\/vastaamo.fi\/itsetuntotesti\/\" target=\"_blank\">itsetuntotesti<\/a>. Mit\u00e4 sait pistem\u00e4\u00e4r\u00e4ksi. Mit\u00e4 mielt\u00e4 olet omasta itsetunnostasi?<\/p>\n<p><em>\u00a0<\/em><\/p>\n","protected":false},"excerpt":{"rendered":"<p>SOS. TEHT. 1 &#8211; 4 1.Millaisia odotuksia sukupuoliroolit asettavat tyt\u00f6ille ja pojille? Eli mit\u00e4 pit\u00e4isi tehd\u00e4 ja milloin? Onko se helpottavaa (jee, valmis malli toimia) vai ahdistavaa? Oletko itse toiminut niiden mukaan? &nbsp; 2.\u00a0 Miten uusien ryhmien(uusi luokka)\u00a0k\u00e4ynnistymist\u00e4 voisi helpottaa? Mik\u00e4 loisi aidosti ryhm\u00e4henke\u00e4 ja auttaisi tutustumaan? Anna vinkkej\u00e4, mit\u00e4 sin\u00e4 tekisit mielell\u00e4si ensimm\u00e4isin\u00e4 tutustumisp\u00e4ivin\u00e4? &hellip; <a href=\"https:\/\/blogit.gradia.fi\/psykaa\/osion-sos-tehtavat\/\" class=\"more-link\">Jatka lukemista <span class=\"screen-reader-text\">Osion (Sos.) teht\u00e4v\u00e4t<\/span> <span class=\"meta-nav\">&rarr;<\/span><\/a><\/p>\n","protected":false},"author":601,"featured_media":0,"parent":0,"menu_order":0,"comment_status":"closed","ping_status":"closed","template":"","meta":{"_uag_custom_page_level_css":"","footnotes":""},"class_list":["post-193","page","type-page","status-publish","hentry"],"yoast_head":"<!-- This site is optimized with the Yoast SEO plugin v27.2 - https:\/\/yoast.com\/product\/yoast-seo-wordpress\/ -->\n<title>Osion (Sos.) teht\u00e4v\u00e4t - Psykaa<\/title>\n<meta name=\"robots\" content=\"index, follow, max-snippet:-1, max-image-preview:large, max-video-preview:-1\" \/>\n<link rel=\"canonical\" href=\"https:\/\/blogit.gradia.fi\/psykaa\/osion-sos-tehtavat\/\" \/>\n<meta property=\"og:locale\" content=\"fi_FI\" \/>\n<meta property=\"og:type\" content=\"article\" \/>\n<meta property=\"og:title\" content=\"Osion (Sos.) teht\u00e4v\u00e4t - Psykaa\" \/>\n<meta property=\"og:description\" content=\"SOS. TEHT. 1 &#8211; 4 1.Millaisia odotuksia sukupuoliroolit asettavat tyt\u00f6ille ja pojille? Eli mit\u00e4 pit\u00e4isi tehd\u00e4 ja milloin? Onko se helpottavaa (jee, valmis malli toimia) vai ahdistavaa? Oletko itse toiminut niiden mukaan? &nbsp; 2.\u00a0 Miten uusien ryhmien(uusi luokka)\u00a0k\u00e4ynnistymist\u00e4 voisi helpottaa? Mik\u00e4 loisi aidosti ryhm\u00e4henke\u00e4 ja auttaisi tutustumaan? Anna vinkkej\u00e4, mit\u00e4 sin\u00e4 tekisit mielell\u00e4si ensimm\u00e4isin\u00e4 tutustumisp\u00e4ivin\u00e4? &hellip; Jatka lukemista Osion (Sos.) teht\u00e4v\u00e4t &rarr;\" \/>\n<meta property=\"og:url\" content=\"https:\/\/blogit.gradia.fi\/psykaa\/osion-sos-tehtavat\/\" \/>\n<meta property=\"og:site_name\" content=\"Psykaa\" \/>\n<meta property=\"article:modified_time\" content=\"2016-09-18T13:40:28+00:00\" \/>\n<meta name=\"twitter:card\" content=\"summary_large_image\" \/>\n<meta name=\"twitter:label1\" content=\"Arvioitu lukuaika\" \/>\n\t<meta name=\"twitter:data1\" content=\"1 minuutti\" \/>\n<script type=\"application\/ld+json\" class=\"yoast-schema-graph\">{\"@context\":\"https:\/\/schema.org\",\"@graph\":[{\"@type\":\"WebPage\",\"@id\":\"https:\/\/blogit.gradia.fi\/psykaa\/osion-sos-tehtavat\/\",\"url\":\"https:\/\/blogit.gradia.fi\/psykaa\/osion-sos-tehtavat\/\",\"name\":\"Osion (Sos.) teht\u00e4v\u00e4t - Psykaa\",\"isPartOf\":{\"@id\":\"https:\/\/blogit.gradia.fi\/psykaa\/#website\"},\"datePublished\":\"2016-09-04T12:13:36+00:00\",\"dateModified\":\"2016-09-18T13:40:28+00:00\",\"inLanguage\":\"fi\",\"potentialAction\":[{\"@type\":\"ReadAction\",\"target\":[\"https:\/\/blogit.gradia.fi\/psykaa\/osion-sos-tehtavat\/\"]}]},{\"@type\":\"WebSite\",\"@id\":\"https:\/\/blogit.gradia.fi\/psykaa\/#website\",\"url\":\"https:\/\/blogit.gradia.fi\/psykaa\/\",\"name\":\"Psykaa\",\"description\":\"Uusi ao-blogit -sivusto\",\"potentialAction\":[{\"@type\":\"SearchAction\",\"target\":{\"@type\":\"EntryPoint\",\"urlTemplate\":\"https:\/\/blogit.gradia.fi\/psykaa\/?s={search_term_string}\"},\"query-input\":{\"@type\":\"PropertyValueSpecification\",\"valueRequired\":true,\"valueName\":\"search_term_string\"}}],\"inLanguage\":\"fi\"}]}<\/script>\n<!-- \/ Yoast SEO plugin. -->","yoast_head_json":{"title":"Osion (Sos.) teht\u00e4v\u00e4t - Psykaa","robots":{"index":"index","follow":"follow","max-snippet":"max-snippet:-1","max-image-preview":"max-image-preview:large","max-video-preview":"max-video-preview:-1"},"canonical":"https:\/\/blogit.gradia.fi\/psykaa\/osion-sos-tehtavat\/","og_locale":"fi_FI","og_type":"article","og_title":"Osion (Sos.) teht\u00e4v\u00e4t - Psykaa","og_description":"SOS. TEHT. 1 &#8211; 4 1.Millaisia odotuksia sukupuoliroolit asettavat tyt\u00f6ille ja pojille? Eli mit\u00e4 pit\u00e4isi tehd\u00e4 ja milloin? Onko se helpottavaa (jee, valmis malli toimia) vai ahdistavaa? Oletko itse toiminut niiden mukaan? &nbsp; 2.\u00a0 Miten uusien ryhmien(uusi luokka)\u00a0k\u00e4ynnistymist\u00e4 voisi helpottaa? Mik\u00e4 loisi aidosti ryhm\u00e4henke\u00e4 ja auttaisi tutustumaan? Anna vinkkej\u00e4, mit\u00e4 sin\u00e4 tekisit mielell\u00e4si ensimm\u00e4isin\u00e4 tutustumisp\u00e4ivin\u00e4? &hellip; Jatka lukemista Osion (Sos.) teht\u00e4v\u00e4t &rarr;","og_url":"https:\/\/blogit.gradia.fi\/psykaa\/osion-sos-tehtavat\/","og_site_name":"Psykaa","article_modified_time":"2016-09-18T13:40:28+00:00","twitter_card":"summary_large_image","twitter_misc":{"Arvioitu lukuaika":"1 minuutti"},"schema":{"@context":"https:\/\/schema.org","@graph":[{"@type":"WebPage","@id":"https:\/\/blogit.gradia.fi\/psykaa\/osion-sos-tehtavat\/","url":"https:\/\/blogit.gradia.fi\/psykaa\/osion-sos-tehtavat\/","name":"Osion (Sos.) teht\u00e4v\u00e4t - Psykaa","isPartOf":{"@id":"https:\/\/blogit.gradia.fi\/psykaa\/#website"},"datePublished":"2016-09-04T12:13:36+00:00","dateModified":"2016-09-18T13:40:28+00:00","inLanguage":"fi","potentialAction":[{"@type":"ReadAction","target":["https:\/\/blogit.gradia.fi\/psykaa\/osion-sos-tehtavat\/"]}]},{"@type":"WebSite","@id":"https:\/\/blogit.gradia.fi\/psykaa\/#website","url":"https:\/\/blogit.gradia.fi\/psykaa\/","name":"Psykaa","description":"Uusi ao-blogit -sivusto","potentialAction":[{"@type":"SearchAction","target":{"@type":"EntryPoint","urlTemplate":"https:\/\/blogit.gradia.fi\/psykaa\/?s={search_term_string}"},"query-input":{"@type":"PropertyValueSpecification","valueRequired":true,"valueName":"search_term_string"}}],"inLanguage":"fi"}]}},"uagb_featured_image_src":{"full":false,"thumbnail":false,"medium":false,"medium_large":false,"large":false,"1536x1536":false,"2048x2048":false,"post-thumbnail":false},"uagb_author_info":{"display_name":"Laura Teri\u00f6","author_link":"https:\/\/blogit.gradia.fi\/psykaa\/author\/lauralaa\/"},"uagb_comment_info":0,"uagb_excerpt":"SOS. TEHT. 1 &#8211; 4 1.Millaisia odotuksia sukupuoliroolit asettavat tyt\u00f6ille ja pojille? Eli mit\u00e4 pit\u00e4isi tehd\u00e4 ja milloin? Onko se helpottavaa (jee, valmis malli toimia) vai ahdistavaa? Oletko itse toiminut niiden mukaan? &nbsp; 2.\u00a0 Miten uusien ryhmien(uusi luokka)\u00a0k\u00e4ynnistymist\u00e4 voisi helpottaa? Mik\u00e4 loisi aidosti ryhm\u00e4henke\u00e4 ja auttaisi tutustumaan? Anna vinkkej\u00e4, mit\u00e4 sin\u00e4 tekisit mielell\u00e4si ensimm\u00e4isin\u00e4 tutustumisp\u00e4ivin\u00e4?&hellip;","_links":{"self":[{"href":"https:\/\/blogit.gradia.fi\/psykaa\/wp-json\/wp\/v2\/pages\/193","targetHints":{"allow":["GET"]}}],"collection":[{"href":"https:\/\/blogit.gradia.fi\/psykaa\/wp-json\/wp\/v2\/pages"}],"about":[{"href":"https:\/\/blogit.gradia.fi\/psykaa\/wp-json\/wp\/v2\/types\/page"}],"author":[{"embeddable":true,"href":"https:\/\/blogit.gradia.fi\/psykaa\/wp-json\/wp\/v2\/users\/601"}],"replies":[{"embeddable":true,"href":"https:\/\/blogit.gradia.fi\/psykaa\/wp-json\/wp\/v2\/comments?post=193"}],"version-history":[{"count":0,"href":"https:\/\/blogit.gradia.fi\/psykaa\/wp-json\/wp\/v2\/pages\/193\/revisions"}],"wp:attachment":[{"href":"https:\/\/blogit.gradia.fi\/psykaa\/wp-json\/wp\/v2\/media?parent=193"}],"curies":[{"name":"wp","href":"https:\/\/api.w.org\/{rel}","templated":true}]}}