{"id":191,"date":"2016-09-04T15:13:07","date_gmt":"2016-09-04T12:13:07","guid":{"rendered":"https:\/\/blogit.gradia.fi\/psykaa\/?page_id=191"},"modified":"2016-09-18T16:00:42","modified_gmt":"2016-09-18T13:00:42","slug":"osion-tunt-tehtavat","status":"publish","type":"page","link":"https:\/\/blogit.gradia.fi\/psykaa\/osion-tunt-tehtavat\/","title":{"rendered":"Osion (Tunt.) teht\u00e4v\u00e4t"},"content":{"rendered":"<p>TUNT. TEHT. 1 &#8211; 4<\/p>\n<p>&nbsp;<\/p>\n<p>1.Mit\u00e4 on <a href=\"https:\/\/fi.wikipedia.org\/wiki\/Tunne%C3%A4ly\" target=\"_blank\">tunne\u00e4ly<\/a>, josta on paljon puhuttu viime aikoina. Miten se n\u00e4kyy ja mit\u00e4 hy\u00f6ty\u00e4 siit\u00e4 on?<\/p>\n<p>2. Tarkkaile omia tunteitasi yhden p\u00e4iv\u00e4n ajan. Millaisia tunteita koit? Kirjaa muistiin\u00a0ainakin viisi tunnetta ja tilannetta p\u00e4iv\u00e4n aikana. Jos et osaa nimet\u00e4 tuntemuksia, k\u00e4yt\u00e4 apunasi <a href=\"http:\/\/www.mielenterveysseura.fi\/fi\/mielenterveys\/itsetuntemus\/tunteet\" target=\"_blank\">Suomen mielenterveysseuran tunnekarttaa<\/a>. Huom! Voit lis\u00e4t\u00e4 t\u00e4m\u00e4n <a href=\"https:\/\/blogit.gradia.fi\/psykaa\/fiilispaivakirja\/\">fiilisp\u00e4iv\u00e4kirjaasi<\/a>, jos haluat<\/p>\n<p><em>Esim. Kuulin vanhemmiltani, ett\u00e4 voidaan l\u00e4hte\u00e4 reissuun syyslomalla. Olin innostunut. Soitin serkulleni, jonka kanssa l\u00e4hdet\u00e4\u00e4n ja ryhdyttiin suunnittelemaan.<\/em><\/p>\n<p>&nbsp;<\/p>\n<p>3. \u00a0Motiivikonfliktit<\/p>\n<p style=\"padding-left: 30px\">Millainen motiivikonflikti on seuraavissa tilanteissa? Miten ratkaiset asian?<\/p>\n<p style=\"padding-left: 30px\">a. Uusi poika- tai tytt\u00f6yst\u00e4v\u00e4si kutsuu sinut viikonloppureissuun, mutta samana viikonloppuna luokkakokous, jota olet odottanut puoli vuotta.<\/p>\n<p style=\"padding-left: 30px\">b. Odottamaasi luokkakokoukseen on tulossa my\u00f6s ex\u00e4si, jonka kanssa ette voi siet\u00e4\u00e4 toisianne ja odotettavissa on todenn\u00e4k\u00f6isesti jonkinlaista riitaa.<\/p>\n<p style=\"padding-left: 30px\">c. Haluaisit lopettaa vaikean seurustelusuhteesi, mutta sinua pelottaa j\u00e4\u00e4d\u00e4 yksin.<\/p>\n<p>4.\u00a0 Millaisia tavoitteita sinulla on a) t\u00e4ll\u00e4 viikolla b) t\u00e4ll\u00e4 lukukaudella c) parin vuoden sis\u00e4ll\u00e4? Kerro niist\u00e4. Ne voivat liitty\u00e4 opintoihin, ihmissuhteisiin tai ty\u00f6el\u00e4m\u00e4\u00e4n. Millaisia v\u00e4litavoitteita (pieni\u00e4 voittoja) olet asettanut lopputulokseen p\u00e4\u00e4semiseksi? Mik\u00e4 voi est\u00e4\u00e4 sinua saavuttamasta tavoitteitasi?<\/p>\n<p>&nbsp;<\/p>\n","protected":false},"excerpt":{"rendered":"<p>TUNT. TEHT. 1 &#8211; 4 &nbsp; 1.Mit\u00e4 on tunne\u00e4ly, josta on paljon puhuttu viime aikoina. Miten se n\u00e4kyy ja mit\u00e4 hy\u00f6ty\u00e4 siit\u00e4 on? 2. Tarkkaile omia tunteitasi yhden p\u00e4iv\u00e4n ajan. Millaisia tunteita koit? Kirjaa muistiin\u00a0ainakin viisi tunnetta ja tilannetta p\u00e4iv\u00e4n aikana. Jos et osaa nimet\u00e4 tuntemuksia, k\u00e4yt\u00e4 apunasi Suomen mielenterveysseuran tunnekarttaa. Huom! Voit lis\u00e4t\u00e4 t\u00e4m\u00e4n &hellip; <a href=\"https:\/\/blogit.gradia.fi\/psykaa\/osion-tunt-tehtavat\/\" class=\"more-link\">Jatka lukemista <span class=\"screen-reader-text\">Osion (Tunt.) teht\u00e4v\u00e4t<\/span> <span class=\"meta-nav\">&rarr;<\/span><\/a><\/p>\n","protected":false},"author":601,"featured_media":0,"parent":0,"menu_order":0,"comment_status":"closed","ping_status":"closed","template":"","meta":{"_uag_custom_page_level_css":"","footnotes":""},"class_list":["post-191","page","type-page","status-publish","hentry"],"yoast_head":"<!-- This site is optimized with the Yoast SEO plugin v27.2 - https:\/\/yoast.com\/product\/yoast-seo-wordpress\/ -->\n<title>Osion (Tunt.) teht\u00e4v\u00e4t - Psykaa<\/title>\n<meta name=\"robots\" content=\"index, follow, max-snippet:-1, max-image-preview:large, max-video-preview:-1\" \/>\n<link rel=\"canonical\" href=\"https:\/\/blogit.gradia.fi\/psykaa\/osion-tunt-tehtavat\/\" \/>\n<meta property=\"og:locale\" content=\"fi_FI\" \/>\n<meta property=\"og:type\" content=\"article\" \/>\n<meta property=\"og:title\" content=\"Osion (Tunt.) teht\u00e4v\u00e4t - Psykaa\" \/>\n<meta property=\"og:description\" content=\"TUNT. TEHT. 1 &#8211; 4 &nbsp; 1.Mit\u00e4 on tunne\u00e4ly, josta on paljon puhuttu viime aikoina. Miten se n\u00e4kyy ja mit\u00e4 hy\u00f6ty\u00e4 siit\u00e4 on? 2. Tarkkaile omia tunteitasi yhden p\u00e4iv\u00e4n ajan. Millaisia tunteita koit? Kirjaa muistiin\u00a0ainakin viisi tunnetta ja tilannetta p\u00e4iv\u00e4n aikana. Jos et osaa nimet\u00e4 tuntemuksia, k\u00e4yt\u00e4 apunasi Suomen mielenterveysseuran tunnekarttaa. Huom! Voit lis\u00e4t\u00e4 t\u00e4m\u00e4n &hellip; Jatka lukemista Osion (Tunt.) teht\u00e4v\u00e4t &rarr;\" \/>\n<meta property=\"og:url\" content=\"https:\/\/blogit.gradia.fi\/psykaa\/osion-tunt-tehtavat\/\" \/>\n<meta property=\"og:site_name\" content=\"Psykaa\" \/>\n<meta property=\"article:modified_time\" content=\"2016-09-18T13:00:42+00:00\" \/>\n<meta name=\"twitter:card\" content=\"summary_large_image\" \/>\n<meta name=\"twitter:label1\" content=\"Arvioitu lukuaika\" \/>\n\t<meta name=\"twitter:data1\" content=\"1 minuutti\" \/>\n<script type=\"application\/ld+json\" class=\"yoast-schema-graph\">{\"@context\":\"https:\/\/schema.org\",\"@graph\":[{\"@type\":\"WebPage\",\"@id\":\"https:\/\/blogit.gradia.fi\/psykaa\/osion-tunt-tehtavat\/\",\"url\":\"https:\/\/blogit.gradia.fi\/psykaa\/osion-tunt-tehtavat\/\",\"name\":\"Osion (Tunt.) teht\u00e4v\u00e4t - Psykaa\",\"isPartOf\":{\"@id\":\"https:\/\/blogit.gradia.fi\/psykaa\/#website\"},\"datePublished\":\"2016-09-04T12:13:07+00:00\",\"dateModified\":\"2016-09-18T13:00:42+00:00\",\"inLanguage\":\"fi\",\"potentialAction\":[{\"@type\":\"ReadAction\",\"target\":[\"https:\/\/blogit.gradia.fi\/psykaa\/osion-tunt-tehtavat\/\"]}]},{\"@type\":\"WebSite\",\"@id\":\"https:\/\/blogit.gradia.fi\/psykaa\/#website\",\"url\":\"https:\/\/blogit.gradia.fi\/psykaa\/\",\"name\":\"Psykaa\",\"description\":\"Uusi ao-blogit -sivusto\",\"potentialAction\":[{\"@type\":\"SearchAction\",\"target\":{\"@type\":\"EntryPoint\",\"urlTemplate\":\"https:\/\/blogit.gradia.fi\/psykaa\/?s={search_term_string}\"},\"query-input\":{\"@type\":\"PropertyValueSpecification\",\"valueRequired\":true,\"valueName\":\"search_term_string\"}}],\"inLanguage\":\"fi\"}]}<\/script>\n<!-- \/ Yoast SEO plugin. -->","yoast_head_json":{"title":"Osion (Tunt.) teht\u00e4v\u00e4t - Psykaa","robots":{"index":"index","follow":"follow","max-snippet":"max-snippet:-1","max-image-preview":"max-image-preview:large","max-video-preview":"max-video-preview:-1"},"canonical":"https:\/\/blogit.gradia.fi\/psykaa\/osion-tunt-tehtavat\/","og_locale":"fi_FI","og_type":"article","og_title":"Osion (Tunt.) teht\u00e4v\u00e4t - Psykaa","og_description":"TUNT. TEHT. 1 &#8211; 4 &nbsp; 1.Mit\u00e4 on tunne\u00e4ly, josta on paljon puhuttu viime aikoina. Miten se n\u00e4kyy ja mit\u00e4 hy\u00f6ty\u00e4 siit\u00e4 on? 2. Tarkkaile omia tunteitasi yhden p\u00e4iv\u00e4n ajan. Millaisia tunteita koit? Kirjaa muistiin\u00a0ainakin viisi tunnetta ja tilannetta p\u00e4iv\u00e4n aikana. Jos et osaa nimet\u00e4 tuntemuksia, k\u00e4yt\u00e4 apunasi Suomen mielenterveysseuran tunnekarttaa. Huom! Voit lis\u00e4t\u00e4 t\u00e4m\u00e4n &hellip; Jatka lukemista Osion (Tunt.) teht\u00e4v\u00e4t &rarr;","og_url":"https:\/\/blogit.gradia.fi\/psykaa\/osion-tunt-tehtavat\/","og_site_name":"Psykaa","article_modified_time":"2016-09-18T13:00:42+00:00","twitter_card":"summary_large_image","twitter_misc":{"Arvioitu lukuaika":"1 minuutti"},"schema":{"@context":"https:\/\/schema.org","@graph":[{"@type":"WebPage","@id":"https:\/\/blogit.gradia.fi\/psykaa\/osion-tunt-tehtavat\/","url":"https:\/\/blogit.gradia.fi\/psykaa\/osion-tunt-tehtavat\/","name":"Osion (Tunt.) teht\u00e4v\u00e4t - Psykaa","isPartOf":{"@id":"https:\/\/blogit.gradia.fi\/psykaa\/#website"},"datePublished":"2016-09-04T12:13:07+00:00","dateModified":"2016-09-18T13:00:42+00:00","inLanguage":"fi","potentialAction":[{"@type":"ReadAction","target":["https:\/\/blogit.gradia.fi\/psykaa\/osion-tunt-tehtavat\/"]}]},{"@type":"WebSite","@id":"https:\/\/blogit.gradia.fi\/psykaa\/#website","url":"https:\/\/blogit.gradia.fi\/psykaa\/","name":"Psykaa","description":"Uusi ao-blogit -sivusto","potentialAction":[{"@type":"SearchAction","target":{"@type":"EntryPoint","urlTemplate":"https:\/\/blogit.gradia.fi\/psykaa\/?s={search_term_string}"},"query-input":{"@type":"PropertyValueSpecification","valueRequired":true,"valueName":"search_term_string"}}],"inLanguage":"fi"}]}},"uagb_featured_image_src":{"full":false,"thumbnail":false,"medium":false,"medium_large":false,"large":false,"1536x1536":false,"2048x2048":false,"post-thumbnail":false},"uagb_author_info":{"display_name":"Laura Teri\u00f6","author_link":"https:\/\/blogit.gradia.fi\/psykaa\/author\/lauralaa\/"},"uagb_comment_info":0,"uagb_excerpt":"TUNT. TEHT. 1 &#8211; 4 &nbsp; 1.Mit\u00e4 on tunne\u00e4ly, josta on paljon puhuttu viime aikoina. Miten se n\u00e4kyy ja mit\u00e4 hy\u00f6ty\u00e4 siit\u00e4 on? 2. Tarkkaile omia tunteitasi yhden p\u00e4iv\u00e4n ajan. Millaisia tunteita koit? Kirjaa muistiin\u00a0ainakin viisi tunnetta ja tilannetta p\u00e4iv\u00e4n aikana. Jos et osaa nimet\u00e4 tuntemuksia, k\u00e4yt\u00e4 apunasi Suomen mielenterveysseuran tunnekarttaa. Huom! Voit lis\u00e4t\u00e4 t\u00e4m\u00e4n&hellip;","_links":{"self":[{"href":"https:\/\/blogit.gradia.fi\/psykaa\/wp-json\/wp\/v2\/pages\/191","targetHints":{"allow":["GET"]}}],"collection":[{"href":"https:\/\/blogit.gradia.fi\/psykaa\/wp-json\/wp\/v2\/pages"}],"about":[{"href":"https:\/\/blogit.gradia.fi\/psykaa\/wp-json\/wp\/v2\/types\/page"}],"author":[{"embeddable":true,"href":"https:\/\/blogit.gradia.fi\/psykaa\/wp-json\/wp\/v2\/users\/601"}],"replies":[{"embeddable":true,"href":"https:\/\/blogit.gradia.fi\/psykaa\/wp-json\/wp\/v2\/comments?post=191"}],"version-history":[{"count":0,"href":"https:\/\/blogit.gradia.fi\/psykaa\/wp-json\/wp\/v2\/pages\/191\/revisions"}],"wp:attachment":[{"href":"https:\/\/blogit.gradia.fi\/psykaa\/wp-json\/wp\/v2\/media?parent=191"}],"curies":[{"name":"wp","href":"https:\/\/api.w.org\/{rel}","templated":true}]}}