{"id":189,"date":"2016-09-04T15:12:28","date_gmt":"2016-09-04T12:12:28","guid":{"rendered":"https:\/\/blogit.gradia.fi\/psykaa\/?page_id=189"},"modified":"2020-03-16T14:26:48","modified_gmt":"2020-03-16T12:26:48","slug":"osion-pers-tehtavat","status":"publish","type":"page","link":"https:\/\/blogit.gradia.fi\/psykaa\/osion-pers-tehtavat\/","title":{"rendered":"Osion (Pers.) teht\u00e4v\u00e4t"},"content":{"rendered":"<p>PERS. TEHT. 1 &#8211; 4<\/p>\n<ol>\n<li>Julkkishaastattelu<\/li>\n<\/ol>\n<p>Median antama kuva julkisuuden henkil\u00f6ist\u00e4 ei aina v\u00e4ltt\u00e4m\u00e4tt\u00e4 miellyt\u00e4 heit\u00e4 itse\u00e4\u00e4n. <a href=\"https:\/\/jaofi-my.sharepoint.com\/personal\/lauralaa_gradia_fi\/_layouts\/15\/guestaccess.aspx?docid=055822fec42e94184bcfd952b518eec2b&amp;authkey=AdG-9_OBOokM7WaEDi2kzDo&amp;expiration=2020-01-16T10%3a59%3a38.000Z\" target=\"_blank\" rel=\"noopener noreferrer\">Julkkishaastatteluissa<\/a> tai lehtien henkil\u00f6kuvissa he voivat yritt\u00e4\u00e4 antaa sellaisen kuvan itsest\u00e4\u00e4n kuin itse haluavat. Miten sin\u00e4 vastaisit seuraaviin kysymyksiin.<\/p>\n<p>Keksi oma otsikko haastattelullesi<\/p>\n<p>_______________________________________________________<\/p>\n<p>Juuri nyt&#8230;<br \/>\nMinua \u00e4rsytt\u00e4\u00e4\u2026<br \/>\nMinun pit\u00e4isi\u2026<br \/>\nTuhlaan\u2026<br \/>\nHoidan ihmissuhteitani\u2026<br \/>\nYst\u00e4vi\u00e4ni tapaan\u2026<br \/>\nRentoudun\u2026<br \/>\nNautin niist\u00e4 hetkist\u00e4\u2026<br \/>\nPerhett\u00e4ni tapaan\u2026<br \/>\nSy\u00f6n\u2026<br \/>\nHoidan terveytt\u00e4ni\u2026<br \/>\nSomessa roikun\u2026<br \/>\nYrit\u00e4n lukea\u2026<\/p>\n<p>2. Mit\u00e4 <a href=\"https:\/\/jaofi-my.sharepoint.com\/:w:\/g\/personal\/lauralaa_gradia_fi\/EXBRpnInjBFLoy8k7wdEBPMBtXz2ba2BIZcm3WvWCWaAQA?e=IbvDU3\" target=\"_blank\" rel=\"noopener noreferrer\">kuvissa<\/a> on tapahtunut, tapahtuu ja tulee tapahtumaan. Kerro oma n\u00e4kemyksesi muutamalla virkkeell\u00e4.<\/p>\n<p>3. Millaisia ihmisi\u00e4 ihailet? Millaisia persoonallisuuden piirteit\u00e4 haluaisit itsell\u00e4si olevan? Millainen ihminen sopii sinun tulevaan ammattiisi, onko oma\u00a0persoonasi mielest\u00e4si ammattiisi sopiva? Milt\u00e4 osin on ja ei?<\/p>\n<p>4.\u00a0Tee osiosta\u00a0The Big Five persoonallisuustesti ja kirjoita koonti omasta persoonallisuudestasi t\u00e4m\u00e4n testin perusteella. Yll\u00e4ttik\u00f6 jokin kohta?<\/p>\n","protected":false},"excerpt":{"rendered":"<p>PERS. TEHT. 1 &#8211; 4 Julkkishaastattelu Median antama kuva julkisuuden henkil\u00f6ist\u00e4 ei aina v\u00e4ltt\u00e4m\u00e4tt\u00e4 miellyt\u00e4 heit\u00e4 itse\u00e4\u00e4n. Julkkishaastatteluissa tai lehtien henkil\u00f6kuvissa he voivat yritt\u00e4\u00e4 antaa sellaisen kuvan itsest\u00e4\u00e4n kuin itse haluavat. Miten sin\u00e4 vastaisit seuraaviin kysymyksiin. Keksi oma otsikko haastattelullesi _______________________________________________________ Juuri nyt&#8230; Minua \u00e4rsytt\u00e4\u00e4\u2026 Minun pit\u00e4isi\u2026 Tuhlaan\u2026 Hoidan ihmissuhteitani\u2026 Yst\u00e4vi\u00e4ni tapaan\u2026 Rentoudun\u2026 Nautin niist\u00e4 &hellip; <a href=\"https:\/\/blogit.gradia.fi\/psykaa\/osion-pers-tehtavat\/\" class=\"more-link\">Jatka lukemista <span class=\"screen-reader-text\">Osion (Pers.) teht\u00e4v\u00e4t<\/span> <span class=\"meta-nav\">&rarr;<\/span><\/a><\/p>\n","protected":false},"author":601,"featured_media":0,"parent":0,"menu_order":0,"comment_status":"closed","ping_status":"closed","template":"","meta":{"_uag_custom_page_level_css":"","footnotes":""},"class_list":["post-189","page","type-page","status-publish","hentry"],"yoast_head":"<!-- This site is optimized with the Yoast SEO plugin v27.2 - https:\/\/yoast.com\/product\/yoast-seo-wordpress\/ -->\n<title>Osion (Pers.) teht\u00e4v\u00e4t - Psykaa<\/title>\n<meta name=\"robots\" content=\"index, follow, max-snippet:-1, max-image-preview:large, max-video-preview:-1\" \/>\n<link rel=\"canonical\" href=\"https:\/\/blogit.gradia.fi\/psykaa\/osion-pers-tehtavat\/\" \/>\n<meta property=\"og:locale\" content=\"fi_FI\" \/>\n<meta property=\"og:type\" content=\"article\" \/>\n<meta property=\"og:title\" content=\"Osion (Pers.) teht\u00e4v\u00e4t - Psykaa\" \/>\n<meta property=\"og:description\" content=\"PERS. TEHT. 1 &#8211; 4 Julkkishaastattelu Median antama kuva julkisuuden henkil\u00f6ist\u00e4 ei aina v\u00e4ltt\u00e4m\u00e4tt\u00e4 miellyt\u00e4 heit\u00e4 itse\u00e4\u00e4n. Julkkishaastatteluissa tai lehtien henkil\u00f6kuvissa he voivat yritt\u00e4\u00e4 antaa sellaisen kuvan itsest\u00e4\u00e4n kuin itse haluavat. Miten sin\u00e4 vastaisit seuraaviin kysymyksiin. Keksi oma otsikko haastattelullesi _______________________________________________________ Juuri nyt&#8230; Minua \u00e4rsytt\u00e4\u00e4\u2026 Minun pit\u00e4isi\u2026 Tuhlaan\u2026 Hoidan ihmissuhteitani\u2026 Yst\u00e4vi\u00e4ni tapaan\u2026 Rentoudun\u2026 Nautin niist\u00e4 &hellip; Jatka lukemista Osion (Pers.) teht\u00e4v\u00e4t &rarr;\" \/>\n<meta property=\"og:url\" content=\"https:\/\/blogit.gradia.fi\/psykaa\/osion-pers-tehtavat\/\" \/>\n<meta property=\"og:site_name\" content=\"Psykaa\" \/>\n<meta property=\"article:modified_time\" content=\"2020-03-16T12:26:48+00:00\" \/>\n<meta name=\"twitter:card\" content=\"summary_large_image\" \/>\n<meta name=\"twitter:label1\" content=\"Arvioitu lukuaika\" \/>\n\t<meta name=\"twitter:data1\" content=\"1 minuutti\" \/>\n<script type=\"application\/ld+json\" class=\"yoast-schema-graph\">{\"@context\":\"https:\/\/schema.org\",\"@graph\":[{\"@type\":\"WebPage\",\"@id\":\"https:\/\/blogit.gradia.fi\/psykaa\/osion-pers-tehtavat\/\",\"url\":\"https:\/\/blogit.gradia.fi\/psykaa\/osion-pers-tehtavat\/\",\"name\":\"Osion (Pers.) teht\u00e4v\u00e4t - Psykaa\",\"isPartOf\":{\"@id\":\"https:\/\/blogit.gradia.fi\/psykaa\/#website\"},\"datePublished\":\"2016-09-04T12:12:28+00:00\",\"dateModified\":\"2020-03-16T12:26:48+00:00\",\"inLanguage\":\"fi\",\"potentialAction\":[{\"@type\":\"ReadAction\",\"target\":[\"https:\/\/blogit.gradia.fi\/psykaa\/osion-pers-tehtavat\/\"]}]},{\"@type\":\"WebSite\",\"@id\":\"https:\/\/blogit.gradia.fi\/psykaa\/#website\",\"url\":\"https:\/\/blogit.gradia.fi\/psykaa\/\",\"name\":\"Psykaa\",\"description\":\"Uusi ao-blogit -sivusto\",\"potentialAction\":[{\"@type\":\"SearchAction\",\"target\":{\"@type\":\"EntryPoint\",\"urlTemplate\":\"https:\/\/blogit.gradia.fi\/psykaa\/?s={search_term_string}\"},\"query-input\":{\"@type\":\"PropertyValueSpecification\",\"valueRequired\":true,\"valueName\":\"search_term_string\"}}],\"inLanguage\":\"fi\"}]}<\/script>\n<!-- \/ Yoast SEO plugin. -->","yoast_head_json":{"title":"Osion (Pers.) teht\u00e4v\u00e4t - Psykaa","robots":{"index":"index","follow":"follow","max-snippet":"max-snippet:-1","max-image-preview":"max-image-preview:large","max-video-preview":"max-video-preview:-1"},"canonical":"https:\/\/blogit.gradia.fi\/psykaa\/osion-pers-tehtavat\/","og_locale":"fi_FI","og_type":"article","og_title":"Osion (Pers.) teht\u00e4v\u00e4t - Psykaa","og_description":"PERS. TEHT. 1 &#8211; 4 Julkkishaastattelu Median antama kuva julkisuuden henkil\u00f6ist\u00e4 ei aina v\u00e4ltt\u00e4m\u00e4tt\u00e4 miellyt\u00e4 heit\u00e4 itse\u00e4\u00e4n. Julkkishaastatteluissa tai lehtien henkil\u00f6kuvissa he voivat yritt\u00e4\u00e4 antaa sellaisen kuvan itsest\u00e4\u00e4n kuin itse haluavat. Miten sin\u00e4 vastaisit seuraaviin kysymyksiin. Keksi oma otsikko haastattelullesi _______________________________________________________ Juuri nyt&#8230; Minua \u00e4rsytt\u00e4\u00e4\u2026 Minun pit\u00e4isi\u2026 Tuhlaan\u2026 Hoidan ihmissuhteitani\u2026 Yst\u00e4vi\u00e4ni tapaan\u2026 Rentoudun\u2026 Nautin niist\u00e4 &hellip; Jatka lukemista Osion (Pers.) teht\u00e4v\u00e4t &rarr;","og_url":"https:\/\/blogit.gradia.fi\/psykaa\/osion-pers-tehtavat\/","og_site_name":"Psykaa","article_modified_time":"2020-03-16T12:26:48+00:00","twitter_card":"summary_large_image","twitter_misc":{"Arvioitu lukuaika":"1 minuutti"},"schema":{"@context":"https:\/\/schema.org","@graph":[{"@type":"WebPage","@id":"https:\/\/blogit.gradia.fi\/psykaa\/osion-pers-tehtavat\/","url":"https:\/\/blogit.gradia.fi\/psykaa\/osion-pers-tehtavat\/","name":"Osion (Pers.) teht\u00e4v\u00e4t - Psykaa","isPartOf":{"@id":"https:\/\/blogit.gradia.fi\/psykaa\/#website"},"datePublished":"2016-09-04T12:12:28+00:00","dateModified":"2020-03-16T12:26:48+00:00","inLanguage":"fi","potentialAction":[{"@type":"ReadAction","target":["https:\/\/blogit.gradia.fi\/psykaa\/osion-pers-tehtavat\/"]}]},{"@type":"WebSite","@id":"https:\/\/blogit.gradia.fi\/psykaa\/#website","url":"https:\/\/blogit.gradia.fi\/psykaa\/","name":"Psykaa","description":"Uusi ao-blogit -sivusto","potentialAction":[{"@type":"SearchAction","target":{"@type":"EntryPoint","urlTemplate":"https:\/\/blogit.gradia.fi\/psykaa\/?s={search_term_string}"},"query-input":{"@type":"PropertyValueSpecification","valueRequired":true,"valueName":"search_term_string"}}],"inLanguage":"fi"}]}},"uagb_featured_image_src":{"full":false,"thumbnail":false,"medium":false,"medium_large":false,"large":false,"1536x1536":false,"2048x2048":false,"post-thumbnail":false},"uagb_author_info":{"display_name":"Laura Teri\u00f6","author_link":"https:\/\/blogit.gradia.fi\/psykaa\/author\/lauralaa\/"},"uagb_comment_info":0,"uagb_excerpt":"PERS. TEHT. 1 &#8211; 4 Julkkishaastattelu Median antama kuva julkisuuden henkil\u00f6ist\u00e4 ei aina v\u00e4ltt\u00e4m\u00e4tt\u00e4 miellyt\u00e4 heit\u00e4 itse\u00e4\u00e4n. Julkkishaastatteluissa tai lehtien henkil\u00f6kuvissa he voivat yritt\u00e4\u00e4 antaa sellaisen kuvan itsest\u00e4\u00e4n kuin itse haluavat. Miten sin\u00e4 vastaisit seuraaviin kysymyksiin. Keksi oma otsikko haastattelullesi _______________________________________________________ Juuri nyt&#8230; Minua \u00e4rsytt\u00e4\u00e4\u2026 Minun pit\u00e4isi\u2026 Tuhlaan\u2026 Hoidan ihmissuhteitani\u2026 Yst\u00e4vi\u00e4ni tapaan\u2026 Rentoudun\u2026 Nautin niist\u00e4&hellip;","_links":{"self":[{"href":"https:\/\/blogit.gradia.fi\/psykaa\/wp-json\/wp\/v2\/pages\/189","targetHints":{"allow":["GET"]}}],"collection":[{"href":"https:\/\/blogit.gradia.fi\/psykaa\/wp-json\/wp\/v2\/pages"}],"about":[{"href":"https:\/\/blogit.gradia.fi\/psykaa\/wp-json\/wp\/v2\/types\/page"}],"author":[{"embeddable":true,"href":"https:\/\/blogit.gradia.fi\/psykaa\/wp-json\/wp\/v2\/users\/601"}],"replies":[{"embeddable":true,"href":"https:\/\/blogit.gradia.fi\/psykaa\/wp-json\/wp\/v2\/comments?post=189"}],"version-history":[{"count":2,"href":"https:\/\/blogit.gradia.fi\/psykaa\/wp-json\/wp\/v2\/pages\/189\/revisions"}],"predecessor-version":[{"id":414,"href":"https:\/\/blogit.gradia.fi\/psykaa\/wp-json\/wp\/v2\/pages\/189\/revisions\/414"}],"wp:attachment":[{"href":"https:\/\/blogit.gradia.fi\/psykaa\/wp-json\/wp\/v2\/media?parent=189"}],"curies":[{"name":"wp","href":"https:\/\/api.w.org\/{rel}","templated":true}]}}