{"id":146,"date":"2016-09-04T12:59:04","date_gmt":"2016-09-04T09:59:04","guid":{"rendered":"https:\/\/blogit.gradia.fi\/psykaa\/?page_id=146"},"modified":"2017-11-13T19:05:53","modified_gmt":"2017-11-13T17:05:53","slug":"mielenterveyden-hairiot-tutkielma","status":"publish","type":"page","link":"https:\/\/blogit.gradia.fi\/psykaa\/mielenterveyden-hairiot-tutkielma\/","title":{"rendered":"Mielenterveyden h\u00e4iri\u00f6t -tutkielma"},"content":{"rendered":"<p><b>OT3 &#8211; Tutkielma<\/b><\/p>\n<p>Valitse alinna olevasta listasta itse\u00e4si eniten kiinnostava mielenterveyden h\u00e4iri\u00f6 ja selvit\u00e4 perustiedot siit\u00e4.\u00a0 Etsi vastaukset ainakin seuraaviin kysymyksiin.<\/p>\n<p>\u2022 Mit\u00e4 oireita h\u00e4iri\u00f6\u00f6n liittyy? Miten oireet k\u00e4yt\u00e4nn\u00f6ss\u00e4 ilmenev\u00e4t? Kerro paljon konkreettisia esimerkkej\u00e4, esim. miten n\u00e4kyisi t\u00e4\u00e4ll\u00e4 koulussa.<br \/>\n\u2022 Miten yleisest\u00e4 ilmi\u00f6st\u00e4 on kyse Suomessa ja koko maailmassa (esim. prosentteina v\u00e4est\u00f6st\u00e4 tms.)? Onko jossakin p\u00e4in maailmaa enemm\u00e4n? Mink\u00e4 ik\u00e4isill\u00e4, onko sukupuolieroja?<br \/>\n\u2022 Miten h\u00e4iri\u00f6 todetaan (diagnosoidaan)? Onko diagnosointi vaikeaa?<br \/>\n\u2022 Mist\u00e4 h\u00e4iri\u00f6 johtuu, mik\u00e4 sille altistaa? Voiko kuka tahansa sairastua?<br \/>\n\u2022 Miten sit\u00e4 hoidetaan ja mist\u00e4 apua on k\u00e4yt\u00e4nn\u00f6ss\u00e4 saatavissa? Voiko parantua omina avuin?<br \/>\n\u2022 Miten hyvin siit\u00e4 toipuu? Voiko parantua kokonaan?<\/p>\n<p><b>AIHEET<\/b><\/p>\n<p>Masennus<br \/>\nKaksisuuntainen mielialah\u00e4iri\u00f6<br \/>\nPersoonallisuush\u00e4iri\u00f6t (esim. narsismi)<br \/>\nAhdistuneisuus (yleinen ahdistuneisuus)<br \/>\nPaniikkih\u00e4iri\u00f6<br \/>\nPakko-oireinen h\u00e4iri\u00f6<br \/>\nFobiat (m\u00e4\u00e4r\u00e4kohtaiset pelot, yleisesti ja tarkemmin muutamasta valitsemastanne fobiasta)<br \/>\nSosiaalisten tilanteiden pelko<br \/>\nPsykoosit ja skitsofrenia<br \/>\nRiippuvuusongelmat (voi my\u00f6s keskitty\u00e4 johonkin n\u00e4ist\u00e4: alkoholi-, l\u00e4\u00e4ke-, internet- tai peliriippuvuus)<br \/>\nSy\u00f6mish\u00e4iri\u00f6t (yleisesti kaikista tai keskittyen johonkin n\u00e4ist\u00e4: anoreksia, bulimia, ortoreksia, ahmimish\u00e4iri\u00f6)<\/p>\n<p>L\u00c4HTEIT\u00c4<\/p>\n<ul>\n<li><a href=\"http:\/\/www.mielenterveysseura.fi\/fi\/tarinat\">http:\/\/www.mielenterveysseura.fi\/fi\/tarinat<\/a><\/li>\n<li><a href=\"http:\/\/www.terveyskirjasto.fi\/terveyskirjasto\/tk.koti\">http:\/\/www.terveyskirjasto.fi\/terveyskirjasto\/tk.koti<\/a><\/li>\n<li><a href=\"http:\/\/www.masennussattuu.fi\/\">www.masennussattuu.fi<\/a><\/li>\n<li><a href=\"http:\/\/oivamieli.fi\/dashboard.php\">http:\/\/oivamieli.fi\/dashboard.php<\/a> (harjoituksia)<\/li>\n<li><a href=\"http:\/\/www.paihdelinkki.fi\/\">http:\/\/www.paihdelinkki.fi\/<\/a><\/li>\n<\/ul>\n","protected":false},"excerpt":{"rendered":"<p>OT3 &#8211; Tutkielma Valitse alinna olevasta listasta itse\u00e4si eniten kiinnostava mielenterveyden h\u00e4iri\u00f6 ja selvit\u00e4 perustiedot siit\u00e4.\u00a0 Etsi vastaukset ainakin seuraaviin kysymyksiin. \u2022 Mit\u00e4 oireita h\u00e4iri\u00f6\u00f6n liittyy? Miten oireet k\u00e4yt\u00e4nn\u00f6ss\u00e4 ilmenev\u00e4t? Kerro paljon konkreettisia esimerkkej\u00e4, esim. miten n\u00e4kyisi t\u00e4\u00e4ll\u00e4 koulussa. \u2022 Miten yleisest\u00e4 ilmi\u00f6st\u00e4 on kyse Suomessa ja koko maailmassa (esim. prosentteina v\u00e4est\u00f6st\u00e4 tms.)? Onko jossakin &hellip; <a href=\"https:\/\/blogit.gradia.fi\/psykaa\/mielenterveyden-hairiot-tutkielma\/\" class=\"more-link\">Jatka lukemista <span class=\"screen-reader-text\">Mielenterveyden h\u00e4iri\u00f6t -tutkielma<\/span> <span class=\"meta-nav\">&rarr;<\/span><\/a><\/p>\n","protected":false},"author":601,"featured_media":0,"parent":0,"menu_order":0,"comment_status":"closed","ping_status":"closed","template":"","meta":{"_uag_custom_page_level_css":"","footnotes":""},"class_list":["post-146","page","type-page","status-publish","hentry"],"yoast_head":"<!-- This site is optimized with the Yoast SEO plugin v27.2 - https:\/\/yoast.com\/product\/yoast-seo-wordpress\/ -->\n<title>Mielenterveyden h\u00e4iri\u00f6t -tutkielma - Psykaa<\/title>\n<meta name=\"robots\" content=\"index, follow, max-snippet:-1, max-image-preview:large, max-video-preview:-1\" \/>\n<link rel=\"canonical\" href=\"https:\/\/blogit.gradia.fi\/psykaa\/mielenterveyden-hairiot-tutkielma\/\" \/>\n<meta property=\"og:locale\" content=\"fi_FI\" \/>\n<meta property=\"og:type\" content=\"article\" \/>\n<meta property=\"og:title\" content=\"Mielenterveyden h\u00e4iri\u00f6t -tutkielma - Psykaa\" \/>\n<meta property=\"og:description\" content=\"OT3 &#8211; Tutkielma Valitse alinna olevasta listasta itse\u00e4si eniten kiinnostava mielenterveyden h\u00e4iri\u00f6 ja selvit\u00e4 perustiedot siit\u00e4.\u00a0 Etsi vastaukset ainakin seuraaviin kysymyksiin. \u2022 Mit\u00e4 oireita h\u00e4iri\u00f6\u00f6n liittyy? Miten oireet k\u00e4yt\u00e4nn\u00f6ss\u00e4 ilmenev\u00e4t? Kerro paljon konkreettisia esimerkkej\u00e4, esim. miten n\u00e4kyisi t\u00e4\u00e4ll\u00e4 koulussa. \u2022 Miten yleisest\u00e4 ilmi\u00f6st\u00e4 on kyse Suomessa ja koko maailmassa (esim. prosentteina v\u00e4est\u00f6st\u00e4 tms.)? Onko jossakin &hellip; Jatka lukemista Mielenterveyden h\u00e4iri\u00f6t -tutkielma &rarr;\" \/>\n<meta property=\"og:url\" content=\"https:\/\/blogit.gradia.fi\/psykaa\/mielenterveyden-hairiot-tutkielma\/\" \/>\n<meta property=\"og:site_name\" content=\"Psykaa\" \/>\n<meta property=\"article:modified_time\" content=\"2017-11-13T17:05:53+00:00\" \/>\n<meta name=\"twitter:card\" content=\"summary_large_image\" \/>\n<meta name=\"twitter:label1\" content=\"Arvioitu lukuaika\" \/>\n\t<meta name=\"twitter:data1\" content=\"1 minuutti\" \/>\n<script type=\"application\/ld+json\" class=\"yoast-schema-graph\">{\"@context\":\"https:\/\/schema.org\",\"@graph\":[{\"@type\":\"WebPage\",\"@id\":\"https:\/\/blogit.gradia.fi\/psykaa\/mielenterveyden-hairiot-tutkielma\/\",\"url\":\"https:\/\/blogit.gradia.fi\/psykaa\/mielenterveyden-hairiot-tutkielma\/\",\"name\":\"Mielenterveyden h\u00e4iri\u00f6t -tutkielma - Psykaa\",\"isPartOf\":{\"@id\":\"https:\/\/blogit.gradia.fi\/psykaa\/#website\"},\"datePublished\":\"2016-09-04T09:59:04+00:00\",\"dateModified\":\"2017-11-13T17:05:53+00:00\",\"inLanguage\":\"fi\",\"potentialAction\":[{\"@type\":\"ReadAction\",\"target\":[\"https:\/\/blogit.gradia.fi\/psykaa\/mielenterveyden-hairiot-tutkielma\/\"]}]},{\"@type\":\"WebSite\",\"@id\":\"https:\/\/blogit.gradia.fi\/psykaa\/#website\",\"url\":\"https:\/\/blogit.gradia.fi\/psykaa\/\",\"name\":\"Psykaa\",\"description\":\"Uusi ao-blogit -sivusto\",\"potentialAction\":[{\"@type\":\"SearchAction\",\"target\":{\"@type\":\"EntryPoint\",\"urlTemplate\":\"https:\/\/blogit.gradia.fi\/psykaa\/?s={search_term_string}\"},\"query-input\":{\"@type\":\"PropertyValueSpecification\",\"valueRequired\":true,\"valueName\":\"search_term_string\"}}],\"inLanguage\":\"fi\"}]}<\/script>\n<!-- \/ Yoast SEO plugin. -->","yoast_head_json":{"title":"Mielenterveyden h\u00e4iri\u00f6t -tutkielma - Psykaa","robots":{"index":"index","follow":"follow","max-snippet":"max-snippet:-1","max-image-preview":"max-image-preview:large","max-video-preview":"max-video-preview:-1"},"canonical":"https:\/\/blogit.gradia.fi\/psykaa\/mielenterveyden-hairiot-tutkielma\/","og_locale":"fi_FI","og_type":"article","og_title":"Mielenterveyden h\u00e4iri\u00f6t -tutkielma - Psykaa","og_description":"OT3 &#8211; Tutkielma Valitse alinna olevasta listasta itse\u00e4si eniten kiinnostava mielenterveyden h\u00e4iri\u00f6 ja selvit\u00e4 perustiedot siit\u00e4.\u00a0 Etsi vastaukset ainakin seuraaviin kysymyksiin. \u2022 Mit\u00e4 oireita h\u00e4iri\u00f6\u00f6n liittyy? Miten oireet k\u00e4yt\u00e4nn\u00f6ss\u00e4 ilmenev\u00e4t? Kerro paljon konkreettisia esimerkkej\u00e4, esim. miten n\u00e4kyisi t\u00e4\u00e4ll\u00e4 koulussa. \u2022 Miten yleisest\u00e4 ilmi\u00f6st\u00e4 on kyse Suomessa ja koko maailmassa (esim. prosentteina v\u00e4est\u00f6st\u00e4 tms.)? Onko jossakin &hellip; Jatka lukemista Mielenterveyden h\u00e4iri\u00f6t -tutkielma &rarr;","og_url":"https:\/\/blogit.gradia.fi\/psykaa\/mielenterveyden-hairiot-tutkielma\/","og_site_name":"Psykaa","article_modified_time":"2017-11-13T17:05:53+00:00","twitter_card":"summary_large_image","twitter_misc":{"Arvioitu lukuaika":"1 minuutti"},"schema":{"@context":"https:\/\/schema.org","@graph":[{"@type":"WebPage","@id":"https:\/\/blogit.gradia.fi\/psykaa\/mielenterveyden-hairiot-tutkielma\/","url":"https:\/\/blogit.gradia.fi\/psykaa\/mielenterveyden-hairiot-tutkielma\/","name":"Mielenterveyden h\u00e4iri\u00f6t -tutkielma - Psykaa","isPartOf":{"@id":"https:\/\/blogit.gradia.fi\/psykaa\/#website"},"datePublished":"2016-09-04T09:59:04+00:00","dateModified":"2017-11-13T17:05:53+00:00","inLanguage":"fi","potentialAction":[{"@type":"ReadAction","target":["https:\/\/blogit.gradia.fi\/psykaa\/mielenterveyden-hairiot-tutkielma\/"]}]},{"@type":"WebSite","@id":"https:\/\/blogit.gradia.fi\/psykaa\/#website","url":"https:\/\/blogit.gradia.fi\/psykaa\/","name":"Psykaa","description":"Uusi ao-blogit -sivusto","potentialAction":[{"@type":"SearchAction","target":{"@type":"EntryPoint","urlTemplate":"https:\/\/blogit.gradia.fi\/psykaa\/?s={search_term_string}"},"query-input":{"@type":"PropertyValueSpecification","valueRequired":true,"valueName":"search_term_string"}}],"inLanguage":"fi"}]}},"uagb_featured_image_src":{"full":false,"thumbnail":false,"medium":false,"medium_large":false,"large":false,"1536x1536":false,"2048x2048":false,"post-thumbnail":false},"uagb_author_info":{"display_name":"Laura Teri\u00f6","author_link":"https:\/\/blogit.gradia.fi\/psykaa\/author\/lauralaa\/"},"uagb_comment_info":0,"uagb_excerpt":"OT3 &#8211; Tutkielma Valitse alinna olevasta listasta itse\u00e4si eniten kiinnostava mielenterveyden h\u00e4iri\u00f6 ja selvit\u00e4 perustiedot siit\u00e4.\u00a0 Etsi vastaukset ainakin seuraaviin kysymyksiin. \u2022 Mit\u00e4 oireita h\u00e4iri\u00f6\u00f6n liittyy? Miten oireet k\u00e4yt\u00e4nn\u00f6ss\u00e4 ilmenev\u00e4t? Kerro paljon konkreettisia esimerkkej\u00e4, esim. miten n\u00e4kyisi t\u00e4\u00e4ll\u00e4 koulussa. \u2022 Miten yleisest\u00e4 ilmi\u00f6st\u00e4 on kyse Suomessa ja koko maailmassa (esim. prosentteina v\u00e4est\u00f6st\u00e4 tms.)? Onko jossakin&hellip;","_links":{"self":[{"href":"https:\/\/blogit.gradia.fi\/psykaa\/wp-json\/wp\/v2\/pages\/146","targetHints":{"allow":["GET"]}}],"collection":[{"href":"https:\/\/blogit.gradia.fi\/psykaa\/wp-json\/wp\/v2\/pages"}],"about":[{"href":"https:\/\/blogit.gradia.fi\/psykaa\/wp-json\/wp\/v2\/types\/page"}],"author":[{"embeddable":true,"href":"https:\/\/blogit.gradia.fi\/psykaa\/wp-json\/wp\/v2\/users\/601"}],"replies":[{"embeddable":true,"href":"https:\/\/blogit.gradia.fi\/psykaa\/wp-json\/wp\/v2\/comments?post=146"}],"version-history":[{"count":0,"href":"https:\/\/blogit.gradia.fi\/psykaa\/wp-json\/wp\/v2\/pages\/146\/revisions"}],"wp:attachment":[{"href":"https:\/\/blogit.gradia.fi\/psykaa\/wp-json\/wp\/v2\/media?parent=146"}],"curies":[{"name":"wp","href":"https:\/\/api.w.org\/{rel}","templated":true}]}}