{"id":144,"date":"2016-09-04T12:57:56","date_gmt":"2016-09-04T09:57:56","guid":{"rendered":"https:\/\/blogit.gradia.fi\/psykaa\/?page_id=144"},"modified":"2017-10-31T10:36:18","modified_gmt":"2017-10-31T08:36:18","slug":"haastattelu","status":"publish","type":"page","link":"https:\/\/blogit.gradia.fi\/psykaa\/haastattelu\/","title":{"rendered":"Haastattelu"},"content":{"rendered":"<p><strong>OT2 &#8211; Haastattelu <span style=\"color: #00ff00\">(T\u00e4m\u00e4 teht\u00e4v\u00e4 vain jos suoritat 4 osaamispisteen kokonaisuutta.)<\/span><\/strong><\/p>\n<p><strong>Ik\u00e4ihmisen juttusille! <\/strong><\/p>\n<p>Haastattele jotakuta ik\u00e4\u00e4ntynytt\u00e4 henkil\u00f6\u00e4 (n. 65 v. -&gt;). Voit valita isovanhempasi, naapurin, tuttavan, sukulaisen tai ihan kenet tahansa joka t\u00e4ytt\u00e4\u00e4 ik\u00e4kriteerin. Teht\u00e4v\u00e4n pituus n. 2 sivua.<\/p>\n<p>Osa 1<\/p>\n<p>Haastattele (tai keskustele) seuraavista teemoista: Millaista oli henkil\u00f6n koulunk\u00e4ynti, lapsuuden ja nuoruuden vapaa-ajan vietto, ammatinvalinta (kuka p\u00e4\u00e4tti), seurusteleminen ja naimisiinmeno (mik\u00e4 oli tavallista, sallittua, mik\u00e4 kielletty\u00e4 ja ei-sopivaa, vertaile omaan el\u00e4m\u00e4\u00e4si ja nyky-yhteiskuntaan).<\/p>\n<p>Mik\u00e4 on parasta ja pahinta vanhenemisessa, miten ajan kuluminen n\u00e4kyy omassa toiminnassa, fysiikassa (liikunta, asioiden hoitaminen, terveys), sosiaalisissa suhteissa (yst\u00e4v\u00e4t, tuttavien tapaaminen), milloin on paras aika el\u00e4m\u00e4ss\u00e4?<\/p>\n<p>Kirjoita sivun kooste (koneella kirjoitettuna) saamistasi tiedoista. Kerro ensin hiukan pohjatietoja. Ik\u00e4, miss\u00e4 asuu, perhesuhteet jne. Jos jokin teema korostui, voit kertoa siit\u00e4 eniten ja j\u00e4tt\u00e4\u00e4 muut v\u00e4hemm\u00e4lle.<\/p>\n<p>Osa 2<\/p>\n<p>Usein puhutaan kyps\u00e4st\u00e4 tai aikuismaisesta ajattelusta, postformaalista ajattelusta. Kerro, mit\u00e4 se sinun mielest\u00e4si on ja etsi my\u00f6s tietoa aiheesta. Miten t\u00e4m\u00e4nkaltainen ajattelu n\u00e4kyi haastateltavassasi vai n\u00e4kyik\u00f6?\u00a0 Eroaako se omasta tavastasi ajatella?<\/p>\n","protected":false},"excerpt":{"rendered":"<p>OT2 &#8211; Haastattelu (T\u00e4m\u00e4 teht\u00e4v\u00e4 vain jos suoritat 4 osaamispisteen kokonaisuutta.) Ik\u00e4ihmisen juttusille! Haastattele jotakuta ik\u00e4\u00e4ntynytt\u00e4 henkil\u00f6\u00e4 (n. 65 v. -&gt;). Voit valita isovanhempasi, naapurin, tuttavan, sukulaisen tai ihan kenet tahansa joka t\u00e4ytt\u00e4\u00e4 ik\u00e4kriteerin. Teht\u00e4v\u00e4n pituus n. 2 sivua. Osa 1 Haastattele (tai keskustele) seuraavista teemoista: Millaista oli henkil\u00f6n koulunk\u00e4ynti, lapsuuden ja nuoruuden vapaa-ajan vietto, &hellip; <a href=\"https:\/\/blogit.gradia.fi\/psykaa\/haastattelu\/\" class=\"more-link\">Jatka lukemista <span class=\"screen-reader-text\">Haastattelu<\/span> <span class=\"meta-nav\">&rarr;<\/span><\/a><\/p>\n","protected":false},"author":601,"featured_media":0,"parent":0,"menu_order":0,"comment_status":"closed","ping_status":"closed","template":"","meta":{"_uag_custom_page_level_css":"","footnotes":""},"class_list":["post-144","page","type-page","status-publish","hentry"],"yoast_head":"<!-- This site is optimized with the Yoast SEO plugin v27.2 - https:\/\/yoast.com\/product\/yoast-seo-wordpress\/ -->\n<title>Haastattelu - Psykaa<\/title>\n<meta name=\"robots\" content=\"index, follow, max-snippet:-1, max-image-preview:large, max-video-preview:-1\" \/>\n<link rel=\"canonical\" href=\"https:\/\/blogit.gradia.fi\/psykaa\/haastattelu\/\" \/>\n<meta property=\"og:locale\" content=\"fi_FI\" \/>\n<meta property=\"og:type\" content=\"article\" \/>\n<meta property=\"og:title\" content=\"Haastattelu - Psykaa\" \/>\n<meta property=\"og:description\" content=\"OT2 &#8211; Haastattelu (T\u00e4m\u00e4 teht\u00e4v\u00e4 vain jos suoritat 4 osaamispisteen kokonaisuutta.) Ik\u00e4ihmisen juttusille! Haastattele jotakuta ik\u00e4\u00e4ntynytt\u00e4 henkil\u00f6\u00e4 (n. 65 v. -&gt;). Voit valita isovanhempasi, naapurin, tuttavan, sukulaisen tai ihan kenet tahansa joka t\u00e4ytt\u00e4\u00e4 ik\u00e4kriteerin. Teht\u00e4v\u00e4n pituus n. 2 sivua. Osa 1 Haastattele (tai keskustele) seuraavista teemoista: Millaista oli henkil\u00f6n koulunk\u00e4ynti, lapsuuden ja nuoruuden vapaa-ajan vietto, &hellip; Jatka lukemista Haastattelu &rarr;\" \/>\n<meta property=\"og:url\" content=\"https:\/\/blogit.gradia.fi\/psykaa\/haastattelu\/\" \/>\n<meta property=\"og:site_name\" content=\"Psykaa\" \/>\n<meta property=\"article:modified_time\" content=\"2017-10-31T08:36:18+00:00\" \/>\n<meta name=\"twitter:card\" content=\"summary_large_image\" \/>\n<meta name=\"twitter:label1\" content=\"Arvioitu lukuaika\" \/>\n\t<meta name=\"twitter:data1\" content=\"1 minuutti\" \/>\n<script type=\"application\/ld+json\" class=\"yoast-schema-graph\">{\"@context\":\"https:\/\/schema.org\",\"@graph\":[{\"@type\":\"WebPage\",\"@id\":\"https:\/\/blogit.gradia.fi\/psykaa\/haastattelu\/\",\"url\":\"https:\/\/blogit.gradia.fi\/psykaa\/haastattelu\/\",\"name\":\"Haastattelu - Psykaa\",\"isPartOf\":{\"@id\":\"https:\/\/blogit.gradia.fi\/psykaa\/#website\"},\"datePublished\":\"2016-09-04T09:57:56+00:00\",\"dateModified\":\"2017-10-31T08:36:18+00:00\",\"inLanguage\":\"fi\",\"potentialAction\":[{\"@type\":\"ReadAction\",\"target\":[\"https:\/\/blogit.gradia.fi\/psykaa\/haastattelu\/\"]}]},{\"@type\":\"WebSite\",\"@id\":\"https:\/\/blogit.gradia.fi\/psykaa\/#website\",\"url\":\"https:\/\/blogit.gradia.fi\/psykaa\/\",\"name\":\"Psykaa\",\"description\":\"Uusi ao-blogit -sivusto\",\"potentialAction\":[{\"@type\":\"SearchAction\",\"target\":{\"@type\":\"EntryPoint\",\"urlTemplate\":\"https:\/\/blogit.gradia.fi\/psykaa\/?s={search_term_string}\"},\"query-input\":{\"@type\":\"PropertyValueSpecification\",\"valueRequired\":true,\"valueName\":\"search_term_string\"}}],\"inLanguage\":\"fi\"}]}<\/script>\n<!-- \/ Yoast SEO plugin. -->","yoast_head_json":{"title":"Haastattelu - Psykaa","robots":{"index":"index","follow":"follow","max-snippet":"max-snippet:-1","max-image-preview":"max-image-preview:large","max-video-preview":"max-video-preview:-1"},"canonical":"https:\/\/blogit.gradia.fi\/psykaa\/haastattelu\/","og_locale":"fi_FI","og_type":"article","og_title":"Haastattelu - Psykaa","og_description":"OT2 &#8211; Haastattelu (T\u00e4m\u00e4 teht\u00e4v\u00e4 vain jos suoritat 4 osaamispisteen kokonaisuutta.) Ik\u00e4ihmisen juttusille! Haastattele jotakuta ik\u00e4\u00e4ntynytt\u00e4 henkil\u00f6\u00e4 (n. 65 v. -&gt;). Voit valita isovanhempasi, naapurin, tuttavan, sukulaisen tai ihan kenet tahansa joka t\u00e4ytt\u00e4\u00e4 ik\u00e4kriteerin. Teht\u00e4v\u00e4n pituus n. 2 sivua. Osa 1 Haastattele (tai keskustele) seuraavista teemoista: Millaista oli henkil\u00f6n koulunk\u00e4ynti, lapsuuden ja nuoruuden vapaa-ajan vietto, &hellip; Jatka lukemista Haastattelu &rarr;","og_url":"https:\/\/blogit.gradia.fi\/psykaa\/haastattelu\/","og_site_name":"Psykaa","article_modified_time":"2017-10-31T08:36:18+00:00","twitter_card":"summary_large_image","twitter_misc":{"Arvioitu lukuaika":"1 minuutti"},"schema":{"@context":"https:\/\/schema.org","@graph":[{"@type":"WebPage","@id":"https:\/\/blogit.gradia.fi\/psykaa\/haastattelu\/","url":"https:\/\/blogit.gradia.fi\/psykaa\/haastattelu\/","name":"Haastattelu - Psykaa","isPartOf":{"@id":"https:\/\/blogit.gradia.fi\/psykaa\/#website"},"datePublished":"2016-09-04T09:57:56+00:00","dateModified":"2017-10-31T08:36:18+00:00","inLanguage":"fi","potentialAction":[{"@type":"ReadAction","target":["https:\/\/blogit.gradia.fi\/psykaa\/haastattelu\/"]}]},{"@type":"WebSite","@id":"https:\/\/blogit.gradia.fi\/psykaa\/#website","url":"https:\/\/blogit.gradia.fi\/psykaa\/","name":"Psykaa","description":"Uusi ao-blogit -sivusto","potentialAction":[{"@type":"SearchAction","target":{"@type":"EntryPoint","urlTemplate":"https:\/\/blogit.gradia.fi\/psykaa\/?s={search_term_string}"},"query-input":{"@type":"PropertyValueSpecification","valueRequired":true,"valueName":"search_term_string"}}],"inLanguage":"fi"}]}},"uagb_featured_image_src":{"full":false,"thumbnail":false,"medium":false,"medium_large":false,"large":false,"1536x1536":false,"2048x2048":false,"post-thumbnail":false},"uagb_author_info":{"display_name":"Laura Teri\u00f6","author_link":"https:\/\/blogit.gradia.fi\/psykaa\/author\/lauralaa\/"},"uagb_comment_info":0,"uagb_excerpt":"OT2 &#8211; Haastattelu (T\u00e4m\u00e4 teht\u00e4v\u00e4 vain jos suoritat 4 osaamispisteen kokonaisuutta.) Ik\u00e4ihmisen juttusille! Haastattele jotakuta ik\u00e4\u00e4ntynytt\u00e4 henkil\u00f6\u00e4 (n. 65 v. -&gt;). Voit valita isovanhempasi, naapurin, tuttavan, sukulaisen tai ihan kenet tahansa joka t\u00e4ytt\u00e4\u00e4 ik\u00e4kriteerin. Teht\u00e4v\u00e4n pituus n. 2 sivua. Osa 1 Haastattele (tai keskustele) seuraavista teemoista: Millaista oli henkil\u00f6n koulunk\u00e4ynti, lapsuuden ja nuoruuden vapaa-ajan vietto,&hellip;","_links":{"self":[{"href":"https:\/\/blogit.gradia.fi\/psykaa\/wp-json\/wp\/v2\/pages\/144","targetHints":{"allow":["GET"]}}],"collection":[{"href":"https:\/\/blogit.gradia.fi\/psykaa\/wp-json\/wp\/v2\/pages"}],"about":[{"href":"https:\/\/blogit.gradia.fi\/psykaa\/wp-json\/wp\/v2\/types\/page"}],"author":[{"embeddable":true,"href":"https:\/\/blogit.gradia.fi\/psykaa\/wp-json\/wp\/v2\/users\/601"}],"replies":[{"embeddable":true,"href":"https:\/\/blogit.gradia.fi\/psykaa\/wp-json\/wp\/v2\/comments?post=144"}],"version-history":[{"count":0,"href":"https:\/\/blogit.gradia.fi\/psykaa\/wp-json\/wp\/v2\/pages\/144\/revisions"}],"wp:attachment":[{"href":"https:\/\/blogit.gradia.fi\/psykaa\/wp-json\/wp\/v2\/media?parent=144"}],"curies":[{"name":"wp","href":"https:\/\/api.w.org\/{rel}","templated":true}]}}