{"id":142,"date":"2016-09-04T12:57:32","date_gmt":"2016-09-04T09:57:32","guid":{"rendered":"https:\/\/blogit.gradia.fi\/psykaa\/?page_id=142"},"modified":"2018-01-17T11:33:50","modified_gmt":"2018-01-17T09:33:50","slug":"fiilispaivakirja","status":"publish","type":"page","link":"https:\/\/blogit.gradia.fi\/psykaa\/fiilispaivakirja\/","title":{"rendered":"Fiilisp\u00e4iv\u00e4kirja"},"content":{"rendered":"<p><strong>OT1 &#8211; Fiilisp\u00e4iv\u00e4kirja<\/strong><\/p>\n<p>Kirjoita fiilisp\u00e4iv\u00e4kirjaasi v\u00e4hint\u00e4\u00e4n kaksi kertaa viikossa. Voit kirjoittaa esimerkiksi tiettyin\u00e4 p\u00e4ivin\u00e4, jolloin muistat asian paremmin.\u00a0Kirjoita v\u00e4hint\u00e4\u00e4n 12 kertaa! Kirjoita jokaiseen kohtaan v\u00e4hint\u00e4\u00e4n kolme virkett\u00e4. Huom! Ei kirosanoja.<\/p>\n<p>P\u00e4iv\u00e4kirja tulee luettavaksi vain minulle, mutta silti sinun ei tarvitse kirjoittaa kovin henkil\u00f6kohtaisia asioita, jos et halua.<\/p>\n<p>Kirjoita l\u00e4hinn\u00e4 fiiliksist\u00e4. Millainen p\u00e4iv\u00e4 oli, millaisella tuulella olit? Mist\u00e4 olotila johtui, oliko sille syyt\u00e4? Jos olit \u00e4rsyyntynyt tai huolestunut, yrit\u00e4 pukea syy sanoiksi. Esim. Minulla on ihan liian v\u00e4h\u00e4n rahaa.<\/p>\n<p>Muuttuiko fiilis p\u00e4iv\u00e4n aikana, miksi? Mit\u00e4 itse teit asian hyv\u00e4ksi. Esim. onko sinulla keinoa pirist\u00e4\u00e4 itse\u00e4si.<\/p>\n<p>Tee p\u00e4iv\u00e4kirjan loppuun jonkinlaista yhteenvetoa. Huomasitko jotain erityist\u00e4, olitko usein huonolla tuulella, tai kenties hyv\u00e4ll\u00e4? Mit\u00e4 haluaisit muuttaa itsess\u00e4si, p\u00e4iviss\u00e4si tai suhtautumisessasi asioihin?<\/p>\n<p>&nbsp;<\/p>\n<p>&nbsp;<\/p>\n<p>&nbsp;<\/p>\n<p>&nbsp;<\/p>\n","protected":false},"excerpt":{"rendered":"<p>OT1 &#8211; Fiilisp\u00e4iv\u00e4kirja Kirjoita fiilisp\u00e4iv\u00e4kirjaasi v\u00e4hint\u00e4\u00e4n kaksi kertaa viikossa. Voit kirjoittaa esimerkiksi tiettyin\u00e4 p\u00e4ivin\u00e4, jolloin muistat asian paremmin.\u00a0Kirjoita v\u00e4hint\u00e4\u00e4n 12 kertaa! Kirjoita jokaiseen kohtaan v\u00e4hint\u00e4\u00e4n kolme virkett\u00e4. Huom! Ei kirosanoja. P\u00e4iv\u00e4kirja tulee luettavaksi vain minulle, mutta silti sinun ei tarvitse kirjoittaa kovin henkil\u00f6kohtaisia asioita, jos et halua. Kirjoita l\u00e4hinn\u00e4 fiiliksist\u00e4. Millainen p\u00e4iv\u00e4 oli, millaisella tuulella &hellip; <a href=\"https:\/\/blogit.gradia.fi\/psykaa\/fiilispaivakirja\/\" class=\"more-link\">Jatka lukemista <span class=\"screen-reader-text\">Fiilisp\u00e4iv\u00e4kirja<\/span> <span class=\"meta-nav\">&rarr;<\/span><\/a><\/p>\n","protected":false},"author":601,"featured_media":0,"parent":0,"menu_order":0,"comment_status":"closed","ping_status":"closed","template":"","meta":{"_uag_custom_page_level_css":"","footnotes":""},"class_list":["post-142","page","type-page","status-publish","hentry"],"yoast_head":"<!-- This site is optimized with the Yoast SEO plugin v27.2 - https:\/\/yoast.com\/product\/yoast-seo-wordpress\/ -->\n<title>Fiilisp\u00e4iv\u00e4kirja - Psykaa<\/title>\n<meta name=\"robots\" content=\"index, follow, max-snippet:-1, max-image-preview:large, max-video-preview:-1\" \/>\n<link rel=\"canonical\" href=\"https:\/\/blogit.gradia.fi\/psykaa\/fiilispaivakirja\/\" \/>\n<meta property=\"og:locale\" content=\"fi_FI\" \/>\n<meta property=\"og:type\" content=\"article\" \/>\n<meta property=\"og:title\" content=\"Fiilisp\u00e4iv\u00e4kirja - Psykaa\" \/>\n<meta property=\"og:description\" content=\"OT1 &#8211; Fiilisp\u00e4iv\u00e4kirja Kirjoita fiilisp\u00e4iv\u00e4kirjaasi v\u00e4hint\u00e4\u00e4n kaksi kertaa viikossa. Voit kirjoittaa esimerkiksi tiettyin\u00e4 p\u00e4ivin\u00e4, jolloin muistat asian paremmin.\u00a0Kirjoita v\u00e4hint\u00e4\u00e4n 12 kertaa! Kirjoita jokaiseen kohtaan v\u00e4hint\u00e4\u00e4n kolme virkett\u00e4. Huom! Ei kirosanoja. P\u00e4iv\u00e4kirja tulee luettavaksi vain minulle, mutta silti sinun ei tarvitse kirjoittaa kovin henkil\u00f6kohtaisia asioita, jos et halua. Kirjoita l\u00e4hinn\u00e4 fiiliksist\u00e4. Millainen p\u00e4iv\u00e4 oli, millaisella tuulella &hellip; Jatka lukemista Fiilisp\u00e4iv\u00e4kirja &rarr;\" \/>\n<meta property=\"og:url\" content=\"https:\/\/blogit.gradia.fi\/psykaa\/fiilispaivakirja\/\" \/>\n<meta property=\"og:site_name\" content=\"Psykaa\" \/>\n<meta property=\"article:modified_time\" content=\"2018-01-17T09:33:50+00:00\" \/>\n<meta name=\"twitter:card\" content=\"summary_large_image\" \/>\n<meta name=\"twitter:label1\" content=\"Arvioitu lukuaika\" \/>\n\t<meta name=\"twitter:data1\" content=\"1 minuutti\" \/>\n<script type=\"application\/ld+json\" class=\"yoast-schema-graph\">{\"@context\":\"https:\/\/schema.org\",\"@graph\":[{\"@type\":\"WebPage\",\"@id\":\"https:\/\/blogit.gradia.fi\/psykaa\/fiilispaivakirja\/\",\"url\":\"https:\/\/blogit.gradia.fi\/psykaa\/fiilispaivakirja\/\",\"name\":\"Fiilisp\u00e4iv\u00e4kirja - Psykaa\",\"isPartOf\":{\"@id\":\"https:\/\/blogit.gradia.fi\/psykaa\/#website\"},\"datePublished\":\"2016-09-04T09:57:32+00:00\",\"dateModified\":\"2018-01-17T09:33:50+00:00\",\"inLanguage\":\"fi\",\"potentialAction\":[{\"@type\":\"ReadAction\",\"target\":[\"https:\/\/blogit.gradia.fi\/psykaa\/fiilispaivakirja\/\"]}]},{\"@type\":\"WebSite\",\"@id\":\"https:\/\/blogit.gradia.fi\/psykaa\/#website\",\"url\":\"https:\/\/blogit.gradia.fi\/psykaa\/\",\"name\":\"Psykaa\",\"description\":\"Uusi ao-blogit -sivusto\",\"potentialAction\":[{\"@type\":\"SearchAction\",\"target\":{\"@type\":\"EntryPoint\",\"urlTemplate\":\"https:\/\/blogit.gradia.fi\/psykaa\/?s={search_term_string}\"},\"query-input\":{\"@type\":\"PropertyValueSpecification\",\"valueRequired\":true,\"valueName\":\"search_term_string\"}}],\"inLanguage\":\"fi\"}]}<\/script>\n<!-- \/ Yoast SEO plugin. -->","yoast_head_json":{"title":"Fiilisp\u00e4iv\u00e4kirja - Psykaa","robots":{"index":"index","follow":"follow","max-snippet":"max-snippet:-1","max-image-preview":"max-image-preview:large","max-video-preview":"max-video-preview:-1"},"canonical":"https:\/\/blogit.gradia.fi\/psykaa\/fiilispaivakirja\/","og_locale":"fi_FI","og_type":"article","og_title":"Fiilisp\u00e4iv\u00e4kirja - Psykaa","og_description":"OT1 &#8211; Fiilisp\u00e4iv\u00e4kirja Kirjoita fiilisp\u00e4iv\u00e4kirjaasi v\u00e4hint\u00e4\u00e4n kaksi kertaa viikossa. Voit kirjoittaa esimerkiksi tiettyin\u00e4 p\u00e4ivin\u00e4, jolloin muistat asian paremmin.\u00a0Kirjoita v\u00e4hint\u00e4\u00e4n 12 kertaa! Kirjoita jokaiseen kohtaan v\u00e4hint\u00e4\u00e4n kolme virkett\u00e4. Huom! Ei kirosanoja. P\u00e4iv\u00e4kirja tulee luettavaksi vain minulle, mutta silti sinun ei tarvitse kirjoittaa kovin henkil\u00f6kohtaisia asioita, jos et halua. Kirjoita l\u00e4hinn\u00e4 fiiliksist\u00e4. Millainen p\u00e4iv\u00e4 oli, millaisella tuulella &hellip; Jatka lukemista Fiilisp\u00e4iv\u00e4kirja &rarr;","og_url":"https:\/\/blogit.gradia.fi\/psykaa\/fiilispaivakirja\/","og_site_name":"Psykaa","article_modified_time":"2018-01-17T09:33:50+00:00","twitter_card":"summary_large_image","twitter_misc":{"Arvioitu lukuaika":"1 minuutti"},"schema":{"@context":"https:\/\/schema.org","@graph":[{"@type":"WebPage","@id":"https:\/\/blogit.gradia.fi\/psykaa\/fiilispaivakirja\/","url":"https:\/\/blogit.gradia.fi\/psykaa\/fiilispaivakirja\/","name":"Fiilisp\u00e4iv\u00e4kirja - Psykaa","isPartOf":{"@id":"https:\/\/blogit.gradia.fi\/psykaa\/#website"},"datePublished":"2016-09-04T09:57:32+00:00","dateModified":"2018-01-17T09:33:50+00:00","inLanguage":"fi","potentialAction":[{"@type":"ReadAction","target":["https:\/\/blogit.gradia.fi\/psykaa\/fiilispaivakirja\/"]}]},{"@type":"WebSite","@id":"https:\/\/blogit.gradia.fi\/psykaa\/#website","url":"https:\/\/blogit.gradia.fi\/psykaa\/","name":"Psykaa","description":"Uusi ao-blogit -sivusto","potentialAction":[{"@type":"SearchAction","target":{"@type":"EntryPoint","urlTemplate":"https:\/\/blogit.gradia.fi\/psykaa\/?s={search_term_string}"},"query-input":{"@type":"PropertyValueSpecification","valueRequired":true,"valueName":"search_term_string"}}],"inLanguage":"fi"}]}},"uagb_featured_image_src":{"full":false,"thumbnail":false,"medium":false,"medium_large":false,"large":false,"1536x1536":false,"2048x2048":false,"post-thumbnail":false},"uagb_author_info":{"display_name":"Laura Teri\u00f6","author_link":"https:\/\/blogit.gradia.fi\/psykaa\/author\/lauralaa\/"},"uagb_comment_info":0,"uagb_excerpt":"OT1 &#8211; Fiilisp\u00e4iv\u00e4kirja Kirjoita fiilisp\u00e4iv\u00e4kirjaasi v\u00e4hint\u00e4\u00e4n kaksi kertaa viikossa. Voit kirjoittaa esimerkiksi tiettyin\u00e4 p\u00e4ivin\u00e4, jolloin muistat asian paremmin.\u00a0Kirjoita v\u00e4hint\u00e4\u00e4n 12 kertaa! Kirjoita jokaiseen kohtaan v\u00e4hint\u00e4\u00e4n kolme virkett\u00e4. Huom! Ei kirosanoja. P\u00e4iv\u00e4kirja tulee luettavaksi vain minulle, mutta silti sinun ei tarvitse kirjoittaa kovin henkil\u00f6kohtaisia asioita, jos et halua. Kirjoita l\u00e4hinn\u00e4 fiiliksist\u00e4. Millainen p\u00e4iv\u00e4 oli, millaisella tuulella&hellip;","_links":{"self":[{"href":"https:\/\/blogit.gradia.fi\/psykaa\/wp-json\/wp\/v2\/pages\/142","targetHints":{"allow":["GET"]}}],"collection":[{"href":"https:\/\/blogit.gradia.fi\/psykaa\/wp-json\/wp\/v2\/pages"}],"about":[{"href":"https:\/\/blogit.gradia.fi\/psykaa\/wp-json\/wp\/v2\/types\/page"}],"author":[{"embeddable":true,"href":"https:\/\/blogit.gradia.fi\/psykaa\/wp-json\/wp\/v2\/users\/601"}],"replies":[{"embeddable":true,"href":"https:\/\/blogit.gradia.fi\/psykaa\/wp-json\/wp\/v2\/comments?post=142"}],"version-history":[{"count":0,"href":"https:\/\/blogit.gradia.fi\/psykaa\/wp-json\/wp\/v2\/pages\/142\/revisions"}],"wp:attachment":[{"href":"https:\/\/blogit.gradia.fi\/psykaa\/wp-json\/wp\/v2\/media?parent=142"}],"curies":[{"name":"wp","href":"https:\/\/api.w.org\/{rel}","templated":true}]}}