{"id":138,"date":"2016-09-04T12:55:31","date_gmt":"2016-09-04T09:55:31","guid":{"rendered":"https:\/\/blogit.gradia.fi\/psykaa\/?page_id=138"},"modified":"2018-08-29T15:47:52","modified_gmt":"2018-08-29T12:47:52","slug":"taman-osion-kotitehtavat","status":"publish","type":"page","link":"https:\/\/blogit.gradia.fi\/psykaa\/taman-osion-kotitehtavat\/","title":{"rendered":"Osion (Keh.) teht\u00e4v\u00e4t"},"content":{"rendered":"<p><b>KEH.TEHT. 1 &#8211; 4<\/b><\/p>\n<p><b>Kirjoita jokaisesta teht\u00e4v\u00e4st\u00e4 v\u00e4hint\u00e4\u00e4n 100 sanaa, ellei teht\u00e4v\u00e4ss\u00e4 toisin mainita.<\/b><\/p>\n<p><strong><br \/>\n1.<\/strong> Leiki kuin lapsena<\/p>\n<ul>\n<li>Listaa asioita, joiden tekeminen oli sinusta kivaa lapsena, joita teit vain huviksesi ilman kummempia tavoitteita. Mieti niin kauas taaksep\u00e4in kuin pystyt ja listaa kaikki p\u00f6hk\u00f6tkin jutut, kunhan oli kivaa!<\/li>\n<li>Yrit\u00e4 saada listaasi v\u00e4hint\u00e4\u00e4n 15 asiaa. Ympyr\u00f6i niist\u00e4 kolme, jotka olisivat hauskoja ja mahdollisia viel\u00e4 nytkin. Miksi listasit juuri ne?<\/li>\n<li>(Toteuta itse\u00e4si ja tee leikkilistasi asiat; mit\u00e4 tapahtui, mik\u00e4 oli fiilis?)<\/li>\n<\/ul>\n<p>&nbsp;<\/p>\n<p><strong>2.<\/strong> Mik\u00e4 oli lapsena lempisatusi, elokuvasi, TV-ohjelmasi ja tietokonepelisi? Kerro niist\u00e4, miksi pidit juuri niist\u00e4? Pid\u00e4tk\u00f6 viel\u00e4kin samantyylisist\u00e4 asioista?<\/p>\n<p>&nbsp;<\/p>\n<p><strong>3. <\/strong>Kerro rajoista, joita vanhemmat asettavat nuorelle.\u00a0\u00a0Millaisista aiheista on tullut eniten riitaa, miten ne on selvitetty? Onko aihetta, joka aiheutti aina taistoa pari vuotta sitten, mutta nyt ymm\u00e4rr\u00e4t sen varsin hyvin? Onko sinulla ollut mielest\u00e4si liian tiukat vai l\u00f6ys\u00e4t rajat? Jos ja kun saat joskus lapsia, oletko miettinyt, mit\u00e4 et ainakaan tee tai varmasti vaadit?<\/p>\n<p>&nbsp;<\/p>\n<p><strong>4.<\/strong> Kun ajattelet aikuistumista ja vanhenemista, millainen fiilis tulee? Odotatko innolla vai huolettaako aikuisuus, mit\u00e4 ja miksi? Millainen olisi ihanneaikuisuutesi n. 10 vuoden kuluttua?<\/p>\n<p>&nbsp;<\/p>\n","protected":false},"excerpt":{"rendered":"<p>KEH.TEHT. 1 &#8211; 4 Kirjoita jokaisesta teht\u00e4v\u00e4st\u00e4 v\u00e4hint\u00e4\u00e4n 100 sanaa, ellei teht\u00e4v\u00e4ss\u00e4 toisin mainita. 1. Leiki kuin lapsena Listaa asioita, joiden tekeminen oli sinusta kivaa lapsena, joita teit vain huviksesi ilman kummempia tavoitteita. Mieti niin kauas taaksep\u00e4in kuin pystyt ja listaa kaikki p\u00f6hk\u00f6tkin jutut, kunhan oli kivaa! Yrit\u00e4 saada listaasi v\u00e4hint\u00e4\u00e4n 15 asiaa. Ympyr\u00f6i niist\u00e4 &hellip; <a href=\"https:\/\/blogit.gradia.fi\/psykaa\/taman-osion-kotitehtavat\/\" class=\"more-link\">Jatka lukemista <span class=\"screen-reader-text\">Osion (Keh.) teht\u00e4v\u00e4t<\/span> <span class=\"meta-nav\">&rarr;<\/span><\/a><\/p>\n","protected":false},"author":601,"featured_media":0,"parent":0,"menu_order":0,"comment_status":"closed","ping_status":"closed","template":"","meta":{"_uag_custom_page_level_css":"","footnotes":""},"class_list":["post-138","page","type-page","status-publish","hentry"],"yoast_head":"<!-- This site is optimized with the Yoast SEO plugin v27.2 - https:\/\/yoast.com\/product\/yoast-seo-wordpress\/ -->\n<title>Osion (Keh.) teht\u00e4v\u00e4t - Psykaa<\/title>\n<meta name=\"robots\" content=\"index, follow, max-snippet:-1, max-image-preview:large, max-video-preview:-1\" \/>\n<link rel=\"canonical\" href=\"https:\/\/blogit.gradia.fi\/psykaa\/taman-osion-kotitehtavat\/\" \/>\n<meta property=\"og:locale\" content=\"fi_FI\" \/>\n<meta property=\"og:type\" content=\"article\" \/>\n<meta property=\"og:title\" content=\"Osion (Keh.) teht\u00e4v\u00e4t - Psykaa\" \/>\n<meta property=\"og:description\" content=\"KEH.TEHT. 1 &#8211; 4 Kirjoita jokaisesta teht\u00e4v\u00e4st\u00e4 v\u00e4hint\u00e4\u00e4n 100 sanaa, ellei teht\u00e4v\u00e4ss\u00e4 toisin mainita. 1. Leiki kuin lapsena Listaa asioita, joiden tekeminen oli sinusta kivaa lapsena, joita teit vain huviksesi ilman kummempia tavoitteita. Mieti niin kauas taaksep\u00e4in kuin pystyt ja listaa kaikki p\u00f6hk\u00f6tkin jutut, kunhan oli kivaa! Yrit\u00e4 saada listaasi v\u00e4hint\u00e4\u00e4n 15 asiaa. Ympyr\u00f6i niist\u00e4 &hellip; Jatka lukemista Osion (Keh.) teht\u00e4v\u00e4t &rarr;\" \/>\n<meta property=\"og:url\" content=\"https:\/\/blogit.gradia.fi\/psykaa\/taman-osion-kotitehtavat\/\" \/>\n<meta property=\"og:site_name\" content=\"Psykaa\" \/>\n<meta property=\"article:modified_time\" content=\"2018-08-29T12:47:52+00:00\" \/>\n<meta name=\"twitter:card\" content=\"summary_large_image\" \/>\n<meta name=\"twitter:label1\" content=\"Arvioitu lukuaika\" \/>\n\t<meta name=\"twitter:data1\" content=\"1 minuutti\" \/>\n<script type=\"application\/ld+json\" class=\"yoast-schema-graph\">{\"@context\":\"https:\/\/schema.org\",\"@graph\":[{\"@type\":\"WebPage\",\"@id\":\"https:\/\/blogit.gradia.fi\/psykaa\/taman-osion-kotitehtavat\/\",\"url\":\"https:\/\/blogit.gradia.fi\/psykaa\/taman-osion-kotitehtavat\/\",\"name\":\"Osion (Keh.) teht\u00e4v\u00e4t - Psykaa\",\"isPartOf\":{\"@id\":\"https:\/\/blogit.gradia.fi\/psykaa\/#website\"},\"datePublished\":\"2016-09-04T09:55:31+00:00\",\"dateModified\":\"2018-08-29T12:47:52+00:00\",\"inLanguage\":\"fi\",\"potentialAction\":[{\"@type\":\"ReadAction\",\"target\":[\"https:\/\/blogit.gradia.fi\/psykaa\/taman-osion-kotitehtavat\/\"]}]},{\"@type\":\"WebSite\",\"@id\":\"https:\/\/blogit.gradia.fi\/psykaa\/#website\",\"url\":\"https:\/\/blogit.gradia.fi\/psykaa\/\",\"name\":\"Psykaa\",\"description\":\"Uusi ao-blogit -sivusto\",\"potentialAction\":[{\"@type\":\"SearchAction\",\"target\":{\"@type\":\"EntryPoint\",\"urlTemplate\":\"https:\/\/blogit.gradia.fi\/psykaa\/?s={search_term_string}\"},\"query-input\":{\"@type\":\"PropertyValueSpecification\",\"valueRequired\":true,\"valueName\":\"search_term_string\"}}],\"inLanguage\":\"fi\"}]}<\/script>\n<!-- \/ Yoast SEO plugin. -->","yoast_head_json":{"title":"Osion (Keh.) teht\u00e4v\u00e4t - Psykaa","robots":{"index":"index","follow":"follow","max-snippet":"max-snippet:-1","max-image-preview":"max-image-preview:large","max-video-preview":"max-video-preview:-1"},"canonical":"https:\/\/blogit.gradia.fi\/psykaa\/taman-osion-kotitehtavat\/","og_locale":"fi_FI","og_type":"article","og_title":"Osion (Keh.) teht\u00e4v\u00e4t - Psykaa","og_description":"KEH.TEHT. 1 &#8211; 4 Kirjoita jokaisesta teht\u00e4v\u00e4st\u00e4 v\u00e4hint\u00e4\u00e4n 100 sanaa, ellei teht\u00e4v\u00e4ss\u00e4 toisin mainita. 1. Leiki kuin lapsena Listaa asioita, joiden tekeminen oli sinusta kivaa lapsena, joita teit vain huviksesi ilman kummempia tavoitteita. Mieti niin kauas taaksep\u00e4in kuin pystyt ja listaa kaikki p\u00f6hk\u00f6tkin jutut, kunhan oli kivaa! Yrit\u00e4 saada listaasi v\u00e4hint\u00e4\u00e4n 15 asiaa. Ympyr\u00f6i niist\u00e4 &hellip; Jatka lukemista Osion (Keh.) teht\u00e4v\u00e4t &rarr;","og_url":"https:\/\/blogit.gradia.fi\/psykaa\/taman-osion-kotitehtavat\/","og_site_name":"Psykaa","article_modified_time":"2018-08-29T12:47:52+00:00","twitter_card":"summary_large_image","twitter_misc":{"Arvioitu lukuaika":"1 minuutti"},"schema":{"@context":"https:\/\/schema.org","@graph":[{"@type":"WebPage","@id":"https:\/\/blogit.gradia.fi\/psykaa\/taman-osion-kotitehtavat\/","url":"https:\/\/blogit.gradia.fi\/psykaa\/taman-osion-kotitehtavat\/","name":"Osion (Keh.) teht\u00e4v\u00e4t - Psykaa","isPartOf":{"@id":"https:\/\/blogit.gradia.fi\/psykaa\/#website"},"datePublished":"2016-09-04T09:55:31+00:00","dateModified":"2018-08-29T12:47:52+00:00","inLanguage":"fi","potentialAction":[{"@type":"ReadAction","target":["https:\/\/blogit.gradia.fi\/psykaa\/taman-osion-kotitehtavat\/"]}]},{"@type":"WebSite","@id":"https:\/\/blogit.gradia.fi\/psykaa\/#website","url":"https:\/\/blogit.gradia.fi\/psykaa\/","name":"Psykaa","description":"Uusi ao-blogit -sivusto","potentialAction":[{"@type":"SearchAction","target":{"@type":"EntryPoint","urlTemplate":"https:\/\/blogit.gradia.fi\/psykaa\/?s={search_term_string}"},"query-input":{"@type":"PropertyValueSpecification","valueRequired":true,"valueName":"search_term_string"}}],"inLanguage":"fi"}]}},"uagb_featured_image_src":{"full":false,"thumbnail":false,"medium":false,"medium_large":false,"large":false,"1536x1536":false,"2048x2048":false,"post-thumbnail":false},"uagb_author_info":{"display_name":"Laura Teri\u00f6","author_link":"https:\/\/blogit.gradia.fi\/psykaa\/author\/lauralaa\/"},"uagb_comment_info":0,"uagb_excerpt":"KEH.TEHT. 1 &#8211; 4 Kirjoita jokaisesta teht\u00e4v\u00e4st\u00e4 v\u00e4hint\u00e4\u00e4n 100 sanaa, ellei teht\u00e4v\u00e4ss\u00e4 toisin mainita. 1. Leiki kuin lapsena Listaa asioita, joiden tekeminen oli sinusta kivaa lapsena, joita teit vain huviksesi ilman kummempia tavoitteita. Mieti niin kauas taaksep\u00e4in kuin pystyt ja listaa kaikki p\u00f6hk\u00f6tkin jutut, kunhan oli kivaa! Yrit\u00e4 saada listaasi v\u00e4hint\u00e4\u00e4n 15 asiaa. Ympyr\u00f6i niist\u00e4&hellip;","_links":{"self":[{"href":"https:\/\/blogit.gradia.fi\/psykaa\/wp-json\/wp\/v2\/pages\/138","targetHints":{"allow":["GET"]}}],"collection":[{"href":"https:\/\/blogit.gradia.fi\/psykaa\/wp-json\/wp\/v2\/pages"}],"about":[{"href":"https:\/\/blogit.gradia.fi\/psykaa\/wp-json\/wp\/v2\/types\/page"}],"author":[{"embeddable":true,"href":"https:\/\/blogit.gradia.fi\/psykaa\/wp-json\/wp\/v2\/users\/601"}],"replies":[{"embeddable":true,"href":"https:\/\/blogit.gradia.fi\/psykaa\/wp-json\/wp\/v2\/comments?post=138"}],"version-history":[{"count":0,"href":"https:\/\/blogit.gradia.fi\/psykaa\/wp-json\/wp\/v2\/pages\/138\/revisions"}],"wp:attachment":[{"href":"https:\/\/blogit.gradia.fi\/psykaa\/wp-json\/wp\/v2\/media?parent=138"}],"curies":[{"name":"wp","href":"https:\/\/api.w.org\/{rel}","templated":true}]}}