{"id":124,"date":"2016-09-04T12:48:23","date_gmt":"2016-09-04T09:48:23","guid":{"rendered":"https:\/\/blogit.gradia.fi\/psykaa\/?page_id=124"},"modified":"2016-09-18T15:21:10","modified_gmt":"2016-09-18T12:21:10","slug":"motiivit","status":"publish","type":"page","link":"https:\/\/blogit.gradia.fi\/psykaa\/motiivit\/","title":{"rendered":"Motiivit"},"content":{"rendered":"<p><span style=\"text-decoration: underline\">Motiivi<\/span> on toiminnan psyykkinen syy, vaikutin. Toiminnan taustalla voi olla yht\u00e4 aikaa useita motiiveja. Esim. uteliaisuus, ihailun ja arvostuksen tarve, kilpailunhalu.<\/p>\n<p>Motiivit voivat olla hyvin tiedostettuja eli tied\u00e4mme, miksi toimimme juuri tietyll\u00e4 tavalla, esim. treenaan kovaa, koska haluan olla paras, haluan hyv\u00e4n loppuarvosanan opinnoistani, haluan tehd\u00e4 vanhempani ylpeiksi jne.<\/p>\n<p>Joskus motiivit voivat olla tiedostamattomia, jolloin emme itsek\u00e4\u00e4n huomaa todellista syyt\u00e4, syit\u00e4 voi olla monia, tai emme halua paljastaa todellisia tarkoitusperi\u00e4 edes itsellemme.\u00a0Esim. toimimme hyv\u00e4ntekev\u00e4isyys ty\u00f6ss\u00e4, koska haluamme mielest\u00e4mme vain auttaa muita, mutta todellinen motiivi on muiden kehut ja ihmettelyt ahkeruudestamme.<\/p>\n<p>Motiivit ryhmitell\u00e4\u00e4n<\/p>\n<p>* biologisiin (n\u00e4lk\u00e4, jano, l\u00e4mp\u00f6tilan s\u00e4\u00e4tely, seksuaalisuus)<br \/>\n* sosiaalisiin (liittymisen ja l\u00e4heisyyden tarve, turvallisuuden tarve, vallan halu, p\u00e4teminen ja suoriutuminen)<br \/>\n* psyykkisiin (kaikki koetut tunteet, jotka toimivat motiiveina).<\/p>\n<p>Huom! Yleens\u00e4 motiivit sekoittuvat toisiinsa ja osaan liittyy my\u00f6s kulttuurista ja ymp\u00e4rist\u00f6n vaikutusta. Vaikkapa sy\u00f6minen yst\u00e4vien kanssa ravintolassa ei ole vain n\u00e4l\u00e4n tyydytt\u00e4mist\u00e4 vaan siihen liittyv\u00e4t sosiaaliset motiivit.<\/p>\n<p>Motiivit vaihtelevat intensiteetilt\u00e4\u00e4n eli voimakkuudeltaan. Voimakkuus n\u00e4kyy siin\u00e4, miten innokkaasti ihminen paneutuu teht\u00e4v\u00e4\u00e4ns\u00e4 ja millaisia vastuksia h\u00e4n on valmis voittamaan saavuttaakseen tavoitteensa.<\/p>\n<p>Tiedostamattomat motiivit vaikuttavat helposti tekoihimme, emmek\u00e4 aina tied\u00e4, miksi toimimme kuten toimimme. Pienet virikkeet saavat meid\u00e4t helposti toimimaan ja tekem\u00e4\u00e4n asioita, joita my\u00f6hemmin harmittelemme, esim. her\u00e4teostokset.<\/p>\n<p>Motiivikonflikti on motiivien v\u00e4linen ristiriita. Kohteiden arvo on aina henkil\u00f6kohtainen ja se, miten konflikti ratkaistaan, riippuu aina monista tekij\u00f6ist\u00e4. Ristiriitoja syntyy, jos oma tahto ja ulkoinen paine ovat ristiriidassa tai jos haluaa kahta asiaa yht\u00e4 aikaa tai jos ei halua tehd\u00e4 mit\u00e4\u00e4n, mutta on kuitenkin pakko. Esim. l\u00e4hestymis-l\u00e4hestymiskonflikti; l\u00e4hestymis-v\u00e4ltt\u00e4miskonflikti, v\u00e4ltt\u00e4mis-v\u00e4ltt\u00e4miskonflikti.<\/p>\n<p>&nbsp;<\/p>\n","protected":false},"excerpt":{"rendered":"<p>Motiivi on toiminnan psyykkinen syy, vaikutin. Toiminnan taustalla voi olla yht\u00e4 aikaa useita motiiveja. Esim. uteliaisuus, ihailun ja arvostuksen tarve, kilpailunhalu. Motiivit voivat olla hyvin tiedostettuja eli tied\u00e4mme, miksi toimimme juuri tietyll\u00e4 tavalla, esim. treenaan kovaa, koska haluan olla paras, haluan hyv\u00e4n loppuarvosanan opinnoistani, haluan tehd\u00e4 vanhempani ylpeiksi jne. Joskus motiivit voivat olla tiedostamattomia, jolloin &hellip; <a href=\"https:\/\/blogit.gradia.fi\/psykaa\/motiivit\/\" class=\"more-link\">Jatka lukemista <span class=\"screen-reader-text\">Motiivit<\/span> <span class=\"meta-nav\">&rarr;<\/span><\/a><\/p>\n","protected":false},"author":601,"featured_media":0,"parent":0,"menu_order":0,"comment_status":"closed","ping_status":"closed","template":"","meta":{"_uag_custom_page_level_css":"","footnotes":""},"class_list":["post-124","page","type-page","status-publish","hentry"],"yoast_head":"<!-- This site is optimized with the Yoast SEO plugin v27.2 - https:\/\/yoast.com\/product\/yoast-seo-wordpress\/ -->\n<title>Motiivit - Psykaa<\/title>\n<meta name=\"robots\" content=\"index, follow, max-snippet:-1, max-image-preview:large, max-video-preview:-1\" \/>\n<link rel=\"canonical\" href=\"https:\/\/blogit.gradia.fi\/psykaa\/motiivit\/\" \/>\n<meta property=\"og:locale\" content=\"fi_FI\" \/>\n<meta property=\"og:type\" content=\"article\" \/>\n<meta property=\"og:title\" content=\"Motiivit - Psykaa\" \/>\n<meta property=\"og:description\" content=\"Motiivi on toiminnan psyykkinen syy, vaikutin. Toiminnan taustalla voi olla yht\u00e4 aikaa useita motiiveja. Esim. uteliaisuus, ihailun ja arvostuksen tarve, kilpailunhalu. Motiivit voivat olla hyvin tiedostettuja eli tied\u00e4mme, miksi toimimme juuri tietyll\u00e4 tavalla, esim. treenaan kovaa, koska haluan olla paras, haluan hyv\u00e4n loppuarvosanan opinnoistani, haluan tehd\u00e4 vanhempani ylpeiksi jne. Joskus motiivit voivat olla tiedostamattomia, jolloin &hellip; Jatka lukemista Motiivit &rarr;\" \/>\n<meta property=\"og:url\" content=\"https:\/\/blogit.gradia.fi\/psykaa\/motiivit\/\" \/>\n<meta property=\"og:site_name\" content=\"Psykaa\" \/>\n<meta property=\"article:modified_time\" content=\"2016-09-18T12:21:10+00:00\" \/>\n<meta name=\"twitter:card\" content=\"summary_large_image\" \/>\n<meta name=\"twitter:label1\" content=\"Arvioitu lukuaika\" \/>\n\t<meta name=\"twitter:data1\" content=\"1 minuutti\" \/>\n<script type=\"application\/ld+json\" class=\"yoast-schema-graph\">{\"@context\":\"https:\/\/schema.org\",\"@graph\":[{\"@type\":\"WebPage\",\"@id\":\"https:\/\/blogit.gradia.fi\/psykaa\/motiivit\/\",\"url\":\"https:\/\/blogit.gradia.fi\/psykaa\/motiivit\/\",\"name\":\"Motiivit - Psykaa\",\"isPartOf\":{\"@id\":\"https:\/\/blogit.gradia.fi\/psykaa\/#website\"},\"datePublished\":\"2016-09-04T09:48:23+00:00\",\"dateModified\":\"2016-09-18T12:21:10+00:00\",\"inLanguage\":\"fi\",\"potentialAction\":[{\"@type\":\"ReadAction\",\"target\":[\"https:\/\/blogit.gradia.fi\/psykaa\/motiivit\/\"]}]},{\"@type\":\"WebSite\",\"@id\":\"https:\/\/blogit.gradia.fi\/psykaa\/#website\",\"url\":\"https:\/\/blogit.gradia.fi\/psykaa\/\",\"name\":\"Psykaa\",\"description\":\"Uusi ao-blogit -sivusto\",\"potentialAction\":[{\"@type\":\"SearchAction\",\"target\":{\"@type\":\"EntryPoint\",\"urlTemplate\":\"https:\/\/blogit.gradia.fi\/psykaa\/?s={search_term_string}\"},\"query-input\":{\"@type\":\"PropertyValueSpecification\",\"valueRequired\":true,\"valueName\":\"search_term_string\"}}],\"inLanguage\":\"fi\"}]}<\/script>\n<!-- \/ Yoast SEO plugin. -->","yoast_head_json":{"title":"Motiivit - Psykaa","robots":{"index":"index","follow":"follow","max-snippet":"max-snippet:-1","max-image-preview":"max-image-preview:large","max-video-preview":"max-video-preview:-1"},"canonical":"https:\/\/blogit.gradia.fi\/psykaa\/motiivit\/","og_locale":"fi_FI","og_type":"article","og_title":"Motiivit - Psykaa","og_description":"Motiivi on toiminnan psyykkinen syy, vaikutin. Toiminnan taustalla voi olla yht\u00e4 aikaa useita motiiveja. Esim. uteliaisuus, ihailun ja arvostuksen tarve, kilpailunhalu. Motiivit voivat olla hyvin tiedostettuja eli tied\u00e4mme, miksi toimimme juuri tietyll\u00e4 tavalla, esim. treenaan kovaa, koska haluan olla paras, haluan hyv\u00e4n loppuarvosanan opinnoistani, haluan tehd\u00e4 vanhempani ylpeiksi jne. Joskus motiivit voivat olla tiedostamattomia, jolloin &hellip; Jatka lukemista Motiivit &rarr;","og_url":"https:\/\/blogit.gradia.fi\/psykaa\/motiivit\/","og_site_name":"Psykaa","article_modified_time":"2016-09-18T12:21:10+00:00","twitter_card":"summary_large_image","twitter_misc":{"Arvioitu lukuaika":"1 minuutti"},"schema":{"@context":"https:\/\/schema.org","@graph":[{"@type":"WebPage","@id":"https:\/\/blogit.gradia.fi\/psykaa\/motiivit\/","url":"https:\/\/blogit.gradia.fi\/psykaa\/motiivit\/","name":"Motiivit - Psykaa","isPartOf":{"@id":"https:\/\/blogit.gradia.fi\/psykaa\/#website"},"datePublished":"2016-09-04T09:48:23+00:00","dateModified":"2016-09-18T12:21:10+00:00","inLanguage":"fi","potentialAction":[{"@type":"ReadAction","target":["https:\/\/blogit.gradia.fi\/psykaa\/motiivit\/"]}]},{"@type":"WebSite","@id":"https:\/\/blogit.gradia.fi\/psykaa\/#website","url":"https:\/\/blogit.gradia.fi\/psykaa\/","name":"Psykaa","description":"Uusi ao-blogit -sivusto","potentialAction":[{"@type":"SearchAction","target":{"@type":"EntryPoint","urlTemplate":"https:\/\/blogit.gradia.fi\/psykaa\/?s={search_term_string}"},"query-input":{"@type":"PropertyValueSpecification","valueRequired":true,"valueName":"search_term_string"}}],"inLanguage":"fi"}]}},"uagb_featured_image_src":{"full":false,"thumbnail":false,"medium":false,"medium_large":false,"large":false,"1536x1536":false,"2048x2048":false,"post-thumbnail":false},"uagb_author_info":{"display_name":"Laura Teri\u00f6","author_link":"https:\/\/blogit.gradia.fi\/psykaa\/author\/lauralaa\/"},"uagb_comment_info":0,"uagb_excerpt":"Motiivi on toiminnan psyykkinen syy, vaikutin. Toiminnan taustalla voi olla yht\u00e4 aikaa useita motiiveja. Esim. uteliaisuus, ihailun ja arvostuksen tarve, kilpailunhalu. Motiivit voivat olla hyvin tiedostettuja eli tied\u00e4mme, miksi toimimme juuri tietyll\u00e4 tavalla, esim. treenaan kovaa, koska haluan olla paras, haluan hyv\u00e4n loppuarvosanan opinnoistani, haluan tehd\u00e4 vanhempani ylpeiksi jne. Joskus motiivit voivat olla tiedostamattomia, jolloin&hellip;","_links":{"self":[{"href":"https:\/\/blogit.gradia.fi\/psykaa\/wp-json\/wp\/v2\/pages\/124","targetHints":{"allow":["GET"]}}],"collection":[{"href":"https:\/\/blogit.gradia.fi\/psykaa\/wp-json\/wp\/v2\/pages"}],"about":[{"href":"https:\/\/blogit.gradia.fi\/psykaa\/wp-json\/wp\/v2\/types\/page"}],"author":[{"embeddable":true,"href":"https:\/\/blogit.gradia.fi\/psykaa\/wp-json\/wp\/v2\/users\/601"}],"replies":[{"embeddable":true,"href":"https:\/\/blogit.gradia.fi\/psykaa\/wp-json\/wp\/v2\/comments?post=124"}],"version-history":[{"count":0,"href":"https:\/\/blogit.gradia.fi\/psykaa\/wp-json\/wp\/v2\/pages\/124\/revisions"}],"wp:attachment":[{"href":"https:\/\/blogit.gradia.fi\/psykaa\/wp-json\/wp\/v2\/media?parent=124"}],"curies":[{"name":"wp","href":"https:\/\/api.w.org\/{rel}","templated":true}]}}