{"id":2,"date":"2020-11-25T14:32:03","date_gmt":"2020-11-25T12:32:03","guid":{"rendered":"https:\/\/blogit.gradia.fi\/peurunka\/?page_id=2"},"modified":"2020-12-10T10:46:25","modified_gmt":"2020-12-10T08:46:25","slug":"etusivu","status":"publish","type":"page","link":"https:\/\/blogit.gradia.fi\/peurunka\/","title":{"rendered":"Etusivu"},"content":{"rendered":"\n<p>Tervetuloa Ilveslahden siivouksen Peurungan perehdytyssivustolle! <\/p>\n\n\n\n<p><\/p>\n\n\n\n<p>T\u00e4m\u00e4 blogi sis\u00e4lt\u00e4\u00e4 perehdytysmateriaalin kerroshoitajan ty\u00f6h\u00f6n. L\u00f6yd\u00e4t t\u00e4\u00e4lt\u00e4 teoriatietoa hotelli- ja majoitustilojen toimintaymp\u00e4rist\u00f6st\u00e4 sek\u00e4 siivouksen ammattitekniikasta. L\u00f6yd\u00e4t ne yl\u00e4palkista kohdasta <strong>Siivouksen teoriaa.<\/strong><\/p>\n\n\n\n<p><\/p>\n\n\n\n<p><strong>Siivouksen ohjeet<\/strong> sivuilta l\u00f6yd\u00e4t Kylpyl\u00e4hotelli Peurungan kerroshoitajien ty\u00f6ohjeet<\/p>\n\n\n\n<ul class=\"wp-block-list\"><li>siivouskeskuksessa ty\u00f6skentelyyn<\/li><\/ul>\n\n\n\n<ul class=\"wp-block-list\"><li>siivous- ja hotellivaunun varustamiseen sek\u00e4<\/li><\/ul>\n\n\n\n<ul class=\"wp-block-list\"><li>hotellihuoneen siivoukseen<\/li><\/ul>\n\n\n\n<p>Siivouksen ohjeet sivulla voit my\u00f6s harjoitella ja kerrata annettuja toimintatapoja 360 kuvien avulla sek\u00e4 katsoa video siit\u00e4, miten l\u00e4htev\u00e4 huone siivotaan.<\/p>\n","protected":false},"excerpt":{"rendered":"<p>Tervetuloa Ilveslahden siivouksen Peurungan perehdytyssivustolle! T\u00e4m\u00e4 blogi sis\u00e4lt\u00e4\u00e4 perehdytysmateriaalin kerroshoitajan ty\u00f6h\u00f6n. L\u00f6yd\u00e4t t\u00e4\u00e4lt\u00e4 teoriatietoa hotelli- ja majoitustilojen toimintaymp\u00e4rist\u00f6st\u00e4 sek\u00e4 siivouksen ammattitekniikasta. L\u00f6yd\u00e4t ne yl\u00e4palkista kohdasta Siivouksen teoriaa. Siivouksen ohjeet sivuilta l\u00f6yd\u00e4t Kylpyl\u00e4hotelli Peurungan kerroshoitajien ty\u00f6ohjeet siivouskeskuksessa ty\u00f6skentelyyn siivous- ja hotellivaunun varustamiseen sek\u00e4 hotellihuoneen siivoukseen Siivouksen ohjeet sivulla voit my\u00f6s harjoitella ja kerrata annettuja toimintatapoja 360 [&hellip;]<\/p>\n","protected":false},"author":719,"featured_media":0,"parent":0,"menu_order":0,"comment_status":"closed","ping_status":"closed","template":"","meta":{"_uag_custom_page_level_css":"","footnotes":""},"class_list":["post-2","page","type-page","status-publish","hentry"],"yoast_head":"<!-- This site is optimized with the Yoast SEO plugin v27.4 - https:\/\/yoast.com\/product\/yoast-seo-wordpress\/ -->\n<title>Etusivu - Ilveslahden siivous<\/title>\n<meta name=\"robots\" content=\"index, follow, max-snippet:-1, max-image-preview:large, max-video-preview:-1\" \/>\n<link rel=\"canonical\" href=\"https:\/\/blogit.gradia.fi\/peurunka\/\" \/>\n<meta property=\"og:locale\" content=\"fi_FI\" \/>\n<meta property=\"og:type\" content=\"article\" \/>\n<meta property=\"og:title\" content=\"Etusivu - Ilveslahden siivous\" \/>\n<meta property=\"og:description\" content=\"Tervetuloa Ilveslahden siivouksen Peurungan perehdytyssivustolle! T\u00e4m\u00e4 blogi sis\u00e4lt\u00e4\u00e4 perehdytysmateriaalin kerroshoitajan ty\u00f6h\u00f6n. L\u00f6yd\u00e4t t\u00e4\u00e4lt\u00e4 teoriatietoa hotelli- ja majoitustilojen toimintaymp\u00e4rist\u00f6st\u00e4 sek\u00e4 siivouksen ammattitekniikasta. L\u00f6yd\u00e4t ne yl\u00e4palkista kohdasta Siivouksen teoriaa. Siivouksen ohjeet sivuilta l\u00f6yd\u00e4t Kylpyl\u00e4hotelli Peurungan kerroshoitajien ty\u00f6ohjeet siivouskeskuksessa ty\u00f6skentelyyn siivous- ja hotellivaunun varustamiseen sek\u00e4 hotellihuoneen siivoukseen Siivouksen ohjeet sivulla voit my\u00f6s harjoitella ja kerrata annettuja toimintatapoja 360 [&hellip;]\" \/>\n<meta property=\"og:url\" content=\"https:\/\/blogit.gradia.fi\/peurunka\/\" \/>\n<meta property=\"og:site_name\" content=\"Ilveslahden siivous\" \/>\n<meta property=\"article:modified_time\" content=\"2020-12-10T08:46:25+00:00\" \/>\n<meta name=\"twitter:card\" content=\"summary_large_image\" \/>\n<script type=\"application\/ld+json\" class=\"yoast-schema-graph\">{\"@context\":\"https:\\\/\\\/schema.org\",\"@graph\":[{\"@type\":\"WebPage\",\"@id\":\"https:\\\/\\\/blogit.gradia.fi\\\/peurunka\\\/\",\"url\":\"https:\\\/\\\/blogit.gradia.fi\\\/peurunka\\\/\",\"name\":\"Etusivu - Ilveslahden siivous\",\"isPartOf\":{\"@id\":\"https:\\\/\\\/blogit.gradia.fi\\\/peurunka\\\/#website\"},\"datePublished\":\"2020-11-25T12:32:03+00:00\",\"dateModified\":\"2020-12-10T08:46:25+00:00\",\"breadcrumb\":{\"@id\":\"https:\\\/\\\/blogit.gradia.fi\\\/peurunka\\\/#breadcrumb\"},\"inLanguage\":\"fi\",\"potentialAction\":[{\"@type\":\"ReadAction\",\"target\":[\"https:\\\/\\\/blogit.gradia.fi\\\/peurunka\\\/\"]}]},{\"@type\":\"BreadcrumbList\",\"@id\":\"https:\\\/\\\/blogit.gradia.fi\\\/peurunka\\\/#breadcrumb\",\"itemListElement\":[{\"@type\":\"ListItem\",\"position\":1,\"name\":\"Etusivu\",\"item\":\"https:\\\/\\\/blogit.gradia.fi\\\/peurunka\\\/\"},{\"@type\":\"ListItem\",\"position\":2,\"name\":\"Etusivu\"}]},{\"@type\":\"WebSite\",\"@id\":\"https:\\\/\\\/blogit.gradia.fi\\\/peurunka\\\/#website\",\"url\":\"https:\\\/\\\/blogit.gradia.fi\\\/peurunka\\\/\",\"name\":\"Ilveslahden siivous\",\"description\":\"Ilveslahden siivouksen perehdytys sivusto\",\"potentialAction\":[{\"@type\":\"SearchAction\",\"target\":{\"@type\":\"EntryPoint\",\"urlTemplate\":\"https:\\\/\\\/blogit.gradia.fi\\\/peurunka\\\/?s={search_term_string}\"},\"query-input\":{\"@type\":\"PropertyValueSpecification\",\"valueRequired\":true,\"valueName\":\"search_term_string\"}}],\"inLanguage\":\"fi\"}]}<\/script>\n<!-- \/ Yoast SEO plugin. -->","yoast_head_json":{"title":"Etusivu - Ilveslahden siivous","robots":{"index":"index","follow":"follow","max-snippet":"max-snippet:-1","max-image-preview":"max-image-preview:large","max-video-preview":"max-video-preview:-1"},"canonical":"https:\/\/blogit.gradia.fi\/peurunka\/","og_locale":"fi_FI","og_type":"article","og_title":"Etusivu - Ilveslahden siivous","og_description":"Tervetuloa Ilveslahden siivouksen Peurungan perehdytyssivustolle! T\u00e4m\u00e4 blogi sis\u00e4lt\u00e4\u00e4 perehdytysmateriaalin kerroshoitajan ty\u00f6h\u00f6n. L\u00f6yd\u00e4t t\u00e4\u00e4lt\u00e4 teoriatietoa hotelli- ja majoitustilojen toimintaymp\u00e4rist\u00f6st\u00e4 sek\u00e4 siivouksen ammattitekniikasta. L\u00f6yd\u00e4t ne yl\u00e4palkista kohdasta Siivouksen teoriaa. Siivouksen ohjeet sivuilta l\u00f6yd\u00e4t Kylpyl\u00e4hotelli Peurungan kerroshoitajien ty\u00f6ohjeet siivouskeskuksessa ty\u00f6skentelyyn siivous- ja hotellivaunun varustamiseen sek\u00e4 hotellihuoneen siivoukseen Siivouksen ohjeet sivulla voit my\u00f6s harjoitella ja kerrata annettuja toimintatapoja 360 [&hellip;]","og_url":"https:\/\/blogit.gradia.fi\/peurunka\/","og_site_name":"Ilveslahden siivous","article_modified_time":"2020-12-10T08:46:25+00:00","twitter_card":"summary_large_image","schema":{"@context":"https:\/\/schema.org","@graph":[{"@type":"WebPage","@id":"https:\/\/blogit.gradia.fi\/peurunka\/","url":"https:\/\/blogit.gradia.fi\/peurunka\/","name":"Etusivu - Ilveslahden siivous","isPartOf":{"@id":"https:\/\/blogit.gradia.fi\/peurunka\/#website"},"datePublished":"2020-11-25T12:32:03+00:00","dateModified":"2020-12-10T08:46:25+00:00","breadcrumb":{"@id":"https:\/\/blogit.gradia.fi\/peurunka\/#breadcrumb"},"inLanguage":"fi","potentialAction":[{"@type":"ReadAction","target":["https:\/\/blogit.gradia.fi\/peurunka\/"]}]},{"@type":"BreadcrumbList","@id":"https:\/\/blogit.gradia.fi\/peurunka\/#breadcrumb","itemListElement":[{"@type":"ListItem","position":1,"name":"Etusivu","item":"https:\/\/blogit.gradia.fi\/peurunka\/"},{"@type":"ListItem","position":2,"name":"Etusivu"}]},{"@type":"WebSite","@id":"https:\/\/blogit.gradia.fi\/peurunka\/#website","url":"https:\/\/blogit.gradia.fi\/peurunka\/","name":"Ilveslahden siivous","description":"Ilveslahden siivouksen perehdytys sivusto","potentialAction":[{"@type":"SearchAction","target":{"@type":"EntryPoint","urlTemplate":"https:\/\/blogit.gradia.fi\/peurunka\/?s={search_term_string}"},"query-input":{"@type":"PropertyValueSpecification","valueRequired":true,"valueName":"search_term_string"}}],"inLanguage":"fi"}]}},"uagb_featured_image_src":{"full":false,"thumbnail":false,"medium":false,"medium_large":false,"large":false,"1536x1536":false,"2048x2048":false,"post-thumbnail":false},"uagb_author_info":{"display_name":"Eija Kinnunen","author_link":"https:\/\/blogit.gradia.fi\/peurunka\/author\/eijakin\/"},"uagb_comment_info":0,"uagb_excerpt":"Tervetuloa Ilveslahden siivouksen Peurungan perehdytyssivustolle! T\u00e4m\u00e4 blogi sis\u00e4lt\u00e4\u00e4 perehdytysmateriaalin kerroshoitajan ty\u00f6h\u00f6n. L\u00f6yd\u00e4t t\u00e4\u00e4lt\u00e4 teoriatietoa hotelli- ja majoitustilojen toimintaymp\u00e4rist\u00f6st\u00e4 sek\u00e4 siivouksen ammattitekniikasta. L\u00f6yd\u00e4t ne yl\u00e4palkista kohdasta Siivouksen teoriaa. Siivouksen ohjeet sivuilta l\u00f6yd\u00e4t Kylpyl\u00e4hotelli Peurungan kerroshoitajien ty\u00f6ohjeet siivouskeskuksessa ty\u00f6skentelyyn siivous- ja hotellivaunun varustamiseen sek\u00e4 hotellihuoneen siivoukseen Siivouksen ohjeet sivulla voit my\u00f6s harjoitella ja kerrata annettuja toimintatapoja 360&hellip;","_links":{"self":[{"href":"https:\/\/blogit.gradia.fi\/peurunka\/wp-json\/wp\/v2\/pages\/2","targetHints":{"allow":["GET"]}}],"collection":[{"href":"https:\/\/blogit.gradia.fi\/peurunka\/wp-json\/wp\/v2\/pages"}],"about":[{"href":"https:\/\/blogit.gradia.fi\/peurunka\/wp-json\/wp\/v2\/types\/page"}],"author":[{"embeddable":true,"href":"https:\/\/blogit.gradia.fi\/peurunka\/wp-json\/wp\/v2\/users\/719"}],"replies":[{"embeddable":true,"href":"https:\/\/blogit.gradia.fi\/peurunka\/wp-json\/wp\/v2\/comments?post=2"}],"version-history":[{"count":14,"href":"https:\/\/blogit.gradia.fi\/peurunka\/wp-json\/wp\/v2\/pages\/2\/revisions"}],"predecessor-version":[{"id":87,"href":"https:\/\/blogit.gradia.fi\/peurunka\/wp-json\/wp\/v2\/pages\/2\/revisions\/87"}],"wp:attachment":[{"href":"https:\/\/blogit.gradia.fi\/peurunka\/wp-json\/wp\/v2\/media?parent=2"}],"curies":[{"name":"wp","href":"https:\/\/api.w.org\/{rel}","templated":true}]}}