{"id":10,"date":"2020-12-02T14:41:39","date_gmt":"2020-12-02T12:41:39","guid":{"rendered":"https:\/\/blogit.gradia.fi\/peurunka\/?page_id=10"},"modified":"2020-12-11T09:23:16","modified_gmt":"2020-12-11T07:23:16","slug":"siivouksen-ohjeet","status":"publish","type":"page","link":"https:\/\/blogit.gradia.fi\/peurunka\/etusivu\/siivouksen-ohjeet\/","title":{"rendered":"Siivouksen ohjeet"},"content":{"rendered":"\n<p>T\u00e4\u00e4lt\u00e4 l\u00f6yd\u00e4t Peurungan siivouksen ohjeet<\/p>\n\n\n\n<h2 class=\"wp-block-heading\">Siivouskeskuksessa ty\u00f6skentely<\/h2>\n\n\n\n<figure class=\"wp-block-audio\"><audio controls src=\"https:\/\/blogit.gradia.fi\/peurunka\/wp-content\/uploads\/sites\/187\/2020\/12\/Siivouskeskuksessa-tyoskentely.mp3\"><\/audio><\/figure>\n\n\n\n<p>Siivousvaunun varustaminen hotellihuoneen yll\u00e4pitosiivoukseen tapahtuu siivouskeskuksessa.<br><\/p>\n\n\n\n<h4 class=\"wp-block-heading\">P\u00e4iv\u00e4n aloitukseen liittyv\u00e4t ty\u00f6teht\u00e4v\u00e4t<\/h4>\n\n\n\n<p>Siivoustekstiilit (pyyhkeet ja mopit) kostutetaan k\u00e4ytt\u00f6valmiiksi pyykinpesukoneessa ja tarvittavat puhdistusaineet annostellaan k\u00e4ytt\u00f6liuospulloihin pesuaineannostelijan avulla.&nbsp;Ota esik\u00e4siteltyj\u00e4 siivouspyyhkeit\u00e4 ja moppeja ohjeiden mukainen m\u00e4\u00e4r\u00e4, kun teid\u00e4t montako huonetta siivoat alueellasi.<br><\/p>\n\n\n\n<h4 class=\"wp-block-heading\">P\u00e4iv\u00e4n lopetukseen liittyv\u00e4t ty\u00f6teht\u00e4v\u00e4t<\/h4>\n\n\n\n<p>Ty\u00f6p\u00e4iv\u00e4n p\u00e4\u00e4ttyess\u00e4 siivouskeskuksessa tehd\u00e4\u00e4n ty\u00f6n lopetukseen liittyv\u00e4t teht\u00e4v\u00e4t, kuten siivoustekstiilien lajittelu ja pesu, v\u00e4lineiden puhdistaminen, k\u00e4ytt\u00f6liuospullojen tyhjent\u00e4minen sek\u00e4 siivousvaunun t\u00e4ydent\u00e4minen seuraavaan k\u00e4ytt\u00f6kertaan.<br><br>Siivouskeskuksen siisteydest\u00e4 huolehtiminen kuuluu jokaiselle ty\u00f6ntekij\u00e4lle. <\/p>\n\n\n\n<h2 class=\"has-text-align-center wp-block-heading\"><strong>J\u00e4t\u00e4th\u00e4n siis siivouskeskuksen siistiin kuntoon!<\/strong><\/h2>\n\n\n\n<h4 class=\"wp-block-heading\">Harjoittele ja kertaa<\/h4>\n\n\n\n<p id=\"yui_3_17_2_1_1606991722193_2559\">Alla oleva siivouskeskuksen 360 kuvasta n\u00e4et siivouskeskuksessa ty\u00f6skentelyn ohjeita.<\/p>\n\n\n\n<p>Klikkaa kuva auki.&nbsp;<\/p>\n\n\n\n<p>Kuvassa olevista<strong>&nbsp;+<\/strong>-merkeist\u00e4 voit tarkistaa, mit\u00e4 sinun pit\u00e4\u00e4 muistaa<\/p>\n\n\n<div class=\"h5p-iframe-wrapper\"><iframe id=\"h5p-iframe-6\" class=\"h5p-iframe\" data-content-id=\"6\" style=\"height:1px\" src=\"about:blank\" frameBorder=\"0\" scrolling=\"no\" title=\"Peurungan siivouskeskus\"><\/iframe><\/div>\n\n\n\n<h2 class=\"wp-block-heading\"><strong>Siivousvaunun varustaminen<\/strong><\/h2>\n\n\n\n<p>Siivousvaunuun varataan riitt\u00e4v\u00e4 m\u00e4\u00e4r\u00e4 siivouspyyhkeit\u00e4 ja moppeja. Siivousv\u00e4linein\u00e4 k\u00e4ytet\u00e4\u00e4n kalusteharjaa, allasharjaa ja lattiankuivainta tai moppia.&nbsp;Lis\u00e4ksi siivousvaunuun t\u00e4ydennet\u00e4\u00e4n wc-paperirullia, roska- ja biopusseja.<\/p>\n\n\n\n<h4 class=\"wp-block-heading\" id=\"yui_3_17_2_1_1606991722193_2583\">Harjoittele ja kertaa<\/h4>\n\n\n\n<p id=\"yui_3_17_2_1_1606991722193_2559\">Alla oleva kuvasta n\u00e4et sen, miten sijoittelet siivousvaunuun tarvittavat tavarat yll\u00e4pitosiivousta varten.<\/p>\n\n\n\n<p>Klikkaa kuvat auki.&nbsp;<\/p>\n\n\n\n<p>Kuvassa olevista<strong>&nbsp;<\/strong>+-merkeist\u00e4 voit tarkistaa, mit\u00e4 sinun pit\u00e4\u00e4 muistaa<\/p>\n\n\n<div class=\"h5p-iframe-wrapper\"><iframe id=\"h5p-iframe-1\" class=\"h5p-iframe\" data-content-id=\"1\" style=\"height:1px\" src=\"about:blank\" frameBorder=\"0\" scrolling=\"no\" title=\"Siivousvaunun varustaminen\"><\/iframe><\/div>\n\n\n\n<h2 class=\"wp-block-heading\">Hotellivaunun t\u00e4ydent\u00e4minen<\/h2>\n\n\n\n<p>Hotellivaunu on kerroshoitajan t\u00e4rkein ja n\u00e4kyvin ty\u00f6v\u00e4line. Huonesiivouksen aikana hotellivaunu pidet\u00e4\u00e4n k\u00e4yt\u00e4v\u00e4ll\u00e4 l\u00e4hell\u00e4 siivottavaa huonetta askelten ja ajan s\u00e4\u00e4st\u00e4miseksi.&nbsp;<\/p>\n\n\n\n<p>Asiakkaat n\u00e4kev\u00e4t k\u00e4yt\u00e4v\u00e4ll\u00e4 siivous- ja hotellivaunun ja luovat mielikuvan palvelun laadusta. Siksi on t\u00e4rke\u00e4\u00e4, ett\u00e4 vaunu on asianmukaisesti ja yhteisesti sovitulla tavalla t\u00e4ytetty.<\/p>\n\n\n\n<p>Vaunu t\u00e4ytet\u00e4\u00e4n aina ty\u00f6p\u00e4iv\u00e4n lopussa valmiiksi seuraavaa ty\u00f6vuoroa varten. Vaunun alahyllylle laitetaan painavampia liinavaatteita ja kevyemm\u00e4t yl\u00e4hyllylle. N\u00e4in vaunun tasapaino s\u00e4ilyy. Vaunun toiselle sivulle laitetaan kylpypyyhkeet ja toiselle sivulle kylpytakit.<\/p>\n\n\n\n<p>Vaunun yl\u00e4tasoon laitetaan j\u00e4rjestyksess\u00e4 t\u00e4ydennystarvikkeet, kuten kertak\u00e4ytt\u00f6iset muoviset lasit sek\u00e4 sviitin tarvikkeet. Yl\u00e4tasolla s\u00e4ilytet\u00e4\u00e4n my\u00f6s p\u00e4iv\u00e4n orderi eli l\u00e4htevien ja jatkavien huoneiden listaus. Pid\u00e4 se katseilta piilossa asiakasturvallisuuden vuoksi.<\/p>\n\n\n\n<h4 class=\"wp-block-heading\">Harjoittele ja kertaa<\/h4>\n\n\n\n<p id=\"yui_3_17_2_1_1607000264082_2552\">Alla oleva kuva kertoo hotellivaunun t\u00e4yt\u00f6n t\u00e4rke\u00e4t kohdat.<\/p>\n\n\n\n<p>Klikkaa kuva auki.&nbsp;<\/p>\n\n\n\n<p>Hotellivaunun kuvassa olevista<strong>&nbsp;<\/strong>+-merkeist\u00e4 voit tarkistaa, ett\u00e4 olet muistanut t\u00e4ydent\u00e4\u00e4 kaikki tarvittavat asiat.<\/p>\n\n\n<div class=\"h5p-iframe-wrapper\"><iframe id=\"h5p-iframe-3\" class=\"h5p-iframe\" data-content-id=\"3\" style=\"height:1px\" src=\"about:blank\" frameBorder=\"0\" scrolling=\"no\" title=\"Hotellivaunun t\u00e4ydent\u00e4minen\"><\/iframe><\/div>\n\n\n\n<h2 class=\"wp-block-heading\">Hotellihuoneen yll\u00e4pitosiivous<\/h2>\n\n\n\n<figure class=\"wp-block-audio\"><audio controls src=\"https:\/\/blogit.gradia.fi\/peurunka\/wp-content\/uploads\/sites\/187\/2020\/12\/Hotellihuoneen-yllapitosiivous.mp3\"><\/audio><\/figure>\n\n\n\n<p>Korkeatasoinen puhtaus ja siisteys ovat t\u00e4rkeit\u00e4 osatekij\u00f6it\u00e4, jotka kuuluvat hotellissa majoittuvan asiakkaan odotuksiin. Asiakas rekister\u00f6i huoneen puhtauden usein tiedostamattomasti ja t\u00e4st\u00e4 johtuen pienet puutteet huomataan ja niist\u00e4 huomautetaan helposti. Asiakkaille tarkoitetut tarvikkeet ja varusteet kuten saippuat, shampoot, pyyhkeet ja paperit, tulee olla paikoillaan ja saatavilla.<\/p>\n\n\n\n<p id=\"yui_3_17_2_1_1606998330608_2609\">Wc- ja suihkutilan siivouksessa aseptinen ty\u00f6j\u00e4rjestys sek\u00e4 huolellinen pintojen pyyhint\u00e4 ovat t\u00e4rkeit\u00e4 hyv\u00e4n hygieniatason saavuttamiseksi. Wc:ss\u00e4 ja suihkussa oleva lika on mikrobilikaa sek\u00e4 veden haihtuessa, pinnalle j\u00e4\u00e4 kalkkisaostumaa ja ruostetta. Huonosti puhdistetulle ja kuivatulle lattialle syntyy helposti biofilmi\u00e4 ja punahometta.&nbsp;<\/p>\n\n\n\n<p>Hyv\u00e4 ilmanvaihto ja puhtaat pinnat tekev\u00e4t tilasta raikkaan.&nbsp;<\/p>\n\n\n\n<h4 class=\"wp-block-heading\" id=\"yui_3_17_2_1_1606998330608_2638\">Perehdy<\/h4>\n\n\n\n<p>Lue huolella palveluohje hotellihuoneen yll\u00e4pitosiivouksesta, ennen kuin aloitat ty\u00f6skentelyn kohteessa.<\/p>\n\n\n\n<div class=\"wp-block-file\"><a href=\"https:\/\/blogit.gradia.fi\/peurunka\/wp-content\/uploads\/sites\/187\/2020\/12\/Kerroshoidon-palveluohje_Peurunka.pdf\">Kerroshoidon-palveluohje_Peurunka<\/a><a href=\"https:\/\/blogit.gradia.fi\/peurunka\/wp-content\/uploads\/sites\/187\/2020\/12\/Kerroshoidon-palveluohje_Peurunka.pdf\" class=\"wp-block-file__button\" download>Lataa<\/a><\/div>\n\n\n\n<p><\/p>\n\n\n\n<p>Katso video l\u00e4htev\u00e4n hotellihuoneen yll\u00e4pitosiivouksesta. T\u00e4rke\u00e4t ja huomioitavat asiat ovat tekstitettyn\u00e4. Video pys\u00e4htyy tekstin kohdalla. Jatka videon katselua  painamalla play-painikkeesta.<\/p>\n\n\n<div class=\"h5p-iframe-wrapper\"><iframe id=\"h5p-iframe-2\" class=\"h5p-iframe\" data-content-id=\"2\" style=\"height:1px\" src=\"about:blank\" frameBorder=\"0\" scrolling=\"no\" title=\"Katso video hotellihuoneen siivouksesta\"><\/iframe><\/div>\n\n\n\n<h4 class=\"wp-block-heading\">Harjoittele ja kertaa<\/h4>\n\n\n\n<p id=\"yui_3_17_2_1_1607000264082_2552\">Alla oleva kuva n\u00e4ytt\u00e4\u00e4 sviitin siivouksen kriittiset pisteet eli t\u00e4rke\u00e4t kohdat.<\/p>\n\n\n\n<p>Klikkaa kuva auki.&nbsp;<\/p>\n\n\n\n<p>Sviitin 360 kuvassa olevista&nbsp;<strong>+<\/strong>-merkeist\u00e4 voit tarkistaa, ett\u00e4 olet muistanut&nbsp;viimeistell\u00e4 siivouksen.<strong>&nbsp;&gt;-&nbsp;<\/strong>merkist\u00e4 p\u00e4\u00e4set katsomaan wc- ja suihkutilan kriittiset pisteet eli siivouksen t\u00e4rke\u00e4t kohdat.<\/p>\n\n\n\n\n\n<p>Sviitti<\/p>\n\n\n<div class=\"h5p-iframe-wrapper\"><iframe id=\"h5p-iframe-5\" class=\"h5p-iframe\" data-content-id=\"5\" style=\"height:1px\" src=\"about:blank\" frameBorder=\"0\" scrolling=\"no\" title=\"Tarkista sviitin siivouksen kriittiset pisteet\"><\/iframe><\/div>\n","protected":false},"excerpt":{"rendered":"<p>T\u00e4\u00e4lt\u00e4 l\u00f6yd\u00e4t Peurungan siivouksen ohjeet Siivouskeskuksessa ty\u00f6skentely Siivousvaunun varustaminen hotellihuoneen yll\u00e4pitosiivoukseen tapahtuu siivouskeskuksessa. P\u00e4iv\u00e4n aloitukseen liittyv\u00e4t ty\u00f6teht\u00e4v\u00e4t Siivoustekstiilit (pyyhkeet ja mopit) kostutetaan k\u00e4ytt\u00f6valmiiksi pyykinpesukoneessa ja tarvittavat puhdistusaineet annostellaan k\u00e4ytt\u00f6liuospulloihin pesuaineannostelijan avulla.&nbsp;Ota esik\u00e4siteltyj\u00e4 siivouspyyhkeit\u00e4 ja moppeja ohjeiden mukainen m\u00e4\u00e4r\u00e4, kun teid\u00e4t montako huonetta siivoat alueellasi. P\u00e4iv\u00e4n lopetukseen liittyv\u00e4t ty\u00f6teht\u00e4v\u00e4t Ty\u00f6p\u00e4iv\u00e4n p\u00e4\u00e4ttyess\u00e4 siivouskeskuksessa tehd\u00e4\u00e4n ty\u00f6n lopetukseen liittyv\u00e4t [&hellip;]<\/p>\n","protected":false},"author":1,"featured_media":0,"parent":2,"menu_order":0,"comment_status":"closed","ping_status":"closed","template":"","meta":{"_uag_custom_page_level_css":"","footnotes":""},"class_list":["post-10","page","type-page","status-publish","hentry"],"yoast_head":"<!-- This site is optimized with the Yoast SEO plugin v27.4 - https:\/\/yoast.com\/product\/yoast-seo-wordpress\/ -->\n<title>Siivouksen ohjeet - Ilveslahden siivous<\/title>\n<meta name=\"robots\" content=\"index, follow, max-snippet:-1, max-image-preview:large, max-video-preview:-1\" \/>\n<link rel=\"canonical\" href=\"https:\/\/blogit.gradia.fi\/peurunka\/etusivu\/siivouksen-ohjeet\/\" \/>\n<meta property=\"og:locale\" content=\"fi_FI\" \/>\n<meta property=\"og:type\" content=\"article\" \/>\n<meta property=\"og:title\" content=\"Siivouksen ohjeet - Ilveslahden siivous\" \/>\n<meta property=\"og:description\" content=\"T\u00e4\u00e4lt\u00e4 l\u00f6yd\u00e4t Peurungan siivouksen ohjeet Siivouskeskuksessa ty\u00f6skentely Siivousvaunun varustaminen hotellihuoneen yll\u00e4pitosiivoukseen tapahtuu siivouskeskuksessa. P\u00e4iv\u00e4n aloitukseen liittyv\u00e4t ty\u00f6teht\u00e4v\u00e4t Siivoustekstiilit (pyyhkeet ja mopit) kostutetaan k\u00e4ytt\u00f6valmiiksi pyykinpesukoneessa ja tarvittavat puhdistusaineet annostellaan k\u00e4ytt\u00f6liuospulloihin pesuaineannostelijan avulla.&nbsp;Ota esik\u00e4siteltyj\u00e4 siivouspyyhkeit\u00e4 ja moppeja ohjeiden mukainen m\u00e4\u00e4r\u00e4, kun teid\u00e4t montako huonetta siivoat alueellasi. P\u00e4iv\u00e4n lopetukseen liittyv\u00e4t ty\u00f6teht\u00e4v\u00e4t Ty\u00f6p\u00e4iv\u00e4n p\u00e4\u00e4ttyess\u00e4 siivouskeskuksessa tehd\u00e4\u00e4n ty\u00f6n lopetukseen liittyv\u00e4t [&hellip;]\" \/>\n<meta property=\"og:url\" content=\"https:\/\/blogit.gradia.fi\/peurunka\/etusivu\/siivouksen-ohjeet\/\" \/>\n<meta property=\"og:site_name\" content=\"Ilveslahden siivous\" \/>\n<meta property=\"article:modified_time\" content=\"2020-12-11T07:23:16+00:00\" \/>\n<meta name=\"twitter:card\" content=\"summary_large_image\" \/>\n<meta name=\"twitter:label1\" content=\"Arvioitu lukuaika\" \/>\n\t<meta name=\"twitter:data1\" content=\"3 minuuttia\" \/>\n<script type=\"application\/ld+json\" class=\"yoast-schema-graph\">{\"@context\":\"https:\\\/\\\/schema.org\",\"@graph\":[{\"@type\":\"WebPage\",\"@id\":\"https:\\\/\\\/blogit.gradia.fi\\\/peurunka\\\/etusivu\\\/siivouksen-ohjeet\\\/\",\"url\":\"https:\\\/\\\/blogit.gradia.fi\\\/peurunka\\\/etusivu\\\/siivouksen-ohjeet\\\/\",\"name\":\"Siivouksen ohjeet - Ilveslahden siivous\",\"isPartOf\":{\"@id\":\"https:\\\/\\\/blogit.gradia.fi\\\/peurunka\\\/#website\"},\"datePublished\":\"2020-12-02T12:41:39+00:00\",\"dateModified\":\"2020-12-11T07:23:16+00:00\",\"breadcrumb\":{\"@id\":\"https:\\\/\\\/blogit.gradia.fi\\\/peurunka\\\/etusivu\\\/siivouksen-ohjeet\\\/#breadcrumb\"},\"inLanguage\":\"fi\",\"potentialAction\":[{\"@type\":\"ReadAction\",\"target\":[\"https:\\\/\\\/blogit.gradia.fi\\\/peurunka\\\/etusivu\\\/siivouksen-ohjeet\\\/\"]}]},{\"@type\":\"BreadcrumbList\",\"@id\":\"https:\\\/\\\/blogit.gradia.fi\\\/peurunka\\\/etusivu\\\/siivouksen-ohjeet\\\/#breadcrumb\",\"itemListElement\":[{\"@type\":\"ListItem\",\"position\":1,\"name\":\"Etusivu\",\"item\":\"https:\\\/\\\/blogit.gradia.fi\\\/peurunka\\\/\"},{\"@type\":\"ListItem\",\"position\":2,\"name\":\"Etusivu\",\"item\":\"https:\\\/\\\/blogit.gradia.fi\\\/peurunka\\\/\"},{\"@type\":\"ListItem\",\"position\":3,\"name\":\"Siivouksen ohjeet\"}]},{\"@type\":\"WebSite\",\"@id\":\"https:\\\/\\\/blogit.gradia.fi\\\/peurunka\\\/#website\",\"url\":\"https:\\\/\\\/blogit.gradia.fi\\\/peurunka\\\/\",\"name\":\"Ilveslahden siivous\",\"description\":\"Ilveslahden siivouksen perehdytys sivusto\",\"potentialAction\":[{\"@type\":\"SearchAction\",\"target\":{\"@type\":\"EntryPoint\",\"urlTemplate\":\"https:\\\/\\\/blogit.gradia.fi\\\/peurunka\\\/?s={search_term_string}\"},\"query-input\":{\"@type\":\"PropertyValueSpecification\",\"valueRequired\":true,\"valueName\":\"search_term_string\"}}],\"inLanguage\":\"fi\"}]}<\/script>\n<!-- \/ Yoast SEO plugin. -->","yoast_head_json":{"title":"Siivouksen ohjeet - Ilveslahden siivous","robots":{"index":"index","follow":"follow","max-snippet":"max-snippet:-1","max-image-preview":"max-image-preview:large","max-video-preview":"max-video-preview:-1"},"canonical":"https:\/\/blogit.gradia.fi\/peurunka\/etusivu\/siivouksen-ohjeet\/","og_locale":"fi_FI","og_type":"article","og_title":"Siivouksen ohjeet - Ilveslahden siivous","og_description":"T\u00e4\u00e4lt\u00e4 l\u00f6yd\u00e4t Peurungan siivouksen ohjeet Siivouskeskuksessa ty\u00f6skentely Siivousvaunun varustaminen hotellihuoneen yll\u00e4pitosiivoukseen tapahtuu siivouskeskuksessa. P\u00e4iv\u00e4n aloitukseen liittyv\u00e4t ty\u00f6teht\u00e4v\u00e4t Siivoustekstiilit (pyyhkeet ja mopit) kostutetaan k\u00e4ytt\u00f6valmiiksi pyykinpesukoneessa ja tarvittavat puhdistusaineet annostellaan k\u00e4ytt\u00f6liuospulloihin pesuaineannostelijan avulla.&nbsp;Ota esik\u00e4siteltyj\u00e4 siivouspyyhkeit\u00e4 ja moppeja ohjeiden mukainen m\u00e4\u00e4r\u00e4, kun teid\u00e4t montako huonetta siivoat alueellasi. P\u00e4iv\u00e4n lopetukseen liittyv\u00e4t ty\u00f6teht\u00e4v\u00e4t Ty\u00f6p\u00e4iv\u00e4n p\u00e4\u00e4ttyess\u00e4 siivouskeskuksessa tehd\u00e4\u00e4n ty\u00f6n lopetukseen liittyv\u00e4t [&hellip;]","og_url":"https:\/\/blogit.gradia.fi\/peurunka\/etusivu\/siivouksen-ohjeet\/","og_site_name":"Ilveslahden siivous","article_modified_time":"2020-12-11T07:23:16+00:00","twitter_card":"summary_large_image","twitter_misc":{"Arvioitu lukuaika":"3 minuuttia"},"schema":{"@context":"https:\/\/schema.org","@graph":[{"@type":"WebPage","@id":"https:\/\/blogit.gradia.fi\/peurunka\/etusivu\/siivouksen-ohjeet\/","url":"https:\/\/blogit.gradia.fi\/peurunka\/etusivu\/siivouksen-ohjeet\/","name":"Siivouksen ohjeet - Ilveslahden siivous","isPartOf":{"@id":"https:\/\/blogit.gradia.fi\/peurunka\/#website"},"datePublished":"2020-12-02T12:41:39+00:00","dateModified":"2020-12-11T07:23:16+00:00","breadcrumb":{"@id":"https:\/\/blogit.gradia.fi\/peurunka\/etusivu\/siivouksen-ohjeet\/#breadcrumb"},"inLanguage":"fi","potentialAction":[{"@type":"ReadAction","target":["https:\/\/blogit.gradia.fi\/peurunka\/etusivu\/siivouksen-ohjeet\/"]}]},{"@type":"BreadcrumbList","@id":"https:\/\/blogit.gradia.fi\/peurunka\/etusivu\/siivouksen-ohjeet\/#breadcrumb","itemListElement":[{"@type":"ListItem","position":1,"name":"Etusivu","item":"https:\/\/blogit.gradia.fi\/peurunka\/"},{"@type":"ListItem","position":2,"name":"Etusivu","item":"https:\/\/blogit.gradia.fi\/peurunka\/"},{"@type":"ListItem","position":3,"name":"Siivouksen ohjeet"}]},{"@type":"WebSite","@id":"https:\/\/blogit.gradia.fi\/peurunka\/#website","url":"https:\/\/blogit.gradia.fi\/peurunka\/","name":"Ilveslahden siivous","description":"Ilveslahden siivouksen perehdytys sivusto","potentialAction":[{"@type":"SearchAction","target":{"@type":"EntryPoint","urlTemplate":"https:\/\/blogit.gradia.fi\/peurunka\/?s={search_term_string}"},"query-input":{"@type":"PropertyValueSpecification","valueRequired":true,"valueName":"search_term_string"}}],"inLanguage":"fi"}]}},"uagb_featured_image_src":{"full":false,"thumbnail":false,"medium":false,"medium_large":false,"large":false,"1536x1536":false,"2048x2048":false,"post-thumbnail":false},"uagb_author_info":{"display_name":"gradmin","author_link":"https:\/\/blogit.gradia.fi\/peurunka\/author\/gradmin\/"},"uagb_comment_info":0,"uagb_excerpt":"T\u00e4\u00e4lt\u00e4 l\u00f6yd\u00e4t Peurungan siivouksen ohjeet Siivouskeskuksessa ty\u00f6skentely Siivousvaunun varustaminen hotellihuoneen yll\u00e4pitosiivoukseen tapahtuu siivouskeskuksessa. P\u00e4iv\u00e4n aloitukseen liittyv\u00e4t ty\u00f6teht\u00e4v\u00e4t Siivoustekstiilit (pyyhkeet ja mopit) kostutetaan k\u00e4ytt\u00f6valmiiksi pyykinpesukoneessa ja tarvittavat puhdistusaineet annostellaan k\u00e4ytt\u00f6liuospulloihin pesuaineannostelijan avulla.&nbsp;Ota esik\u00e4siteltyj\u00e4 siivouspyyhkeit\u00e4 ja moppeja ohjeiden mukainen m\u00e4\u00e4r\u00e4, kun teid\u00e4t montako huonetta siivoat alueellasi. P\u00e4iv\u00e4n lopetukseen liittyv\u00e4t ty\u00f6teht\u00e4v\u00e4t Ty\u00f6p\u00e4iv\u00e4n p\u00e4\u00e4ttyess\u00e4 siivouskeskuksessa tehd\u00e4\u00e4n ty\u00f6n lopetukseen liittyv\u00e4t&hellip;","_links":{"self":[{"href":"https:\/\/blogit.gradia.fi\/peurunka\/wp-json\/wp\/v2\/pages\/10","targetHints":{"allow":["GET"]}}],"collection":[{"href":"https:\/\/blogit.gradia.fi\/peurunka\/wp-json\/wp\/v2\/pages"}],"about":[{"href":"https:\/\/blogit.gradia.fi\/peurunka\/wp-json\/wp\/v2\/types\/page"}],"author":[{"embeddable":true,"href":"https:\/\/blogit.gradia.fi\/peurunka\/wp-json\/wp\/v2\/users\/1"}],"replies":[{"embeddable":true,"href":"https:\/\/blogit.gradia.fi\/peurunka\/wp-json\/wp\/v2\/comments?post=10"}],"version-history":[{"count":29,"href":"https:\/\/blogit.gradia.fi\/peurunka\/wp-json\/wp\/v2\/pages\/10\/revisions"}],"predecessor-version":[{"id":178,"href":"https:\/\/blogit.gradia.fi\/peurunka\/wp-json\/wp\/v2\/pages\/10\/revisions\/178"}],"up":[{"embeddable":true,"href":"https:\/\/blogit.gradia.fi\/peurunka\/wp-json\/wp\/v2\/pages\/2"}],"wp:attachment":[{"href":"https:\/\/blogit.gradia.fi\/peurunka\/wp-json\/wp\/v2\/media?parent=10"}],"curies":[{"name":"wp","href":"https:\/\/api.w.org\/{rel}","templated":true}]}}