{"id":248,"date":"2017-03-14T11:48:03","date_gmt":"2017-03-14T09:48:03","guid":{"rendered":"https:\/\/blogit.gradia.fi\/parastaosaamista\/?page_id=248"},"modified":"2019-02-12T11:57:17","modified_gmt":"2019-02-12T09:57:17","slug":"hankekuvaus","status":"publish","type":"page","link":"https:\/\/blogit.gradia.fi\/parastaosaamista\/hankekuvaus\/","title":{"rendered":"Hankekuvaus"},"content":{"rendered":"<h1>Parasta osaamista -verkostohanke<\/h1>\n<p>Parasta osaamista -hankkeen avulla tuetaan opetus- ja ohjaushenkil\u00f6st\u00f6n ty\u00f6- ja toimintatapojen uudistumista toimintaymp\u00e4rist\u00f6n ja lains\u00e4\u00e4d\u00e4nn\u00f6n muuttuessa.<\/p>\n<p><span style=\"font-family: Calibri\">Hankkeen avulla kehitet\u00e4\u00e4n ja varmistetaan reformin tavoitteiden mukaista toimenpiteiden valtakunnallista, yhdenmukaista laatua ja luodaan yhten\u00e4isyytt\u00e4 k\u00e4yt\u00e4nt\u00f6ihin.<\/span><\/p>\n<p>Lis\u00e4ksi hankkeen avulla tuetaan erilaisten oppimisymp\u00e4rist\u00f6jen hy\u00f6dynt\u00e4mist\u00e4 osaamisperusteisen ja asiakaskeskeisen ammatillisen koulutuksen kehitt\u00e4misess\u00e4 ja toteuttamisessa yhdess\u00e4 ty\u00f6el\u00e4m\u00e4n kanssa.<\/p>\n<p>Hanke tukee ja valmentaa ty\u00f6paikkoja toimimaan uudistuvan ammatillisen koulutuksen oppimisymp\u00e4rist\u00f6in\u00e4.<\/p>\n<p>Hankkeella varmistetaan ty\u00f6el\u00e4m\u00e4n osallistumista ammatillisen koulutuksen reformin suunnitteluun ja toteuttamiseen.<\/p>\n<p><strong>Hankkeen toteutusaika: 1.1.2017 \u2013 31.12.2019 <\/strong><\/p>\n<h2>Tavoitteet<\/h2>\n<p>1. Selvitt\u00e4\u00e4 keskeiset osaamisvaatimukset ja tarpeet opetus- ja ohjaushenkil\u00f6st\u00f6n osaamisen kehitt\u00e4miselle.<br \/>\n2. Laatia esitys modulaariseksi osaamiskokonaisuudeksi kartoitettujen vaatimusten ja tarpeiden pohjalta.<br \/>\n3. Valmistella ja levitt\u00e4\u00e4 koulutuksen j\u00e4rjest\u00e4jien k\u00e4ytt\u00f6\u00f6n opetus- ja ohjaushenkil\u00f6st\u00f6n osaamisen kehitt\u00e4misen toimintamalleja ja materiaaleja sek\u00e4 koulutusta.<br \/>\n4. Laatia koulutuksen j\u00e4rjest\u00e4jien k\u00e4ytt\u00f6\u00f6n ty\u00f6paikalla j\u00e4rjestett\u00e4v\u00e4n koulutuksen toimintamalleja ja materiaaleja.<br \/>\n5. Laatia koulutuksen j\u00e4rjest\u00e4jien k\u00e4ytt\u00f6\u00f6n ty\u00f6paikkaohjaajien perehdytt\u00e4misen toimintamalleja ja materiaaleja.<\/p>\n<h2>Tulokset<\/h2>\n<p>Tavoite 1.<br \/>\n\u2022 Kooste uudistuvan opettajuuden ja ohjauksen keskeisist\u00e4 osaamistarpeista.<\/p>\n<p>Tavoite 2.<br \/>\n\u2022 Modulaariset koulutuskokonaisuuden teemoittain.<br \/>\n\u2022 Koulutusten pilottitoteutuksia 20-30 kpl (menettelytapoja koulutuksista erilaisiin toiminnallisiin t\u00e4ydennyskoulutus- ja muihin osaamisen kehitt\u00e4misen menetelmiin).<\/p>\n<p>Tavoite 3.<br \/>\n\u2022 S\u00e4hk\u00f6isell\u00e4 alustalla avoimesti ja helposti kaikkien koulutuksen j\u00e4rjest\u00e4jien saatavilla teemoittain vaiheessa (tavoite 2.) suunniteltuja ja pilotoituja koulutuksia sek\u00e4 hyv\u00e4ksi havaittuja toimintamalleja ja tukimateriaaleja.<br \/>\n\u2022 Toteutettuja koulutuksia kattavasti ymp\u00e4ri Suomen.<\/p>\n<p>Tavoite 4.<br \/>\n\u2022 Alueellisia ty\u00f6el\u00e4m\u00e4foorumeja 25-35 kpl.<br \/>\n\u2022 Oppilaitosten ja ty\u00f6el\u00e4m\u00e4n yhteinen n\u00e4kemys ty\u00f6paikalla j\u00e4rjestett\u00e4v\u00e4n koulutuksen toimintamalleista.<br \/>\n\u2022 Prosessikuvaus ty\u00f6paikalla j\u00e4rjestett\u00e4v\u00e4st\u00e4 koulutuksesta (koulutussopimus ja oppisopimus).<br \/>\n\u2022 Ty\u00f6paikalla j\u00e4rjestett\u00e4v\u00e4n koulutuksen laadun varmistamisen muistilista.<br \/>\n\u2022 Koulutussopimuksen mallipohja.<br \/>\n\u2022 N\u00e4in arvioit osaamista \u2013 opas opiskelijalle, ty\u00f6paikkaohjaajalle ja opettajalle.<\/p>\n<p>Tavoite 5.<br \/>\n\u2022 Ty\u00f6el\u00e4m\u00e4n tarpeita vastaavat ty\u00f6paikkaohjaajien perehdytt\u00e4misen ja kouluttamisen toteutusmallit ja niiden tukimateriaalit.<br \/>\n\u2022 Toteutettuja ty\u00f6paikkaohjaajakoulutuksia 20-30 kpl.<br \/>\n\u2022 Koulutettuja ty\u00f6paikkaohjaajia 300-400 kpl.<br \/>\n\u2022 Perehdytettyj\u00e4 koulutuksen j\u00e4rjest\u00e4ji\u00e4 40-50 kpl.<\/p>\n<h3>Hankkeen p\u00e4\u00e4koordinaattori<\/h3>\n<p>Jyv\u00e4skyl\u00e4n koulutuskuntayhtym\u00e4 Gradia<\/p>\n<h3>Hankkeen muut toteuttajat<\/h3>\n<p><strong>Ammatilliset koulutuksen j\u00e4rjest\u00e4j\u00e4t:<\/strong><br \/>\nJyv\u00e4skyl\u00e4n koulutuskuntayhtym\u00e4 Gradia<br \/>\nEspoon seudun koulutuskuntayhtym\u00e4 Omnia<br \/>\nKemi-Tornionlaakson koulutuskuntayhtym\u00e4 Lappia<br \/>\nL\u00e4nsirannikon koulutus Oy WinNova<br \/>\nPohjois-Karjalan koulutuskuntayhtym\u00e4 Riveria<br \/>\nKoulutuskeskus Salpaus<br \/>\nSein\u00e4joen koulutuskuntayhtym\u00e4 Sedu<br \/>\nTampereen seudun ammattiopisto Tredu (Tampereen kaupunki)<br \/>\nAmmattiopisto Spesia Oy<br \/>\nYrkesakademin i \u00d6sterbotten<\/p>\n<p><strong>Ammatilliset opettajakorkeakoulut:<\/strong><br \/>\nHaaga-Helia ammattikorkeakoulu, Ammatillinen opettajakorkeakoulu<br \/>\nH\u00e4meen ammattikorkeakoulu, Ammatillinen opettajakorkeakoulu<br \/>\nJyv\u00e4skyl\u00e4n ammattikorkeakoulu, Ammatillinen opettajakorkeakoulu<br \/>\nOulun ammattikorkeakoulu, Ammatillinen opettajakorkeakoulu<br \/>\nTampereen ammattikorkeakoulu, Ammatillinen opettajakorkeakoulu<\/p>\n<h3>Hankkeen yhteyshenkil\u00f6<\/h3>\n<p>Pia Tolonen, projektip\u00e4\u00e4llikk\u00f6, Jyv\u00e4skyl\u00e4n koulutuskuntayhtym\u00e4 Gradia, puh. 040 341 5844<\/p>\n<h3>Rahoittaja<\/h3>\n<p>Opetushallitus<br \/>\nOpetus- ja kulttuuriministeri\u00f6<\/p>\n<hr \/>\n<h1>B\u00e4sta kunnande -n\u00e4tverksprojektet<\/h1>\n<p>Som en del av \u00e5tg\u00e4rdsprogrammet f\u00f6r utvecklingen av undervisnings- och handledningspersonalens kunnande startar man upp n\u00e4tverksprojektet B\u00e4sta kunnande, vars uppgift \u00e4r att i samarbete med utbildningsanordnarna, de yrkespedagogiska l\u00e4rarh\u00f6gskolorna och sakkunniga inom yrkesutbildning<\/p>\n<p>1. kartl\u00e4gga de centrala kraven och behoven som den f\u00f6r\u00e4ndrade verksamhetsmilj\u00f6n och den reformerade yrkesutbildningen st\u00e4ller p\u00e5 kunnandet hos undervisnings- och handledningspersonalen. S\u00e4rskilda tyngdpunktsomr\u00e5den utg\u00f6r kompetensinriktningen (bla. personlig till\u00e4mpning, handledning, bed\u00f6mning av kunnande, inh\u00e4mtande av kunnande), utbildning som ordnas p\u00e5 arbetsplatser (bla. organisering, handledning, bed\u00f6mning), kvalitetsledning och digitalisering).<\/p>\n<p>2. utifr\u00e5n kartlagda krav och behov f\u00f6rbereda ett f\u00f6rslag p\u00e5 en modul\u00e4r kompetenshelhet, inom vilken man kan st\u00f6da en kontinuerlig utveckling och f\u00f6rnyelse av kunnandet hos undervisnings- och handledningspersonalen. I det f\u00f6rberedande arbetet ska man anv\u00e4nda sig av de erfarenheter man f\u00e5tt via examensm\u00e4starutbildningen och utbildningen av arbetsplatshandledare och arbetsplatsutbildare.<\/p>\n<p>3. till utbildningsanordnarnas f\u00f6rfogande f\u00f6rbereda och sprida behovspr\u00f6vade verksamhetsmodeller (s\u00e4rskilt digitala l\u00f6sningar) samt utbildning f\u00f6r utvecklingen av kunnande hos undervisnings- och handledningspersonalen<\/p>\n<p>4. till utbildningsanordnarnas f\u00f6rfogande f\u00f6rbereda och sprida verksamhetsmodeller och st\u00f6dmaterial samt utbildning f\u00f6r ordnande av utbildning p\u00e5 arbetsplatser, avtal och planering av den, handledning, \u00f6vervakning samt genomf\u00f6rande av bed\u00f6mning av kunnande.<\/p>\n<p>5. till utbildningsanordnarnas f\u00f6rfogande f\u00f6rbereda och sprida verksamhetsmodeller och st\u00f6dmaterial f\u00f6r introduktion av arbetsplatshandledare, d\u00e4r man s\u00e4rskilt anv\u00e4nder sig av digitala l\u00f6sningar.<\/p>\n<h3><\/h3>\n<h3><strong>M\u00e5lgrupp:<\/strong><\/h3>\n<p>Projektets m\u00e5lgrupp \u00e4r undervisnings- och handledningspersonal<\/p>\n<h3><strong>Start- &amp; slutdatum:<\/strong><\/h3>\n<p>31.12.16 -30.12.19<\/p>\n<h3><strong>Finansi\u00e4r:<\/strong><\/h3>\n<p>Utbildningsstyrelsen delfinansierar n\u00e4tverksprojektet<\/p>\n<h3><strong>Partner:<\/strong><\/h3>\n<p>Jyv\u00e4skyl\u00e4n koulutuskuntayhtym\u00e4 Gradia (koordinator), Sedu, WinNova, Omnia, Lappia, Riveria, Tredu, Spesia, Salpaus samt YA! (ansvarar f\u00f6r svenskspr\u00e5kig spridning). Yrkesl\u00e4rarh\u00f6gskolor och \u00c5bo Akademi medverkar ocks\u00e5 i n\u00e4tverksprojektet.<\/p>\n","protected":false},"excerpt":{"rendered":"<p>Parasta osaamista -verkostohanke Parasta osaamista -hankkeen avulla tuetaan opetus- ja ohjaushenkil\u00f6st\u00f6n ty\u00f6- ja toimintatapojen uudistumista toimintaymp\u00e4rist\u00f6n ja lains\u00e4\u00e4d\u00e4nn\u00f6n muuttuessa. Hankkeen avulla kehitet\u00e4\u00e4n ja varmistetaan reformin tavoitteiden mukaista toimenpiteiden valtakunnallista, yhdenmukaista laatua ja luodaan yhten\u00e4isyytt\u00e4&#46;&#46;&#46;<\/p>\n","protected":false},"author":1,"featured_media":0,"parent":0,"menu_order":0,"comment_status":"closed","ping_status":"closed","template":"","meta":{"_uag_custom_page_level_css":"","footnotes":""},"class_list":["post-248","page","type-page","status-publish","hentry"],"yoast_head":"<!-- This site is optimized with the Yoast SEO plugin v27.4 - https:\/\/yoast.com\/product\/yoast-seo-wordpress\/ -->\n<title>Hankekuvaus - Parasta osaamista -verkostohanke - B\u00e4sta kunnande -n\u00e4tverksprojektet Blogisivusto<\/title>\n<meta name=\"robots\" content=\"index, follow, max-snippet:-1, max-image-preview:large, max-video-preview:-1\" \/>\n<link rel=\"canonical\" href=\"https:\/\/blogit.gradia.fi\/parastaosaamista\/hankekuvaus\/\" \/>\n<meta property=\"og:locale\" content=\"fi_FI\" \/>\n<meta property=\"og:type\" content=\"article\" \/>\n<meta property=\"og:title\" content=\"Hankekuvaus - Parasta osaamista -verkostohanke - B\u00e4sta kunnande -n\u00e4tverksprojektet Blogisivusto\" \/>\n<meta property=\"og:description\" content=\"Parasta osaamista -verkostohanke Parasta osaamista -hankkeen avulla tuetaan opetus- ja ohjaushenkil\u00f6st\u00f6n ty\u00f6- ja toimintatapojen uudistumista toimintaymp\u00e4rist\u00f6n ja lains\u00e4\u00e4d\u00e4nn\u00f6n muuttuessa. Hankkeen avulla kehitet\u00e4\u00e4n ja varmistetaan reformin tavoitteiden mukaista toimenpiteiden valtakunnallista, yhdenmukaista laatua ja luodaan yhten\u00e4isyytt\u00e4&#046;&#046;&#046;\" \/>\n<meta property=\"og:url\" content=\"https:\/\/blogit.gradia.fi\/parastaosaamista\/hankekuvaus\/\" \/>\n<meta property=\"og:site_name\" content=\"Parasta osaamista -verkostohanke - B\u00e4sta kunnande -n\u00e4tverksprojektet Blogisivusto\" \/>\n<meta property=\"article:modified_time\" content=\"2019-02-12T09:57:17+00:00\" \/>\n<meta name=\"twitter:card\" content=\"summary_large_image\" \/>\n<meta name=\"twitter:label1\" content=\"Arvioitu lukuaika\" \/>\n\t<meta name=\"twitter:data1\" content=\"4 minuuttia\" \/>\n<script type=\"application\/ld+json\" class=\"yoast-schema-graph\">{\"@context\":\"https:\\\/\\\/schema.org\",\"@graph\":[{\"@type\":\"WebPage\",\"@id\":\"https:\\\/\\\/blogit.gradia.fi\\\/parastaosaamista\\\/hankekuvaus\\\/\",\"url\":\"https:\\\/\\\/blogit.gradia.fi\\\/parastaosaamista\\\/hankekuvaus\\\/\",\"name\":\"Hankekuvaus - Parasta osaamista -verkostohanke - B\u00e4sta kunnande -n\u00e4tverksprojektet Blogisivusto\",\"isPartOf\":{\"@id\":\"https:\\\/\\\/blogit.gradia.fi\\\/parastaosaamista\\\/#website\"},\"datePublished\":\"2017-03-14T09:48:03+00:00\",\"dateModified\":\"2019-02-12T09:57:17+00:00\",\"inLanguage\":\"fi\",\"potentialAction\":[{\"@type\":\"ReadAction\",\"target\":[\"https:\\\/\\\/blogit.gradia.fi\\\/parastaosaamista\\\/hankekuvaus\\\/\"]}]},{\"@type\":\"WebSite\",\"@id\":\"https:\\\/\\\/blogit.gradia.fi\\\/parastaosaamista\\\/#website\",\"url\":\"https:\\\/\\\/blogit.gradia.fi\\\/parastaosaamista\\\/\",\"name\":\"Parasta osaamista -verkostohanke - B\u00e4sta kunnande -n\u00e4tverksprojektet Blogisivusto\",\"description\":\"\",\"potentialAction\":[{\"@type\":\"SearchAction\",\"target\":{\"@type\":\"EntryPoint\",\"urlTemplate\":\"https:\\\/\\\/blogit.gradia.fi\\\/parastaosaamista\\\/?s={search_term_string}\"},\"query-input\":{\"@type\":\"PropertyValueSpecification\",\"valueRequired\":true,\"valueName\":\"search_term_string\"}}],\"inLanguage\":\"fi\"}]}<\/script>\n<!-- \/ Yoast SEO plugin. -->","yoast_head_json":{"title":"Hankekuvaus - Parasta osaamista -verkostohanke - B\u00e4sta kunnande -n\u00e4tverksprojektet Blogisivusto","robots":{"index":"index","follow":"follow","max-snippet":"max-snippet:-1","max-image-preview":"max-image-preview:large","max-video-preview":"max-video-preview:-1"},"canonical":"https:\/\/blogit.gradia.fi\/parastaosaamista\/hankekuvaus\/","og_locale":"fi_FI","og_type":"article","og_title":"Hankekuvaus - Parasta osaamista -verkostohanke - B\u00e4sta kunnande -n\u00e4tverksprojektet Blogisivusto","og_description":"Parasta osaamista -verkostohanke Parasta osaamista -hankkeen avulla tuetaan opetus- ja ohjaushenkil\u00f6st\u00f6n ty\u00f6- ja toimintatapojen uudistumista toimintaymp\u00e4rist\u00f6n ja lains\u00e4\u00e4d\u00e4nn\u00f6n muuttuessa. Hankkeen avulla kehitet\u00e4\u00e4n ja varmistetaan reformin tavoitteiden mukaista toimenpiteiden valtakunnallista, yhdenmukaista laatua ja luodaan yhten\u00e4isyytt\u00e4&#46;&#46;&#46;","og_url":"https:\/\/blogit.gradia.fi\/parastaosaamista\/hankekuvaus\/","og_site_name":"Parasta osaamista -verkostohanke - B\u00e4sta kunnande -n\u00e4tverksprojektet Blogisivusto","article_modified_time":"2019-02-12T09:57:17+00:00","twitter_card":"summary_large_image","twitter_misc":{"Arvioitu lukuaika":"4 minuuttia"},"schema":{"@context":"https:\/\/schema.org","@graph":[{"@type":"WebPage","@id":"https:\/\/blogit.gradia.fi\/parastaosaamista\/hankekuvaus\/","url":"https:\/\/blogit.gradia.fi\/parastaosaamista\/hankekuvaus\/","name":"Hankekuvaus - Parasta osaamista -verkostohanke - B\u00e4sta kunnande -n\u00e4tverksprojektet Blogisivusto","isPartOf":{"@id":"https:\/\/blogit.gradia.fi\/parastaosaamista\/#website"},"datePublished":"2017-03-14T09:48:03+00:00","dateModified":"2019-02-12T09:57:17+00:00","inLanguage":"fi","potentialAction":[{"@type":"ReadAction","target":["https:\/\/blogit.gradia.fi\/parastaosaamista\/hankekuvaus\/"]}]},{"@type":"WebSite","@id":"https:\/\/blogit.gradia.fi\/parastaosaamista\/#website","url":"https:\/\/blogit.gradia.fi\/parastaosaamista\/","name":"Parasta osaamista -verkostohanke - B\u00e4sta kunnande -n\u00e4tverksprojektet Blogisivusto","description":"","potentialAction":[{"@type":"SearchAction","target":{"@type":"EntryPoint","urlTemplate":"https:\/\/blogit.gradia.fi\/parastaosaamista\/?s={search_term_string}"},"query-input":{"@type":"PropertyValueSpecification","valueRequired":true,"valueName":"search_term_string"}}],"inLanguage":"fi"}]}},"uagb_featured_image_src":{"full":false,"thumbnail":false,"medium":false,"medium_large":false,"large":false,"1536x1536":false,"2048x2048":false,"thumb-small":false,"thumb-standard":false,"thumb-medium":false,"thumb-large":false,"thumb-xlarge":false,"thumb-xxlarge":false},"uagb_author_info":{"display_name":"gradmin","author_link":"https:\/\/blogit.gradia.fi\/parastaosaamista\/author\/gradmin\/"},"uagb_comment_info":0,"uagb_excerpt":"Parasta osaamista -verkostohanke Parasta osaamista -hankkeen avulla tuetaan opetus- ja ohjaushenkil\u00f6st\u00f6n ty\u00f6- ja toimintatapojen uudistumista toimintaymp\u00e4rist\u00f6n ja lains\u00e4\u00e4d\u00e4nn\u00f6n muuttuessa. Hankkeen avulla kehitet\u00e4\u00e4n ja varmistetaan reformin tavoitteiden mukaista toimenpiteiden valtakunnallista, yhdenmukaista laatua ja luodaan yhten\u00e4isyytt\u00e4&#46;&#46;&#46;","_links":{"self":[{"href":"https:\/\/blogit.gradia.fi\/parastaosaamista\/wp-json\/wp\/v2\/pages\/248","targetHints":{"allow":["GET"]}}],"collection":[{"href":"https:\/\/blogit.gradia.fi\/parastaosaamista\/wp-json\/wp\/v2\/pages"}],"about":[{"href":"https:\/\/blogit.gradia.fi\/parastaosaamista\/wp-json\/wp\/v2\/types\/page"}],"author":[{"embeddable":true,"href":"https:\/\/blogit.gradia.fi\/parastaosaamista\/wp-json\/wp\/v2\/users\/1"}],"replies":[{"embeddable":true,"href":"https:\/\/blogit.gradia.fi\/parastaosaamista\/wp-json\/wp\/v2\/comments?post=248"}],"version-history":[{"count":1,"href":"https:\/\/blogit.gradia.fi\/parastaosaamista\/wp-json\/wp\/v2\/pages\/248\/revisions"}],"predecessor-version":[{"id":1831,"href":"https:\/\/blogit.gradia.fi\/parastaosaamista\/wp-json\/wp\/v2\/pages\/248\/revisions\/1831"}],"wp:attachment":[{"href":"https:\/\/blogit.gradia.fi\/parastaosaamista\/wp-json\/wp\/v2\/media?parent=248"}],"curies":[{"name":"wp","href":"https:\/\/api.w.org\/{rel}","templated":true}]}}