{"id":616,"date":"2019-11-15T14:02:25","date_gmt":"2019-11-15T12:02:25","guid":{"rendered":"https:\/\/blogit.gradia.fi\/parastadigiohjausta\/?page_id=616"},"modified":"2019-11-15T14:02:26","modified_gmt":"2019-11-15T12:02:26","slug":"seurannan-malli","status":"publish","type":"page","link":"https:\/\/blogit.gradia.fi\/parastadigiohjausta\/seurannan-malli\/","title":{"rendered":"Seurannan malli"},"content":{"rendered":"\n<figure class=\"wp-block-image\"><img loading=\"lazy\" decoding=\"async\" width=\"800\" height=\"450\" src=\"https:\/\/blogit.gradia.fi\/parastadigiohjausta\/wp-content\/uploads\/sites\/6\/2019\/11\/image.png\" alt=\"\" class=\"wp-image-617\" srcset=\"https:\/\/blogit.gradia.fi\/parastadigiohjausta\/wp-content\/uploads\/sites\/6\/2019\/11\/image.png 800w, https:\/\/blogit.gradia.fi\/parastadigiohjausta\/wp-content\/uploads\/sites\/6\/2019\/11\/image-300x169.png 300w, https:\/\/blogit.gradia.fi\/parastadigiohjausta\/wp-content\/uploads\/sites\/6\/2019\/11\/image-768x432.png 768w\" sizes=\"auto, (max-width: 800px) 100vw, 800px\" \/><\/figure>\n\n\n\n<figure class=\"wp-block-image\"><img loading=\"lazy\" decoding=\"async\" width=\"800\" height=\"450\" src=\"https:\/\/blogit.gradia.fi\/parastadigiohjausta\/wp-content\/uploads\/sites\/6\/2019\/11\/image-1.png\" alt=\"\" class=\"wp-image-618\" srcset=\"https:\/\/blogit.gradia.fi\/parastadigiohjausta\/wp-content\/uploads\/sites\/6\/2019\/11\/image-1.png 800w, https:\/\/blogit.gradia.fi\/parastadigiohjausta\/wp-content\/uploads\/sites\/6\/2019\/11\/image-1-300x169.png 300w, https:\/\/blogit.gradia.fi\/parastadigiohjausta\/wp-content\/uploads\/sites\/6\/2019\/11\/image-1-768x432.png 768w\" sizes=\"auto, (max-width: 800px) 100vw, 800px\" \/><\/figure>\n\n\n\n<figure class=\"wp-block-image\"><img loading=\"lazy\" decoding=\"async\" width=\"800\" height=\"450\" src=\"https:\/\/blogit.gradia.fi\/parastadigiohjausta\/wp-content\/uploads\/sites\/6\/2019\/11\/image-3.png\" alt=\"\" class=\"wp-image-620\" srcset=\"https:\/\/blogit.gradia.fi\/parastadigiohjausta\/wp-content\/uploads\/sites\/6\/2019\/11\/image-3.png 800w, https:\/\/blogit.gradia.fi\/parastadigiohjausta\/wp-content\/uploads\/sites\/6\/2019\/11\/image-3-300x169.png 300w, https:\/\/blogit.gradia.fi\/parastadigiohjausta\/wp-content\/uploads\/sites\/6\/2019\/11\/image-3-768x432.png 768w\" sizes=\"auto, (max-width: 800px) 100vw, 800px\" \/><\/figure>\n\n\n\n<figure class=\"wp-block-image\"><img loading=\"lazy\" decoding=\"async\" width=\"800\" height=\"450\" src=\"https:\/\/blogit.gradia.fi\/parastadigiohjausta\/wp-content\/uploads\/sites\/6\/2019\/11\/image-4.png\" alt=\"\" class=\"wp-image-621\" srcset=\"https:\/\/blogit.gradia.fi\/parastadigiohjausta\/wp-content\/uploads\/sites\/6\/2019\/11\/image-4.png 800w, https:\/\/blogit.gradia.fi\/parastadigiohjausta\/wp-content\/uploads\/sites\/6\/2019\/11\/image-4-300x169.png 300w, https:\/\/blogit.gradia.fi\/parastadigiohjausta\/wp-content\/uploads\/sites\/6\/2019\/11\/image-4-768x432.png 768w\" sizes=\"auto, (max-width: 800px) 100vw, 800px\" \/><\/figure>\n","protected":false},"excerpt":{"rendered":"","protected":false},"author":75,"featured_media":0,"parent":0,"menu_order":0,"comment_status":"closed","ping_status":"closed","template":"","meta":{"_uag_custom_page_level_css":"","footnotes":""},"class_list":["post-616","page","type-page","status-publish","hentry"],"yoast_head":"<!-- This site is optimized with the Yoast SEO plugin v27.4 - https:\/\/yoast.com\/product\/yoast-seo-wordpress\/ -->\n<title>Seurannan malli - Parasta DigiOhjausta<\/title>\n<meta name=\"robots\" content=\"index, follow, max-snippet:-1, max-image-preview:large, max-video-preview:-1\" \/>\n<link rel=\"canonical\" href=\"https:\/\/blogit.gradia.fi\/parastadigiohjausta\/seurannan-malli\/\" \/>\n<meta property=\"og:locale\" content=\"fi_FI\" \/>\n<meta property=\"og:type\" content=\"article\" \/>\n<meta property=\"og:title\" content=\"Seurannan malli - Parasta DigiOhjausta\" \/>\n<meta property=\"og:url\" content=\"https:\/\/blogit.gradia.fi\/parastadigiohjausta\/seurannan-malli\/\" \/>\n<meta property=\"og:site_name\" content=\"Parasta DigiOhjausta\" \/>\n<meta property=\"article:modified_time\" content=\"2019-11-15T12:02:26+00:00\" \/>\n<meta property=\"og:image\" content=\"https:\/\/blogit.gradia.fi\/parastadigiohjausta\/wp-content\/uploads\/sites\/6\/2019\/11\/image.png\" \/>\n<meta name=\"twitter:card\" content=\"summary_large_image\" \/>\n<script type=\"application\/ld+json\" class=\"yoast-schema-graph\">{\"@context\":\"https:\\\/\\\/schema.org\",\"@graph\":[{\"@type\":\"WebPage\",\"@id\":\"https:\\\/\\\/blogit.gradia.fi\\\/parastadigiohjausta\\\/seurannan-malli\\\/\",\"url\":\"https:\\\/\\\/blogit.gradia.fi\\\/parastadigiohjausta\\\/seurannan-malli\\\/\",\"name\":\"Seurannan malli - Parasta DigiOhjausta\",\"isPartOf\":{\"@id\":\"https:\\\/\\\/blogit.gradia.fi\\\/parastadigiohjausta\\\/#website\"},\"primaryImageOfPage\":{\"@id\":\"https:\\\/\\\/blogit.gradia.fi\\\/parastadigiohjausta\\\/seurannan-malli\\\/#primaryimage\"},\"image\":{\"@id\":\"https:\\\/\\\/blogit.gradia.fi\\\/parastadigiohjausta\\\/seurannan-malli\\\/#primaryimage\"},\"thumbnailUrl\":\"https:\\\/\\\/blogit.gradia.fi\\\/parastadigiohjausta\\\/wp-content\\\/uploads\\\/sites\\\/6\\\/2019\\\/11\\\/image.png\",\"datePublished\":\"2019-11-15T12:02:25+00:00\",\"dateModified\":\"2019-11-15T12:02:26+00:00\",\"inLanguage\":\"fi\",\"potentialAction\":[{\"@type\":\"ReadAction\",\"target\":[\"https:\\\/\\\/blogit.gradia.fi\\\/parastadigiohjausta\\\/seurannan-malli\\\/\"]}]},{\"@type\":\"ImageObject\",\"inLanguage\":\"fi\",\"@id\":\"https:\\\/\\\/blogit.gradia.fi\\\/parastadigiohjausta\\\/seurannan-malli\\\/#primaryimage\",\"url\":\"https:\\\/\\\/blogit.gradia.fi\\\/parastadigiohjausta\\\/wp-content\\\/uploads\\\/sites\\\/6\\\/2019\\\/11\\\/image.png\",\"contentUrl\":\"https:\\\/\\\/blogit.gradia.fi\\\/parastadigiohjausta\\\/wp-content\\\/uploads\\\/sites\\\/6\\\/2019\\\/11\\\/image.png\",\"width\":800,\"height\":450},{\"@type\":\"WebSite\",\"@id\":\"https:\\\/\\\/blogit.gradia.fi\\\/parastadigiohjausta\\\/#website\",\"url\":\"https:\\\/\\\/blogit.gradia.fi\\\/parastadigiohjausta\\\/\",\"name\":\"Parasta DigiOhjausta\",\"description\":\"Digiv\u00e4lineit\u00e4 ty\u00f6el\u00e4m\u00e4ss\u00e4 oppimisen ohjaamiseen ja yhteydenpitoon ty\u00f6paikoille\",\"potentialAction\":[{\"@type\":\"SearchAction\",\"target\":{\"@type\":\"EntryPoint\",\"urlTemplate\":\"https:\\\/\\\/blogit.gradia.fi\\\/parastadigiohjausta\\\/?s={search_term_string}\"},\"query-input\":{\"@type\":\"PropertyValueSpecification\",\"valueRequired\":true,\"valueName\":\"search_term_string\"}}],\"inLanguage\":\"fi\"}]}<\/script>\n<!-- \/ Yoast SEO plugin. -->","yoast_head_json":{"title":"Seurannan malli - Parasta DigiOhjausta","robots":{"index":"index","follow":"follow","max-snippet":"max-snippet:-1","max-image-preview":"max-image-preview:large","max-video-preview":"max-video-preview:-1"},"canonical":"https:\/\/blogit.gradia.fi\/parastadigiohjausta\/seurannan-malli\/","og_locale":"fi_FI","og_type":"article","og_title":"Seurannan malli - Parasta DigiOhjausta","og_url":"https:\/\/blogit.gradia.fi\/parastadigiohjausta\/seurannan-malli\/","og_site_name":"Parasta DigiOhjausta","article_modified_time":"2019-11-15T12:02:26+00:00","og_image":[{"url":"https:\/\/blogit.gradia.fi\/parastadigiohjausta\/wp-content\/uploads\/sites\/6\/2019\/11\/image.png","type":"","width":"","height":""}],"twitter_card":"summary_large_image","schema":{"@context":"https:\/\/schema.org","@graph":[{"@type":"WebPage","@id":"https:\/\/blogit.gradia.fi\/parastadigiohjausta\/seurannan-malli\/","url":"https:\/\/blogit.gradia.fi\/parastadigiohjausta\/seurannan-malli\/","name":"Seurannan malli - Parasta DigiOhjausta","isPartOf":{"@id":"https:\/\/blogit.gradia.fi\/parastadigiohjausta\/#website"},"primaryImageOfPage":{"@id":"https:\/\/blogit.gradia.fi\/parastadigiohjausta\/seurannan-malli\/#primaryimage"},"image":{"@id":"https:\/\/blogit.gradia.fi\/parastadigiohjausta\/seurannan-malli\/#primaryimage"},"thumbnailUrl":"https:\/\/blogit.gradia.fi\/parastadigiohjausta\/wp-content\/uploads\/sites\/6\/2019\/11\/image.png","datePublished":"2019-11-15T12:02:25+00:00","dateModified":"2019-11-15T12:02:26+00:00","inLanguage":"fi","potentialAction":[{"@type":"ReadAction","target":["https:\/\/blogit.gradia.fi\/parastadigiohjausta\/seurannan-malli\/"]}]},{"@type":"ImageObject","inLanguage":"fi","@id":"https:\/\/blogit.gradia.fi\/parastadigiohjausta\/seurannan-malli\/#primaryimage","url":"https:\/\/blogit.gradia.fi\/parastadigiohjausta\/wp-content\/uploads\/sites\/6\/2019\/11\/image.png","contentUrl":"https:\/\/blogit.gradia.fi\/parastadigiohjausta\/wp-content\/uploads\/sites\/6\/2019\/11\/image.png","width":800,"height":450},{"@type":"WebSite","@id":"https:\/\/blogit.gradia.fi\/parastadigiohjausta\/#website","url":"https:\/\/blogit.gradia.fi\/parastadigiohjausta\/","name":"Parasta DigiOhjausta","description":"Digiv\u00e4lineit\u00e4 ty\u00f6el\u00e4m\u00e4ss\u00e4 oppimisen ohjaamiseen ja yhteydenpitoon ty\u00f6paikoille","potentialAction":[{"@type":"SearchAction","target":{"@type":"EntryPoint","urlTemplate":"https:\/\/blogit.gradia.fi\/parastadigiohjausta\/?s={search_term_string}"},"query-input":{"@type":"PropertyValueSpecification","valueRequired":true,"valueName":"search_term_string"}}],"inLanguage":"fi"}]}},"uagb_featured_image_src":{"full":false,"thumbnail":false,"medium":false,"medium_large":false,"large":false,"1536x1536":false,"2048x2048":false,"thumb-small":false,"thumb-standard":false,"thumb-medium":false,"thumb-large":false,"thumb-xlarge":false,"thumb-xxlarge":false},"uagb_author_info":{"display_name":"Kirsi Salonen","author_link":"https:\/\/blogit.gradia.fi\/parastadigiohjausta\/author\/salonkir\/"},"uagb_comment_info":0,"uagb_excerpt":null,"post_mailing_queue_ids":[],"_links":{"self":[{"href":"https:\/\/blogit.gradia.fi\/parastadigiohjausta\/wp-json\/wp\/v2\/pages\/616","targetHints":{"allow":["GET"]}}],"collection":[{"href":"https:\/\/blogit.gradia.fi\/parastadigiohjausta\/wp-json\/wp\/v2\/pages"}],"about":[{"href":"https:\/\/blogit.gradia.fi\/parastadigiohjausta\/wp-json\/wp\/v2\/types\/page"}],"author":[{"embeddable":true,"href":"https:\/\/blogit.gradia.fi\/parastadigiohjausta\/wp-json\/wp\/v2\/users\/75"}],"replies":[{"embeddable":true,"href":"https:\/\/blogit.gradia.fi\/parastadigiohjausta\/wp-json\/wp\/v2\/comments?post=616"}],"version-history":[{"count":1,"href":"https:\/\/blogit.gradia.fi\/parastadigiohjausta\/wp-json\/wp\/v2\/pages\/616\/revisions"}],"predecessor-version":[{"id":622,"href":"https:\/\/blogit.gradia.fi\/parastadigiohjausta\/wp-json\/wp\/v2\/pages\/616\/revisions\/622"}],"wp:attachment":[{"href":"https:\/\/blogit.gradia.fi\/parastadigiohjausta\/wp-json\/wp\/v2\/media?parent=616"}],"curies":[{"name":"wp","href":"https:\/\/api.w.org\/{rel}","templated":true}]}}