{"id":491,"date":"2019-09-26T13:01:35","date_gmt":"2019-09-26T10:01:35","guid":{"rendered":"https:\/\/blogit.gradia.fi\/parastadigiohjausta\/?page_id=491"},"modified":"2019-09-30T10:00:07","modified_gmt":"2019-09-30T07:00:07","slug":"pilotoidut-sovellukset-ja-ohjekortit","status":"publish","type":"page","link":"https:\/\/blogit.gradia.fi\/parastadigiohjausta\/pilotoidut-sovellukset-ja-ohjekortit\/","title":{"rendered":"Opettajien ohjekortit ja videot pilotoiduista sovelluksista"},"content":{"rendered":"\n<div class=\"wp-block-file\"><a href=\"https:\/\/blogit.gradia.fi\/parastadigiohjausta\/wp-content\/uploads\/sites\/6\/2019\/09\/Ohjekortti_wilma.docx\"><br><br>Wilma<\/a><a href=\"https:\/\/blogit.gradia.fi\/parastadigiohjausta\/wp-content\/uploads\/sites\/6\/2019\/09\/Ohjekortti_wilma.docx\" class=\"wp-block-file__button\" download>Lataa<\/a><\/div>\n\n\n\n<figure class=\"wp-block-embed-youtube wp-block-embed is-type-video is-provider-youtube wp-embed-aspect-16-9 wp-has-aspect-ratio\"><div class=\"wp-block-embed__wrapper\">\n<div class=\"video-container\"><iframe loading=\"lazy\" title=\"Wilma digiohjauksessa\" width=\"500\" height=\"281\" src=\"https:\/\/www.youtube.com\/embed\/dmAnvIyFXTw?start=29&#038;feature=oembed&#038;wmode=opaque\" frameborder=\"0\" allow=\"accelerometer; autoplay; clipboard-write; encrypted-media; gyroscope; picture-in-picture; web-share\" referrerpolicy=\"strict-origin-when-cross-origin\" allowfullscreen><\/iframe><\/div>\n<\/div><\/figure>\n\n\n\n<div class=\"wp-block-file\"><a href=\"https:\/\/blogit.gradia.fi\/parastadigiohjausta\/wp-content\/uploads\/sites\/6\/2019\/09\/Ohjekortti_Moodle_t\u00e4ydennetty.docx\">Moodle<\/a><a href=\"https:\/\/blogit.gradia.fi\/parastadigiohjausta\/wp-content\/uploads\/sites\/6\/2019\/09\/Ohjekortti_Moodle_t\u00e4ydennetty.docx\" class=\"wp-block-file__button\" download>Lataa<\/a><\/div>\n\n\n\n<div class=\"wp-block-file\"><a href=\"https:\/\/blogit.gradia.fi\/parastadigiohjausta\/wp-content\/uploads\/sites\/6\/2019\/09\/Ohjekortti-Video-tai-ryhm\u00e4puhelu.docx\">Video- tai ryhm\u00e4puhelu<\/a><a href=\"https:\/\/blogit.gradia.fi\/parastadigiohjausta\/wp-content\/uploads\/sites\/6\/2019\/09\/Ohjekortti-Video-tai-ryhm\u00e4puhelu.docx\" class=\"wp-block-file__button\" download>Lataa<\/a><\/div>\n\n\n\n<div class=\"wp-block-file\"><a href=\"https:\/\/blogit.gradia.fi\/parastadigiohjausta\/wp-content\/uploads\/sites\/6\/2019\/09\/Ohjekortti-Workseed.docx\">Workseed<\/a><a href=\"https:\/\/blogit.gradia.fi\/parastadigiohjausta\/wp-content\/uploads\/sites\/6\/2019\/09\/Ohjekortti-Workseed.docx\" class=\"wp-block-file__button\" download>Lataa<\/a><\/div>\n\n\n\n<div class=\"wp-block-file\"><a href=\"https:\/\/blogit.gradia.fi\/parastadigiohjausta\/wp-content\/uploads\/sites\/6\/2019\/09\/Ohjekortti-Itslearning.docx\">Itslearning<\/a><a href=\"https:\/\/blogit.gradia.fi\/parastadigiohjausta\/wp-content\/uploads\/sites\/6\/2019\/09\/Ohjekortti-Itslearning.docx\" class=\"wp-block-file__button\" download>Lataa<\/a><\/div>\n\n\n\n<div class=\"wp-block-file\"><a href=\"https:\/\/blogit.gradia.fi\/parastadigiohjausta\/wp-content\/uploads\/sites\/6\/2019\/09\/Ohjekortti-Futural-Skills.docx\">Futural Skills<\/a><a href=\"https:\/\/blogit.gradia.fi\/parastadigiohjausta\/wp-content\/uploads\/sites\/6\/2019\/09\/Ohjekortti-Futural-Skills.docx\" class=\"wp-block-file__button\" download>Lataa<\/a><\/div>\n\n\n\n<div class=\"wp-block-file\"><a href=\"https:\/\/blogit.gradia.fi\/parastadigiohjausta\/wp-content\/uploads\/sites\/6\/2019\/09\/Ohjekortti-Edukit.docx\">Edukit<\/a><a href=\"https:\/\/blogit.gradia.fi\/parastadigiohjausta\/wp-content\/uploads\/sites\/6\/2019\/09\/Ohjekortti-Edukit.docx\" class=\"wp-block-file__button\" download>Lataa<\/a><\/div>\n\n\n\n<div class=\"wp-block-file\"><a href=\"https:\/\/blogit.gradia.fi\/parastadigiohjausta\/wp-content\/uploads\/sites\/6\/2019\/09\/Ohjekortti_Teams_OSAO.docx\">Teams<\/a><a href=\"https:\/\/blogit.gradia.fi\/parastadigiohjausta\/wp-content\/uploads\/sites\/6\/2019\/09\/Ohjekortti_Teams_OSAO.docx\" class=\"wp-block-file__button\" download>Lataa<\/a><\/div>\n\n\n\n<div class=\"wp-block-file\"><a href=\"https:\/\/blogit.gradia.fi\/parastadigiohjausta\/wp-content\/uploads\/sites\/6\/2019\/09\/Ohjekortti_mobiiliohjaus-kotopro.docx\">Mobiili-Alvar<\/a><a href=\"https:\/\/blogit.gradia.fi\/parastadigiohjausta\/wp-content\/uploads\/sites\/6\/2019\/09\/Ohjekortti_mobiiliohjaus-kotopro.docx\" class=\"wp-block-file__button\" download>Lataa<\/a><\/div>\n\n\n\n<div class=\"wp-block-file\"><a href=\"https:\/\/blogit.gradia.fi\/parastadigiohjausta\/wp-content\/uploads\/sites\/6\/2019\/09\/Ohjekortti_foreammatti-Tallennettu-automaattisesti.docx\">Foreammatti <\/a><a href=\"https:\/\/blogit.gradia.fi\/parastadigiohjausta\/wp-content\/uploads\/sites\/6\/2019\/09\/Ohjekortti_foreammatti-Tallennettu-automaattisesti.docx\" class=\"wp-block-file__button\" download>Lataa<\/a><\/div>\n\n\n\n<div class=\"wp-block-file\"><a href=\"https:\/\/blogit.gradia.fi\/parastadigiohjausta\/wp-content\/uploads\/sites\/6\/2019\/09\/Ohjekortti-QR-koodit.docx\">QR-koodit<\/a><a href=\"https:\/\/blogit.gradia.fi\/parastadigiohjausta\/wp-content\/uploads\/sites\/6\/2019\/09\/Ohjekortti-QR-koodit.docx\" class=\"wp-block-file__button\" download>Lataa<\/a><\/div>\n\n\n\n<div class=\"wp-block-file\"><a href=\"https:\/\/blogit.gradia.fi\/parastadigiohjausta\/wp-content\/uploads\/sites\/6\/2019\/09\/Ohjekortti-ohjausvideoiden-tekeminen.docx\">Ohjausvideoiden tekeminen<\/a><a href=\"https:\/\/blogit.gradia.fi\/parastadigiohjausta\/wp-content\/uploads\/sites\/6\/2019\/09\/Ohjekortti-ohjausvideoiden-tekeminen.docx\" class=\"wp-block-file__button\" download>Lataa<\/a><\/div>\n\n\n\n<div class=\"wp-block-file\"><a href=\"https:\/\/blogit.gradia.fi\/parastadigiohjausta\/wp-content\/uploads\/sites\/6\/2019\/09\/Ohjekortti_O365-Forms.docx\">O365 Forms<\/a><a href=\"https:\/\/blogit.gradia.fi\/parastadigiohjausta\/wp-content\/uploads\/sites\/6\/2019\/09\/Ohjekortti_O365-Forms.docx\" class=\"wp-block-file__button\" download>Lataa<\/a><\/div>\n\n\n\n<div class=\"wp-block-file\"><a href=\"https:\/\/blogit.gradia.fi\/parastadigiohjausta\/wp-content\/uploads\/sites\/6\/2019\/09\/Ohjekortti-Facebook.docx\">Facebook<\/a><a href=\"https:\/\/blogit.gradia.fi\/parastadigiohjausta\/wp-content\/uploads\/sites\/6\/2019\/09\/Ohjekortti-Facebook.docx\" class=\"wp-block-file__button\" download>Lataa<\/a><\/div>\n\n\n","protected":false},"excerpt":{"rendered":"","protected":false},"author":75,"featured_media":0,"parent":0,"menu_order":0,"comment_status":"closed","ping_status":"closed","template":"","meta":{"_uag_custom_page_level_css":"","footnotes":""},"class_list":["post-491","page","type-page","status-publish","hentry"],"yoast_head":"<!-- This site is optimized with the Yoast SEO plugin v27.4 - https:\/\/yoast.com\/product\/yoast-seo-wordpress\/ -->\n<title>Opettajien ohjekortit ja videot pilotoiduista sovelluksista - Parasta DigiOhjausta<\/title>\n<meta name=\"robots\" content=\"index, follow, max-snippet:-1, max-image-preview:large, max-video-preview:-1\" \/>\n<link rel=\"canonical\" href=\"https:\/\/blogit.gradia.fi\/parastadigiohjausta\/pilotoidut-sovellukset-ja-ohjekortit\/\" \/>\n<meta property=\"og:locale\" content=\"fi_FI\" \/>\n<meta property=\"og:type\" content=\"article\" \/>\n<meta property=\"og:title\" content=\"Opettajien ohjekortit ja videot pilotoiduista sovelluksista - Parasta DigiOhjausta\" \/>\n<meta property=\"og:url\" content=\"https:\/\/blogit.gradia.fi\/parastadigiohjausta\/pilotoidut-sovellukset-ja-ohjekortit\/\" \/>\n<meta property=\"og:site_name\" content=\"Parasta DigiOhjausta\" \/>\n<meta property=\"article:modified_time\" content=\"2019-09-30T07:00:07+00:00\" \/>\n<meta name=\"twitter:card\" content=\"summary_large_image\" \/>\n<script type=\"application\/ld+json\" class=\"yoast-schema-graph\">{\"@context\":\"https:\\\/\\\/schema.org\",\"@graph\":[{\"@type\":\"WebPage\",\"@id\":\"https:\\\/\\\/blogit.gradia.fi\\\/parastadigiohjausta\\\/pilotoidut-sovellukset-ja-ohjekortit\\\/\",\"url\":\"https:\\\/\\\/blogit.gradia.fi\\\/parastadigiohjausta\\\/pilotoidut-sovellukset-ja-ohjekortit\\\/\",\"name\":\"Opettajien ohjekortit ja videot pilotoiduista sovelluksista - Parasta DigiOhjausta\",\"isPartOf\":{\"@id\":\"https:\\\/\\\/blogit.gradia.fi\\\/parastadigiohjausta\\\/#website\"},\"datePublished\":\"2019-09-26T10:01:35+00:00\",\"dateModified\":\"2019-09-30T07:00:07+00:00\",\"inLanguage\":\"fi\",\"potentialAction\":[{\"@type\":\"ReadAction\",\"target\":[\"https:\\\/\\\/blogit.gradia.fi\\\/parastadigiohjausta\\\/pilotoidut-sovellukset-ja-ohjekortit\\\/\"]}]},{\"@type\":\"WebSite\",\"@id\":\"https:\\\/\\\/blogit.gradia.fi\\\/parastadigiohjausta\\\/#website\",\"url\":\"https:\\\/\\\/blogit.gradia.fi\\\/parastadigiohjausta\\\/\",\"name\":\"Parasta DigiOhjausta\",\"description\":\"Digiv\u00e4lineit\u00e4 ty\u00f6el\u00e4m\u00e4ss\u00e4 oppimisen ohjaamiseen ja yhteydenpitoon ty\u00f6paikoille\",\"potentialAction\":[{\"@type\":\"SearchAction\",\"target\":{\"@type\":\"EntryPoint\",\"urlTemplate\":\"https:\\\/\\\/blogit.gradia.fi\\\/parastadigiohjausta\\\/?s={search_term_string}\"},\"query-input\":{\"@type\":\"PropertyValueSpecification\",\"valueRequired\":true,\"valueName\":\"search_term_string\"}}],\"inLanguage\":\"fi\"}]}<\/script>\n<!-- \/ Yoast SEO plugin. -->","yoast_head_json":{"title":"Opettajien ohjekortit ja videot pilotoiduista sovelluksista - Parasta DigiOhjausta","robots":{"index":"index","follow":"follow","max-snippet":"max-snippet:-1","max-image-preview":"max-image-preview:large","max-video-preview":"max-video-preview:-1"},"canonical":"https:\/\/blogit.gradia.fi\/parastadigiohjausta\/pilotoidut-sovellukset-ja-ohjekortit\/","og_locale":"fi_FI","og_type":"article","og_title":"Opettajien ohjekortit ja videot pilotoiduista sovelluksista - Parasta DigiOhjausta","og_url":"https:\/\/blogit.gradia.fi\/parastadigiohjausta\/pilotoidut-sovellukset-ja-ohjekortit\/","og_site_name":"Parasta DigiOhjausta","article_modified_time":"2019-09-30T07:00:07+00:00","twitter_card":"summary_large_image","schema":{"@context":"https:\/\/schema.org","@graph":[{"@type":"WebPage","@id":"https:\/\/blogit.gradia.fi\/parastadigiohjausta\/pilotoidut-sovellukset-ja-ohjekortit\/","url":"https:\/\/blogit.gradia.fi\/parastadigiohjausta\/pilotoidut-sovellukset-ja-ohjekortit\/","name":"Opettajien ohjekortit ja videot pilotoiduista sovelluksista - Parasta DigiOhjausta","isPartOf":{"@id":"https:\/\/blogit.gradia.fi\/parastadigiohjausta\/#website"},"datePublished":"2019-09-26T10:01:35+00:00","dateModified":"2019-09-30T07:00:07+00:00","inLanguage":"fi","potentialAction":[{"@type":"ReadAction","target":["https:\/\/blogit.gradia.fi\/parastadigiohjausta\/pilotoidut-sovellukset-ja-ohjekortit\/"]}]},{"@type":"WebSite","@id":"https:\/\/blogit.gradia.fi\/parastadigiohjausta\/#website","url":"https:\/\/blogit.gradia.fi\/parastadigiohjausta\/","name":"Parasta DigiOhjausta","description":"Digiv\u00e4lineit\u00e4 ty\u00f6el\u00e4m\u00e4ss\u00e4 oppimisen ohjaamiseen ja yhteydenpitoon ty\u00f6paikoille","potentialAction":[{"@type":"SearchAction","target":{"@type":"EntryPoint","urlTemplate":"https:\/\/blogit.gradia.fi\/parastadigiohjausta\/?s={search_term_string}"},"query-input":{"@type":"PropertyValueSpecification","valueRequired":true,"valueName":"search_term_string"}}],"inLanguage":"fi"}]}},"uagb_featured_image_src":{"full":false,"thumbnail":false,"medium":false,"medium_large":false,"large":false,"1536x1536":false,"2048x2048":false,"thumb-small":false,"thumb-standard":false,"thumb-medium":false,"thumb-large":false,"thumb-xlarge":false,"thumb-xxlarge":false},"uagb_author_info":{"display_name":"Kirsi Salonen","author_link":"https:\/\/blogit.gradia.fi\/parastadigiohjausta\/author\/salonkir\/"},"uagb_comment_info":0,"uagb_excerpt":null,"post_mailing_queue_ids":[],"_links":{"self":[{"href":"https:\/\/blogit.gradia.fi\/parastadigiohjausta\/wp-json\/wp\/v2\/pages\/491","targetHints":{"allow":["GET"]}}],"collection":[{"href":"https:\/\/blogit.gradia.fi\/parastadigiohjausta\/wp-json\/wp\/v2\/pages"}],"about":[{"href":"https:\/\/blogit.gradia.fi\/parastadigiohjausta\/wp-json\/wp\/v2\/types\/page"}],"author":[{"embeddable":true,"href":"https:\/\/blogit.gradia.fi\/parastadigiohjausta\/wp-json\/wp\/v2\/users\/75"}],"replies":[{"embeddable":true,"href":"https:\/\/blogit.gradia.fi\/parastadigiohjausta\/wp-json\/wp\/v2\/comments?post=491"}],"version-history":[{"count":5,"href":"https:\/\/blogit.gradia.fi\/parastadigiohjausta\/wp-json\/wp\/v2\/pages\/491\/revisions"}],"predecessor-version":[{"id":513,"href":"https:\/\/blogit.gradia.fi\/parastadigiohjausta\/wp-json\/wp\/v2\/pages\/491\/revisions\/513"}],"wp:attachment":[{"href":"https:\/\/blogit.gradia.fi\/parastadigiohjausta\/wp-json\/wp\/v2\/media?parent=491"}],"curies":[{"name":"wp","href":"https:\/\/api.w.org\/{rel}","templated":true}]}}