{"id":47,"date":"2018-10-17T15:33:22","date_gmt":"2018-10-17T12:33:22","guid":{"rendered":"https:\/\/blogit.gradia.fi\/parastadigiohjausta\/?page_id=47"},"modified":"2018-11-09T16:13:11","modified_gmt":"2018-11-09T14:13:11","slug":"parasta-kehittamista-yhdessa","status":"publish","type":"page","link":"https:\/\/blogit.gradia.fi\/parastadigiohjausta\/parasta-kehittamista-yhdessa\/","title":{"rendered":"Parasta kehitt\u00e4mist\u00e4 yhdess\u00e4"},"content":{"rendered":"<p>Linkki parastakokonaisuuden yhteisesitteeseen<\/p>\n<p><a href=\"https:\/\/blogit.gradia.fi\/parastadigiohjausta\/wp-content\/uploads\/sites\/6\/2018\/11\/parasta-yhdess\u00e4.pdf\">parasta yhdess\u00e4<\/a><\/p>\n<p>Parasta Osaamista blogi:<\/p>\n<p><a href=\"https:\/\/blogit.gradia.fi\/parastaosaamista\/\">https:\/\/blogit.gradia.fi\/parastaosaamista\/<\/a><\/p>\n<p>Parasta DigiTukea blogi<\/p>\n<p><a href=\"http:\/\/parastadigitukea.blogspot.com\/\">http:\/\/parastadigitukea.blogspot.com\/<\/a><\/p>\n<p><a href=\"https:\/\/blogit.gradia.fi\/parastadigiohjausta\/wp-content\/uploads\/sites\/6\/2018\/11\/Parasta-kanavat-ja-materiaalit.jpg\"><img loading=\"lazy\" decoding=\"async\" class=\"alignnone size-full wp-image-131\" src=\"https:\/\/blogit.gradia.fi\/parastadigiohjausta\/wp-content\/uploads\/sites\/6\/2018\/11\/Parasta-kanavat-ja-materiaalit.jpg\" alt=\"\" width=\"1757\" height=\"1127\" srcset=\"https:\/\/blogit.gradia.fi\/parastadigiohjausta\/wp-content\/uploads\/sites\/6\/2018\/11\/Parasta-kanavat-ja-materiaalit.jpg 1757w, https:\/\/blogit.gradia.fi\/parastadigiohjausta\/wp-content\/uploads\/sites\/6\/2018\/11\/Parasta-kanavat-ja-materiaalit-300x192.jpg 300w, https:\/\/blogit.gradia.fi\/parastadigiohjausta\/wp-content\/uploads\/sites\/6\/2018\/11\/Parasta-kanavat-ja-materiaalit-768x493.jpg 768w, https:\/\/blogit.gradia.fi\/parastadigiohjausta\/wp-content\/uploads\/sites\/6\/2018\/11\/Parasta-kanavat-ja-materiaalit-1024x657.jpg 1024w\" sizes=\"auto, (max-width: 1757px) 100vw, 1757px\" \/><\/a><\/p>\n","protected":false},"excerpt":{"rendered":"<p>Linkki parastakokonaisuuden yhteisesitteeseen parasta yhdess\u00e4 Parasta Osaamista blogi: https:\/\/blogit.gradia.fi\/parastaosaamista\/ Parasta DigiTukea blogi http:\/\/parastadigitukea.blogspot.com\/<\/p>\n","protected":false},"author":75,"featured_media":0,"parent":0,"menu_order":0,"comment_status":"closed","ping_status":"closed","template":"","meta":{"_uag_custom_page_level_css":"","footnotes":""},"class_list":["post-47","page","type-page","status-publish","hentry"],"yoast_head":"<!-- This site is optimized with the Yoast SEO plugin v27.4 - https:\/\/yoast.com\/product\/yoast-seo-wordpress\/ -->\n<title>Parasta kehitt\u00e4mist\u00e4 yhdess\u00e4 - Parasta DigiOhjausta<\/title>\n<meta name=\"robots\" content=\"index, follow, max-snippet:-1, max-image-preview:large, max-video-preview:-1\" \/>\n<link rel=\"canonical\" href=\"https:\/\/blogit.gradia.fi\/parastadigiohjausta\/parasta-kehittamista-yhdessa\/\" \/>\n<meta property=\"og:locale\" content=\"fi_FI\" \/>\n<meta property=\"og:type\" content=\"article\" \/>\n<meta property=\"og:title\" content=\"Parasta kehitt\u00e4mist\u00e4 yhdess\u00e4 - Parasta DigiOhjausta\" \/>\n<meta property=\"og:description\" content=\"Linkki parastakokonaisuuden yhteisesitteeseen parasta yhdess\u00e4 Parasta Osaamista blogi: https:\/\/blogit.gradia.fi\/parastaosaamista\/ Parasta DigiTukea blogi http:\/\/parastadigitukea.blogspot.com\/\" \/>\n<meta property=\"og:url\" content=\"https:\/\/blogit.gradia.fi\/parastadigiohjausta\/parasta-kehittamista-yhdessa\/\" \/>\n<meta property=\"og:site_name\" content=\"Parasta DigiOhjausta\" \/>\n<meta property=\"article:modified_time\" content=\"2018-11-09T14:13:11+00:00\" \/>\n<meta property=\"og:image\" content=\"https:\/\/blogit.gradia.fi\/parastadigiohjausta\/wp-content\/uploads\/sites\/6\/2018\/11\/Parasta-kanavat-ja-materiaalit.jpg\" \/>\n<meta name=\"twitter:card\" content=\"summary_large_image\" \/>\n<script type=\"application\/ld+json\" class=\"yoast-schema-graph\">{\"@context\":\"https:\\\/\\\/schema.org\",\"@graph\":[{\"@type\":\"WebPage\",\"@id\":\"https:\\\/\\\/blogit.gradia.fi\\\/parastadigiohjausta\\\/parasta-kehittamista-yhdessa\\\/\",\"url\":\"https:\\\/\\\/blogit.gradia.fi\\\/parastadigiohjausta\\\/parasta-kehittamista-yhdessa\\\/\",\"name\":\"Parasta kehitt\u00e4mist\u00e4 yhdess\u00e4 - Parasta DigiOhjausta\",\"isPartOf\":{\"@id\":\"https:\\\/\\\/blogit.gradia.fi\\\/parastadigiohjausta\\\/#website\"},\"primaryImageOfPage\":{\"@id\":\"https:\\\/\\\/blogit.gradia.fi\\\/parastadigiohjausta\\\/parasta-kehittamista-yhdessa\\\/#primaryimage\"},\"image\":{\"@id\":\"https:\\\/\\\/blogit.gradia.fi\\\/parastadigiohjausta\\\/parasta-kehittamista-yhdessa\\\/#primaryimage\"},\"thumbnailUrl\":\"https:\\\/\\\/blogit.gradia.fi\\\/parastadigiohjausta\\\/wp-content\\\/uploads\\\/sites\\\/6\\\/2018\\\/11\\\/Parasta-kanavat-ja-materiaalit.jpg\",\"datePublished\":\"2018-10-17T12:33:22+00:00\",\"dateModified\":\"2018-11-09T14:13:11+00:00\",\"inLanguage\":\"fi\",\"potentialAction\":[{\"@type\":\"ReadAction\",\"target\":[\"https:\\\/\\\/blogit.gradia.fi\\\/parastadigiohjausta\\\/parasta-kehittamista-yhdessa\\\/\"]}]},{\"@type\":\"ImageObject\",\"inLanguage\":\"fi\",\"@id\":\"https:\\\/\\\/blogit.gradia.fi\\\/parastadigiohjausta\\\/parasta-kehittamista-yhdessa\\\/#primaryimage\",\"url\":\"https:\\\/\\\/blogit.gradia.fi\\\/parastadigiohjausta\\\/wp-content\\\/uploads\\\/sites\\\/6\\\/2018\\\/11\\\/Parasta-kanavat-ja-materiaalit.jpg\",\"contentUrl\":\"https:\\\/\\\/blogit.gradia.fi\\\/parastadigiohjausta\\\/wp-content\\\/uploads\\\/sites\\\/6\\\/2018\\\/11\\\/Parasta-kanavat-ja-materiaalit.jpg\"},{\"@type\":\"WebSite\",\"@id\":\"https:\\\/\\\/blogit.gradia.fi\\\/parastadigiohjausta\\\/#website\",\"url\":\"https:\\\/\\\/blogit.gradia.fi\\\/parastadigiohjausta\\\/\",\"name\":\"Parasta DigiOhjausta\",\"description\":\"Digiv\u00e4lineit\u00e4 ty\u00f6el\u00e4m\u00e4ss\u00e4 oppimisen ohjaamiseen ja yhteydenpitoon ty\u00f6paikoille\",\"potentialAction\":[{\"@type\":\"SearchAction\",\"target\":{\"@type\":\"EntryPoint\",\"urlTemplate\":\"https:\\\/\\\/blogit.gradia.fi\\\/parastadigiohjausta\\\/?s={search_term_string}\"},\"query-input\":{\"@type\":\"PropertyValueSpecification\",\"valueRequired\":true,\"valueName\":\"search_term_string\"}}],\"inLanguage\":\"fi\"}]}<\/script>\n<!-- \/ Yoast SEO plugin. -->","yoast_head_json":{"title":"Parasta kehitt\u00e4mist\u00e4 yhdess\u00e4 - Parasta DigiOhjausta","robots":{"index":"index","follow":"follow","max-snippet":"max-snippet:-1","max-image-preview":"max-image-preview:large","max-video-preview":"max-video-preview:-1"},"canonical":"https:\/\/blogit.gradia.fi\/parastadigiohjausta\/parasta-kehittamista-yhdessa\/","og_locale":"fi_FI","og_type":"article","og_title":"Parasta kehitt\u00e4mist\u00e4 yhdess\u00e4 - Parasta DigiOhjausta","og_description":"Linkki parastakokonaisuuden yhteisesitteeseen parasta yhdess\u00e4 Parasta Osaamista blogi: https:\/\/blogit.gradia.fi\/parastaosaamista\/ Parasta DigiTukea blogi http:\/\/parastadigitukea.blogspot.com\/","og_url":"https:\/\/blogit.gradia.fi\/parastadigiohjausta\/parasta-kehittamista-yhdessa\/","og_site_name":"Parasta DigiOhjausta","article_modified_time":"2018-11-09T14:13:11+00:00","og_image":[{"url":"https:\/\/blogit.gradia.fi\/parastadigiohjausta\/wp-content\/uploads\/sites\/6\/2018\/11\/Parasta-kanavat-ja-materiaalit.jpg","type":"","width":"","height":""}],"twitter_card":"summary_large_image","schema":{"@context":"https:\/\/schema.org","@graph":[{"@type":"WebPage","@id":"https:\/\/blogit.gradia.fi\/parastadigiohjausta\/parasta-kehittamista-yhdessa\/","url":"https:\/\/blogit.gradia.fi\/parastadigiohjausta\/parasta-kehittamista-yhdessa\/","name":"Parasta kehitt\u00e4mist\u00e4 yhdess\u00e4 - Parasta DigiOhjausta","isPartOf":{"@id":"https:\/\/blogit.gradia.fi\/parastadigiohjausta\/#website"},"primaryImageOfPage":{"@id":"https:\/\/blogit.gradia.fi\/parastadigiohjausta\/parasta-kehittamista-yhdessa\/#primaryimage"},"image":{"@id":"https:\/\/blogit.gradia.fi\/parastadigiohjausta\/parasta-kehittamista-yhdessa\/#primaryimage"},"thumbnailUrl":"https:\/\/blogit.gradia.fi\/parastadigiohjausta\/wp-content\/uploads\/sites\/6\/2018\/11\/Parasta-kanavat-ja-materiaalit.jpg","datePublished":"2018-10-17T12:33:22+00:00","dateModified":"2018-11-09T14:13:11+00:00","inLanguage":"fi","potentialAction":[{"@type":"ReadAction","target":["https:\/\/blogit.gradia.fi\/parastadigiohjausta\/parasta-kehittamista-yhdessa\/"]}]},{"@type":"ImageObject","inLanguage":"fi","@id":"https:\/\/blogit.gradia.fi\/parastadigiohjausta\/parasta-kehittamista-yhdessa\/#primaryimage","url":"https:\/\/blogit.gradia.fi\/parastadigiohjausta\/wp-content\/uploads\/sites\/6\/2018\/11\/Parasta-kanavat-ja-materiaalit.jpg","contentUrl":"https:\/\/blogit.gradia.fi\/parastadigiohjausta\/wp-content\/uploads\/sites\/6\/2018\/11\/Parasta-kanavat-ja-materiaalit.jpg"},{"@type":"WebSite","@id":"https:\/\/blogit.gradia.fi\/parastadigiohjausta\/#website","url":"https:\/\/blogit.gradia.fi\/parastadigiohjausta\/","name":"Parasta DigiOhjausta","description":"Digiv\u00e4lineit\u00e4 ty\u00f6el\u00e4m\u00e4ss\u00e4 oppimisen ohjaamiseen ja yhteydenpitoon ty\u00f6paikoille","potentialAction":[{"@type":"SearchAction","target":{"@type":"EntryPoint","urlTemplate":"https:\/\/blogit.gradia.fi\/parastadigiohjausta\/?s={search_term_string}"},"query-input":{"@type":"PropertyValueSpecification","valueRequired":true,"valueName":"search_term_string"}}],"inLanguage":"fi"}]}},"uagb_featured_image_src":{"full":false,"thumbnail":false,"medium":false,"medium_large":false,"large":false,"1536x1536":false,"2048x2048":false,"thumb-small":false,"thumb-standard":false,"thumb-medium":false,"thumb-large":false,"thumb-xlarge":false,"thumb-xxlarge":false},"uagb_author_info":{"display_name":"Kirsi Salonen","author_link":"https:\/\/blogit.gradia.fi\/parastadigiohjausta\/author\/salonkir\/"},"uagb_comment_info":0,"uagb_excerpt":"Linkki parastakokonaisuuden yhteisesitteeseen parasta yhdess\u00e4 Parasta Osaamista blogi: https:\/\/blogit.gradia.fi\/parastaosaamista\/ Parasta DigiTukea blogi http:\/\/parastadigitukea.blogspot.com\/","post_mailing_queue_ids":[],"_links":{"self":[{"href":"https:\/\/blogit.gradia.fi\/parastadigiohjausta\/wp-json\/wp\/v2\/pages\/47","targetHints":{"allow":["GET"]}}],"collection":[{"href":"https:\/\/blogit.gradia.fi\/parastadigiohjausta\/wp-json\/wp\/v2\/pages"}],"about":[{"href":"https:\/\/blogit.gradia.fi\/parastadigiohjausta\/wp-json\/wp\/v2\/types\/page"}],"author":[{"embeddable":true,"href":"https:\/\/blogit.gradia.fi\/parastadigiohjausta\/wp-json\/wp\/v2\/users\/75"}],"replies":[{"embeddable":true,"href":"https:\/\/blogit.gradia.fi\/parastadigiohjausta\/wp-json\/wp\/v2\/comments?post=47"}],"version-history":[{"count":9,"href":"https:\/\/blogit.gradia.fi\/parastadigiohjausta\/wp-json\/wp\/v2\/pages\/47\/revisions"}],"predecessor-version":[{"id":132,"href":"https:\/\/blogit.gradia.fi\/parastadigiohjausta\/wp-json\/wp\/v2\/pages\/47\/revisions\/132"}],"wp:attachment":[{"href":"https:\/\/blogit.gradia.fi\/parastadigiohjausta\/wp-json\/wp\/v2\/media?parent=47"}],"curies":[{"name":"wp","href":"https:\/\/api.w.org\/{rel}","templated":true}]}}