{"id":458,"date":"2019-09-24T15:50:09","date_gmt":"2019-09-24T12:50:09","guid":{"rendered":"https:\/\/blogit.gradia.fi\/parastadigiohjausta\/?page_id=458"},"modified":"2019-09-24T15:50:10","modified_gmt":"2019-09-24T12:50:10","slug":"opetushenkiloston-osaamiskartoitus","status":"publish","type":"page","link":"https:\/\/blogit.gradia.fi\/parastadigiohjausta\/materiaalit-2\/opetushenkiloston-osaamiskartoitus\/","title":{"rendered":"Opetushenkil\u00f6st\u00f6n osaamiskartoitus"},"content":{"rendered":"\n<figure class=\"wp-block-image\"><img loading=\"lazy\" decoding=\"async\" width=\"1024\" height=\"576\" src=\"https:\/\/blogit.gradia.fi\/parastadigiohjausta\/wp-content\/uploads\/sites\/6\/2019\/09\/Malli-opetushenkil\u00f6st\u00f6n-osaamisen-varmistamisesta-1024x576.png\" alt=\"\" class=\"wp-image-463\" srcset=\"https:\/\/blogit.gradia.fi\/parastadigiohjausta\/wp-content\/uploads\/sites\/6\/2019\/09\/Malli-opetushenkil\u00f6st\u00f6n-osaamisen-varmistamisesta-1024x576.png 1024w, https:\/\/blogit.gradia.fi\/parastadigiohjausta\/wp-content\/uploads\/sites\/6\/2019\/09\/Malli-opetushenkil\u00f6st\u00f6n-osaamisen-varmistamisesta-300x169.png 300w, https:\/\/blogit.gradia.fi\/parastadigiohjausta\/wp-content\/uploads\/sites\/6\/2019\/09\/Malli-opetushenkil\u00f6st\u00f6n-osaamisen-varmistamisesta-768x432.png 768w, https:\/\/blogit.gradia.fi\/parastadigiohjausta\/wp-content\/uploads\/sites\/6\/2019\/09\/Malli-opetushenkil\u00f6st\u00f6n-osaamisen-varmistamisesta.png 1280w\" sizes=\"auto, (max-width: 1024px) 100vw, 1024px\" \/><\/figure>\n\n\n\n<div class=\"wp-block-file\"><a href=\"https:\/\/blogit.gradia.fi\/parastadigiohjausta\/wp-content\/uploads\/sites\/6\/2019\/09\/DigiOhjauksen-osaamiskartoitus.xlsx\">DigiOhjauksen osaamiskartoitus<\/a><a href=\"https:\/\/blogit.gradia.fi\/parastadigiohjausta\/wp-content\/uploads\/sites\/6\/2019\/09\/DigiOhjauksen-osaamiskartoitus.xlsx\" class=\"wp-block-file__button\" download>Lataa<\/a><\/div>\n\n\n\n<p><\/p>\n","protected":false},"excerpt":{"rendered":"","protected":false},"author":75,"featured_media":0,"parent":293,"menu_order":0,"comment_status":"closed","ping_status":"closed","template":"","meta":{"_uag_custom_page_level_css":"","footnotes":""},"class_list":["post-458","page","type-page","status-publish","hentry"],"yoast_head":"<!-- This site is optimized with the Yoast SEO plugin v27.4 - https:\/\/yoast.com\/product\/yoast-seo-wordpress\/ -->\n<title>Opetushenkil\u00f6st\u00f6n osaamiskartoitus - Parasta DigiOhjausta<\/title>\n<meta name=\"robots\" content=\"index, follow, max-snippet:-1, max-image-preview:large, max-video-preview:-1\" \/>\n<link rel=\"canonical\" href=\"https:\/\/blogit.gradia.fi\/parastadigiohjausta\/materiaalit-2\/opetushenkiloston-osaamiskartoitus\/\" \/>\n<meta property=\"og:locale\" content=\"fi_FI\" \/>\n<meta property=\"og:type\" content=\"article\" \/>\n<meta property=\"og:title\" content=\"Opetushenkil\u00f6st\u00f6n osaamiskartoitus - Parasta DigiOhjausta\" \/>\n<meta property=\"og:url\" content=\"https:\/\/blogit.gradia.fi\/parastadigiohjausta\/materiaalit-2\/opetushenkiloston-osaamiskartoitus\/\" \/>\n<meta property=\"og:site_name\" content=\"Parasta DigiOhjausta\" \/>\n<meta property=\"article:modified_time\" content=\"2019-09-24T12:50:10+00:00\" \/>\n<meta property=\"og:image\" content=\"https:\/\/blogit.gradia.fi\/parastadigiohjausta\/wp-content\/uploads\/sites\/6\/2019\/09\/Malli-opetushenkil\u00f6st\u00f6n-osaamisen-varmistamisesta-1024x576.png\" \/>\n<meta name=\"twitter:card\" content=\"summary_large_image\" \/>\n<script type=\"application\/ld+json\" class=\"yoast-schema-graph\">{\"@context\":\"https:\\\/\\\/schema.org\",\"@graph\":[{\"@type\":\"WebPage\",\"@id\":\"https:\\\/\\\/blogit.gradia.fi\\\/parastadigiohjausta\\\/materiaalit-2\\\/opetushenkiloston-osaamiskartoitus\\\/\",\"url\":\"https:\\\/\\\/blogit.gradia.fi\\\/parastadigiohjausta\\\/materiaalit-2\\\/opetushenkiloston-osaamiskartoitus\\\/\",\"name\":\"Opetushenkil\u00f6st\u00f6n osaamiskartoitus - Parasta DigiOhjausta\",\"isPartOf\":{\"@id\":\"https:\\\/\\\/blogit.gradia.fi\\\/parastadigiohjausta\\\/#website\"},\"datePublished\":\"2019-09-24T12:50:09+00:00\",\"dateModified\":\"2019-09-24T12:50:10+00:00\",\"breadcrumb\":{\"@id\":\"https:\\\/\\\/blogit.gradia.fi\\\/parastadigiohjausta\\\/materiaalit-2\\\/opetushenkiloston-osaamiskartoitus\\\/#breadcrumb\"},\"inLanguage\":\"fi\",\"potentialAction\":[{\"@type\":\"ReadAction\",\"target\":[\"https:\\\/\\\/blogit.gradia.fi\\\/parastadigiohjausta\\\/materiaalit-2\\\/opetushenkiloston-osaamiskartoitus\\\/\"]}]},{\"@type\":\"BreadcrumbList\",\"@id\":\"https:\\\/\\\/blogit.gradia.fi\\\/parastadigiohjausta\\\/materiaalit-2\\\/opetushenkiloston-osaamiskartoitus\\\/#breadcrumb\",\"itemListElement\":[{\"@type\":\"ListItem\",\"position\":1,\"name\":\"Materiaalit\",\"item\":\"https:\\\/\\\/blogit.gradia.fi\\\/parastadigiohjausta\\\/materiaalit-2\\\/\"},{\"@type\":\"ListItem\",\"position\":2,\"name\":\"Opetushenkil\u00f6st\u00f6n osaamiskartoitus\"}]},{\"@type\":\"WebSite\",\"@id\":\"https:\\\/\\\/blogit.gradia.fi\\\/parastadigiohjausta\\\/#website\",\"url\":\"https:\\\/\\\/blogit.gradia.fi\\\/parastadigiohjausta\\\/\",\"name\":\"Parasta DigiOhjausta\",\"description\":\"Digiv\u00e4lineit\u00e4 ty\u00f6el\u00e4m\u00e4ss\u00e4 oppimisen ohjaamiseen ja yhteydenpitoon ty\u00f6paikoille\",\"potentialAction\":[{\"@type\":\"SearchAction\",\"target\":{\"@type\":\"EntryPoint\",\"urlTemplate\":\"https:\\\/\\\/blogit.gradia.fi\\\/parastadigiohjausta\\\/?s={search_term_string}\"},\"query-input\":{\"@type\":\"PropertyValueSpecification\",\"valueRequired\":true,\"valueName\":\"search_term_string\"}}],\"inLanguage\":\"fi\"}]}<\/script>\n<!-- \/ Yoast SEO plugin. -->","yoast_head_json":{"title":"Opetushenkil\u00f6st\u00f6n osaamiskartoitus - Parasta DigiOhjausta","robots":{"index":"index","follow":"follow","max-snippet":"max-snippet:-1","max-image-preview":"max-image-preview:large","max-video-preview":"max-video-preview:-1"},"canonical":"https:\/\/blogit.gradia.fi\/parastadigiohjausta\/materiaalit-2\/opetushenkiloston-osaamiskartoitus\/","og_locale":"fi_FI","og_type":"article","og_title":"Opetushenkil\u00f6st\u00f6n osaamiskartoitus - Parasta DigiOhjausta","og_url":"https:\/\/blogit.gradia.fi\/parastadigiohjausta\/materiaalit-2\/opetushenkiloston-osaamiskartoitus\/","og_site_name":"Parasta DigiOhjausta","article_modified_time":"2019-09-24T12:50:10+00:00","og_image":[{"url":"https:\/\/blogit.gradia.fi\/parastadigiohjausta\/wp-content\/uploads\/sites\/6\/2019\/09\/Malli-opetushenkil\u00f6st\u00f6n-osaamisen-varmistamisesta-1024x576.png","type":"","width":"","height":""}],"twitter_card":"summary_large_image","schema":{"@context":"https:\/\/schema.org","@graph":[{"@type":"WebPage","@id":"https:\/\/blogit.gradia.fi\/parastadigiohjausta\/materiaalit-2\/opetushenkiloston-osaamiskartoitus\/","url":"https:\/\/blogit.gradia.fi\/parastadigiohjausta\/materiaalit-2\/opetushenkiloston-osaamiskartoitus\/","name":"Opetushenkil\u00f6st\u00f6n osaamiskartoitus - Parasta DigiOhjausta","isPartOf":{"@id":"https:\/\/blogit.gradia.fi\/parastadigiohjausta\/#website"},"datePublished":"2019-09-24T12:50:09+00:00","dateModified":"2019-09-24T12:50:10+00:00","breadcrumb":{"@id":"https:\/\/blogit.gradia.fi\/parastadigiohjausta\/materiaalit-2\/opetushenkiloston-osaamiskartoitus\/#breadcrumb"},"inLanguage":"fi","potentialAction":[{"@type":"ReadAction","target":["https:\/\/blogit.gradia.fi\/parastadigiohjausta\/materiaalit-2\/opetushenkiloston-osaamiskartoitus\/"]}]},{"@type":"BreadcrumbList","@id":"https:\/\/blogit.gradia.fi\/parastadigiohjausta\/materiaalit-2\/opetushenkiloston-osaamiskartoitus\/#breadcrumb","itemListElement":[{"@type":"ListItem","position":1,"name":"Materiaalit","item":"https:\/\/blogit.gradia.fi\/parastadigiohjausta\/materiaalit-2\/"},{"@type":"ListItem","position":2,"name":"Opetushenkil\u00f6st\u00f6n osaamiskartoitus"}]},{"@type":"WebSite","@id":"https:\/\/blogit.gradia.fi\/parastadigiohjausta\/#website","url":"https:\/\/blogit.gradia.fi\/parastadigiohjausta\/","name":"Parasta DigiOhjausta","description":"Digiv\u00e4lineit\u00e4 ty\u00f6el\u00e4m\u00e4ss\u00e4 oppimisen ohjaamiseen ja yhteydenpitoon ty\u00f6paikoille","potentialAction":[{"@type":"SearchAction","target":{"@type":"EntryPoint","urlTemplate":"https:\/\/blogit.gradia.fi\/parastadigiohjausta\/?s={search_term_string}"},"query-input":{"@type":"PropertyValueSpecification","valueRequired":true,"valueName":"search_term_string"}}],"inLanguage":"fi"}]}},"uagb_featured_image_src":{"full":false,"thumbnail":false,"medium":false,"medium_large":false,"large":false,"1536x1536":false,"2048x2048":false,"thumb-small":false,"thumb-standard":false,"thumb-medium":false,"thumb-large":false,"thumb-xlarge":false,"thumb-xxlarge":false},"uagb_author_info":{"display_name":"Kirsi Salonen","author_link":"https:\/\/blogit.gradia.fi\/parastadigiohjausta\/author\/salonkir\/"},"uagb_comment_info":0,"uagb_excerpt":null,"post_mailing_queue_ids":[],"_links":{"self":[{"href":"https:\/\/blogit.gradia.fi\/parastadigiohjausta\/wp-json\/wp\/v2\/pages\/458","targetHints":{"allow":["GET"]}}],"collection":[{"href":"https:\/\/blogit.gradia.fi\/parastadigiohjausta\/wp-json\/wp\/v2\/pages"}],"about":[{"href":"https:\/\/blogit.gradia.fi\/parastadigiohjausta\/wp-json\/wp\/v2\/types\/page"}],"author":[{"embeddable":true,"href":"https:\/\/blogit.gradia.fi\/parastadigiohjausta\/wp-json\/wp\/v2\/users\/75"}],"replies":[{"embeddable":true,"href":"https:\/\/blogit.gradia.fi\/parastadigiohjausta\/wp-json\/wp\/v2\/comments?post=458"}],"version-history":[{"count":4,"href":"https:\/\/blogit.gradia.fi\/parastadigiohjausta\/wp-json\/wp\/v2\/pages\/458\/revisions"}],"predecessor-version":[{"id":464,"href":"https:\/\/blogit.gradia.fi\/parastadigiohjausta\/wp-json\/wp\/v2\/pages\/458\/revisions\/464"}],"up":[{"embeddable":true,"href":"https:\/\/blogit.gradia.fi\/parastadigiohjausta\/wp-json\/wp\/v2\/pages\/293"}],"wp:attachment":[{"href":"https:\/\/blogit.gradia.fi\/parastadigiohjausta\/wp-json\/wp\/v2\/media?parent=458"}],"curies":[{"name":"wp","href":"https:\/\/api.w.org\/{rel}","templated":true}]}}