{"id":404,"date":"2019-09-20T12:20:54","date_gmt":"2019-09-20T09:20:54","guid":{"rendered":"https:\/\/blogit.gradia.fi\/parastadigiohjausta\/?page_id=404"},"modified":"2019-09-26T09:39:44","modified_gmt":"2019-09-26T06:39:44","slug":"infograafit","status":"publish","type":"page","link":"https:\/\/blogit.gradia.fi\/parastadigiohjausta\/materiaalit-2\/infograafit\/","title":{"rendered":"Infograafit"},"content":{"rendered":"\n<p><a href=\"https:\/\/blogit.gradia.fi\/parastadigiohjausta\/wp-content\/uploads\/sites\/6\/2019\/09\/Oppimisen-ohjausj\u00e4rjestelm\u00e4t-1.png\">Oppimisen ohjausj\u00e4rjestelm\u00e4t<\/a><\/p>\n\n\n\n<p><a href=\"https:\/\/blogit.gradia.fi\/parastadigiohjausta\/wp-content\/uploads\/sites\/6\/2019\/09\/videopuhelut.png\">Videopuhelut<\/a><\/p>\n\n\n\n<p><a href=\"https:\/\/blogit.gradia.fi\/parastadigiohjausta\/wp-content\/uploads\/sites\/6\/2019\/09\/TEAMS.png\">Teams<\/a><\/p>\n\n\n\n<p><a href=\"https:\/\/blogit.gradia.fi\/parastadigiohjausta\/wp-content\/uploads\/sites\/6\/2019\/09\/QR-koodit.png\">QR-koodit<\/a><\/p>\n\n\n\n<p><a href=\"https:\/\/blogit.gradia.fi\/parastadigiohjausta\/wp-content\/uploads\/sites\/6\/2019\/09\/ohjausvideoiden-tekeminen.png\">Ohjausvideot<\/a><\/p>\n\n\n\n<p><a href=\"https:\/\/blogit.gradia.fi\/parastadigiohjausta\/wp-content\/uploads\/sites\/6\/2019\/09\/Foreammatti.png\">Foreammatti<\/a><\/p>\n\n\n\n<div class=\"wp-block-file\"><a href=\"https:\/\/blogit.gradia.fi\/parastadigiohjausta\/wp-content\/uploads\/sites\/6\/2019\/09\/ohjausvideoiden-tekeminen.pdf\">Ohjausvideoiden tekeminen<\/a><a href=\"https:\/\/blogit.gradia.fi\/parastadigiohjausta\/wp-content\/uploads\/sites\/6\/2019\/09\/ohjausvideoiden-tekeminen.pdf\" class=\"wp-block-file__button\" download>Lataa<\/a><\/div>\n","protected":false},"excerpt":{"rendered":"<p>Oppimisen ohjausj\u00e4rjestelm\u00e4t Videopuhelut Teams QR-koodit Ohjausvideot Foreammatti<\/p>\n","protected":false},"author":75,"featured_media":0,"parent":293,"menu_order":0,"comment_status":"closed","ping_status":"closed","template":"","meta":{"_uag_custom_page_level_css":"","footnotes":""},"class_list":["post-404","page","type-page","status-publish","hentry"],"yoast_head":"<!-- This site is optimized with the Yoast SEO plugin v27.4 - https:\/\/yoast.com\/product\/yoast-seo-wordpress\/ -->\n<title>Infograafit - Parasta DigiOhjausta<\/title>\n<meta name=\"robots\" content=\"index, follow, max-snippet:-1, max-image-preview:large, max-video-preview:-1\" \/>\n<link rel=\"canonical\" href=\"https:\/\/blogit.gradia.fi\/parastadigiohjausta\/materiaalit-2\/infograafit\/\" \/>\n<meta property=\"og:locale\" content=\"fi_FI\" \/>\n<meta property=\"og:type\" content=\"article\" \/>\n<meta property=\"og:title\" content=\"Infograafit - Parasta DigiOhjausta\" \/>\n<meta property=\"og:description\" content=\"Oppimisen ohjausj\u00e4rjestelm\u00e4t Videopuhelut Teams QR-koodit Ohjausvideot Foreammatti\" \/>\n<meta property=\"og:url\" content=\"https:\/\/blogit.gradia.fi\/parastadigiohjausta\/materiaalit-2\/infograafit\/\" \/>\n<meta property=\"og:site_name\" content=\"Parasta DigiOhjausta\" \/>\n<meta property=\"article:modified_time\" content=\"2019-09-26T06:39:44+00:00\" \/>\n<meta name=\"twitter:card\" content=\"summary_large_image\" \/>\n<script type=\"application\/ld+json\" class=\"yoast-schema-graph\">{\"@context\":\"https:\\\/\\\/schema.org\",\"@graph\":[{\"@type\":\"WebPage\",\"@id\":\"https:\\\/\\\/blogit.gradia.fi\\\/parastadigiohjausta\\\/materiaalit-2\\\/infograafit\\\/\",\"url\":\"https:\\\/\\\/blogit.gradia.fi\\\/parastadigiohjausta\\\/materiaalit-2\\\/infograafit\\\/\",\"name\":\"Infograafit - Parasta DigiOhjausta\",\"isPartOf\":{\"@id\":\"https:\\\/\\\/blogit.gradia.fi\\\/parastadigiohjausta\\\/#website\"},\"datePublished\":\"2019-09-20T09:20:54+00:00\",\"dateModified\":\"2019-09-26T06:39:44+00:00\",\"breadcrumb\":{\"@id\":\"https:\\\/\\\/blogit.gradia.fi\\\/parastadigiohjausta\\\/materiaalit-2\\\/infograafit\\\/#breadcrumb\"},\"inLanguage\":\"fi\",\"potentialAction\":[{\"@type\":\"ReadAction\",\"target\":[\"https:\\\/\\\/blogit.gradia.fi\\\/parastadigiohjausta\\\/materiaalit-2\\\/infograafit\\\/\"]}]},{\"@type\":\"BreadcrumbList\",\"@id\":\"https:\\\/\\\/blogit.gradia.fi\\\/parastadigiohjausta\\\/materiaalit-2\\\/infograafit\\\/#breadcrumb\",\"itemListElement\":[{\"@type\":\"ListItem\",\"position\":1,\"name\":\"Materiaalit\",\"item\":\"https:\\\/\\\/blogit.gradia.fi\\\/parastadigiohjausta\\\/materiaalit-2\\\/\"},{\"@type\":\"ListItem\",\"position\":2,\"name\":\"Infograafit\"}]},{\"@type\":\"WebSite\",\"@id\":\"https:\\\/\\\/blogit.gradia.fi\\\/parastadigiohjausta\\\/#website\",\"url\":\"https:\\\/\\\/blogit.gradia.fi\\\/parastadigiohjausta\\\/\",\"name\":\"Parasta DigiOhjausta\",\"description\":\"Digiv\u00e4lineit\u00e4 ty\u00f6el\u00e4m\u00e4ss\u00e4 oppimisen ohjaamiseen ja yhteydenpitoon ty\u00f6paikoille\",\"potentialAction\":[{\"@type\":\"SearchAction\",\"target\":{\"@type\":\"EntryPoint\",\"urlTemplate\":\"https:\\\/\\\/blogit.gradia.fi\\\/parastadigiohjausta\\\/?s={search_term_string}\"},\"query-input\":{\"@type\":\"PropertyValueSpecification\",\"valueRequired\":true,\"valueName\":\"search_term_string\"}}],\"inLanguage\":\"fi\"}]}<\/script>\n<!-- \/ Yoast SEO plugin. -->","yoast_head_json":{"title":"Infograafit - Parasta DigiOhjausta","robots":{"index":"index","follow":"follow","max-snippet":"max-snippet:-1","max-image-preview":"max-image-preview:large","max-video-preview":"max-video-preview:-1"},"canonical":"https:\/\/blogit.gradia.fi\/parastadigiohjausta\/materiaalit-2\/infograafit\/","og_locale":"fi_FI","og_type":"article","og_title":"Infograafit - Parasta DigiOhjausta","og_description":"Oppimisen ohjausj\u00e4rjestelm\u00e4t Videopuhelut Teams QR-koodit Ohjausvideot Foreammatti","og_url":"https:\/\/blogit.gradia.fi\/parastadigiohjausta\/materiaalit-2\/infograafit\/","og_site_name":"Parasta DigiOhjausta","article_modified_time":"2019-09-26T06:39:44+00:00","twitter_card":"summary_large_image","schema":{"@context":"https:\/\/schema.org","@graph":[{"@type":"WebPage","@id":"https:\/\/blogit.gradia.fi\/parastadigiohjausta\/materiaalit-2\/infograafit\/","url":"https:\/\/blogit.gradia.fi\/parastadigiohjausta\/materiaalit-2\/infograafit\/","name":"Infograafit - Parasta DigiOhjausta","isPartOf":{"@id":"https:\/\/blogit.gradia.fi\/parastadigiohjausta\/#website"},"datePublished":"2019-09-20T09:20:54+00:00","dateModified":"2019-09-26T06:39:44+00:00","breadcrumb":{"@id":"https:\/\/blogit.gradia.fi\/parastadigiohjausta\/materiaalit-2\/infograafit\/#breadcrumb"},"inLanguage":"fi","potentialAction":[{"@type":"ReadAction","target":["https:\/\/blogit.gradia.fi\/parastadigiohjausta\/materiaalit-2\/infograafit\/"]}]},{"@type":"BreadcrumbList","@id":"https:\/\/blogit.gradia.fi\/parastadigiohjausta\/materiaalit-2\/infograafit\/#breadcrumb","itemListElement":[{"@type":"ListItem","position":1,"name":"Materiaalit","item":"https:\/\/blogit.gradia.fi\/parastadigiohjausta\/materiaalit-2\/"},{"@type":"ListItem","position":2,"name":"Infograafit"}]},{"@type":"WebSite","@id":"https:\/\/blogit.gradia.fi\/parastadigiohjausta\/#website","url":"https:\/\/blogit.gradia.fi\/parastadigiohjausta\/","name":"Parasta DigiOhjausta","description":"Digiv\u00e4lineit\u00e4 ty\u00f6el\u00e4m\u00e4ss\u00e4 oppimisen ohjaamiseen ja yhteydenpitoon ty\u00f6paikoille","potentialAction":[{"@type":"SearchAction","target":{"@type":"EntryPoint","urlTemplate":"https:\/\/blogit.gradia.fi\/parastadigiohjausta\/?s={search_term_string}"},"query-input":{"@type":"PropertyValueSpecification","valueRequired":true,"valueName":"search_term_string"}}],"inLanguage":"fi"}]}},"uagb_featured_image_src":{"full":false,"thumbnail":false,"medium":false,"medium_large":false,"large":false,"1536x1536":false,"2048x2048":false,"thumb-small":false,"thumb-standard":false,"thumb-medium":false,"thumb-large":false,"thumb-xlarge":false,"thumb-xxlarge":false},"uagb_author_info":{"display_name":"Kirsi Salonen","author_link":"https:\/\/blogit.gradia.fi\/parastadigiohjausta\/author\/salonkir\/"},"uagb_comment_info":0,"uagb_excerpt":"Oppimisen ohjausj\u00e4rjestelm\u00e4t Videopuhelut Teams QR-koodit Ohjausvideot Foreammatti","post_mailing_queue_ids":[],"_links":{"self":[{"href":"https:\/\/blogit.gradia.fi\/parastadigiohjausta\/wp-json\/wp\/v2\/pages\/404","targetHints":{"allow":["GET"]}}],"collection":[{"href":"https:\/\/blogit.gradia.fi\/parastadigiohjausta\/wp-json\/wp\/v2\/pages"}],"about":[{"href":"https:\/\/blogit.gradia.fi\/parastadigiohjausta\/wp-json\/wp\/v2\/types\/page"}],"author":[{"embeddable":true,"href":"https:\/\/blogit.gradia.fi\/parastadigiohjausta\/wp-json\/wp\/v2\/users\/75"}],"replies":[{"embeddable":true,"href":"https:\/\/blogit.gradia.fi\/parastadigiohjausta\/wp-json\/wp\/v2\/comments?post=404"}],"version-history":[{"count":12,"href":"https:\/\/blogit.gradia.fi\/parastadigiohjausta\/wp-json\/wp\/v2\/pages\/404\/revisions"}],"predecessor-version":[{"id":572,"href":"https:\/\/blogit.gradia.fi\/parastadigiohjausta\/wp-json\/wp\/v2\/pages\/404\/revisions\/572"}],"up":[{"embeddable":true,"href":"https:\/\/blogit.gradia.fi\/parastadigiohjausta\/wp-json\/wp\/v2\/pages\/293"}],"wp:attachment":[{"href":"https:\/\/blogit.gradia.fi\/parastadigiohjausta\/wp-json\/wp\/v2\/media?parent=404"}],"curies":[{"name":"wp","href":"https:\/\/api.w.org\/{rel}","templated":true}]}}