{"id":293,"date":"2019-03-07T14:45:31","date_gmt":"2019-03-07T12:45:31","guid":{"rendered":"https:\/\/blogit.gradia.fi\/parastadigiohjausta\/?page_id=293"},"modified":"2019-09-20T12:22:41","modified_gmt":"2019-09-20T09:22:41","slug":"materiaalit-2","status":"publish","type":"page","link":"https:\/\/blogit.gradia.fi\/parastadigiohjausta\/materiaalit-2\/","title":{"rendered":"Materiaalit"},"content":{"rendered":"","protected":false},"excerpt":{"rendered":"","protected":false},"author":75,"featured_media":0,"parent":0,"menu_order":0,"comment_status":"closed","ping_status":"closed","template":"","meta":{"_uag_custom_page_level_css":"","footnotes":""},"class_list":["post-293","page","type-page","status-publish","hentry"],"yoast_head":"<!-- This site is optimized with the Yoast SEO plugin v27.2 - https:\/\/yoast.com\/product\/yoast-seo-wordpress\/ -->\n<title>Materiaalit - Parasta DigiOhjausta<\/title>\n<meta name=\"robots\" content=\"index, follow, max-snippet:-1, max-image-preview:large, max-video-preview:-1\" \/>\n<link rel=\"canonical\" href=\"https:\/\/blogit.gradia.fi\/parastadigiohjausta\/materiaalit-2\/\" \/>\n<meta property=\"og:locale\" content=\"fi_FI\" \/>\n<meta property=\"og:type\" content=\"article\" \/>\n<meta property=\"og:title\" content=\"Materiaalit - Parasta DigiOhjausta\" \/>\n<meta property=\"og:url\" content=\"https:\/\/blogit.gradia.fi\/parastadigiohjausta\/materiaalit-2\/\" \/>\n<meta property=\"og:site_name\" content=\"Parasta DigiOhjausta\" \/>\n<meta property=\"article:modified_time\" content=\"2019-09-20T09:22:41+00:00\" \/>\n<meta name=\"twitter:card\" content=\"summary_large_image\" \/>\n<script type=\"application\/ld+json\" class=\"yoast-schema-graph\">{\"@context\":\"https:\/\/schema.org\",\"@graph\":[{\"@type\":\"WebPage\",\"@id\":\"https:\/\/blogit.gradia.fi\/parastadigiohjausta\/materiaalit-2\/\",\"url\":\"https:\/\/blogit.gradia.fi\/parastadigiohjausta\/materiaalit-2\/\",\"name\":\"Materiaalit - Parasta DigiOhjausta\",\"isPartOf\":{\"@id\":\"https:\/\/blogit.gradia.fi\/parastadigiohjausta\/#website\"},\"datePublished\":\"2019-03-07T12:45:31+00:00\",\"dateModified\":\"2019-09-20T09:22:41+00:00\",\"inLanguage\":\"fi\",\"potentialAction\":[{\"@type\":\"ReadAction\",\"target\":[\"https:\/\/blogit.gradia.fi\/parastadigiohjausta\/materiaalit-2\/\"]}]},{\"@type\":\"WebSite\",\"@id\":\"https:\/\/blogit.gradia.fi\/parastadigiohjausta\/#website\",\"url\":\"https:\/\/blogit.gradia.fi\/parastadigiohjausta\/\",\"name\":\"Parasta DigiOhjausta\",\"description\":\"Digiv\u00e4lineit\u00e4 ty\u00f6el\u00e4m\u00e4ss\u00e4 oppimisen ohjaamiseen ja yhteydenpitoon ty\u00f6paikoille\",\"potentialAction\":[{\"@type\":\"SearchAction\",\"target\":{\"@type\":\"EntryPoint\",\"urlTemplate\":\"https:\/\/blogit.gradia.fi\/parastadigiohjausta\/?s={search_term_string}\"},\"query-input\":{\"@type\":\"PropertyValueSpecification\",\"valueRequired\":true,\"valueName\":\"search_term_string\"}}],\"inLanguage\":\"fi\"}]}<\/script>\n<!-- \/ Yoast SEO plugin. -->","yoast_head_json":{"title":"Materiaalit - Parasta DigiOhjausta","robots":{"index":"index","follow":"follow","max-snippet":"max-snippet:-1","max-image-preview":"max-image-preview:large","max-video-preview":"max-video-preview:-1"},"canonical":"https:\/\/blogit.gradia.fi\/parastadigiohjausta\/materiaalit-2\/","og_locale":"fi_FI","og_type":"article","og_title":"Materiaalit - Parasta DigiOhjausta","og_url":"https:\/\/blogit.gradia.fi\/parastadigiohjausta\/materiaalit-2\/","og_site_name":"Parasta DigiOhjausta","article_modified_time":"2019-09-20T09:22:41+00:00","twitter_card":"summary_large_image","schema":{"@context":"https:\/\/schema.org","@graph":[{"@type":"WebPage","@id":"https:\/\/blogit.gradia.fi\/parastadigiohjausta\/materiaalit-2\/","url":"https:\/\/blogit.gradia.fi\/parastadigiohjausta\/materiaalit-2\/","name":"Materiaalit - Parasta DigiOhjausta","isPartOf":{"@id":"https:\/\/blogit.gradia.fi\/parastadigiohjausta\/#website"},"datePublished":"2019-03-07T12:45:31+00:00","dateModified":"2019-09-20T09:22:41+00:00","inLanguage":"fi","potentialAction":[{"@type":"ReadAction","target":["https:\/\/blogit.gradia.fi\/parastadigiohjausta\/materiaalit-2\/"]}]},{"@type":"WebSite","@id":"https:\/\/blogit.gradia.fi\/parastadigiohjausta\/#website","url":"https:\/\/blogit.gradia.fi\/parastadigiohjausta\/","name":"Parasta DigiOhjausta","description":"Digiv\u00e4lineit\u00e4 ty\u00f6el\u00e4m\u00e4ss\u00e4 oppimisen ohjaamiseen ja yhteydenpitoon ty\u00f6paikoille","potentialAction":[{"@type":"SearchAction","target":{"@type":"EntryPoint","urlTemplate":"https:\/\/blogit.gradia.fi\/parastadigiohjausta\/?s={search_term_string}"},"query-input":{"@type":"PropertyValueSpecification","valueRequired":true,"valueName":"search_term_string"}}],"inLanguage":"fi"}]}},"uagb_featured_image_src":{"full":false,"thumbnail":false,"medium":false,"medium_large":false,"large":false,"1536x1536":false,"2048x2048":false,"thumb-small":false,"thumb-standard":false,"thumb-medium":false,"thumb-large":false,"thumb-xlarge":false,"thumb-xxlarge":false},"uagb_author_info":{"display_name":"Kirsi Salonen","author_link":"https:\/\/blogit.gradia.fi\/parastadigiohjausta\/author\/salonkir\/"},"uagb_comment_info":0,"uagb_excerpt":null,"post_mailing_queue_ids":[],"_links":{"self":[{"href":"https:\/\/blogit.gradia.fi\/parastadigiohjausta\/wp-json\/wp\/v2\/pages\/293","targetHints":{"allow":["GET"]}}],"collection":[{"href":"https:\/\/blogit.gradia.fi\/parastadigiohjausta\/wp-json\/wp\/v2\/pages"}],"about":[{"href":"https:\/\/blogit.gradia.fi\/parastadigiohjausta\/wp-json\/wp\/v2\/types\/page"}],"author":[{"embeddable":true,"href":"https:\/\/blogit.gradia.fi\/parastadigiohjausta\/wp-json\/wp\/v2\/users\/75"}],"replies":[{"embeddable":true,"href":"https:\/\/blogit.gradia.fi\/parastadigiohjausta\/wp-json\/wp\/v2\/comments?post=293"}],"version-history":[{"count":5,"href":"https:\/\/blogit.gradia.fi\/parastadigiohjausta\/wp-json\/wp\/v2\/pages\/293\/revisions"}],"predecessor-version":[{"id":389,"href":"https:\/\/blogit.gradia.fi\/parastadigiohjausta\/wp-json\/wp\/v2\/pages\/293\/revisions\/389"}],"wp:attachment":[{"href":"https:\/\/blogit.gradia.fi\/parastadigiohjausta\/wp-json\/wp\/v2\/media?parent=293"}],"curies":[{"name":"wp","href":"https:\/\/api.w.org\/{rel}","templated":true}]}}