{"id":955,"date":"2018-10-23T08:43:55","date_gmt":"2018-10-23T05:43:55","guid":{"rendered":"https:\/\/blogit.gradia.fi\/parasta_osaamista\/?page_id=955"},"modified":"2019-03-28T13:12:53","modified_gmt":"2019-03-28T11:12:53","slug":"muut-kysymykset-info","status":"publish","type":"page","link":"https:\/\/blogit.gradia.fi\/parasta_osaamista\/toimintamallit-ja-materiaalit\/perehdytys\/muut-kysymykset-info\/","title":{"rendered":"Muut kysymykset INFO"},"content":{"rendered":"<p><strong>N\u00e4ist\u00e4 linkeist\u00e4 lis\u00e4tietoja:<\/strong><\/p>\n<p><a href=\"https:\/\/ohjaan.fi\/ohjaamme\/millainen-opiskelija-sellainen-ohjaus\/\" target=\"_blank\" rel=\"noopener noreferrer\">Ohjaus muuttuu osaamisen ja ammattitaidon mukaan<\/a><\/p>\n<p><a href=\"https:\/\/ohjaan.fi\/wp-content\/uploads\/2018\/09\/Vinkkilista_erityinentuki.pdf\" target=\"_blank\" rel=\"noopener noreferrer\">Ohjaus opiskelijalle yksil\u00f6llisesti<\/a><\/p>\n<p><a href=\"https:\/\/blogit.gradia.fi\/parasta_osaamista\/wp-content\/uploads\/sites\/20\/2019\/03\/Opiskelijan-oma-esittely.pdf\" target=\"_blank\" rel=\"noopener noreferrer\">Opiskelijan oma esittely<\/a><\/p>\n<p><a href=\"https:\/\/blogit.gradia.fi\/parasta_osaamista\/wp-content\/uploads\/sites\/20\/2019\/03\/Kuvalliset-ty\u00f6ohjeet-P\u00e4iv\u00e4koti-1.pdf\" target=\"_blank\" rel=\"noopener noreferrer\">Kuvalliset ty\u00f6ohjeet, p\u00e4iv\u00e4koti<\/a><\/p>\n<p><a href=\"https:\/\/blogit.gradia.fi\/parasta_osaamista\/wp-content\/uploads\/sites\/20\/2019\/03\/Kuvalliset-ty\u00f6ohjeet-Kopiointi-1.pdf\" target=\"_blank\" rel=\"noopener noreferrer\">Kuvalliset ty\u00f6ohjeet, kopiointi<\/a><\/p>\n<p><a href=\"https:\/\/blogit.gradia.fi\/parasta_osaamista\/wp-content\/uploads\/sites\/20\/2019\/03\/Kuvalliset-ty\u00f6ohjeet-Aamiaistarjoilu-1.pdf\" target=\"_blank\" rel=\"noopener noreferrer\">Kuvalliset ty\u00f6ohjeet, aamiaistarjoilu<\/a><\/p>\n<p><a href=\"https:\/\/ohjaan.fi\/maahanmuuttajaa-ohjaten-arjen-haasteita-ja-ratkaisuehdotuksia\/\" target=\"_blank\" rel=\"noopener noreferrer\">Kulttuuritaustan huomioiminen ohjauksessa<\/a><\/p>\n<p><a href=\"https:\/\/blogit.gradia.fi\/parasta_osaamista\/wp-content\/uploads\/sites\/20\/2019\/03\/Opiskelijan-itsearviointi.pdf\" target=\"_blank\" rel=\"noopener noreferrer\">Opiskelijan itsearviointi<\/a><\/p>\n","protected":false},"excerpt":{"rendered":"<p>N\u00e4ist\u00e4 linkeist\u00e4 lis\u00e4tietoja: Ohjaus muuttuu osaamisen ja ammattitaidon mukaan Ohjaus opiskelijalle yksil\u00f6llisesti Opiskelijan oma esittely Kuvalliset ty\u00f6ohjeet, p\u00e4iv\u00e4koti Kuvalliset ty\u00f6ohjeet, kopiointi Kuvalliset ty\u00f6ohjeet, aamiaistarjoilu Kulttuuritaustan huomioiminen ohjauksessa Opiskelijan itsearviointi<\/p>\n","protected":false},"author":178,"featured_media":0,"parent":728,"menu_order":0,"comment_status":"closed","ping_status":"closed","template":"","meta":{"_uag_custom_page_level_css":"","footnotes":""},"class_list":["post-955","page","type-page","status-publish","hentry"],"yoast_head":"<!-- This site is optimized with the Yoast SEO plugin v27.4 - https:\/\/yoast.com\/product\/yoast-seo-wordpress\/ -->\n<title>Muut kysymykset INFO - Parasta osaamista<\/title>\n<meta name=\"robots\" content=\"index, follow, max-snippet:-1, max-image-preview:large, max-video-preview:-1\" \/>\n<link rel=\"canonical\" href=\"https:\/\/blogit.gradia.fi\/parasta_osaamista\/toimintamallit-ja-materiaalit\/perehdytys\/muut-kysymykset-info\/\" \/>\n<meta property=\"og:locale\" content=\"fi_FI\" \/>\n<meta property=\"og:type\" content=\"article\" \/>\n<meta property=\"og:title\" content=\"Muut kysymykset INFO - Parasta osaamista\" \/>\n<meta property=\"og:description\" content=\"N\u00e4ist\u00e4 linkeist\u00e4 lis\u00e4tietoja: Ohjaus muuttuu osaamisen ja ammattitaidon mukaan Ohjaus opiskelijalle yksil\u00f6llisesti Opiskelijan oma esittely Kuvalliset ty\u00f6ohjeet, p\u00e4iv\u00e4koti Kuvalliset ty\u00f6ohjeet, kopiointi Kuvalliset ty\u00f6ohjeet, aamiaistarjoilu Kulttuuritaustan huomioiminen ohjauksessa Opiskelijan itsearviointi\" \/>\n<meta property=\"og:url\" content=\"https:\/\/blogit.gradia.fi\/parasta_osaamista\/toimintamallit-ja-materiaalit\/perehdytys\/muut-kysymykset-info\/\" \/>\n<meta property=\"og:site_name\" content=\"Parasta osaamista\" \/>\n<meta property=\"article:publisher\" content=\"https:\/\/www.facebook.com\/POsaamista\/\" \/>\n<meta property=\"article:modified_time\" content=\"2019-03-28T11:12:53+00:00\" \/>\n<meta name=\"twitter:card\" content=\"summary_large_image\" \/>\n<meta name=\"twitter:site\" content=\"@Posaaja_\" \/>\n<script type=\"application\/ld+json\" class=\"yoast-schema-graph\">{\"@context\":\"https:\\\/\\\/schema.org\",\"@graph\":[{\"@type\":\"WebPage\",\"@id\":\"https:\\\/\\\/blogit.gradia.fi\\\/parasta_osaamista\\\/toimintamallit-ja-materiaalit\\\/perehdytys\\\/muut-kysymykset-info\\\/\",\"url\":\"https:\\\/\\\/blogit.gradia.fi\\\/parasta_osaamista\\\/toimintamallit-ja-materiaalit\\\/perehdytys\\\/muut-kysymykset-info\\\/\",\"name\":\"Muut kysymykset INFO - Parasta osaamista\",\"isPartOf\":{\"@id\":\"https:\\\/\\\/blogit.gradia.fi\\\/parasta_osaamista\\\/#website\"},\"datePublished\":\"2018-10-23T05:43:55+00:00\",\"dateModified\":\"2019-03-28T11:12:53+00:00\",\"breadcrumb\":{\"@id\":\"https:\\\/\\\/blogit.gradia.fi\\\/parasta_osaamista\\\/toimintamallit-ja-materiaalit\\\/perehdytys\\\/muut-kysymykset-info\\\/#breadcrumb\"},\"inLanguage\":\"fi\",\"potentialAction\":[{\"@type\":\"ReadAction\",\"target\":[\"https:\\\/\\\/blogit.gradia.fi\\\/parasta_osaamista\\\/toimintamallit-ja-materiaalit\\\/perehdytys\\\/muut-kysymykset-info\\\/\"]}]},{\"@type\":\"BreadcrumbList\",\"@id\":\"https:\\\/\\\/blogit.gradia.fi\\\/parasta_osaamista\\\/toimintamallit-ja-materiaalit\\\/perehdytys\\\/muut-kysymykset-info\\\/#breadcrumb\",\"itemListElement\":[{\"@type\":\"ListItem\",\"position\":1,\"name\":\"Toimintamallit ja materiaalit\",\"item\":\"https:\\\/\\\/blogit.gradia.fi\\\/parasta_osaamista\\\/toimintamallit-ja-materiaalit\\\/\"},{\"@type\":\"ListItem\",\"position\":2,\"name\":\"Perehdytyksen tarkistuslista\",\"item\":\"https:\\\/\\\/blogit.gradia.fi\\\/parasta_osaamista\\\/toimintamallit-ja-materiaalit\\\/perehdytys\\\/\"},{\"@type\":\"ListItem\",\"position\":3,\"name\":\"Muut kysymykset INFO\"}]},{\"@type\":\"WebSite\",\"@id\":\"https:\\\/\\\/blogit.gradia.fi\\\/parasta_osaamista\\\/#website\",\"url\":\"https:\\\/\\\/blogit.gradia.fi\\\/parasta_osaamista\\\/\",\"name\":\"Parasta osaamista\",\"description\":\"Parasta osaamista -verkostohanke\",\"publisher\":{\"@id\":\"https:\\\/\\\/blogit.gradia.fi\\\/parasta_osaamista\\\/#organization\"},\"potentialAction\":[{\"@type\":\"SearchAction\",\"target\":{\"@type\":\"EntryPoint\",\"urlTemplate\":\"https:\\\/\\\/blogit.gradia.fi\\\/parasta_osaamista\\\/?s={search_term_string}\"},\"query-input\":{\"@type\":\"PropertyValueSpecification\",\"valueRequired\":true,\"valueName\":\"search_term_string\"}}],\"inLanguage\":\"fi\"},{\"@type\":\"Organization\",\"@id\":\"https:\\\/\\\/blogit.gradia.fi\\\/parasta_osaamista\\\/#organization\",\"name\":\"Parasta osaamista -verkostohanke\",\"url\":\"https:\\\/\\\/blogit.gradia.fi\\\/parasta_osaamista\\\/\",\"logo\":{\"@type\":\"ImageObject\",\"inLanguage\":\"fi\",\"@id\":\"https:\\\/\\\/blogit.gradia.fi\\\/parasta_osaamista\\\/#\\\/schema\\\/logo\\\/image\\\/\",\"url\":\"https:\\\/\\\/blogit.gradia.fi\\\/parasta_osaamista\\\/wp-content\\\/uploads\\\/sites\\\/20\\\/2018\\\/02\\\/parasta_osaamista_logo.jpg\",\"contentUrl\":\"https:\\\/\\\/blogit.gradia.fi\\\/parasta_osaamista\\\/wp-content\\\/uploads\\\/sites\\\/20\\\/2018\\\/02\\\/parasta_osaamista_logo.jpg\",\"width\":344,\"height\":334,\"caption\":\"Parasta osaamista -verkostohanke\"},\"image\":{\"@id\":\"https:\\\/\\\/blogit.gradia.fi\\\/parasta_osaamista\\\/#\\\/schema\\\/logo\\\/image\\\/\"},\"sameAs\":[\"https:\\\/\\\/www.facebook.com\\\/POsaamista\\\/\",\"https:\\\/\\\/x.com\\\/Posaaja_\",\"https:\\\/\\\/www.instagram.com\\\/parastaosaamista\\\/\",\"https:\\\/\\\/www.youtube.com\\\/channel\\\/UC7hv9jw0R6lS_Fmz5L9TUPw\"]}]}<\/script>\n<!-- \/ Yoast SEO plugin. -->","yoast_head_json":{"title":"Muut kysymykset INFO - Parasta osaamista","robots":{"index":"index","follow":"follow","max-snippet":"max-snippet:-1","max-image-preview":"max-image-preview:large","max-video-preview":"max-video-preview:-1"},"canonical":"https:\/\/blogit.gradia.fi\/parasta_osaamista\/toimintamallit-ja-materiaalit\/perehdytys\/muut-kysymykset-info\/","og_locale":"fi_FI","og_type":"article","og_title":"Muut kysymykset INFO - Parasta osaamista","og_description":"N\u00e4ist\u00e4 linkeist\u00e4 lis\u00e4tietoja: Ohjaus muuttuu osaamisen ja ammattitaidon mukaan Ohjaus opiskelijalle yksil\u00f6llisesti Opiskelijan oma esittely Kuvalliset ty\u00f6ohjeet, p\u00e4iv\u00e4koti Kuvalliset ty\u00f6ohjeet, kopiointi Kuvalliset ty\u00f6ohjeet, aamiaistarjoilu Kulttuuritaustan huomioiminen ohjauksessa Opiskelijan itsearviointi","og_url":"https:\/\/blogit.gradia.fi\/parasta_osaamista\/toimintamallit-ja-materiaalit\/perehdytys\/muut-kysymykset-info\/","og_site_name":"Parasta osaamista","article_publisher":"https:\/\/www.facebook.com\/POsaamista\/","article_modified_time":"2019-03-28T11:12:53+00:00","twitter_card":"summary_large_image","twitter_site":"@Posaaja_","schema":{"@context":"https:\/\/schema.org","@graph":[{"@type":"WebPage","@id":"https:\/\/blogit.gradia.fi\/parasta_osaamista\/toimintamallit-ja-materiaalit\/perehdytys\/muut-kysymykset-info\/","url":"https:\/\/blogit.gradia.fi\/parasta_osaamista\/toimintamallit-ja-materiaalit\/perehdytys\/muut-kysymykset-info\/","name":"Muut kysymykset INFO - Parasta osaamista","isPartOf":{"@id":"https:\/\/blogit.gradia.fi\/parasta_osaamista\/#website"},"datePublished":"2018-10-23T05:43:55+00:00","dateModified":"2019-03-28T11:12:53+00:00","breadcrumb":{"@id":"https:\/\/blogit.gradia.fi\/parasta_osaamista\/toimintamallit-ja-materiaalit\/perehdytys\/muut-kysymykset-info\/#breadcrumb"},"inLanguage":"fi","potentialAction":[{"@type":"ReadAction","target":["https:\/\/blogit.gradia.fi\/parasta_osaamista\/toimintamallit-ja-materiaalit\/perehdytys\/muut-kysymykset-info\/"]}]},{"@type":"BreadcrumbList","@id":"https:\/\/blogit.gradia.fi\/parasta_osaamista\/toimintamallit-ja-materiaalit\/perehdytys\/muut-kysymykset-info\/#breadcrumb","itemListElement":[{"@type":"ListItem","position":1,"name":"Toimintamallit ja materiaalit","item":"https:\/\/blogit.gradia.fi\/parasta_osaamista\/toimintamallit-ja-materiaalit\/"},{"@type":"ListItem","position":2,"name":"Perehdytyksen tarkistuslista","item":"https:\/\/blogit.gradia.fi\/parasta_osaamista\/toimintamallit-ja-materiaalit\/perehdytys\/"},{"@type":"ListItem","position":3,"name":"Muut kysymykset INFO"}]},{"@type":"WebSite","@id":"https:\/\/blogit.gradia.fi\/parasta_osaamista\/#website","url":"https:\/\/blogit.gradia.fi\/parasta_osaamista\/","name":"Parasta osaamista","description":"Parasta osaamista -verkostohanke","publisher":{"@id":"https:\/\/blogit.gradia.fi\/parasta_osaamista\/#organization"},"potentialAction":[{"@type":"SearchAction","target":{"@type":"EntryPoint","urlTemplate":"https:\/\/blogit.gradia.fi\/parasta_osaamista\/?s={search_term_string}"},"query-input":{"@type":"PropertyValueSpecification","valueRequired":true,"valueName":"search_term_string"}}],"inLanguage":"fi"},{"@type":"Organization","@id":"https:\/\/blogit.gradia.fi\/parasta_osaamista\/#organization","name":"Parasta osaamista -verkostohanke","url":"https:\/\/blogit.gradia.fi\/parasta_osaamista\/","logo":{"@type":"ImageObject","inLanguage":"fi","@id":"https:\/\/blogit.gradia.fi\/parasta_osaamista\/#\/schema\/logo\/image\/","url":"https:\/\/blogit.gradia.fi\/parasta_osaamista\/wp-content\/uploads\/sites\/20\/2018\/02\/parasta_osaamista_logo.jpg","contentUrl":"https:\/\/blogit.gradia.fi\/parasta_osaamista\/wp-content\/uploads\/sites\/20\/2018\/02\/parasta_osaamista_logo.jpg","width":344,"height":334,"caption":"Parasta osaamista -verkostohanke"},"image":{"@id":"https:\/\/blogit.gradia.fi\/parasta_osaamista\/#\/schema\/logo\/image\/"},"sameAs":["https:\/\/www.facebook.com\/POsaamista\/","https:\/\/x.com\/Posaaja_","https:\/\/www.instagram.com\/parastaosaamista\/","https:\/\/www.youtube.com\/channel\/UC7hv9jw0R6lS_Fmz5L9TUPw"]}]}},"uagb_featured_image_src":{"full":false,"thumbnail":false,"medium":false,"medium_large":false,"large":false,"1536x1536":false,"2048x2048":false,"thumb-small":false,"thumb-standard":false,"thumb-medium":false,"thumb-large":false,"thumb-xlarge":false,"thumb-xxlarge":false},"uagb_author_info":{"display_name":"Sami Ahonen","author_link":"https:\/\/blogit.gradia.fi\/parasta_osaamista\/author\/ahonesam\/"},"uagb_comment_info":0,"uagb_excerpt":"N\u00e4ist\u00e4 linkeist\u00e4 lis\u00e4tietoja: Ohjaus muuttuu osaamisen ja ammattitaidon mukaan Ohjaus opiskelijalle yksil\u00f6llisesti Opiskelijan oma esittely Kuvalliset ty\u00f6ohjeet, p\u00e4iv\u00e4koti Kuvalliset ty\u00f6ohjeet, kopiointi Kuvalliset ty\u00f6ohjeet, aamiaistarjoilu Kulttuuritaustan huomioiminen ohjauksessa Opiskelijan itsearviointi","_links":{"self":[{"href":"https:\/\/blogit.gradia.fi\/parasta_osaamista\/wp-json\/wp\/v2\/pages\/955","targetHints":{"allow":["GET"]}}],"collection":[{"href":"https:\/\/blogit.gradia.fi\/parasta_osaamista\/wp-json\/wp\/v2\/pages"}],"about":[{"href":"https:\/\/blogit.gradia.fi\/parasta_osaamista\/wp-json\/wp\/v2\/types\/page"}],"author":[{"embeddable":true,"href":"https:\/\/blogit.gradia.fi\/parasta_osaamista\/wp-json\/wp\/v2\/users\/178"}],"replies":[{"embeddable":true,"href":"https:\/\/blogit.gradia.fi\/parasta_osaamista\/wp-json\/wp\/v2\/comments?post=955"}],"version-history":[{"count":6,"href":"https:\/\/blogit.gradia.fi\/parasta_osaamista\/wp-json\/wp\/v2\/pages\/955\/revisions"}],"predecessor-version":[{"id":2443,"href":"https:\/\/blogit.gradia.fi\/parasta_osaamista\/wp-json\/wp\/v2\/pages\/955\/revisions\/2443"}],"up":[{"embeddable":true,"href":"https:\/\/blogit.gradia.fi\/parasta_osaamista\/wp-json\/wp\/v2\/pages\/728"}],"wp:attachment":[{"href":"https:\/\/blogit.gradia.fi\/parasta_osaamista\/wp-json\/wp\/v2\/media?parent=955"}],"curies":[{"name":"wp","href":"https:\/\/api.w.org\/{rel}","templated":true}]}}