{"id":940,"date":"2018-10-23T08:33:02","date_gmt":"2018-10-23T05:33:02","guid":{"rendered":"https:\/\/blogit.gradia.fi\/parasta_osaamista\/?page_id=940"},"modified":"2019-02-20T14:53:32","modified_gmt":"2019-02-20T12:53:32","slug":"hoks-info","status":"publish","type":"page","link":"https:\/\/blogit.gradia.fi\/parasta_osaamista\/toimintamallit-ja-materiaalit\/perehdytys\/hoks-info\/","title":{"rendered":"HOKS INFO\u00a0"},"content":{"rendered":"<p>Opettajan tulee kerrata opiskelijalle ja ty\u00f6paikkaohjaajalle mik\u00e4 on HOKS. HOKS on opiskelijan osaamisen kehitt\u00e4misen suunnitelma, joka antaa raamit opinnoille. HOKS laaditaan opintojen alkaessa ja sit\u00e4 p\u00e4ivitet\u00e4\u00e4n opintojen ajan.\u00a0Ty\u00f6nantaja osallistuu\u00a0HOKSin\u00a0laadintaan ja p\u00e4ivitt\u00e4miseen ty\u00f6paikalla tapahtuvan oppimisen osalta. T\u00e4m\u00e4 keskustelu on juuri t\u00e4t\u00e4 toimintaa. Ty\u00f6paikkaohjaajalla on velvollisuus ilmoittaa opettajalle, mik\u00e4li opinnot eiv\u00e4t etene.<\/p>\n<p>Mik\u00e4 on HOKS:<\/p>\n<p><a href=\"https:\/\/ohjaan.fi\/suunnittelemme\/tyossa-oppimisen-suunnittelu\/\" target=\"_blank\" rel=\"noopener\">Ohjaan.fi\u00a0<\/a><\/p>\n<p>Opettajan tulee kerrata opiskelijalle ja ty\u00f6paikkaohjaajalle mist\u00e4 tutkinnosta ja tutkinnon osasta on kysymys.\u202fOpettajan tulee varmistaa, ett\u00e4 kaikki osapuolet tiet\u00e4v\u00e4t, mitk\u00e4 ovat tutkinnon osan ammattitaitovaatimukset ja mist\u00e4 ne l\u00f6ytyv\u00e4t (<a href=\"https:\/\/eperusteet.opintopolku.fi\/#\/fi\/selaus\/kooste\/ammatillinenkoulutus?hakutyyppi=perusteet\" target=\"_blank\" rel=\"noopener\">ePerusteet<\/a>).<\/p>\n","protected":false},"excerpt":{"rendered":"<p>Opettajan tulee kerrata opiskelijalle ja ty\u00f6paikkaohjaajalle mik\u00e4 on HOKS. HOKS on opiskelijan osaamisen kehitt\u00e4misen suunnitelma, joka antaa raamit opinnoille. HOKS laaditaan opintojen alkaessa ja sit\u00e4 p\u00e4ivitet\u00e4\u00e4n opintojen ajan.\u00a0Ty\u00f6nantaja osallistuu\u00a0HOKSin\u00a0laadintaan ja p\u00e4ivitt\u00e4miseen ty\u00f6paikalla tapahtuvan oppimisen&#46;&#46;&#46;<\/p>\n","protected":false},"author":178,"featured_media":0,"parent":728,"menu_order":0,"comment_status":"closed","ping_status":"closed","template":"","meta":{"_uag_custom_page_level_css":"","footnotes":""},"class_list":["post-940","page","type-page","status-publish","hentry"],"yoast_head":"<!-- This site is optimized with the Yoast SEO plugin v27.4 - https:\/\/yoast.com\/product\/yoast-seo-wordpress\/ -->\n<title>HOKS INFO\u00a0 - Parasta osaamista<\/title>\n<meta name=\"robots\" content=\"index, follow, max-snippet:-1, max-image-preview:large, max-video-preview:-1\" \/>\n<link rel=\"canonical\" href=\"https:\/\/blogit.gradia.fi\/parasta_osaamista\/toimintamallit-ja-materiaalit\/perehdytys\/hoks-info\/\" \/>\n<meta property=\"og:locale\" content=\"fi_FI\" \/>\n<meta property=\"og:type\" content=\"article\" \/>\n<meta property=\"og:title\" content=\"HOKS INFO\u00a0 - Parasta osaamista\" \/>\n<meta property=\"og:description\" content=\"Opettajan tulee kerrata opiskelijalle ja ty\u00f6paikkaohjaajalle mik\u00e4 on HOKS. HOKS on opiskelijan osaamisen kehitt\u00e4misen suunnitelma, joka antaa raamit opinnoille. HOKS laaditaan opintojen alkaessa ja sit\u00e4 p\u00e4ivitet\u00e4\u00e4n opintojen ajan.\u00a0Ty\u00f6nantaja osallistuu\u00a0HOKSin\u00a0laadintaan ja p\u00e4ivitt\u00e4miseen ty\u00f6paikalla tapahtuvan oppimisen&#046;&#046;&#046;\" \/>\n<meta property=\"og:url\" content=\"https:\/\/blogit.gradia.fi\/parasta_osaamista\/toimintamallit-ja-materiaalit\/perehdytys\/hoks-info\/\" \/>\n<meta property=\"og:site_name\" content=\"Parasta osaamista\" \/>\n<meta property=\"article:publisher\" content=\"https:\/\/www.facebook.com\/POsaamista\/\" \/>\n<meta property=\"article:modified_time\" content=\"2019-02-20T12:53:32+00:00\" \/>\n<meta name=\"twitter:card\" content=\"summary_large_image\" \/>\n<meta name=\"twitter:site\" content=\"@Posaaja_\" \/>\n<meta name=\"twitter:label1\" content=\"Arvioitu lukuaika\" \/>\n\t<meta name=\"twitter:data1\" content=\"1 minuutti\" \/>\n<script type=\"application\/ld+json\" class=\"yoast-schema-graph\">{\"@context\":\"https:\\\/\\\/schema.org\",\"@graph\":[{\"@type\":\"WebPage\",\"@id\":\"https:\\\/\\\/blogit.gradia.fi\\\/parasta_osaamista\\\/toimintamallit-ja-materiaalit\\\/perehdytys\\\/hoks-info\\\/\",\"url\":\"https:\\\/\\\/blogit.gradia.fi\\\/parasta_osaamista\\\/toimintamallit-ja-materiaalit\\\/perehdytys\\\/hoks-info\\\/\",\"name\":\"HOKS INFO\u00a0 - Parasta osaamista\",\"isPartOf\":{\"@id\":\"https:\\\/\\\/blogit.gradia.fi\\\/parasta_osaamista\\\/#website\"},\"datePublished\":\"2018-10-23T05:33:02+00:00\",\"dateModified\":\"2019-02-20T12:53:32+00:00\",\"breadcrumb\":{\"@id\":\"https:\\\/\\\/blogit.gradia.fi\\\/parasta_osaamista\\\/toimintamallit-ja-materiaalit\\\/perehdytys\\\/hoks-info\\\/#breadcrumb\"},\"inLanguage\":\"fi\",\"potentialAction\":[{\"@type\":\"ReadAction\",\"target\":[\"https:\\\/\\\/blogit.gradia.fi\\\/parasta_osaamista\\\/toimintamallit-ja-materiaalit\\\/perehdytys\\\/hoks-info\\\/\"]}]},{\"@type\":\"BreadcrumbList\",\"@id\":\"https:\\\/\\\/blogit.gradia.fi\\\/parasta_osaamista\\\/toimintamallit-ja-materiaalit\\\/perehdytys\\\/hoks-info\\\/#breadcrumb\",\"itemListElement\":[{\"@type\":\"ListItem\",\"position\":1,\"name\":\"Toimintamallit ja materiaalit\",\"item\":\"https:\\\/\\\/blogit.gradia.fi\\\/parasta_osaamista\\\/toimintamallit-ja-materiaalit\\\/\"},{\"@type\":\"ListItem\",\"position\":2,\"name\":\"Perehdytyksen tarkistuslista\",\"item\":\"https:\\\/\\\/blogit.gradia.fi\\\/parasta_osaamista\\\/toimintamallit-ja-materiaalit\\\/perehdytys\\\/\"},{\"@type\":\"ListItem\",\"position\":3,\"name\":\"HOKS INFO\u00a0\"}]},{\"@type\":\"WebSite\",\"@id\":\"https:\\\/\\\/blogit.gradia.fi\\\/parasta_osaamista\\\/#website\",\"url\":\"https:\\\/\\\/blogit.gradia.fi\\\/parasta_osaamista\\\/\",\"name\":\"Parasta osaamista\",\"description\":\"Parasta osaamista -verkostohanke\",\"publisher\":{\"@id\":\"https:\\\/\\\/blogit.gradia.fi\\\/parasta_osaamista\\\/#organization\"},\"potentialAction\":[{\"@type\":\"SearchAction\",\"target\":{\"@type\":\"EntryPoint\",\"urlTemplate\":\"https:\\\/\\\/blogit.gradia.fi\\\/parasta_osaamista\\\/?s={search_term_string}\"},\"query-input\":{\"@type\":\"PropertyValueSpecification\",\"valueRequired\":true,\"valueName\":\"search_term_string\"}}],\"inLanguage\":\"fi\"},{\"@type\":\"Organization\",\"@id\":\"https:\\\/\\\/blogit.gradia.fi\\\/parasta_osaamista\\\/#organization\",\"name\":\"Parasta osaamista -verkostohanke\",\"url\":\"https:\\\/\\\/blogit.gradia.fi\\\/parasta_osaamista\\\/\",\"logo\":{\"@type\":\"ImageObject\",\"inLanguage\":\"fi\",\"@id\":\"https:\\\/\\\/blogit.gradia.fi\\\/parasta_osaamista\\\/#\\\/schema\\\/logo\\\/image\\\/\",\"url\":\"https:\\\/\\\/blogit.gradia.fi\\\/parasta_osaamista\\\/wp-content\\\/uploads\\\/sites\\\/20\\\/2018\\\/02\\\/parasta_osaamista_logo.jpg\",\"contentUrl\":\"https:\\\/\\\/blogit.gradia.fi\\\/parasta_osaamista\\\/wp-content\\\/uploads\\\/sites\\\/20\\\/2018\\\/02\\\/parasta_osaamista_logo.jpg\",\"width\":344,\"height\":334,\"caption\":\"Parasta osaamista -verkostohanke\"},\"image\":{\"@id\":\"https:\\\/\\\/blogit.gradia.fi\\\/parasta_osaamista\\\/#\\\/schema\\\/logo\\\/image\\\/\"},\"sameAs\":[\"https:\\\/\\\/www.facebook.com\\\/POsaamista\\\/\",\"https:\\\/\\\/x.com\\\/Posaaja_\",\"https:\\\/\\\/www.instagram.com\\\/parastaosaamista\\\/\",\"https:\\\/\\\/www.youtube.com\\\/channel\\\/UC7hv9jw0R6lS_Fmz5L9TUPw\"]}]}<\/script>\n<!-- \/ Yoast SEO plugin. -->","yoast_head_json":{"title":"HOKS INFO\u00a0 - Parasta osaamista","robots":{"index":"index","follow":"follow","max-snippet":"max-snippet:-1","max-image-preview":"max-image-preview:large","max-video-preview":"max-video-preview:-1"},"canonical":"https:\/\/blogit.gradia.fi\/parasta_osaamista\/toimintamallit-ja-materiaalit\/perehdytys\/hoks-info\/","og_locale":"fi_FI","og_type":"article","og_title":"HOKS INFO\u00a0 - Parasta osaamista","og_description":"Opettajan tulee kerrata opiskelijalle ja ty\u00f6paikkaohjaajalle mik\u00e4 on HOKS. HOKS on opiskelijan osaamisen kehitt\u00e4misen suunnitelma, joka antaa raamit opinnoille. HOKS laaditaan opintojen alkaessa ja sit\u00e4 p\u00e4ivitet\u00e4\u00e4n opintojen ajan.\u00a0Ty\u00f6nantaja osallistuu\u00a0HOKSin\u00a0laadintaan ja p\u00e4ivitt\u00e4miseen ty\u00f6paikalla tapahtuvan oppimisen&#46;&#46;&#46;","og_url":"https:\/\/blogit.gradia.fi\/parasta_osaamista\/toimintamallit-ja-materiaalit\/perehdytys\/hoks-info\/","og_site_name":"Parasta osaamista","article_publisher":"https:\/\/www.facebook.com\/POsaamista\/","article_modified_time":"2019-02-20T12:53:32+00:00","twitter_card":"summary_large_image","twitter_site":"@Posaaja_","twitter_misc":{"Arvioitu lukuaika":"1 minuutti"},"schema":{"@context":"https:\/\/schema.org","@graph":[{"@type":"WebPage","@id":"https:\/\/blogit.gradia.fi\/parasta_osaamista\/toimintamallit-ja-materiaalit\/perehdytys\/hoks-info\/","url":"https:\/\/blogit.gradia.fi\/parasta_osaamista\/toimintamallit-ja-materiaalit\/perehdytys\/hoks-info\/","name":"HOKS INFO\u00a0 - Parasta osaamista","isPartOf":{"@id":"https:\/\/blogit.gradia.fi\/parasta_osaamista\/#website"},"datePublished":"2018-10-23T05:33:02+00:00","dateModified":"2019-02-20T12:53:32+00:00","breadcrumb":{"@id":"https:\/\/blogit.gradia.fi\/parasta_osaamista\/toimintamallit-ja-materiaalit\/perehdytys\/hoks-info\/#breadcrumb"},"inLanguage":"fi","potentialAction":[{"@type":"ReadAction","target":["https:\/\/blogit.gradia.fi\/parasta_osaamista\/toimintamallit-ja-materiaalit\/perehdytys\/hoks-info\/"]}]},{"@type":"BreadcrumbList","@id":"https:\/\/blogit.gradia.fi\/parasta_osaamista\/toimintamallit-ja-materiaalit\/perehdytys\/hoks-info\/#breadcrumb","itemListElement":[{"@type":"ListItem","position":1,"name":"Toimintamallit ja materiaalit","item":"https:\/\/blogit.gradia.fi\/parasta_osaamista\/toimintamallit-ja-materiaalit\/"},{"@type":"ListItem","position":2,"name":"Perehdytyksen tarkistuslista","item":"https:\/\/blogit.gradia.fi\/parasta_osaamista\/toimintamallit-ja-materiaalit\/perehdytys\/"},{"@type":"ListItem","position":3,"name":"HOKS INFO\u00a0"}]},{"@type":"WebSite","@id":"https:\/\/blogit.gradia.fi\/parasta_osaamista\/#website","url":"https:\/\/blogit.gradia.fi\/parasta_osaamista\/","name":"Parasta osaamista","description":"Parasta osaamista -verkostohanke","publisher":{"@id":"https:\/\/blogit.gradia.fi\/parasta_osaamista\/#organization"},"potentialAction":[{"@type":"SearchAction","target":{"@type":"EntryPoint","urlTemplate":"https:\/\/blogit.gradia.fi\/parasta_osaamista\/?s={search_term_string}"},"query-input":{"@type":"PropertyValueSpecification","valueRequired":true,"valueName":"search_term_string"}}],"inLanguage":"fi"},{"@type":"Organization","@id":"https:\/\/blogit.gradia.fi\/parasta_osaamista\/#organization","name":"Parasta osaamista -verkostohanke","url":"https:\/\/blogit.gradia.fi\/parasta_osaamista\/","logo":{"@type":"ImageObject","inLanguage":"fi","@id":"https:\/\/blogit.gradia.fi\/parasta_osaamista\/#\/schema\/logo\/image\/","url":"https:\/\/blogit.gradia.fi\/parasta_osaamista\/wp-content\/uploads\/sites\/20\/2018\/02\/parasta_osaamista_logo.jpg","contentUrl":"https:\/\/blogit.gradia.fi\/parasta_osaamista\/wp-content\/uploads\/sites\/20\/2018\/02\/parasta_osaamista_logo.jpg","width":344,"height":334,"caption":"Parasta osaamista -verkostohanke"},"image":{"@id":"https:\/\/blogit.gradia.fi\/parasta_osaamista\/#\/schema\/logo\/image\/"},"sameAs":["https:\/\/www.facebook.com\/POsaamista\/","https:\/\/x.com\/Posaaja_","https:\/\/www.instagram.com\/parastaosaamista\/","https:\/\/www.youtube.com\/channel\/UC7hv9jw0R6lS_Fmz5L9TUPw"]}]}},"uagb_featured_image_src":{"full":false,"thumbnail":false,"medium":false,"medium_large":false,"large":false,"1536x1536":false,"2048x2048":false,"thumb-small":false,"thumb-standard":false,"thumb-medium":false,"thumb-large":false,"thumb-xlarge":false,"thumb-xxlarge":false},"uagb_author_info":{"display_name":"Sami Ahonen","author_link":"https:\/\/blogit.gradia.fi\/parasta_osaamista\/author\/ahonesam\/"},"uagb_comment_info":0,"uagb_excerpt":"Opettajan tulee kerrata opiskelijalle ja ty\u00f6paikkaohjaajalle mik\u00e4 on HOKS. HOKS on opiskelijan osaamisen kehitt\u00e4misen suunnitelma, joka antaa raamit opinnoille. HOKS laaditaan opintojen alkaessa ja sit\u00e4 p\u00e4ivitet\u00e4\u00e4n opintojen ajan.\u00a0Ty\u00f6nantaja osallistuu\u00a0HOKSin\u00a0laadintaan ja p\u00e4ivitt\u00e4miseen ty\u00f6paikalla tapahtuvan oppimisen&#46;&#46;&#46;","_links":{"self":[{"href":"https:\/\/blogit.gradia.fi\/parasta_osaamista\/wp-json\/wp\/v2\/pages\/940","targetHints":{"allow":["GET"]}}],"collection":[{"href":"https:\/\/blogit.gradia.fi\/parasta_osaamista\/wp-json\/wp\/v2\/pages"}],"about":[{"href":"https:\/\/blogit.gradia.fi\/parasta_osaamista\/wp-json\/wp\/v2\/types\/page"}],"author":[{"embeddable":true,"href":"https:\/\/blogit.gradia.fi\/parasta_osaamista\/wp-json\/wp\/v2\/users\/178"}],"replies":[{"embeddable":true,"href":"https:\/\/blogit.gradia.fi\/parasta_osaamista\/wp-json\/wp\/v2\/comments?post=940"}],"version-history":[{"count":2,"href":"https:\/\/blogit.gradia.fi\/parasta_osaamista\/wp-json\/wp\/v2\/pages\/940\/revisions"}],"predecessor-version":[{"id":1947,"href":"https:\/\/blogit.gradia.fi\/parasta_osaamista\/wp-json\/wp\/v2\/pages\/940\/revisions\/1947"}],"up":[{"embeddable":true,"href":"https:\/\/blogit.gradia.fi\/parasta_osaamista\/wp-json\/wp\/v2\/pages\/728"}],"wp:attachment":[{"href":"https:\/\/blogit.gradia.fi\/parasta_osaamista\/wp-json\/wp\/v2\/media?parent=940"}],"curies":[{"name":"wp","href":"https:\/\/api.w.org\/{rel}","templated":true}]}}