{"id":734,"date":"2018-09-24T13:14:52","date_gmt":"2018-09-24T10:14:52","guid":{"rendered":"https:\/\/blogit.gradia.fi\/parasta_osaamista\/?page_id=734"},"modified":"2019-03-04T12:26:42","modified_gmt":"2019-03-04T10:26:42","slug":"palaute-info","status":"publish","type":"page","link":"https:\/\/blogit.gradia.fi\/parasta_osaamista\/toimintamallit-ja-materiaalit\/perehdytys\/palaute-info\/","title":{"rendered":"Palaute info"},"content":{"rendered":"<p><strong>Palautteen merkitys<\/strong><\/p>\n<ul>\n<li>Palaute ohjaa ja kannustaa oppijaa asetettujen tavoitteiden saavuttamisessa<\/li>\n<li>Palaute mahdollistaa toiminnan muuttamisen<\/li>\n<li>Palaute tekee n\u00e4kyv\u00e4ksi jo olemassa olevan osaamisen sek\u00e4 puuttuvan osaamisen<\/li>\n<li>Palaute kehitt\u00e4\u00e4 opiskelijan itsearviointitaitoja<\/li>\n<li>Palaute vahvistaa opiskelijan min\u00e4kuvaa ja ammatillista kasvua<\/li>\n<li>Palautekeskustelu on kaikkien osapuolien yhteinen ammatillinen kehittymis- ja kehitt\u00e4mistilanne<\/li>\n<\/ul>\n<p><strong>Palautteen antamisen muodot<\/strong><\/p>\n<ul>\n<li>Konkreettista opiskelijan oppimisen analysointia<\/li>\n<li>Palaute sovittujen teht\u00e4vien suorittamisesta ja ty\u00f6yhteis\u00f6ss\u00e4 toimimisesta sek\u00e4 ty\u00f6paikalle suunnitellun oppimisen toteutumisprosessista<\/li>\n<li>Suullinen ja kirjallinen palaute<\/li>\n<li>Palaute digitallisissa ymp\u00e4rist\u00f6iss\u00e4<\/li>\n<li>Palautekeskustelun alussa puheenvuoro aina ensin opiskelijalle (itsearviointi)<\/li>\n<li>Palautteen antotavoista sovitaan jakson alussa<\/li>\n<\/ul>\n<p><strong>Palautteen antamisen aikataulu<\/strong><\/p>\n<ul>\n<li>Alkuarviointi \/ osaamisen tunnistaminen -&gt; Opiskelijan motivointi<\/li>\n<li>V\u00e4liarviointi-&gt; Mit\u00e4 pit\u00e4isi viel\u00e4 oppia<\/li>\n<li>Loppuarviointi -&gt; Arviointilomake<\/li>\n<\/ul>\n<ul>\n<li>Annetaan koko jakson aikana p\u00e4ivitt\u00e4in \/ viikottain<\/li>\n<li>Loppupalaute koko jakson aikana tapahtuneesta oppimisesta sek\u00e4 seuraavat tavoitteet oppimisen kehittymiselle<\/li>\n<\/ul>\n","protected":false},"excerpt":{"rendered":"<p>Palautteen merkitys Palaute ohjaa ja kannustaa oppijaa asetettujen tavoitteiden saavuttamisessa Palaute mahdollistaa toiminnan muuttamisen Palaute tekee n\u00e4kyv\u00e4ksi jo olemassa olevan osaamisen sek\u00e4 puuttuvan osaamisen Palaute kehitt\u00e4\u00e4 opiskelijan itsearviointitaitoja Palaute vahvistaa opiskelijan min\u00e4kuvaa ja ammatillista&#46;&#46;&#46;<\/p>\n","protected":false},"author":178,"featured_media":0,"parent":728,"menu_order":0,"comment_status":"closed","ping_status":"closed","template":"","meta":{"_uag_custom_page_level_css":"","footnotes":""},"class_list":["post-734","page","type-page","status-publish","hentry"],"yoast_head":"<!-- This site is optimized with the Yoast SEO plugin v27.4 - https:\/\/yoast.com\/product\/yoast-seo-wordpress\/ -->\n<title>Palaute info - Parasta osaamista<\/title>\n<meta name=\"robots\" content=\"index, follow, max-snippet:-1, max-image-preview:large, max-video-preview:-1\" \/>\n<link rel=\"canonical\" href=\"https:\/\/blogit.gradia.fi\/parasta_osaamista\/toimintamallit-ja-materiaalit\/perehdytys\/palaute-info\/\" \/>\n<meta property=\"og:locale\" content=\"fi_FI\" \/>\n<meta property=\"og:type\" content=\"article\" \/>\n<meta property=\"og:title\" content=\"Palaute info - Parasta osaamista\" \/>\n<meta property=\"og:description\" content=\"Palautteen merkitys Palaute ohjaa ja kannustaa oppijaa asetettujen tavoitteiden saavuttamisessa Palaute mahdollistaa toiminnan muuttamisen Palaute tekee n\u00e4kyv\u00e4ksi jo olemassa olevan osaamisen sek\u00e4 puuttuvan osaamisen Palaute kehitt\u00e4\u00e4 opiskelijan itsearviointitaitoja Palaute vahvistaa opiskelijan min\u00e4kuvaa ja ammatillista&#046;&#046;&#046;\" \/>\n<meta property=\"og:url\" content=\"https:\/\/blogit.gradia.fi\/parasta_osaamista\/toimintamallit-ja-materiaalit\/perehdytys\/palaute-info\/\" \/>\n<meta property=\"og:site_name\" content=\"Parasta osaamista\" \/>\n<meta property=\"article:publisher\" content=\"https:\/\/www.facebook.com\/POsaamista\/\" \/>\n<meta property=\"article:modified_time\" content=\"2019-03-04T10:26:42+00:00\" \/>\n<meta name=\"twitter:card\" content=\"summary_large_image\" \/>\n<meta name=\"twitter:site\" content=\"@Posaaja_\" \/>\n<meta name=\"twitter:label1\" content=\"Arvioitu lukuaika\" \/>\n\t<meta name=\"twitter:data1\" content=\"1 minuutti\" \/>\n<script type=\"application\/ld+json\" class=\"yoast-schema-graph\">{\"@context\":\"https:\\\/\\\/schema.org\",\"@graph\":[{\"@type\":\"WebPage\",\"@id\":\"https:\\\/\\\/blogit.gradia.fi\\\/parasta_osaamista\\\/toimintamallit-ja-materiaalit\\\/perehdytys\\\/palaute-info\\\/\",\"url\":\"https:\\\/\\\/blogit.gradia.fi\\\/parasta_osaamista\\\/toimintamallit-ja-materiaalit\\\/perehdytys\\\/palaute-info\\\/\",\"name\":\"Palaute info - Parasta osaamista\",\"isPartOf\":{\"@id\":\"https:\\\/\\\/blogit.gradia.fi\\\/parasta_osaamista\\\/#website\"},\"datePublished\":\"2018-09-24T10:14:52+00:00\",\"dateModified\":\"2019-03-04T10:26:42+00:00\",\"breadcrumb\":{\"@id\":\"https:\\\/\\\/blogit.gradia.fi\\\/parasta_osaamista\\\/toimintamallit-ja-materiaalit\\\/perehdytys\\\/palaute-info\\\/#breadcrumb\"},\"inLanguage\":\"fi\",\"potentialAction\":[{\"@type\":\"ReadAction\",\"target\":[\"https:\\\/\\\/blogit.gradia.fi\\\/parasta_osaamista\\\/toimintamallit-ja-materiaalit\\\/perehdytys\\\/palaute-info\\\/\"]}]},{\"@type\":\"BreadcrumbList\",\"@id\":\"https:\\\/\\\/blogit.gradia.fi\\\/parasta_osaamista\\\/toimintamallit-ja-materiaalit\\\/perehdytys\\\/palaute-info\\\/#breadcrumb\",\"itemListElement\":[{\"@type\":\"ListItem\",\"position\":1,\"name\":\"Toimintamallit ja materiaalit\",\"item\":\"https:\\\/\\\/blogit.gradia.fi\\\/parasta_osaamista\\\/toimintamallit-ja-materiaalit\\\/\"},{\"@type\":\"ListItem\",\"position\":2,\"name\":\"Perehdytyksen tarkistuslista\",\"item\":\"https:\\\/\\\/blogit.gradia.fi\\\/parasta_osaamista\\\/toimintamallit-ja-materiaalit\\\/perehdytys\\\/\"},{\"@type\":\"ListItem\",\"position\":3,\"name\":\"Palaute info\"}]},{\"@type\":\"WebSite\",\"@id\":\"https:\\\/\\\/blogit.gradia.fi\\\/parasta_osaamista\\\/#website\",\"url\":\"https:\\\/\\\/blogit.gradia.fi\\\/parasta_osaamista\\\/\",\"name\":\"Parasta osaamista\",\"description\":\"Parasta osaamista -verkostohanke\",\"publisher\":{\"@id\":\"https:\\\/\\\/blogit.gradia.fi\\\/parasta_osaamista\\\/#organization\"},\"potentialAction\":[{\"@type\":\"SearchAction\",\"target\":{\"@type\":\"EntryPoint\",\"urlTemplate\":\"https:\\\/\\\/blogit.gradia.fi\\\/parasta_osaamista\\\/?s={search_term_string}\"},\"query-input\":{\"@type\":\"PropertyValueSpecification\",\"valueRequired\":true,\"valueName\":\"search_term_string\"}}],\"inLanguage\":\"fi\"},{\"@type\":\"Organization\",\"@id\":\"https:\\\/\\\/blogit.gradia.fi\\\/parasta_osaamista\\\/#organization\",\"name\":\"Parasta osaamista -verkostohanke\",\"url\":\"https:\\\/\\\/blogit.gradia.fi\\\/parasta_osaamista\\\/\",\"logo\":{\"@type\":\"ImageObject\",\"inLanguage\":\"fi\",\"@id\":\"https:\\\/\\\/blogit.gradia.fi\\\/parasta_osaamista\\\/#\\\/schema\\\/logo\\\/image\\\/\",\"url\":\"https:\\\/\\\/blogit.gradia.fi\\\/parasta_osaamista\\\/wp-content\\\/uploads\\\/sites\\\/20\\\/2018\\\/02\\\/parasta_osaamista_logo.jpg\",\"contentUrl\":\"https:\\\/\\\/blogit.gradia.fi\\\/parasta_osaamista\\\/wp-content\\\/uploads\\\/sites\\\/20\\\/2018\\\/02\\\/parasta_osaamista_logo.jpg\",\"width\":344,\"height\":334,\"caption\":\"Parasta osaamista -verkostohanke\"},\"image\":{\"@id\":\"https:\\\/\\\/blogit.gradia.fi\\\/parasta_osaamista\\\/#\\\/schema\\\/logo\\\/image\\\/\"},\"sameAs\":[\"https:\\\/\\\/www.facebook.com\\\/POsaamista\\\/\",\"https:\\\/\\\/x.com\\\/Posaaja_\",\"https:\\\/\\\/www.instagram.com\\\/parastaosaamista\\\/\",\"https:\\\/\\\/www.youtube.com\\\/channel\\\/UC7hv9jw0R6lS_Fmz5L9TUPw\"]}]}<\/script>\n<!-- \/ Yoast SEO plugin. -->","yoast_head_json":{"title":"Palaute info - Parasta osaamista","robots":{"index":"index","follow":"follow","max-snippet":"max-snippet:-1","max-image-preview":"max-image-preview:large","max-video-preview":"max-video-preview:-1"},"canonical":"https:\/\/blogit.gradia.fi\/parasta_osaamista\/toimintamallit-ja-materiaalit\/perehdytys\/palaute-info\/","og_locale":"fi_FI","og_type":"article","og_title":"Palaute info - Parasta osaamista","og_description":"Palautteen merkitys Palaute ohjaa ja kannustaa oppijaa asetettujen tavoitteiden saavuttamisessa Palaute mahdollistaa toiminnan muuttamisen Palaute tekee n\u00e4kyv\u00e4ksi jo olemassa olevan osaamisen sek\u00e4 puuttuvan osaamisen Palaute kehitt\u00e4\u00e4 opiskelijan itsearviointitaitoja Palaute vahvistaa opiskelijan min\u00e4kuvaa ja ammatillista&#46;&#46;&#46;","og_url":"https:\/\/blogit.gradia.fi\/parasta_osaamista\/toimintamallit-ja-materiaalit\/perehdytys\/palaute-info\/","og_site_name":"Parasta osaamista","article_publisher":"https:\/\/www.facebook.com\/POsaamista\/","article_modified_time":"2019-03-04T10:26:42+00:00","twitter_card":"summary_large_image","twitter_site":"@Posaaja_","twitter_misc":{"Arvioitu lukuaika":"1 minuutti"},"schema":{"@context":"https:\/\/schema.org","@graph":[{"@type":"WebPage","@id":"https:\/\/blogit.gradia.fi\/parasta_osaamista\/toimintamallit-ja-materiaalit\/perehdytys\/palaute-info\/","url":"https:\/\/blogit.gradia.fi\/parasta_osaamista\/toimintamallit-ja-materiaalit\/perehdytys\/palaute-info\/","name":"Palaute info - Parasta osaamista","isPartOf":{"@id":"https:\/\/blogit.gradia.fi\/parasta_osaamista\/#website"},"datePublished":"2018-09-24T10:14:52+00:00","dateModified":"2019-03-04T10:26:42+00:00","breadcrumb":{"@id":"https:\/\/blogit.gradia.fi\/parasta_osaamista\/toimintamallit-ja-materiaalit\/perehdytys\/palaute-info\/#breadcrumb"},"inLanguage":"fi","potentialAction":[{"@type":"ReadAction","target":["https:\/\/blogit.gradia.fi\/parasta_osaamista\/toimintamallit-ja-materiaalit\/perehdytys\/palaute-info\/"]}]},{"@type":"BreadcrumbList","@id":"https:\/\/blogit.gradia.fi\/parasta_osaamista\/toimintamallit-ja-materiaalit\/perehdytys\/palaute-info\/#breadcrumb","itemListElement":[{"@type":"ListItem","position":1,"name":"Toimintamallit ja materiaalit","item":"https:\/\/blogit.gradia.fi\/parasta_osaamista\/toimintamallit-ja-materiaalit\/"},{"@type":"ListItem","position":2,"name":"Perehdytyksen tarkistuslista","item":"https:\/\/blogit.gradia.fi\/parasta_osaamista\/toimintamallit-ja-materiaalit\/perehdytys\/"},{"@type":"ListItem","position":3,"name":"Palaute info"}]},{"@type":"WebSite","@id":"https:\/\/blogit.gradia.fi\/parasta_osaamista\/#website","url":"https:\/\/blogit.gradia.fi\/parasta_osaamista\/","name":"Parasta osaamista","description":"Parasta osaamista -verkostohanke","publisher":{"@id":"https:\/\/blogit.gradia.fi\/parasta_osaamista\/#organization"},"potentialAction":[{"@type":"SearchAction","target":{"@type":"EntryPoint","urlTemplate":"https:\/\/blogit.gradia.fi\/parasta_osaamista\/?s={search_term_string}"},"query-input":{"@type":"PropertyValueSpecification","valueRequired":true,"valueName":"search_term_string"}}],"inLanguage":"fi"},{"@type":"Organization","@id":"https:\/\/blogit.gradia.fi\/parasta_osaamista\/#organization","name":"Parasta osaamista -verkostohanke","url":"https:\/\/blogit.gradia.fi\/parasta_osaamista\/","logo":{"@type":"ImageObject","inLanguage":"fi","@id":"https:\/\/blogit.gradia.fi\/parasta_osaamista\/#\/schema\/logo\/image\/","url":"https:\/\/blogit.gradia.fi\/parasta_osaamista\/wp-content\/uploads\/sites\/20\/2018\/02\/parasta_osaamista_logo.jpg","contentUrl":"https:\/\/blogit.gradia.fi\/parasta_osaamista\/wp-content\/uploads\/sites\/20\/2018\/02\/parasta_osaamista_logo.jpg","width":344,"height":334,"caption":"Parasta osaamista -verkostohanke"},"image":{"@id":"https:\/\/blogit.gradia.fi\/parasta_osaamista\/#\/schema\/logo\/image\/"},"sameAs":["https:\/\/www.facebook.com\/POsaamista\/","https:\/\/x.com\/Posaaja_","https:\/\/www.instagram.com\/parastaosaamista\/","https:\/\/www.youtube.com\/channel\/UC7hv9jw0R6lS_Fmz5L9TUPw"]}]}},"uagb_featured_image_src":{"full":false,"thumbnail":false,"medium":false,"medium_large":false,"large":false,"1536x1536":false,"2048x2048":false,"thumb-small":false,"thumb-standard":false,"thumb-medium":false,"thumb-large":false,"thumb-xlarge":false,"thumb-xxlarge":false},"uagb_author_info":{"display_name":"Sami Ahonen","author_link":"https:\/\/blogit.gradia.fi\/parasta_osaamista\/author\/ahonesam\/"},"uagb_comment_info":0,"uagb_excerpt":"Palautteen merkitys Palaute ohjaa ja kannustaa oppijaa asetettujen tavoitteiden saavuttamisessa Palaute mahdollistaa toiminnan muuttamisen Palaute tekee n\u00e4kyv\u00e4ksi jo olemassa olevan osaamisen sek\u00e4 puuttuvan osaamisen Palaute kehitt\u00e4\u00e4 opiskelijan itsearviointitaitoja Palaute vahvistaa opiskelijan min\u00e4kuvaa ja ammatillista&#46;&#46;&#46;","_links":{"self":[{"href":"https:\/\/blogit.gradia.fi\/parasta_osaamista\/wp-json\/wp\/v2\/pages\/734","targetHints":{"allow":["GET"]}}],"collection":[{"href":"https:\/\/blogit.gradia.fi\/parasta_osaamista\/wp-json\/wp\/v2\/pages"}],"about":[{"href":"https:\/\/blogit.gradia.fi\/parasta_osaamista\/wp-json\/wp\/v2\/types\/page"}],"author":[{"embeddable":true,"href":"https:\/\/blogit.gradia.fi\/parasta_osaamista\/wp-json\/wp\/v2\/users\/178"}],"replies":[{"embeddable":true,"href":"https:\/\/blogit.gradia.fi\/parasta_osaamista\/wp-json\/wp\/v2\/comments?post=734"}],"version-history":[{"count":3,"href":"https:\/\/blogit.gradia.fi\/parasta_osaamista\/wp-json\/wp\/v2\/pages\/734\/revisions"}],"predecessor-version":[{"id":1954,"href":"https:\/\/blogit.gradia.fi\/parasta_osaamista\/wp-json\/wp\/v2\/pages\/734\/revisions\/1954"}],"up":[{"embeddable":true,"href":"https:\/\/blogit.gradia.fi\/parasta_osaamista\/wp-json\/wp\/v2\/pages\/728"}],"wp:attachment":[{"href":"https:\/\/blogit.gradia.fi\/parasta_osaamista\/wp-json\/wp\/v2\/media?parent=734"}],"curies":[{"name":"wp","href":"https:\/\/api.w.org\/{rel}","templated":true}]}}