{"id":70,"date":"2018-03-15T09:47:20","date_gmt":"2018-03-15T07:47:20","guid":{"rendered":"https:\/\/blogit.gradia.fi\/parastatestia\/?page_id=70"},"modified":"2020-09-10T19:12:51","modified_gmt":"2020-09-10T16:12:51","slug":"toimintamallit-ja-materiaalit","status":"publish","type":"page","link":"https:\/\/blogit.gradia.fi\/parasta_osaamista\/toimintamallit-ja-materiaalit\/","title":{"rendered":"Toimintamallit ja materiaalit"},"content":{"rendered":"<p><strong>Menetelmi\u00e4 ja ty\u00f6kaluja\u00a0opetus- ja ohjaushenkil\u00f6st\u00f6lle<\/strong><\/p>\n<p>Miten perehdyt\u00e4n ty\u00f6paikkaohjaajan?\u00a0Mit\u00e4 ty\u00f6el\u00e4m\u00e4ss\u00e4 oppimisessa tulisi\u00a0muistaa? Miten arviointi toteutuu? Miten\u00a0ty\u00f6el\u00e4m\u00e4yhteisty\u00f6t\u00e4 voisi edist\u00e4\u00e4 ja\u00a0syvent\u00e4\u00e4? Kenelt\u00e4 saan tukea ty\u00f6ss\u00e4ni\u00a0ja miten voin kehitt\u00e4\u00e4 tai yll\u00e4pit\u00e4\u00e4 osaamistani\u00a0\u00a0vaikkapa digitaalisin v\u00e4linein?<\/p>\n<p>Ammatillisen koulutuksen opetus- ja ohjaushenkil\u00f6st\u00f6lle\u00a0kysymysten ratkaisuun\u00a0on tarjolla monia eri ty\u00f6kaluja ja malleja.\u00a0Niiden avulla jokaisella on mahdollisuus\u00a0tehd\u00e4 ja toteuttaa uudistunutta ammatillista\u00a0koulutusta omassa ty\u00f6ss\u00e4\u00e4n ja eri\u00a0vaiheissa ty\u00f6uraa. Menetelm\u00e4t ja ty\u00f6kalut\u00a0tukevat my\u00f6s esimiesty\u00f6t\u00e4 ja johtamista\u00a0saavuttamaan paremmin ammatilliselle\u00a0koulutukselle asetettuja tavoitteita.<\/p>\n<p>Menetelmi\u00e4, ty\u00f6kaluja sek\u00e4 tukimateriaaleja on tehty yhdess\u00e4 ymp\u00e4ri Suomea\u00a0Parasta osaamista -verkostohankkeessa\u00a0(2017\u20132019). Verkostohankkeessa on ollut mukana kymmenen ammatillista\u00a0 koulutuksenj\u00e4rjest\u00e4j\u00e4\u00e4 sek\u00e4 kaikki viisi\u00a0ammatillista opettajakorkeakoulua. Rohkeasti\u00a0uudistamaan!<\/p>\n<p><a href=\"https:\/\/blogit.gradia.fi\/parasta_osaamista\/wp-content\/uploads\/sites\/20\/2020\/04\/Rohkeasti_uudistamaan_kuva.png\"><img loading=\"lazy\" decoding=\"async\" class=\"alignright wp-image-3605 size-medium\" src=\"https:\/\/blogit.gradia.fi\/parasta_osaamista\/wp-content\/uploads\/sites\/20\/2020\/04\/Rohkeasti_uudistamaan_kuva-300x213.png\" alt=\"\" width=\"300\" height=\"213\" srcset=\"https:\/\/blogit.gradia.fi\/parasta_osaamista\/wp-content\/uploads\/sites\/20\/2020\/04\/Rohkeasti_uudistamaan_kuva-300x213.png 300w, https:\/\/blogit.gradia.fi\/parasta_osaamista\/wp-content\/uploads\/sites\/20\/2020\/04\/Rohkeasti_uudistamaan_kuva-1024x726.png 1024w, https:\/\/blogit.gradia.fi\/parasta_osaamista\/wp-content\/uploads\/sites\/20\/2020\/04\/Rohkeasti_uudistamaan_kuva-768x545.png 768w, https:\/\/blogit.gradia.fi\/parasta_osaamista\/wp-content\/uploads\/sites\/20\/2020\/04\/Rohkeasti_uudistamaan_kuva.png 1166w\" sizes=\"auto, (max-width: 300px) 100vw, 300px\" \/><\/a><\/p>\n<p><strong>Tilaa materiaaleja!<\/strong><\/p>\n<p>Parasta osaamista -verkostohanke on tuottanut monia erilaisia materiaaleja ammatillisen koulutuksen reformin tueksi. Hankkeen materiaaleja voi nyt tilata suoraan Gradia Jyv\u00e4skyl\u00e4n Tulostus- ja painopalveluista.<\/p>\n<p><strong><a href=\"https:\/\/jaofi.sharepoint.com\/:x:\/s\/3\/Parasta_osaamista\/EdHbb3e3VuJDnHQChQR1lvYBfG7dwWdIjxEXWi4cRYnuqw?e=GQbYDr\">Tilausohjeet ja -lomake l\u00f6ytyv\u00e4t t\u00e4st\u00e4<\/a><\/strong><strong>.<\/strong><\/p>\n<p>Tallenna taulukko omalle koneellesi, muokkaa tilaus sopivaksi ja l\u00e4het\u00e4 tiedosto painoon. Tilausosoite: paino(at)gradia.fi.<\/p>\n<p><strong>Tilattavat tuotteet<\/strong><\/p>\n<ul>\n<li><em>Osaamisen arviointioppaat:<\/em> oppaat arvioinnin tueksi opettajalle (my\u00f6s mukautettu), ty\u00f6paikkaohjaajalle ja opiskelijalle<\/li>\n<li><em>Ty\u00f6el\u00e4m\u00e4ss\u00e4 oppimisen muistilistat:<\/em>\u00a0ty\u00f6el\u00e4m\u00e4ss\u00e4 oppimisen muistilistat opiskelijalle, ty\u00f6paikkaohjaajalle ja opettajalle tukemaan oppimisen suunnittelua, ohjausta, palautetta ja urasuunnittelua tavoitteiden saavuttamiseksi<\/li>\n<li><em>Rohkeasti uudistamaan -vihko ja A6-kortti:<\/em> kattava materiaalipaketti hankkeen tuottamista tuotteista ja palveluista<\/li>\n<li><em>Rohkeasti uudistumaan -raportti<\/em><\/li>\n<li><em>Innokkaasti edell\u00e4k\u00e4vij\u00e4n\u00e4 -A6-kortti: <\/em>kortin avulla voit esitell\u00e4 Innokkaasti edell\u00e4k\u00e4vij\u00e4n\u00e4 -artikkelijulkaisua<\/li>\n<li><em>Sanaselityspelikortit:<\/em> Kortteja voi k\u00e4ytt\u00e4\u00e4 ammatillisen koulutuksen uudistuksen selvent\u00e4misess\u00e4 perinteisen Alias-sanaselityspelin tapaan mm. opettajille, ohjaajille, opiskelijoille ja yhteisty\u00f6kumppaneille. Korteilla on helppo ja hauska keskustella ajankohtaisista aiheista. 41 korttia + ohjeet\/korttinippu.<\/li>\n<li><em>Ty\u00f6el\u00e4m\u00e4n toiveet -kortit:<\/em> Kortit ohjaavat keskustelemaan reformin tavoitteista ja toimeenpanosta. Kortteja voidaan k\u00e4ytt\u00e4\u00e4 keskustelun ja vuoropuhelun her\u00e4tt\u00e4miseksi sek\u00e4 oppilaitoksen opetus- ja ohjaushenkil\u00f6st\u00f6n kanssa ett\u00e4 ty\u00f6el\u00e4m\u00e4n edustajien kanssa. 11 korttia + ohjeet\/korttinippu.<\/li>\n<li><em>A6-kortti ja kirjanmerkki:<\/em> N\u00e4m\u00e4 materiaalit ovat hankkeen ilmeen mukaista jaettavaa materiaalia, kirjanmerkki on kaksikielinen<\/li>\n<li><em>Roll-up:<\/em> Helppo ja k\u00e4tev\u00e4 matkakaveri, n\u00e4ytt\u00e4v\u00e4 tapahtumiin ja tilaisuuksiin sopiva esittelytuote<\/li>\n<li><em>A2-juliste:<\/em> Hankkeen ilmeen mukainen juliste reformista tiedottamiseen<\/li>\n<\/ul>\n<p>B\u00e4sta kunnande-projektet har producerat olika material som st\u00f6d i reformen av yrkesutbildningen. Projektets material kan best\u00e4llas direkt fr\u00e5n tryckeritj\u00e4nsterna vid Gradia Jyv\u00e4skyl\u00e4. <a href=\"https:\/\/jaofi.sharepoint.com\/:x:\/r\/sites\/3\/Parasta_osaamista\/_layouts\/15\/Doc.aspx?sourcedoc=%7B776fdbd1-56b7-43e2-9c74-0285047596f6%7D&amp;action=default&amp;gad=1328\"><strong>Best\u00e4llningsanvisningar och -blankett finns h\u00e4r<\/strong><\/a><strong>.<\/strong><\/p>\n<p><img loading=\"lazy\" decoding=\"async\" class=\"alignleft wp-image-1633 size-medium\" src=\"https:\/\/blogit.gradia.fi\/parasta_osaamista\/wp-content\/uploads\/sites\/20\/2019\/02\/Uutiskuva_tilauslomake-300x225-300x225.png\" alt=\"\" width=\"300\" height=\"225\" \/><\/p>\n","protected":false},"excerpt":{"rendered":"<p>Menetelmi\u00e4 ja ty\u00f6kaluja\u00a0opetus- ja ohjaushenkil\u00f6st\u00f6lle Miten perehdyt\u00e4n ty\u00f6paikkaohjaajan?\u00a0Mit\u00e4 ty\u00f6el\u00e4m\u00e4ss\u00e4 oppimisessa tulisi\u00a0muistaa? Miten arviointi toteutuu? Miten\u00a0ty\u00f6el\u00e4m\u00e4yhteisty\u00f6t\u00e4 voisi edist\u00e4\u00e4 ja\u00a0syvent\u00e4\u00e4? Kenelt\u00e4 saan tukea ty\u00f6ss\u00e4ni\u00a0ja miten voin kehitt\u00e4\u00e4 tai yll\u00e4pit\u00e4\u00e4 osaamistani\u00a0\u00a0vaikkapa digitaalisin v\u00e4linein? Ammatillisen koulutuksen opetus- ja&#46;&#46;&#46;<\/p>\n","protected":false},"author":180,"featured_media":0,"parent":0,"menu_order":0,"comment_status":"closed","ping_status":"closed","template":"","meta":{"_uag_custom_page_level_css":"","footnotes":""},"class_list":["post-70","page","type-page","status-publish","hentry"],"yoast_head":"<!-- This site is optimized with the Yoast SEO plugin v27.4 - https:\/\/yoast.com\/product\/yoast-seo-wordpress\/ -->\n<title>Toimintamallit ja materiaalit - Parasta osaamista<\/title>\n<meta name=\"robots\" content=\"index, follow, max-snippet:-1, max-image-preview:large, max-video-preview:-1\" \/>\n<link rel=\"canonical\" href=\"https:\/\/blogit.gradia.fi\/parasta_osaamista\/toimintamallit-ja-materiaalit\/\" \/>\n<meta property=\"og:locale\" content=\"fi_FI\" \/>\n<meta property=\"og:type\" content=\"article\" \/>\n<meta property=\"og:title\" content=\"Toimintamallit ja materiaalit - Parasta osaamista\" \/>\n<meta property=\"og:description\" content=\"Menetelmi\u00e4 ja ty\u00f6kaluja\u00a0opetus- ja ohjaushenkil\u00f6st\u00f6lle Miten perehdyt\u00e4n ty\u00f6paikkaohjaajan?\u00a0Mit\u00e4 ty\u00f6el\u00e4m\u00e4ss\u00e4 oppimisessa tulisi\u00a0muistaa? Miten arviointi toteutuu? Miten\u00a0ty\u00f6el\u00e4m\u00e4yhteisty\u00f6t\u00e4 voisi edist\u00e4\u00e4 ja\u00a0syvent\u00e4\u00e4? Kenelt\u00e4 saan tukea ty\u00f6ss\u00e4ni\u00a0ja miten voin kehitt\u00e4\u00e4 tai yll\u00e4pit\u00e4\u00e4 osaamistani\u00a0\u00a0vaikkapa digitaalisin v\u00e4linein? Ammatillisen koulutuksen opetus- ja&#046;&#046;&#046;\" \/>\n<meta property=\"og:url\" content=\"https:\/\/blogit.gradia.fi\/parasta_osaamista\/toimintamallit-ja-materiaalit\/\" \/>\n<meta property=\"og:site_name\" content=\"Parasta osaamista\" \/>\n<meta property=\"article:publisher\" content=\"https:\/\/www.facebook.com\/POsaamista\/\" \/>\n<meta property=\"article:modified_time\" content=\"2020-09-10T16:12:51+00:00\" \/>\n<meta property=\"og:image\" content=\"https:\/\/blogit.gradia.fi\/parasta_osaamista\/wp-content\/uploads\/sites\/20\/2020\/04\/Rohkeasti_uudistamaan_kuva-300x213.png\" \/>\n<meta name=\"twitter:card\" content=\"summary_large_image\" \/>\n<meta name=\"twitter:site\" content=\"@Posaaja_\" \/>\n<meta name=\"twitter:label1\" content=\"Arvioitu lukuaika\" \/>\n\t<meta name=\"twitter:data1\" content=\"2 minuuttia\" \/>\n<script type=\"application\/ld+json\" class=\"yoast-schema-graph\">{\"@context\":\"https:\\\/\\\/schema.org\",\"@graph\":[{\"@type\":\"WebPage\",\"@id\":\"https:\\\/\\\/blogit.gradia.fi\\\/parasta_osaamista\\\/toimintamallit-ja-materiaalit\\\/\",\"url\":\"https:\\\/\\\/blogit.gradia.fi\\\/parasta_osaamista\\\/toimintamallit-ja-materiaalit\\\/\",\"name\":\"Toimintamallit ja materiaalit - Parasta osaamista\",\"isPartOf\":{\"@id\":\"https:\\\/\\\/blogit.gradia.fi\\\/parasta_osaamista\\\/#website\"},\"primaryImageOfPage\":{\"@id\":\"https:\\\/\\\/blogit.gradia.fi\\\/parasta_osaamista\\\/toimintamallit-ja-materiaalit\\\/#primaryimage\"},\"image\":{\"@id\":\"https:\\\/\\\/blogit.gradia.fi\\\/parasta_osaamista\\\/toimintamallit-ja-materiaalit\\\/#primaryimage\"},\"thumbnailUrl\":\"https:\\\/\\\/blogit.gradia.fi\\\/parasta_osaamista\\\/wp-content\\\/uploads\\\/sites\\\/20\\\/2020\\\/04\\\/Rohkeasti_uudistamaan_kuva-300x213.png\",\"datePublished\":\"2018-03-15T07:47:20+00:00\",\"dateModified\":\"2020-09-10T16:12:51+00:00\",\"inLanguage\":\"fi\",\"potentialAction\":[{\"@type\":\"ReadAction\",\"target\":[\"https:\\\/\\\/blogit.gradia.fi\\\/parasta_osaamista\\\/toimintamallit-ja-materiaalit\\\/\"]}]},{\"@type\":\"ImageObject\",\"inLanguage\":\"fi\",\"@id\":\"https:\\\/\\\/blogit.gradia.fi\\\/parasta_osaamista\\\/toimintamallit-ja-materiaalit\\\/#primaryimage\",\"url\":\"https:\\\/\\\/blogit.gradia.fi\\\/parasta_osaamista\\\/wp-content\\\/uploads\\\/sites\\\/20\\\/2020\\\/04\\\/Rohkeasti_uudistamaan_kuva-300x213.png\",\"contentUrl\":\"https:\\\/\\\/blogit.gradia.fi\\\/parasta_osaamista\\\/wp-content\\\/uploads\\\/sites\\\/20\\\/2020\\\/04\\\/Rohkeasti_uudistamaan_kuva-300x213.png\"},{\"@type\":\"WebSite\",\"@id\":\"https:\\\/\\\/blogit.gradia.fi\\\/parasta_osaamista\\\/#website\",\"url\":\"https:\\\/\\\/blogit.gradia.fi\\\/parasta_osaamista\\\/\",\"name\":\"Parasta osaamista\",\"description\":\"Parasta osaamista -verkostohanke\",\"publisher\":{\"@id\":\"https:\\\/\\\/blogit.gradia.fi\\\/parasta_osaamista\\\/#organization\"},\"potentialAction\":[{\"@type\":\"SearchAction\",\"target\":{\"@type\":\"EntryPoint\",\"urlTemplate\":\"https:\\\/\\\/blogit.gradia.fi\\\/parasta_osaamista\\\/?s={search_term_string}\"},\"query-input\":{\"@type\":\"PropertyValueSpecification\",\"valueRequired\":true,\"valueName\":\"search_term_string\"}}],\"inLanguage\":\"fi\"},{\"@type\":\"Organization\",\"@id\":\"https:\\\/\\\/blogit.gradia.fi\\\/parasta_osaamista\\\/#organization\",\"name\":\"Parasta osaamista -verkostohanke\",\"url\":\"https:\\\/\\\/blogit.gradia.fi\\\/parasta_osaamista\\\/\",\"logo\":{\"@type\":\"ImageObject\",\"inLanguage\":\"fi\",\"@id\":\"https:\\\/\\\/blogit.gradia.fi\\\/parasta_osaamista\\\/#\\\/schema\\\/logo\\\/image\\\/\",\"url\":\"https:\\\/\\\/blogit.gradia.fi\\\/parasta_osaamista\\\/wp-content\\\/uploads\\\/sites\\\/20\\\/2018\\\/02\\\/parasta_osaamista_logo.jpg\",\"contentUrl\":\"https:\\\/\\\/blogit.gradia.fi\\\/parasta_osaamista\\\/wp-content\\\/uploads\\\/sites\\\/20\\\/2018\\\/02\\\/parasta_osaamista_logo.jpg\",\"width\":344,\"height\":334,\"caption\":\"Parasta osaamista -verkostohanke\"},\"image\":{\"@id\":\"https:\\\/\\\/blogit.gradia.fi\\\/parasta_osaamista\\\/#\\\/schema\\\/logo\\\/image\\\/\"},\"sameAs\":[\"https:\\\/\\\/www.facebook.com\\\/POsaamista\\\/\",\"https:\\\/\\\/x.com\\\/Posaaja_\",\"https:\\\/\\\/www.instagram.com\\\/parastaosaamista\\\/\",\"https:\\\/\\\/www.youtube.com\\\/channel\\\/UC7hv9jw0R6lS_Fmz5L9TUPw\"]}]}<\/script>\n<!-- \/ Yoast SEO plugin. -->","yoast_head_json":{"title":"Toimintamallit ja materiaalit - Parasta osaamista","robots":{"index":"index","follow":"follow","max-snippet":"max-snippet:-1","max-image-preview":"max-image-preview:large","max-video-preview":"max-video-preview:-1"},"canonical":"https:\/\/blogit.gradia.fi\/parasta_osaamista\/toimintamallit-ja-materiaalit\/","og_locale":"fi_FI","og_type":"article","og_title":"Toimintamallit ja materiaalit - Parasta osaamista","og_description":"Menetelmi\u00e4 ja ty\u00f6kaluja\u00a0opetus- ja ohjaushenkil\u00f6st\u00f6lle Miten perehdyt\u00e4n ty\u00f6paikkaohjaajan?\u00a0Mit\u00e4 ty\u00f6el\u00e4m\u00e4ss\u00e4 oppimisessa tulisi\u00a0muistaa? Miten arviointi toteutuu? Miten\u00a0ty\u00f6el\u00e4m\u00e4yhteisty\u00f6t\u00e4 voisi edist\u00e4\u00e4 ja\u00a0syvent\u00e4\u00e4? Kenelt\u00e4 saan tukea ty\u00f6ss\u00e4ni\u00a0ja miten voin kehitt\u00e4\u00e4 tai yll\u00e4pit\u00e4\u00e4 osaamistani\u00a0\u00a0vaikkapa digitaalisin v\u00e4linein? Ammatillisen koulutuksen opetus- ja&#46;&#46;&#46;","og_url":"https:\/\/blogit.gradia.fi\/parasta_osaamista\/toimintamallit-ja-materiaalit\/","og_site_name":"Parasta osaamista","article_publisher":"https:\/\/www.facebook.com\/POsaamista\/","article_modified_time":"2020-09-10T16:12:51+00:00","og_image":[{"url":"https:\/\/blogit.gradia.fi\/parasta_osaamista\/wp-content\/uploads\/sites\/20\/2020\/04\/Rohkeasti_uudistamaan_kuva-300x213.png","type":"","width":"","height":""}],"twitter_card":"summary_large_image","twitter_site":"@Posaaja_","twitter_misc":{"Arvioitu lukuaika":"2 minuuttia"},"schema":{"@context":"https:\/\/schema.org","@graph":[{"@type":"WebPage","@id":"https:\/\/blogit.gradia.fi\/parasta_osaamista\/toimintamallit-ja-materiaalit\/","url":"https:\/\/blogit.gradia.fi\/parasta_osaamista\/toimintamallit-ja-materiaalit\/","name":"Toimintamallit ja materiaalit - Parasta osaamista","isPartOf":{"@id":"https:\/\/blogit.gradia.fi\/parasta_osaamista\/#website"},"primaryImageOfPage":{"@id":"https:\/\/blogit.gradia.fi\/parasta_osaamista\/toimintamallit-ja-materiaalit\/#primaryimage"},"image":{"@id":"https:\/\/blogit.gradia.fi\/parasta_osaamista\/toimintamallit-ja-materiaalit\/#primaryimage"},"thumbnailUrl":"https:\/\/blogit.gradia.fi\/parasta_osaamista\/wp-content\/uploads\/sites\/20\/2020\/04\/Rohkeasti_uudistamaan_kuva-300x213.png","datePublished":"2018-03-15T07:47:20+00:00","dateModified":"2020-09-10T16:12:51+00:00","inLanguage":"fi","potentialAction":[{"@type":"ReadAction","target":["https:\/\/blogit.gradia.fi\/parasta_osaamista\/toimintamallit-ja-materiaalit\/"]}]},{"@type":"ImageObject","inLanguage":"fi","@id":"https:\/\/blogit.gradia.fi\/parasta_osaamista\/toimintamallit-ja-materiaalit\/#primaryimage","url":"https:\/\/blogit.gradia.fi\/parasta_osaamista\/wp-content\/uploads\/sites\/20\/2020\/04\/Rohkeasti_uudistamaan_kuva-300x213.png","contentUrl":"https:\/\/blogit.gradia.fi\/parasta_osaamista\/wp-content\/uploads\/sites\/20\/2020\/04\/Rohkeasti_uudistamaan_kuva-300x213.png"},{"@type":"WebSite","@id":"https:\/\/blogit.gradia.fi\/parasta_osaamista\/#website","url":"https:\/\/blogit.gradia.fi\/parasta_osaamista\/","name":"Parasta osaamista","description":"Parasta osaamista -verkostohanke","publisher":{"@id":"https:\/\/blogit.gradia.fi\/parasta_osaamista\/#organization"},"potentialAction":[{"@type":"SearchAction","target":{"@type":"EntryPoint","urlTemplate":"https:\/\/blogit.gradia.fi\/parasta_osaamista\/?s={search_term_string}"},"query-input":{"@type":"PropertyValueSpecification","valueRequired":true,"valueName":"search_term_string"}}],"inLanguage":"fi"},{"@type":"Organization","@id":"https:\/\/blogit.gradia.fi\/parasta_osaamista\/#organization","name":"Parasta osaamista -verkostohanke","url":"https:\/\/blogit.gradia.fi\/parasta_osaamista\/","logo":{"@type":"ImageObject","inLanguage":"fi","@id":"https:\/\/blogit.gradia.fi\/parasta_osaamista\/#\/schema\/logo\/image\/","url":"https:\/\/blogit.gradia.fi\/parasta_osaamista\/wp-content\/uploads\/sites\/20\/2018\/02\/parasta_osaamista_logo.jpg","contentUrl":"https:\/\/blogit.gradia.fi\/parasta_osaamista\/wp-content\/uploads\/sites\/20\/2018\/02\/parasta_osaamista_logo.jpg","width":344,"height":334,"caption":"Parasta osaamista -verkostohanke"},"image":{"@id":"https:\/\/blogit.gradia.fi\/parasta_osaamista\/#\/schema\/logo\/image\/"},"sameAs":["https:\/\/www.facebook.com\/POsaamista\/","https:\/\/x.com\/Posaaja_","https:\/\/www.instagram.com\/parastaosaamista\/","https:\/\/www.youtube.com\/channel\/UC7hv9jw0R6lS_Fmz5L9TUPw"]}]}},"uagb_featured_image_src":{"full":false,"thumbnail":false,"medium":false,"medium_large":false,"large":false,"1536x1536":false,"2048x2048":false,"thumb-small":false,"thumb-standard":false,"thumb-medium":false,"thumb-large":false,"thumb-xlarge":false,"thumb-xxlarge":false},"uagb_author_info":{"display_name":"Katriina Turunen","author_link":"https:\/\/blogit.gradia.fi\/parasta_osaamista\/author\/huttukat\/"},"uagb_comment_info":0,"uagb_excerpt":"Menetelmi\u00e4 ja ty\u00f6kaluja\u00a0opetus- ja ohjaushenkil\u00f6st\u00f6lle Miten perehdyt\u00e4n ty\u00f6paikkaohjaajan?\u00a0Mit\u00e4 ty\u00f6el\u00e4m\u00e4ss\u00e4 oppimisessa tulisi\u00a0muistaa? Miten arviointi toteutuu? Miten\u00a0ty\u00f6el\u00e4m\u00e4yhteisty\u00f6t\u00e4 voisi edist\u00e4\u00e4 ja\u00a0syvent\u00e4\u00e4? Kenelt\u00e4 saan tukea ty\u00f6ss\u00e4ni\u00a0ja miten voin kehitt\u00e4\u00e4 tai yll\u00e4pit\u00e4\u00e4 osaamistani\u00a0\u00a0vaikkapa digitaalisin v\u00e4linein? Ammatillisen koulutuksen opetus- ja&#46;&#46;&#46;","_links":{"self":[{"href":"https:\/\/blogit.gradia.fi\/parasta_osaamista\/wp-json\/wp\/v2\/pages\/70","targetHints":{"allow":["GET"]}}],"collection":[{"href":"https:\/\/blogit.gradia.fi\/parasta_osaamista\/wp-json\/wp\/v2\/pages"}],"about":[{"href":"https:\/\/blogit.gradia.fi\/parasta_osaamista\/wp-json\/wp\/v2\/types\/page"}],"author":[{"embeddable":true,"href":"https:\/\/blogit.gradia.fi\/parasta_osaamista\/wp-json\/wp\/v2\/users\/180"}],"replies":[{"embeddable":true,"href":"https:\/\/blogit.gradia.fi\/parasta_osaamista\/wp-json\/wp\/v2\/comments?post=70"}],"version-history":[{"count":6,"href":"https:\/\/blogit.gradia.fi\/parasta_osaamista\/wp-json\/wp\/v2\/pages\/70\/revisions"}],"predecessor-version":[{"id":3672,"href":"https:\/\/blogit.gradia.fi\/parasta_osaamista\/wp-json\/wp\/v2\/pages\/70\/revisions\/3672"}],"wp:attachment":[{"href":"https:\/\/blogit.gradia.fi\/parasta_osaamista\/wp-json\/wp\/v2\/media?parent=70"}],"curies":[{"name":"wp","href":"https:\/\/api.w.org\/{rel}","templated":true}]}}