{"id":472,"date":"2018-06-20T10:49:00","date_gmt":"2018-06-20T07:49:00","guid":{"rendered":"https:\/\/blogit.gradia.fi\/parasta_osaamista\/?page_id=472"},"modified":"2020-02-26T12:21:08","modified_gmt":"2020-02-26T10:21:08","slug":"parasta-palvelua","status":"publish","type":"page","link":"https:\/\/blogit.gradia.fi\/parasta_osaamista\/parasta-palvelua\/","title":{"rendered":"Parasta palvelua"},"content":{"rendered":"<p><strong><img loading=\"lazy\" decoding=\"async\" class=\"wp-image-506 aligncenter\" src=\"https:\/\/blogit.gradia.fi\/parasta_osaamista\/wp-content\/uploads\/sites\/20\/2018\/08\/PAR2-1-300x212.jpg\" alt=\"\" width=\"569\" height=\"402\" srcset=\"https:\/\/blogit.gradia.fi\/parasta_osaamista\/wp-content\/uploads\/sites\/20\/2018\/08\/PAR2-1-300x212.jpg 300w, https:\/\/blogit.gradia.fi\/parasta_osaamista\/wp-content\/uploads\/sites\/20\/2018\/08\/PAR2-1-768x543.jpg 768w, https:\/\/blogit.gradia.fi\/parasta_osaamista\/wp-content\/uploads\/sites\/20\/2018\/08\/PAR2-1-1024x724.jpg 1024w\" sizes=\"auto, (max-width: 569px) 100vw, 569px\" \/><br \/>\n<\/strong><\/p>\n<p><strong>Parasta palvelua -kehitt\u00e4misohjelma<\/strong><\/p>\n<p><img loading=\"lazy\" decoding=\"async\" class=\" wp-image-480 alignright\" src=\"https:\/\/blogit.gradia.fi\/parasta_osaamista\/wp-content\/uploads\/sites\/20\/2018\/06\/Uudistutaan-yhdess\u00e4-300x167.jpg\" alt=\"\" width=\"327\" height=\"182\" srcset=\"https:\/\/blogit.gradia.fi\/parasta_osaamista\/wp-content\/uploads\/sites\/20\/2018\/06\/Uudistutaan-yhdess\u00e4-300x167.jpg 300w, https:\/\/blogit.gradia.fi\/parasta_osaamista\/wp-content\/uploads\/sites\/20\/2018\/06\/Uudistutaan-yhdess\u00e4.jpg 720w\" sizes=\"auto, (max-width: 327px) 100vw, 327px\" \/><\/p>\n<p>Parasta Palvelua kehitt\u00e4misohjelma tukee koulutuksen j\u00e4rjest\u00e4jien omaa reformity\u00f6t\u00e4 ja toimintatapojen uudistumista. Verkosto koostuu koko maan kattavasta nelj\u00e4st\u00e4 alueverkostosta, joiden kautta tuetaan sek\u00e4 uusia ett\u00e4 jo toimivia koulutuksen j\u00e4rjest\u00e4ji\u00e4 ty\u00f6paikalla j\u00e4rjestett\u00e4v\u00e4n koulutuksen uusien toimintamallien k\u00e4ytt\u00f6\u00f6notossa. Ty\u00f6paikalla j\u00e4rjestett\u00e4v\u00e4\u00e4 koulutusta toteutetaan\u00a0 yhteisty\u00f6ss\u00e4. Parasta Palvelua tuo my\u00f6s ty\u00f6paikat mukaan sen kehitt\u00e4miseen! Koulutussopimus ja oppisopimus asiakasl\u00e4ht\u00f6isen\u00e4 palveluna Parasta Palvelua kehitt\u00e4mist\u00e4 tehd\u00e4\u00e4n yhdess\u00e4 ty\u00f6el\u00e4m\u00e4asiakkaiden kanssa.\u00a0 Yhteiskehitt\u00e4misen avulla tavoittelemme parasta mahdollista asiakaskokemusta ja palvelua ty\u00f6paikalla tapahtuvan oppimisen toteuttamisessa. Lopputuloksena asiakkaat saavat yhdenmukaisen, kaikille koulutuksen j\u00e4rjest\u00e4jille yhteisen koulutussopimus tai oppisopimusprosessin.<\/p>\n<p>Oppisopimus ja koulutussopimusprosessien tueksi sek\u00e4 niiden joustavaan k\u00e4ytt\u00f6\u00f6n tarvitaan uutta osaamista. Asiakasl\u00e4ht\u00f6inen ajattelu sek\u00e4 ty\u00f6nantajan tarpeiden huomioiminen ovat olennaisia molemmissa malleissa. Uudistuvan toiminnan tueksi on nyt tarjolla ajantasaista materiaalia: esitteit\u00e4, videoita sek\u00e4 tallenteita. Hy\u00f6dynn\u00e4 materiaalit ensin oman henkil\u00f6st\u00f6nne osaamisen tukena. Ty\u00f6el\u00e4m\u00e4lle suunnattavaa materiaalia syntyy viestinn\u00e4n strategiaty\u00f6n j\u00e4lkeen syksyn aikana lis\u00e4\u00e4. Vi har material f\u00f6r arbetslivet och undervisande och handledande personal ocks\u00e5 p\u00e5 svenska.<\/p>\n<p><strong>PARASTA PALVELUA KEHITT\u00c4MISOHJELMAN MATERIAALIT<\/strong><br \/>\n<a href=\"https:\/\/forms.office.com\/Pages\/ResponsePage.aspx?id=gUEUTmgvH0Cqhp7J5ADms_BIqDLQWK1PrXyIaqlLh4BUMk9NQVg0Wk5CRjhOQzQ0TlRBMFBTRDNEUC4u\" target=\"_blank\" rel=\"noopener noreferrer\">Parasta Palvelua PP-esitys<\/a><\/p>\n<p><strong>MATERIAALIT OPETTAJILLE<\/strong><br \/>\nEsite: Oppisopimus- ja koulutussopimus opettajille<br \/>\n<a href=\"https:\/\/trello.com\/c\/hKYevffJ\" target=\"_blank\" rel=\"noopener noreferrer\">https:\/\/trello.com\/c\/hKYevffJ<\/a><\/p>\n<p>Esite: Oppisopimus- ja koulutussopimus opiskelijoille<br \/>\n<a href=\"https:\/\/trello.com\/c\/BBqFmIMk\" target=\"_blank\" rel=\"noopener noreferrer\">https:\/\/trello.com\/c\/BBqFmIMk<br \/>\n<\/a><\/p>\n<p><strong>MATERIAALIT TY\u00d6PAIKOILLE<\/strong><br \/>\n<strong>Esite: <\/strong>Oppisopimus- ja koulutussopimus<br \/>\n<a href=\"https:\/\/trello.com\/c\/8nVqmaHZ\" target=\"_blank\" rel=\"noopener noreferrer\">https:\/\/trello.com\/c\/8nVqmaHZ<\/a><\/p>\n<p><strong>PowerPoint: <\/strong>Ty\u00f6paikalla j\u00e4rjestett\u00e4v\u00e4 koulutus ty\u00f6el\u00e4m\u00e4lle<br \/>\n<a href=\"https:\/\/trello.com\/c\/OT9N3sit\" target=\"_blank\" rel=\"noopener noreferrer\">https:\/\/trello.com\/c\/OT9N3sit<\/a><\/p>\n<p><strong> PowerPoint: <\/strong>Oppisopimus-koulutussopimus ty\u00f6nantajalle<br \/>\n<a href=\"https:\/\/trello.com\/c\/Q5RZxvAy\" target=\"_blank\" rel=\"noopener noreferrer\">https:\/\/trello.com\/c\/Q5RZxvAy<\/a><\/p>\n<p><strong>Video: <\/strong>Ty\u00f6paikalla j\u00e4rjestett\u00e4v\u00e4 koulutus<br \/>\n<a href=\"https:\/\/trello.com\/c\/KVCGC4L7\" target=\"_blank\" rel=\"noopener noreferrer\">https:\/\/trello.com\/c\/KVCGC4L7<\/a><\/p>\n<p style=\"text-align: left\"><strong>RUOTSINKIELISET\/P\u00c5 SVENSKA<img loading=\"lazy\" decoding=\"async\" class=\"wp-image-3240 alignright\" src=\"https:\/\/blogit.gradia.fi\/parasta_osaamista\/wp-content\/uploads\/sites\/20\/2019\/10\/Huomautus-2019-10-23-153036-300x210.png\" alt=\"\" width=\"436\" height=\"305\" srcset=\"https:\/\/blogit.gradia.fi\/parasta_osaamista\/wp-content\/uploads\/sites\/20\/2019\/10\/Huomautus-2019-10-23-153036-300x210.png 300w, https:\/\/blogit.gradia.fi\/parasta_osaamista\/wp-content\/uploads\/sites\/20\/2019\/10\/Huomautus-2019-10-23-153036-768x538.png 768w, https:\/\/blogit.gradia.fi\/parasta_osaamista\/wp-content\/uploads\/sites\/20\/2019\/10\/Huomautus-2019-10-23-153036-1024x718.png 1024w, https:\/\/blogit.gradia.fi\/parasta_osaamista\/wp-content\/uploads\/sites\/20\/2019\/10\/Huomautus-2019-10-23-153036.png 1121w\" sizes=\"auto, (max-width: 436px) 100vw, 436px\" \/><\/strong><\/p>\n<p><strong>Broschyr:<\/strong> L\u00e4roavtal &amp; utbildningsavtals,<br \/>\nARBETSGIVARE<br \/>\n<a href=\"https:\/\/trello.com\/c\/x3kFoCKX\" target=\"_blank\" rel=\"noopener noreferrer\">https:\/\/trello.com\/c\/x3kFoCKX<\/a><\/p>\n<p><strong>Broschyr<\/strong><strong>:\u00a0<\/strong>L\u00e4roavtal &amp; utbildningsavtals,<br \/>\nSTUDERANDE<br \/>\n<a href=\"https:\/\/trello.com\/c\/SE8tP9nf\" target=\"_blank\" rel=\"noopener noreferrer\">https:\/\/trello.com\/c\/SE8tP9nf<\/a><\/p>\n<p><strong>Broschyr<\/strong><strong>:\u00a0<\/strong>L\u00e4roavtal &amp; utbildningsavtals,<br \/>\nL\u00c4RARE<br \/>\n<a href=\"https:\/\/trello.com\/c\/ylmAQYUQ\" target=\"_blank\" rel=\"noopener noreferrer\">https:\/\/trello.com\/c\/ylmAQYUQ<\/a><\/p>\n<p><strong>PowerPoint:<\/strong><strong>\u00a0<\/strong>L\u00e4roavtal &amp; utbildningsavtals<br \/>\n<a href=\"https:\/\/trello.com\/c\/OWK50he1\" target=\"_blank\" rel=\"noopener noreferrer\">https:\/\/trello.com\/c\/OWK50he1<\/a><\/p>\n<p><strong>SOPIMUSMALLIT\/AVTALSMALL<\/strong><\/p>\n<ul>\n<li><a href=\"http:\/\/minedu.fi\/documents\/1410845\/5970275\/Koulutussopimusmalli\/49102441-7c44-4580-9a03-bc228cb6db6f\/Koulutussopimusmalli.pdf\" target=\"_blank\" rel=\"noopener noreferrer\">Koulutussopimusmalli<\/a><\/li>\n<li><a href=\"http:\/\/minedu.fi\/documents\/1410845\/4246307\/Koulutussopimusmalli+sv\/8bd5d2b7-82f9-4278-ae40-3cba414f5018\/Koulutussopimusmalli+sv.pdf\" target=\"_blank\" rel=\"noopener noreferrer\">Utbildningsavtalmall<\/a><\/li>\n<li><a href=\"http:\/\/minedu.fi\/documents\/1410845\/5970275\/Koulutussopimusmalli+EN\/d0d124cf-c0e7-4e38-b626-013d7c7931d4\/Koulutussopimusmalli+EN.pdf\" target=\"_blank\" rel=\"noopener noreferrer\">Training agreement<\/a><\/li>\n<li><a href=\"http:\/\/minedu.fi\/documents\/1410845\/5970275\/Oppisopimusmalli\/23a855ff-e038-46b8-8cfe-60da72e035c7\/Oppisopimusmalli.pdf\" target=\"_blank\" rel=\"noopener noreferrer\">Oppisopimusmalli<\/a><\/li>\n<li><a href=\"http:\/\/minedu.fi\/documents\/1410845\/4246307\/Oppisopimusmalli+sv\/3a743d45-1389-4c35-9674-16080e2b9d18\/Oppisopimusmalli+sv.pdf\" target=\"_blank\" rel=\"noopener noreferrer\">L\u00e4roavtalsmall<\/a><\/li>\n<li><a href=\"http:\/\/minedu.fi\/documents\/1410845\/5970275\/Oppisopimusmalli+EN\/cd041c8c-5a71-4904-9d53-eb57cc462221\/Oppisopimusmalli+EN.pdf\" target=\"_blank\" rel=\"noopener noreferrer\">Apprenticeship<\/a><\/li>\n<\/ul>\n<p><strong>Lis\u00e4tietoja:<\/strong> <a href=\"http:\/\/minedu.fi\/tyopaikalla-oppiminen\" target=\"_blank\" rel=\"noopener noreferrer\">http:\/\/minedu.fi\/tyopaikalla-oppiminen<\/a><br \/>\n<strong>Mer information:\u00a0<\/strong><a href=\"http:\/\/minedu.fi\/sv\/yrkesskolereformen\" target=\"_blank\" rel=\"noopener noreferrer\">http:\/\/minedu.fi\/sv\/yrkesskolereformen<\/a><\/p>\n<p><strong>Ty\u00f6el\u00e4m\u00e4ss\u00e4 oppiminen: koulutus- ja oppisopimusosaaminen<\/strong><\/p>\n<ul>\n<li>Opas: Ty\u00f6el\u00e4m\u00e4ss\u00e4 oppimisen uudet mahdollisuudet<br \/>\n<a href=\"https:\/\/trello.com\/c\/diQ8SYZU\/46-ty%C3%B6el%C3%A4m%C3%A4ss%C3%A4-oppimisen-uudet-mahdollisuudet\">https:\/\/trello.com\/c\/diQ8SYZU\/46-ty%C3%B6el%C3%A4m%C3%A4ss%C3%A4-oppimisen-uudet-mahdollisuudet<\/a><\/li>\n<li>Valmennusmateriaali: Kuuntelemme, pohdimme, kehit\u00e4mme yhdess\u00e4<br \/>\n<a href=\"https:\/\/eur03.safelinks.protection.outlook.com\/?url=https%3A%2F%2Ftrello.com%2Fc%2FT4jeDA8c%2F184-kuuntelemme-pohdimme-kehit%25C3%25A4mme-yhdess%25C3%25A4-valmennusmateriaali-yhteisen-osaamisen-varmistamiseen&amp;data=02%7C01%7Cpia.tolonen%40gradia.fi%7Cbec78e35b05e42bc82cd08d7b14b9589%7C4e1441812f68401faa869ec9e400e6b3%7C0%7C0%7C637172810493718499&amp;sdata=ay4dghqobe7BPSIvtFkOcHv9ZhsLgWKXxR5%2FBFqxwjY%3D&amp;reserved=0\">https:\/\/trello.com\/c\/T4jeDA8c\/184-kuuntelemme-pohdimme-kehit%C3%A4mme-yhdess%C3%A4-valmennusmateriaali-yhteisen-osaamisen-varmistamiseen<\/a><\/li>\n<\/ul>\n<p><strong>Ty\u00f6el\u00e4m\u00e4ss\u00e4 oppiminen: palveluprosessin ja osaamisen rakentamisen tueksi<\/strong><br \/>\n<strong>Hyv\u00e4n palvelun opas<\/strong><\/p>\n<ul>\n<li>Osa 1 Kumppanuutta kehitt\u00e4m\u00e4ss\u00e4<br \/>\n<a href=\"https:\/\/trello.com\/c\/kZbiDvew\/2-kumppanuutta-kehitt%C3%A4m%C3%A4ss%C3%A4-utveckla-kompanjonskap\">https:\/\/trello.com\/c\/kZbiDvew\/2-kumppanuutta-kehitt%C3%A4m%C3%A4ss%C3%A4-utveckla-kompanjonskap<\/a><\/li>\n<li>Osa 2 Kahdeksan starttia parantaa palvelua<br \/>\n<a href=\"https:\/\/trello.com\/c\/fqUeUQrS\/127-osa-del-2-kahdeksan-starttia-parantaa-palvelua-f%C3%B6rb%C3%A4ttra-servicen-med-hj%C3%A4lp-av-%C3%A5tta-punkter\">https:\/\/trello.com\/c\/fqUeUQrS\/127-osa-del-2-kahdeksan-starttia-parantaa-palvelua-f%C3%B6rb%C3%A4ttra-servicen-med-hj%C3%A4lp-av-%C3%A5tta-punkter<\/a><\/li>\n<li>Osa 3 Arjen hyv\u00e4t ratkaisut<br \/>\n<a href=\"https:\/\/trello.com\/c\/ibVrTqCI\/3-arjen-hyv%C3%A4t-ratkaisut-bra-l%C3%B6sningar-i-vardagen\">https:\/\/trello.com\/c\/ibVrTqCI\/3-arjen-hyv%C3%A4t-ratkaisut-bra-l%C3%B6sningar-i-vardagen<\/a><\/li>\n<\/ul>\n<p><strong>S\u00c4HK\u00d6ISET KANAVAT<\/strong><\/p>\n<p>S\u00e4hk\u00f6iset kanavat\u00a0&#8211; t\u00e4\u00e4ll\u00e4 virtaavat tieto ja hyv\u00e4t k\u00e4yt\u00e4nn\u00f6t.<br \/>\n<a href=\"https:\/\/www.facebook.com\/groups\/uudistutaanyhdessa\/\">Uudistutaan yhdess\u00e4 -Facebook ryhm\u00e4<\/a><\/p>\n<p><strong>Uutiskirjeet<\/strong><\/p>\n<p><a href=\"http:\/\/bit.ly\/pysykartallareformista\" target=\"_blank\" rel=\"noopener noreferrer\">Pysy kartalla reformiasioista -kooste<\/a><br \/>\n<a href=\"http:\/\/bit.ly\/uudistutaan\" target=\"_blank\" rel=\"noopener noreferrer\">Uudistutaan yhdess\u00e4 -uutiset<\/a><\/p>\n<p><strong>Materiaalit<\/strong><br \/>\n<a href=\"http:\/\/bit.ly\/parasta_materiaalit\" target=\"_blank\" rel=\"noopener noreferrer\">Esitemateriaalit oppilaitokseen ja ty\u00f6el\u00e4m\u00e4lle<\/a><br \/>\n<a href=\"http:\/\/bit.ly\/osaamista\" target=\"_blank\" rel=\"noopener noreferrer\">Materiaalit opetus- ja ohjaushenkil\u00f6st\u00f6n perehdytt\u00e4miseen\u00a0<\/a><\/p>\n<p><strong>Videot<\/strong> <a href=\"http:\/\/bit.ly\/parasta_youtube\" target=\"_blank\" rel=\"noopener noreferrer\">YouTube <\/a><\/p>\n<p><strong>Parasta Palvelua -tiimi<\/strong><\/p>\n<p><strong>Koordinaatio<\/strong><\/p>\n<p><strong>P\u00e4ivi\u200b \u200bKalliokoski<\/strong><br \/>\npaivi.kalliokoski@keuda.fi<\/p>\n<p><strong>Jenni St\u00e9n<\/strong><br \/>\n<a href=\"mailto:jenni.sten@keuda.fi\">jenni.sten@keuda.fi<\/a><\/p>\n<p>L\u00e4himm\u00e4n Parasta Palvelua toimijan l\u00f6yd\u00e4t t\u00e4st\u00e4 kartasta.<br \/>\n<a href=\"https:\/\/trello.com\/c\/WEaOeapY\">Parasta palvelua -verkosto<\/a><\/p>\n","protected":false},"excerpt":{"rendered":"<p>Parasta palvelua -kehitt\u00e4misohjelma Parasta Palvelua kehitt\u00e4misohjelma tukee koulutuksen j\u00e4rjest\u00e4jien omaa reformity\u00f6t\u00e4 ja toimintatapojen uudistumista. Verkosto koostuu koko maan kattavasta nelj\u00e4st\u00e4 alueverkostosta, joiden kautta tuetaan sek\u00e4 uusia ett\u00e4 jo toimivia koulutuksen j\u00e4rjest\u00e4ji\u00e4 ty\u00f6paikalla j\u00e4rjestett\u00e4v\u00e4n koulutuksen&#46;&#46;&#46;<\/p>\n","protected":false},"author":178,"featured_media":0,"parent":0,"menu_order":0,"comment_status":"closed","ping_status":"closed","template":"","meta":{"_uag_custom_page_level_css":"","footnotes":""},"class_list":["post-472","page","type-page","status-publish","hentry"],"yoast_head":"<!-- This site is optimized with the Yoast SEO plugin v27.4 - https:\/\/yoast.com\/product\/yoast-seo-wordpress\/ -->\n<title>Parasta palvelua - Parasta osaamista<\/title>\n<meta name=\"robots\" content=\"index, follow, max-snippet:-1, max-image-preview:large, max-video-preview:-1\" \/>\n<link rel=\"canonical\" href=\"https:\/\/blogit.gradia.fi\/parasta_osaamista\/parasta-palvelua\/\" \/>\n<meta property=\"og:locale\" content=\"fi_FI\" \/>\n<meta property=\"og:type\" content=\"article\" \/>\n<meta property=\"og:title\" content=\"Parasta palvelua - Parasta osaamista\" \/>\n<meta property=\"og:description\" content=\"Parasta palvelua -kehitt\u00e4misohjelma Parasta Palvelua kehitt\u00e4misohjelma tukee koulutuksen j\u00e4rjest\u00e4jien omaa reformity\u00f6t\u00e4 ja toimintatapojen uudistumista. Verkosto koostuu koko maan kattavasta nelj\u00e4st\u00e4 alueverkostosta, joiden kautta tuetaan sek\u00e4 uusia ett\u00e4 jo toimivia koulutuksen j\u00e4rjest\u00e4ji\u00e4 ty\u00f6paikalla j\u00e4rjestett\u00e4v\u00e4n koulutuksen&#046;&#046;&#046;\" \/>\n<meta property=\"og:url\" content=\"https:\/\/blogit.gradia.fi\/parasta_osaamista\/parasta-palvelua\/\" \/>\n<meta property=\"og:site_name\" content=\"Parasta osaamista\" \/>\n<meta property=\"article:publisher\" content=\"https:\/\/www.facebook.com\/POsaamista\/\" \/>\n<meta property=\"article:modified_time\" content=\"2020-02-26T10:21:08+00:00\" \/>\n<meta property=\"og:image\" content=\"https:\/\/blogit.gradia.fi\/parasta_osaamista\/wp-content\/uploads\/sites\/20\/2018\/08\/PAR2-1-300x212.jpg\" \/>\n<meta name=\"twitter:card\" content=\"summary_large_image\" \/>\n<meta name=\"twitter:site\" content=\"@Posaaja_\" \/>\n<meta name=\"twitter:label1\" content=\"Arvioitu lukuaika\" \/>\n\t<meta name=\"twitter:data1\" content=\"3 minuuttia\" \/>\n<script type=\"application\/ld+json\" class=\"yoast-schema-graph\">{\"@context\":\"https:\\\/\\\/schema.org\",\"@graph\":[{\"@type\":\"WebPage\",\"@id\":\"https:\\\/\\\/blogit.gradia.fi\\\/parasta_osaamista\\\/parasta-palvelua\\\/\",\"url\":\"https:\\\/\\\/blogit.gradia.fi\\\/parasta_osaamista\\\/parasta-palvelua\\\/\",\"name\":\"Parasta palvelua - Parasta osaamista\",\"isPartOf\":{\"@id\":\"https:\\\/\\\/blogit.gradia.fi\\\/parasta_osaamista\\\/#website\"},\"primaryImageOfPage\":{\"@id\":\"https:\\\/\\\/blogit.gradia.fi\\\/parasta_osaamista\\\/parasta-palvelua\\\/#primaryimage\"},\"image\":{\"@id\":\"https:\\\/\\\/blogit.gradia.fi\\\/parasta_osaamista\\\/parasta-palvelua\\\/#primaryimage\"},\"thumbnailUrl\":\"https:\\\/\\\/blogit.gradia.fi\\\/parasta_osaamista\\\/wp-content\\\/uploads\\\/sites\\\/20\\\/2018\\\/08\\\/PAR2-1-300x212.jpg\",\"datePublished\":\"2018-06-20T07:49:00+00:00\",\"dateModified\":\"2020-02-26T10:21:08+00:00\",\"inLanguage\":\"fi\",\"potentialAction\":[{\"@type\":\"ReadAction\",\"target\":[\"https:\\\/\\\/blogit.gradia.fi\\\/parasta_osaamista\\\/parasta-palvelua\\\/\"]}]},{\"@type\":\"ImageObject\",\"inLanguage\":\"fi\",\"@id\":\"https:\\\/\\\/blogit.gradia.fi\\\/parasta_osaamista\\\/parasta-palvelua\\\/#primaryimage\",\"url\":\"https:\\\/\\\/blogit.gradia.fi\\\/parasta_osaamista\\\/wp-content\\\/uploads\\\/sites\\\/20\\\/2018\\\/08\\\/PAR2-1.jpg\",\"contentUrl\":\"https:\\\/\\\/blogit.gradia.fi\\\/parasta_osaamista\\\/wp-content\\\/uploads\\\/sites\\\/20\\\/2018\\\/08\\\/PAR2-1.jpg\",\"width\":2807,\"height\":1984},{\"@type\":\"WebSite\",\"@id\":\"https:\\\/\\\/blogit.gradia.fi\\\/parasta_osaamista\\\/#website\",\"url\":\"https:\\\/\\\/blogit.gradia.fi\\\/parasta_osaamista\\\/\",\"name\":\"Parasta osaamista\",\"description\":\"Parasta osaamista -verkostohanke\",\"publisher\":{\"@id\":\"https:\\\/\\\/blogit.gradia.fi\\\/parasta_osaamista\\\/#organization\"},\"potentialAction\":[{\"@type\":\"SearchAction\",\"target\":{\"@type\":\"EntryPoint\",\"urlTemplate\":\"https:\\\/\\\/blogit.gradia.fi\\\/parasta_osaamista\\\/?s={search_term_string}\"},\"query-input\":{\"@type\":\"PropertyValueSpecification\",\"valueRequired\":true,\"valueName\":\"search_term_string\"}}],\"inLanguage\":\"fi\"},{\"@type\":\"Organization\",\"@id\":\"https:\\\/\\\/blogit.gradia.fi\\\/parasta_osaamista\\\/#organization\",\"name\":\"Parasta osaamista -verkostohanke\",\"url\":\"https:\\\/\\\/blogit.gradia.fi\\\/parasta_osaamista\\\/\",\"logo\":{\"@type\":\"ImageObject\",\"inLanguage\":\"fi\",\"@id\":\"https:\\\/\\\/blogit.gradia.fi\\\/parasta_osaamista\\\/#\\\/schema\\\/logo\\\/image\\\/\",\"url\":\"https:\\\/\\\/blogit.gradia.fi\\\/parasta_osaamista\\\/wp-content\\\/uploads\\\/sites\\\/20\\\/2018\\\/02\\\/parasta_osaamista_logo.jpg\",\"contentUrl\":\"https:\\\/\\\/blogit.gradia.fi\\\/parasta_osaamista\\\/wp-content\\\/uploads\\\/sites\\\/20\\\/2018\\\/02\\\/parasta_osaamista_logo.jpg\",\"width\":344,\"height\":334,\"caption\":\"Parasta osaamista -verkostohanke\"},\"image\":{\"@id\":\"https:\\\/\\\/blogit.gradia.fi\\\/parasta_osaamista\\\/#\\\/schema\\\/logo\\\/image\\\/\"},\"sameAs\":[\"https:\\\/\\\/www.facebook.com\\\/POsaamista\\\/\",\"https:\\\/\\\/x.com\\\/Posaaja_\",\"https:\\\/\\\/www.instagram.com\\\/parastaosaamista\\\/\",\"https:\\\/\\\/www.youtube.com\\\/channel\\\/UC7hv9jw0R6lS_Fmz5L9TUPw\"]}]}<\/script>\n<!-- \/ Yoast SEO plugin. -->","yoast_head_json":{"title":"Parasta palvelua - Parasta osaamista","robots":{"index":"index","follow":"follow","max-snippet":"max-snippet:-1","max-image-preview":"max-image-preview:large","max-video-preview":"max-video-preview:-1"},"canonical":"https:\/\/blogit.gradia.fi\/parasta_osaamista\/parasta-palvelua\/","og_locale":"fi_FI","og_type":"article","og_title":"Parasta palvelua - Parasta osaamista","og_description":"Parasta palvelua -kehitt\u00e4misohjelma Parasta Palvelua kehitt\u00e4misohjelma tukee koulutuksen j\u00e4rjest\u00e4jien omaa reformity\u00f6t\u00e4 ja toimintatapojen uudistumista. Verkosto koostuu koko maan kattavasta nelj\u00e4st\u00e4 alueverkostosta, joiden kautta tuetaan sek\u00e4 uusia ett\u00e4 jo toimivia koulutuksen j\u00e4rjest\u00e4ji\u00e4 ty\u00f6paikalla j\u00e4rjestett\u00e4v\u00e4n koulutuksen&#46;&#46;&#46;","og_url":"https:\/\/blogit.gradia.fi\/parasta_osaamista\/parasta-palvelua\/","og_site_name":"Parasta osaamista","article_publisher":"https:\/\/www.facebook.com\/POsaamista\/","article_modified_time":"2020-02-26T10:21:08+00:00","og_image":[{"url":"https:\/\/blogit.gradia.fi\/parasta_osaamista\/wp-content\/uploads\/sites\/20\/2018\/08\/PAR2-1-300x212.jpg","type":"","width":"","height":""}],"twitter_card":"summary_large_image","twitter_site":"@Posaaja_","twitter_misc":{"Arvioitu lukuaika":"3 minuuttia"},"schema":{"@context":"https:\/\/schema.org","@graph":[{"@type":"WebPage","@id":"https:\/\/blogit.gradia.fi\/parasta_osaamista\/parasta-palvelua\/","url":"https:\/\/blogit.gradia.fi\/parasta_osaamista\/parasta-palvelua\/","name":"Parasta palvelua - Parasta osaamista","isPartOf":{"@id":"https:\/\/blogit.gradia.fi\/parasta_osaamista\/#website"},"primaryImageOfPage":{"@id":"https:\/\/blogit.gradia.fi\/parasta_osaamista\/parasta-palvelua\/#primaryimage"},"image":{"@id":"https:\/\/blogit.gradia.fi\/parasta_osaamista\/parasta-palvelua\/#primaryimage"},"thumbnailUrl":"https:\/\/blogit.gradia.fi\/parasta_osaamista\/wp-content\/uploads\/sites\/20\/2018\/08\/PAR2-1-300x212.jpg","datePublished":"2018-06-20T07:49:00+00:00","dateModified":"2020-02-26T10:21:08+00:00","inLanguage":"fi","potentialAction":[{"@type":"ReadAction","target":["https:\/\/blogit.gradia.fi\/parasta_osaamista\/parasta-palvelua\/"]}]},{"@type":"ImageObject","inLanguage":"fi","@id":"https:\/\/blogit.gradia.fi\/parasta_osaamista\/parasta-palvelua\/#primaryimage","url":"https:\/\/blogit.gradia.fi\/parasta_osaamista\/wp-content\/uploads\/sites\/20\/2018\/08\/PAR2-1.jpg","contentUrl":"https:\/\/blogit.gradia.fi\/parasta_osaamista\/wp-content\/uploads\/sites\/20\/2018\/08\/PAR2-1.jpg","width":2807,"height":1984},{"@type":"WebSite","@id":"https:\/\/blogit.gradia.fi\/parasta_osaamista\/#website","url":"https:\/\/blogit.gradia.fi\/parasta_osaamista\/","name":"Parasta osaamista","description":"Parasta osaamista -verkostohanke","publisher":{"@id":"https:\/\/blogit.gradia.fi\/parasta_osaamista\/#organization"},"potentialAction":[{"@type":"SearchAction","target":{"@type":"EntryPoint","urlTemplate":"https:\/\/blogit.gradia.fi\/parasta_osaamista\/?s={search_term_string}"},"query-input":{"@type":"PropertyValueSpecification","valueRequired":true,"valueName":"search_term_string"}}],"inLanguage":"fi"},{"@type":"Organization","@id":"https:\/\/blogit.gradia.fi\/parasta_osaamista\/#organization","name":"Parasta osaamista -verkostohanke","url":"https:\/\/blogit.gradia.fi\/parasta_osaamista\/","logo":{"@type":"ImageObject","inLanguage":"fi","@id":"https:\/\/blogit.gradia.fi\/parasta_osaamista\/#\/schema\/logo\/image\/","url":"https:\/\/blogit.gradia.fi\/parasta_osaamista\/wp-content\/uploads\/sites\/20\/2018\/02\/parasta_osaamista_logo.jpg","contentUrl":"https:\/\/blogit.gradia.fi\/parasta_osaamista\/wp-content\/uploads\/sites\/20\/2018\/02\/parasta_osaamista_logo.jpg","width":344,"height":334,"caption":"Parasta osaamista -verkostohanke"},"image":{"@id":"https:\/\/blogit.gradia.fi\/parasta_osaamista\/#\/schema\/logo\/image\/"},"sameAs":["https:\/\/www.facebook.com\/POsaamista\/","https:\/\/x.com\/Posaaja_","https:\/\/www.instagram.com\/parastaosaamista\/","https:\/\/www.youtube.com\/channel\/UC7hv9jw0R6lS_Fmz5L9TUPw"]}]}},"uagb_featured_image_src":{"full":false,"thumbnail":false,"medium":false,"medium_large":false,"large":false,"1536x1536":false,"2048x2048":false,"thumb-small":false,"thumb-standard":false,"thumb-medium":false,"thumb-large":false,"thumb-xlarge":false,"thumb-xxlarge":false},"uagb_author_info":{"display_name":"Sami Ahonen","author_link":"https:\/\/blogit.gradia.fi\/parasta_osaamista\/author\/ahonesam\/"},"uagb_comment_info":0,"uagb_excerpt":"Parasta palvelua -kehitt\u00e4misohjelma Parasta Palvelua kehitt\u00e4misohjelma tukee koulutuksen j\u00e4rjest\u00e4jien omaa reformity\u00f6t\u00e4 ja toimintatapojen uudistumista. Verkosto koostuu koko maan kattavasta nelj\u00e4st\u00e4 alueverkostosta, joiden kautta tuetaan sek\u00e4 uusia ett\u00e4 jo toimivia koulutuksen j\u00e4rjest\u00e4ji\u00e4 ty\u00f6paikalla j\u00e4rjestett\u00e4v\u00e4n koulutuksen&#46;&#46;&#46;","_links":{"self":[{"href":"https:\/\/blogit.gradia.fi\/parasta_osaamista\/wp-json\/wp\/v2\/pages\/472","targetHints":{"allow":["GET"]}}],"collection":[{"href":"https:\/\/blogit.gradia.fi\/parasta_osaamista\/wp-json\/wp\/v2\/pages"}],"about":[{"href":"https:\/\/blogit.gradia.fi\/parasta_osaamista\/wp-json\/wp\/v2\/types\/page"}],"author":[{"embeddable":true,"href":"https:\/\/blogit.gradia.fi\/parasta_osaamista\/wp-json\/wp\/v2\/users\/178"}],"replies":[{"embeddable":true,"href":"https:\/\/blogit.gradia.fi\/parasta_osaamista\/wp-json\/wp\/v2\/comments?post=472"}],"version-history":[{"count":2,"href":"https:\/\/blogit.gradia.fi\/parasta_osaamista\/wp-json\/wp\/v2\/pages\/472\/revisions"}],"predecessor-version":[{"id":3583,"href":"https:\/\/blogit.gradia.fi\/parasta_osaamista\/wp-json\/wp\/v2\/pages\/472\/revisions\/3583"}],"wp:attachment":[{"href":"https:\/\/blogit.gradia.fi\/parasta_osaamista\/wp-json\/wp\/v2\/media?parent=472"}],"curies":[{"name":"wp","href":"https:\/\/api.w.org\/{rel}","templated":true}]}}