{"id":383,"date":"2018-05-22T16:02:41","date_gmt":"2018-05-22T13:02:41","guid":{"rendered":"https:\/\/blogit.gradia.fi\/parasta_osaamista\/?page_id=383"},"modified":"2019-04-11T14:19:43","modified_gmt":"2019-04-11T11:19:43","slug":"mod-att-fornya","status":"publish","type":"page","link":"https:\/\/blogit.gradia.fi\/parasta_osaamista\/pa-svenska\/mod-att-fornya\/","title":{"rendered":"Mod att f\u00f6rnya -rapport!"},"content":{"rendered":"<p><img loading=\"lazy\" decoding=\"async\" class=\"alignnone size-medium wp-image-384\" src=\"https:\/\/blogit.gradia.fi\/parasta_osaamista\/wp-content\/uploads\/sites\/20\/2018\/05\/bild-1-300x277.png\" alt=\"\" width=\"300\" height=\"277\" srcset=\"https:\/\/blogit.gradia.fi\/parasta_osaamista\/wp-content\/uploads\/sites\/20\/2018\/05\/bild-1-300x277.png 300w, https:\/\/blogit.gradia.fi\/parasta_osaamista\/wp-content\/uploads\/sites\/20\/2018\/05\/bild-1-768x709.png 768w, https:\/\/blogit.gradia.fi\/parasta_osaamista\/wp-content\/uploads\/sites\/20\/2018\/05\/bild-1.png 970w\" sizes=\"auto, (max-width: 300px) 100vw, 300px\" \/><\/p>\n<p><strong>Undervisande och handledande personal beh\u00f6ver st\u00f6d f\u00f6r att skapa en ny form av kompetensidentitet<\/strong><\/p>\n<p>Enligt den utredning av kompetenskraven och kompetensbehoven som har gjorts av B\u00e4sta kunnande-n\u00e4tverket beh\u00f6ver undervisnings- och handledningspersonalen inom yrkesutbildningen mod och en stark gemenskap som st\u00f6d n\u00e4r l\u00e4rarrollen f\u00f6r\u00e4ndras och arbetsbilderna blir bredare. Man beh\u00f6ver se p\u00e5 yrkesutbildning med nya \u00f6gon. B\u00e5de verksamhetsmilj\u00f6n och examensgrunderna f\u00f6r\u00e4ndras. De f\u00f6r\u00e4ndringar som sker ger m\u00f6jlighet att skapa en ny l\u00e4rande- och verksamhetskultur, men kr\u00e4ver ocks\u00e5 en ny slags kompetens.<\/p>\n<p>Utredningen har genomf\u00f6rts i samarbete mellan de utbildningsanordnare och yrkesl\u00e4rarh\u00f6gskolor som ing\u00e5r i B\u00e4sta kunnande-n\u00e4tverket. I utredningen deltog 1476 representanter f\u00f6r undervisande och handledande personal inom yrkesutbildning. Dessutom h\u00f6rdes representanter f\u00f6r arbetslivet och studeranden.<\/p>\n<p>De viktigaste kompetensbehoven hos den undervisande och handledande personalen \u00e4r f\u00f6ljande:<\/p>\n<ol>\n<li>Handledning i personlig utvecklingsplan f\u00f6r kunnandet (PUK)<\/li>\n<li>Arbetslivs-, n\u00e4tverks- och kundkompetens<\/li>\n<li>Handledningskompetens<\/li>\n<li>Nya s\u00e4tt och m\u00f6jligheter att l\u00e4ra<\/li>\n<li>Sj\u00e4lvledarskap och utveckling av det egna arbetet<\/li>\n<li>Utbildningsanordnarens kvalitetsledning<\/li>\n<\/ol>\n<p>F\u00f6r att l\u00e4raren ska n\u00e5 nya niv\u00e5er i sitt arbete beh\u00f6ver hen modigt pr\u00f6va nya saker och utveckla pedagogiken. Som st\u00f6d i arbetet beh\u00f6vs en stark kompetensledning i l\u00e4roanstalten s\u00e5 att alla l\u00e4rare kan utveckla det b\u00e4sta kunnandet, genom vilket de leder studeranden mot l\u00e4randets m\u00f6jligheter.<\/p>\n<p>B\u00e4sta kunnande-n\u00e4tverket anv\u00e4nder resultaten av kompetensutredningen i utvecklingen av modul\u00e4ra kompetenshelheter och de utbildningsf\u00f6rs\u00f6k som ing\u00e5r i dem. De f\u00f6rsta f\u00f6rs\u00f6ken har genomf\u00f6rts som webbinarier, utbildningstillf\u00e4llen och p\u00e5 svenska har \u00e4nnu informationsfilmer gjorts.<\/p>\n<p>L\u00e4s mer i\u00a0rapporten om <a href=\"https:\/\/blogit.gradia.fi\/parasta_osaamista\/wp-content\/uploads\/sites\/20\/2019\/04\/Mod-att-f%C3%B6rnya.pdf\" target=\"_blank\" rel=\"noopener noreferrer\">undervisnings- och handledningspersonalens kompetenbehov \u2013 Mod att f\u00f6rnya!<\/a><\/p>\n<p>Till\u00e4ggsuppgifter om den svenskspr\u00e5kiga rapporten<\/p>\n<p>Christel Holmlund-Norr\u00e9n, B\u00e4sta kunnande-n\u00e4tverksprojektet,<\/p>\n<p><a href=\"mailto:christel.holmlund-norren@yrkesakademin.fi\">christel.holmlund-norren@yrkesakademin.fi<\/a><\/p>\n","protected":false},"excerpt":{"rendered":"<p>Undervisande och handledande personal beh\u00f6ver st\u00f6d f\u00f6r att skapa en ny form av kompetensidentitet Enligt den utredning av kompetenskraven och kompetensbehoven som har gjorts av B\u00e4sta kunnande-n\u00e4tverket beh\u00f6ver undervisnings- och handledningspersonalen inom yrkesutbildningen mod&#46;&#46;&#46;<\/p>\n","protected":false},"author":178,"featured_media":0,"parent":366,"menu_order":0,"comment_status":"closed","ping_status":"closed","template":"page-templates\/child-menu.php","meta":{"_uag_custom_page_level_css":"","footnotes":""},"class_list":["post-383","page","type-page","status-publish","hentry"],"yoast_head":"<!-- This site is optimized with the Yoast SEO plugin v27.4 - https:\/\/yoast.com\/product\/yoast-seo-wordpress\/ -->\n<title>Mod att f\u00f6rnya -rapport! - Parasta osaamista<\/title>\n<meta name=\"robots\" content=\"index, follow, max-snippet:-1, max-image-preview:large, max-video-preview:-1\" \/>\n<link rel=\"canonical\" href=\"https:\/\/blogit.gradia.fi\/parasta_osaamista\/pa-svenska\/mod-att-fornya\/\" \/>\n<meta property=\"og:locale\" content=\"fi_FI\" \/>\n<meta property=\"og:type\" content=\"article\" \/>\n<meta property=\"og:title\" content=\"Mod att f\u00f6rnya -rapport! - Parasta osaamista\" \/>\n<meta property=\"og:description\" content=\"Undervisande och handledande personal beh\u00f6ver st\u00f6d f\u00f6r att skapa en ny form av kompetensidentitet Enligt den utredning av kompetenskraven och kompetensbehoven som har gjorts av B\u00e4sta kunnande-n\u00e4tverket beh\u00f6ver undervisnings- och handledningspersonalen inom yrkesutbildningen mod&#046;&#046;&#046;\" \/>\n<meta property=\"og:url\" content=\"https:\/\/blogit.gradia.fi\/parasta_osaamista\/pa-svenska\/mod-att-fornya\/\" \/>\n<meta property=\"og:site_name\" content=\"Parasta osaamista\" \/>\n<meta property=\"article:publisher\" content=\"https:\/\/www.facebook.com\/POsaamista\/\" \/>\n<meta property=\"article:modified_time\" content=\"2019-04-11T11:19:43+00:00\" \/>\n<meta property=\"og:image\" content=\"https:\/\/blogit.gradia.fi\/parasta_osaamista\/wp-content\/uploads\/sites\/20\/2018\/05\/bild-1-300x277.png\" \/>\n<meta name=\"twitter:card\" content=\"summary_large_image\" \/>\n<meta name=\"twitter:site\" content=\"@Posaaja_\" \/>\n<meta name=\"twitter:label1\" content=\"Arvioitu lukuaika\" \/>\n\t<meta name=\"twitter:data1\" content=\"2 minuuttia\" \/>\n<script type=\"application\/ld+json\" class=\"yoast-schema-graph\">{\"@context\":\"https:\\\/\\\/schema.org\",\"@graph\":[{\"@type\":\"WebPage\",\"@id\":\"https:\\\/\\\/blogit.gradia.fi\\\/parasta_osaamista\\\/pa-svenska\\\/mod-att-fornya\\\/\",\"url\":\"https:\\\/\\\/blogit.gradia.fi\\\/parasta_osaamista\\\/pa-svenska\\\/mod-att-fornya\\\/\",\"name\":\"Mod att f\u00f6rnya -rapport! - Parasta osaamista\",\"isPartOf\":{\"@id\":\"https:\\\/\\\/blogit.gradia.fi\\\/parasta_osaamista\\\/#website\"},\"primaryImageOfPage\":{\"@id\":\"https:\\\/\\\/blogit.gradia.fi\\\/parasta_osaamista\\\/pa-svenska\\\/mod-att-fornya\\\/#primaryimage\"},\"image\":{\"@id\":\"https:\\\/\\\/blogit.gradia.fi\\\/parasta_osaamista\\\/pa-svenska\\\/mod-att-fornya\\\/#primaryimage\"},\"thumbnailUrl\":\"https:\\\/\\\/blogit.gradia.fi\\\/parasta_osaamista\\\/wp-content\\\/uploads\\\/sites\\\/20\\\/2018\\\/05\\\/bild-1-300x277.png\",\"datePublished\":\"2018-05-22T13:02:41+00:00\",\"dateModified\":\"2019-04-11T11:19:43+00:00\",\"breadcrumb\":{\"@id\":\"https:\\\/\\\/blogit.gradia.fi\\\/parasta_osaamista\\\/pa-svenska\\\/mod-att-fornya\\\/#breadcrumb\"},\"inLanguage\":\"fi\",\"potentialAction\":[{\"@type\":\"ReadAction\",\"target\":[\"https:\\\/\\\/blogit.gradia.fi\\\/parasta_osaamista\\\/pa-svenska\\\/mod-att-fornya\\\/\"]}]},{\"@type\":\"ImageObject\",\"inLanguage\":\"fi\",\"@id\":\"https:\\\/\\\/blogit.gradia.fi\\\/parasta_osaamista\\\/pa-svenska\\\/mod-att-fornya\\\/#primaryimage\",\"url\":\"https:\\\/\\\/blogit.gradia.fi\\\/parasta_osaamista\\\/wp-content\\\/uploads\\\/sites\\\/20\\\/2018\\\/05\\\/bild-1.png\",\"contentUrl\":\"https:\\\/\\\/blogit.gradia.fi\\\/parasta_osaamista\\\/wp-content\\\/uploads\\\/sites\\\/20\\\/2018\\\/05\\\/bild-1.png\",\"width\":970,\"height\":896},{\"@type\":\"BreadcrumbList\",\"@id\":\"https:\\\/\\\/blogit.gradia.fi\\\/parasta_osaamista\\\/pa-svenska\\\/mod-att-fornya\\\/#breadcrumb\",\"itemListElement\":[{\"@type\":\"ListItem\",\"position\":1,\"name\":\"B\u00e4sta kunnande\",\"item\":\"https:\\\/\\\/blogit.gradia.fi\\\/parasta_osaamista\\\/pa-svenska\\\/\"},{\"@type\":\"ListItem\",\"position\":2,\"name\":\"Mod att f\u00f6rnya -rapport!\"}]},{\"@type\":\"WebSite\",\"@id\":\"https:\\\/\\\/blogit.gradia.fi\\\/parasta_osaamista\\\/#website\",\"url\":\"https:\\\/\\\/blogit.gradia.fi\\\/parasta_osaamista\\\/\",\"name\":\"Parasta osaamista\",\"description\":\"Parasta osaamista -verkostohanke\",\"publisher\":{\"@id\":\"https:\\\/\\\/blogit.gradia.fi\\\/parasta_osaamista\\\/#organization\"},\"potentialAction\":[{\"@type\":\"SearchAction\",\"target\":{\"@type\":\"EntryPoint\",\"urlTemplate\":\"https:\\\/\\\/blogit.gradia.fi\\\/parasta_osaamista\\\/?s={search_term_string}\"},\"query-input\":{\"@type\":\"PropertyValueSpecification\",\"valueRequired\":true,\"valueName\":\"search_term_string\"}}],\"inLanguage\":\"fi\"},{\"@type\":\"Organization\",\"@id\":\"https:\\\/\\\/blogit.gradia.fi\\\/parasta_osaamista\\\/#organization\",\"name\":\"Parasta osaamista -verkostohanke\",\"url\":\"https:\\\/\\\/blogit.gradia.fi\\\/parasta_osaamista\\\/\",\"logo\":{\"@type\":\"ImageObject\",\"inLanguage\":\"fi\",\"@id\":\"https:\\\/\\\/blogit.gradia.fi\\\/parasta_osaamista\\\/#\\\/schema\\\/logo\\\/image\\\/\",\"url\":\"https:\\\/\\\/blogit.gradia.fi\\\/parasta_osaamista\\\/wp-content\\\/uploads\\\/sites\\\/20\\\/2018\\\/02\\\/parasta_osaamista_logo.jpg\",\"contentUrl\":\"https:\\\/\\\/blogit.gradia.fi\\\/parasta_osaamista\\\/wp-content\\\/uploads\\\/sites\\\/20\\\/2018\\\/02\\\/parasta_osaamista_logo.jpg\",\"width\":344,\"height\":334,\"caption\":\"Parasta osaamista -verkostohanke\"},\"image\":{\"@id\":\"https:\\\/\\\/blogit.gradia.fi\\\/parasta_osaamista\\\/#\\\/schema\\\/logo\\\/image\\\/\"},\"sameAs\":[\"https:\\\/\\\/www.facebook.com\\\/POsaamista\\\/\",\"https:\\\/\\\/x.com\\\/Posaaja_\",\"https:\\\/\\\/www.instagram.com\\\/parastaosaamista\\\/\",\"https:\\\/\\\/www.youtube.com\\\/channel\\\/UC7hv9jw0R6lS_Fmz5L9TUPw\"]}]}<\/script>\n<!-- \/ Yoast SEO plugin. -->","yoast_head_json":{"title":"Mod att f\u00f6rnya -rapport! - Parasta osaamista","robots":{"index":"index","follow":"follow","max-snippet":"max-snippet:-1","max-image-preview":"max-image-preview:large","max-video-preview":"max-video-preview:-1"},"canonical":"https:\/\/blogit.gradia.fi\/parasta_osaamista\/pa-svenska\/mod-att-fornya\/","og_locale":"fi_FI","og_type":"article","og_title":"Mod att f\u00f6rnya -rapport! - Parasta osaamista","og_description":"Undervisande och handledande personal beh\u00f6ver st\u00f6d f\u00f6r att skapa en ny form av kompetensidentitet Enligt den utredning av kompetenskraven och kompetensbehoven som har gjorts av B\u00e4sta kunnande-n\u00e4tverket beh\u00f6ver undervisnings- och handledningspersonalen inom yrkesutbildningen mod&#46;&#46;&#46;","og_url":"https:\/\/blogit.gradia.fi\/parasta_osaamista\/pa-svenska\/mod-att-fornya\/","og_site_name":"Parasta osaamista","article_publisher":"https:\/\/www.facebook.com\/POsaamista\/","article_modified_time":"2019-04-11T11:19:43+00:00","og_image":[{"url":"https:\/\/blogit.gradia.fi\/parasta_osaamista\/wp-content\/uploads\/sites\/20\/2018\/05\/bild-1-300x277.png","type":"","width":"","height":""}],"twitter_card":"summary_large_image","twitter_site":"@Posaaja_","twitter_misc":{"Arvioitu lukuaika":"2 minuuttia"},"schema":{"@context":"https:\/\/schema.org","@graph":[{"@type":"WebPage","@id":"https:\/\/blogit.gradia.fi\/parasta_osaamista\/pa-svenska\/mod-att-fornya\/","url":"https:\/\/blogit.gradia.fi\/parasta_osaamista\/pa-svenska\/mod-att-fornya\/","name":"Mod att f\u00f6rnya -rapport! - Parasta osaamista","isPartOf":{"@id":"https:\/\/blogit.gradia.fi\/parasta_osaamista\/#website"},"primaryImageOfPage":{"@id":"https:\/\/blogit.gradia.fi\/parasta_osaamista\/pa-svenska\/mod-att-fornya\/#primaryimage"},"image":{"@id":"https:\/\/blogit.gradia.fi\/parasta_osaamista\/pa-svenska\/mod-att-fornya\/#primaryimage"},"thumbnailUrl":"https:\/\/blogit.gradia.fi\/parasta_osaamista\/wp-content\/uploads\/sites\/20\/2018\/05\/bild-1-300x277.png","datePublished":"2018-05-22T13:02:41+00:00","dateModified":"2019-04-11T11:19:43+00:00","breadcrumb":{"@id":"https:\/\/blogit.gradia.fi\/parasta_osaamista\/pa-svenska\/mod-att-fornya\/#breadcrumb"},"inLanguage":"fi","potentialAction":[{"@type":"ReadAction","target":["https:\/\/blogit.gradia.fi\/parasta_osaamista\/pa-svenska\/mod-att-fornya\/"]}]},{"@type":"ImageObject","inLanguage":"fi","@id":"https:\/\/blogit.gradia.fi\/parasta_osaamista\/pa-svenska\/mod-att-fornya\/#primaryimage","url":"https:\/\/blogit.gradia.fi\/parasta_osaamista\/wp-content\/uploads\/sites\/20\/2018\/05\/bild-1.png","contentUrl":"https:\/\/blogit.gradia.fi\/parasta_osaamista\/wp-content\/uploads\/sites\/20\/2018\/05\/bild-1.png","width":970,"height":896},{"@type":"BreadcrumbList","@id":"https:\/\/blogit.gradia.fi\/parasta_osaamista\/pa-svenska\/mod-att-fornya\/#breadcrumb","itemListElement":[{"@type":"ListItem","position":1,"name":"B\u00e4sta kunnande","item":"https:\/\/blogit.gradia.fi\/parasta_osaamista\/pa-svenska\/"},{"@type":"ListItem","position":2,"name":"Mod att f\u00f6rnya -rapport!"}]},{"@type":"WebSite","@id":"https:\/\/blogit.gradia.fi\/parasta_osaamista\/#website","url":"https:\/\/blogit.gradia.fi\/parasta_osaamista\/","name":"Parasta osaamista","description":"Parasta osaamista -verkostohanke","publisher":{"@id":"https:\/\/blogit.gradia.fi\/parasta_osaamista\/#organization"},"potentialAction":[{"@type":"SearchAction","target":{"@type":"EntryPoint","urlTemplate":"https:\/\/blogit.gradia.fi\/parasta_osaamista\/?s={search_term_string}"},"query-input":{"@type":"PropertyValueSpecification","valueRequired":true,"valueName":"search_term_string"}}],"inLanguage":"fi"},{"@type":"Organization","@id":"https:\/\/blogit.gradia.fi\/parasta_osaamista\/#organization","name":"Parasta osaamista -verkostohanke","url":"https:\/\/blogit.gradia.fi\/parasta_osaamista\/","logo":{"@type":"ImageObject","inLanguage":"fi","@id":"https:\/\/blogit.gradia.fi\/parasta_osaamista\/#\/schema\/logo\/image\/","url":"https:\/\/blogit.gradia.fi\/parasta_osaamista\/wp-content\/uploads\/sites\/20\/2018\/02\/parasta_osaamista_logo.jpg","contentUrl":"https:\/\/blogit.gradia.fi\/parasta_osaamista\/wp-content\/uploads\/sites\/20\/2018\/02\/parasta_osaamista_logo.jpg","width":344,"height":334,"caption":"Parasta osaamista -verkostohanke"},"image":{"@id":"https:\/\/blogit.gradia.fi\/parasta_osaamista\/#\/schema\/logo\/image\/"},"sameAs":["https:\/\/www.facebook.com\/POsaamista\/","https:\/\/x.com\/Posaaja_","https:\/\/www.instagram.com\/parastaosaamista\/","https:\/\/www.youtube.com\/channel\/UC7hv9jw0R6lS_Fmz5L9TUPw"]}]}},"uagb_featured_image_src":{"full":false,"thumbnail":false,"medium":false,"medium_large":false,"large":false,"1536x1536":false,"2048x2048":false,"thumb-small":false,"thumb-standard":false,"thumb-medium":false,"thumb-large":false,"thumb-xlarge":false,"thumb-xxlarge":false},"uagb_author_info":{"display_name":"Sami Ahonen","author_link":"https:\/\/blogit.gradia.fi\/parasta_osaamista\/author\/ahonesam\/"},"uagb_comment_info":0,"uagb_excerpt":"Undervisande och handledande personal beh\u00f6ver st\u00f6d f\u00f6r att skapa en ny form av kompetensidentitet Enligt den utredning av kompetenskraven och kompetensbehoven som har gjorts av B\u00e4sta kunnande-n\u00e4tverket beh\u00f6ver undervisnings- och handledningspersonalen inom yrkesutbildningen mod&#46;&#46;&#46;","_links":{"self":[{"href":"https:\/\/blogit.gradia.fi\/parasta_osaamista\/wp-json\/wp\/v2\/pages\/383","targetHints":{"allow":["GET"]}}],"collection":[{"href":"https:\/\/blogit.gradia.fi\/parasta_osaamista\/wp-json\/wp\/v2\/pages"}],"about":[{"href":"https:\/\/blogit.gradia.fi\/parasta_osaamista\/wp-json\/wp\/v2\/types\/page"}],"author":[{"embeddable":true,"href":"https:\/\/blogit.gradia.fi\/parasta_osaamista\/wp-json\/wp\/v2\/users\/178"}],"replies":[{"embeddable":true,"href":"https:\/\/blogit.gradia.fi\/parasta_osaamista\/wp-json\/wp\/v2\/comments?post=383"}],"version-history":[{"count":1,"href":"https:\/\/blogit.gradia.fi\/parasta_osaamista\/wp-json\/wp\/v2\/pages\/383\/revisions"}],"predecessor-version":[{"id":2544,"href":"https:\/\/blogit.gradia.fi\/parasta_osaamista\/wp-json\/wp\/v2\/pages\/383\/revisions\/2544"}],"up":[{"embeddable":true,"href":"https:\/\/blogit.gradia.fi\/parasta_osaamista\/wp-json\/wp\/v2\/pages\/366"}],"wp:attachment":[{"href":"https:\/\/blogit.gradia.fi\/parasta_osaamista\/wp-json\/wp\/v2\/media?parent=383"}],"curies":[{"name":"wp","href":"https:\/\/api.w.org\/{rel}","templated":true}]}}