{"id":370,"date":"2018-05-22T15:40:24","date_gmt":"2018-05-22T12:40:24","guid":{"rendered":"https:\/\/blogit.gradia.fi\/parasta_osaamista\/?page_id=370"},"modified":"2019-10-23T15:03:31","modified_gmt":"2019-10-23T12:03:31","slug":"lankar","status":"publish","type":"page","link":"https:\/\/blogit.gradia.fi\/parasta_osaamista\/pa-svenska\/lankar\/","title":{"rendered":"L\u00e4nkar"},"content":{"rendered":"<p><strong>Vad \u00e4ndrar<\/strong><\/p>\n<ul>\n<li><a href=\"http:\/\/minedu.fi\/documents\/1410845\/4297550\/OKM+AKR+mika+muuttuu+opiskelija+sv.pdf\/22496ae8-65e3-4f72-aec4-76c8d0e3c930\/OKM+AKR+mika+muuttuu+opiskelija+sv.pdf.pdf\" target=\"_blank\" rel=\"noopener noreferrer\">f\u00f6r studerande?<\/a><\/li>\n<li><a href=\"http:\/\/minedu.fi\/documents\/1410845\/4297550\/OKM+AKR+mika+muuttuu+jarjestajalle+sv.pdf\/7fcb3f98-bccc-42b2-871b-1ff160393167\/OKM+AKR+mika+muuttuu+jarjestajalle+sv.pdf.pdf\" target=\"_blank\" rel=\"noopener noreferrer\">f\u00f6r utbildningsanordnaren?<\/a><\/li>\n<li><a href=\"http:\/\/minedu.fi\/documents\/1410845\/4297550\/OKM_AKR_Vad+f%C3%B6r%C3%A4ndras+i+yrkesutbildningen.pdf\/c03b1a3b-71a3-43c0-9b75-124da55e3a90\/OKM_AKR_Vad+f%C3%B6r%C3%A4ndras+i+yrkesutbildningen.pdf.pdf\" target=\"_blank\" rel=\"noopener noreferrer\">f\u00f6r arbetslivet?<\/a><\/li>\n<\/ul>\n<h4>Infografer<\/h4>\n<ul>\n<li><a href=\"http:\/\/minedu.fi\/documents\/1410845\/4970458\/pallokuvio_ruotsiksi.pdf\/bdfb2f9c-44fc-4a95-9526-91608d034b31\/pallokuvio_ruotsiksi.pdf.pdf\" target=\"_blank\" rel=\"noopener noreferrer\">Vad g\u00f6r vi inom ramen f\u00f6r reformen<\/a><\/li>\n<li><a href=\"http:\/\/minedu.fi\/documents\/1410845\/4970458\/ohjausj%C3%A4rjestelm%C3%A4_ruotsiksi.pdf\/213c0ea6-9c31-4731-b3ef-e536951b0504\/ohjausj%C3%A4rjestelm%C3%A4_ruotsiksi.pdf.pdf\" target=\"_blank\" rel=\"noopener noreferrer\">Styrnings- och regleringssystemet<\/a><\/li>\n<li><a href=\"http:\/\/minedu.fi\/documents\/1410845\/4970458\/PUK\/b7617227-9e92-4861-ab4a-119687a1d843\/PUK.pdf\" target=\"_blank\" rel=\"noopener noreferrer\">Personlig till\u00e4mpning<\/a><\/li>\n<li><a href=\"http:\/\/minedu.fi\/documents\/1410845\/4970458\/Att+utg%C3%A5+fr%C3%A5n+kompetens\/ffb07ef9-b0bb-4fc6-96d3-a89b2f75e0db?t=1522748667807\" target=\"_blank\" rel=\"noopener noreferrer\">Att utg\u00e5 fr\u00e5n kompetens<\/a><\/li>\n<li><a href=\"http:\/\/minedu.fi\/documents\/1410845\/4970458\/rahoitus_ruotsiksi.pdf\/1e6d09da-1857-43b5-98ef-76726440545b\/rahoitus_ruotsiksi.pdf.pdf\" target=\"_blank\" rel=\"noopener noreferrer\">Finansieringssystemet<\/a><\/li>\n<li><a href=\"http:\/\/minedu.fi\/documents\/1410845\/4970458\/Avtalsmodeller-pdf\/57142115-%20c383-4ee4-a47f-4e9059b9a076\/Avtalsmodeller-pdf.pdf\" target=\"_blank\" rel=\"noopener noreferrer\">Utbildnings- och l\u00e4roavtal<\/a><\/li>\n<li><a href=\"http:\/\/minedu.fi\/documents\/1410845\/4970458\/Avtalsmodeller-pdf\/57142115-%20c383-4ee4-a47f-4e9059b9a076\/Avtalsmodeller-pdf.pdf\" target=\"_blank\" rel=\"noopener noreferrer\">Broschyr f\u00f6r l\u00e4rare<\/a><\/li>\n<li><a href=\"http:\/\/minedu.fi\/documents\/1410845\/4970458\/Avtalsmodeller-pdf\/57142115-%20c383-4ee4-a47f-4e9059b9a076\/Avtalsmodeller-pdf.pdf\" target=\"_blank\" rel=\"noopener noreferrer\">Broschyr f\u00f6r studerande<\/a><\/li>\n<li><a href=\"http:\/\/minedu.fi\/documents\/1410845\/4970458\/Avtalsmodeller-pdf\/57142115-%20c383-4ee4-a47f-4e9059b9a076\/Avtalsmodeller-pdf.pdf\" target=\"_blank\" rel=\"noopener noreferrer\">Broschyr f\u00f6r arbetsgivare<\/a><\/li>\n<\/ul>\n<h4><strong>Andra material&nbsp;<\/strong><\/h4>\n<ul>\n<li><a href=\"http:\/\/minedu.fi\/documents\/1410845\/4970458\/%C3%96verg%C3%A5ngsbest%C3%A4mmelser+f%C3%B6r+lagen+om+yrkesutbildning\/08aecbfb-3f2f-4363-813d-33fb3434ed4a\/%C3%96verg%C3%A5ngsbest%C3%A4mmelser+f%C3%B6r+lagen+om+yrkesutbildning.pdf\" target=\"_blank\" rel=\"noopener noreferrer\">\u00d6verg\u00e5ngsbest\u00e4mmelser f\u00f6r lagen<\/a><\/li>\n<li><a href=\"http:\/\/minedu.fi\/documents\/1410845\/4246307\/Reformordlista+f%C3%B6r+yrkesutbildningen\/3a919a60-1f22-482b-acf2-528f058cd841\/Reformordlista+f%C3%B6r+yrkesutbildningen.pdf\" target=\"_blank\" rel=\"noopener noreferrer\">Reformordlista<\/a><\/li>\n<li><a href=\"https:\/\/minedu.fi\/sv\/vanliga-fragor-om-yrkesutbildning\">Vanliga fr\u00e5gor<\/a><\/li>\n<li><a href=\"https:\/\/www.youtube.com\/playlist?list=PLVKc1WnRBagMjEO_csE-8Kdwj1zRvItaQ\" target=\"_blank\" rel=\"noopener noreferrer\">B\u00e4sta kunnande , Youtube spellist&nbsp;<\/a><\/li>\n<li><a href=\"https:\/\/eur03.safelinks.protection.outlook.com\/?url=https%3A%2F%2Feperusteet.opintopolku.fi%2F%23%2Fsv%2Fopas%2F4343283%2Ftekstikappale%2F4395828&amp;data=02%7C01%7Crikhard.kiuru%40gradia.fi%7C1ad4378f074148e5deea08d7579dad97%7C4e1441812f68401faa869ec9e400e6b3%7C0%7C0%7C637074207665298073&amp;sdata=NNaJDbFziaPINf5i5cz2ivhMq5O48A8MvDcGsadFmH4%3D&amp;reserved=0\">Yrkesprov och bed\u00f6mning av kunnande,<\/a> UBS<\/li>\n<li><a href=\"https:\/\/eur03.safelinks.protection.outlook.com\/?url=https%3A%2F%2Feperusteet.opintopolku.fi%2F%23%2Fsv%2Fopas%2F4579030%2Ftiedot&amp;data=02%7C01%7Crikhard.kiuru%40gradia.fi%7C1ad4378f074148e5deea08d7579dad97%7C4e1441812f68401faa869ec9e400e6b3%7C0%7C0%7C637074207665308066&amp;sdata=Sqg8eGLWXP8fYG3vA%2BB48OyB6THztRetPXnOMy%2B%2FfOk%3D&amp;reserved=0\">Verksamhetsmodell f\u00f6r personlig till\u00e4mpning,<\/a> UBS<\/li>\n<li><a href=\"https:\/\/eur03.safelinks.protection.outlook.com\/?url=https%3A%2F%2Feperusteet.opintopolku.fi%2F%23%2Fsv%2Fopas%2F5782990%2Ftiedot&amp;data=02%7C01%7Crikhard.kiuru%40gradia.fi%7C1ad4378f074148e5deea08d7579dad97%7C4e1441812f68401faa869ec9e400e6b3%7C0%7C0%7C637074207665308066&amp;sdata=u2xMX8L1VRooa8i3lj2jc68mNAAUpqaCQZMc0dcb4NA%3D&amp;reserved=0\">Genomf\u00f6rande av SORA-f\u00f6rfattningarna i yrkesutbildning<\/a>, UBS<\/li>\n<\/ul>\n<h4><strong>Lagar och f\u00f6rordningar<\/strong><\/h4>\n<ul>\n<li><a href=\"https:\/\/eur03.safelinks.protection.outlook.com\/?url=https%3A%2F%2Fwww.finlex.fi%2Fsv%2Flaki%2Fajantasa%2F2017%2F20170531%3Fsearch%255Btype%255D%3Dpika%26search%255Bpika%255D%3Dlag%2520om%2520yrkesutbildning%23a531-2017&amp;data=02%7C01%7Crikhard.kiuru%40gradia.fi%7C1ad4378f074148e5deea08d7579dad97%7C4e1441812f68401faa869ec9e400e6b3%7C0%7C0%7C637074207665318066&amp;sdata=I06ownDeqH4ib%2BTjVRaqzruJ6206GqdKK1YMGdWpfi8%3D&amp;reserved=0\">Lag om yrkesutbildning<\/a> 531\/2017<\/li>\n<li><a href=\"https:\/\/eur03.safelinks.protection.outlook.com\/?url=https%3A%2F%2Fwww.finlex.fi%2Fsv%2Flaki%2Falkup%2F2017%2F20170673&amp;data=02%7C01%7Crikhard.kiuru%40gradia.fi%7C1ad4378f074148e5deea08d7579dad97%7C4e1441812f68401faa869ec9e400e6b3%7C0%7C0%7C637074207665318066&amp;sdata=abh8b6ci7O7PMMBTCZjl0t3dA8Kwutvs7yBw9K0voEM%3D&amp;reserved=0\">Statsr\u00e5dets f\u00f6rordning om yrkesutbildning<\/a> 673\/2017<\/li>\n<\/ul>\n\n\n<p><\/p>\n","protected":false},"excerpt":{"rendered":"<p>Vad \u00e4ndrar f\u00f6r studerande? f\u00f6r utbildningsanordnaren? f\u00f6r arbetslivet? Infografer Vad g\u00f6r vi inom ramen f\u00f6r reformen Styrnings- och regleringssystemet Personlig till\u00e4mpning Att utg\u00e5 fr\u00e5n kompetens Finansieringssystemet Utbildnings- och l\u00e4roavtal Broschyr f\u00f6r l\u00e4rare Broschyr f\u00f6r&#46;&#46;&#46;<\/p>\n","protected":false},"author":178,"featured_media":0,"parent":366,"menu_order":0,"comment_status":"closed","ping_status":"closed","template":"page-templates\/child-menu.php","meta":{"_uag_custom_page_level_css":"","footnotes":""},"class_list":["post-370","page","type-page","status-publish","hentry"],"yoast_head":"<!-- This site is optimized with the Yoast SEO plugin v27.4 - https:\/\/yoast.com\/product\/yoast-seo-wordpress\/ -->\n<title>L\u00e4nkar - Parasta osaamista<\/title>\n<meta name=\"robots\" content=\"index, follow, max-snippet:-1, max-image-preview:large, max-video-preview:-1\" \/>\n<link rel=\"canonical\" href=\"https:\/\/blogit.gradia.fi\/parasta_osaamista\/pa-svenska\/lankar\/\" \/>\n<meta property=\"og:locale\" content=\"fi_FI\" \/>\n<meta property=\"og:type\" content=\"article\" \/>\n<meta property=\"og:title\" content=\"L\u00e4nkar - Parasta osaamista\" \/>\n<meta property=\"og:description\" content=\"Vad \u00e4ndrar f\u00f6r studerande? f\u00f6r utbildningsanordnaren? f\u00f6r arbetslivet? Infografer Vad g\u00f6r vi inom ramen f\u00f6r reformen Styrnings- och regleringssystemet Personlig till\u00e4mpning Att utg\u00e5 fr\u00e5n kompetens Finansieringssystemet Utbildnings- och l\u00e4roavtal Broschyr f\u00f6r l\u00e4rare Broschyr f\u00f6r&#046;&#046;&#046;\" \/>\n<meta property=\"og:url\" content=\"https:\/\/blogit.gradia.fi\/parasta_osaamista\/pa-svenska\/lankar\/\" \/>\n<meta property=\"og:site_name\" content=\"Parasta osaamista\" \/>\n<meta property=\"article:publisher\" content=\"https:\/\/www.facebook.com\/POsaamista\/\" \/>\n<meta property=\"article:modified_time\" content=\"2019-10-23T12:03:31+00:00\" \/>\n<meta name=\"twitter:card\" content=\"summary_large_image\" \/>\n<meta name=\"twitter:site\" content=\"@Posaaja_\" \/>\n<meta name=\"twitter:label1\" content=\"Arvioitu lukuaika\" \/>\n\t<meta name=\"twitter:data1\" content=\"1 minuutti\" \/>\n<script type=\"application\/ld+json\" class=\"yoast-schema-graph\">{\"@context\":\"https:\\\/\\\/schema.org\",\"@graph\":[{\"@type\":\"WebPage\",\"@id\":\"https:\\\/\\\/blogit.gradia.fi\\\/parasta_osaamista\\\/pa-svenska\\\/lankar\\\/\",\"url\":\"https:\\\/\\\/blogit.gradia.fi\\\/parasta_osaamista\\\/pa-svenska\\\/lankar\\\/\",\"name\":\"L\u00e4nkar - Parasta osaamista\",\"isPartOf\":{\"@id\":\"https:\\\/\\\/blogit.gradia.fi\\\/parasta_osaamista\\\/#website\"},\"datePublished\":\"2018-05-22T12:40:24+00:00\",\"dateModified\":\"2019-10-23T12:03:31+00:00\",\"breadcrumb\":{\"@id\":\"https:\\\/\\\/blogit.gradia.fi\\\/parasta_osaamista\\\/pa-svenska\\\/lankar\\\/#breadcrumb\"},\"inLanguage\":\"fi\",\"potentialAction\":[{\"@type\":\"ReadAction\",\"target\":[\"https:\\\/\\\/blogit.gradia.fi\\\/parasta_osaamista\\\/pa-svenska\\\/lankar\\\/\"]}]},{\"@type\":\"BreadcrumbList\",\"@id\":\"https:\\\/\\\/blogit.gradia.fi\\\/parasta_osaamista\\\/pa-svenska\\\/lankar\\\/#breadcrumb\",\"itemListElement\":[{\"@type\":\"ListItem\",\"position\":1,\"name\":\"B\u00e4sta kunnande\",\"item\":\"https:\\\/\\\/blogit.gradia.fi\\\/parasta_osaamista\\\/pa-svenska\\\/\"},{\"@type\":\"ListItem\",\"position\":2,\"name\":\"L\u00e4nkar\"}]},{\"@type\":\"WebSite\",\"@id\":\"https:\\\/\\\/blogit.gradia.fi\\\/parasta_osaamista\\\/#website\",\"url\":\"https:\\\/\\\/blogit.gradia.fi\\\/parasta_osaamista\\\/\",\"name\":\"Parasta osaamista\",\"description\":\"Parasta osaamista -verkostohanke\",\"publisher\":{\"@id\":\"https:\\\/\\\/blogit.gradia.fi\\\/parasta_osaamista\\\/#organization\"},\"potentialAction\":[{\"@type\":\"SearchAction\",\"target\":{\"@type\":\"EntryPoint\",\"urlTemplate\":\"https:\\\/\\\/blogit.gradia.fi\\\/parasta_osaamista\\\/?s={search_term_string}\"},\"query-input\":{\"@type\":\"PropertyValueSpecification\",\"valueRequired\":true,\"valueName\":\"search_term_string\"}}],\"inLanguage\":\"fi\"},{\"@type\":\"Organization\",\"@id\":\"https:\\\/\\\/blogit.gradia.fi\\\/parasta_osaamista\\\/#organization\",\"name\":\"Parasta osaamista -verkostohanke\",\"url\":\"https:\\\/\\\/blogit.gradia.fi\\\/parasta_osaamista\\\/\",\"logo\":{\"@type\":\"ImageObject\",\"inLanguage\":\"fi\",\"@id\":\"https:\\\/\\\/blogit.gradia.fi\\\/parasta_osaamista\\\/#\\\/schema\\\/logo\\\/image\\\/\",\"url\":\"https:\\\/\\\/blogit.gradia.fi\\\/parasta_osaamista\\\/wp-content\\\/uploads\\\/sites\\\/20\\\/2018\\\/02\\\/parasta_osaamista_logo.jpg\",\"contentUrl\":\"https:\\\/\\\/blogit.gradia.fi\\\/parasta_osaamista\\\/wp-content\\\/uploads\\\/sites\\\/20\\\/2018\\\/02\\\/parasta_osaamista_logo.jpg\",\"width\":344,\"height\":334,\"caption\":\"Parasta osaamista -verkostohanke\"},\"image\":{\"@id\":\"https:\\\/\\\/blogit.gradia.fi\\\/parasta_osaamista\\\/#\\\/schema\\\/logo\\\/image\\\/\"},\"sameAs\":[\"https:\\\/\\\/www.facebook.com\\\/POsaamista\\\/\",\"https:\\\/\\\/x.com\\\/Posaaja_\",\"https:\\\/\\\/www.instagram.com\\\/parastaosaamista\\\/\",\"https:\\\/\\\/www.youtube.com\\\/channel\\\/UC7hv9jw0R6lS_Fmz5L9TUPw\"]}]}<\/script>\n<!-- \/ Yoast SEO plugin. -->","yoast_head_json":{"title":"L\u00e4nkar - Parasta osaamista","robots":{"index":"index","follow":"follow","max-snippet":"max-snippet:-1","max-image-preview":"max-image-preview:large","max-video-preview":"max-video-preview:-1"},"canonical":"https:\/\/blogit.gradia.fi\/parasta_osaamista\/pa-svenska\/lankar\/","og_locale":"fi_FI","og_type":"article","og_title":"L\u00e4nkar - Parasta osaamista","og_description":"Vad \u00e4ndrar f\u00f6r studerande? f\u00f6r utbildningsanordnaren? f\u00f6r arbetslivet? Infografer Vad g\u00f6r vi inom ramen f\u00f6r reformen Styrnings- och regleringssystemet Personlig till\u00e4mpning Att utg\u00e5 fr\u00e5n kompetens Finansieringssystemet Utbildnings- och l\u00e4roavtal Broschyr f\u00f6r l\u00e4rare Broschyr f\u00f6r&#46;&#46;&#46;","og_url":"https:\/\/blogit.gradia.fi\/parasta_osaamista\/pa-svenska\/lankar\/","og_site_name":"Parasta osaamista","article_publisher":"https:\/\/www.facebook.com\/POsaamista\/","article_modified_time":"2019-10-23T12:03:31+00:00","twitter_card":"summary_large_image","twitter_site":"@Posaaja_","twitter_misc":{"Arvioitu lukuaika":"1 minuutti"},"schema":{"@context":"https:\/\/schema.org","@graph":[{"@type":"WebPage","@id":"https:\/\/blogit.gradia.fi\/parasta_osaamista\/pa-svenska\/lankar\/","url":"https:\/\/blogit.gradia.fi\/parasta_osaamista\/pa-svenska\/lankar\/","name":"L\u00e4nkar - Parasta osaamista","isPartOf":{"@id":"https:\/\/blogit.gradia.fi\/parasta_osaamista\/#website"},"datePublished":"2018-05-22T12:40:24+00:00","dateModified":"2019-10-23T12:03:31+00:00","breadcrumb":{"@id":"https:\/\/blogit.gradia.fi\/parasta_osaamista\/pa-svenska\/lankar\/#breadcrumb"},"inLanguage":"fi","potentialAction":[{"@type":"ReadAction","target":["https:\/\/blogit.gradia.fi\/parasta_osaamista\/pa-svenska\/lankar\/"]}]},{"@type":"BreadcrumbList","@id":"https:\/\/blogit.gradia.fi\/parasta_osaamista\/pa-svenska\/lankar\/#breadcrumb","itemListElement":[{"@type":"ListItem","position":1,"name":"B\u00e4sta kunnande","item":"https:\/\/blogit.gradia.fi\/parasta_osaamista\/pa-svenska\/"},{"@type":"ListItem","position":2,"name":"L\u00e4nkar"}]},{"@type":"WebSite","@id":"https:\/\/blogit.gradia.fi\/parasta_osaamista\/#website","url":"https:\/\/blogit.gradia.fi\/parasta_osaamista\/","name":"Parasta osaamista","description":"Parasta osaamista -verkostohanke","publisher":{"@id":"https:\/\/blogit.gradia.fi\/parasta_osaamista\/#organization"},"potentialAction":[{"@type":"SearchAction","target":{"@type":"EntryPoint","urlTemplate":"https:\/\/blogit.gradia.fi\/parasta_osaamista\/?s={search_term_string}"},"query-input":{"@type":"PropertyValueSpecification","valueRequired":true,"valueName":"search_term_string"}}],"inLanguage":"fi"},{"@type":"Organization","@id":"https:\/\/blogit.gradia.fi\/parasta_osaamista\/#organization","name":"Parasta osaamista -verkostohanke","url":"https:\/\/blogit.gradia.fi\/parasta_osaamista\/","logo":{"@type":"ImageObject","inLanguage":"fi","@id":"https:\/\/blogit.gradia.fi\/parasta_osaamista\/#\/schema\/logo\/image\/","url":"https:\/\/blogit.gradia.fi\/parasta_osaamista\/wp-content\/uploads\/sites\/20\/2018\/02\/parasta_osaamista_logo.jpg","contentUrl":"https:\/\/blogit.gradia.fi\/parasta_osaamista\/wp-content\/uploads\/sites\/20\/2018\/02\/parasta_osaamista_logo.jpg","width":344,"height":334,"caption":"Parasta osaamista -verkostohanke"},"image":{"@id":"https:\/\/blogit.gradia.fi\/parasta_osaamista\/#\/schema\/logo\/image\/"},"sameAs":["https:\/\/www.facebook.com\/POsaamista\/","https:\/\/x.com\/Posaaja_","https:\/\/www.instagram.com\/parastaosaamista\/","https:\/\/www.youtube.com\/channel\/UC7hv9jw0R6lS_Fmz5L9TUPw"]}]}},"uagb_featured_image_src":{"full":false,"thumbnail":false,"medium":false,"medium_large":false,"large":false,"1536x1536":false,"2048x2048":false,"thumb-small":false,"thumb-standard":false,"thumb-medium":false,"thumb-large":false,"thumb-xlarge":false,"thumb-xxlarge":false},"uagb_author_info":{"display_name":"Sami Ahonen","author_link":"https:\/\/blogit.gradia.fi\/parasta_osaamista\/author\/ahonesam\/"},"uagb_comment_info":0,"uagb_excerpt":"Vad \u00e4ndrar f\u00f6r studerande? f\u00f6r utbildningsanordnaren? f\u00f6r arbetslivet? Infografer Vad g\u00f6r vi inom ramen f\u00f6r reformen Styrnings- och regleringssystemet Personlig till\u00e4mpning Att utg\u00e5 fr\u00e5n kompetens Finansieringssystemet Utbildnings- och l\u00e4roavtal Broschyr f\u00f6r l\u00e4rare Broschyr f\u00f6r&#46;&#46;&#46;","_links":{"self":[{"href":"https:\/\/blogit.gradia.fi\/parasta_osaamista\/wp-json\/wp\/v2\/pages\/370","targetHints":{"allow":["GET"]}}],"collection":[{"href":"https:\/\/blogit.gradia.fi\/parasta_osaamista\/wp-json\/wp\/v2\/pages"}],"about":[{"href":"https:\/\/blogit.gradia.fi\/parasta_osaamista\/wp-json\/wp\/v2\/types\/page"}],"author":[{"embeddable":true,"href":"https:\/\/blogit.gradia.fi\/parasta_osaamista\/wp-json\/wp\/v2\/users\/178"}],"replies":[{"embeddable":true,"href":"https:\/\/blogit.gradia.fi\/parasta_osaamista\/wp-json\/wp\/v2\/comments?post=370"}],"version-history":[{"count":3,"href":"https:\/\/blogit.gradia.fi\/parasta_osaamista\/wp-json\/wp\/v2\/pages\/370\/revisions"}],"predecessor-version":[{"id":3233,"href":"https:\/\/blogit.gradia.fi\/parasta_osaamista\/wp-json\/wp\/v2\/pages\/370\/revisions\/3233"}],"up":[{"embeddable":true,"href":"https:\/\/blogit.gradia.fi\/parasta_osaamista\/wp-json\/wp\/v2\/pages\/366"}],"wp:attachment":[{"href":"https:\/\/blogit.gradia.fi\/parasta_osaamista\/wp-json\/wp\/v2\/media?parent=370"}],"curies":[{"name":"wp","href":"https:\/\/api.w.org\/{rel}","templated":true}]}}