{"id":3568,"date":"2020-02-25T09:37:12","date_gmt":"2020-02-25T07:37:12","guid":{"rendered":"https:\/\/blogit.gradia.fi\/parasta_osaamista\/?page_id=3568"},"modified":"2020-06-15T09:12:50","modified_gmt":"2020-06-15T06:12:50","slug":"selvitys-parasta-osaamista-verkostohankkeesta","status":"publish","type":"page","link":"https:\/\/blogit.gradia.fi\/parasta_osaamista\/selvitys-parasta-osaamista-verkostohankkeesta\/","title":{"rendered":"Selvitys Parasta osaamista -verkostohankkeesta"},"content":{"rendered":"\n<p><strong><a href=\"https:\/\/blogit.gradia.fi\/parasta_osaamista\/wp-content\/uploads\/sites\/20\/2020\/06\/SELVITYSRAPORTTIsuomi.pdf\" target=\"_blank\" rel=\"noreferrer noopener\">SELVITYS PARASTA OSAAMISTA -VERKOSTOHANKKEESTA<\/a><\/strong><\/p>\n\n\n\n<p><strong>Tiivistelm\u00e4<\/strong><\/p>\n\n\n\n<p>Parasta osaamista\n-verkostohanke oli valtakunnallinen kehitt\u00e4mishanke, jota toteutettiin kolmen\nvuoden ajan (2017\u201319).&nbsp; Hankkeen\ntavoitteena oli tukea opetus- ja ohjaushenkil\u00f6st\u00f6n ty\u00f6- ja toimintatapojen\nuudistumista toimintaymp\u00e4rist\u00f6n ja lains\u00e4\u00e4d\u00e4nn\u00f6n muuttuessa. Hankeverkostoon\nkuului useita ammatillisia oppilaitoksia ja ammatillisia opettajakorkeakouluja.\nKoordinoijana toimi Jyv\u00e4skyl\u00e4n koulutuskuntayhtym\u00e4 Gradia. <\/p>\n\n\n\n<p>T\u00e4m\u00e4 selvitys k\u00e4sittelee verkostohankkeen tavoitteiden saavuttamista,\nhankkeen toimenpiteiden tunnettuutta sek\u00e4 opetus- ja ohjaushenkil\u00f6st\u00f6n\nosaamistarpeita. Selvitys tehtiin loka-marraskuussa 2019. Aineistona on\nammatillisten oppilaitosten opetus- ja ohjaushenkil\u00f6st\u00f6lle tehty verkkokysely\n(N=750). Selvitys tavoittaa vain pienen osan hankkeen toiminnasta. Raporttia ei\ntule lukea kokonaisvaltaisena arviointina.&nbsp;\n<\/p>\n\n\n\n<p>Opetus- ja\nohjaushenkil\u00f6st\u00f6n osaamistarpeet koskevat esimerkiksi digi- ja somepedagogiikan\nhallintaa ja erityist\u00e4 tukea tarvitsevien opiskelijoiden ohjaamista. Erilaisten\noppimistapojen ja -ymp\u00e4rist\u00f6jen hy\u00f6dynt\u00e4miseen sek\u00e4 reformituntemukseen\n(lains\u00e4\u00e4d\u00e4nt\u00f6, rahoitus) liittyv\u00e4 osaamistarve on my\u00f6s melko yleist\u00e4.<\/p>\n\n\n\n<p>M\u00e4\u00e4r\u00e4llisen kyselyn\nperusteella hankkeen vahvin hy\u00f6ty on kohdistunut koulutusreformin ydinasioihin.\nHOKS- ja arviointiosaamisen kehittyminen tukee osaamisperusteisuutta ja\nhenkil\u00f6kohtaistamista. Hankkeen tuki n\u00e4kyy my\u00f6s ty\u00f6paikkojen toiminnan\nkehittymisen tavoitteissa (ty\u00f6paikkaohjaajien kouluttaminen, oppilaitos\nty\u00f6paikan tukena).&nbsp; <\/p>\n\n\n\n<p>Hankearviot ovat\nmy\u00f6nteisimm\u00e4t johto- ja p\u00e4\u00e4llikk\u00f6henkil\u00f6st\u00f6n keskuudessa. Opettajat kokevat\nhankkeesta saadun tuen hieman heikompana. Opettajien mielipiteiss\u00e4 ja\nkokemuksissa on kuitenkin runsaasti eroavaisuuksia. My\u00f6s koulutuksen\nj\u00e4rjest\u00e4jien v\u00e4lill\u00e4 on eroja. Hankkeen vaikuttavuuden erot syntyv\u00e4t\ntoimintaymp\u00e4rist\u00f6jen eroista.<\/p>\n\n\n\n<p>Hanketavoitteet\novat toteutuneet materiaalien, koulutusten, yhteisten keskustelujen ja hyvien\nk\u00e4yt\u00e4nt\u00f6jen kautta. Hanke on toiminut johtamisen tukena ja antanut pysyvi\u00e4\nty\u00f6kaluja arjen tekemiseen. <\/p>\n\n\n\n<p>Erilaiset\nk\u00e4yt\u00e4nn\u00f6t, mallit ja koulutuspohjat on saatu systemaattiseen ja j\u00e4sentyneeseen\nmuotoon.&nbsp; Yhten\u00e4iset materiaalit ja\nkoulutukset toimivat laadunvarmistuksen v\u00e4lineen\u00e4. Opetuksen- ja ohjauksen\nohjeiden yhdenmukaistaminen ja systematisoiminen tukee uusien s\u00e4\u00e4d\u00f6sten\nmukaista toimintaa. <\/p>\n\n\n\n<p>Verkostohankkeen\ntulosten ja tuotosten toivottiin j\u00e4\u00e4v\u00e4n pysyv\u00e4\u00e4n k\u00e4ytt\u00f6\u00f6n. Hyv\u00e4 pohjamateriaali\nmahdollistaa my\u00f6s p\u00e4ivitt\u00e4misen ja jatkokehitt\u00e4misen. Kehitt\u00e4mistoiveena on\njatkon ja vakiinnuttamisen organisointi, jonka tueksi toivottiin aikaa,\ntulkkeja ja koordinoivia tulosten kokoajia.<\/p>\n\n\n\n<p>Testatut k\u00e4yt\u00e4nn\u00f6t voivat turvata ammatillisen koulutuksen valtakunnallisesti yhdenmukaista laatua. T\u00e4m\u00e4n tueksi tarvitaan levitys- ja v\u00e4litysk\u00e4yt\u00e4nt\u00f6j\u00e4 sek\u00e4 paikallisella ett\u00e4 valtakunnallisella tasolla.<\/p>\n\n\n\n<p>Jukka Vehvil\u00e4inen, DiaLoog<br>Marraskuu 2019<\/p>\n","protected":false},"excerpt":{"rendered":"<p>SELVITYS PARASTA OSAAMISTA -VERKOSTOHANKKEESTA Tiivistelm\u00e4 Parasta osaamista -verkostohanke oli valtakunnallinen kehitt\u00e4mishanke, jota toteutettiin kolmen vuoden ajan (2017\u201319).&nbsp; Hankkeen tavoitteena oli tukea opetus- ja ohjaushenkil\u00f6st\u00f6n ty\u00f6- ja toimintatapojen uudistumista toimintaymp\u00e4rist\u00f6n ja lains\u00e4\u00e4d\u00e4nn\u00f6n muuttuessa. Hankeverkostoon kuului&#46;&#46;&#46;<\/p>\n","protected":false},"author":179,"featured_media":0,"parent":0,"menu_order":0,"comment_status":"closed","ping_status":"closed","template":"","meta":{"_uag_custom_page_level_css":"","footnotes":""},"class_list":["post-3568","page","type-page","status-publish","hentry"],"yoast_head":"<!-- This site is optimized with the Yoast SEO plugin v27.4 - https:\/\/yoast.com\/product\/yoast-seo-wordpress\/ -->\n<title>Selvitys Parasta osaamista -verkostohankkeesta - Parasta osaamista<\/title>\n<meta name=\"robots\" content=\"index, follow, max-snippet:-1, max-image-preview:large, max-video-preview:-1\" \/>\n<link rel=\"canonical\" href=\"https:\/\/blogit.gradia.fi\/parasta_osaamista\/selvitys-parasta-osaamista-verkostohankkeesta\/\" \/>\n<meta property=\"og:locale\" content=\"fi_FI\" \/>\n<meta property=\"og:type\" content=\"article\" \/>\n<meta property=\"og:title\" content=\"Selvitys Parasta osaamista -verkostohankkeesta - Parasta osaamista\" \/>\n<meta property=\"og:description\" content=\"SELVITYS PARASTA OSAAMISTA -VERKOSTOHANKKEESTA Tiivistelm\u00e4 Parasta osaamista -verkostohanke oli valtakunnallinen kehitt\u00e4mishanke, jota toteutettiin kolmen vuoden ajan (2017\u201319).&nbsp; Hankkeen tavoitteena oli tukea opetus- ja ohjaushenkil\u00f6st\u00f6n ty\u00f6- ja toimintatapojen uudistumista toimintaymp\u00e4rist\u00f6n ja lains\u00e4\u00e4d\u00e4nn\u00f6n muuttuessa. Hankeverkostoon kuului&#046;&#046;&#046;\" \/>\n<meta property=\"og:url\" content=\"https:\/\/blogit.gradia.fi\/parasta_osaamista\/selvitys-parasta-osaamista-verkostohankkeesta\/\" \/>\n<meta property=\"og:site_name\" content=\"Parasta osaamista\" \/>\n<meta property=\"article:publisher\" content=\"https:\/\/www.facebook.com\/POsaamista\/\" \/>\n<meta property=\"article:modified_time\" content=\"2020-06-15T06:12:50+00:00\" \/>\n<meta name=\"twitter:card\" content=\"summary_large_image\" \/>\n<meta name=\"twitter:site\" content=\"@Posaaja_\" \/>\n<meta name=\"twitter:label1\" content=\"Arvioitu lukuaika\" \/>\n\t<meta name=\"twitter:data1\" content=\"2 minuuttia\" \/>\n<script type=\"application\/ld+json\" class=\"yoast-schema-graph\">{\"@context\":\"https:\\\/\\\/schema.org\",\"@graph\":[{\"@type\":\"WebPage\",\"@id\":\"https:\\\/\\\/blogit.gradia.fi\\\/parasta_osaamista\\\/selvitys-parasta-osaamista-verkostohankkeesta\\\/\",\"url\":\"https:\\\/\\\/blogit.gradia.fi\\\/parasta_osaamista\\\/selvitys-parasta-osaamista-verkostohankkeesta\\\/\",\"name\":\"Selvitys Parasta osaamista -verkostohankkeesta - Parasta osaamista\",\"isPartOf\":{\"@id\":\"https:\\\/\\\/blogit.gradia.fi\\\/parasta_osaamista\\\/#website\"},\"datePublished\":\"2020-02-25T07:37:12+00:00\",\"dateModified\":\"2020-06-15T06:12:50+00:00\",\"inLanguage\":\"fi\",\"potentialAction\":[{\"@type\":\"ReadAction\",\"target\":[\"https:\\\/\\\/blogit.gradia.fi\\\/parasta_osaamista\\\/selvitys-parasta-osaamista-verkostohankkeesta\\\/\"]}]},{\"@type\":\"WebSite\",\"@id\":\"https:\\\/\\\/blogit.gradia.fi\\\/parasta_osaamista\\\/#website\",\"url\":\"https:\\\/\\\/blogit.gradia.fi\\\/parasta_osaamista\\\/\",\"name\":\"Parasta osaamista\",\"description\":\"Parasta osaamista -verkostohanke\",\"publisher\":{\"@id\":\"https:\\\/\\\/blogit.gradia.fi\\\/parasta_osaamista\\\/#organization\"},\"potentialAction\":[{\"@type\":\"SearchAction\",\"target\":{\"@type\":\"EntryPoint\",\"urlTemplate\":\"https:\\\/\\\/blogit.gradia.fi\\\/parasta_osaamista\\\/?s={search_term_string}\"},\"query-input\":{\"@type\":\"PropertyValueSpecification\",\"valueRequired\":true,\"valueName\":\"search_term_string\"}}],\"inLanguage\":\"fi\"},{\"@type\":\"Organization\",\"@id\":\"https:\\\/\\\/blogit.gradia.fi\\\/parasta_osaamista\\\/#organization\",\"name\":\"Parasta osaamista -verkostohanke\",\"url\":\"https:\\\/\\\/blogit.gradia.fi\\\/parasta_osaamista\\\/\",\"logo\":{\"@type\":\"ImageObject\",\"inLanguage\":\"fi\",\"@id\":\"https:\\\/\\\/blogit.gradia.fi\\\/parasta_osaamista\\\/#\\\/schema\\\/logo\\\/image\\\/\",\"url\":\"https:\\\/\\\/blogit.gradia.fi\\\/parasta_osaamista\\\/wp-content\\\/uploads\\\/sites\\\/20\\\/2018\\\/02\\\/parasta_osaamista_logo.jpg\",\"contentUrl\":\"https:\\\/\\\/blogit.gradia.fi\\\/parasta_osaamista\\\/wp-content\\\/uploads\\\/sites\\\/20\\\/2018\\\/02\\\/parasta_osaamista_logo.jpg\",\"width\":344,\"height\":334,\"caption\":\"Parasta osaamista -verkostohanke\"},\"image\":{\"@id\":\"https:\\\/\\\/blogit.gradia.fi\\\/parasta_osaamista\\\/#\\\/schema\\\/logo\\\/image\\\/\"},\"sameAs\":[\"https:\\\/\\\/www.facebook.com\\\/POsaamista\\\/\",\"https:\\\/\\\/x.com\\\/Posaaja_\",\"https:\\\/\\\/www.instagram.com\\\/parastaosaamista\\\/\",\"https:\\\/\\\/www.youtube.com\\\/channel\\\/UC7hv9jw0R6lS_Fmz5L9TUPw\"]}]}<\/script>\n<!-- \/ Yoast SEO plugin. -->","yoast_head_json":{"title":"Selvitys Parasta osaamista -verkostohankkeesta - Parasta osaamista","robots":{"index":"index","follow":"follow","max-snippet":"max-snippet:-1","max-image-preview":"max-image-preview:large","max-video-preview":"max-video-preview:-1"},"canonical":"https:\/\/blogit.gradia.fi\/parasta_osaamista\/selvitys-parasta-osaamista-verkostohankkeesta\/","og_locale":"fi_FI","og_type":"article","og_title":"Selvitys Parasta osaamista -verkostohankkeesta - Parasta osaamista","og_description":"SELVITYS PARASTA OSAAMISTA -VERKOSTOHANKKEESTA Tiivistelm\u00e4 Parasta osaamista -verkostohanke oli valtakunnallinen kehitt\u00e4mishanke, jota toteutettiin kolmen vuoden ajan (2017\u201319).&nbsp; Hankkeen tavoitteena oli tukea opetus- ja ohjaushenkil\u00f6st\u00f6n ty\u00f6- ja toimintatapojen uudistumista toimintaymp\u00e4rist\u00f6n ja lains\u00e4\u00e4d\u00e4nn\u00f6n muuttuessa. Hankeverkostoon kuului&#46;&#46;&#46;","og_url":"https:\/\/blogit.gradia.fi\/parasta_osaamista\/selvitys-parasta-osaamista-verkostohankkeesta\/","og_site_name":"Parasta osaamista","article_publisher":"https:\/\/www.facebook.com\/POsaamista\/","article_modified_time":"2020-06-15T06:12:50+00:00","twitter_card":"summary_large_image","twitter_site":"@Posaaja_","twitter_misc":{"Arvioitu lukuaika":"2 minuuttia"},"schema":{"@context":"https:\/\/schema.org","@graph":[{"@type":"WebPage","@id":"https:\/\/blogit.gradia.fi\/parasta_osaamista\/selvitys-parasta-osaamista-verkostohankkeesta\/","url":"https:\/\/blogit.gradia.fi\/parasta_osaamista\/selvitys-parasta-osaamista-verkostohankkeesta\/","name":"Selvitys Parasta osaamista -verkostohankkeesta - Parasta osaamista","isPartOf":{"@id":"https:\/\/blogit.gradia.fi\/parasta_osaamista\/#website"},"datePublished":"2020-02-25T07:37:12+00:00","dateModified":"2020-06-15T06:12:50+00:00","inLanguage":"fi","potentialAction":[{"@type":"ReadAction","target":["https:\/\/blogit.gradia.fi\/parasta_osaamista\/selvitys-parasta-osaamista-verkostohankkeesta\/"]}]},{"@type":"WebSite","@id":"https:\/\/blogit.gradia.fi\/parasta_osaamista\/#website","url":"https:\/\/blogit.gradia.fi\/parasta_osaamista\/","name":"Parasta osaamista","description":"Parasta osaamista -verkostohanke","publisher":{"@id":"https:\/\/blogit.gradia.fi\/parasta_osaamista\/#organization"},"potentialAction":[{"@type":"SearchAction","target":{"@type":"EntryPoint","urlTemplate":"https:\/\/blogit.gradia.fi\/parasta_osaamista\/?s={search_term_string}"},"query-input":{"@type":"PropertyValueSpecification","valueRequired":true,"valueName":"search_term_string"}}],"inLanguage":"fi"},{"@type":"Organization","@id":"https:\/\/blogit.gradia.fi\/parasta_osaamista\/#organization","name":"Parasta osaamista -verkostohanke","url":"https:\/\/blogit.gradia.fi\/parasta_osaamista\/","logo":{"@type":"ImageObject","inLanguage":"fi","@id":"https:\/\/blogit.gradia.fi\/parasta_osaamista\/#\/schema\/logo\/image\/","url":"https:\/\/blogit.gradia.fi\/parasta_osaamista\/wp-content\/uploads\/sites\/20\/2018\/02\/parasta_osaamista_logo.jpg","contentUrl":"https:\/\/blogit.gradia.fi\/parasta_osaamista\/wp-content\/uploads\/sites\/20\/2018\/02\/parasta_osaamista_logo.jpg","width":344,"height":334,"caption":"Parasta osaamista -verkostohanke"},"image":{"@id":"https:\/\/blogit.gradia.fi\/parasta_osaamista\/#\/schema\/logo\/image\/"},"sameAs":["https:\/\/www.facebook.com\/POsaamista\/","https:\/\/x.com\/Posaaja_","https:\/\/www.instagram.com\/parastaosaamista\/","https:\/\/www.youtube.com\/channel\/UC7hv9jw0R6lS_Fmz5L9TUPw"]}]}},"uagb_featured_image_src":{"full":false,"thumbnail":false,"medium":false,"medium_large":false,"large":false,"1536x1536":false,"2048x2048":false,"thumb-small":false,"thumb-standard":false,"thumb-medium":false,"thumb-large":false,"thumb-xlarge":false,"thumb-xxlarge":false},"uagb_author_info":{"display_name":"Pia Tolonen","author_link":"https:\/\/blogit.gradia.fi\/parasta_osaamista\/author\/halmepia\/"},"uagb_comment_info":0,"uagb_excerpt":"SELVITYS PARASTA OSAAMISTA -VERKOSTOHANKKEESTA Tiivistelm\u00e4 Parasta osaamista -verkostohanke oli valtakunnallinen kehitt\u00e4mishanke, jota toteutettiin kolmen vuoden ajan (2017\u201319).&nbsp; Hankkeen tavoitteena oli tukea opetus- ja ohjaushenkil\u00f6st\u00f6n ty\u00f6- ja toimintatapojen uudistumista toimintaymp\u00e4rist\u00f6n ja lains\u00e4\u00e4d\u00e4nn\u00f6n muuttuessa. Hankeverkostoon kuului&#46;&#46;&#46;","_links":{"self":[{"href":"https:\/\/blogit.gradia.fi\/parasta_osaamista\/wp-json\/wp\/v2\/pages\/3568","targetHints":{"allow":["GET"]}}],"collection":[{"href":"https:\/\/blogit.gradia.fi\/parasta_osaamista\/wp-json\/wp\/v2\/pages"}],"about":[{"href":"https:\/\/blogit.gradia.fi\/parasta_osaamista\/wp-json\/wp\/v2\/types\/page"}],"author":[{"embeddable":true,"href":"https:\/\/blogit.gradia.fi\/parasta_osaamista\/wp-json\/wp\/v2\/users\/179"}],"replies":[{"embeddable":true,"href":"https:\/\/blogit.gradia.fi\/parasta_osaamista\/wp-json\/wp\/v2\/comments?post=3568"}],"version-history":[{"count":3,"href":"https:\/\/blogit.gradia.fi\/parasta_osaamista\/wp-json\/wp\/v2\/pages\/3568\/revisions"}],"predecessor-version":[{"id":3628,"href":"https:\/\/blogit.gradia.fi\/parasta_osaamista\/wp-json\/wp\/v2\/pages\/3568\/revisions\/3628"}],"wp:attachment":[{"href":"https:\/\/blogit.gradia.fi\/parasta_osaamista\/wp-json\/wp\/v2\/media?parent=3568"}],"curies":[{"name":"wp","href":"https:\/\/api.w.org\/{rel}","templated":true}]}}