{"id":3516,"date":"2020-01-17T12:41:12","date_gmt":"2020-01-17T10:41:12","guid":{"rendered":"https:\/\/blogit.gradia.fi\/parasta_osaamista\/?page_id=3516"},"modified":"2020-01-17T13:03:15","modified_gmt":"2020-01-17T11:03:15","slug":"rohkeasti-uudistamaan-koulutukokonaisuus","status":"publish","type":"page","link":"https:\/\/blogit.gradia.fi\/parasta_osaamista\/rohkeasti-uudistamaan-koulutukokonaisuus\/","title":{"rendered":"Rohkeasti uudistamaan koulutuskokonaisuus"},"content":{"rendered":"\n<p>Millaista osaamista ammatillisen koulutuksen opetus- ja  ohjaushenkil\u00f6st\u00f6 tarvitsee toimiakseen uudistuneessa ammatillisessa  koulutuksessa? Opetushallituksen rahoittamassa Parasta Osaamista  -verkostohankkeessa on kartoitettu opetus- ja ohjaushenkil\u00f6st\u00f6n  osaamistarpeita ja sen perusteella on muodostettu t\u00e4m\u00e4  osaamiskokonaisuus. Sivuston materiaalit on tehty aikav\u00e4lill\u00e4 2018-  2019.<\/p>\n\n\n\n<p><a href=\"https:\/\/rohkeastiuudistamaan.fi\/\" target=\"_blank\" rel=\"noreferrer noopener\" aria-label=\"Rohkeasti uudistamaan koulutuskokonaisuus (avautuu uudessa v\u00e4lilehdess\u00e4)\">Rohkeasti uudistamaan koulutuskokonaisuus<\/a> muodostuu viidest\u00e4 osaamiskokonaisuudesta:<\/p>\n\n\n\n<h4 class=\"wp-block-heading\">Henkil\u00f6kohtaistaminen  <\/h4>\n\n\n\n<p>Henkil\u00f6kohtaistamisen on todettu olevan aivan keskeisin prosessi  koulutuksen j\u00e4rjest\u00e4jien ja ammatillisten opettajien toiminnassa. Ennen  kaikkea henkil\u00f6kohtaistaminen on kuitenkin opiskelijan asiakasl\u00e4ht\u00f6ist\u00e4  ja osaamisperusteista osaamisen kehittymiseksi ja tavoitteiden  saavuttamiseksi teht\u00e4v\u00e4\u00e4 pedagogista ty\u00f6t\u00e4.  Henkil\u00f6kohtaistamisessa korostuvat ty\u00f6el\u00e4m\u00e4n ja tutkintojen  tunteminen,  kohtaamis- ja vuorovaikutusosaaminen, suunnittelutaidot sek\u00e4   yhteisty\u00f6n tekeminen eri toimijoiden kesken.  <\/p>\n\n\n\n<h4 class=\"wp-block-heading\">Ohjaus  <\/h4>\n\n\n\n<p>Opiskelijalla on oikeus saada eri oppimisymp\u00e4rist\u00f6iss\u00e4 sellaista  ohjausta, joka mahdollistaa ammattitaitovaatimusten ja  osaamistavoitteiden saavuttamisen sek\u00e4 tukee opiskelijoiden kehityst\u00e4  hyviksi, tasapainoisiksi ja sivistyneiksi ihmisiksi ja yhteiskunnan  j\u00e4seniksi. Ohjaus on olennaista oppimisen kannalta ja sen avulla luodaan suuntaa oppimiselle. Ohjaajan teht\u00e4v\u00e4n\u00e4 on luoda oppijalle erilaisia oppimiskokemuksia.  <\/p>\n\n\n\n<h4 class=\"wp-block-heading\">Oppimisen tavat ja mahdollisuudet<\/h4>\n\n\n\n<p>Uudenlaisten oppimisen tapojen ja mahdollisuuksien ymm\u00e4rt\u00e4minen ja kehitt\u00e4minen korostuvat uudessa ammatillisessa koulutuksessa. Opettajat toimivat opettajina, valmentajina ja ohjaajina hybrideiss\u00e4 oppimisymp\u00e4rist\u00f6iss\u00e4.<\/p>\n\n\n\n<h4 class=\"wp-block-heading\">N\u00e4yt\u00f6t ja osaamisen arviointi<\/h4>\n\n\n\n<p>N\u00e4yt\u00f6t ja osaamisen arviointi ovat keskeisi\u00e4 toimia ammatillisessa  koulutuksessa. N\u00e4yt\u00f6t ovat osa tutkintojen j\u00e4rjest\u00e4mist\u00e4 ja  suorittamista. N\u00e4ytt\u00f6jen suunnittelua ohjaavat ammatillisen koulutuksen s\u00e4\u00e4d\u00f6kset ja tutkinnon perusteet. Opettajalla tulee olla riitt\u00e4v\u00e4  ammattitaito j\u00e4rjest\u00e4\u00e4 n\u00e4ytt\u00f6j\u00e4 ja toimia osaamisen arvioijana. T\u00e4ss\u00e4 osiossa perehdyt\u00e4\u00e4n osaamisen arvioinnin suunnitteluun ja j\u00e4rjest\u00e4miseen sek\u00e4 osaamisen arviointiin.<\/p>\n\n\n\n<h4 class=\"wp-block-heading\">Oman ty\u00f6n johtaminen ja kehitt\u00e4minen<\/h4>\n\n\n\n<p>Haluatko kehitt\u00e4\u00e4 valmiuksiasi johtaa omaa ty\u00f6t\u00e4si? Pohditko,  miten toimia tuloksellisesti ty\u00f6yhteis\u00f6si moniammatillisissa tiimeiss\u00e4  ja yhteisty\u00f6verkostoissa? Oman ty\u00f6n johtamisen ja kehitt\u00e4misen teemaa voit pohtia itsen\u00e4isesti ja kollegoidesi kanssa annetun materiaalin pohjalta. Mik\u00e4li haluat  kehitt\u00e4\u00e4 osaamistasi syvemmin, tutustu ammatillisten opettajakorkeakoulujen j\u00e4rjest\u00e4m\u00e4\u00e4n koulutukseen moduulin syvent\u00e4v\u00e4ss\u00e4 osiossa.<\/p>\n\n\n\n<p>______________________________________________________________________________<\/p>\n\n\n\n<p>N\u00e4iden osaamiskokonaisuuksien ymp\u00e4rille on nyt rakennettu <a href=\"https:\/\/rohkeastiuudistamaan.fi\/\" target=\"_blank\" rel=\"noreferrer noopener\" aria-label=\"kattava verkkosivusto (avautuu uudessa v\u00e4lilehdess\u00e4)\">kattava verkkosivusto<\/a>, joka tulee palvelemaan ammatillisen koulutuksen j\u00e4rjest\u00e4ji\u00e4 v\u00e4hint\u00e4\u00e4nkin kaksi vuotta t\u00e4st\u00e4 eteenp\u00e4in. Toivottavasti sivusto tulee ahkeraan k\u00e4ytt\u00f6\u00f6n niin uuden henkil\u00f6st\u00f6n perehdytt\u00e4miseen kuin my\u00f6s uuden lains\u00e4\u00e4d\u00e4nn\u00f6n mukaisten toimintatapojen laadunvarmistukseen jo kokeneemmillekin konkareille! <\/p>\n\n\n\n<h3 class=\"wp-block-heading\"><a rel=\"noreferrer noopener\" aria-label=\"T\u00e4st\u00e4 p\u00e4\u00e4set Rohkeasti uudistamaan sivutolle. (avautuu uudessa v\u00e4lilehdess\u00e4)\" href=\"https:\/\/rohkeastiuudistamaan.fi\/\" target=\"_blank\"><strong>Rohkeastiuudistamaan.fi<\/strong><\/a><\/h3>\n\n\n\n<p><\/p>\n","protected":false},"excerpt":{"rendered":"<p>Millaista osaamista ammatillisen koulutuksen opetus- ja ohjaushenkil\u00f6st\u00f6 tarvitsee toimiakseen uudistuneessa ammatillisessa koulutuksessa? Opetushallituksen rahoittamassa Parasta Osaamista -verkostohankkeessa on kartoitettu opetus- ja ohjaushenkil\u00f6st\u00f6n osaamistarpeita ja sen perusteella on muodostettu t\u00e4m\u00e4 osaamiskokonaisuus. Sivuston materiaalit on tehty&#46;&#46;&#46;<\/p>\n","protected":false},"author":652,"featured_media":0,"parent":0,"menu_order":0,"comment_status":"closed","ping_status":"closed","template":"","meta":{"_uag_custom_page_level_css":"","footnotes":""},"class_list":["post-3516","page","type-page","status-publish","hentry"],"yoast_head":"<!-- This site is optimized with the Yoast SEO plugin v27.4 - https:\/\/yoast.com\/product\/yoast-seo-wordpress\/ -->\n<title>Rohkeasti uudistamaan koulutuskokonaisuus - Parasta osaamista<\/title>\n<meta name=\"robots\" content=\"index, follow, max-snippet:-1, max-image-preview:large, max-video-preview:-1\" \/>\n<link rel=\"canonical\" href=\"https:\/\/blogit.gradia.fi\/parasta_osaamista\/rohkeasti-uudistamaan-koulutukokonaisuus\/\" \/>\n<meta property=\"og:locale\" content=\"fi_FI\" \/>\n<meta property=\"og:type\" content=\"article\" \/>\n<meta property=\"og:title\" content=\"Rohkeasti uudistamaan koulutuskokonaisuus - Parasta osaamista\" \/>\n<meta property=\"og:description\" content=\"Millaista osaamista ammatillisen koulutuksen opetus- ja ohjaushenkil\u00f6st\u00f6 tarvitsee toimiakseen uudistuneessa ammatillisessa koulutuksessa? Opetushallituksen rahoittamassa Parasta Osaamista -verkostohankkeessa on kartoitettu opetus- ja ohjaushenkil\u00f6st\u00f6n osaamistarpeita ja sen perusteella on muodostettu t\u00e4m\u00e4 osaamiskokonaisuus. Sivuston materiaalit on tehty&#046;&#046;&#046;\" \/>\n<meta property=\"og:url\" content=\"https:\/\/blogit.gradia.fi\/parasta_osaamista\/rohkeasti-uudistamaan-koulutukokonaisuus\/\" \/>\n<meta property=\"og:site_name\" content=\"Parasta osaamista\" \/>\n<meta property=\"article:publisher\" content=\"https:\/\/www.facebook.com\/POsaamista\/\" \/>\n<meta property=\"article:modified_time\" content=\"2020-01-17T11:03:15+00:00\" \/>\n<meta name=\"twitter:card\" content=\"summary_large_image\" \/>\n<meta name=\"twitter:site\" content=\"@Posaaja_\" \/>\n<meta name=\"twitter:label1\" content=\"Arvioitu lukuaika\" \/>\n\t<meta name=\"twitter:data1\" content=\"2 minuuttia\" \/>\n<script type=\"application\/ld+json\" class=\"yoast-schema-graph\">{\"@context\":\"https:\\\/\\\/schema.org\",\"@graph\":[{\"@type\":\"WebPage\",\"@id\":\"https:\\\/\\\/blogit.gradia.fi\\\/parasta_osaamista\\\/rohkeasti-uudistamaan-koulutukokonaisuus\\\/\",\"url\":\"https:\\\/\\\/blogit.gradia.fi\\\/parasta_osaamista\\\/rohkeasti-uudistamaan-koulutukokonaisuus\\\/\",\"name\":\"Rohkeasti uudistamaan koulutuskokonaisuus - Parasta osaamista\",\"isPartOf\":{\"@id\":\"https:\\\/\\\/blogit.gradia.fi\\\/parasta_osaamista\\\/#website\"},\"datePublished\":\"2020-01-17T10:41:12+00:00\",\"dateModified\":\"2020-01-17T11:03:15+00:00\",\"inLanguage\":\"fi\",\"potentialAction\":[{\"@type\":\"ReadAction\",\"target\":[\"https:\\\/\\\/blogit.gradia.fi\\\/parasta_osaamista\\\/rohkeasti-uudistamaan-koulutukokonaisuus\\\/\"]}]},{\"@type\":\"WebSite\",\"@id\":\"https:\\\/\\\/blogit.gradia.fi\\\/parasta_osaamista\\\/#website\",\"url\":\"https:\\\/\\\/blogit.gradia.fi\\\/parasta_osaamista\\\/\",\"name\":\"Parasta osaamista\",\"description\":\"Parasta osaamista -verkostohanke\",\"publisher\":{\"@id\":\"https:\\\/\\\/blogit.gradia.fi\\\/parasta_osaamista\\\/#organization\"},\"potentialAction\":[{\"@type\":\"SearchAction\",\"target\":{\"@type\":\"EntryPoint\",\"urlTemplate\":\"https:\\\/\\\/blogit.gradia.fi\\\/parasta_osaamista\\\/?s={search_term_string}\"},\"query-input\":{\"@type\":\"PropertyValueSpecification\",\"valueRequired\":true,\"valueName\":\"search_term_string\"}}],\"inLanguage\":\"fi\"},{\"@type\":\"Organization\",\"@id\":\"https:\\\/\\\/blogit.gradia.fi\\\/parasta_osaamista\\\/#organization\",\"name\":\"Parasta osaamista -verkostohanke\",\"url\":\"https:\\\/\\\/blogit.gradia.fi\\\/parasta_osaamista\\\/\",\"logo\":{\"@type\":\"ImageObject\",\"inLanguage\":\"fi\",\"@id\":\"https:\\\/\\\/blogit.gradia.fi\\\/parasta_osaamista\\\/#\\\/schema\\\/logo\\\/image\\\/\",\"url\":\"https:\\\/\\\/blogit.gradia.fi\\\/parasta_osaamista\\\/wp-content\\\/uploads\\\/sites\\\/20\\\/2018\\\/02\\\/parasta_osaamista_logo.jpg\",\"contentUrl\":\"https:\\\/\\\/blogit.gradia.fi\\\/parasta_osaamista\\\/wp-content\\\/uploads\\\/sites\\\/20\\\/2018\\\/02\\\/parasta_osaamista_logo.jpg\",\"width\":344,\"height\":334,\"caption\":\"Parasta osaamista -verkostohanke\"},\"image\":{\"@id\":\"https:\\\/\\\/blogit.gradia.fi\\\/parasta_osaamista\\\/#\\\/schema\\\/logo\\\/image\\\/\"},\"sameAs\":[\"https:\\\/\\\/www.facebook.com\\\/POsaamista\\\/\",\"https:\\\/\\\/x.com\\\/Posaaja_\",\"https:\\\/\\\/www.instagram.com\\\/parastaosaamista\\\/\",\"https:\\\/\\\/www.youtube.com\\\/channel\\\/UC7hv9jw0R6lS_Fmz5L9TUPw\"]}]}<\/script>\n<!-- \/ Yoast SEO plugin. -->","yoast_head_json":{"title":"Rohkeasti uudistamaan koulutuskokonaisuus - Parasta osaamista","robots":{"index":"index","follow":"follow","max-snippet":"max-snippet:-1","max-image-preview":"max-image-preview:large","max-video-preview":"max-video-preview:-1"},"canonical":"https:\/\/blogit.gradia.fi\/parasta_osaamista\/rohkeasti-uudistamaan-koulutukokonaisuus\/","og_locale":"fi_FI","og_type":"article","og_title":"Rohkeasti uudistamaan koulutuskokonaisuus - Parasta osaamista","og_description":"Millaista osaamista ammatillisen koulutuksen opetus- ja ohjaushenkil\u00f6st\u00f6 tarvitsee toimiakseen uudistuneessa ammatillisessa koulutuksessa? Opetushallituksen rahoittamassa Parasta Osaamista -verkostohankkeessa on kartoitettu opetus- ja ohjaushenkil\u00f6st\u00f6n osaamistarpeita ja sen perusteella on muodostettu t\u00e4m\u00e4 osaamiskokonaisuus. Sivuston materiaalit on tehty&#46;&#46;&#46;","og_url":"https:\/\/blogit.gradia.fi\/parasta_osaamista\/rohkeasti-uudistamaan-koulutukokonaisuus\/","og_site_name":"Parasta osaamista","article_publisher":"https:\/\/www.facebook.com\/POsaamista\/","article_modified_time":"2020-01-17T11:03:15+00:00","twitter_card":"summary_large_image","twitter_site":"@Posaaja_","twitter_misc":{"Arvioitu lukuaika":"2 minuuttia"},"schema":{"@context":"https:\/\/schema.org","@graph":[{"@type":"WebPage","@id":"https:\/\/blogit.gradia.fi\/parasta_osaamista\/rohkeasti-uudistamaan-koulutukokonaisuus\/","url":"https:\/\/blogit.gradia.fi\/parasta_osaamista\/rohkeasti-uudistamaan-koulutukokonaisuus\/","name":"Rohkeasti uudistamaan koulutuskokonaisuus - Parasta osaamista","isPartOf":{"@id":"https:\/\/blogit.gradia.fi\/parasta_osaamista\/#website"},"datePublished":"2020-01-17T10:41:12+00:00","dateModified":"2020-01-17T11:03:15+00:00","inLanguage":"fi","potentialAction":[{"@type":"ReadAction","target":["https:\/\/blogit.gradia.fi\/parasta_osaamista\/rohkeasti-uudistamaan-koulutukokonaisuus\/"]}]},{"@type":"WebSite","@id":"https:\/\/blogit.gradia.fi\/parasta_osaamista\/#website","url":"https:\/\/blogit.gradia.fi\/parasta_osaamista\/","name":"Parasta osaamista","description":"Parasta osaamista -verkostohanke","publisher":{"@id":"https:\/\/blogit.gradia.fi\/parasta_osaamista\/#organization"},"potentialAction":[{"@type":"SearchAction","target":{"@type":"EntryPoint","urlTemplate":"https:\/\/blogit.gradia.fi\/parasta_osaamista\/?s={search_term_string}"},"query-input":{"@type":"PropertyValueSpecification","valueRequired":true,"valueName":"search_term_string"}}],"inLanguage":"fi"},{"@type":"Organization","@id":"https:\/\/blogit.gradia.fi\/parasta_osaamista\/#organization","name":"Parasta osaamista -verkostohanke","url":"https:\/\/blogit.gradia.fi\/parasta_osaamista\/","logo":{"@type":"ImageObject","inLanguage":"fi","@id":"https:\/\/blogit.gradia.fi\/parasta_osaamista\/#\/schema\/logo\/image\/","url":"https:\/\/blogit.gradia.fi\/parasta_osaamista\/wp-content\/uploads\/sites\/20\/2018\/02\/parasta_osaamista_logo.jpg","contentUrl":"https:\/\/blogit.gradia.fi\/parasta_osaamista\/wp-content\/uploads\/sites\/20\/2018\/02\/parasta_osaamista_logo.jpg","width":344,"height":334,"caption":"Parasta osaamista -verkostohanke"},"image":{"@id":"https:\/\/blogit.gradia.fi\/parasta_osaamista\/#\/schema\/logo\/image\/"},"sameAs":["https:\/\/www.facebook.com\/POsaamista\/","https:\/\/x.com\/Posaaja_","https:\/\/www.instagram.com\/parastaosaamista\/","https:\/\/www.youtube.com\/channel\/UC7hv9jw0R6lS_Fmz5L9TUPw"]}]}},"uagb_featured_image_src":{"full":false,"thumbnail":false,"medium":false,"medium_large":false,"large":false,"1536x1536":false,"2048x2048":false,"thumb-small":false,"thumb-standard":false,"thumb-medium":false,"thumb-large":false,"thumb-xlarge":false,"thumb-xxlarge":false},"uagb_author_info":{"display_name":"Rikhard Kiuru","author_link":"https:\/\/blogit.gradia.fi\/parasta_osaamista\/author\/kiururik\/"},"uagb_comment_info":0,"uagb_excerpt":"Millaista osaamista ammatillisen koulutuksen opetus- ja ohjaushenkil\u00f6st\u00f6 tarvitsee toimiakseen uudistuneessa ammatillisessa koulutuksessa? Opetushallituksen rahoittamassa Parasta Osaamista -verkostohankkeessa on kartoitettu opetus- ja ohjaushenkil\u00f6st\u00f6n osaamistarpeita ja sen perusteella on muodostettu t\u00e4m\u00e4 osaamiskokonaisuus. Sivuston materiaalit on tehty&#46;&#46;&#46;","_links":{"self":[{"href":"https:\/\/blogit.gradia.fi\/parasta_osaamista\/wp-json\/wp\/v2\/pages\/3516","targetHints":{"allow":["GET"]}}],"collection":[{"href":"https:\/\/blogit.gradia.fi\/parasta_osaamista\/wp-json\/wp\/v2\/pages"}],"about":[{"href":"https:\/\/blogit.gradia.fi\/parasta_osaamista\/wp-json\/wp\/v2\/types\/page"}],"author":[{"embeddable":true,"href":"https:\/\/blogit.gradia.fi\/parasta_osaamista\/wp-json\/wp\/v2\/users\/652"}],"replies":[{"embeddable":true,"href":"https:\/\/blogit.gradia.fi\/parasta_osaamista\/wp-json\/wp\/v2\/comments?post=3516"}],"version-history":[{"count":4,"href":"https:\/\/blogit.gradia.fi\/parasta_osaamista\/wp-json\/wp\/v2\/pages\/3516\/revisions"}],"predecessor-version":[{"id":3523,"href":"https:\/\/blogit.gradia.fi\/parasta_osaamista\/wp-json\/wp\/v2\/pages\/3516\/revisions\/3523"}],"wp:attachment":[{"href":"https:\/\/blogit.gradia.fi\/parasta_osaamista\/wp-json\/wp\/v2\/media?parent=3516"}],"curies":[{"name":"wp","href":"https:\/\/api.w.org\/{rel}","templated":true}]}}