{"id":3490,"date":"2019-12-18T09:57:08","date_gmt":"2019-12-18T07:57:08","guid":{"rendered":"https:\/\/blogit.gradia.fi\/parasta_osaamista\/?page_id=3490"},"modified":"2019-12-18T09:57:09","modified_gmt":"2019-12-18T07:57:09","slug":"introduktion-av-arbetsplatshandledare","status":"publish","type":"page","link":"https:\/\/blogit.gradia.fi\/parasta_osaamista\/introduktion-av-arbetsplatshandledare\/","title":{"rendered":"Introduktion av arbetsplatshandledare"},"content":{"rendered":"\n<p>Arbetslivet f\u00f6rv\u00e4ntar sig enhetliga tillv\u00e4gag\u00e5ngss\u00e4tt och kvalitet i \nhandledningen av l\u00e4rande i arbetslivet. Arbetslivet f\u00f6rv\u00e4ntar sig ocks\u00e5 \natt att arbetsplatshandledarna f\u00e5r st\u00f6d vid r\u00e4tt tidpunkt av \nl\u00e4roanstalten och l\u00e4rarna.<\/p>\n\n\n\n<ul class=\"wp-block-list\"><li>M\u00e5ls\u00e4ttningen \u00e4r en nationellt kvalitativ och enhetlig introduktion av arbetsplatshandledare enligt r\u00e5dande best\u00e4mmelser<\/li><li>Introduktionen uppmuntrar arbetsplatshandledare att delta i mer omfattande f\u00f6rdjupning i temat<\/li><li>L\u00e4raren och arbetsplatshandledaren f\u00e5r arbetsplatsens \narbetsuppgifter och kraven p\u00e5 yrkesskicklighet i examensgrunderna att \n\u00f6verensst\u00e4mma<\/li><\/ul>\n\n\n\n<p>Introduktionen \u00e4r riktad till l\u00e4rare f\u00f6r introduktion av \narbetsplatshandledare. Introduktionen inneh\u00e5ller saker som handledande \nl\u00e4rande i arbetslivet, arbetsplatshandledaren och studerande beh\u00f6ver \ndiskutera och komma \u00f6verens om. I introduktionslistan finns mer \ninformation d\u00e4r man beskriver vad som beh\u00f6ver beaktas i de olika \nskedena.<\/p>\n\n\n\n<p><a rel=\"noreferrer noopener\" href=\"https:\/\/blogit.gradia.fi\/parasta_osaamista\/wp-content\/uploads\/sites\/20\/2019\/05\/1783_perehdytyksen_muistilista_SE.pdf\" target=\"_blank\">Introduktion av arbetsplatshandledare<\/a> (printv\u00e4nlig version)<\/p>\n\n\n\n<p><\/p>\n","protected":false},"excerpt":{"rendered":"<p>Arbetslivet f\u00f6rv\u00e4ntar sig enhetliga tillv\u00e4gag\u00e5ngss\u00e4tt och kvalitet i handledningen av l\u00e4rande i arbetslivet. Arbetslivet f\u00f6rv\u00e4ntar sig ocks\u00e5 att att arbetsplatshandledarna f\u00e5r st\u00f6d vid r\u00e4tt tidpunkt av l\u00e4roanstalten och l\u00e4rarna. M\u00e5ls\u00e4ttningen \u00e4r en nationellt kvalitativ&#46;&#46;&#46;<\/p>\n","protected":false},"author":652,"featured_media":0,"parent":0,"menu_order":0,"comment_status":"closed","ping_status":"closed","template":"","meta":{"_uag_custom_page_level_css":"","footnotes":""},"class_list":["post-3490","page","type-page","status-publish","hentry"],"yoast_head":"<!-- This site is optimized with the Yoast SEO plugin v27.4 - https:\/\/yoast.com\/product\/yoast-seo-wordpress\/ -->\n<title>Introduktion av arbetsplatshandledare - Parasta osaamista<\/title>\n<meta name=\"robots\" content=\"index, follow, max-snippet:-1, max-image-preview:large, max-video-preview:-1\" \/>\n<link rel=\"canonical\" href=\"https:\/\/blogit.gradia.fi\/parasta_osaamista\/introduktion-av-arbetsplatshandledare\/\" \/>\n<meta property=\"og:locale\" content=\"fi_FI\" \/>\n<meta property=\"og:type\" content=\"article\" \/>\n<meta property=\"og:title\" content=\"Introduktion av arbetsplatshandledare - Parasta osaamista\" \/>\n<meta property=\"og:description\" content=\"Arbetslivet f\u00f6rv\u00e4ntar sig enhetliga tillv\u00e4gag\u00e5ngss\u00e4tt och kvalitet i handledningen av l\u00e4rande i arbetslivet. Arbetslivet f\u00f6rv\u00e4ntar sig ocks\u00e5 att att arbetsplatshandledarna f\u00e5r st\u00f6d vid r\u00e4tt tidpunkt av l\u00e4roanstalten och l\u00e4rarna. M\u00e5ls\u00e4ttningen \u00e4r en nationellt kvalitativ&#046;&#046;&#046;\" \/>\n<meta property=\"og:url\" content=\"https:\/\/blogit.gradia.fi\/parasta_osaamista\/introduktion-av-arbetsplatshandledare\/\" \/>\n<meta property=\"og:site_name\" content=\"Parasta osaamista\" \/>\n<meta property=\"article:publisher\" content=\"https:\/\/www.facebook.com\/POsaamista\/\" \/>\n<meta property=\"article:modified_time\" content=\"2019-12-18T07:57:09+00:00\" \/>\n<meta name=\"twitter:card\" content=\"summary_large_image\" \/>\n<meta name=\"twitter:site\" content=\"@Posaaja_\" \/>\n<meta name=\"twitter:label1\" content=\"Arvioitu lukuaika\" \/>\n\t<meta name=\"twitter:data1\" content=\"1 minuutti\" \/>\n<script type=\"application\/ld+json\" class=\"yoast-schema-graph\">{\"@context\":\"https:\\\/\\\/schema.org\",\"@graph\":[{\"@type\":\"WebPage\",\"@id\":\"https:\\\/\\\/blogit.gradia.fi\\\/parasta_osaamista\\\/introduktion-av-arbetsplatshandledare\\\/\",\"url\":\"https:\\\/\\\/blogit.gradia.fi\\\/parasta_osaamista\\\/introduktion-av-arbetsplatshandledare\\\/\",\"name\":\"Introduktion av arbetsplatshandledare - Parasta osaamista\",\"isPartOf\":{\"@id\":\"https:\\\/\\\/blogit.gradia.fi\\\/parasta_osaamista\\\/#website\"},\"datePublished\":\"2019-12-18T07:57:08+00:00\",\"dateModified\":\"2019-12-18T07:57:09+00:00\",\"inLanguage\":\"fi\",\"potentialAction\":[{\"@type\":\"ReadAction\",\"target\":[\"https:\\\/\\\/blogit.gradia.fi\\\/parasta_osaamista\\\/introduktion-av-arbetsplatshandledare\\\/\"]}]},{\"@type\":\"WebSite\",\"@id\":\"https:\\\/\\\/blogit.gradia.fi\\\/parasta_osaamista\\\/#website\",\"url\":\"https:\\\/\\\/blogit.gradia.fi\\\/parasta_osaamista\\\/\",\"name\":\"Parasta osaamista\",\"description\":\"Parasta osaamista -verkostohanke\",\"publisher\":{\"@id\":\"https:\\\/\\\/blogit.gradia.fi\\\/parasta_osaamista\\\/#organization\"},\"potentialAction\":[{\"@type\":\"SearchAction\",\"target\":{\"@type\":\"EntryPoint\",\"urlTemplate\":\"https:\\\/\\\/blogit.gradia.fi\\\/parasta_osaamista\\\/?s={search_term_string}\"},\"query-input\":{\"@type\":\"PropertyValueSpecification\",\"valueRequired\":true,\"valueName\":\"search_term_string\"}}],\"inLanguage\":\"fi\"},{\"@type\":\"Organization\",\"@id\":\"https:\\\/\\\/blogit.gradia.fi\\\/parasta_osaamista\\\/#organization\",\"name\":\"Parasta osaamista -verkostohanke\",\"url\":\"https:\\\/\\\/blogit.gradia.fi\\\/parasta_osaamista\\\/\",\"logo\":{\"@type\":\"ImageObject\",\"inLanguage\":\"fi\",\"@id\":\"https:\\\/\\\/blogit.gradia.fi\\\/parasta_osaamista\\\/#\\\/schema\\\/logo\\\/image\\\/\",\"url\":\"https:\\\/\\\/blogit.gradia.fi\\\/parasta_osaamista\\\/wp-content\\\/uploads\\\/sites\\\/20\\\/2018\\\/02\\\/parasta_osaamista_logo.jpg\",\"contentUrl\":\"https:\\\/\\\/blogit.gradia.fi\\\/parasta_osaamista\\\/wp-content\\\/uploads\\\/sites\\\/20\\\/2018\\\/02\\\/parasta_osaamista_logo.jpg\",\"width\":344,\"height\":334,\"caption\":\"Parasta osaamista -verkostohanke\"},\"image\":{\"@id\":\"https:\\\/\\\/blogit.gradia.fi\\\/parasta_osaamista\\\/#\\\/schema\\\/logo\\\/image\\\/\"},\"sameAs\":[\"https:\\\/\\\/www.facebook.com\\\/POsaamista\\\/\",\"https:\\\/\\\/x.com\\\/Posaaja_\",\"https:\\\/\\\/www.instagram.com\\\/parastaosaamista\\\/\",\"https:\\\/\\\/www.youtube.com\\\/channel\\\/UC7hv9jw0R6lS_Fmz5L9TUPw\"]}]}<\/script>\n<!-- \/ Yoast SEO plugin. -->","yoast_head_json":{"title":"Introduktion av arbetsplatshandledare - Parasta osaamista","robots":{"index":"index","follow":"follow","max-snippet":"max-snippet:-1","max-image-preview":"max-image-preview:large","max-video-preview":"max-video-preview:-1"},"canonical":"https:\/\/blogit.gradia.fi\/parasta_osaamista\/introduktion-av-arbetsplatshandledare\/","og_locale":"fi_FI","og_type":"article","og_title":"Introduktion av arbetsplatshandledare - Parasta osaamista","og_description":"Arbetslivet f\u00f6rv\u00e4ntar sig enhetliga tillv\u00e4gag\u00e5ngss\u00e4tt och kvalitet i handledningen av l\u00e4rande i arbetslivet. Arbetslivet f\u00f6rv\u00e4ntar sig ocks\u00e5 att att arbetsplatshandledarna f\u00e5r st\u00f6d vid r\u00e4tt tidpunkt av l\u00e4roanstalten och l\u00e4rarna. M\u00e5ls\u00e4ttningen \u00e4r en nationellt kvalitativ&#46;&#46;&#46;","og_url":"https:\/\/blogit.gradia.fi\/parasta_osaamista\/introduktion-av-arbetsplatshandledare\/","og_site_name":"Parasta osaamista","article_publisher":"https:\/\/www.facebook.com\/POsaamista\/","article_modified_time":"2019-12-18T07:57:09+00:00","twitter_card":"summary_large_image","twitter_site":"@Posaaja_","twitter_misc":{"Arvioitu lukuaika":"1 minuutti"},"schema":{"@context":"https:\/\/schema.org","@graph":[{"@type":"WebPage","@id":"https:\/\/blogit.gradia.fi\/parasta_osaamista\/introduktion-av-arbetsplatshandledare\/","url":"https:\/\/blogit.gradia.fi\/parasta_osaamista\/introduktion-av-arbetsplatshandledare\/","name":"Introduktion av arbetsplatshandledare - Parasta osaamista","isPartOf":{"@id":"https:\/\/blogit.gradia.fi\/parasta_osaamista\/#website"},"datePublished":"2019-12-18T07:57:08+00:00","dateModified":"2019-12-18T07:57:09+00:00","inLanguage":"fi","potentialAction":[{"@type":"ReadAction","target":["https:\/\/blogit.gradia.fi\/parasta_osaamista\/introduktion-av-arbetsplatshandledare\/"]}]},{"@type":"WebSite","@id":"https:\/\/blogit.gradia.fi\/parasta_osaamista\/#website","url":"https:\/\/blogit.gradia.fi\/parasta_osaamista\/","name":"Parasta osaamista","description":"Parasta osaamista -verkostohanke","publisher":{"@id":"https:\/\/blogit.gradia.fi\/parasta_osaamista\/#organization"},"potentialAction":[{"@type":"SearchAction","target":{"@type":"EntryPoint","urlTemplate":"https:\/\/blogit.gradia.fi\/parasta_osaamista\/?s={search_term_string}"},"query-input":{"@type":"PropertyValueSpecification","valueRequired":true,"valueName":"search_term_string"}}],"inLanguage":"fi"},{"@type":"Organization","@id":"https:\/\/blogit.gradia.fi\/parasta_osaamista\/#organization","name":"Parasta osaamista -verkostohanke","url":"https:\/\/blogit.gradia.fi\/parasta_osaamista\/","logo":{"@type":"ImageObject","inLanguage":"fi","@id":"https:\/\/blogit.gradia.fi\/parasta_osaamista\/#\/schema\/logo\/image\/","url":"https:\/\/blogit.gradia.fi\/parasta_osaamista\/wp-content\/uploads\/sites\/20\/2018\/02\/parasta_osaamista_logo.jpg","contentUrl":"https:\/\/blogit.gradia.fi\/parasta_osaamista\/wp-content\/uploads\/sites\/20\/2018\/02\/parasta_osaamista_logo.jpg","width":344,"height":334,"caption":"Parasta osaamista -verkostohanke"},"image":{"@id":"https:\/\/blogit.gradia.fi\/parasta_osaamista\/#\/schema\/logo\/image\/"},"sameAs":["https:\/\/www.facebook.com\/POsaamista\/","https:\/\/x.com\/Posaaja_","https:\/\/www.instagram.com\/parastaosaamista\/","https:\/\/www.youtube.com\/channel\/UC7hv9jw0R6lS_Fmz5L9TUPw"]}]}},"uagb_featured_image_src":{"full":false,"thumbnail":false,"medium":false,"medium_large":false,"large":false,"1536x1536":false,"2048x2048":false,"thumb-small":false,"thumb-standard":false,"thumb-medium":false,"thumb-large":false,"thumb-xlarge":false,"thumb-xxlarge":false},"uagb_author_info":{"display_name":"Rikhard Kiuru","author_link":"https:\/\/blogit.gradia.fi\/parasta_osaamista\/author\/kiururik\/"},"uagb_comment_info":0,"uagb_excerpt":"Arbetslivet f\u00f6rv\u00e4ntar sig enhetliga tillv\u00e4gag\u00e5ngss\u00e4tt och kvalitet i handledningen av l\u00e4rande i arbetslivet. Arbetslivet f\u00f6rv\u00e4ntar sig ocks\u00e5 att att arbetsplatshandledarna f\u00e5r st\u00f6d vid r\u00e4tt tidpunkt av l\u00e4roanstalten och l\u00e4rarna. M\u00e5ls\u00e4ttningen \u00e4r en nationellt kvalitativ&#46;&#46;&#46;","_links":{"self":[{"href":"https:\/\/blogit.gradia.fi\/parasta_osaamista\/wp-json\/wp\/v2\/pages\/3490","targetHints":{"allow":["GET"]}}],"collection":[{"href":"https:\/\/blogit.gradia.fi\/parasta_osaamista\/wp-json\/wp\/v2\/pages"}],"about":[{"href":"https:\/\/blogit.gradia.fi\/parasta_osaamista\/wp-json\/wp\/v2\/types\/page"}],"author":[{"embeddable":true,"href":"https:\/\/blogit.gradia.fi\/parasta_osaamista\/wp-json\/wp\/v2\/users\/652"}],"replies":[{"embeddable":true,"href":"https:\/\/blogit.gradia.fi\/parasta_osaamista\/wp-json\/wp\/v2\/comments?post=3490"}],"version-history":[{"count":1,"href":"https:\/\/blogit.gradia.fi\/parasta_osaamista\/wp-json\/wp\/v2\/pages\/3490\/revisions"}],"predecessor-version":[{"id":3495,"href":"https:\/\/blogit.gradia.fi\/parasta_osaamista\/wp-json\/wp\/v2\/pages\/3490\/revisions\/3495"}],"wp:attachment":[{"href":"https:\/\/blogit.gradia.fi\/parasta_osaamista\/wp-json\/wp\/v2\/media?parent=3490"}],"curies":[{"name":"wp","href":"https:\/\/api.w.org\/{rel}","templated":true}]}}