{"id":3481,"date":"2019-12-17T11:47:13","date_gmt":"2019-12-17T09:47:13","guid":{"rendered":"https:\/\/blogit.gradia.fi\/parasta_osaamista\/?page_id=3481"},"modified":"2021-02-11T13:39:16","modified_gmt":"2021-02-11T11:39:16","slug":"ohje-koulutuksen-jarjestajalle-verkkokoulutuksen-kayttoonottamiseksi","status":"publish","type":"page","link":"https:\/\/blogit.gradia.fi\/parasta_osaamista\/ohje-koulutuksen-jarjestajalle-verkkokoulutuksen-kayttoonottamiseksi\/","title":{"rendered":"Ohje koulutuksen j\u00e4rjest\u00e4j\u00e4lle verkkokoulutuksen k\u00e4ytt\u00f6\u00f6nottamiseksi"},"content":{"rendered":"\n<p><a href=\"https:\/\/ohjaan.fi\/tyoelamassa-oppimisen-ohjaaminen-verkkokoulutus\/ohje-koulutuksen-jarjestajalle-verkkokoulutuksen-kayttoonottamiseksi\/\" target=\"_blank\" rel=\"noreferrer noopener\">Ohjaan.fi<\/a><\/p>\n\n\n\n<p>Ty\u00f6el\u00e4m\u00e4ss\u00e4  oppimisen ohjaaminen -verkkokoulutus ty\u00f6paikkaohjaajille on  valtakunnallinen koulutusmalli, jonka ammatillinen oppilaitos voi ottaa  k\u00e4ytt\u00f6\u00f6n.&nbsp; Koulutuksen tavoitteena on ty\u00f6paikkaohjaajan perehdytt\u00e4minen ty\u00f6el\u00e4m\u00e4ss\u00e4 oppimisen suunnitteluun, toteutukseen ja osaamisen arviointiin. T\u00e4st\u00e4 l\u00f6yd\u00e4t ohjeen, kuinka ottaa verkkokoulutus k\u00e4ytt\u00f6\u00f6n omassa koulutusorganisaatiossasi. <\/p>\n\n\n\n<h3 class=\"wp-block-heading\"><strong><a href=\"https:\/\/ohjaan.fi\/wp-content\/uploads\/2020\/12\/Ohje-verkkokoulutuksen-jarjestamisesta.pdf\">Ohjeet koulutuksen j\u00e4rjest\u00e4j\u00e4lle verkkokoulutuksen k\u00e4ytt\u00f6\u00f6nottamiseksi<\/a>:<\/strong><\/h3>\n\n\n\n<p><strong>Osallistujam\u00e4\u00e4r\u00e4&nbsp;<\/strong><\/p>\n\n\n\n<ul class=\"wp-block-list\"><li>Verkkokoulutukseen suositellaan osallistujam\u00e4\u00e4r\u00e4ksi 8-15 henkil\u00f6\u00e4<\/li><\/ul>\n\n\n\n<p><strong>Resurssiarvio koulutuksen j\u00e4rjest\u00e4j\u00e4lle&nbsp;<\/strong><\/p>\n\n\n\n<ul class=\"wp-block-list\"><li>Koulutuksen k\u00e4ytt\u00f6\u00f6notto ja tekninen yll\u00e4pito 4h&nbsp;<\/li><li>Koulutuksen toteutus 8h (per kurssi)&nbsp;\n<ul><li>Kouluttaja&nbsp;\n<ul><li>Verkkokeskustelujen valmistelu ja toteutus<\/li><li>Palautteen antaminen&nbsp;<\/li><\/ul>\n<\/li><\/ul>\n<\/li><li>&nbsp;Koulutuksen hallinnointi 2h (per kurssi)\n<ul><li>Koulutuksen vastuuhenkil\u00f6 (voi olla kouluttaja tai joku muu henkil\u00f6)\n<ul><li>Tiedottaminen ja markkinointi&nbsp;<\/li><li>Palautteiden seuranta&nbsp;<\/li><\/ul>\n<\/li><li>Assistentti 5h (per kurssi)\n<ul><li>Opiskelijahankinta (ilmoittautuminen)&nbsp;<\/li><li>Palautteen ker\u00e4\u00e4minen<\/li><li>osallistumistodistukset<\/li><\/ul>\n<\/li><\/ul>\n<\/li><\/ul>\n\n\n\n<p><strong>Oppimisymp\u00e4rist\u00f6&nbsp;<\/strong><\/p>\n\n\n\n<ul class=\"wp-block-list\"><li>Koulutuksen sis\u00e4ll\u00f6n tulee noudattaa yhteist\u00e4 valtakunnallista suunnitelmaa\u00a0<\/li><li>Koulutuksen j\u00e4rjest\u00e4j\u00e4 voi halutessaan lis\u00e4t\u00e4 omia osioitaan, mutta ei voi muuttaa valmiiksi suunniteltuja osioita\u00a0<\/li><li>Koulutuksen j\u00e4rjest\u00e4j\u00e4 voi perustaa verkkokoulutuksen omaan oppimisymp\u00e4rist\u00f6\u00f6ns\u00e4 (esim. Moodle, Optima), josta linkit verkkokoulutuksen materiaaleihin Ohjaan.fi -sivulle<\/li><li>Koulutuksen  j\u00e4rjest\u00e4j\u00e4 voi my\u00f6s k\u00e4ytt\u00e4\u00e4 koulutuksen j\u00e4rjest\u00e4miseen Ohjaan.fi sivun  verkkokoulutusta, ja j\u00e4rjest\u00e4\u00e4 verkkotapaamiset haluamassaan  ymp\u00e4rist\u00f6ss\u00e4 (esim. Skype, Zoom tai Teams). N\u00e4in ollen erillist\u00e4  oppimisymp\u00e4rist\u00f6\u00e4 ei tarvita.<\/li><li>Verkkokoulutuksen aloitussivun linkki l\u00f6ytyy <a href=\"https:\/\/ohjaan.fi\/tyoelamassa-oppimisen-ohjaaminen-verkkokoulutus\/\">t\u00e4st\u00e4<\/a>, sek\u00e4 t\u00e4m\u00e4n sivun alareunasta<br> <\/li><\/ul>\n\n\n\n<p><strong>Kurssista tiedottaminen&nbsp;<\/strong><\/p>\n\n\n\n<p>Linkki: <a href=\"https:\/\/ohjaan.fi\/wp-content\/uploads\/2020\/12\/Ohje-verkkokoulutuksen-jarjestamisesta.pdf\">Tiedote<\/a> koulutuksen j\u00e4rjest\u00e4j\u00e4lle\u00a0<\/p>\n\n\n\n<p>Linkki: <a href=\"https:\/\/ohjaan.fi\/wp-content\/uploads\/2020\/12\/Ohje-verkkokoulutuksen-jarjestamisesta.pdf\">Tiedote<\/a> ty\u00f6nantajille\u00a0<\/p>\n\n\n\n<p><strong>Osallistumistodistus&nbsp;<\/strong><\/p>\n\n\n\n<ul class=\"wp-block-list\"><li>Kaikki koulutuksen j\u00e4rjest\u00e4j\u00e4t k\u00e4ytt\u00e4v\u00e4t samaa osallistumistodistusta<\/li><li>Linkki: <a href=\"https:\/\/ohjaan.fi\/wp-content\/uploads\/2020\/12\/Ohje-verkkokoulutuksen-jarjestamisesta.pdf\">Osallistumistodistus <\/a>(vaihtuu v. 2020 hankerahoituksen p\u00e4\u00e4ttyess\u00e4)<\/li><li>Koulutuksen j\u00e4rjest\u00e4j\u00e4 voi lis\u00e4t\u00e4 todistukseen oman logon\u00a0<\/li><\/ul>\n\n\n\n<p><strong>Verkkokoulutuksen kesto<\/strong><\/p>\n\n\n\n<ul class=\"wp-block-list\"><li>Koulutuksen j\u00e4rjest\u00e4j\u00e4 m\u00e4\u00e4rittelee verkkokoulutuksen keston (suositus esim. 1 kk)<\/li><li>Ty\u00f6paikkaohjaajan tulee varata verkkokoulutukseen osallistumiseksi aikaa n. 8h&nbsp; <ul><li>Aineistoon perehtyminen ja itseopiskelu 3h<\/li><li>Itsearviointitesti 10min&nbsp;<\/li><li>Valmistautuminen verkkokeskusteluun 2x1h<\/li><li>Osio 2 verkkokeskustelu 1,5h&nbsp;<\/li><li>Osio 3 verkkokeskustelu 1,5h&nbsp; <\/li><\/ul><\/li><\/ul>\n\n\n\n<p> Verkkokoulutuksen aloitussivu:  <a href=\"https:\/\/ohjaan.fi\/tyoelamassa-oppimisen-ohjaaminen-verkkokoulutus\/\">Tervetuloa Ty\u00f6el\u00e4m\u00e4ss\u00e4 oppimisen ohjaaminen -verkkokoulutukseen! <\/a><\/p>\n\n\n\n<div class=\"wp-block-image\"><figure class=\"alignright is-resized\"><img loading=\"lazy\" decoding=\"async\" src=\"https:\/\/ohjaan.fi\/wp-content\/uploads\/2019\/04\/PO-logo-300x291.jpg\" alt=\"\" class=\"wp-image-3324\" width=\"179\" height=\"174\" \/><\/figure><\/div>\n\n\n\n<div class=\"wp-block-image\"><figure class=\"alignleft is-resized\"><img loading=\"lazy\" decoding=\"async\" src=\"https:\/\/ohjaan.fi\/wp-content\/uploads\/2019\/04\/OPH-logo-300x290.png\" alt=\"\" class=\"wp-image-3323\" width=\"176\" height=\"170\" \/><\/figure><\/div>\n\n\n\n<div class=\"wp-block-image\"><figure class=\"aligncenter is-resized\"><img loading=\"lazy\" decoding=\"async\" src=\"https:\/\/ohjaan.fi\/wp-content\/uploads\/2019\/04\/OKM-logo-300x193.jpg\" alt=\"\" class=\"wp-image-3322\" width=\"255\" height=\"164\" \/><\/figure><\/div>\n","protected":false},"excerpt":{"rendered":"<p>Ohjaan.fi Ty\u00f6el\u00e4m\u00e4ss\u00e4 oppimisen ohjaaminen -verkkokoulutus ty\u00f6paikkaohjaajille on valtakunnallinen koulutusmalli, jonka ammatillinen oppilaitos voi ottaa k\u00e4ytt\u00f6\u00f6n.&nbsp; Koulutuksen tavoitteena on ty\u00f6paikkaohjaajan perehdytt\u00e4minen ty\u00f6el\u00e4m\u00e4ss\u00e4 oppimisen suunnitteluun, toteutukseen ja osaamisen arviointiin. T\u00e4st\u00e4 l\u00f6yd\u00e4t ohjeen, kuinka ottaa verkkokoulutus k\u00e4ytt\u00f6\u00f6n&#46;&#46;&#46;<\/p>\n","protected":false},"author":652,"featured_media":0,"parent":0,"menu_order":0,"comment_status":"closed","ping_status":"closed","template":"","meta":{"_uag_custom_page_level_css":"","footnotes":""},"class_list":["post-3481","page","type-page","status-publish","hentry"],"yoast_head":"<!-- This site is optimized with the Yoast SEO plugin v27.4 - https:\/\/yoast.com\/product\/yoast-seo-wordpress\/ -->\n<title>Ohje koulutuksen j\u00e4rjest\u00e4j\u00e4lle verkkokoulutuksen k\u00e4ytt\u00f6\u00f6nottamiseksi - Parasta osaamista<\/title>\n<meta name=\"robots\" content=\"index, follow, max-snippet:-1, max-image-preview:large, max-video-preview:-1\" \/>\n<link rel=\"canonical\" href=\"https:\/\/blogit.gradia.fi\/parasta_osaamista\/ohje-koulutuksen-jarjestajalle-verkkokoulutuksen-kayttoonottamiseksi\/\" \/>\n<meta property=\"og:locale\" content=\"fi_FI\" \/>\n<meta property=\"og:type\" content=\"article\" \/>\n<meta property=\"og:title\" content=\"Ohje koulutuksen j\u00e4rjest\u00e4j\u00e4lle verkkokoulutuksen k\u00e4ytt\u00f6\u00f6nottamiseksi - Parasta osaamista\" \/>\n<meta property=\"og:description\" content=\"Ohjaan.fi Ty\u00f6el\u00e4m\u00e4ss\u00e4 oppimisen ohjaaminen -verkkokoulutus ty\u00f6paikkaohjaajille on valtakunnallinen koulutusmalli, jonka ammatillinen oppilaitos voi ottaa k\u00e4ytt\u00f6\u00f6n.&nbsp; Koulutuksen tavoitteena on ty\u00f6paikkaohjaajan perehdytt\u00e4minen ty\u00f6el\u00e4m\u00e4ss\u00e4 oppimisen suunnitteluun, toteutukseen ja osaamisen arviointiin. T\u00e4st\u00e4 l\u00f6yd\u00e4t ohjeen, kuinka ottaa verkkokoulutus k\u00e4ytt\u00f6\u00f6n&#046;&#046;&#046;\" \/>\n<meta property=\"og:url\" content=\"https:\/\/blogit.gradia.fi\/parasta_osaamista\/ohje-koulutuksen-jarjestajalle-verkkokoulutuksen-kayttoonottamiseksi\/\" \/>\n<meta property=\"og:site_name\" content=\"Parasta osaamista\" \/>\n<meta property=\"article:publisher\" content=\"https:\/\/www.facebook.com\/POsaamista\/\" \/>\n<meta property=\"article:modified_time\" content=\"2021-02-11T11:39:16+00:00\" \/>\n<meta property=\"og:image\" content=\"https:\/\/ohjaan.fi\/wp-content\/uploads\/2019\/04\/PO-logo-300x291.jpg\" \/>\n<meta name=\"twitter:card\" content=\"summary_large_image\" \/>\n<meta name=\"twitter:site\" content=\"@Posaaja_\" \/>\n<meta name=\"twitter:label1\" content=\"Arvioitu lukuaika\" \/>\n\t<meta name=\"twitter:data1\" content=\"2 minuuttia\" \/>\n<script type=\"application\/ld+json\" class=\"yoast-schema-graph\">{\"@context\":\"https:\\\/\\\/schema.org\",\"@graph\":[{\"@type\":\"WebPage\",\"@id\":\"https:\\\/\\\/blogit.gradia.fi\\\/parasta_osaamista\\\/ohje-koulutuksen-jarjestajalle-verkkokoulutuksen-kayttoonottamiseksi\\\/\",\"url\":\"https:\\\/\\\/blogit.gradia.fi\\\/parasta_osaamista\\\/ohje-koulutuksen-jarjestajalle-verkkokoulutuksen-kayttoonottamiseksi\\\/\",\"name\":\"Ohje koulutuksen j\u00e4rjest\u00e4j\u00e4lle verkkokoulutuksen k\u00e4ytt\u00f6\u00f6nottamiseksi - Parasta osaamista\",\"isPartOf\":{\"@id\":\"https:\\\/\\\/blogit.gradia.fi\\\/parasta_osaamista\\\/#website\"},\"primaryImageOfPage\":{\"@id\":\"https:\\\/\\\/blogit.gradia.fi\\\/parasta_osaamista\\\/ohje-koulutuksen-jarjestajalle-verkkokoulutuksen-kayttoonottamiseksi\\\/#primaryimage\"},\"image\":{\"@id\":\"https:\\\/\\\/blogit.gradia.fi\\\/parasta_osaamista\\\/ohje-koulutuksen-jarjestajalle-verkkokoulutuksen-kayttoonottamiseksi\\\/#primaryimage\"},\"thumbnailUrl\":\"https:\\\/\\\/ohjaan.fi\\\/wp-content\\\/uploads\\\/2019\\\/04\\\/PO-logo-300x291.jpg\",\"datePublished\":\"2019-12-17T09:47:13+00:00\",\"dateModified\":\"2021-02-11T11:39:16+00:00\",\"inLanguage\":\"fi\",\"potentialAction\":[{\"@type\":\"ReadAction\",\"target\":[\"https:\\\/\\\/blogit.gradia.fi\\\/parasta_osaamista\\\/ohje-koulutuksen-jarjestajalle-verkkokoulutuksen-kayttoonottamiseksi\\\/\"]}]},{\"@type\":\"ImageObject\",\"inLanguage\":\"fi\",\"@id\":\"https:\\\/\\\/blogit.gradia.fi\\\/parasta_osaamista\\\/ohje-koulutuksen-jarjestajalle-verkkokoulutuksen-kayttoonottamiseksi\\\/#primaryimage\",\"url\":\"https:\\\/\\\/ohjaan.fi\\\/wp-content\\\/uploads\\\/2019\\\/04\\\/PO-logo-300x291.jpg\",\"contentUrl\":\"https:\\\/\\\/ohjaan.fi\\\/wp-content\\\/uploads\\\/2019\\\/04\\\/PO-logo-300x291.jpg\"},{\"@type\":\"WebSite\",\"@id\":\"https:\\\/\\\/blogit.gradia.fi\\\/parasta_osaamista\\\/#website\",\"url\":\"https:\\\/\\\/blogit.gradia.fi\\\/parasta_osaamista\\\/\",\"name\":\"Parasta osaamista\",\"description\":\"Parasta osaamista -verkostohanke\",\"publisher\":{\"@id\":\"https:\\\/\\\/blogit.gradia.fi\\\/parasta_osaamista\\\/#organization\"},\"potentialAction\":[{\"@type\":\"SearchAction\",\"target\":{\"@type\":\"EntryPoint\",\"urlTemplate\":\"https:\\\/\\\/blogit.gradia.fi\\\/parasta_osaamista\\\/?s={search_term_string}\"},\"query-input\":{\"@type\":\"PropertyValueSpecification\",\"valueRequired\":true,\"valueName\":\"search_term_string\"}}],\"inLanguage\":\"fi\"},{\"@type\":\"Organization\",\"@id\":\"https:\\\/\\\/blogit.gradia.fi\\\/parasta_osaamista\\\/#organization\",\"name\":\"Parasta osaamista -verkostohanke\",\"url\":\"https:\\\/\\\/blogit.gradia.fi\\\/parasta_osaamista\\\/\",\"logo\":{\"@type\":\"ImageObject\",\"inLanguage\":\"fi\",\"@id\":\"https:\\\/\\\/blogit.gradia.fi\\\/parasta_osaamista\\\/#\\\/schema\\\/logo\\\/image\\\/\",\"url\":\"https:\\\/\\\/blogit.gradia.fi\\\/parasta_osaamista\\\/wp-content\\\/uploads\\\/sites\\\/20\\\/2018\\\/02\\\/parasta_osaamista_logo.jpg\",\"contentUrl\":\"https:\\\/\\\/blogit.gradia.fi\\\/parasta_osaamista\\\/wp-content\\\/uploads\\\/sites\\\/20\\\/2018\\\/02\\\/parasta_osaamista_logo.jpg\",\"width\":344,\"height\":334,\"caption\":\"Parasta osaamista -verkostohanke\"},\"image\":{\"@id\":\"https:\\\/\\\/blogit.gradia.fi\\\/parasta_osaamista\\\/#\\\/schema\\\/logo\\\/image\\\/\"},\"sameAs\":[\"https:\\\/\\\/www.facebook.com\\\/POsaamista\\\/\",\"https:\\\/\\\/x.com\\\/Posaaja_\",\"https:\\\/\\\/www.instagram.com\\\/parastaosaamista\\\/\",\"https:\\\/\\\/www.youtube.com\\\/channel\\\/UC7hv9jw0R6lS_Fmz5L9TUPw\"]}]}<\/script>\n<!-- \/ Yoast SEO plugin. -->","yoast_head_json":{"title":"Ohje koulutuksen j\u00e4rjest\u00e4j\u00e4lle verkkokoulutuksen k\u00e4ytt\u00f6\u00f6nottamiseksi - Parasta osaamista","robots":{"index":"index","follow":"follow","max-snippet":"max-snippet:-1","max-image-preview":"max-image-preview:large","max-video-preview":"max-video-preview:-1"},"canonical":"https:\/\/blogit.gradia.fi\/parasta_osaamista\/ohje-koulutuksen-jarjestajalle-verkkokoulutuksen-kayttoonottamiseksi\/","og_locale":"fi_FI","og_type":"article","og_title":"Ohje koulutuksen j\u00e4rjest\u00e4j\u00e4lle verkkokoulutuksen k\u00e4ytt\u00f6\u00f6nottamiseksi - Parasta osaamista","og_description":"Ohjaan.fi Ty\u00f6el\u00e4m\u00e4ss\u00e4 oppimisen ohjaaminen -verkkokoulutus ty\u00f6paikkaohjaajille on valtakunnallinen koulutusmalli, jonka ammatillinen oppilaitos voi ottaa k\u00e4ytt\u00f6\u00f6n.&nbsp; Koulutuksen tavoitteena on ty\u00f6paikkaohjaajan perehdytt\u00e4minen ty\u00f6el\u00e4m\u00e4ss\u00e4 oppimisen suunnitteluun, toteutukseen ja osaamisen arviointiin. T\u00e4st\u00e4 l\u00f6yd\u00e4t ohjeen, kuinka ottaa verkkokoulutus k\u00e4ytt\u00f6\u00f6n&#46;&#46;&#46;","og_url":"https:\/\/blogit.gradia.fi\/parasta_osaamista\/ohje-koulutuksen-jarjestajalle-verkkokoulutuksen-kayttoonottamiseksi\/","og_site_name":"Parasta osaamista","article_publisher":"https:\/\/www.facebook.com\/POsaamista\/","article_modified_time":"2021-02-11T11:39:16+00:00","og_image":[{"url":"https:\/\/ohjaan.fi\/wp-content\/uploads\/2019\/04\/PO-logo-300x291.jpg","type":"","width":"","height":""}],"twitter_card":"summary_large_image","twitter_site":"@Posaaja_","twitter_misc":{"Arvioitu lukuaika":"2 minuuttia"},"schema":{"@context":"https:\/\/schema.org","@graph":[{"@type":"WebPage","@id":"https:\/\/blogit.gradia.fi\/parasta_osaamista\/ohje-koulutuksen-jarjestajalle-verkkokoulutuksen-kayttoonottamiseksi\/","url":"https:\/\/blogit.gradia.fi\/parasta_osaamista\/ohje-koulutuksen-jarjestajalle-verkkokoulutuksen-kayttoonottamiseksi\/","name":"Ohje koulutuksen j\u00e4rjest\u00e4j\u00e4lle verkkokoulutuksen k\u00e4ytt\u00f6\u00f6nottamiseksi - Parasta osaamista","isPartOf":{"@id":"https:\/\/blogit.gradia.fi\/parasta_osaamista\/#website"},"primaryImageOfPage":{"@id":"https:\/\/blogit.gradia.fi\/parasta_osaamista\/ohje-koulutuksen-jarjestajalle-verkkokoulutuksen-kayttoonottamiseksi\/#primaryimage"},"image":{"@id":"https:\/\/blogit.gradia.fi\/parasta_osaamista\/ohje-koulutuksen-jarjestajalle-verkkokoulutuksen-kayttoonottamiseksi\/#primaryimage"},"thumbnailUrl":"https:\/\/ohjaan.fi\/wp-content\/uploads\/2019\/04\/PO-logo-300x291.jpg","datePublished":"2019-12-17T09:47:13+00:00","dateModified":"2021-02-11T11:39:16+00:00","inLanguage":"fi","potentialAction":[{"@type":"ReadAction","target":["https:\/\/blogit.gradia.fi\/parasta_osaamista\/ohje-koulutuksen-jarjestajalle-verkkokoulutuksen-kayttoonottamiseksi\/"]}]},{"@type":"ImageObject","inLanguage":"fi","@id":"https:\/\/blogit.gradia.fi\/parasta_osaamista\/ohje-koulutuksen-jarjestajalle-verkkokoulutuksen-kayttoonottamiseksi\/#primaryimage","url":"https:\/\/ohjaan.fi\/wp-content\/uploads\/2019\/04\/PO-logo-300x291.jpg","contentUrl":"https:\/\/ohjaan.fi\/wp-content\/uploads\/2019\/04\/PO-logo-300x291.jpg"},{"@type":"WebSite","@id":"https:\/\/blogit.gradia.fi\/parasta_osaamista\/#website","url":"https:\/\/blogit.gradia.fi\/parasta_osaamista\/","name":"Parasta osaamista","description":"Parasta osaamista -verkostohanke","publisher":{"@id":"https:\/\/blogit.gradia.fi\/parasta_osaamista\/#organization"},"potentialAction":[{"@type":"SearchAction","target":{"@type":"EntryPoint","urlTemplate":"https:\/\/blogit.gradia.fi\/parasta_osaamista\/?s={search_term_string}"},"query-input":{"@type":"PropertyValueSpecification","valueRequired":true,"valueName":"search_term_string"}}],"inLanguage":"fi"},{"@type":"Organization","@id":"https:\/\/blogit.gradia.fi\/parasta_osaamista\/#organization","name":"Parasta osaamista -verkostohanke","url":"https:\/\/blogit.gradia.fi\/parasta_osaamista\/","logo":{"@type":"ImageObject","inLanguage":"fi","@id":"https:\/\/blogit.gradia.fi\/parasta_osaamista\/#\/schema\/logo\/image\/","url":"https:\/\/blogit.gradia.fi\/parasta_osaamista\/wp-content\/uploads\/sites\/20\/2018\/02\/parasta_osaamista_logo.jpg","contentUrl":"https:\/\/blogit.gradia.fi\/parasta_osaamista\/wp-content\/uploads\/sites\/20\/2018\/02\/parasta_osaamista_logo.jpg","width":344,"height":334,"caption":"Parasta osaamista -verkostohanke"},"image":{"@id":"https:\/\/blogit.gradia.fi\/parasta_osaamista\/#\/schema\/logo\/image\/"},"sameAs":["https:\/\/www.facebook.com\/POsaamista\/","https:\/\/x.com\/Posaaja_","https:\/\/www.instagram.com\/parastaosaamista\/","https:\/\/www.youtube.com\/channel\/UC7hv9jw0R6lS_Fmz5L9TUPw"]}]}},"uagb_featured_image_src":{"full":false,"thumbnail":false,"medium":false,"medium_large":false,"large":false,"1536x1536":false,"2048x2048":false,"thumb-small":false,"thumb-standard":false,"thumb-medium":false,"thumb-large":false,"thumb-xlarge":false,"thumb-xxlarge":false},"uagb_author_info":{"display_name":"Rikhard Kiuru","author_link":"https:\/\/blogit.gradia.fi\/parasta_osaamista\/author\/kiururik\/"},"uagb_comment_info":0,"uagb_excerpt":"Ohjaan.fi Ty\u00f6el\u00e4m\u00e4ss\u00e4 oppimisen ohjaaminen -verkkokoulutus ty\u00f6paikkaohjaajille on valtakunnallinen koulutusmalli, jonka ammatillinen oppilaitos voi ottaa k\u00e4ytt\u00f6\u00f6n.&nbsp; Koulutuksen tavoitteena on ty\u00f6paikkaohjaajan perehdytt\u00e4minen ty\u00f6el\u00e4m\u00e4ss\u00e4 oppimisen suunnitteluun, toteutukseen ja osaamisen arviointiin. T\u00e4st\u00e4 l\u00f6yd\u00e4t ohjeen, kuinka ottaa verkkokoulutus k\u00e4ytt\u00f6\u00f6n&#46;&#46;&#46;","_links":{"self":[{"href":"https:\/\/blogit.gradia.fi\/parasta_osaamista\/wp-json\/wp\/v2\/pages\/3481","targetHints":{"allow":["GET"]}}],"collection":[{"href":"https:\/\/blogit.gradia.fi\/parasta_osaamista\/wp-json\/wp\/v2\/pages"}],"about":[{"href":"https:\/\/blogit.gradia.fi\/parasta_osaamista\/wp-json\/wp\/v2\/types\/page"}],"author":[{"embeddable":true,"href":"https:\/\/blogit.gradia.fi\/parasta_osaamista\/wp-json\/wp\/v2\/users\/652"}],"replies":[{"embeddable":true,"href":"https:\/\/blogit.gradia.fi\/parasta_osaamista\/wp-json\/wp\/v2\/comments?post=3481"}],"version-history":[{"count":4,"href":"https:\/\/blogit.gradia.fi\/parasta_osaamista\/wp-json\/wp\/v2\/pages\/3481\/revisions"}],"predecessor-version":[{"id":3692,"href":"https:\/\/blogit.gradia.fi\/parasta_osaamista\/wp-json\/wp\/v2\/pages\/3481\/revisions\/3692"}],"wp:attachment":[{"href":"https:\/\/blogit.gradia.fi\/parasta_osaamista\/wp-json\/wp\/v2\/media?parent=3481"}],"curies":[{"name":"wp","href":"https:\/\/api.w.org\/{rel}","templated":true}]}}