{"id":3472,"date":"2019-12-17T11:41:10","date_gmt":"2019-12-17T09:41:10","guid":{"rendered":"https:\/\/blogit.gradia.fi\/parasta_osaamista\/?page_id=3472"},"modified":"2019-12-18T09:55:12","modified_gmt":"2019-12-18T07:55:12","slug":"tyopaikkaohjaajan-perehdyttaminen","status":"publish","type":"page","link":"https:\/\/blogit.gradia.fi\/parasta_osaamista\/tyopaikkaohjaajan-perehdyttaminen\/","title":{"rendered":"Ty\u00f6paikkaohjaajan perehdytys"},"content":{"rendered":"\n<h2 class=\"wp-block-heading\">Ty\u00f6paikkaohjaaja perehdytt\u00e4j\u00e4n\u00e4 INFO<\/h2>\n\n\n\n<p><strong>Ty\u00f6paikan k\u00e4yt\u00e4nn\u00f6t&nbsp;<\/strong><\/p>\n\n\n\n<ul class=\"wp-block-list\"><li>Opettaja varmistaa, ett\u00e4&nbsp; ty\u00f6paikans\u00e4\u00e4nn\u00f6t ja k\u00e4yt\u00e4nteet on k\u00e4yty \nl\u00e4pi (ty\u00f6aika, ty\u00f6vaatteet, tauot kuuluvat my\u00f6s opiskelijalle, \nmatkapuhelimen k\u00e4ytt\u00f6, poissaoloista ilmoittaminen, tupakointi ym.)<\/li><li>Vaitiolovelvollisuus<\/li><\/ul>\n\n\n\n<p><strong>Ty\u00f6turvallisuus&nbsp;<\/strong><\/p>\n\n\n\n<p>K\u00e4yd\u00e4\u00e4n yhdess\u00e4 l\u00e4pi alakohtaiset riskitekij\u00e4t, jotka huomioitava \nty\u00f6skentelyss\u00e4. Apuna voidaan k\u00e4ytt\u00e4\u00e4 perehdytt\u00e4mislomaketta \nturvallisuusasioihin<\/p>\n\n\n\n<ul class=\"wp-block-list\"><li>Ty\u00f6n vaara- ja haittatekij\u00e4t<\/li><li>Nuorilta kielletyt ja vaaralliset ty\u00f6t<\/li><li>Ty\u00f6turvallisuusohjeet<\/li><li>Ty\u00f6vaatetus ja henkil\u00f6nsuojaimet<\/li><li>Kulkutiet ja liikkuminen \/ h\u00e4t\u00e4poistumistiet<\/li><li>Vaaroista ja vioista ilmoittaminen<\/li><li>Ty\u00f6kyvyn yll\u00e4pito ja ergonomia<\/li><li>Siisteys ja j\u00e4rjestys ja j\u00e4tteiden k\u00e4sittely<\/li><\/ul>\n\n\n\n<p><strong>Ty\u00f6paikkaohjaaja ammatillisen kasvun tukena&nbsp;<\/strong><\/p>\n\n\n\n<ul class=\"wp-block-list\"><li>Auta opiskelijaa asettamaan realistiset tavoitteet<\/li><li>Opeta pala kerrallaan<\/li><li>Kannusta opiskelijaa sitkeyteen<\/li><li>\u00c4l\u00e4 vaadi keskittymist\u00e4 moneen asiaan kerralla<\/li><li>Ohjaa ty\u00f6taidon ydinkohtien tunnistamisessa<\/li><li>Osoita mielek\u00e4s asiayhteys opitun ja uuden asian v\u00e4lille<\/li><li>Kuuntele ja kuule<\/li><li>Esit\u00e4 kysymyksi\u00e4<\/li><li>Ole empaattinen<\/li><li>Anna vastuuta<\/li><li>Hy\u00f6dynn\u00e4 opiskelijan vahvuuksia<\/li><li>Ota opiskelija mukaan ty\u00f6yhteis\u00f6\u00f6n<\/li><li>Anna onnistumisen iloa!<\/li><\/ul>\n","protected":false},"excerpt":{"rendered":"<p>Ty\u00f6paikkaohjaaja perehdytt\u00e4j\u00e4n\u00e4 INFO Ty\u00f6paikan k\u00e4yt\u00e4nn\u00f6t&nbsp; Opettaja varmistaa, ett\u00e4&nbsp; ty\u00f6paikans\u00e4\u00e4nn\u00f6t ja k\u00e4yt\u00e4nteet on k\u00e4yty l\u00e4pi (ty\u00f6aika, ty\u00f6vaatteet, tauot kuuluvat my\u00f6s opiskelijalle, matkapuhelimen k\u00e4ytt\u00f6, poissaoloista ilmoittaminen, tupakointi ym.) Vaitiolovelvollisuus Ty\u00f6turvallisuus&nbsp; K\u00e4yd\u00e4\u00e4n yhdess\u00e4 l\u00e4pi alakohtaiset riskitekij\u00e4t, jotka&#46;&#46;&#46;<\/p>\n","protected":false},"author":652,"featured_media":0,"parent":0,"menu_order":0,"comment_status":"closed","ping_status":"closed","template":"","meta":{"_uag_custom_page_level_css":"","footnotes":""},"class_list":["post-3472","page","type-page","status-publish","hentry"],"yoast_head":"<!-- This site is optimized with the Yoast SEO plugin v27.4 - https:\/\/yoast.com\/product\/yoast-seo-wordpress\/ -->\n<title>Ty\u00f6paikkaohjaajan perehdytys - Parasta osaamista<\/title>\n<meta name=\"robots\" content=\"index, follow, max-snippet:-1, max-image-preview:large, max-video-preview:-1\" \/>\n<link rel=\"canonical\" href=\"https:\/\/blogit.gradia.fi\/parasta_osaamista\/tyopaikkaohjaajan-perehdyttaminen\/\" \/>\n<meta property=\"og:locale\" content=\"fi_FI\" \/>\n<meta property=\"og:type\" content=\"article\" \/>\n<meta property=\"og:title\" content=\"Ty\u00f6paikkaohjaajan perehdytys - Parasta osaamista\" \/>\n<meta property=\"og:description\" content=\"Ty\u00f6paikkaohjaaja perehdytt\u00e4j\u00e4n\u00e4 INFO Ty\u00f6paikan k\u00e4yt\u00e4nn\u00f6t&nbsp; Opettaja varmistaa, ett\u00e4&nbsp; ty\u00f6paikans\u00e4\u00e4nn\u00f6t ja k\u00e4yt\u00e4nteet on k\u00e4yty l\u00e4pi (ty\u00f6aika, ty\u00f6vaatteet, tauot kuuluvat my\u00f6s opiskelijalle, matkapuhelimen k\u00e4ytt\u00f6, poissaoloista ilmoittaminen, tupakointi ym.) Vaitiolovelvollisuus Ty\u00f6turvallisuus&nbsp; K\u00e4yd\u00e4\u00e4n yhdess\u00e4 l\u00e4pi alakohtaiset riskitekij\u00e4t, jotka&#046;&#046;&#046;\" \/>\n<meta property=\"og:url\" content=\"https:\/\/blogit.gradia.fi\/parasta_osaamista\/tyopaikkaohjaajan-perehdyttaminen\/\" \/>\n<meta property=\"og:site_name\" content=\"Parasta osaamista\" \/>\n<meta property=\"article:publisher\" content=\"https:\/\/www.facebook.com\/POsaamista\/\" \/>\n<meta property=\"article:modified_time\" content=\"2019-12-18T07:55:12+00:00\" \/>\n<meta name=\"twitter:card\" content=\"summary_large_image\" \/>\n<meta name=\"twitter:site\" content=\"@Posaaja_\" \/>\n<meta name=\"twitter:label1\" content=\"Arvioitu lukuaika\" \/>\n\t<meta name=\"twitter:data1\" content=\"1 minuutti\" \/>\n<script type=\"application\/ld+json\" class=\"yoast-schema-graph\">{\"@context\":\"https:\\\/\\\/schema.org\",\"@graph\":[{\"@type\":\"WebPage\",\"@id\":\"https:\\\/\\\/blogit.gradia.fi\\\/parasta_osaamista\\\/tyopaikkaohjaajan-perehdyttaminen\\\/\",\"url\":\"https:\\\/\\\/blogit.gradia.fi\\\/parasta_osaamista\\\/tyopaikkaohjaajan-perehdyttaminen\\\/\",\"name\":\"Ty\u00f6paikkaohjaajan perehdytys - Parasta osaamista\",\"isPartOf\":{\"@id\":\"https:\\\/\\\/blogit.gradia.fi\\\/parasta_osaamista\\\/#website\"},\"datePublished\":\"2019-12-17T09:41:10+00:00\",\"dateModified\":\"2019-12-18T07:55:12+00:00\",\"inLanguage\":\"fi\",\"potentialAction\":[{\"@type\":\"ReadAction\",\"target\":[\"https:\\\/\\\/blogit.gradia.fi\\\/parasta_osaamista\\\/tyopaikkaohjaajan-perehdyttaminen\\\/\"]}]},{\"@type\":\"WebSite\",\"@id\":\"https:\\\/\\\/blogit.gradia.fi\\\/parasta_osaamista\\\/#website\",\"url\":\"https:\\\/\\\/blogit.gradia.fi\\\/parasta_osaamista\\\/\",\"name\":\"Parasta osaamista\",\"description\":\"Parasta osaamista -verkostohanke\",\"publisher\":{\"@id\":\"https:\\\/\\\/blogit.gradia.fi\\\/parasta_osaamista\\\/#organization\"},\"potentialAction\":[{\"@type\":\"SearchAction\",\"target\":{\"@type\":\"EntryPoint\",\"urlTemplate\":\"https:\\\/\\\/blogit.gradia.fi\\\/parasta_osaamista\\\/?s={search_term_string}\"},\"query-input\":{\"@type\":\"PropertyValueSpecification\",\"valueRequired\":true,\"valueName\":\"search_term_string\"}}],\"inLanguage\":\"fi\"},{\"@type\":\"Organization\",\"@id\":\"https:\\\/\\\/blogit.gradia.fi\\\/parasta_osaamista\\\/#organization\",\"name\":\"Parasta osaamista -verkostohanke\",\"url\":\"https:\\\/\\\/blogit.gradia.fi\\\/parasta_osaamista\\\/\",\"logo\":{\"@type\":\"ImageObject\",\"inLanguage\":\"fi\",\"@id\":\"https:\\\/\\\/blogit.gradia.fi\\\/parasta_osaamista\\\/#\\\/schema\\\/logo\\\/image\\\/\",\"url\":\"https:\\\/\\\/blogit.gradia.fi\\\/parasta_osaamista\\\/wp-content\\\/uploads\\\/sites\\\/20\\\/2018\\\/02\\\/parasta_osaamista_logo.jpg\",\"contentUrl\":\"https:\\\/\\\/blogit.gradia.fi\\\/parasta_osaamista\\\/wp-content\\\/uploads\\\/sites\\\/20\\\/2018\\\/02\\\/parasta_osaamista_logo.jpg\",\"width\":344,\"height\":334,\"caption\":\"Parasta osaamista -verkostohanke\"},\"image\":{\"@id\":\"https:\\\/\\\/blogit.gradia.fi\\\/parasta_osaamista\\\/#\\\/schema\\\/logo\\\/image\\\/\"},\"sameAs\":[\"https:\\\/\\\/www.facebook.com\\\/POsaamista\\\/\",\"https:\\\/\\\/x.com\\\/Posaaja_\",\"https:\\\/\\\/www.instagram.com\\\/parastaosaamista\\\/\",\"https:\\\/\\\/www.youtube.com\\\/channel\\\/UC7hv9jw0R6lS_Fmz5L9TUPw\"]}]}<\/script>\n<!-- \/ Yoast SEO plugin. -->","yoast_head_json":{"title":"Ty\u00f6paikkaohjaajan perehdytys - Parasta osaamista","robots":{"index":"index","follow":"follow","max-snippet":"max-snippet:-1","max-image-preview":"max-image-preview:large","max-video-preview":"max-video-preview:-1"},"canonical":"https:\/\/blogit.gradia.fi\/parasta_osaamista\/tyopaikkaohjaajan-perehdyttaminen\/","og_locale":"fi_FI","og_type":"article","og_title":"Ty\u00f6paikkaohjaajan perehdytys - Parasta osaamista","og_description":"Ty\u00f6paikkaohjaaja perehdytt\u00e4j\u00e4n\u00e4 INFO Ty\u00f6paikan k\u00e4yt\u00e4nn\u00f6t&nbsp; Opettaja varmistaa, ett\u00e4&nbsp; ty\u00f6paikans\u00e4\u00e4nn\u00f6t ja k\u00e4yt\u00e4nteet on k\u00e4yty l\u00e4pi (ty\u00f6aika, ty\u00f6vaatteet, tauot kuuluvat my\u00f6s opiskelijalle, matkapuhelimen k\u00e4ytt\u00f6, poissaoloista ilmoittaminen, tupakointi ym.) Vaitiolovelvollisuus Ty\u00f6turvallisuus&nbsp; K\u00e4yd\u00e4\u00e4n yhdess\u00e4 l\u00e4pi alakohtaiset riskitekij\u00e4t, jotka&#46;&#46;&#46;","og_url":"https:\/\/blogit.gradia.fi\/parasta_osaamista\/tyopaikkaohjaajan-perehdyttaminen\/","og_site_name":"Parasta osaamista","article_publisher":"https:\/\/www.facebook.com\/POsaamista\/","article_modified_time":"2019-12-18T07:55:12+00:00","twitter_card":"summary_large_image","twitter_site":"@Posaaja_","twitter_misc":{"Arvioitu lukuaika":"1 minuutti"},"schema":{"@context":"https:\/\/schema.org","@graph":[{"@type":"WebPage","@id":"https:\/\/blogit.gradia.fi\/parasta_osaamista\/tyopaikkaohjaajan-perehdyttaminen\/","url":"https:\/\/blogit.gradia.fi\/parasta_osaamista\/tyopaikkaohjaajan-perehdyttaminen\/","name":"Ty\u00f6paikkaohjaajan perehdytys - Parasta osaamista","isPartOf":{"@id":"https:\/\/blogit.gradia.fi\/parasta_osaamista\/#website"},"datePublished":"2019-12-17T09:41:10+00:00","dateModified":"2019-12-18T07:55:12+00:00","inLanguage":"fi","potentialAction":[{"@type":"ReadAction","target":["https:\/\/blogit.gradia.fi\/parasta_osaamista\/tyopaikkaohjaajan-perehdyttaminen\/"]}]},{"@type":"WebSite","@id":"https:\/\/blogit.gradia.fi\/parasta_osaamista\/#website","url":"https:\/\/blogit.gradia.fi\/parasta_osaamista\/","name":"Parasta osaamista","description":"Parasta osaamista -verkostohanke","publisher":{"@id":"https:\/\/blogit.gradia.fi\/parasta_osaamista\/#organization"},"potentialAction":[{"@type":"SearchAction","target":{"@type":"EntryPoint","urlTemplate":"https:\/\/blogit.gradia.fi\/parasta_osaamista\/?s={search_term_string}"},"query-input":{"@type":"PropertyValueSpecification","valueRequired":true,"valueName":"search_term_string"}}],"inLanguage":"fi"},{"@type":"Organization","@id":"https:\/\/blogit.gradia.fi\/parasta_osaamista\/#organization","name":"Parasta osaamista -verkostohanke","url":"https:\/\/blogit.gradia.fi\/parasta_osaamista\/","logo":{"@type":"ImageObject","inLanguage":"fi","@id":"https:\/\/blogit.gradia.fi\/parasta_osaamista\/#\/schema\/logo\/image\/","url":"https:\/\/blogit.gradia.fi\/parasta_osaamista\/wp-content\/uploads\/sites\/20\/2018\/02\/parasta_osaamista_logo.jpg","contentUrl":"https:\/\/blogit.gradia.fi\/parasta_osaamista\/wp-content\/uploads\/sites\/20\/2018\/02\/parasta_osaamista_logo.jpg","width":344,"height":334,"caption":"Parasta osaamista -verkostohanke"},"image":{"@id":"https:\/\/blogit.gradia.fi\/parasta_osaamista\/#\/schema\/logo\/image\/"},"sameAs":["https:\/\/www.facebook.com\/POsaamista\/","https:\/\/x.com\/Posaaja_","https:\/\/www.instagram.com\/parastaosaamista\/","https:\/\/www.youtube.com\/channel\/UC7hv9jw0R6lS_Fmz5L9TUPw"]}]}},"uagb_featured_image_src":{"full":false,"thumbnail":false,"medium":false,"medium_large":false,"large":false,"1536x1536":false,"2048x2048":false,"thumb-small":false,"thumb-standard":false,"thumb-medium":false,"thumb-large":false,"thumb-xlarge":false,"thumb-xxlarge":false},"uagb_author_info":{"display_name":"Rikhard Kiuru","author_link":"https:\/\/blogit.gradia.fi\/parasta_osaamista\/author\/kiururik\/"},"uagb_comment_info":0,"uagb_excerpt":"Ty\u00f6paikkaohjaaja perehdytt\u00e4j\u00e4n\u00e4 INFO Ty\u00f6paikan k\u00e4yt\u00e4nn\u00f6t&nbsp; Opettaja varmistaa, ett\u00e4&nbsp; ty\u00f6paikans\u00e4\u00e4nn\u00f6t ja k\u00e4yt\u00e4nteet on k\u00e4yty l\u00e4pi (ty\u00f6aika, ty\u00f6vaatteet, tauot kuuluvat my\u00f6s opiskelijalle, matkapuhelimen k\u00e4ytt\u00f6, poissaoloista ilmoittaminen, tupakointi ym.) Vaitiolovelvollisuus Ty\u00f6turvallisuus&nbsp; K\u00e4yd\u00e4\u00e4n yhdess\u00e4 l\u00e4pi alakohtaiset riskitekij\u00e4t, jotka&#46;&#46;&#46;","_links":{"self":[{"href":"https:\/\/blogit.gradia.fi\/parasta_osaamista\/wp-json\/wp\/v2\/pages\/3472","targetHints":{"allow":["GET"]}}],"collection":[{"href":"https:\/\/blogit.gradia.fi\/parasta_osaamista\/wp-json\/wp\/v2\/pages"}],"about":[{"href":"https:\/\/blogit.gradia.fi\/parasta_osaamista\/wp-json\/wp\/v2\/types\/page"}],"author":[{"embeddable":true,"href":"https:\/\/blogit.gradia.fi\/parasta_osaamista\/wp-json\/wp\/v2\/users\/652"}],"replies":[{"embeddable":true,"href":"https:\/\/blogit.gradia.fi\/parasta_osaamista\/wp-json\/wp\/v2\/comments?post=3472"}],"version-history":[{"count":4,"href":"https:\/\/blogit.gradia.fi\/parasta_osaamista\/wp-json\/wp\/v2\/pages\/3472\/revisions"}],"predecessor-version":[{"id":3492,"href":"https:\/\/blogit.gradia.fi\/parasta_osaamista\/wp-json\/wp\/v2\/pages\/3472\/revisions\/3492"}],"wp:attachment":[{"href":"https:\/\/blogit.gradia.fi\/parasta_osaamista\/wp-json\/wp\/v2\/media?parent=3472"}],"curies":[{"name":"wp","href":"https:\/\/api.w.org\/{rel}","templated":true}]}}