{"id":3367,"date":"2019-11-18T09:43:22","date_gmt":"2019-11-18T07:43:22","guid":{"rendered":"https:\/\/blogit.gradia.fi\/parasta_osaamista\/?page_id=3367"},"modified":"2020-06-15T09:30:19","modified_gmt":"2020-06-15T06:30:19","slug":"det-nya-lararyrket","status":"publish","type":"page","link":"https:\/\/blogit.gradia.fi\/parasta_osaamista\/det-nya-lararyrket\/","title":{"rendered":"DET NYA L\u00c4RARYRKET"},"content":{"rendered":"\n<p><strong>Opettaja <\/strong><strong>kohtaamisosaajana<\/strong><strong> ja <\/strong><strong>merkityksellisyyden<\/strong><strong> <\/strong><strong>avaajana<\/strong><strong> (L\u00e4raren som <\/strong><strong>sakkunnig i<\/strong><strong> att m\u00f6ta m\u00e4nniskor och att f\u00f6rklara betydelser)<\/strong>&nbsp;<\/p>\n\n\n\n<p>Utg\u00e5ende fr\u00e5n den h\u00e4r videon och artikeln \u201dOpettaja kohtaamisosaajana ja merkityksellisyyden avaajana\u201d\u202f(L\u00e4raren som sakkunnig i att m\u00f6ta m\u00e4nniskor och att f\u00f6rklara betydelser) kan du granska och utreda din egen handledningskompetens.&nbsp;&nbsp;<\/p>\n\n\n\n<p>Videon har instruktioner f\u00f6r hur man g\u00f6r en egen rollkarta \u00f6ver handledningen och f\u00f6r delning av den med en kollega.&nbsp;&nbsp;<\/p>\n\n\n\n<p>Efter att ni gemensamt delat rollkartan  ska du bekanta dig med artikeln och fundera \u00f6ver vilka styrkor du har  som handledare och expert p\u00e5 m\u00f6ten, vilket slags kunnande du skulle  vilja ha mer av i din handledning och hur du delar din kompetens i din  egen arbetsorganisation. \u201dEn l\u00e4rorik resa in i handledningsv\u00e4rlden!\u201d&nbsp;<\/p>\n\n\n\n<figure class=\"wp-block-embed-youtube wp-block-embed is-type-video is-provider-youtube wp-embed-aspect-16-9 wp-has-aspect-ratio\"><div class=\"wp-block-embed__wrapper\">\n<div class=\"video-container\"><iframe loading=\"lazy\" title=\"Ohjaajuudesta Kirsti V\u00e4nsk\u00e4\" width=\"500\" height=\"281\" src=\"https:\/\/www.youtube.com\/embed\/QRClUe7ebDE?feature=oembed&#038;wmode=opaque\" frameborder=\"0\" allow=\"accelerometer; autoplay; clipboard-write; encrypted-media; gyroscope; picture-in-picture; web-share\" referrerpolicy=\"strict-origin-when-cross-origin\" allowfullscreen><\/iframe><\/div> \n<\/div><\/figure>\n\n\n\n<p>________________________________________________________________________________<\/p>\n\n\n\n<p><strong>Osaamisperusteinen ammatillinen koulutus opettajan osaamisidentiteetti\u00e4 rakentamassa (<\/strong><strong>Kompetensbaserad<\/strong><strong> <\/strong><strong>yrkesutbildning<\/strong><strong> <\/strong><strong>formar<\/strong><strong> <\/strong><strong>l\u00e4rarens<\/strong><strong> <\/strong><strong>kompetensidentitiet<\/strong><strong>)<\/strong>&nbsp;<\/p>\n\n\n\n<p>I  denna podcast reflekterar Anu Raudasoja \u00f6ver l\u00e4rarens  kompetensidentitet som hela tiden utvecklas enligt kraven i arbetslivet,  utbildningen och samh\u00e4llet. Utg\u00e5ende fr\u00e5n den h\u00e4r podcasten och  artikeln <a href=\"https:\/\/blogit.gradia.fi\/parasta_osaamista\/wp-content\/uploads\/sites\/20\/2020\/06\/028-034_osaamisperusteinen_ammatillinen_koulutus_opettajan_osaamisidentiteettia_rakentamassa.pdf\" target=\"_blank\" rel=\"noreferrer noopener\">\u201dOsaamisperusteinen ammatillinen koulutus opettajan osaamisidentiteetti\u00e4 rakentamassa\u201d<\/a>(Kompetensbaserad  yrkesutbildning formar l\u00e4rarens kompetensidentitiet) kan du fundera  \u00f6ver vad begreppet kompetensidentitet inneb\u00e4r f\u00f6r dig.\u00a0<\/p>\n\n\n\n<figure class=\"wp-block-embed-youtube wp-block-embed is-type-video is-provider-youtube wp-embed-aspect-16-9 wp-has-aspect-ratio\"><div class=\"wp-block-embed__wrapper\">\n<div class=\"video-container\"><iframe loading=\"lazy\" title=\"Osaamisperusteinen ammatillinen koulutus opettajan osaamisidentiteetti\u00e4 rakentamassa\" width=\"500\" height=\"281\" src=\"https:\/\/www.youtube.com\/embed\/FUetNntfjhM?feature=oembed&#038;wmode=opaque\" frameborder=\"0\" allow=\"accelerometer; autoplay; clipboard-write; encrypted-media; gyroscope; picture-in-picture; web-share\" referrerpolicy=\"strict-origin-when-cross-origin\" allowfullscreen><\/iframe><\/div> \n<\/div><\/figure>\n\n\n\n<p> ________________________________________________________________________________ <\/p>\n\n\n\n<p><strong>Opetus-\n ja ohjaushenkil\u00f6st\u00f6n osallisuus ammatillisen koulutuksen muutoksessa \n(Den undervisande och handledande personalens deltagande i den \nreformerade yrkesutbildningen)<\/strong>&nbsp;<\/p>\n\n\n\n<p>I artikeln <a href=\"https:\/\/blogit.gradia.fi\/parasta_osaamista\/wp-content\/uploads\/sites\/20\/2020\/06\/035-041_opetus-_ja_ohjaushenkiloston_osallisuus_ammatillisen_koulutuksen_muutoksessa.pdf\" target=\"_blank\" rel=\"noreferrer noopener\">\u201dOpetus- ja ohjaushenkil\u00f6st\u00f6n osallisuus ammatillisen koulutuksen muutoksessa\u201d<\/a>(Den undervisande och handledande personalens deltagande i den reformerade yrkesutbildningen)\u202fgranskas l\u00e4rarens roll i f\u00f6r\u00e4ndringen ur yrkesidentitetens, det kontinuerliga  l\u00e4randets, deltagandets och akt\u00f6rrollens synvinkel. L\u00e4rarens deltagande  \u00e4r \u00e4ven mer ing\u00e5ende f\u00f6rknippat med sex f\u00f6r\u00e4ndringsf\u00f6rlopp i  f\u00f6r\u00e4ndringen av arbetslivet som lyfts upp i debatten om det f\u00f6r\u00e4ndrade  arbetslivet, och dessa har presenterats i artikeln.\u00a0\u00a0\u00a0\u00a0<\/p>\n\n\n\n<p>Ni kan dra nytta av de teman som tas upp i artikeln f\u00f6r att utveckla den personliga och arbetsgemenskapens verksamhet.&nbsp;&nbsp; B\u00f6rja med en personlig reflektion och samla sedan en grupp i den egna arbetsgemenskapen d\u00e4r ni kan fundera \u00f6ver deltagandet p\u00e5 l\u00e4ronstaltniv\u00e5n.&nbsp;<\/p>\n\n\n\n<p>Fundera  \u00f6ver hur du upplever att din egen yrkesidentitet har f\u00f6r\u00e4ndrats? Vilka  behov av kunnande har den reformerade yrkesutbildningen f\u00f6rt med sig?  Hur fr\u00e4mjas deltagande, akt\u00f6rsrollen och kontinuerligt l\u00e4rande i er arbetsgemenskap?&nbsp;<\/p>\n\n\n\n<figure class=\"wp-block-embed-youtube wp-block-embed is-type-video is-provider-youtube wp-embed-aspect-16-9 wp-has-aspect-ratio\"><div class=\"wp-block-embed__wrapper\">\n<div class=\"video-container\"><iframe loading=\"lazy\" title=\"Parasta osaamista -julkaisu\" width=\"500\" height=\"281\" src=\"https:\/\/www.youtube.com\/embed\/ixaMlD58F0Q?feature=oembed&#038;wmode=opaque\" frameborder=\"0\" allow=\"accelerometer; autoplay; clipboard-write; encrypted-media; gyroscope; picture-in-picture; web-share\" referrerpolicy=\"strict-origin-when-cross-origin\" allowfullscreen><\/iframe><\/div>\n<\/div><\/figure>\n","protected":false},"excerpt":{"rendered":"<p>Opettaja kohtaamisosaajana ja merkityksellisyyden avaajana (L\u00e4raren som sakkunnig i att m\u00f6ta m\u00e4nniskor och att f\u00f6rklara betydelser)&nbsp; Utg\u00e5ende fr\u00e5n den h\u00e4r videon och artikeln \u201dOpettaja kohtaamisosaajana ja merkityksellisyyden avaajana\u201d\u202f(L\u00e4raren som sakkunnig i att m\u00f6ta m\u00e4nniskor&#46;&#46;&#46;<\/p>\n","protected":false},"author":652,"featured_media":0,"parent":0,"menu_order":0,"comment_status":"closed","ping_status":"closed","template":"","meta":{"_uag_custom_page_level_css":"","footnotes":""},"class_list":["post-3367","page","type-page","status-publish","hentry"],"yoast_head":"<!-- This site is optimized with the Yoast SEO plugin v27.4 - https:\/\/yoast.com\/product\/yoast-seo-wordpress\/ -->\n<title>DET NYA L\u00c4RARYRKET - Parasta osaamista<\/title>\n<meta name=\"robots\" content=\"index, follow, max-snippet:-1, max-image-preview:large, max-video-preview:-1\" \/>\n<link rel=\"canonical\" href=\"https:\/\/blogit.gradia.fi\/parasta_osaamista\/det-nya-lararyrket\/\" \/>\n<meta property=\"og:locale\" content=\"fi_FI\" \/>\n<meta property=\"og:type\" content=\"article\" \/>\n<meta property=\"og:title\" content=\"DET NYA L\u00c4RARYRKET - Parasta osaamista\" \/>\n<meta property=\"og:description\" content=\"Opettaja kohtaamisosaajana ja merkityksellisyyden avaajana (L\u00e4raren som sakkunnig i att m\u00f6ta m\u00e4nniskor och att f\u00f6rklara betydelser)&nbsp; Utg\u00e5ende fr\u00e5n den h\u00e4r videon och artikeln \u201dOpettaja kohtaamisosaajana ja merkityksellisyyden avaajana\u201d\u202f(L\u00e4raren som sakkunnig i att m\u00f6ta m\u00e4nniskor&#046;&#046;&#046;\" \/>\n<meta property=\"og:url\" content=\"https:\/\/blogit.gradia.fi\/parasta_osaamista\/det-nya-lararyrket\/\" \/>\n<meta property=\"og:site_name\" content=\"Parasta osaamista\" \/>\n<meta property=\"article:publisher\" content=\"https:\/\/www.facebook.com\/POsaamista\/\" \/>\n<meta property=\"article:modified_time\" content=\"2020-06-15T06:30:19+00:00\" \/>\n<meta name=\"twitter:card\" content=\"summary_large_image\" \/>\n<meta name=\"twitter:site\" content=\"@Posaaja_\" \/>\n<meta name=\"twitter:label1\" content=\"Arvioitu lukuaika\" \/>\n\t<meta name=\"twitter:data1\" content=\"2 minuuttia\" \/>\n<script type=\"application\/ld+json\" class=\"yoast-schema-graph\">{\"@context\":\"https:\\\/\\\/schema.org\",\"@graph\":[{\"@type\":\"WebPage\",\"@id\":\"https:\\\/\\\/blogit.gradia.fi\\\/parasta_osaamista\\\/det-nya-lararyrket\\\/\",\"url\":\"https:\\\/\\\/blogit.gradia.fi\\\/parasta_osaamista\\\/det-nya-lararyrket\\\/\",\"name\":\"DET NYA L\u00c4RARYRKET - Parasta osaamista\",\"isPartOf\":{\"@id\":\"https:\\\/\\\/blogit.gradia.fi\\\/parasta_osaamista\\\/#website\"},\"datePublished\":\"2019-11-18T07:43:22+00:00\",\"dateModified\":\"2020-06-15T06:30:19+00:00\",\"inLanguage\":\"fi\",\"potentialAction\":[{\"@type\":\"ReadAction\",\"target\":[\"https:\\\/\\\/blogit.gradia.fi\\\/parasta_osaamista\\\/det-nya-lararyrket\\\/\"]}]},{\"@type\":\"WebSite\",\"@id\":\"https:\\\/\\\/blogit.gradia.fi\\\/parasta_osaamista\\\/#website\",\"url\":\"https:\\\/\\\/blogit.gradia.fi\\\/parasta_osaamista\\\/\",\"name\":\"Parasta osaamista\",\"description\":\"Parasta osaamista -verkostohanke\",\"publisher\":{\"@id\":\"https:\\\/\\\/blogit.gradia.fi\\\/parasta_osaamista\\\/#organization\"},\"potentialAction\":[{\"@type\":\"SearchAction\",\"target\":{\"@type\":\"EntryPoint\",\"urlTemplate\":\"https:\\\/\\\/blogit.gradia.fi\\\/parasta_osaamista\\\/?s={search_term_string}\"},\"query-input\":{\"@type\":\"PropertyValueSpecification\",\"valueRequired\":true,\"valueName\":\"search_term_string\"}}],\"inLanguage\":\"fi\"},{\"@type\":\"Organization\",\"@id\":\"https:\\\/\\\/blogit.gradia.fi\\\/parasta_osaamista\\\/#organization\",\"name\":\"Parasta osaamista -verkostohanke\",\"url\":\"https:\\\/\\\/blogit.gradia.fi\\\/parasta_osaamista\\\/\",\"logo\":{\"@type\":\"ImageObject\",\"inLanguage\":\"fi\",\"@id\":\"https:\\\/\\\/blogit.gradia.fi\\\/parasta_osaamista\\\/#\\\/schema\\\/logo\\\/image\\\/\",\"url\":\"https:\\\/\\\/blogit.gradia.fi\\\/parasta_osaamista\\\/wp-content\\\/uploads\\\/sites\\\/20\\\/2018\\\/02\\\/parasta_osaamista_logo.jpg\",\"contentUrl\":\"https:\\\/\\\/blogit.gradia.fi\\\/parasta_osaamista\\\/wp-content\\\/uploads\\\/sites\\\/20\\\/2018\\\/02\\\/parasta_osaamista_logo.jpg\",\"width\":344,\"height\":334,\"caption\":\"Parasta osaamista -verkostohanke\"},\"image\":{\"@id\":\"https:\\\/\\\/blogit.gradia.fi\\\/parasta_osaamista\\\/#\\\/schema\\\/logo\\\/image\\\/\"},\"sameAs\":[\"https:\\\/\\\/www.facebook.com\\\/POsaamista\\\/\",\"https:\\\/\\\/x.com\\\/Posaaja_\",\"https:\\\/\\\/www.instagram.com\\\/parastaosaamista\\\/\",\"https:\\\/\\\/www.youtube.com\\\/channel\\\/UC7hv9jw0R6lS_Fmz5L9TUPw\"]}]}<\/script>\n<!-- \/ Yoast SEO plugin. -->","yoast_head_json":{"title":"DET NYA L\u00c4RARYRKET - Parasta osaamista","robots":{"index":"index","follow":"follow","max-snippet":"max-snippet:-1","max-image-preview":"max-image-preview:large","max-video-preview":"max-video-preview:-1"},"canonical":"https:\/\/blogit.gradia.fi\/parasta_osaamista\/det-nya-lararyrket\/","og_locale":"fi_FI","og_type":"article","og_title":"DET NYA L\u00c4RARYRKET - Parasta osaamista","og_description":"Opettaja kohtaamisosaajana ja merkityksellisyyden avaajana (L\u00e4raren som sakkunnig i att m\u00f6ta m\u00e4nniskor och att f\u00f6rklara betydelser)&nbsp; Utg\u00e5ende fr\u00e5n den h\u00e4r videon och artikeln \u201dOpettaja kohtaamisosaajana ja merkityksellisyyden avaajana\u201d\u202f(L\u00e4raren som sakkunnig i att m\u00f6ta m\u00e4nniskor&#46;&#46;&#46;","og_url":"https:\/\/blogit.gradia.fi\/parasta_osaamista\/det-nya-lararyrket\/","og_site_name":"Parasta osaamista","article_publisher":"https:\/\/www.facebook.com\/POsaamista\/","article_modified_time":"2020-06-15T06:30:19+00:00","twitter_card":"summary_large_image","twitter_site":"@Posaaja_","twitter_misc":{"Arvioitu lukuaika":"2 minuuttia"},"schema":{"@context":"https:\/\/schema.org","@graph":[{"@type":"WebPage","@id":"https:\/\/blogit.gradia.fi\/parasta_osaamista\/det-nya-lararyrket\/","url":"https:\/\/blogit.gradia.fi\/parasta_osaamista\/det-nya-lararyrket\/","name":"DET NYA L\u00c4RARYRKET - Parasta osaamista","isPartOf":{"@id":"https:\/\/blogit.gradia.fi\/parasta_osaamista\/#website"},"datePublished":"2019-11-18T07:43:22+00:00","dateModified":"2020-06-15T06:30:19+00:00","inLanguage":"fi","potentialAction":[{"@type":"ReadAction","target":["https:\/\/blogit.gradia.fi\/parasta_osaamista\/det-nya-lararyrket\/"]}]},{"@type":"WebSite","@id":"https:\/\/blogit.gradia.fi\/parasta_osaamista\/#website","url":"https:\/\/blogit.gradia.fi\/parasta_osaamista\/","name":"Parasta osaamista","description":"Parasta osaamista -verkostohanke","publisher":{"@id":"https:\/\/blogit.gradia.fi\/parasta_osaamista\/#organization"},"potentialAction":[{"@type":"SearchAction","target":{"@type":"EntryPoint","urlTemplate":"https:\/\/blogit.gradia.fi\/parasta_osaamista\/?s={search_term_string}"},"query-input":{"@type":"PropertyValueSpecification","valueRequired":true,"valueName":"search_term_string"}}],"inLanguage":"fi"},{"@type":"Organization","@id":"https:\/\/blogit.gradia.fi\/parasta_osaamista\/#organization","name":"Parasta osaamista -verkostohanke","url":"https:\/\/blogit.gradia.fi\/parasta_osaamista\/","logo":{"@type":"ImageObject","inLanguage":"fi","@id":"https:\/\/blogit.gradia.fi\/parasta_osaamista\/#\/schema\/logo\/image\/","url":"https:\/\/blogit.gradia.fi\/parasta_osaamista\/wp-content\/uploads\/sites\/20\/2018\/02\/parasta_osaamista_logo.jpg","contentUrl":"https:\/\/blogit.gradia.fi\/parasta_osaamista\/wp-content\/uploads\/sites\/20\/2018\/02\/parasta_osaamista_logo.jpg","width":344,"height":334,"caption":"Parasta osaamista -verkostohanke"},"image":{"@id":"https:\/\/blogit.gradia.fi\/parasta_osaamista\/#\/schema\/logo\/image\/"},"sameAs":["https:\/\/www.facebook.com\/POsaamista\/","https:\/\/x.com\/Posaaja_","https:\/\/www.instagram.com\/parastaosaamista\/","https:\/\/www.youtube.com\/channel\/UC7hv9jw0R6lS_Fmz5L9TUPw"]}]}},"uagb_featured_image_src":{"full":false,"thumbnail":false,"medium":false,"medium_large":false,"large":false,"1536x1536":false,"2048x2048":false,"thumb-small":false,"thumb-standard":false,"thumb-medium":false,"thumb-large":false,"thumb-xlarge":false,"thumb-xxlarge":false},"uagb_author_info":{"display_name":"Rikhard Kiuru","author_link":"https:\/\/blogit.gradia.fi\/parasta_osaamista\/author\/kiururik\/"},"uagb_comment_info":0,"uagb_excerpt":"Opettaja kohtaamisosaajana ja merkityksellisyyden avaajana (L\u00e4raren som sakkunnig i att m\u00f6ta m\u00e4nniskor och att f\u00f6rklara betydelser)&nbsp; Utg\u00e5ende fr\u00e5n den h\u00e4r videon och artikeln \u201dOpettaja kohtaamisosaajana ja merkityksellisyyden avaajana\u201d\u202f(L\u00e4raren som sakkunnig i att m\u00f6ta m\u00e4nniskor&#46;&#46;&#46;","_links":{"self":[{"href":"https:\/\/blogit.gradia.fi\/parasta_osaamista\/wp-json\/wp\/v2\/pages\/3367","targetHints":{"allow":["GET"]}}],"collection":[{"href":"https:\/\/blogit.gradia.fi\/parasta_osaamista\/wp-json\/wp\/v2\/pages"}],"about":[{"href":"https:\/\/blogit.gradia.fi\/parasta_osaamista\/wp-json\/wp\/v2\/types\/page"}],"author":[{"embeddable":true,"href":"https:\/\/blogit.gradia.fi\/parasta_osaamista\/wp-json\/wp\/v2\/users\/652"}],"replies":[{"embeddable":true,"href":"https:\/\/blogit.gradia.fi\/parasta_osaamista\/wp-json\/wp\/v2\/comments?post=3367"}],"version-history":[{"count":5,"href":"https:\/\/blogit.gradia.fi\/parasta_osaamista\/wp-json\/wp\/v2\/pages\/3367\/revisions"}],"predecessor-version":[{"id":3630,"href":"https:\/\/blogit.gradia.fi\/parasta_osaamista\/wp-json\/wp\/v2\/pages\/3367\/revisions\/3630"}],"wp:attachment":[{"href":"https:\/\/blogit.gradia.fi\/parasta_osaamista\/wp-json\/wp\/v2\/media?parent=3367"}],"curies":[{"name":"wp","href":"https:\/\/api.w.org\/{rel}","templated":true}]}}