{"id":3361,"date":"2019-11-18T09:33:20","date_gmt":"2019-11-18T07:33:20","guid":{"rendered":"https:\/\/blogit.gradia.fi\/parasta_osaamista\/?page_id=3361"},"modified":"2019-11-18T09:56:04","modified_gmt":"2019-11-18T07:56:04","slug":"engagerade-foregangare-2","status":"publish","type":"page","link":"https:\/\/blogit.gradia.fi\/parasta_osaamista\/engagerade-foregangare-2\/","title":{"rendered":"Engagerade f\u00f6reg\u00e5ngare"},"content":{"rendered":"\n<div class=\"wp-block-image\"><figure class=\"alignright is-resized\"><img loading=\"lazy\" decoding=\"async\" src=\"https:\/\/blogit.gradia.fi\/parasta_osaamista\/wp-content\/uploads\/sites\/20\/2019\/11\/image.png\" alt=\"\" class=\"wp-image-3362\" width=\"313\" height=\"336\" srcset=\"https:\/\/blogit.gradia.fi\/parasta_osaamista\/wp-content\/uploads\/sites\/20\/2019\/11\/image.png 478w, https:\/\/blogit.gradia.fi\/parasta_osaamista\/wp-content\/uploads\/sites\/20\/2019\/11\/image-280x300.png 280w\" sizes=\"auto, (max-width: 313px) 100vw, 313px\" \/><\/figure><\/div>\n\n\n\n<p>Hur ser man i forskningen p\u00e5 det f\u00f6rnyade l\u00e4raryrket och den kompetensbaserade yrkesutbildningen?&nbsp;<\/p>\n\n\n\n<p>Vilka m\u00f6jligheter ser sakkunniga inom yrkesutbildningen att det finns i yrkesutbildningsreformen?&nbsp;<\/p>\n\n\n\n<p>I n\u00e4tverksprojektet B\u00e4sta kunnande har man p\u00e5 finska publicerat artikelpublikationen <a href=\"https:\/\/blogit.gradia.fi\/parasta_osaamista\/toimintamallit-ja-materiaalit\/innokkaasti-edellakavijana-artikkelikirja\/\" target=\"_blank\" rel=\"noreferrer noopener\">Innokkaasti edell\u00e4k\u00e4vij\u00e4n\u00e4<\/a> och ett urval artiklar p\u00e5 svenska med rubriken <a href=\"https:\/\/blogit.gradia.fi\/parasta_osaamista\/engagerade-foregangare\/\" target=\"_blank\" rel=\"noreferrer noopener\">Engagerade f\u00f6reg\u00e5ngare<\/a>. I publikationen har svar p\u00e5 dessa fr\u00e5gor sammanst\u00e4llts.&nbsp;<\/p>\n\n\n\n<p><strong>Detta webbmaterial har tv\u00e5 <\/strong><strong>delavsnitt:<\/strong>&nbsp;<\/p>\n\n\n\n<ul class=\"wp-block-list\"><li><a rel=\"noreferrer noopener\" aria-label=\"Det nya l\u00e4raryrket\u00a0\u2028 (avautuu uudessa v\u00e4lilehdess\u00e4)\" href=\"https:\/\/blogit.gradia.fi\/parasta_osaamista\/det-nya-lararyrket\/\" target=\"_blank\">Det nya l\u00e4raryrket\u00a0<\/a><\/li><li><a href=\"https:\/\/blogit.gradia.fi\/parasta_osaamista\/kompetensbaserad-yrkesutbildning\/\" target=\"_blank\" rel=\"noreferrer noopener\" aria-label=\"Kompetensbaserad yrkesutbildning\u00a0 (avautuu uudessa v\u00e4lilehdess\u00e4)\">Kompetensbaserad yrkesutbildning\u00a0<\/a><\/li><\/ul>\n\n\n\n<p>Via l\u00e4nkarna nedan kan du ta del av och f\u00f6rdjupa dig i inneh\u00e5ll och uppgifter som ing\u00e5r i delavsnitten.&nbsp;&nbsp;<\/p>\n\n\n\n<p>Du\n kan arbeta ensam eller samla en l\u00e4mpligt stor grupp med personer som \u00e4r\n intresserade av \u00e4mnet och tillsammans kan ni bekanta er med inneh\u00e5llet.&nbsp;<\/p>\n\n\n\n<p>Ni kommer ig\u00e5ng genom att klicka p\u00e5 n\u00e5got tema som intresserar er. Sedan kan ni s\u00e4tta er in webbmaterial och uppgifter.&nbsp;<\/p>\n\n\n\n<p>Givande studiestunder f\u00f6r alla som \u00e4r intresserade av yrkesutbildning!&nbsp;<\/p>\n","protected":false},"excerpt":{"rendered":"<p>Hur ser man i forskningen p\u00e5 det f\u00f6rnyade l\u00e4raryrket och den kompetensbaserade yrkesutbildningen?&nbsp; Vilka m\u00f6jligheter ser sakkunniga inom yrkesutbildningen att det finns i yrkesutbildningsreformen?&nbsp; I n\u00e4tverksprojektet B\u00e4sta kunnande har man p\u00e5 finska publicerat artikelpublikationen&#46;&#46;&#46;<\/p>\n","protected":false},"author":652,"featured_media":0,"parent":0,"menu_order":0,"comment_status":"closed","ping_status":"closed","template":"","meta":{"_uag_custom_page_level_css":"","footnotes":""},"class_list":["post-3361","page","type-page","status-publish","hentry"],"yoast_head":"<!-- This site is optimized with the Yoast SEO plugin v27.4 - https:\/\/yoast.com\/product\/yoast-seo-wordpress\/ -->\n<title>Engagerade f\u00f6reg\u00e5ngare - Parasta osaamista<\/title>\n<meta name=\"robots\" content=\"index, follow, max-snippet:-1, max-image-preview:large, max-video-preview:-1\" \/>\n<link rel=\"canonical\" href=\"https:\/\/blogit.gradia.fi\/parasta_osaamista\/engagerade-foregangare-2\/\" \/>\n<meta property=\"og:locale\" content=\"fi_FI\" \/>\n<meta property=\"og:type\" content=\"article\" \/>\n<meta property=\"og:title\" content=\"Engagerade f\u00f6reg\u00e5ngare - Parasta osaamista\" \/>\n<meta property=\"og:description\" content=\"Hur ser man i forskningen p\u00e5 det f\u00f6rnyade l\u00e4raryrket och den kompetensbaserade yrkesutbildningen?&nbsp; Vilka m\u00f6jligheter ser sakkunniga inom yrkesutbildningen att det finns i yrkesutbildningsreformen?&nbsp; I n\u00e4tverksprojektet B\u00e4sta kunnande har man p\u00e5 finska publicerat artikelpublikationen&#046;&#046;&#046;\" \/>\n<meta property=\"og:url\" content=\"https:\/\/blogit.gradia.fi\/parasta_osaamista\/engagerade-foregangare-2\/\" \/>\n<meta property=\"og:site_name\" content=\"Parasta osaamista\" \/>\n<meta property=\"article:publisher\" content=\"https:\/\/www.facebook.com\/POsaamista\/\" \/>\n<meta property=\"article:modified_time\" content=\"2019-11-18T07:56:04+00:00\" \/>\n<meta property=\"og:image\" content=\"https:\/\/blogit.gradia.fi\/parasta_osaamista\/wp-content\/uploads\/sites\/20\/2019\/11\/image.png\" \/>\n\t<meta property=\"og:image:width\" content=\"478\" \/>\n\t<meta property=\"og:image:height\" content=\"513\" \/>\n\t<meta property=\"og:image:type\" content=\"image\/png\" \/>\n<meta name=\"twitter:card\" content=\"summary_large_image\" \/>\n<meta name=\"twitter:site\" content=\"@Posaaja_\" \/>\n<meta name=\"twitter:label1\" content=\"Arvioitu lukuaika\" \/>\n\t<meta name=\"twitter:data1\" content=\"1 minuutti\" \/>\n<script type=\"application\/ld+json\" class=\"yoast-schema-graph\">{\"@context\":\"https:\\\/\\\/schema.org\",\"@graph\":[{\"@type\":\"WebPage\",\"@id\":\"https:\\\/\\\/blogit.gradia.fi\\\/parasta_osaamista\\\/engagerade-foregangare-2\\\/\",\"url\":\"https:\\\/\\\/blogit.gradia.fi\\\/parasta_osaamista\\\/engagerade-foregangare-2\\\/\",\"name\":\"Engagerade f\u00f6reg\u00e5ngare - Parasta osaamista\",\"isPartOf\":{\"@id\":\"https:\\\/\\\/blogit.gradia.fi\\\/parasta_osaamista\\\/#website\"},\"primaryImageOfPage\":{\"@id\":\"https:\\\/\\\/blogit.gradia.fi\\\/parasta_osaamista\\\/engagerade-foregangare-2\\\/#primaryimage\"},\"image\":{\"@id\":\"https:\\\/\\\/blogit.gradia.fi\\\/parasta_osaamista\\\/engagerade-foregangare-2\\\/#primaryimage\"},\"thumbnailUrl\":\"https:\\\/\\\/blogit.gradia.fi\\\/parasta_osaamista\\\/wp-content\\\/uploads\\\/sites\\\/20\\\/2019\\\/11\\\/image.png\",\"datePublished\":\"2019-11-18T07:33:20+00:00\",\"dateModified\":\"2019-11-18T07:56:04+00:00\",\"inLanguage\":\"fi\",\"potentialAction\":[{\"@type\":\"ReadAction\",\"target\":[\"https:\\\/\\\/blogit.gradia.fi\\\/parasta_osaamista\\\/engagerade-foregangare-2\\\/\"]}]},{\"@type\":\"ImageObject\",\"inLanguage\":\"fi\",\"@id\":\"https:\\\/\\\/blogit.gradia.fi\\\/parasta_osaamista\\\/engagerade-foregangare-2\\\/#primaryimage\",\"url\":\"https:\\\/\\\/blogit.gradia.fi\\\/parasta_osaamista\\\/wp-content\\\/uploads\\\/sites\\\/20\\\/2019\\\/11\\\/image.png\",\"contentUrl\":\"https:\\\/\\\/blogit.gradia.fi\\\/parasta_osaamista\\\/wp-content\\\/uploads\\\/sites\\\/20\\\/2019\\\/11\\\/image.png\",\"width\":478,\"height\":513},{\"@type\":\"WebSite\",\"@id\":\"https:\\\/\\\/blogit.gradia.fi\\\/parasta_osaamista\\\/#website\",\"url\":\"https:\\\/\\\/blogit.gradia.fi\\\/parasta_osaamista\\\/\",\"name\":\"Parasta osaamista\",\"description\":\"Parasta osaamista -verkostohanke\",\"publisher\":{\"@id\":\"https:\\\/\\\/blogit.gradia.fi\\\/parasta_osaamista\\\/#organization\"},\"potentialAction\":[{\"@type\":\"SearchAction\",\"target\":{\"@type\":\"EntryPoint\",\"urlTemplate\":\"https:\\\/\\\/blogit.gradia.fi\\\/parasta_osaamista\\\/?s={search_term_string}\"},\"query-input\":{\"@type\":\"PropertyValueSpecification\",\"valueRequired\":true,\"valueName\":\"search_term_string\"}}],\"inLanguage\":\"fi\"},{\"@type\":\"Organization\",\"@id\":\"https:\\\/\\\/blogit.gradia.fi\\\/parasta_osaamista\\\/#organization\",\"name\":\"Parasta osaamista -verkostohanke\",\"url\":\"https:\\\/\\\/blogit.gradia.fi\\\/parasta_osaamista\\\/\",\"logo\":{\"@type\":\"ImageObject\",\"inLanguage\":\"fi\",\"@id\":\"https:\\\/\\\/blogit.gradia.fi\\\/parasta_osaamista\\\/#\\\/schema\\\/logo\\\/image\\\/\",\"url\":\"https:\\\/\\\/blogit.gradia.fi\\\/parasta_osaamista\\\/wp-content\\\/uploads\\\/sites\\\/20\\\/2018\\\/02\\\/parasta_osaamista_logo.jpg\",\"contentUrl\":\"https:\\\/\\\/blogit.gradia.fi\\\/parasta_osaamista\\\/wp-content\\\/uploads\\\/sites\\\/20\\\/2018\\\/02\\\/parasta_osaamista_logo.jpg\",\"width\":344,\"height\":334,\"caption\":\"Parasta osaamista -verkostohanke\"},\"image\":{\"@id\":\"https:\\\/\\\/blogit.gradia.fi\\\/parasta_osaamista\\\/#\\\/schema\\\/logo\\\/image\\\/\"},\"sameAs\":[\"https:\\\/\\\/www.facebook.com\\\/POsaamista\\\/\",\"https:\\\/\\\/x.com\\\/Posaaja_\",\"https:\\\/\\\/www.instagram.com\\\/parastaosaamista\\\/\",\"https:\\\/\\\/www.youtube.com\\\/channel\\\/UC7hv9jw0R6lS_Fmz5L9TUPw\"]}]}<\/script>\n<!-- \/ Yoast SEO plugin. -->","yoast_head_json":{"title":"Engagerade f\u00f6reg\u00e5ngare - Parasta osaamista","robots":{"index":"index","follow":"follow","max-snippet":"max-snippet:-1","max-image-preview":"max-image-preview:large","max-video-preview":"max-video-preview:-1"},"canonical":"https:\/\/blogit.gradia.fi\/parasta_osaamista\/engagerade-foregangare-2\/","og_locale":"fi_FI","og_type":"article","og_title":"Engagerade f\u00f6reg\u00e5ngare - Parasta osaamista","og_description":"Hur ser man i forskningen p\u00e5 det f\u00f6rnyade l\u00e4raryrket och den kompetensbaserade yrkesutbildningen?&nbsp; Vilka m\u00f6jligheter ser sakkunniga inom yrkesutbildningen att det finns i yrkesutbildningsreformen?&nbsp; I n\u00e4tverksprojektet B\u00e4sta kunnande har man p\u00e5 finska publicerat artikelpublikationen&#46;&#46;&#46;","og_url":"https:\/\/blogit.gradia.fi\/parasta_osaamista\/engagerade-foregangare-2\/","og_site_name":"Parasta osaamista","article_publisher":"https:\/\/www.facebook.com\/POsaamista\/","article_modified_time":"2019-11-18T07:56:04+00:00","og_image":[{"width":478,"height":513,"url":"https:\/\/blogit.gradia.fi\/parasta_osaamista\/wp-content\/uploads\/sites\/20\/2019\/11\/image.png","type":"image\/png"}],"twitter_card":"summary_large_image","twitter_site":"@Posaaja_","twitter_misc":{"Arvioitu lukuaika":"1 minuutti"},"schema":{"@context":"https:\/\/schema.org","@graph":[{"@type":"WebPage","@id":"https:\/\/blogit.gradia.fi\/parasta_osaamista\/engagerade-foregangare-2\/","url":"https:\/\/blogit.gradia.fi\/parasta_osaamista\/engagerade-foregangare-2\/","name":"Engagerade f\u00f6reg\u00e5ngare - Parasta osaamista","isPartOf":{"@id":"https:\/\/blogit.gradia.fi\/parasta_osaamista\/#website"},"primaryImageOfPage":{"@id":"https:\/\/blogit.gradia.fi\/parasta_osaamista\/engagerade-foregangare-2\/#primaryimage"},"image":{"@id":"https:\/\/blogit.gradia.fi\/parasta_osaamista\/engagerade-foregangare-2\/#primaryimage"},"thumbnailUrl":"https:\/\/blogit.gradia.fi\/parasta_osaamista\/wp-content\/uploads\/sites\/20\/2019\/11\/image.png","datePublished":"2019-11-18T07:33:20+00:00","dateModified":"2019-11-18T07:56:04+00:00","inLanguage":"fi","potentialAction":[{"@type":"ReadAction","target":["https:\/\/blogit.gradia.fi\/parasta_osaamista\/engagerade-foregangare-2\/"]}]},{"@type":"ImageObject","inLanguage":"fi","@id":"https:\/\/blogit.gradia.fi\/parasta_osaamista\/engagerade-foregangare-2\/#primaryimage","url":"https:\/\/blogit.gradia.fi\/parasta_osaamista\/wp-content\/uploads\/sites\/20\/2019\/11\/image.png","contentUrl":"https:\/\/blogit.gradia.fi\/parasta_osaamista\/wp-content\/uploads\/sites\/20\/2019\/11\/image.png","width":478,"height":513},{"@type":"WebSite","@id":"https:\/\/blogit.gradia.fi\/parasta_osaamista\/#website","url":"https:\/\/blogit.gradia.fi\/parasta_osaamista\/","name":"Parasta osaamista","description":"Parasta osaamista -verkostohanke","publisher":{"@id":"https:\/\/blogit.gradia.fi\/parasta_osaamista\/#organization"},"potentialAction":[{"@type":"SearchAction","target":{"@type":"EntryPoint","urlTemplate":"https:\/\/blogit.gradia.fi\/parasta_osaamista\/?s={search_term_string}"},"query-input":{"@type":"PropertyValueSpecification","valueRequired":true,"valueName":"search_term_string"}}],"inLanguage":"fi"},{"@type":"Organization","@id":"https:\/\/blogit.gradia.fi\/parasta_osaamista\/#organization","name":"Parasta osaamista -verkostohanke","url":"https:\/\/blogit.gradia.fi\/parasta_osaamista\/","logo":{"@type":"ImageObject","inLanguage":"fi","@id":"https:\/\/blogit.gradia.fi\/parasta_osaamista\/#\/schema\/logo\/image\/","url":"https:\/\/blogit.gradia.fi\/parasta_osaamista\/wp-content\/uploads\/sites\/20\/2018\/02\/parasta_osaamista_logo.jpg","contentUrl":"https:\/\/blogit.gradia.fi\/parasta_osaamista\/wp-content\/uploads\/sites\/20\/2018\/02\/parasta_osaamista_logo.jpg","width":344,"height":334,"caption":"Parasta osaamista -verkostohanke"},"image":{"@id":"https:\/\/blogit.gradia.fi\/parasta_osaamista\/#\/schema\/logo\/image\/"},"sameAs":["https:\/\/www.facebook.com\/POsaamista\/","https:\/\/x.com\/Posaaja_","https:\/\/www.instagram.com\/parastaosaamista\/","https:\/\/www.youtube.com\/channel\/UC7hv9jw0R6lS_Fmz5L9TUPw"]}]}},"uagb_featured_image_src":{"full":false,"thumbnail":false,"medium":false,"medium_large":false,"large":false,"1536x1536":false,"2048x2048":false,"thumb-small":false,"thumb-standard":false,"thumb-medium":false,"thumb-large":false,"thumb-xlarge":false,"thumb-xxlarge":false},"uagb_author_info":{"display_name":"Rikhard Kiuru","author_link":"https:\/\/blogit.gradia.fi\/parasta_osaamista\/author\/kiururik\/"},"uagb_comment_info":0,"uagb_excerpt":"Hur ser man i forskningen p\u00e5 det f\u00f6rnyade l\u00e4raryrket och den kompetensbaserade yrkesutbildningen?&nbsp; Vilka m\u00f6jligheter ser sakkunniga inom yrkesutbildningen att det finns i yrkesutbildningsreformen?&nbsp; I n\u00e4tverksprojektet B\u00e4sta kunnande har man p\u00e5 finska publicerat artikelpublikationen&#46;&#46;&#46;","_links":{"self":[{"href":"https:\/\/blogit.gradia.fi\/parasta_osaamista\/wp-json\/wp\/v2\/pages\/3361","targetHints":{"allow":["GET"]}}],"collection":[{"href":"https:\/\/blogit.gradia.fi\/parasta_osaamista\/wp-json\/wp\/v2\/pages"}],"about":[{"href":"https:\/\/blogit.gradia.fi\/parasta_osaamista\/wp-json\/wp\/v2\/types\/page"}],"author":[{"embeddable":true,"href":"https:\/\/blogit.gradia.fi\/parasta_osaamista\/wp-json\/wp\/v2\/users\/652"}],"replies":[{"embeddable":true,"href":"https:\/\/blogit.gradia.fi\/parasta_osaamista\/wp-json\/wp\/v2\/comments?post=3361"}],"version-history":[{"count":3,"href":"https:\/\/blogit.gradia.fi\/parasta_osaamista\/wp-json\/wp\/v2\/pages\/3361\/revisions"}],"predecessor-version":[{"id":3386,"href":"https:\/\/blogit.gradia.fi\/parasta_osaamista\/wp-json\/wp\/v2\/pages\/3361\/revisions\/3386"}],"wp:attachment":[{"href":"https:\/\/blogit.gradia.fi\/parasta_osaamista\/wp-json\/wp\/v2\/media?parent=3361"}],"curies":[{"name":"wp","href":"https:\/\/api.w.org\/{rel}","templated":true}]}}