{"id":3290,"date":"2019-10-29T15:20:21","date_gmt":"2019-10-29T13:20:21","guid":{"rendered":"https:\/\/blogit.gradia.fi\/parasta_osaamista\/?page_id=3290"},"modified":"2020-06-15T09:36:04","modified_gmt":"2020-06-15T06:36:04","slug":"osaamisperusteinen-ammatillinen-koulutus","status":"publish","type":"page","link":"https:\/\/blogit.gradia.fi\/parasta_osaamista\/osaamisperusteinen-ammatillinen-koulutus\/","title":{"rendered":"Osaamisperusteinen ammatillinen koulutus"},"content":{"rendered":"\n<p><strong>Erityisen tuen j\u00e4rjest\u00e4minen ja opettajien osaamistarpeet ammatillisessa koulutuksessa<\/strong><\/p>\n\n\n\n<p>T\u00e4ss\u00e4 Podcastissa Anu Raudasoja ja Minna Sepp\u00e4l\u00e4 keskustelevat ammatillisen koulutuksen erityisen tuen j\u00e4rjest\u00e4misest\u00e4 ja opettajien osaamistarpeista.  Keskustelu pohjautuu Parasta osaamista verkostohankkeessa tehtyyn opetus- ja ohjaushenkil\u00f6st\u00f6lle suunnatun kyselyn tuottamiin tuloksiin ja sen pohjalta laadittuun artikkeliin <a href=\"https:\/\/blogit.gradia.fi\/parasta_osaamista\/wp-content\/uploads\/sites\/20\/2020\/06\/080-089_erityisen_tuen_jarjestaminen_ja_opettajien_osaamistarpeet_ammatillisessa_koulutuksessa.pdf\" target=\"_blank\" rel=\"noreferrer noopener\">\u201dErityisen tuen j\u00e4rjest\u00e4minen ja opettajien osaamistarpeet ammatillisessa koulutuksessa\u201d. <\/a> Mit\u00e4 ajatuksia podcast ja artikkeli her\u00e4tt\u00e4v\u00e4t?<\/p>\n\n\n\n<figure class=\"wp-block-embed-youtube wp-block-embed is-type-video is-provider-youtube wp-embed-aspect-16-9 wp-has-aspect-ratio\"><div class=\"wp-block-embed__wrapper\">\n<div class=\"video-container\"><iframe loading=\"lazy\" title=\"Erityisen tuen j\u00e4rjest\u00e4minen ja opettajien osaamistarpeet ammatillisessa koulutuksessa\" width=\"500\" height=\"281\" src=\"https:\/\/www.youtube.com\/embed\/a6aet7_LUpc?feature=oembed&#038;wmode=opaque\" frameborder=\"0\" allow=\"accelerometer; autoplay; clipboard-write; encrypted-media; gyroscope; picture-in-picture; web-share\" referrerpolicy=\"strict-origin-when-cross-origin\" allowfullscreen><\/iframe><\/div>\n<\/div><figcaption><br> <em>Olen Minna Sepp\u00e4l\u00e4 ja ty\u00f6skentelen Tampereen ammattikorkeakoulun Ammatillisessa opettajakorkeakoulussa lehtorina ja projektip\u00e4\u00e4llikk\u00f6n\u00e4. P\u00e4\u00e4osa ty\u00f6st\u00e4ni koostuu pedagogisista t\u00e4ydennyskoulutuksista sek\u00e4 kehitt\u00e4mishankkeista. Toimin niiss\u00e4 asiantuntijana sek\u00e4 projektip\u00e4\u00e4llikk\u00f6n\u00e4. Ty\u00f6skentelen my\u00f6s ammatillisessa erityisopettajankoulutuksessa opettajana. Koulutukseltani olen KM, ammatillinen erityisopettaja, opettaja sek\u00e4 ty\u00f6nohjaaja. Lis\u00e4ksi olen opiskellut oppilaitosjohdon JETin. Minulle on t\u00e4rke\u00e4t\u00e4 inklusiivinen pedagogiikka. Siit\u00e4 mielell\u00e4ni puhun ja sit\u00e4 kehit\u00e4n. Parhaillaan tutkin ammatillisen opettajan ja opiskelijoiden kokemuksia inklusiivisesta ammatillisesta koulutuksesta. <br><br> Olen Anu Raudasoja ja toimin HAMK ammatillisella opettajakorkeakoululla koulutusp\u00e4\u00e4llikk\u00f6n\u00e4 ammatillisessa erityisopettajankoulutuksessa ja opinto-ohjaajakoulutuksessa sek\u00e4 HAMK Edussa ammattiosaamisen tutkimusp\u00e4\u00e4llikk\u00f6n\u00e4. Olen koulutukseltani kasvatustieteen tohtori p\u00e4\u00e4aineenani erityispedagogiikka. Lis\u00e4ksi olen ammatillinen opettaja, erityisopettaja ja opinto-ohjaaja. Innostun ammatillisen osaamisen kehitt\u00e4miseen liittyvist\u00e4 asioista esim. osaamisidentiteetist\u00e4, uraohjauksesta, erityisest\u00e4 tuesta ja laadusta. Viime aikoina olen tutkinut ammatillisten opettajien osaamiseen liittyvi\u00e4 asioita sek\u00e4 osaamisidentiteetti\u00e4. <\/em><\/figcaption><\/figure>\n\n\n\n<p>\n________________________________________________________________________________\n\n<\/p>\n\n\n\n<p><strong>Arvioinnin komponentit ammatillisessa koulutuksessa<\/strong><\/p>\n\n\n\n<p>Arviointi voidaan n\u00e4hd\u00e4 koostuvan kolmesta keskeisest\u00e4 komponentista: ohjaavasta arvioinnista, joka yleens\u00e4 toteutuu opiskelijalle oppimisprosessin aikana annettavan palautteen muodossa, opiskelijan itsearvioinnista ja arviointip\u00e4\u00e4t\u00f6ksest\u00e4, joka koskee opiskelijan saavuttamaa osaamista. <\/p>\n\n\n\n<p>Opetushallitus on laatinut ammatilliseen koulutukseen yhdentoista kohdan ohjeistuksen osaamisen arvioinnin toteuttamista varten. Lis\u00e4ksi on julkaistu erilaisia oppaita, joissa seikkaper\u00e4isesti toiminta kuvataan. Ohjaavasta arvioinnista ja itsearvioinnista ei ole olemassa vastaavia valtakunnallisia materiaaleja. <\/p>\n\n\n\n<ul class=\"wp-block-list\"><li>Miten omassa oppilaitoksessasi ohjaavaan arviointiin ja itsearviointiin on kiinnitetty huomiota: onko niit\u00e4 varten     tehty yhteisi\u00e4 linjauksia ja\/tai ohjeistuksia? <\/li><\/ul>\n\n\n\n<ul class=\"wp-block-list\"><li>Miten omassa opetusty\u00f6ss\u00e4si ohjaava arviointi ja opiskelijoiden itsearviointi toteutuvat? <\/li><\/ul>\n\n\n\n<p><a href=\"https:\/\/blogit.gradia.fi\/parasta_osaamista\/wp-content\/uploads\/sites\/20\/2020\/06\/090-100_arvioinnin_komponentit_ammatillisessa_koulutuksessa.pdf\" target=\"_blank\" rel=\"noreferrer noopener\">Linkki artikkeliin<\/a><\/p>\n\n\n\n<figure class=\"wp-block-embed-youtube wp-block-embed is-type-video is-provider-youtube wp-embed-aspect-16-9 wp-has-aspect-ratio\"><div class=\"wp-block-embed__wrapper\">\n<div class=\"video-container\"><iframe loading=\"lazy\" title=\"Arvioinnista Harri Keurulainen\" width=\"500\" height=\"281\" src=\"https:\/\/www.youtube.com\/embed\/_y6FqQHETe0?feature=oembed&#038;wmode=opaque\" frameborder=\"0\" allow=\"accelerometer; autoplay; clipboard-write; encrypted-media; gyroscope; picture-in-picture; web-share\" referrerpolicy=\"strict-origin-when-cross-origin\" allowfullscreen><\/iframe><\/div>\n<\/div><figcaption> <br> <em>Olen Harri Keurulainen ja toimin Jyv\u00e4skyl\u00e4n ammatillisessa opettajakorkeakoulussa yliopettajana. Olen kasvatustieteiden lisensiaatti ja ammatillinen opettaja. Olen kiinnostunut erityisesti oppimisen ja osaamisen arvioinnin kysymyksist\u00e4 niin opillisena kuin k\u00e4yt\u00e4nn\u00f6llisen\u00e4kin asiana. <\/em><\/figcaption><\/figure>\n\n\n\n<p><\/p>\n","protected":false},"excerpt":{"rendered":"<p>Erityisen tuen j\u00e4rjest\u00e4minen ja opettajien osaamistarpeet ammatillisessa koulutuksessa T\u00e4ss\u00e4 Podcastissa Anu Raudasoja ja Minna Sepp\u00e4l\u00e4 keskustelevat ammatillisen koulutuksen erityisen tuen j\u00e4rjest\u00e4misest\u00e4 ja opettajien osaamistarpeista. Keskustelu pohjautuu Parasta osaamista verkostohankkeessa tehtyyn opetus- ja ohjaushenkil\u00f6st\u00f6lle suunnatun&#46;&#46;&#46;<\/p>\n","protected":false},"author":652,"featured_media":0,"parent":0,"menu_order":0,"comment_status":"closed","ping_status":"closed","template":"","meta":{"_uag_custom_page_level_css":"","footnotes":""},"class_list":["post-3290","page","type-page","status-publish","hentry"],"yoast_head":"<!-- This site is optimized with the Yoast SEO plugin v27.4 - https:\/\/yoast.com\/product\/yoast-seo-wordpress\/ -->\n<title>Osaamisperusteinen ammatillinen koulutus - Parasta osaamista<\/title>\n<meta name=\"robots\" content=\"index, follow, max-snippet:-1, max-image-preview:large, max-video-preview:-1\" \/>\n<link rel=\"canonical\" href=\"https:\/\/blogit.gradia.fi\/parasta_osaamista\/osaamisperusteinen-ammatillinen-koulutus\/\" \/>\n<meta property=\"og:locale\" content=\"fi_FI\" \/>\n<meta property=\"og:type\" content=\"article\" \/>\n<meta property=\"og:title\" content=\"Osaamisperusteinen ammatillinen koulutus - Parasta osaamista\" \/>\n<meta property=\"og:description\" content=\"Erityisen tuen j\u00e4rjest\u00e4minen ja opettajien osaamistarpeet ammatillisessa koulutuksessa T\u00e4ss\u00e4 Podcastissa Anu Raudasoja ja Minna Sepp\u00e4l\u00e4 keskustelevat ammatillisen koulutuksen erityisen tuen j\u00e4rjest\u00e4misest\u00e4 ja opettajien osaamistarpeista. Keskustelu pohjautuu Parasta osaamista verkostohankkeessa tehtyyn opetus- ja ohjaushenkil\u00f6st\u00f6lle suunnatun&#046;&#046;&#046;\" \/>\n<meta property=\"og:url\" content=\"https:\/\/blogit.gradia.fi\/parasta_osaamista\/osaamisperusteinen-ammatillinen-koulutus\/\" \/>\n<meta property=\"og:site_name\" content=\"Parasta osaamista\" \/>\n<meta property=\"article:publisher\" content=\"https:\/\/www.facebook.com\/POsaamista\/\" \/>\n<meta property=\"article:modified_time\" content=\"2020-06-15T06:36:04+00:00\" \/>\n<meta name=\"twitter:card\" content=\"summary_large_image\" \/>\n<meta name=\"twitter:site\" content=\"@Posaaja_\" \/>\n<meta name=\"twitter:label1\" content=\"Arvioitu lukuaika\" \/>\n\t<meta name=\"twitter:data1\" content=\"2 minuuttia\" \/>\n<script type=\"application\/ld+json\" class=\"yoast-schema-graph\">{\"@context\":\"https:\\\/\\\/schema.org\",\"@graph\":[{\"@type\":\"WebPage\",\"@id\":\"https:\\\/\\\/blogit.gradia.fi\\\/parasta_osaamista\\\/osaamisperusteinen-ammatillinen-koulutus\\\/\",\"url\":\"https:\\\/\\\/blogit.gradia.fi\\\/parasta_osaamista\\\/osaamisperusteinen-ammatillinen-koulutus\\\/\",\"name\":\"Osaamisperusteinen ammatillinen koulutus - Parasta osaamista\",\"isPartOf\":{\"@id\":\"https:\\\/\\\/blogit.gradia.fi\\\/parasta_osaamista\\\/#website\"},\"datePublished\":\"2019-10-29T13:20:21+00:00\",\"dateModified\":\"2020-06-15T06:36:04+00:00\",\"inLanguage\":\"fi\",\"potentialAction\":[{\"@type\":\"ReadAction\",\"target\":[\"https:\\\/\\\/blogit.gradia.fi\\\/parasta_osaamista\\\/osaamisperusteinen-ammatillinen-koulutus\\\/\"]}]},{\"@type\":\"WebSite\",\"@id\":\"https:\\\/\\\/blogit.gradia.fi\\\/parasta_osaamista\\\/#website\",\"url\":\"https:\\\/\\\/blogit.gradia.fi\\\/parasta_osaamista\\\/\",\"name\":\"Parasta osaamista\",\"description\":\"Parasta osaamista -verkostohanke\",\"publisher\":{\"@id\":\"https:\\\/\\\/blogit.gradia.fi\\\/parasta_osaamista\\\/#organization\"},\"potentialAction\":[{\"@type\":\"SearchAction\",\"target\":{\"@type\":\"EntryPoint\",\"urlTemplate\":\"https:\\\/\\\/blogit.gradia.fi\\\/parasta_osaamista\\\/?s={search_term_string}\"},\"query-input\":{\"@type\":\"PropertyValueSpecification\",\"valueRequired\":true,\"valueName\":\"search_term_string\"}}],\"inLanguage\":\"fi\"},{\"@type\":\"Organization\",\"@id\":\"https:\\\/\\\/blogit.gradia.fi\\\/parasta_osaamista\\\/#organization\",\"name\":\"Parasta osaamista -verkostohanke\",\"url\":\"https:\\\/\\\/blogit.gradia.fi\\\/parasta_osaamista\\\/\",\"logo\":{\"@type\":\"ImageObject\",\"inLanguage\":\"fi\",\"@id\":\"https:\\\/\\\/blogit.gradia.fi\\\/parasta_osaamista\\\/#\\\/schema\\\/logo\\\/image\\\/\",\"url\":\"https:\\\/\\\/blogit.gradia.fi\\\/parasta_osaamista\\\/wp-content\\\/uploads\\\/sites\\\/20\\\/2018\\\/02\\\/parasta_osaamista_logo.jpg\",\"contentUrl\":\"https:\\\/\\\/blogit.gradia.fi\\\/parasta_osaamista\\\/wp-content\\\/uploads\\\/sites\\\/20\\\/2018\\\/02\\\/parasta_osaamista_logo.jpg\",\"width\":344,\"height\":334,\"caption\":\"Parasta osaamista -verkostohanke\"},\"image\":{\"@id\":\"https:\\\/\\\/blogit.gradia.fi\\\/parasta_osaamista\\\/#\\\/schema\\\/logo\\\/image\\\/\"},\"sameAs\":[\"https:\\\/\\\/www.facebook.com\\\/POsaamista\\\/\",\"https:\\\/\\\/x.com\\\/Posaaja_\",\"https:\\\/\\\/www.instagram.com\\\/parastaosaamista\\\/\",\"https:\\\/\\\/www.youtube.com\\\/channel\\\/UC7hv9jw0R6lS_Fmz5L9TUPw\"]}]}<\/script>\n<!-- \/ Yoast SEO plugin. -->","yoast_head_json":{"title":"Osaamisperusteinen ammatillinen koulutus - Parasta osaamista","robots":{"index":"index","follow":"follow","max-snippet":"max-snippet:-1","max-image-preview":"max-image-preview:large","max-video-preview":"max-video-preview:-1"},"canonical":"https:\/\/blogit.gradia.fi\/parasta_osaamista\/osaamisperusteinen-ammatillinen-koulutus\/","og_locale":"fi_FI","og_type":"article","og_title":"Osaamisperusteinen ammatillinen koulutus - Parasta osaamista","og_description":"Erityisen tuen j\u00e4rjest\u00e4minen ja opettajien osaamistarpeet ammatillisessa koulutuksessa T\u00e4ss\u00e4 Podcastissa Anu Raudasoja ja Minna Sepp\u00e4l\u00e4 keskustelevat ammatillisen koulutuksen erityisen tuen j\u00e4rjest\u00e4misest\u00e4 ja opettajien osaamistarpeista. Keskustelu pohjautuu Parasta osaamista verkostohankkeessa tehtyyn opetus- ja ohjaushenkil\u00f6st\u00f6lle suunnatun&#46;&#46;&#46;","og_url":"https:\/\/blogit.gradia.fi\/parasta_osaamista\/osaamisperusteinen-ammatillinen-koulutus\/","og_site_name":"Parasta osaamista","article_publisher":"https:\/\/www.facebook.com\/POsaamista\/","article_modified_time":"2020-06-15T06:36:04+00:00","twitter_card":"summary_large_image","twitter_site":"@Posaaja_","twitter_misc":{"Arvioitu lukuaika":"2 minuuttia"},"schema":{"@context":"https:\/\/schema.org","@graph":[{"@type":"WebPage","@id":"https:\/\/blogit.gradia.fi\/parasta_osaamista\/osaamisperusteinen-ammatillinen-koulutus\/","url":"https:\/\/blogit.gradia.fi\/parasta_osaamista\/osaamisperusteinen-ammatillinen-koulutus\/","name":"Osaamisperusteinen ammatillinen koulutus - Parasta osaamista","isPartOf":{"@id":"https:\/\/blogit.gradia.fi\/parasta_osaamista\/#website"},"datePublished":"2019-10-29T13:20:21+00:00","dateModified":"2020-06-15T06:36:04+00:00","inLanguage":"fi","potentialAction":[{"@type":"ReadAction","target":["https:\/\/blogit.gradia.fi\/parasta_osaamista\/osaamisperusteinen-ammatillinen-koulutus\/"]}]},{"@type":"WebSite","@id":"https:\/\/blogit.gradia.fi\/parasta_osaamista\/#website","url":"https:\/\/blogit.gradia.fi\/parasta_osaamista\/","name":"Parasta osaamista","description":"Parasta osaamista -verkostohanke","publisher":{"@id":"https:\/\/blogit.gradia.fi\/parasta_osaamista\/#organization"},"potentialAction":[{"@type":"SearchAction","target":{"@type":"EntryPoint","urlTemplate":"https:\/\/blogit.gradia.fi\/parasta_osaamista\/?s={search_term_string}"},"query-input":{"@type":"PropertyValueSpecification","valueRequired":true,"valueName":"search_term_string"}}],"inLanguage":"fi"},{"@type":"Organization","@id":"https:\/\/blogit.gradia.fi\/parasta_osaamista\/#organization","name":"Parasta osaamista -verkostohanke","url":"https:\/\/blogit.gradia.fi\/parasta_osaamista\/","logo":{"@type":"ImageObject","inLanguage":"fi","@id":"https:\/\/blogit.gradia.fi\/parasta_osaamista\/#\/schema\/logo\/image\/","url":"https:\/\/blogit.gradia.fi\/parasta_osaamista\/wp-content\/uploads\/sites\/20\/2018\/02\/parasta_osaamista_logo.jpg","contentUrl":"https:\/\/blogit.gradia.fi\/parasta_osaamista\/wp-content\/uploads\/sites\/20\/2018\/02\/parasta_osaamista_logo.jpg","width":344,"height":334,"caption":"Parasta osaamista -verkostohanke"},"image":{"@id":"https:\/\/blogit.gradia.fi\/parasta_osaamista\/#\/schema\/logo\/image\/"},"sameAs":["https:\/\/www.facebook.com\/POsaamista\/","https:\/\/x.com\/Posaaja_","https:\/\/www.instagram.com\/parastaosaamista\/","https:\/\/www.youtube.com\/channel\/UC7hv9jw0R6lS_Fmz5L9TUPw"]}]}},"uagb_featured_image_src":{"full":false,"thumbnail":false,"medium":false,"medium_large":false,"large":false,"1536x1536":false,"2048x2048":false,"thumb-small":false,"thumb-standard":false,"thumb-medium":false,"thumb-large":false,"thumb-xlarge":false,"thumb-xxlarge":false},"uagb_author_info":{"display_name":"Rikhard Kiuru","author_link":"https:\/\/blogit.gradia.fi\/parasta_osaamista\/author\/kiururik\/"},"uagb_comment_info":0,"uagb_excerpt":"Erityisen tuen j\u00e4rjest\u00e4minen ja opettajien osaamistarpeet ammatillisessa koulutuksessa T\u00e4ss\u00e4 Podcastissa Anu Raudasoja ja Minna Sepp\u00e4l\u00e4 keskustelevat ammatillisen koulutuksen erityisen tuen j\u00e4rjest\u00e4misest\u00e4 ja opettajien osaamistarpeista. Keskustelu pohjautuu Parasta osaamista verkostohankkeessa tehtyyn opetus- ja ohjaushenkil\u00f6st\u00f6lle suunnatun&#46;&#46;&#46;","_links":{"self":[{"href":"https:\/\/blogit.gradia.fi\/parasta_osaamista\/wp-json\/wp\/v2\/pages\/3290","targetHints":{"allow":["GET"]}}],"collection":[{"href":"https:\/\/blogit.gradia.fi\/parasta_osaamista\/wp-json\/wp\/v2\/pages"}],"about":[{"href":"https:\/\/blogit.gradia.fi\/parasta_osaamista\/wp-json\/wp\/v2\/types\/page"}],"author":[{"embeddable":true,"href":"https:\/\/blogit.gradia.fi\/parasta_osaamista\/wp-json\/wp\/v2\/users\/652"}],"replies":[{"embeddable":true,"href":"https:\/\/blogit.gradia.fi\/parasta_osaamista\/wp-json\/wp\/v2\/comments?post=3290"}],"version-history":[{"count":8,"href":"https:\/\/blogit.gradia.fi\/parasta_osaamista\/wp-json\/wp\/v2\/pages\/3290\/revisions"}],"predecessor-version":[{"id":3635,"href":"https:\/\/blogit.gradia.fi\/parasta_osaamista\/wp-json\/wp\/v2\/pages\/3290\/revisions\/3635"}],"wp:attachment":[{"href":"https:\/\/blogit.gradia.fi\/parasta_osaamista\/wp-json\/wp\/v2\/media?parent=3290"}],"curies":[{"name":"wp","href":"https:\/\/api.w.org\/{rel}","templated":true}]}}