{"id":3281,"date":"2019-10-29T15:05:09","date_gmt":"2019-10-29T13:05:09","guid":{"rendered":"https:\/\/blogit.gradia.fi\/parasta_osaamista\/?page_id=3281"},"modified":"2019-11-18T08:50:04","modified_gmt":"2019-11-18T06:50:04","slug":"3281-2","status":"publish","type":"page","link":"https:\/\/blogit.gradia.fi\/parasta_osaamista\/toimintamallit-ja-materiaalit\/3281-2\/","title":{"rendered":"Innokkaasti edell\u00e4k\u00e4vij\u00e4n\u00e4"},"content":{"rendered":"\n<div class=\"wp-block-image\"><figure class=\"alignright is-resized\"><img loading=\"lazy\" decoding=\"async\" src=\"https:\/\/blogit.gradia.fi\/parasta_osaamista\/wp-content\/uploads\/sites\/20\/2019\/11\/kansi-278x300.jpg\" alt=\"\" class=\"wp-image-3322\" width=\"320\" height=\"345\" \/><\/figure><\/div>\n\n\n\n<p>Millaista on uudistuva\nopettajuus ja osaamisperusteinen ammatillinen koulutus tutkimusten valossa? <\/p>\n\n\n\n<p>Mit\u00e4 mahdollisuuksia\nammatillisen koulutuksen asiantuntijat n\u00e4kev\u00e4t ammatillisen koulutuksen\nuudistuksessa? <\/p>\n\n\n\n<p>Parasta osaamista -verkostohankkeessa on julkaistu <a href=\"https:\/\/blogit.gradia.fi\/parasta_osaamista\/toimintamallit-ja-materiaalit\/innokkaasti-edellakavijana-artikkelikirja\/\" target=\"_blank\" rel=\"noreferrer noopener\" aria-label=\"Innokkaasti edell\u00e4k\u00e4vij\u00e4n\u00e4 -artikkelijulkaisu (avautuu uudessa v\u00e4lilehdess\u00e4)\">Innokkaasti edell\u00e4k\u00e4vij\u00e4n\u00e4 -artikkelijulkaisu<\/a>, jossa on koottu yhteen vastauksia n\u00e4ihin kysymyksiin. <\/p>\n\n\n\n<p><strong>T\u00e4m\u00e4 verkkomateriaali sis\u00e4lt\u00e4\u00e4 kaksi osiota: <\/strong><\/p>\n\n\n\n<ul class=\"wp-block-list\"><li><a rel=\"noreferrer noopener\" aria-label=\"Uudistuva opettajuus  (avautuu uudessa v\u00e4lilehdess\u00e4)\" href=\"https:\/\/blogit.gradia.fi\/parasta_osaamista\/toimintamallit-ja-materiaalit\/3281-2\/uudistuva-opettajuus\/\" target=\"_blank\">Uudistuva opettajuus <\/a><\/li><li><a href=\"https:\/\/blogit.gradia.fi\/parasta_osaamista\/osaamisperusteinen-ammatillinen-koulutus\/\" target=\"_blank\" rel=\"noreferrer noopener\" aria-label=\"Osaamisperusteinen ammatillinen koulutus  (avautuu uudessa v\u00e4lilehdess\u00e4)\">Osaamisperusteinen ammatillinen koulutus <\/a><\/li><\/ul>\n\n\n\n<p>Alla olevista linkeist\u00e4\np\u00e4\u00e4set perehtym\u00e4\u00e4n ja syventym\u00e4\u00e4n osioiden sis\u00e4lt\u00f6ihin sek\u00e4 teht\u00e4v\u00e4ksiantoihin.\n<\/p>\n\n\n\n<p>Voit ty\u00f6skennell\u00e4 yksin tai\nker\u00e4t\u00e4 sopivan kokoisen, aiheesta innostuneen ryhm\u00e4n, ja tutustua yhdess\u00e4 sis\u00e4lt\u00f6\u00f6n.\n<\/p>\n\n\n\n<p>P\u00e4\u00e4sette alkuun, kun\nklikkaatte auki jonkin teit\u00e4 kiinnostavan teeman. Sen j\u00e4lkeen perehtyk\u00e4\u00e4\nverkkomateriaaleihin ja teht\u00e4v\u00e4ksiantoon. <\/p>\n\n\n\n<p>Antoisaa oppimismatkaa\nkaikille ammatillisesta koulutuksesta kiinnostuneille!<\/p>\n","protected":false},"excerpt":{"rendered":"<p>Millaista on uudistuva opettajuus ja osaamisperusteinen ammatillinen koulutus tutkimusten valossa? Mit\u00e4 mahdollisuuksia ammatillisen koulutuksen asiantuntijat n\u00e4kev\u00e4t ammatillisen koulutuksen uudistuksessa? Parasta osaamista -verkostohankkeessa on julkaistu Innokkaasti edell\u00e4k\u00e4vij\u00e4n\u00e4 -artikkelijulkaisu, jossa on koottu yhteen vastauksia n\u00e4ihin kysymyksiin.&#46;&#46;&#46;<\/p>\n","protected":false},"author":652,"featured_media":0,"parent":70,"menu_order":0,"comment_status":"closed","ping_status":"closed","template":"","meta":{"_uag_custom_page_level_css":"","footnotes":""},"class_list":["post-3281","page","type-page","status-publish","hentry"],"yoast_head":"<!-- This site is optimized with the Yoast SEO plugin v27.4 - https:\/\/yoast.com\/product\/yoast-seo-wordpress\/ -->\n<title>Innokkaasti edell\u00e4k\u00e4vij\u00e4n\u00e4 - Parasta osaamista<\/title>\n<meta name=\"robots\" content=\"index, follow, max-snippet:-1, max-image-preview:large, max-video-preview:-1\" \/>\n<link rel=\"canonical\" href=\"https:\/\/blogit.gradia.fi\/parasta_osaamista\/toimintamallit-ja-materiaalit\/3281-2\/\" \/>\n<meta property=\"og:locale\" content=\"fi_FI\" \/>\n<meta property=\"og:type\" content=\"article\" \/>\n<meta property=\"og:title\" content=\"Innokkaasti edell\u00e4k\u00e4vij\u00e4n\u00e4 - Parasta osaamista\" \/>\n<meta property=\"og:description\" content=\"Millaista on uudistuva opettajuus ja osaamisperusteinen ammatillinen koulutus tutkimusten valossa? Mit\u00e4 mahdollisuuksia ammatillisen koulutuksen asiantuntijat n\u00e4kev\u00e4t ammatillisen koulutuksen uudistuksessa? Parasta osaamista -verkostohankkeessa on julkaistu Innokkaasti edell\u00e4k\u00e4vij\u00e4n\u00e4 -artikkelijulkaisu, jossa on koottu yhteen vastauksia n\u00e4ihin kysymyksiin.&#046;&#046;&#046;\" \/>\n<meta property=\"og:url\" content=\"https:\/\/blogit.gradia.fi\/parasta_osaamista\/toimintamallit-ja-materiaalit\/3281-2\/\" \/>\n<meta property=\"og:site_name\" content=\"Parasta osaamista\" \/>\n<meta property=\"article:publisher\" content=\"https:\/\/www.facebook.com\/POsaamista\/\" \/>\n<meta property=\"article:modified_time\" content=\"2019-11-18T06:50:04+00:00\" \/>\n<meta property=\"og:image\" content=\"https:\/\/blogit.gradia.fi\/parasta_osaamista\/wp-content\/uploads\/sites\/20\/2019\/11\/kansi-278x300.jpg\" \/>\n\t<meta property=\"og:image:width\" content=\"278\" \/>\n\t<meta property=\"og:image:height\" content=\"300\" \/>\n\t<meta property=\"og:image:type\" content=\"image\/jpeg\" \/>\n<meta name=\"twitter:card\" content=\"summary_large_image\" \/>\n<meta name=\"twitter:site\" content=\"@Posaaja_\" \/>\n<meta name=\"twitter:label1\" content=\"Arvioitu lukuaika\" \/>\n\t<meta name=\"twitter:data1\" content=\"1 minuutti\" \/>\n<script type=\"application\/ld+json\" class=\"yoast-schema-graph\">{\"@context\":\"https:\\\/\\\/schema.org\",\"@graph\":[{\"@type\":\"WebPage\",\"@id\":\"https:\\\/\\\/blogit.gradia.fi\\\/parasta_osaamista\\\/toimintamallit-ja-materiaalit\\\/3281-2\\\/\",\"url\":\"https:\\\/\\\/blogit.gradia.fi\\\/parasta_osaamista\\\/toimintamallit-ja-materiaalit\\\/3281-2\\\/\",\"name\":\"Innokkaasti edell\u00e4k\u00e4vij\u00e4n\u00e4 - Parasta osaamista\",\"isPartOf\":{\"@id\":\"https:\\\/\\\/blogit.gradia.fi\\\/parasta_osaamista\\\/#website\"},\"primaryImageOfPage\":{\"@id\":\"https:\\\/\\\/blogit.gradia.fi\\\/parasta_osaamista\\\/toimintamallit-ja-materiaalit\\\/3281-2\\\/#primaryimage\"},\"image\":{\"@id\":\"https:\\\/\\\/blogit.gradia.fi\\\/parasta_osaamista\\\/toimintamallit-ja-materiaalit\\\/3281-2\\\/#primaryimage\"},\"thumbnailUrl\":\"https:\\\/\\\/blogit.gradia.fi\\\/parasta_osaamista\\\/wp-content\\\/uploads\\\/sites\\\/20\\\/2019\\\/11\\\/kansi-278x300.jpg\",\"datePublished\":\"2019-10-29T13:05:09+00:00\",\"dateModified\":\"2019-11-18T06:50:04+00:00\",\"breadcrumb\":{\"@id\":\"https:\\\/\\\/blogit.gradia.fi\\\/parasta_osaamista\\\/toimintamallit-ja-materiaalit\\\/3281-2\\\/#breadcrumb\"},\"inLanguage\":\"fi\",\"potentialAction\":[{\"@type\":\"ReadAction\",\"target\":[\"https:\\\/\\\/blogit.gradia.fi\\\/parasta_osaamista\\\/toimintamallit-ja-materiaalit\\\/3281-2\\\/\"]}]},{\"@type\":\"ImageObject\",\"inLanguage\":\"fi\",\"@id\":\"https:\\\/\\\/blogit.gradia.fi\\\/parasta_osaamista\\\/toimintamallit-ja-materiaalit\\\/3281-2\\\/#primaryimage\",\"url\":\"https:\\\/\\\/blogit.gradia.fi\\\/parasta_osaamista\\\/wp-content\\\/uploads\\\/sites\\\/20\\\/2019\\\/11\\\/kansi-278x300.jpg\",\"contentUrl\":\"https:\\\/\\\/blogit.gradia.fi\\\/parasta_osaamista\\\/wp-content\\\/uploads\\\/sites\\\/20\\\/2019\\\/11\\\/kansi-278x300.jpg\",\"width\":278,\"height\":300},{\"@type\":\"BreadcrumbList\",\"@id\":\"https:\\\/\\\/blogit.gradia.fi\\\/parasta_osaamista\\\/toimintamallit-ja-materiaalit\\\/3281-2\\\/#breadcrumb\",\"itemListElement\":[{\"@type\":\"ListItem\",\"position\":1,\"name\":\"Toimintamallit ja materiaalit\",\"item\":\"https:\\\/\\\/blogit.gradia.fi\\\/parasta_osaamista\\\/toimintamallit-ja-materiaalit\\\/\"},{\"@type\":\"ListItem\",\"position\":2,\"name\":\"Innokkaasti edell\u00e4k\u00e4vij\u00e4n\u00e4\"}]},{\"@type\":\"WebSite\",\"@id\":\"https:\\\/\\\/blogit.gradia.fi\\\/parasta_osaamista\\\/#website\",\"url\":\"https:\\\/\\\/blogit.gradia.fi\\\/parasta_osaamista\\\/\",\"name\":\"Parasta osaamista\",\"description\":\"Parasta osaamista -verkostohanke\",\"publisher\":{\"@id\":\"https:\\\/\\\/blogit.gradia.fi\\\/parasta_osaamista\\\/#organization\"},\"potentialAction\":[{\"@type\":\"SearchAction\",\"target\":{\"@type\":\"EntryPoint\",\"urlTemplate\":\"https:\\\/\\\/blogit.gradia.fi\\\/parasta_osaamista\\\/?s={search_term_string}\"},\"query-input\":{\"@type\":\"PropertyValueSpecification\",\"valueRequired\":true,\"valueName\":\"search_term_string\"}}],\"inLanguage\":\"fi\"},{\"@type\":\"Organization\",\"@id\":\"https:\\\/\\\/blogit.gradia.fi\\\/parasta_osaamista\\\/#organization\",\"name\":\"Parasta osaamista -verkostohanke\",\"url\":\"https:\\\/\\\/blogit.gradia.fi\\\/parasta_osaamista\\\/\",\"logo\":{\"@type\":\"ImageObject\",\"inLanguage\":\"fi\",\"@id\":\"https:\\\/\\\/blogit.gradia.fi\\\/parasta_osaamista\\\/#\\\/schema\\\/logo\\\/image\\\/\",\"url\":\"https:\\\/\\\/blogit.gradia.fi\\\/parasta_osaamista\\\/wp-content\\\/uploads\\\/sites\\\/20\\\/2018\\\/02\\\/parasta_osaamista_logo.jpg\",\"contentUrl\":\"https:\\\/\\\/blogit.gradia.fi\\\/parasta_osaamista\\\/wp-content\\\/uploads\\\/sites\\\/20\\\/2018\\\/02\\\/parasta_osaamista_logo.jpg\",\"width\":344,\"height\":334,\"caption\":\"Parasta osaamista -verkostohanke\"},\"image\":{\"@id\":\"https:\\\/\\\/blogit.gradia.fi\\\/parasta_osaamista\\\/#\\\/schema\\\/logo\\\/image\\\/\"},\"sameAs\":[\"https:\\\/\\\/www.facebook.com\\\/POsaamista\\\/\",\"https:\\\/\\\/x.com\\\/Posaaja_\",\"https:\\\/\\\/www.instagram.com\\\/parastaosaamista\\\/\",\"https:\\\/\\\/www.youtube.com\\\/channel\\\/UC7hv9jw0R6lS_Fmz5L9TUPw\"]}]}<\/script>\n<!-- \/ Yoast SEO plugin. -->","yoast_head_json":{"title":"Innokkaasti edell\u00e4k\u00e4vij\u00e4n\u00e4 - Parasta osaamista","robots":{"index":"index","follow":"follow","max-snippet":"max-snippet:-1","max-image-preview":"max-image-preview:large","max-video-preview":"max-video-preview:-1"},"canonical":"https:\/\/blogit.gradia.fi\/parasta_osaamista\/toimintamallit-ja-materiaalit\/3281-2\/","og_locale":"fi_FI","og_type":"article","og_title":"Innokkaasti edell\u00e4k\u00e4vij\u00e4n\u00e4 - Parasta osaamista","og_description":"Millaista on uudistuva opettajuus ja osaamisperusteinen ammatillinen koulutus tutkimusten valossa? Mit\u00e4 mahdollisuuksia ammatillisen koulutuksen asiantuntijat n\u00e4kev\u00e4t ammatillisen koulutuksen uudistuksessa? Parasta osaamista -verkostohankkeessa on julkaistu Innokkaasti edell\u00e4k\u00e4vij\u00e4n\u00e4 -artikkelijulkaisu, jossa on koottu yhteen vastauksia n\u00e4ihin kysymyksiin.&#46;&#46;&#46;","og_url":"https:\/\/blogit.gradia.fi\/parasta_osaamista\/toimintamallit-ja-materiaalit\/3281-2\/","og_site_name":"Parasta osaamista","article_publisher":"https:\/\/www.facebook.com\/POsaamista\/","article_modified_time":"2019-11-18T06:50:04+00:00","og_image":[{"width":278,"height":300,"url":"https:\/\/blogit.gradia.fi\/parasta_osaamista\/wp-content\/uploads\/sites\/20\/2019\/11\/kansi-278x300.jpg","type":"image\/jpeg"}],"twitter_card":"summary_large_image","twitter_site":"@Posaaja_","twitter_misc":{"Arvioitu lukuaika":"1 minuutti"},"schema":{"@context":"https:\/\/schema.org","@graph":[{"@type":"WebPage","@id":"https:\/\/blogit.gradia.fi\/parasta_osaamista\/toimintamallit-ja-materiaalit\/3281-2\/","url":"https:\/\/blogit.gradia.fi\/parasta_osaamista\/toimintamallit-ja-materiaalit\/3281-2\/","name":"Innokkaasti edell\u00e4k\u00e4vij\u00e4n\u00e4 - Parasta osaamista","isPartOf":{"@id":"https:\/\/blogit.gradia.fi\/parasta_osaamista\/#website"},"primaryImageOfPage":{"@id":"https:\/\/blogit.gradia.fi\/parasta_osaamista\/toimintamallit-ja-materiaalit\/3281-2\/#primaryimage"},"image":{"@id":"https:\/\/blogit.gradia.fi\/parasta_osaamista\/toimintamallit-ja-materiaalit\/3281-2\/#primaryimage"},"thumbnailUrl":"https:\/\/blogit.gradia.fi\/parasta_osaamista\/wp-content\/uploads\/sites\/20\/2019\/11\/kansi-278x300.jpg","datePublished":"2019-10-29T13:05:09+00:00","dateModified":"2019-11-18T06:50:04+00:00","breadcrumb":{"@id":"https:\/\/blogit.gradia.fi\/parasta_osaamista\/toimintamallit-ja-materiaalit\/3281-2\/#breadcrumb"},"inLanguage":"fi","potentialAction":[{"@type":"ReadAction","target":["https:\/\/blogit.gradia.fi\/parasta_osaamista\/toimintamallit-ja-materiaalit\/3281-2\/"]}]},{"@type":"ImageObject","inLanguage":"fi","@id":"https:\/\/blogit.gradia.fi\/parasta_osaamista\/toimintamallit-ja-materiaalit\/3281-2\/#primaryimage","url":"https:\/\/blogit.gradia.fi\/parasta_osaamista\/wp-content\/uploads\/sites\/20\/2019\/11\/kansi-278x300.jpg","contentUrl":"https:\/\/blogit.gradia.fi\/parasta_osaamista\/wp-content\/uploads\/sites\/20\/2019\/11\/kansi-278x300.jpg","width":278,"height":300},{"@type":"BreadcrumbList","@id":"https:\/\/blogit.gradia.fi\/parasta_osaamista\/toimintamallit-ja-materiaalit\/3281-2\/#breadcrumb","itemListElement":[{"@type":"ListItem","position":1,"name":"Toimintamallit ja materiaalit","item":"https:\/\/blogit.gradia.fi\/parasta_osaamista\/toimintamallit-ja-materiaalit\/"},{"@type":"ListItem","position":2,"name":"Innokkaasti edell\u00e4k\u00e4vij\u00e4n\u00e4"}]},{"@type":"WebSite","@id":"https:\/\/blogit.gradia.fi\/parasta_osaamista\/#website","url":"https:\/\/blogit.gradia.fi\/parasta_osaamista\/","name":"Parasta osaamista","description":"Parasta osaamista -verkostohanke","publisher":{"@id":"https:\/\/blogit.gradia.fi\/parasta_osaamista\/#organization"},"potentialAction":[{"@type":"SearchAction","target":{"@type":"EntryPoint","urlTemplate":"https:\/\/blogit.gradia.fi\/parasta_osaamista\/?s={search_term_string}"},"query-input":{"@type":"PropertyValueSpecification","valueRequired":true,"valueName":"search_term_string"}}],"inLanguage":"fi"},{"@type":"Organization","@id":"https:\/\/blogit.gradia.fi\/parasta_osaamista\/#organization","name":"Parasta osaamista -verkostohanke","url":"https:\/\/blogit.gradia.fi\/parasta_osaamista\/","logo":{"@type":"ImageObject","inLanguage":"fi","@id":"https:\/\/blogit.gradia.fi\/parasta_osaamista\/#\/schema\/logo\/image\/","url":"https:\/\/blogit.gradia.fi\/parasta_osaamista\/wp-content\/uploads\/sites\/20\/2018\/02\/parasta_osaamista_logo.jpg","contentUrl":"https:\/\/blogit.gradia.fi\/parasta_osaamista\/wp-content\/uploads\/sites\/20\/2018\/02\/parasta_osaamista_logo.jpg","width":344,"height":334,"caption":"Parasta osaamista -verkostohanke"},"image":{"@id":"https:\/\/blogit.gradia.fi\/parasta_osaamista\/#\/schema\/logo\/image\/"},"sameAs":["https:\/\/www.facebook.com\/POsaamista\/","https:\/\/x.com\/Posaaja_","https:\/\/www.instagram.com\/parastaosaamista\/","https:\/\/www.youtube.com\/channel\/UC7hv9jw0R6lS_Fmz5L9TUPw"]}]}},"uagb_featured_image_src":{"full":false,"thumbnail":false,"medium":false,"medium_large":false,"large":false,"1536x1536":false,"2048x2048":false,"thumb-small":false,"thumb-standard":false,"thumb-medium":false,"thumb-large":false,"thumb-xlarge":false,"thumb-xxlarge":false},"uagb_author_info":{"display_name":"Rikhard Kiuru","author_link":"https:\/\/blogit.gradia.fi\/parasta_osaamista\/author\/kiururik\/"},"uagb_comment_info":0,"uagb_excerpt":"Millaista on uudistuva opettajuus ja osaamisperusteinen ammatillinen koulutus tutkimusten valossa? Mit\u00e4 mahdollisuuksia ammatillisen koulutuksen asiantuntijat n\u00e4kev\u00e4t ammatillisen koulutuksen uudistuksessa? Parasta osaamista -verkostohankkeessa on julkaistu Innokkaasti edell\u00e4k\u00e4vij\u00e4n\u00e4 -artikkelijulkaisu, jossa on koottu yhteen vastauksia n\u00e4ihin kysymyksiin.&#46;&#46;&#46;","_links":{"self":[{"href":"https:\/\/blogit.gradia.fi\/parasta_osaamista\/wp-json\/wp\/v2\/pages\/3281","targetHints":{"allow":["GET"]}}],"collection":[{"href":"https:\/\/blogit.gradia.fi\/parasta_osaamista\/wp-json\/wp\/v2\/pages"}],"about":[{"href":"https:\/\/blogit.gradia.fi\/parasta_osaamista\/wp-json\/wp\/v2\/types\/page"}],"author":[{"embeddable":true,"href":"https:\/\/blogit.gradia.fi\/parasta_osaamista\/wp-json\/wp\/v2\/users\/652"}],"replies":[{"embeddable":true,"href":"https:\/\/blogit.gradia.fi\/parasta_osaamista\/wp-json\/wp\/v2\/comments?post=3281"}],"version-history":[{"count":7,"href":"https:\/\/blogit.gradia.fi\/parasta_osaamista\/wp-json\/wp\/v2\/pages\/3281\/revisions"}],"predecessor-version":[{"id":3359,"href":"https:\/\/blogit.gradia.fi\/parasta_osaamista\/wp-json\/wp\/v2\/pages\/3281\/revisions\/3359"}],"up":[{"embeddable":true,"href":"https:\/\/blogit.gradia.fi\/parasta_osaamista\/wp-json\/wp\/v2\/pages\/70"}],"wp:attachment":[{"href":"https:\/\/blogit.gradia.fi\/parasta_osaamista\/wp-json\/wp\/v2\/media?parent=3281"}],"curies":[{"name":"wp","href":"https:\/\/api.w.org\/{rel}","templated":true}]}}